{"id":52957,"date":"2024-05-07T11:33:55","date_gmt":"2024-05-07T08:33:55","guid":{"rendered":"https:\/\/gohike.lv\/produkts\/naturehike-yl06-aluminija-saliekamais-kresls-moon\/"},"modified":"2025-12-30T17:25:04","modified_gmt":"2025-12-30T14:25:04","slug":"naturehike-yl06-aluminija-saliekamais-kresls-moon","status":"publish","type":"product","link":"https:\/\/gohike.lv\/ru\/produkts\/naturehike-yl06-aluminija-saliekamais-kresls-moon\/","title":{"rendered":"Naturehike &#8212; YL06 alum\u012bnija saliekams kr\u0113sls Moon"},"content":{"rendered":"<p>\u0112rta muguras da\u013ca, aug\u0161da\u013c\u0101 ir spilvens, kas atbalsta galvu un kaklu.<br \/>\nDzi\u013c\u0101ka s\u0113dvieta, augst\u0101ka muguras da\u013ca un liel\u0101ks att\u0101lums no zemes padara lieto\u0161anu \u013coti \u0113rtu.<br \/>\nKr\u0113sls ir \u013coti viegls un to var uzglab\u0101t uzglab\u0101\u0161anas som\u0101 ar izm\u0113riem 50 \u00d7 13cm.<br \/>\nIztur\u012bgs un stabils \u2013 kr\u0113sls ir izgatavots no 600D Oxford ripstop auduma ar 7075 alum\u012bnija sakaus\u0113juma r\u0101mi, kas iztur svaru l\u012bdz 136kg.<br \/>\nPretsl\u012bdes k\u0101ju spilventi\u0146i padara kr\u0113slu stabil\u0101ku.<br \/>\n\u013boti vienk\u0101r\u0161a mont\u0101\u017ea \u2013 alum\u012bnija r\u0101mis ar amortizatoru \u013cauj \u0101tri un viegli uzst\u0101d\u012bt un saloc\u012bt kr\u0113slu da\u017eu sekun\u017eu laik\u0101.<\/p>\n","protected":false},"excerpt":{"rendered":"<p>Kr\u0113sli no YL s\u0113rijas NATUREHIKE ir p\u0101rg\u0101jieniem un kempingiem izstr\u0101d\u0101ta super viegla kr\u0113slu s\u0113rija, viegli, kvalit\u0101t\u012bvi un ar augstu komforta l\u012bmeni.<\/p>\n","protected":false},"featured_media":28778,"template":"","meta":[],"product_brand":[167],"product_cat":[2493],"product_tag":[],"class_list":{"0":"post-52957","1":"product","2":"type-product","3":"status-publish","4":"has-post-thumbnail","6":"product_brand-naturehike-lv","7":"product_cat-kempinga-mebeles","8":"pa_produkta-tips-kresli","9":"pa_spalva-armijas-zals","10":"pa_spalva-haki","11":"pa_spalva-melns","12":"pa_spalva-peleks","14":"first","15":"instock","16":"taxable","17":"shipping-taxable","18":"purchasable","19":"product-type-variable","20":"has-default-attributes"},"raw_content":{"name":"Naturehike - YL06 alum\u012bnija saliekams kr\u0113sls Moon","description":"\u0112rta muguras da\u013ca, aug\u0161da\u013c\u0101 ir spilvens, kas atbalsta galvu un kaklu.\nDzi\u013c\u0101ka s\u0113dvieta, augst\u0101ka muguras da\u013ca un liel\u0101ks att\u0101lums no zemes padara lieto\u0161anu \u013coti \u0113rtu.\nKr\u0113sls ir \u013coti viegls un to var uzglab\u0101t uzglab\u0101\u0161anas som\u0101 ar izm\u0113riem 50 \u00d7 13cm.\nIztur\u012bgs un stabils \u2013 kr\u0113sls ir izgatavots no 600D Oxford ripstop auduma ar 7075 alum\u012bnija sakaus\u0113juma r\u0101mi, kas iztur svaru l\u012bdz 136kg.\nPretsl\u012bdes k\u0101ju spilventi\u0146i padara kr\u0113slu stabil\u0101ku.\n\u013boti vienk\u0101r\u0161a mont\u0101\u017ea \u2013 alum\u012bnija r\u0101mis ar amortizatoru \u013cauj \u0101tri un viegli uzst\u0101d\u012bt un saloc\u012bt kr\u0113slu da\u017eu sekun\u017eu laik\u0101.","short_description":"Kr\u0113sli no YL s\u0113rijas NATUREHIKE ir p\u0101rg\u0101jieniem un kempingiem izstr\u0101d\u0101ta super viegla kr\u0113slu s\u0113rija, viegli, kvalit\u0101t\u012bvi un ar augstu komforta l\u012bmeni.","status":"publish","sku":"nat000190","original":52957},"wpml":{"translation_type":1,"has_translations":true,"original":52957,"duplicates":[],"translations":{"lv":52957,"en":68472,"ru":null}},"supplier_id":null,"supplier_sku":"","barcode":null,"atum_controlled":true,"out_stock_date":null,"out_stock_threshold":null,"inheritable":true,"inbound_stock":0,"stock_on_hold":0,"sold_today":0,"sales_last_days":0,"reserved_stock":0,"customer_returns":0,"warehouse_damage":0,"lost_in_post":0,"other_logs":0,"out_stock_days":0,"lost_sales":0,"has_location":false,"update_date":"2025-12-30T14:30:39","atum_locations":[],"atum_stock_status":"instock","restock_status":false,"low_stock_amount":"","sales_update_date":"2025-11-13T14:07:28","calc_backorders":null,"yoast_head":"<!-- This site is optimized with the Yoast SEO plugin v27.3 - https:\/\/yoast.com\/product\/yoast-seo-wordpress\/ -->\n<title>Naturehike - YL06 alum\u012bnija saliekams kr\u0113sls Moon<\/title>\n<meta name=\"description\" content=\"Kr\u0113sli no YL s\u0113rijas NATUREHIKE ir p\u0101rg\u0101jieniem un kempingiem izstr\u0101d\u0101ta super viegla kr\u0113slu s\u0113rija, viegli, kvalit\u0101t\u012bvi un ar augstu komforta l\u012bmeni.\" \/>\n<meta name=\"robots\" content=\"index, follow, max-snippet:-1, max-image-preview:large, max-video-preview:-1\" \/>\n<link rel=\"canonical\" href=\"https:\/\/gohike.lv\/ru\/produkts\/naturehike-yl06-aluminija-saliekamais-kresls-moon\/\" \/>\n<meta property=\"og:locale\" content=\"ru_RU\" \/>\n<meta property=\"og:type\" content=\"article\" \/>\n<meta property=\"og:title\" content=\"Naturehike - YL06 alum\u012bnija saliekamais kr\u0113sls Moon\" \/>\n<meta property=\"og:description\" content=\"Kr\u0113sli no YL s\u0113rijas NATUREHIKE ir p\u0101rg\u0101jieniem un kempingiem izstr\u0101d\u0101ta super viegla kr\u0113slu s\u0113rija, viegli, kvalit\u0101t\u012bvi un ar augstu komforta l\u012bmeni.\" \/>\n<meta property=\"og:url\" content=\"https:\/\/gohike.lv\/ru\/produkts\/naturehike-yl06-aluminija-saliekamais-kresls-moon\/\" \/>\n<meta property=\"og:site_name\" content=\"GoHike\" \/>\n<meta property=\"article:publisher\" content=\"https:\/\/www.facebook.com\/gohike.shop\/\" \/>\n<meta property=\"article:modified_time\" content=\"2025-12-30T14:25:04+00:00\" \/>\n<meta property=\"og:image\" content=\"https:\/\/gohike.lv\/wp-content\/uploads\/2024\/04\/YL06chair_black.webp\" \/>\n\t<meta property=\"og:image:width\" content=\"540\" \/>\n\t<meta property=\"og:image:height\" content=\"540\" \/>\n\t<meta property=\"og:image:type\" content=\"image\/webp\" \/>\n<meta name=\"twitter:card\" content=\"summary_large_image\" \/>\n<meta name=\"twitter:title\" content=\"Naturehike - YL06 alum\u012bnija saliekamais kr\u0113sls Moon\" \/>\n<meta name=\"twitter:label1\" content=\"\u041f\u0440\u0438\u043c\u0435\u0440\u043d\u043e\u0435 \u0432\u0440\u0435\u043c\u044f \u0434\u043b\u044f \u0447\u0442\u0435\u043d\u0438\u044f\" \/>\n\t<meta name=\"twitter:data1\" content=\"1 \u043c\u0438\u043d\u0443\u0442\u0430\" \/>\n<script type=\"application\/ld+json\" class=\"yoast-schema-graph\">{\"@context\":\"https:\\\/\\\/schema.org\",\"@graph\":[{\"@type\":[\"WebPage\",\"ItemPage\"],\"@id\":\"https:\\\/\\\/gohike.lv\\\/ru\\\/produkts\\\/naturehike-yl06-aluminija-saliekamais-kresls-moon\\\/\",\"url\":\"https:\\\/\\\/gohike.lv\\\/ru\\\/produkts\\\/naturehike-yl06-aluminija-saliekamais-kresls-moon\\\/\",\"name\":\"Naturehike - YL06 alum\u012bnija saliekams kr\u0113sls Moon\",\"isPartOf\":{\"@id\":\"https:\\\/\\\/gohike.lv\\\/ru\\\/#website\"},\"primaryImageOfPage\":{\"@id\":\"https:\\\/\\\/gohike.lv\\\/ru\\\/produkts\\\/naturehike-yl06-aluminija-saliekamais-kresls-moon\\\/#primaryimage\"},\"image\":{\"@id\":\"https:\\\/\\\/gohike.lv\\\/ru\\\/produkts\\\/naturehike-yl06-aluminija-saliekamais-kresls-moon\\\/#primaryimage\"},\"thumbnailUrl\":\"https:\\\/\\\/gohike.lv\\\/wp-content\\\/uploads\\\/2024\\\/04\\\/YL06chair_black.webp\",\"datePublished\":\"2024-05-07T08:33:55+00:00\",\"dateModified\":\"2025-12-30T14:25:04+00:00\",\"description\":\"Kr\u0113sli no YL s\u0113rijas NATUREHIKE ir p\u0101rg\u0101jieniem un kempingiem izstr\u0101d\u0101ta super viegla kr\u0113slu s\u0113rija, viegli, kvalit\u0101t\u012bvi un ar augstu komforta l\u012bmeni.\",\"breadcrumb\":{\"@id\":\"https:\\\/\\\/gohike.lv\\\/ru\\\/produkts\\\/naturehike-yl06-aluminija-saliekamais-kresls-moon\\\/#breadcrumb\"},\"inLanguage\":\"ru-RU\",\"potentialAction\":[{\"@type\":\"ReadAction\",\"target\":[\"https:\\\/\\\/gohike.lv\\\/ru\\\/produkts\\\/naturehike-yl06-aluminija-saliekamais-kresls-moon\\\/\"]}]},{\"@type\":\"ImageObject\",\"inLanguage\":\"ru-RU\",\"@id\":\"https:\\\/\\\/gohike.lv\\\/ru\\\/produkts\\\/naturehike-yl06-aluminija-saliekamais-kresls-moon\\\/#primaryimage\",\"url\":\"https:\\\/\\\/gohike.lv\\\/wp-content\\\/uploads\\\/2024\\\/04\\\/YL06chair_black.webp\",\"contentUrl\":\"https:\\\/\\\/gohike.lv\\\/wp-content\\\/uploads\\\/2024\\\/04\\\/YL06chair_black.webp\",\"width\":540,\"height\":540},{\"@type\":\"BreadcrumbList\",\"@id\":\"https:\\\/\\\/gohike.lv\\\/ru\\\/produkts\\\/naturehike-yl06-aluminija-saliekamais-kresls-moon\\\/#breadcrumb\",\"itemListElement\":[{\"@type\":\"ListItem\",\"position\":1,\"name\":\"\u0413\u043b\u0430\u0432\u043d\u0430\u044f\",\"item\":\"https:\\\/\\\/gohike.lv\\\/ru\\\/\"},{\"@type\":\"ListItem\",\"position\":2,\"name\":\"\u041a\u0430\u0442\u0435\u0433\u043e\u0440\u0438\u0438 \u0442\u043e\u0432\u0430\u0440\u043e\u0432\",\"item\":\"https:\\\/\\\/gohike.lv\\\/%d0%ba%d0%b0%d1%82%d0%b5%d0%b3%d0%be%d1%80%d0%b8%d0%b8-%d1%82%d0%be%d0%b2%d0%b0%d1%80%d0%be%d0%b2\\\/\"},{\"@type\":\"ListItem\",\"position\":3,\"name\":\"Naturehike &#8211; YL06 alum\u012bnija saliekams kr\u0113sls Moon\"}]},{\"@type\":\"WebSite\",\"@id\":\"https:\\\/\\\/gohike.lv\\\/ru\\\/#website\",\"url\":\"https:\\\/\\\/gohike.lv\\\/ru\\\/\",\"name\":\"GoHike\",\"description\":\"\",\"publisher\":{\"@id\":\"https:\\\/\\\/gohike.lv\\\/ru\\\/#organization\"},\"potentialAction\":[{\"@type\":\"SearchAction\",\"target\":{\"@type\":\"EntryPoint\",\"urlTemplate\":\"https:\\\/\\\/gohike.lv\\\/ru\\\/?s={search_term_string}\"},\"query-input\":{\"@type\":\"PropertyValueSpecification\",\"valueRequired\":true,\"valueName\":\"search_term_string\"}}],\"inLanguage\":\"ru-RU\"},{\"@type\":\"Organization\",\"@id\":\"https:\\\/\\\/gohike.lv\\\/ru\\\/#organization\",\"name\":\"GoHike\",\"url\":\"https:\\\/\\\/gohike.lv\\\/ru\\\/\",\"logo\":{\"@type\":\"ImageObject\",\"inLanguage\":\"ru-RU\",\"@id\":\"https:\\\/\\\/gohike.lv\\\/ru\\\/#\\\/schema\\\/logo\\\/image\\\/\",\"url\":\"https:\\\/\\\/gohike.lv\\\/wp-content\\\/uploads\\\/2023\\\/08\\\/Logo_GoHike.webp\",\"contentUrl\":\"https:\\\/\\\/gohike.lv\\\/wp-content\\\/uploads\\\/2023\\\/08\\\/Logo_GoHike.webp\",\"width\":512,\"height\":512,\"caption\":\"GoHike\"},\"image\":{\"@id\":\"https:\\\/\\\/gohike.lv\\\/ru\\\/#\\\/schema\\\/logo\\\/image\\\/\"},\"sameAs\":[\"https:\\\/\\\/www.facebook.com\\\/gohike.shop\\\/\",\"https:\\\/\\\/www.instagram.com\\\/gohike.shop\\\/\"]}]}<\/script>\n<!-- \/ Yoast SEO plugin. -->","yoast_head_json":{"title":"Naturehike - YL06 alum\u012bnija saliekams kr\u0113sls Moon","description":"Kr\u0113sli no YL s\u0113rijas NATUREHIKE ir p\u0101rg\u0101jieniem un kempingiem izstr\u0101d\u0101ta super viegla kr\u0113slu s\u0113rija, viegli, kvalit\u0101t\u012bvi un ar augstu komforta l\u012bmeni.","robots":{"index":"index","follow":"follow","max-snippet":"max-snippet:-1","max-image-preview":"max-image-preview:large","max-video-preview":"max-video-preview:-1"},"canonical":"https:\/\/gohike.lv\/ru\/produkts\/naturehike-yl06-aluminija-saliekamais-kresls-moon\/","og_locale":"ru_RU","og_type":"article","og_title":"Naturehike - YL06 alum\u012bnija saliekamais kr\u0113sls Moon","og_description":"Kr\u0113sli no YL s\u0113rijas NATUREHIKE ir p\u0101rg\u0101jieniem un kempingiem izstr\u0101d\u0101ta super viegla kr\u0113slu s\u0113rija, viegli, kvalit\u0101t\u012bvi un ar augstu komforta l\u012bmeni.","og_url":"https:\/\/gohike.lv\/ru\/produkts\/naturehike-yl06-aluminija-saliekamais-kresls-moon\/","og_site_name":"GoHike","article_publisher":"https:\/\/www.facebook.com\/gohike.shop\/","article_modified_time":"2025-12-30T14:25:04+00:00","og_image":[{"width":540,"height":540,"url":"https:\/\/gohike.lv\/wp-content\/uploads\/2024\/04\/YL06chair_black.webp","type":"image\/webp"}],"twitter_card":"summary_large_image","twitter_title":"Naturehike - YL06 alum\u012bnija saliekamais kr\u0113sls Moon","twitter_misc":{"\u041f\u0440\u0438\u043c\u0435\u0440\u043d\u043e\u0435 \u0432\u0440\u0435\u043c\u044f \u0434\u043b\u044f \u0447\u0442\u0435\u043d\u0438\u044f":"1 \u043c\u0438\u043d\u0443\u0442\u0430"},"schema":{"@context":"https:\/\/schema.org","@graph":[{"@type":["WebPage","ItemPage"],"@id":"https:\/\/gohike.lv\/ru\/produkts\/naturehike-yl06-aluminija-saliekamais-kresls-moon\/","url":"https:\/\/gohike.lv\/ru\/produkts\/naturehike-yl06-aluminija-saliekamais-kresls-moon\/","name":"Naturehike - YL06 alum\u012bnija saliekams kr\u0113sls Moon","isPartOf":{"@id":"https:\/\/gohike.lv\/ru\/#website"},"primaryImageOfPage":{"@id":"https:\/\/gohike.lv\/ru\/produkts\/naturehike-yl06-aluminija-saliekamais-kresls-moon\/#primaryimage"},"image":{"@id":"https:\/\/gohike.lv\/ru\/produkts\/naturehike-yl06-aluminija-saliekamais-kresls-moon\/#primaryimage"},"thumbnailUrl":"https:\/\/gohike.lv\/wp-content\/uploads\/2024\/04\/YL06chair_black.webp","datePublished":"2024-05-07T08:33:55+00:00","dateModified":"2025-12-30T14:25:04+00:00","description":"Kr\u0113sli no YL s\u0113rijas NATUREHIKE ir p\u0101rg\u0101jieniem un kempingiem izstr\u0101d\u0101ta super viegla kr\u0113slu s\u0113rija, viegli, kvalit\u0101t\u012bvi un ar augstu komforta l\u012bmeni.","breadcrumb":{"@id":"https:\/\/gohike.lv\/ru\/produkts\/naturehike-yl06-aluminija-saliekamais-kresls-moon\/#breadcrumb"},"inLanguage":"ru-RU","potentialAction":[{"@type":"ReadAction","target":["https:\/\/gohike.lv\/ru\/produkts\/naturehike-yl06-aluminija-saliekamais-kresls-moon\/"]}]},{"@type":"ImageObject","inLanguage":"ru-RU","@id":"https:\/\/gohike.lv\/ru\/produkts\/naturehike-yl06-aluminija-saliekamais-kresls-moon\/#primaryimage","url":"https:\/\/gohike.lv\/wp-content\/uploads\/2024\/04\/YL06chair_black.webp","contentUrl":"https:\/\/gohike.lv\/wp-content\/uploads\/2024\/04\/YL06chair_black.webp","width":540,"height":540},{"@type":"BreadcrumbList","@id":"https:\/\/gohike.lv\/ru\/produkts\/naturehike-yl06-aluminija-saliekamais-kresls-moon\/#breadcrumb","itemListElement":[{"@type":"ListItem","position":1,"name":"\u0413\u043b\u0430\u0432\u043d\u0430\u044f","item":"https:\/\/gohike.lv\/ru\/"},{"@type":"ListItem","position":2,"name":"\u041a\u0430\u0442\u0435\u0433\u043e\u0440\u0438\u0438 \u0442\u043e\u0432\u0430\u0440\u043e\u0432","item":"https:\/\/gohike.lv\/%d0%ba%d0%b0%d1%82%d0%b5%d0%b3%d0%be%d1%80%d0%b8%d0%b8-%d1%82%d0%be%d0%b2%d0%b0%d1%80%d0%be%d0%b2\/"},{"@type":"ListItem","position":3,"name":"Naturehike &#8211; YL06 alum\u012bnija saliekams kr\u0113sls Moon"}]},{"@type":"WebSite","@id":"https:\/\/gohike.lv\/ru\/#website","url":"https:\/\/gohike.lv\/ru\/","name":"GoHike","description":"","publisher":{"@id":"https:\/\/gohike.lv\/ru\/#organization"},"potentialAction":[{"@type":"SearchAction","target":{"@type":"EntryPoint","urlTemplate":"https:\/\/gohike.lv\/ru\/?s={search_term_string}"},"query-input":{"@type":"PropertyValueSpecification","valueRequired":true,"valueName":"search_term_string"}}],"inLanguage":"ru-RU"},{"@type":"Organization","@id":"https:\/\/gohike.lv\/ru\/#organization","name":"GoHike","url":"https:\/\/gohike.lv\/ru\/","logo":{"@type":"ImageObject","inLanguage":"ru-RU","@id":"https:\/\/gohike.lv\/ru\/#\/schema\/logo\/image\/","url":"https:\/\/gohike.lv\/wp-content\/uploads\/2023\/08\/Logo_GoHike.webp","contentUrl":"https:\/\/gohike.lv\/wp-content\/uploads\/2023\/08\/Logo_GoHike.webp","width":512,"height":512,"caption":"GoHike"},"image":{"@id":"https:\/\/gohike.lv\/ru\/#\/schema\/logo\/image\/"},"sameAs":["https:\/\/www.facebook.com\/gohike.shop\/","https:\/\/www.instagram.com\/gohike.shop\/"]}]}},"jetpack_sharing_enabled":true,"_links":{"self":[{"href":"https:\/\/gohike.lv\/ru\/wp-json\/wp\/v2\/product\/52957","targetHints":{"allow":["GET"]}}],"collection":[{"href":"https:\/\/gohike.lv\/ru\/wp-json\/wp\/v2\/product"}],"about":[{"href":"https:\/\/gohike.lv\/ru\/wp-json\/wp\/v2\/types\/product"}],"version-history":[{"count":0,"href":"https:\/\/gohike.lv\/ru\/wp-json\/wp\/v2\/product\/52957\/revisions"}],"wp:featuredmedia":[{"embeddable":true,"href":"https:\/\/gohike.lv\/ru\/wp-json\/wp\/v2\/media\/28778"}],"wp:attachment":[{"href":"https:\/\/gohike.lv\/ru\/wp-json\/wp\/v2\/media?parent=52957"}],"wp:term":[{"taxonomy":"product_brand","embeddable":true,"href":"https:\/\/gohike.lv\/ru\/wp-json\/wp\/v2\/product_brand?post=52957"},{"taxonomy":"product_cat","embeddable":true,"href":"https:\/\/gohike.lv\/ru\/wp-json\/wp\/v2\/product_cat?post=52957"},{"taxonomy":"product_tag","embeddable":true,"href":"https:\/\/gohike.lv\/ru\/wp-json\/wp\/v2\/product_tag?post=52957"}],"curies":[{"name":"wp","href":"https:\/\/api.w.org\/{rel}","templated":true}]}}