{"id":52948,"date":"2024-05-07T11:32:59","date_gmt":"2024-05-07T08:32:59","guid":{"rendered":"https:\/\/gohike.lv\/produkts\/naturehike-kresls-reklaineris-ar-galdu\/"},"modified":"2026-01-02T19:55:16","modified_gmt":"2026-01-02T16:55:16","slug":"naturehike-kresls-reklaineris-ar-galdu","status":"publish","type":"product","link":"https:\/\/gohike.lv\/ru\/produkts\/naturehike-kresls-reklaineris-ar-galdu\/","title":{"rendered":"Naturehike &#8212; Kr\u0113sls-reklaineris ar galdu"},"content":{"rendered":"<p>T\u0101 alum\u012bnija r\u0101mis ne tikai apvieno iztur\u012bbu un vieglumu, bet ar\u012b iespaido ar savu univers\u0101lit\u0101ti, pied\u0101v\u0101jot iesp\u0113ju izmantot to k\u0101 parasto kr\u0113slu vai gu\u013camkr\u0113slu.<br \/>\n\u0112rtas s\u0101nu kabatas un kabatas uz rokturiem.<br \/>\nGalvas da\u013ca, kalpojot k\u0101 spilvens, nodro\u0161ina komfortu.<br \/>\nAuduma pamatne, kas izgatavota no augstas kvalit\u0101tes Oxford 600D materi\u0101la, ir iztur\u012bga pret pl\u012b\u0161anu un sp\u0113j iztur\u0113t l\u012bdz 120kg slodzi, nodro\u0161inot izcilu ilgm\u016b\u017e\u012bbu jebk\u0101dos apst\u0101k\u013cos.<br \/>\nAr izm\u0113riem 122 x 60 x 88 cm izv\u0113rst\u0101 veid\u0101 un tikai 26 x 18 x 88 cm salikt\u0101 veid\u0101, kr\u0113slu ir viegli p\u0101rveidot kompaktos izm\u0113ros uzglab\u0101\u0161anai un transport\u0113\u0161anai speci\u0101l\u0101 som\u0101.<br \/>\nPateicoties svaram tikai 5,6kg un pretizsl\u012bd\u0113\u0161anas spilventi\u0146iem uz k\u0101j\u0101m, J\u016bs ne tikai saglab\u0101siet komfortu, bet ar\u012b stabilit\u0101ti uz jebkuras virsmas.<br \/>\nSpecifik\u0101cija:<br \/>\nMultifunkcion\u0101ls modelis: kr\u0113sls un gu\u013camkr\u0113sls vien\u0101.<br \/>\nKabatas pudelei vai gl\u0101zei s\u0101nos un roktur\u012b.<br \/>\nIztur l\u012bdz 120 kg slodzi.<br \/>\nM\u012bksta k\u0101 spilvens galvas da\u013ca.<br \/>\nAuduma pamatne \u2013 Oxford 600D, iztur\u012bga pret pl\u012b\u0161anu un slodzi.<br \/>\nMet\u0101liskais alum\u012bnija r\u0101mis.<br \/>\nPretsl\u012bd\u0113\u0161anas spilventi\u0146i uz k\u0101j\u0101m.<\/p>\n","protected":false},"excerpt":{"rendered":"<p>Kr\u0113sls Naturehike ir eleganta komforta un stila izpausme akt\u012bv\u0101s atp\u016btas pasaul\u0113.<\/p>\n","protected":false},"featured_media":28710,"template":"","meta":[],"product_brand":[13432],"product_cat":[2493],"product_tag":[],"class_list":{"0":"post-52948","1":"product","2":"type-product","3":"status-publish","4":"has-post-thumbnail","6":"product_brand-naturehike-ru","7":"product_cat-kempinga-mebeles","8":"pa_produkta-tips-kresli","9":"pa_spalva-haki","10":"pa_spalva-13311","12":"first","13":"instock","14":"taxable","15":"shipping-taxable","16":"purchasable","17":"product-type-variable","18":"has-default-attributes"},"raw_content":{"name":"Naturehike - Kr\u0113sls-reklaineris ar galdu","description":"T\u0101 alum\u012bnija r\u0101mis ne tikai apvieno iztur\u012bbu un vieglumu, bet ar\u012b iespaido ar savu univers\u0101lit\u0101ti, pied\u0101v\u0101jot iesp\u0113ju izmantot to k\u0101 parasto kr\u0113slu vai gu\u013camkr\u0113slu.\n\u0112rtas s\u0101nu kabatas un kabatas uz rokturiem.\nGalvas da\u013ca, kalpojot k\u0101 spilvens, nodro\u0161ina komfortu.\nAuduma pamatne, kas izgatavota no augstas kvalit\u0101tes Oxford 600D materi\u0101la, ir iztur\u012bga pret pl\u012b\u0161anu un sp\u0113j iztur\u0113t l\u012bdz 120kg slodzi, nodro\u0161inot izcilu ilgm\u016b\u017e\u012bbu jebk\u0101dos apst\u0101k\u013cos.\nAr izm\u0113riem 122 x 60 x 88 cm izv\u0113rst\u0101 veid\u0101 un tikai 26 x 18 x 88 cm salikt\u0101 veid\u0101, kr\u0113slu ir viegli p\u0101rveidot kompaktos izm\u0113ros uzglab\u0101\u0161anai un transport\u0113\u0161anai speci\u0101l\u0101 som\u0101.\nPateicoties svaram tikai 5,6kg un pretizsl\u012bd\u0113\u0161anas spilventi\u0146iem uz k\u0101j\u0101m, J\u016bs ne tikai saglab\u0101siet komfortu, bet ar\u012b stabilit\u0101ti uz jebkuras virsmas.\nSpecifik\u0101cija:\nMultifunkcion\u0101ls modelis: kr\u0113sls un gu\u013camkr\u0113sls vien\u0101.\nKabatas pudelei vai gl\u0101zei s\u0101nos un roktur\u012b.\nIztur l\u012bdz 120 kg slodzi.\nM\u012bksta k\u0101 spilvens galvas da\u013ca.\nAuduma pamatne \u2013 Oxford 600D, iztur\u012bga pret pl\u012b\u0161anu un slodzi.\nMet\u0101liskais alum\u012bnija r\u0101mis.\nPretsl\u012bd\u0113\u0161anas spilventi\u0146i uz k\u0101j\u0101m.","short_description":"Kr\u0113sls Naturehike ir eleganta komforta un stila izpausme akt\u012bv\u0101s atp\u016btas pasaul\u0113.","status":"publish","sku":"nat000188","original":52948},"wpml":{"translation_type":1,"has_translations":true,"original":52948,"duplicates":[],"translations":{"lv":52948,"en":68458,"ru":null}},"supplier_id":null,"supplier_sku":"","barcode":null,"atum_controlled":true,"out_stock_date":null,"out_stock_threshold":null,"inheritable":false,"inbound_stock":0,"stock_on_hold":0,"sold_today":0,"sales_last_days":0,"reserved_stock":0,"customer_returns":0,"warehouse_damage":0,"lost_in_post":0,"other_logs":0,"out_stock_days":0,"lost_sales":0,"has_location":null,"update_date":"2025-12-30T14:30:39","atum_locations":[],"atum_stock_status":"instock","restock_status":false,"low_stock_amount":"","sales_update_date":"2025-11-13T14:07:28","calc_backorders":null,"yoast_head":"<!-- This site is optimized with the Yoast SEO plugin v27.3 - https:\/\/yoast.com\/product\/yoast-seo-wordpress\/ -->\n<title>Naturehike - Kr\u0113sls-reklaineris ar galdu<\/title>\n<meta name=\"description\" content=\"Kr\u0113sls Naturehike ir eleganta komforta un stila izpausme akt\u012bv\u0101s atp\u016btas pasaul\u0113. Ar \u0113rt\u0101m s\u0101nu kabat\u0101m un kabat\u0101m uz rokturiem.\" \/>\n<meta name=\"robots\" content=\"index, follow, max-snippet:-1, max-image-preview:large, max-video-preview:-1\" \/>\n<link rel=\"canonical\" href=\"https:\/\/gohike.lv\/ru\/produkts\/naturehike-kresls-reklaineris-ar-galdu\/\" \/>\n<meta property=\"og:locale\" content=\"ru_RU\" \/>\n<meta property=\"og:type\" content=\"article\" \/>\n<meta property=\"og:title\" content=\"Naturehike - Kr\u0113sls-reklaineris ar galdu\" \/>\n<meta property=\"og:description\" content=\"Kr\u0113sls Naturehike ir eleganta komforta un stila izpausme akt\u012bv\u0101s atp\u016btas pasaul\u0113. Ar \u0113rt\u0101m s\u0101nu kabat\u0101m un kabat\u0101m uz rokturiem.\" \/>\n<meta property=\"og:url\" content=\"https:\/\/gohike.lv\/ru\/produkts\/naturehike-kresls-reklaineris-ar-galdu\/\" \/>\n<meta property=\"og:site_name\" content=\"GoHike\" \/>\n<meta property=\"article:publisher\" content=\"https:\/\/www.facebook.com\/gohike.shop\/\" \/>\n<meta property=\"article:modified_time\" content=\"2026-01-02T16:55:16+00:00\" \/>\n<meta property=\"og:image\" content=\"https:\/\/gohike.lv\/wp-content\/uploads\/2024\/04\/ReclinerChairWithTable_khaki.webp\" \/>\n\t<meta property=\"og:image:width\" content=\"615\" \/>\n\t<meta property=\"og:image:height\" content=\"523\" \/>\n\t<meta property=\"og:image:type\" content=\"image\/webp\" \/>\n<meta name=\"twitter:card\" content=\"summary_large_image\" \/>\n<meta name=\"twitter:title\" content=\"Naturehike - Kr\u0113sls-reklaineris ar galdu\" \/>\n<meta name=\"twitter:label1\" content=\"\u041f\u0440\u0438\u043c\u0435\u0440\u043d\u043e\u0435 \u0432\u0440\u0435\u043c\u044f \u0434\u043b\u044f \u0447\u0442\u0435\u043d\u0438\u044f\" \/>\n\t<meta name=\"twitter:data1\" content=\"2 \u043c\u0438\u043d\u0443\u0442\u0430\" \/>\n<script type=\"application\/ld+json\" class=\"yoast-schema-graph\">{\"@context\":\"https:\\\/\\\/schema.org\",\"@graph\":[{\"@type\":[\"WebPage\",\"ItemPage\"],\"@id\":\"https:\\\/\\\/gohike.lv\\\/ru\\\/produkts\\\/naturehike-kresls-reklaineris-ar-galdu\\\/\",\"url\":\"https:\\\/\\\/gohike.lv\\\/ru\\\/produkts\\\/naturehike-kresls-reklaineris-ar-galdu\\\/\",\"name\":\"Naturehike - Kr\u0113sls-reklaineris ar galdu\",\"isPartOf\":{\"@id\":\"https:\\\/\\\/gohike.lv\\\/ru\\\/#website\"},\"primaryImageOfPage\":{\"@id\":\"https:\\\/\\\/gohike.lv\\\/ru\\\/produkts\\\/naturehike-kresls-reklaineris-ar-galdu\\\/#primaryimage\"},\"image\":{\"@id\":\"https:\\\/\\\/gohike.lv\\\/ru\\\/produkts\\\/naturehike-kresls-reklaineris-ar-galdu\\\/#primaryimage\"},\"thumbnailUrl\":\"https:\\\/\\\/gohike.lv\\\/wp-content\\\/uploads\\\/2024\\\/04\\\/ReclinerChairWithTable_khaki.webp\",\"datePublished\":\"2024-05-07T08:32:59+00:00\",\"dateModified\":\"2026-01-02T16:55:16+00:00\",\"description\":\"Kr\u0113sls Naturehike ir eleganta komforta un stila izpausme akt\u012bv\u0101s atp\u016btas pasaul\u0113. Ar \u0113rt\u0101m s\u0101nu kabat\u0101m un kabat\u0101m uz rokturiem.\",\"breadcrumb\":{\"@id\":\"https:\\\/\\\/gohike.lv\\\/ru\\\/produkts\\\/naturehike-kresls-reklaineris-ar-galdu\\\/#breadcrumb\"},\"inLanguage\":\"ru-RU\",\"potentialAction\":[{\"@type\":\"ReadAction\",\"target\":[\"https:\\\/\\\/gohike.lv\\\/ru\\\/produkts\\\/naturehike-kresls-reklaineris-ar-galdu\\\/\"]}]},{\"@type\":\"ImageObject\",\"inLanguage\":\"ru-RU\",\"@id\":\"https:\\\/\\\/gohike.lv\\\/ru\\\/produkts\\\/naturehike-kresls-reklaineris-ar-galdu\\\/#primaryimage\",\"url\":\"https:\\\/\\\/gohike.lv\\\/wp-content\\\/uploads\\\/2024\\\/04\\\/ReclinerChairWithTable_khaki.webp\",\"contentUrl\":\"https:\\\/\\\/gohike.lv\\\/wp-content\\\/uploads\\\/2024\\\/04\\\/ReclinerChairWithTable_khaki.webp\",\"width\":615,\"height\":523},{\"@type\":\"BreadcrumbList\",\"@id\":\"https:\\\/\\\/gohike.lv\\\/ru\\\/produkts\\\/naturehike-kresls-reklaineris-ar-galdu\\\/#breadcrumb\",\"itemListElement\":[{\"@type\":\"ListItem\",\"position\":1,\"name\":\"\u0413\u043b\u0430\u0432\u043d\u0430\u044f\",\"item\":\"https:\\\/\\\/gohike.lv\\\/ru\\\/\"},{\"@type\":\"ListItem\",\"position\":2,\"name\":\"\u041a\u0430\u0442\u0435\u0433\u043e\u0440\u0438\u0438 \u0442\u043e\u0432\u0430\u0440\u043e\u0432\",\"item\":\"https:\\\/\\\/gohike.lv\\\/%d0%ba%d0%b0%d1%82%d0%b5%d0%b3%d0%be%d1%80%d0%b8%d0%b8-%d1%82%d0%be%d0%b2%d0%b0%d1%80%d0%be%d0%b2\\\/\"},{\"@type\":\"ListItem\",\"position\":3,\"name\":\"Naturehike &#8211; Kr\u0113sls-reklaineris ar galdu\"}]},{\"@type\":\"WebSite\",\"@id\":\"https:\\\/\\\/gohike.lv\\\/ru\\\/#website\",\"url\":\"https:\\\/\\\/gohike.lv\\\/ru\\\/\",\"name\":\"GoHike\",\"description\":\"\",\"publisher\":{\"@id\":\"https:\\\/\\\/gohike.lv\\\/ru\\\/#organization\"},\"potentialAction\":[{\"@type\":\"SearchAction\",\"target\":{\"@type\":\"EntryPoint\",\"urlTemplate\":\"https:\\\/\\\/gohike.lv\\\/ru\\\/?s={search_term_string}\"},\"query-input\":{\"@type\":\"PropertyValueSpecification\",\"valueRequired\":true,\"valueName\":\"search_term_string\"}}],\"inLanguage\":\"ru-RU\"},{\"@type\":\"Organization\",\"@id\":\"https:\\\/\\\/gohike.lv\\\/ru\\\/#organization\",\"name\":\"GoHike\",\"url\":\"https:\\\/\\\/gohike.lv\\\/ru\\\/\",\"logo\":{\"@type\":\"ImageObject\",\"inLanguage\":\"ru-RU\",\"@id\":\"https:\\\/\\\/gohike.lv\\\/ru\\\/#\\\/schema\\\/logo\\\/image\\\/\",\"url\":\"https:\\\/\\\/gohike.lv\\\/wp-content\\\/uploads\\\/2023\\\/08\\\/Logo_GoHike.webp\",\"contentUrl\":\"https:\\\/\\\/gohike.lv\\\/wp-content\\\/uploads\\\/2023\\\/08\\\/Logo_GoHike.webp\",\"width\":512,\"height\":512,\"caption\":\"GoHike\"},\"image\":{\"@id\":\"https:\\\/\\\/gohike.lv\\\/ru\\\/#\\\/schema\\\/logo\\\/image\\\/\"},\"sameAs\":[\"https:\\\/\\\/www.facebook.com\\\/gohike.shop\\\/\",\"https:\\\/\\\/www.instagram.com\\\/gohike.shop\\\/\"]}]}<\/script>\n<!-- \/ Yoast SEO plugin. -->","yoast_head_json":{"title":"Naturehike - Kr\u0113sls-reklaineris ar galdu","description":"Kr\u0113sls Naturehike ir eleganta komforta un stila izpausme akt\u012bv\u0101s atp\u016btas pasaul\u0113. Ar \u0113rt\u0101m s\u0101nu kabat\u0101m un kabat\u0101m uz rokturiem.","robots":{"index":"index","follow":"follow","max-snippet":"max-snippet:-1","max-image-preview":"max-image-preview:large","max-video-preview":"max-video-preview:-1"},"canonical":"https:\/\/gohike.lv\/ru\/produkts\/naturehike-kresls-reklaineris-ar-galdu\/","og_locale":"ru_RU","og_type":"article","og_title":"Naturehike - Kr\u0113sls-reklaineris ar galdu","og_description":"Kr\u0113sls Naturehike ir eleganta komforta un stila izpausme akt\u012bv\u0101s atp\u016btas pasaul\u0113. Ar \u0113rt\u0101m s\u0101nu kabat\u0101m un kabat\u0101m uz rokturiem.","og_url":"https:\/\/gohike.lv\/ru\/produkts\/naturehike-kresls-reklaineris-ar-galdu\/","og_site_name":"GoHike","article_publisher":"https:\/\/www.facebook.com\/gohike.shop\/","article_modified_time":"2026-01-02T16:55:16+00:00","og_image":[{"width":615,"height":523,"url":"https:\/\/gohike.lv\/wp-content\/uploads\/2024\/04\/ReclinerChairWithTable_khaki.webp","type":"image\/webp"}],"twitter_card":"summary_large_image","twitter_title":"Naturehike - Kr\u0113sls-reklaineris ar galdu","twitter_misc":{"\u041f\u0440\u0438\u043c\u0435\u0440\u043d\u043e\u0435 \u0432\u0440\u0435\u043c\u044f \u0434\u043b\u044f \u0447\u0442\u0435\u043d\u0438\u044f":"2 \u043c\u0438\u043d\u0443\u0442\u0430"},"schema":{"@context":"https:\/\/schema.org","@graph":[{"@type":["WebPage","ItemPage"],"@id":"https:\/\/gohike.lv\/ru\/produkts\/naturehike-kresls-reklaineris-ar-galdu\/","url":"https:\/\/gohike.lv\/ru\/produkts\/naturehike-kresls-reklaineris-ar-galdu\/","name":"Naturehike - Kr\u0113sls-reklaineris ar galdu","isPartOf":{"@id":"https:\/\/gohike.lv\/ru\/#website"},"primaryImageOfPage":{"@id":"https:\/\/gohike.lv\/ru\/produkts\/naturehike-kresls-reklaineris-ar-galdu\/#primaryimage"},"image":{"@id":"https:\/\/gohike.lv\/ru\/produkts\/naturehike-kresls-reklaineris-ar-galdu\/#primaryimage"},"thumbnailUrl":"https:\/\/gohike.lv\/wp-content\/uploads\/2024\/04\/ReclinerChairWithTable_khaki.webp","datePublished":"2024-05-07T08:32:59+00:00","dateModified":"2026-01-02T16:55:16+00:00","description":"Kr\u0113sls Naturehike ir eleganta komforta un stila izpausme akt\u012bv\u0101s atp\u016btas pasaul\u0113. Ar \u0113rt\u0101m s\u0101nu kabat\u0101m un kabat\u0101m uz rokturiem.","breadcrumb":{"@id":"https:\/\/gohike.lv\/ru\/produkts\/naturehike-kresls-reklaineris-ar-galdu\/#breadcrumb"},"inLanguage":"ru-RU","potentialAction":[{"@type":"ReadAction","target":["https:\/\/gohike.lv\/ru\/produkts\/naturehike-kresls-reklaineris-ar-galdu\/"]}]},{"@type":"ImageObject","inLanguage":"ru-RU","@id":"https:\/\/gohike.lv\/ru\/produkts\/naturehike-kresls-reklaineris-ar-galdu\/#primaryimage","url":"https:\/\/gohike.lv\/wp-content\/uploads\/2024\/04\/ReclinerChairWithTable_khaki.webp","contentUrl":"https:\/\/gohike.lv\/wp-content\/uploads\/2024\/04\/ReclinerChairWithTable_khaki.webp","width":615,"height":523},{"@type":"BreadcrumbList","@id":"https:\/\/gohike.lv\/ru\/produkts\/naturehike-kresls-reklaineris-ar-galdu\/#breadcrumb","itemListElement":[{"@type":"ListItem","position":1,"name":"\u0413\u043b\u0430\u0432\u043d\u0430\u044f","item":"https:\/\/gohike.lv\/ru\/"},{"@type":"ListItem","position":2,"name":"\u041a\u0430\u0442\u0435\u0433\u043e\u0440\u0438\u0438 \u0442\u043e\u0432\u0430\u0440\u043e\u0432","item":"https:\/\/gohike.lv\/%d0%ba%d0%b0%d1%82%d0%b5%d0%b3%d0%be%d1%80%d0%b8%d0%b8-%d1%82%d0%be%d0%b2%d0%b0%d1%80%d0%be%d0%b2\/"},{"@type":"ListItem","position":3,"name":"Naturehike &#8211; Kr\u0113sls-reklaineris ar galdu"}]},{"@type":"WebSite","@id":"https:\/\/gohike.lv\/ru\/#website","url":"https:\/\/gohike.lv\/ru\/","name":"GoHike","description":"","publisher":{"@id":"https:\/\/gohike.lv\/ru\/#organization"},"potentialAction":[{"@type":"SearchAction","target":{"@type":"EntryPoint","urlTemplate":"https:\/\/gohike.lv\/ru\/?s={search_term_string}"},"query-input":{"@type":"PropertyValueSpecification","valueRequired":true,"valueName":"search_term_string"}}],"inLanguage":"ru-RU"},{"@type":"Organization","@id":"https:\/\/gohike.lv\/ru\/#organization","name":"GoHike","url":"https:\/\/gohike.lv\/ru\/","logo":{"@type":"ImageObject","inLanguage":"ru-RU","@id":"https:\/\/gohike.lv\/ru\/#\/schema\/logo\/image\/","url":"https:\/\/gohike.lv\/wp-content\/uploads\/2023\/08\/Logo_GoHike.webp","contentUrl":"https:\/\/gohike.lv\/wp-content\/uploads\/2023\/08\/Logo_GoHike.webp","width":512,"height":512,"caption":"GoHike"},"image":{"@id":"https:\/\/gohike.lv\/ru\/#\/schema\/logo\/image\/"},"sameAs":["https:\/\/www.facebook.com\/gohike.shop\/","https:\/\/www.instagram.com\/gohike.shop\/"]}]}},"jetpack_sharing_enabled":true,"_links":{"self":[{"href":"https:\/\/gohike.lv\/ru\/wp-json\/wp\/v2\/product\/52948","targetHints":{"allow":["GET"]}}],"collection":[{"href":"https:\/\/gohike.lv\/ru\/wp-json\/wp\/v2\/product"}],"about":[{"href":"https:\/\/gohike.lv\/ru\/wp-json\/wp\/v2\/types\/product"}],"version-history":[{"count":0,"href":"https:\/\/gohike.lv\/ru\/wp-json\/wp\/v2\/product\/52948\/revisions"}],"wp:featuredmedia":[{"embeddable":true,"href":"https:\/\/gohike.lv\/ru\/wp-json\/wp\/v2\/media\/28710"}],"wp:attachment":[{"href":"https:\/\/gohike.lv\/ru\/wp-json\/wp\/v2\/media?parent=52948"}],"wp:term":[{"taxonomy":"product_brand","embeddable":true,"href":"https:\/\/gohike.lv\/ru\/wp-json\/wp\/v2\/product_brand?post=52948"},{"taxonomy":"product_cat","embeddable":true,"href":"https:\/\/gohike.lv\/ru\/wp-json\/wp\/v2\/product_cat?post=52948"},{"taxonomy":"product_tag","embeddable":true,"href":"https:\/\/gohike.lv\/ru\/wp-json\/wp\/v2\/product_tag?post=52948"}],"curies":[{"name":"wp","href":"https:\/\/api.w.org\/{rel}","templated":true}]}}