{"id":52943,"date":"2024-05-07T11:32:48","date_gmt":"2024-05-07T08:32:48","guid":{"rendered":"https:\/\/gohike.lv\/produkts\/naturehike-saliekamais-kresls-moon-yl04\/"},"modified":"2025-10-15T23:14:49","modified_gmt":"2025-10-15T20:14:49","slug":"naturehike-saliekamais-kresls-moon-yl04","status":"publish","type":"product","link":"https:\/\/gohike.lv\/ru\/produkts\/naturehike-saliekamais-kresls-moon-yl04\/","title":{"rendered":"Naturehike &#8212; Saliekams kr\u0113sls Moon YL04"},"content":{"rendered":"<p>\u0160is kr\u0113sls ir viegli salok\u0101ms, ergonomisks un \u0113rts, t\u0101p\u0113c s\u0113d\u0113t taj\u0101 ir komfortabli.<br \/>\nStabilas un nesl\u012bdo\u0161as k\u0101ji\u0146as.<br \/>\nS\u0101nos ir kabatas, kur\u0101s var glab\u0101t da\u017e\u0101das lietas.<br \/>\nIepakojuma izm\u0113ri 86 x 20cm.<br \/>\nViegli uzglab\u0101t un transport\u0113t.<br \/>\nKr\u0113slam ir t\u012bkls, caur kuru br\u012bvi cirkul\u0113 gaiss.<br \/>\nMateri\u0101li: oksforda katjonu audums 600D, t\u0113rauds.<br \/>\nKr\u0113sla augstums: 70cm.<br \/>\nAtt\u0101lums starp priek\u0161\u0113j\u0101m k\u0101j\u0101m: 37cm.<br \/>\nAtt\u0101lums starp priek\u0161\u0113j\u0101m un aizmugur\u0113j\u0101m k\u0101j\u0101m: 42cm.<br \/>\nK\u0101ju diametrs: 13mm.<br \/>\nSvars sasniedz aptuveni 2,2kg.<br \/>\nSp\u0113j iztur\u0113t svaru l\u012bdz aptuveni 120kg.<br \/>\nKr\u0101sa: sarkana, melna, dzeltena.<\/p>\n","protected":false},"excerpt":{"rendered":"<div>\n<div>\n<p>Saliekams kr\u0113sls t\u016brismam un akt\u012bvai atp\u016btai. Iztur\u012bga un stabila konstrukcija.<\/p>\n<\/div>\n<\/div>\n","protected":false},"featured_media":28686,"template":"","meta":[],"product_brand":[167],"product_cat":[9447,2493],"product_tag":[],"class_list":{"0":"post-52943","1":"product","2":"type-product","3":"status-publish","4":"has-post-thumbnail","6":"product_brand-naturehike-lv","7":"product_cat-izpardosana","8":"product_cat-kempinga-mebeles","9":"pa_krasa-haki","10":"pa_krasa-melns","11":"pa_krasa-sarkans","12":"pa_produkta-tips-kresli","14":"first","15":"instock","16":"sale","17":"taxable","18":"shipping-taxable","19":"purchasable","20":"product-type-variable","21":"has-default-attributes"},"raw_content":{"name":"Naturehike - Saliekams kr\u0113sls Moon YL04","description":"\u0160is kr\u0113sls ir viegli salok\u0101ms, ergonomisks un \u0113rts, t\u0101p\u0113c s\u0113d\u0113t taj\u0101 ir komfortabli.\r\nStabilas un nesl\u012bdo\u0161as k\u0101ji\u0146as.\r\nS\u0101nos ir kabatas, kur\u0101s var glab\u0101t da\u017e\u0101das lietas.\r\nIepakojuma izm\u0113ri 86 x 20cm.\r\nViegli uzglab\u0101t un transport\u0113t.\r\nKr\u0113slam ir t\u012bkls, caur kuru br\u012bvi cirkul\u0113 gaiss.\r\nMateri\u0101li: oksforda katjonu audums 600D, t\u0113rauds.\r\nKr\u0113sla augstums: 70cm.\r\nAtt\u0101lums starp priek\u0161\u0113j\u0101m k\u0101j\u0101m: 37cm.\r\nAtt\u0101lums starp priek\u0161\u0113j\u0101m un aizmugur\u0113j\u0101m k\u0101j\u0101m: 42cm.\r\nK\u0101ju diametrs: 13mm.\r\nSvars sasniedz aptuveni 2,2kg.\r\nSp\u0113j iztur\u0113t svaru l\u012bdz aptuveni 120kg.\r\nKr\u0101sa: sarkana, melna, dzeltena.","short_description":"<div>\r\n<div>\r\n\r\nSaliekams kr\u0113sls t\u016brismam un akt\u012bvai atp\u016btai. Iztur\u012bga un stabila konstrukcija.\r\n\r\n<\/div>\r\n<\/div>","status":"publish","sku":"nat000187","original":52943},"wpml":{"translation_type":1,"has_translations":true,"original":52943,"duplicates":[],"translations":{"lv":52943,"en":68488,"ru":null}},"supplier_id":null,"supplier_sku":"","barcode":null,"atum_controlled":true,"out_stock_date":null,"out_stock_threshold":null,"inheritable":true,"inbound_stock":0,"stock_on_hold":0,"sold_today":0,"sales_last_days":0,"reserved_stock":0,"customer_returns":0,"warehouse_damage":0,"lost_in_post":0,"other_logs":0,"out_stock_days":0,"lost_sales":0,"has_location":false,"update_date":"2025-11-13T14:07:07","atum_locations":[],"atum_stock_status":"instock","restock_status":false,"low_stock_amount":"","sales_update_date":"2025-11-13T14:07:07","calc_backorders":null,"yoast_head":"<!-- This site is optimized with the Yoast SEO plugin v27.3 - https:\/\/yoast.com\/product\/yoast-seo-wordpress\/ -->\n<title>Naturehike - Saliekams kr\u0113sls Moon YL04<\/title>\n<meta name=\"description\" content=\"Saliekams kr\u0113sls t\u016brismam un akt\u012bvai atp\u016btai. Iztur\u012bga un stabila konstrukcija.\u00a0Ergonomisks un \u0113rts.\" \/>\n<meta name=\"robots\" content=\"index, follow, max-snippet:-1, max-image-preview:large, max-video-preview:-1\" \/>\n<link rel=\"canonical\" href=\"https:\/\/gohike.lv\/ru\/produkts\/naturehike-saliekamais-kresls-moon-yl04\/\" \/>\n<meta property=\"og:locale\" content=\"ru_RU\" \/>\n<meta property=\"og:type\" content=\"article\" \/>\n<meta property=\"og:title\" content=\"Naturehike - Saliekamais kr\u0113sls Moon YL04\" \/>\n<meta property=\"og:description\" content=\"Saliekams kr\u0113sls t\u016brismam un akt\u012bvai atp\u016btai. Iztur\u012bga un stabila konstrukcija.\u00a0Ergonomisks un \u0113rts.\" \/>\n<meta property=\"og:url\" content=\"https:\/\/gohike.lv\/ru\/produkts\/naturehike-saliekamais-kresls-moon-yl04\/\" \/>\n<meta property=\"og:site_name\" content=\"GoHike\" \/>\n<meta property=\"article:publisher\" content=\"https:\/\/www.facebook.com\/gohike.shop\/\" \/>\n<meta property=\"article:modified_time\" content=\"2025-10-15T20:14:49+00:00\" \/>\n<meta property=\"og:image\" content=\"https:\/\/gohike.lv\/wp-content\/uploads\/2024\/04\/YL04moonFoldingChair_red.webp\" \/>\n\t<meta property=\"og:image:width\" content=\"565\" \/>\n\t<meta property=\"og:image:height\" content=\"534\" \/>\n\t<meta property=\"og:image:type\" content=\"image\/webp\" \/>\n<meta name=\"twitter:card\" content=\"summary_large_image\" \/>\n<meta name=\"twitter:title\" content=\"Naturehike - Saliekamais kr\u0113sls Moon YL04\" \/>\n<meta name=\"twitter:label1\" content=\"\u041f\u0440\u0438\u043c\u0435\u0440\u043d\u043e\u0435 \u0432\u0440\u0435\u043c\u044f \u0434\u043b\u044f \u0447\u0442\u0435\u043d\u0438\u044f\" \/>\n\t<meta name=\"twitter:data1\" content=\"1 \u043c\u0438\u043d\u0443\u0442\u0430\" \/>\n<script type=\"application\/ld+json\" class=\"yoast-schema-graph\">{\"@context\":\"https:\\\/\\\/schema.org\",\"@graph\":[{\"@type\":[\"WebPage\",\"ItemPage\"],\"@id\":\"https:\\\/\\\/gohike.lv\\\/ru\\\/produkts\\\/naturehike-saliekamais-kresls-moon-yl04\\\/\",\"url\":\"https:\\\/\\\/gohike.lv\\\/ru\\\/produkts\\\/naturehike-saliekamais-kresls-moon-yl04\\\/\",\"name\":\"Naturehike - Saliekams kr\u0113sls Moon YL04\",\"isPartOf\":{\"@id\":\"https:\\\/\\\/gohike.lv\\\/ru\\\/#website\"},\"primaryImageOfPage\":{\"@id\":\"https:\\\/\\\/gohike.lv\\\/ru\\\/produkts\\\/naturehike-saliekamais-kresls-moon-yl04\\\/#primaryimage\"},\"image\":{\"@id\":\"https:\\\/\\\/gohike.lv\\\/ru\\\/produkts\\\/naturehike-saliekamais-kresls-moon-yl04\\\/#primaryimage\"},\"thumbnailUrl\":\"https:\\\/\\\/gohike.lv\\\/wp-content\\\/uploads\\\/2024\\\/04\\\/YL04moonFoldingChair_red.webp\",\"datePublished\":\"2024-05-07T08:32:48+00:00\",\"dateModified\":\"2025-10-15T20:14:49+00:00\",\"description\":\"Saliekams kr\u0113sls t\u016brismam un akt\u012bvai atp\u016btai. Iztur\u012bga un stabila konstrukcija.\u00a0Ergonomisks un \u0113rts.\",\"breadcrumb\":{\"@id\":\"https:\\\/\\\/gohike.lv\\\/ru\\\/produkts\\\/naturehike-saliekamais-kresls-moon-yl04\\\/#breadcrumb\"},\"inLanguage\":\"ru-RU\",\"potentialAction\":[{\"@type\":\"ReadAction\",\"target\":[\"https:\\\/\\\/gohike.lv\\\/ru\\\/produkts\\\/naturehike-saliekamais-kresls-moon-yl04\\\/\"]}]},{\"@type\":\"ImageObject\",\"inLanguage\":\"ru-RU\",\"@id\":\"https:\\\/\\\/gohike.lv\\\/ru\\\/produkts\\\/naturehike-saliekamais-kresls-moon-yl04\\\/#primaryimage\",\"url\":\"https:\\\/\\\/gohike.lv\\\/wp-content\\\/uploads\\\/2024\\\/04\\\/YL04moonFoldingChair_red.webp\",\"contentUrl\":\"https:\\\/\\\/gohike.lv\\\/wp-content\\\/uploads\\\/2024\\\/04\\\/YL04moonFoldingChair_red.webp\",\"width\":565,\"height\":534},{\"@type\":\"BreadcrumbList\",\"@id\":\"https:\\\/\\\/gohike.lv\\\/ru\\\/produkts\\\/naturehike-saliekamais-kresls-moon-yl04\\\/#breadcrumb\",\"itemListElement\":[{\"@type\":\"ListItem\",\"position\":1,\"name\":\"\u0413\u043b\u0430\u0432\u043d\u0430\u044f\",\"item\":\"https:\\\/\\\/gohike.lv\\\/ru\\\/\"},{\"@type\":\"ListItem\",\"position\":2,\"name\":\"\u041a\u0430\u0442\u0435\u0433\u043e\u0440\u0438\u0438 \u0442\u043e\u0432\u0430\u0440\u043e\u0432\",\"item\":\"https:\\\/\\\/gohike.lv\\\/%d0%ba%d0%b0%d1%82%d0%b5%d0%b3%d0%be%d1%80%d0%b8%d0%b8-%d1%82%d0%be%d0%b2%d0%b0%d1%80%d0%be%d0%b2\\\/\"},{\"@type\":\"ListItem\",\"position\":3,\"name\":\"Naturehike &#8211; Saliekams kr\u0113sls Moon YL04\"}]},{\"@type\":\"WebSite\",\"@id\":\"https:\\\/\\\/gohike.lv\\\/ru\\\/#website\",\"url\":\"https:\\\/\\\/gohike.lv\\\/ru\\\/\",\"name\":\"GoHike\",\"description\":\"\",\"publisher\":{\"@id\":\"https:\\\/\\\/gohike.lv\\\/ru\\\/#organization\"},\"potentialAction\":[{\"@type\":\"SearchAction\",\"target\":{\"@type\":\"EntryPoint\",\"urlTemplate\":\"https:\\\/\\\/gohike.lv\\\/ru\\\/?s={search_term_string}\"},\"query-input\":{\"@type\":\"PropertyValueSpecification\",\"valueRequired\":true,\"valueName\":\"search_term_string\"}}],\"inLanguage\":\"ru-RU\"},{\"@type\":\"Organization\",\"@id\":\"https:\\\/\\\/gohike.lv\\\/ru\\\/#organization\",\"name\":\"GoHike\",\"url\":\"https:\\\/\\\/gohike.lv\\\/ru\\\/\",\"logo\":{\"@type\":\"ImageObject\",\"inLanguage\":\"ru-RU\",\"@id\":\"https:\\\/\\\/gohike.lv\\\/ru\\\/#\\\/schema\\\/logo\\\/image\\\/\",\"url\":\"https:\\\/\\\/gohike.lv\\\/wp-content\\\/uploads\\\/2023\\\/08\\\/Logo_GoHike.webp\",\"contentUrl\":\"https:\\\/\\\/gohike.lv\\\/wp-content\\\/uploads\\\/2023\\\/08\\\/Logo_GoHike.webp\",\"width\":512,\"height\":512,\"caption\":\"GoHike\"},\"image\":{\"@id\":\"https:\\\/\\\/gohike.lv\\\/ru\\\/#\\\/schema\\\/logo\\\/image\\\/\"},\"sameAs\":[\"https:\\\/\\\/www.facebook.com\\\/gohike.shop\\\/\",\"https:\\\/\\\/www.instagram.com\\\/gohike.shop\\\/\"]}]}<\/script>\n<!-- \/ Yoast SEO plugin. -->","yoast_head_json":{"title":"Naturehike - Saliekams kr\u0113sls Moon YL04","description":"Saliekams kr\u0113sls t\u016brismam un akt\u012bvai atp\u016btai. Iztur\u012bga un stabila konstrukcija.\u00a0Ergonomisks un \u0113rts.","robots":{"index":"index","follow":"follow","max-snippet":"max-snippet:-1","max-image-preview":"max-image-preview:large","max-video-preview":"max-video-preview:-1"},"canonical":"https:\/\/gohike.lv\/ru\/produkts\/naturehike-saliekamais-kresls-moon-yl04\/","og_locale":"ru_RU","og_type":"article","og_title":"Naturehike - Saliekamais kr\u0113sls Moon YL04","og_description":"Saliekams kr\u0113sls t\u016brismam un akt\u012bvai atp\u016btai. Iztur\u012bga un stabila konstrukcija.\u00a0Ergonomisks un \u0113rts.","og_url":"https:\/\/gohike.lv\/ru\/produkts\/naturehike-saliekamais-kresls-moon-yl04\/","og_site_name":"GoHike","article_publisher":"https:\/\/www.facebook.com\/gohike.shop\/","article_modified_time":"2025-10-15T20:14:49+00:00","og_image":[{"width":565,"height":534,"url":"https:\/\/gohike.lv\/wp-content\/uploads\/2024\/04\/YL04moonFoldingChair_red.webp","type":"image\/webp"}],"twitter_card":"summary_large_image","twitter_title":"Naturehike - Saliekamais kr\u0113sls Moon YL04","twitter_misc":{"\u041f\u0440\u0438\u043c\u0435\u0440\u043d\u043e\u0435 \u0432\u0440\u0435\u043c\u044f \u0434\u043b\u044f \u0447\u0442\u0435\u043d\u0438\u044f":"1 \u043c\u0438\u043d\u0443\u0442\u0430"},"schema":{"@context":"https:\/\/schema.org","@graph":[{"@type":["WebPage","ItemPage"],"@id":"https:\/\/gohike.lv\/ru\/produkts\/naturehike-saliekamais-kresls-moon-yl04\/","url":"https:\/\/gohike.lv\/ru\/produkts\/naturehike-saliekamais-kresls-moon-yl04\/","name":"Naturehike - Saliekams kr\u0113sls Moon YL04","isPartOf":{"@id":"https:\/\/gohike.lv\/ru\/#website"},"primaryImageOfPage":{"@id":"https:\/\/gohike.lv\/ru\/produkts\/naturehike-saliekamais-kresls-moon-yl04\/#primaryimage"},"image":{"@id":"https:\/\/gohike.lv\/ru\/produkts\/naturehike-saliekamais-kresls-moon-yl04\/#primaryimage"},"thumbnailUrl":"https:\/\/gohike.lv\/wp-content\/uploads\/2024\/04\/YL04moonFoldingChair_red.webp","datePublished":"2024-05-07T08:32:48+00:00","dateModified":"2025-10-15T20:14:49+00:00","description":"Saliekams kr\u0113sls t\u016brismam un akt\u012bvai atp\u016btai. Iztur\u012bga un stabila konstrukcija.\u00a0Ergonomisks un \u0113rts.","breadcrumb":{"@id":"https:\/\/gohike.lv\/ru\/produkts\/naturehike-saliekamais-kresls-moon-yl04\/#breadcrumb"},"inLanguage":"ru-RU","potentialAction":[{"@type":"ReadAction","target":["https:\/\/gohike.lv\/ru\/produkts\/naturehike-saliekamais-kresls-moon-yl04\/"]}]},{"@type":"ImageObject","inLanguage":"ru-RU","@id":"https:\/\/gohike.lv\/ru\/produkts\/naturehike-saliekamais-kresls-moon-yl04\/#primaryimage","url":"https:\/\/gohike.lv\/wp-content\/uploads\/2024\/04\/YL04moonFoldingChair_red.webp","contentUrl":"https:\/\/gohike.lv\/wp-content\/uploads\/2024\/04\/YL04moonFoldingChair_red.webp","width":565,"height":534},{"@type":"BreadcrumbList","@id":"https:\/\/gohike.lv\/ru\/produkts\/naturehike-saliekamais-kresls-moon-yl04\/#breadcrumb","itemListElement":[{"@type":"ListItem","position":1,"name":"\u0413\u043b\u0430\u0432\u043d\u0430\u044f","item":"https:\/\/gohike.lv\/ru\/"},{"@type":"ListItem","position":2,"name":"\u041a\u0430\u0442\u0435\u0433\u043e\u0440\u0438\u0438 \u0442\u043e\u0432\u0430\u0440\u043e\u0432","item":"https:\/\/gohike.lv\/%d0%ba%d0%b0%d1%82%d0%b5%d0%b3%d0%be%d1%80%d0%b8%d0%b8-%d1%82%d0%be%d0%b2%d0%b0%d1%80%d0%be%d0%b2\/"},{"@type":"ListItem","position":3,"name":"Naturehike &#8211; Saliekams kr\u0113sls Moon YL04"}]},{"@type":"WebSite","@id":"https:\/\/gohike.lv\/ru\/#website","url":"https:\/\/gohike.lv\/ru\/","name":"GoHike","description":"","publisher":{"@id":"https:\/\/gohike.lv\/ru\/#organization"},"potentialAction":[{"@type":"SearchAction","target":{"@type":"EntryPoint","urlTemplate":"https:\/\/gohike.lv\/ru\/?s={search_term_string}"},"query-input":{"@type":"PropertyValueSpecification","valueRequired":true,"valueName":"search_term_string"}}],"inLanguage":"ru-RU"},{"@type":"Organization","@id":"https:\/\/gohike.lv\/ru\/#organization","name":"GoHike","url":"https:\/\/gohike.lv\/ru\/","logo":{"@type":"ImageObject","inLanguage":"ru-RU","@id":"https:\/\/gohike.lv\/ru\/#\/schema\/logo\/image\/","url":"https:\/\/gohike.lv\/wp-content\/uploads\/2023\/08\/Logo_GoHike.webp","contentUrl":"https:\/\/gohike.lv\/wp-content\/uploads\/2023\/08\/Logo_GoHike.webp","width":512,"height":512,"caption":"GoHike"},"image":{"@id":"https:\/\/gohike.lv\/ru\/#\/schema\/logo\/image\/"},"sameAs":["https:\/\/www.facebook.com\/gohike.shop\/","https:\/\/www.instagram.com\/gohike.shop\/"]}]}},"jetpack_sharing_enabled":true,"_links":{"self":[{"href":"https:\/\/gohike.lv\/ru\/wp-json\/wp\/v2\/product\/52943","targetHints":{"allow":["GET"]}}],"collection":[{"href":"https:\/\/gohike.lv\/ru\/wp-json\/wp\/v2\/product"}],"about":[{"href":"https:\/\/gohike.lv\/ru\/wp-json\/wp\/v2\/types\/product"}],"version-history":[{"count":0,"href":"https:\/\/gohike.lv\/ru\/wp-json\/wp\/v2\/product\/52943\/revisions"}],"wp:featuredmedia":[{"embeddable":true,"href":"https:\/\/gohike.lv\/ru\/wp-json\/wp\/v2\/media\/28686"}],"wp:attachment":[{"href":"https:\/\/gohike.lv\/ru\/wp-json\/wp\/v2\/media?parent=52943"}],"wp:term":[{"taxonomy":"product_brand","embeddable":true,"href":"https:\/\/gohike.lv\/ru\/wp-json\/wp\/v2\/product_brand?post=52943"},{"taxonomy":"product_cat","embeddable":true,"href":"https:\/\/gohike.lv\/ru\/wp-json\/wp\/v2\/product_cat?post=52943"},{"taxonomy":"product_tag","embeddable":true,"href":"https:\/\/gohike.lv\/ru\/wp-json\/wp\/v2\/product_tag?post=52943"}],"curies":[{"name":"wp","href":"https:\/\/api.w.org\/{rel}","templated":true}]}}