{"id":52914,"date":"2024-05-07T11:30:54","date_gmt":"2024-05-07T08:30:54","guid":{"rendered":"https:\/\/gohike.lv\/produkts\/naturehike-sn03-kosmetiska-somina\/"},"modified":"2025-12-30T17:10:20","modified_gmt":"2025-12-30T14:10:20","slug":"naturehike-sn03-kosmetiska-somina","status":"publish","type":"product","link":"https:\/\/gohike.lv\/ru\/produkts\/naturehike-sn03-kosmetiska-somina\/","title":{"rendered":"Naturehike &#8212; SN03 Kosm\u0113tikas somi\u0146a"},"content":{"rendered":"<p>Kosm\u0113tikas somi\u0146a piem\u0113rota person\u012bg\u0101s higi\u0113nas l\u012bdzek\u013cu, kosm\u0113tikas un citu piederumu glab\u0101\u0161anai.<br \/>\nProdukts ir izgatavots no polikokvilnas. \u0160is ir jaukts audums, kur\u0101 ietilpst dab\u012bg\u0101 kokvilna, kas papildin\u0101ta ar poliestera \u0161\u0137iedr\u0101m.<br \/>\nNodilumiztur\u012bga, pasarg\u0101ta no grumbu veido\u0161\u0101n\u0101s un viegli t\u012br\u0101ba. Saglab\u0101 formu vis\u0101 t\u0101s lieto\u0161anas laik\u0101.<br \/>\nKosm\u0113tikas somas iek\u0161pus\u0113 ir tr\u012bs nodal\u012bjumi: divas sieta kabatas un viens \u016bdensnecaurlaid\u012bgs nodal\u012bjums.<br \/>\nSomi\u0146a aiztais\u0101ma ar r\u0101v\u0113jsledz\u0113ju. Ir cilpa, aiz kuras somi\u0146u var pakarin\u0101t.<br \/>\nPrece ir pieejama vair\u0101kos izm\u0113ros un kr\u0101s\u0101s.<\/p>\n","protected":false},"excerpt":{"rendered":"<p>Kosm\u0113tikas somi\u0146a ir piem\u0113rota person\u012bg\u0101s kop\u0161anas l\u012bdzek\u013cu, kosm\u0113tikas un citu piederumu uzglab\u0101\u0161anai. Materi\u0101ls ir polikokvilna &#8212; iztur\u012bgs un viegli t\u012br\u0101ms.<\/p>\n","protected":false},"featured_media":28627,"template":"","meta":[],"product_brand":[167],"product_cat":[1380],"product_tag":[],"class_list":{"0":"post-52914","1":"product","2":"type-product","3":"status-publish","4":"has-post-thumbnail","6":"product_brand-naturehike-lv","7":"product_cat-higiena","8":"pa_izmers-l","9":"pa_izmers-s","10":"pa_produkta-tips-kosmetikas-sominas","11":"pa_spalva-haki","12":"pa_spalva-melns","13":"pa_spalva-peleks","15":"first","16":"instock","17":"taxable","18":"shipping-taxable","19":"purchasable","20":"product-type-variable","21":"has-default-attributes"},"raw_content":{"name":"Naturehike - SN03 Kosm\u0113tikas somi\u0146a","description":"Kosm\u0113tikas somi\u0146a piem\u0113rota person\u012bg\u0101s higi\u0113nas l\u012bdzek\u013cu, kosm\u0113tikas un citu piederumu glab\u0101\u0161anai.\nProdukts ir izgatavots no polikokvilnas. \u0160is ir jaukts audums, kur\u0101 ietilpst dab\u012bg\u0101 kokvilna, kas papildin\u0101ta ar poliestera \u0161\u0137iedr\u0101m.\nNodilumiztur\u012bga, pasarg\u0101ta no grumbu veido\u0161\u0101n\u0101s un viegli t\u012br\u0101ba. Saglab\u0101 formu vis\u0101 t\u0101s lieto\u0161anas laik\u0101.\nKosm\u0113tikas somas iek\u0161pus\u0113 ir tr\u012bs nodal\u012bjumi: divas sieta kabatas un viens \u016bdensnecaurlaid\u012bgs nodal\u012bjums.\nSomi\u0146a aiztais\u0101ma ar r\u0101v\u0113jsledz\u0113ju. Ir cilpa, aiz kuras somi\u0146u var pakarin\u0101t.\nPrece ir pieejama vair\u0101kos izm\u0113ros un kr\u0101s\u0101s.","short_description":"Kosm\u0113tikas somi\u0146a ir piem\u0113rota person\u012bg\u0101s kop\u0161anas l\u012bdzek\u013cu, kosm\u0113tikas un citu piederumu uzglab\u0101\u0161anai. Materi\u0101ls ir polikokvilna - iztur\u012bgs un viegli t\u012br\u0101ms.","status":"publish","sku":"nat000181","original":52914},"wpml":{"translation_type":1,"has_translations":true,"original":52914,"duplicates":[],"translations":{"lv":52914,"en":68440,"ru":null}},"supplier_id":null,"supplier_sku":"","barcode":null,"atum_controlled":true,"out_stock_date":null,"out_stock_threshold":null,"inheritable":false,"inbound_stock":0,"stock_on_hold":0,"sold_today":0,"sales_last_days":0,"reserved_stock":0,"customer_returns":0,"warehouse_damage":0,"lost_in_post":0,"other_logs":0,"out_stock_days":0,"lost_sales":0,"has_location":null,"update_date":"2025-12-30T14:13:29","atum_locations":[],"atum_stock_status":"instock","restock_status":false,"low_stock_amount":"","sales_update_date":"2025-11-13T14:07:24","calc_backorders":null,"yoast_head":"<!-- This site is optimized with the Yoast SEO plugin v27.3 - https:\/\/yoast.com\/product\/yoast-seo-wordpress\/ -->\n<title>Naturehike - SN03 Kosm\u0113tikas somi\u0146a<\/title>\n<meta name=\"description\" content=\"Kosm\u0113tikas somi\u0146a ir piem\u0113rota person\u012bg\u0101s kop\u0161anas l\u012bdzek\u013cu, kosm\u0113tikas un citu piederumu uzglab\u0101\u0161anai. Materi\u0101ls ir polikokvilna - iztur\u012bgs un viegli t\u012br\u0101ms.\" \/>\n<meta name=\"robots\" content=\"index, follow, max-snippet:-1, max-image-preview:large, max-video-preview:-1\" \/>\n<link rel=\"canonical\" href=\"https:\/\/gohike.lv\/ru\/produkts\/naturehike-sn03-kosmetiska-somina\/\" \/>\n<meta property=\"og:locale\" content=\"ru_RU\" \/>\n<meta property=\"og:type\" content=\"article\" \/>\n<meta property=\"og:title\" content=\"Naturehike - SN03 Kosm\u0113tiska somi\u0146a\" \/>\n<meta property=\"og:description\" content=\"Kosm\u0113tikas somi\u0146a ir piem\u0113rota person\u012bg\u0101s kop\u0161anas l\u012bdzek\u013cu, kosm\u0113tikas un citu piederumu uzglab\u0101\u0161anai. Materi\u0101ls ir polikokvilna - iztur\u012bgs un viegli t\u012br\u0101ms.\" \/>\n<meta property=\"og:url\" content=\"https:\/\/gohike.lv\/ru\/produkts\/naturehike-sn03-kosmetiska-somina\/\" \/>\n<meta property=\"og:site_name\" content=\"GoHike\" \/>\n<meta property=\"article:publisher\" content=\"https:\/\/www.facebook.com\/gohike.shop\/\" \/>\n<meta property=\"article:modified_time\" content=\"2025-12-30T14:10:20+00:00\" \/>\n<meta property=\"og:image\" content=\"https:\/\/gohike.lv\/wp-content\/uploads\/2024\/04\/SN03_khaki.webp\" \/>\n\t<meta property=\"og:image:width\" content=\"800\" \/>\n\t<meta property=\"og:image:height\" content=\"800\" \/>\n\t<meta property=\"og:image:type\" content=\"image\/webp\" \/>\n<meta name=\"twitter:card\" content=\"summary_large_image\" \/>\n<meta name=\"twitter:title\" content=\"Naturehike - SN03 Kosm\u0113tiska somi\u0146a\" \/>\n<meta name=\"twitter:label1\" content=\"\u041f\u0440\u0438\u043c\u0435\u0440\u043d\u043e\u0435 \u0432\u0440\u0435\u043c\u044f \u0434\u043b\u044f \u0447\u0442\u0435\u043d\u0438\u044f\" \/>\n\t<meta name=\"twitter:data1\" content=\"1 \u043c\u0438\u043d\u0443\u0442\u0430\" \/>\n<script type=\"application\/ld+json\" class=\"yoast-schema-graph\">{\"@context\":\"https:\\\/\\\/schema.org\",\"@graph\":[{\"@type\":[\"WebPage\",\"ItemPage\"],\"@id\":\"https:\\\/\\\/gohike.lv\\\/ru\\\/produkts\\\/naturehike-sn03-kosmetiska-somina\\\/\",\"url\":\"https:\\\/\\\/gohike.lv\\\/ru\\\/produkts\\\/naturehike-sn03-kosmetiska-somina\\\/\",\"name\":\"Naturehike - SN03 Kosm\u0113tikas somi\u0146a\",\"isPartOf\":{\"@id\":\"https:\\\/\\\/gohike.lv\\\/ru\\\/#website\"},\"primaryImageOfPage\":{\"@id\":\"https:\\\/\\\/gohike.lv\\\/ru\\\/produkts\\\/naturehike-sn03-kosmetiska-somina\\\/#primaryimage\"},\"image\":{\"@id\":\"https:\\\/\\\/gohike.lv\\\/ru\\\/produkts\\\/naturehike-sn03-kosmetiska-somina\\\/#primaryimage\"},\"thumbnailUrl\":\"https:\\\/\\\/gohike.lv\\\/wp-content\\\/uploads\\\/2024\\\/04\\\/SN03_khaki.webp\",\"datePublished\":\"2024-05-07T08:30:54+00:00\",\"dateModified\":\"2025-12-30T14:10:20+00:00\",\"description\":\"Kosm\u0113tikas somi\u0146a ir piem\u0113rota person\u012bg\u0101s kop\u0161anas l\u012bdzek\u013cu, kosm\u0113tikas un citu piederumu uzglab\u0101\u0161anai. Materi\u0101ls ir polikokvilna - iztur\u012bgs un viegli t\u012br\u0101ms.\",\"breadcrumb\":{\"@id\":\"https:\\\/\\\/gohike.lv\\\/ru\\\/produkts\\\/naturehike-sn03-kosmetiska-somina\\\/#breadcrumb\"},\"inLanguage\":\"ru-RU\",\"potentialAction\":[{\"@type\":\"ReadAction\",\"target\":[\"https:\\\/\\\/gohike.lv\\\/ru\\\/produkts\\\/naturehike-sn03-kosmetiska-somina\\\/\"]}]},{\"@type\":\"ImageObject\",\"inLanguage\":\"ru-RU\",\"@id\":\"https:\\\/\\\/gohike.lv\\\/ru\\\/produkts\\\/naturehike-sn03-kosmetiska-somina\\\/#primaryimage\",\"url\":\"https:\\\/\\\/gohike.lv\\\/wp-content\\\/uploads\\\/2024\\\/04\\\/SN03_khaki.webp\",\"contentUrl\":\"https:\\\/\\\/gohike.lv\\\/wp-content\\\/uploads\\\/2024\\\/04\\\/SN03_khaki.webp\",\"width\":800,\"height\":800},{\"@type\":\"BreadcrumbList\",\"@id\":\"https:\\\/\\\/gohike.lv\\\/ru\\\/produkts\\\/naturehike-sn03-kosmetiska-somina\\\/#breadcrumb\",\"itemListElement\":[{\"@type\":\"ListItem\",\"position\":1,\"name\":\"\u0413\u043b\u0430\u0432\u043d\u0430\u044f\",\"item\":\"https:\\\/\\\/gohike.lv\\\/ru\\\/\"},{\"@type\":\"ListItem\",\"position\":2,\"name\":\"\u041a\u0430\u0442\u0435\u0433\u043e\u0440\u0438\u0438 \u0442\u043e\u0432\u0430\u0440\u043e\u0432\",\"item\":\"https:\\\/\\\/gohike.lv\\\/%d0%ba%d0%b0%d1%82%d0%b5%d0%b3%d0%be%d1%80%d0%b8%d0%b8-%d1%82%d0%be%d0%b2%d0%b0%d1%80%d0%be%d0%b2\\\/\"},{\"@type\":\"ListItem\",\"position\":3,\"name\":\"Naturehike &#8211; SN03 Kosm\u0113tikas somi\u0146a\"}]},{\"@type\":\"WebSite\",\"@id\":\"https:\\\/\\\/gohike.lv\\\/ru\\\/#website\",\"url\":\"https:\\\/\\\/gohike.lv\\\/ru\\\/\",\"name\":\"GoHike\",\"description\":\"\",\"publisher\":{\"@id\":\"https:\\\/\\\/gohike.lv\\\/ru\\\/#organization\"},\"potentialAction\":[{\"@type\":\"SearchAction\",\"target\":{\"@type\":\"EntryPoint\",\"urlTemplate\":\"https:\\\/\\\/gohike.lv\\\/ru\\\/?s={search_term_string}\"},\"query-input\":{\"@type\":\"PropertyValueSpecification\",\"valueRequired\":true,\"valueName\":\"search_term_string\"}}],\"inLanguage\":\"ru-RU\"},{\"@type\":\"Organization\",\"@id\":\"https:\\\/\\\/gohike.lv\\\/ru\\\/#organization\",\"name\":\"GoHike\",\"url\":\"https:\\\/\\\/gohike.lv\\\/ru\\\/\",\"logo\":{\"@type\":\"ImageObject\",\"inLanguage\":\"ru-RU\",\"@id\":\"https:\\\/\\\/gohike.lv\\\/ru\\\/#\\\/schema\\\/logo\\\/image\\\/\",\"url\":\"https:\\\/\\\/gohike.lv\\\/wp-content\\\/uploads\\\/2023\\\/08\\\/Logo_GoHike.webp\",\"contentUrl\":\"https:\\\/\\\/gohike.lv\\\/wp-content\\\/uploads\\\/2023\\\/08\\\/Logo_GoHike.webp\",\"width\":512,\"height\":512,\"caption\":\"GoHike\"},\"image\":{\"@id\":\"https:\\\/\\\/gohike.lv\\\/ru\\\/#\\\/schema\\\/logo\\\/image\\\/\"},\"sameAs\":[\"https:\\\/\\\/www.facebook.com\\\/gohike.shop\\\/\",\"https:\\\/\\\/www.instagram.com\\\/gohike.shop\\\/\"]}]}<\/script>\n<!-- \/ Yoast SEO plugin. -->","yoast_head_json":{"title":"Naturehike - SN03 Kosm\u0113tikas somi\u0146a","description":"Kosm\u0113tikas somi\u0146a ir piem\u0113rota person\u012bg\u0101s kop\u0161anas l\u012bdzek\u013cu, kosm\u0113tikas un citu piederumu uzglab\u0101\u0161anai. Materi\u0101ls ir polikokvilna - iztur\u012bgs un viegli t\u012br\u0101ms.","robots":{"index":"index","follow":"follow","max-snippet":"max-snippet:-1","max-image-preview":"max-image-preview:large","max-video-preview":"max-video-preview:-1"},"canonical":"https:\/\/gohike.lv\/ru\/produkts\/naturehike-sn03-kosmetiska-somina\/","og_locale":"ru_RU","og_type":"article","og_title":"Naturehike - SN03 Kosm\u0113tiska somi\u0146a","og_description":"Kosm\u0113tikas somi\u0146a ir piem\u0113rota person\u012bg\u0101s kop\u0161anas l\u012bdzek\u013cu, kosm\u0113tikas un citu piederumu uzglab\u0101\u0161anai. Materi\u0101ls ir polikokvilna - iztur\u012bgs un viegli t\u012br\u0101ms.","og_url":"https:\/\/gohike.lv\/ru\/produkts\/naturehike-sn03-kosmetiska-somina\/","og_site_name":"GoHike","article_publisher":"https:\/\/www.facebook.com\/gohike.shop\/","article_modified_time":"2025-12-30T14:10:20+00:00","og_image":[{"width":800,"height":800,"url":"https:\/\/gohike.lv\/wp-content\/uploads\/2024\/04\/SN03_khaki.webp","type":"image\/webp"}],"twitter_card":"summary_large_image","twitter_title":"Naturehike - SN03 Kosm\u0113tiska somi\u0146a","twitter_misc":{"\u041f\u0440\u0438\u043c\u0435\u0440\u043d\u043e\u0435 \u0432\u0440\u0435\u043c\u044f \u0434\u043b\u044f \u0447\u0442\u0435\u043d\u0438\u044f":"1 \u043c\u0438\u043d\u0443\u0442\u0430"},"schema":{"@context":"https:\/\/schema.org","@graph":[{"@type":["WebPage","ItemPage"],"@id":"https:\/\/gohike.lv\/ru\/produkts\/naturehike-sn03-kosmetiska-somina\/","url":"https:\/\/gohike.lv\/ru\/produkts\/naturehike-sn03-kosmetiska-somina\/","name":"Naturehike - SN03 Kosm\u0113tikas somi\u0146a","isPartOf":{"@id":"https:\/\/gohike.lv\/ru\/#website"},"primaryImageOfPage":{"@id":"https:\/\/gohike.lv\/ru\/produkts\/naturehike-sn03-kosmetiska-somina\/#primaryimage"},"image":{"@id":"https:\/\/gohike.lv\/ru\/produkts\/naturehike-sn03-kosmetiska-somina\/#primaryimage"},"thumbnailUrl":"https:\/\/gohike.lv\/wp-content\/uploads\/2024\/04\/SN03_khaki.webp","datePublished":"2024-05-07T08:30:54+00:00","dateModified":"2025-12-30T14:10:20+00:00","description":"Kosm\u0113tikas somi\u0146a ir piem\u0113rota person\u012bg\u0101s kop\u0161anas l\u012bdzek\u013cu, kosm\u0113tikas un citu piederumu uzglab\u0101\u0161anai. Materi\u0101ls ir polikokvilna - iztur\u012bgs un viegli t\u012br\u0101ms.","breadcrumb":{"@id":"https:\/\/gohike.lv\/ru\/produkts\/naturehike-sn03-kosmetiska-somina\/#breadcrumb"},"inLanguage":"ru-RU","potentialAction":[{"@type":"ReadAction","target":["https:\/\/gohike.lv\/ru\/produkts\/naturehike-sn03-kosmetiska-somina\/"]}]},{"@type":"ImageObject","inLanguage":"ru-RU","@id":"https:\/\/gohike.lv\/ru\/produkts\/naturehike-sn03-kosmetiska-somina\/#primaryimage","url":"https:\/\/gohike.lv\/wp-content\/uploads\/2024\/04\/SN03_khaki.webp","contentUrl":"https:\/\/gohike.lv\/wp-content\/uploads\/2024\/04\/SN03_khaki.webp","width":800,"height":800},{"@type":"BreadcrumbList","@id":"https:\/\/gohike.lv\/ru\/produkts\/naturehike-sn03-kosmetiska-somina\/#breadcrumb","itemListElement":[{"@type":"ListItem","position":1,"name":"\u0413\u043b\u0430\u0432\u043d\u0430\u044f","item":"https:\/\/gohike.lv\/ru\/"},{"@type":"ListItem","position":2,"name":"\u041a\u0430\u0442\u0435\u0433\u043e\u0440\u0438\u0438 \u0442\u043e\u0432\u0430\u0440\u043e\u0432","item":"https:\/\/gohike.lv\/%d0%ba%d0%b0%d1%82%d0%b5%d0%b3%d0%be%d1%80%d0%b8%d0%b8-%d1%82%d0%be%d0%b2%d0%b0%d1%80%d0%be%d0%b2\/"},{"@type":"ListItem","position":3,"name":"Naturehike &#8211; SN03 Kosm\u0113tikas somi\u0146a"}]},{"@type":"WebSite","@id":"https:\/\/gohike.lv\/ru\/#website","url":"https:\/\/gohike.lv\/ru\/","name":"GoHike","description":"","publisher":{"@id":"https:\/\/gohike.lv\/ru\/#organization"},"potentialAction":[{"@type":"SearchAction","target":{"@type":"EntryPoint","urlTemplate":"https:\/\/gohike.lv\/ru\/?s={search_term_string}"},"query-input":{"@type":"PropertyValueSpecification","valueRequired":true,"valueName":"search_term_string"}}],"inLanguage":"ru-RU"},{"@type":"Organization","@id":"https:\/\/gohike.lv\/ru\/#organization","name":"GoHike","url":"https:\/\/gohike.lv\/ru\/","logo":{"@type":"ImageObject","inLanguage":"ru-RU","@id":"https:\/\/gohike.lv\/ru\/#\/schema\/logo\/image\/","url":"https:\/\/gohike.lv\/wp-content\/uploads\/2023\/08\/Logo_GoHike.webp","contentUrl":"https:\/\/gohike.lv\/wp-content\/uploads\/2023\/08\/Logo_GoHike.webp","width":512,"height":512,"caption":"GoHike"},"image":{"@id":"https:\/\/gohike.lv\/ru\/#\/schema\/logo\/image\/"},"sameAs":["https:\/\/www.facebook.com\/gohike.shop\/","https:\/\/www.instagram.com\/gohike.shop\/"]}]}},"jetpack_sharing_enabled":true,"_links":{"self":[{"href":"https:\/\/gohike.lv\/ru\/wp-json\/wp\/v2\/product\/52914","targetHints":{"allow":["GET"]}}],"collection":[{"href":"https:\/\/gohike.lv\/ru\/wp-json\/wp\/v2\/product"}],"about":[{"href":"https:\/\/gohike.lv\/ru\/wp-json\/wp\/v2\/types\/product"}],"version-history":[{"count":0,"href":"https:\/\/gohike.lv\/ru\/wp-json\/wp\/v2\/product\/52914\/revisions"}],"wp:featuredmedia":[{"embeddable":true,"href":"https:\/\/gohike.lv\/ru\/wp-json\/wp\/v2\/media\/28627"}],"wp:attachment":[{"href":"https:\/\/gohike.lv\/ru\/wp-json\/wp\/v2\/media?parent=52914"}],"wp:term":[{"taxonomy":"product_brand","embeddable":true,"href":"https:\/\/gohike.lv\/ru\/wp-json\/wp\/v2\/product_brand?post=52914"},{"taxonomy":"product_cat","embeddable":true,"href":"https:\/\/gohike.lv\/ru\/wp-json\/wp\/v2\/product_cat?post=52914"},{"taxonomy":"product_tag","embeddable":true,"href":"https:\/\/gohike.lv\/ru\/wp-json\/wp\/v2\/product_tag?post=52914"}],"curies":[{"name":"wp","href":"https:\/\/api.w.org\/{rel}","templated":true}]}}