{"id":52901,"date":"2024-05-07T11:30:31","date_gmt":"2024-05-07T08:30:31","guid":{"rendered":"https:\/\/gohike.lv\/produkts\/naturehike-antibakterials-atri-zustoss-dvielis\/"},"modified":"2025-12-30T17:10:20","modified_gmt":"2025-12-30T14:10:20","slug":"naturehike-antibakterials-atri-zustoss-dvielis","status":"publish","type":"product","link":"https:\/\/gohike.lv\/ru\/produkts\/naturehike-antibakterials-atri-zustoss-dvielis\/","title":{"rendered":"Naturehike &#8212; Antibakteri\u0101ls, \u0101tri \u017e\u016bsto\u0161s dvielis"},"content":{"rendered":"<p>\u0160is \u0101tri \u017e\u016bsto\u0161ais antibakteri\u0101lais dvielis ir lieliski piem\u0113rots ce\u013cojumiem.<br \/>\nLabi absorb\u0113 mitrumu. M\u012bksts audums.<br \/>\nPieejami divi izm\u0113ri.<br \/>\nModelis: NH20FS009;<br \/>\nKr\u0101sa: melna, zila, violeta;<br \/>\nMateri\u0101ls: 85% poliestera \u0161\u0137iedra, 15% spandekss;<br \/>\nSvars: S (66,7 g), L (284,5 g);<br \/>\nIzm\u0113ri:<br \/>\nIzm\u0113rs: S (100 x 30 cm), L (160 x 80 cm);<br \/>\nIzm\u0113ri saloc\u012bt\u0101 veid\u0101: S (10 x 16 cm), L (17 x 25,5 cm).<\/p>\n","protected":false},"excerpt":{"rendered":"<p>Sal\u012bdzinot ar parastajiem dvie\u013ciem, \u0101tri \u017e\u016bsto\u0161iem dvie\u013ciem ir augsta \u016bdens uzs\u016bk\u0161an\u0101s sp\u0113ja.<\/p>\n","protected":false},"featured_media":30228,"template":"","meta":[],"product_brand":[167],"product_cat":[1380],"product_tag":[],"class_list":{"0":"post-52901","1":"product","2":"type-product","3":"status-publish","4":"has-post-thumbnail","6":"product_brand-naturehike-lv","7":"product_cat-higiena","8":"pa_izmers-10030cm","9":"pa_izmers-16080cm","10":"pa_produkta-tips-dvieli","11":"pa_spalva-melns","12":"pa_spalva-violets","13":"pa_spalva-zils","15":"first","16":"instock","17":"taxable","18":"shipping-taxable","19":"purchasable","20":"product-type-variable","21":"has-default-attributes"},"raw_content":{"name":"Naturehike - Antibakteri\u0101ls, \u0101tri \u017e\u016bsto\u0161s dvielis","description":"\u0160is \u0101tri \u017e\u016bsto\u0161ais antibakteri\u0101lais dvielis ir lieliski piem\u0113rots ce\u013cojumiem.\nLabi absorb\u0113 mitrumu. M\u012bksts audums.\nPieejami divi izm\u0113ri.\nModelis: NH20FS009;\nKr\u0101sa: melna, zila, violeta;\nMateri\u0101ls: 85% poliestera \u0161\u0137iedra, 15% spandekss;\nSvars: S (66,7 g), L (284,5 g);\nIzm\u0113ri:\nIzm\u0113rs: S (100 x 30 cm), L (160 x 80 cm);\nIzm\u0113ri saloc\u012bt\u0101 veid\u0101: S (10 x 16 cm), L (17 x 25,5 cm).","short_description":"Sal\u012bdzinot ar parastajiem dvie\u013ciem, \u0101tri \u017e\u016bsto\u0161iem dvie\u013ciem ir augsta \u016bdens uzs\u016bk\u0161an\u0101s sp\u0113ja.","status":"publish","sku":"nat000179","original":52901},"wpml":{"translation_type":1,"has_translations":true,"original":52901,"duplicates":[],"translations":{"lv":52901,"en":68423,"ru":null}},"supplier_id":null,"supplier_sku":"","barcode":null,"atum_controlled":true,"out_stock_date":null,"out_stock_threshold":null,"inheritable":false,"inbound_stock":0,"stock_on_hold":0,"sold_today":0,"sales_last_days":0,"reserved_stock":0,"customer_returns":0,"warehouse_damage":0,"lost_in_post":0,"other_logs":0,"out_stock_days":0,"lost_sales":0,"has_location":null,"update_date":"2025-12-30T14:13:29","atum_locations":[],"atum_stock_status":"instock","restock_status":false,"low_stock_amount":"","sales_update_date":"2025-11-13T14:07:24","calc_backorders":null,"yoast_head":"<!-- This site is optimized with the Yoast SEO plugin v27.3 - https:\/\/yoast.com\/product\/yoast-seo-wordpress\/ -->\n<title>Naturehike - Antibakteri\u0101ls, \u0101tri \u017e\u016bsto\u0161s dvielis<\/title>\n<meta name=\"description\" content=\"Sal\u012bdzinot ar parastajiem dvie\u013ciem, \u0101tri \u017e\u016bsto\u0161iem dvie\u013ciem ir augsta \u016bdens uzs\u016bk\u0161an\u0101s sp\u0113ja.\" \/>\n<meta name=\"robots\" content=\"index, follow, max-snippet:-1, max-image-preview:large, max-video-preview:-1\" \/>\n<link rel=\"canonical\" href=\"https:\/\/gohike.lv\/ru\/produkts\/naturehike-antibakterials-atri-zustoss-dvielis\/\" \/>\n<meta property=\"og:locale\" content=\"ru_RU\" \/>\n<meta property=\"og:type\" content=\"article\" \/>\n<meta property=\"og:title\" content=\"Naturehike - Antibakteri\u0101ls \u0101tri \u017e\u016bsto\u0161s dvielis\" \/>\n<meta property=\"og:description\" content=\"Sal\u012bdzinot ar parastajiem dvie\u013ciem, \u0101tri \u017e\u016bsto\u0161iem dvie\u013ciem ir augsta \u016bdens uzs\u016bk\u0161an\u0101s sp\u0113ja.\" \/>\n<meta property=\"og:url\" content=\"https:\/\/gohike.lv\/ru\/produkts\/naturehike-antibakterials-atri-zustoss-dvielis\/\" \/>\n<meta property=\"og:site_name\" content=\"GoHike\" \/>\n<meta property=\"article:publisher\" content=\"https:\/\/www.facebook.com\/gohike.shop\/\" \/>\n<meta property=\"article:modified_time\" content=\"2025-12-30T14:10:20+00:00\" \/>\n<meta property=\"og:image\" content=\"https:\/\/gohike.lv\/wp-content\/uploads\/2024\/04\/QuickDryTowel_.webp\" \/>\n\t<meta property=\"og:image:width\" content=\"1500\" \/>\n\t<meta property=\"og:image:height\" content=\"1500\" \/>\n\t<meta property=\"og:image:type\" content=\"image\/webp\" \/>\n<meta name=\"twitter:card\" content=\"summary_large_image\" \/>\n<meta name=\"twitter:title\" content=\"Naturehike - Antibakteri\u0101ls \u0101tri \u017e\u016bsto\u0161s dvielis\" \/>\n<meta name=\"twitter:label1\" content=\"\u041f\u0440\u0438\u043c\u0435\u0440\u043d\u043e\u0435 \u0432\u0440\u0435\u043c\u044f \u0434\u043b\u044f \u0447\u0442\u0435\u043d\u0438\u044f\" \/>\n\t<meta name=\"twitter:data1\" content=\"1 \u043c\u0438\u043d\u0443\u0442\u0430\" \/>\n<script type=\"application\/ld+json\" class=\"yoast-schema-graph\">{\"@context\":\"https:\\\/\\\/schema.org\",\"@graph\":[{\"@type\":[\"WebPage\",\"ItemPage\"],\"@id\":\"https:\\\/\\\/gohike.lv\\\/ru\\\/produkts\\\/naturehike-antibakterials-atri-zustoss-dvielis\\\/\",\"url\":\"https:\\\/\\\/gohike.lv\\\/ru\\\/produkts\\\/naturehike-antibakterials-atri-zustoss-dvielis\\\/\",\"name\":\"Naturehike - Antibakteri\u0101ls, \u0101tri \u017e\u016bsto\u0161s dvielis\",\"isPartOf\":{\"@id\":\"https:\\\/\\\/gohike.lv\\\/ru\\\/#website\"},\"primaryImageOfPage\":{\"@id\":\"https:\\\/\\\/gohike.lv\\\/ru\\\/produkts\\\/naturehike-antibakterials-atri-zustoss-dvielis\\\/#primaryimage\"},\"image\":{\"@id\":\"https:\\\/\\\/gohike.lv\\\/ru\\\/produkts\\\/naturehike-antibakterials-atri-zustoss-dvielis\\\/#primaryimage\"},\"thumbnailUrl\":\"https:\\\/\\\/gohike.lv\\\/wp-content\\\/uploads\\\/2024\\\/04\\\/QuickDryTowel_.webp\",\"datePublished\":\"2024-05-07T08:30:31+00:00\",\"dateModified\":\"2025-12-30T14:10:20+00:00\",\"description\":\"Sal\u012bdzinot ar parastajiem dvie\u013ciem, \u0101tri \u017e\u016bsto\u0161iem dvie\u013ciem ir augsta \u016bdens uzs\u016bk\u0161an\u0101s sp\u0113ja.\",\"breadcrumb\":{\"@id\":\"https:\\\/\\\/gohike.lv\\\/ru\\\/produkts\\\/naturehike-antibakterials-atri-zustoss-dvielis\\\/#breadcrumb\"},\"inLanguage\":\"ru-RU\",\"potentialAction\":[{\"@type\":\"ReadAction\",\"target\":[\"https:\\\/\\\/gohike.lv\\\/ru\\\/produkts\\\/naturehike-antibakterials-atri-zustoss-dvielis\\\/\"]}]},{\"@type\":\"ImageObject\",\"inLanguage\":\"ru-RU\",\"@id\":\"https:\\\/\\\/gohike.lv\\\/ru\\\/produkts\\\/naturehike-antibakterials-atri-zustoss-dvielis\\\/#primaryimage\",\"url\":\"https:\\\/\\\/gohike.lv\\\/wp-content\\\/uploads\\\/2024\\\/04\\\/QuickDryTowel_.webp\",\"contentUrl\":\"https:\\\/\\\/gohike.lv\\\/wp-content\\\/uploads\\\/2024\\\/04\\\/QuickDryTowel_.webp\",\"width\":1500,\"height\":1500},{\"@type\":\"BreadcrumbList\",\"@id\":\"https:\\\/\\\/gohike.lv\\\/ru\\\/produkts\\\/naturehike-antibakterials-atri-zustoss-dvielis\\\/#breadcrumb\",\"itemListElement\":[{\"@type\":\"ListItem\",\"position\":1,\"name\":\"\u0413\u043b\u0430\u0432\u043d\u0430\u044f\",\"item\":\"https:\\\/\\\/gohike.lv\\\/ru\\\/\"},{\"@type\":\"ListItem\",\"position\":2,\"name\":\"\u041a\u0430\u0442\u0435\u0433\u043e\u0440\u0438\u0438 \u0442\u043e\u0432\u0430\u0440\u043e\u0432\",\"item\":\"https:\\\/\\\/gohike.lv\\\/%d0%ba%d0%b0%d1%82%d0%b5%d0%b3%d0%be%d1%80%d0%b8%d0%b8-%d1%82%d0%be%d0%b2%d0%b0%d1%80%d0%be%d0%b2\\\/\"},{\"@type\":\"ListItem\",\"position\":3,\"name\":\"Naturehike &#8211; Antibakteri\u0101ls, \u0101tri \u017e\u016bsto\u0161s dvielis\"}]},{\"@type\":\"WebSite\",\"@id\":\"https:\\\/\\\/gohike.lv\\\/ru\\\/#website\",\"url\":\"https:\\\/\\\/gohike.lv\\\/ru\\\/\",\"name\":\"GoHike\",\"description\":\"\",\"publisher\":{\"@id\":\"https:\\\/\\\/gohike.lv\\\/ru\\\/#organization\"},\"potentialAction\":[{\"@type\":\"SearchAction\",\"target\":{\"@type\":\"EntryPoint\",\"urlTemplate\":\"https:\\\/\\\/gohike.lv\\\/ru\\\/?s={search_term_string}\"},\"query-input\":{\"@type\":\"PropertyValueSpecification\",\"valueRequired\":true,\"valueName\":\"search_term_string\"}}],\"inLanguage\":\"ru-RU\"},{\"@type\":\"Organization\",\"@id\":\"https:\\\/\\\/gohike.lv\\\/ru\\\/#organization\",\"name\":\"GoHike\",\"url\":\"https:\\\/\\\/gohike.lv\\\/ru\\\/\",\"logo\":{\"@type\":\"ImageObject\",\"inLanguage\":\"ru-RU\",\"@id\":\"https:\\\/\\\/gohike.lv\\\/ru\\\/#\\\/schema\\\/logo\\\/image\\\/\",\"url\":\"https:\\\/\\\/gohike.lv\\\/wp-content\\\/uploads\\\/2023\\\/08\\\/Logo_GoHike.webp\",\"contentUrl\":\"https:\\\/\\\/gohike.lv\\\/wp-content\\\/uploads\\\/2023\\\/08\\\/Logo_GoHike.webp\",\"width\":512,\"height\":512,\"caption\":\"GoHike\"},\"image\":{\"@id\":\"https:\\\/\\\/gohike.lv\\\/ru\\\/#\\\/schema\\\/logo\\\/image\\\/\"},\"sameAs\":[\"https:\\\/\\\/www.facebook.com\\\/gohike.shop\\\/\",\"https:\\\/\\\/www.instagram.com\\\/gohike.shop\\\/\"]}]}<\/script>\n<!-- \/ Yoast SEO plugin. -->","yoast_head_json":{"title":"Naturehike - Antibakteri\u0101ls, \u0101tri \u017e\u016bsto\u0161s dvielis","description":"Sal\u012bdzinot ar parastajiem dvie\u013ciem, \u0101tri \u017e\u016bsto\u0161iem dvie\u013ciem ir augsta \u016bdens uzs\u016bk\u0161an\u0101s sp\u0113ja.","robots":{"index":"index","follow":"follow","max-snippet":"max-snippet:-1","max-image-preview":"max-image-preview:large","max-video-preview":"max-video-preview:-1"},"canonical":"https:\/\/gohike.lv\/ru\/produkts\/naturehike-antibakterials-atri-zustoss-dvielis\/","og_locale":"ru_RU","og_type":"article","og_title":"Naturehike - Antibakteri\u0101ls \u0101tri \u017e\u016bsto\u0161s dvielis","og_description":"Sal\u012bdzinot ar parastajiem dvie\u013ciem, \u0101tri \u017e\u016bsto\u0161iem dvie\u013ciem ir augsta \u016bdens uzs\u016bk\u0161an\u0101s sp\u0113ja.","og_url":"https:\/\/gohike.lv\/ru\/produkts\/naturehike-antibakterials-atri-zustoss-dvielis\/","og_site_name":"GoHike","article_publisher":"https:\/\/www.facebook.com\/gohike.shop\/","article_modified_time":"2025-12-30T14:10:20+00:00","og_image":[{"width":1500,"height":1500,"url":"https:\/\/gohike.lv\/wp-content\/uploads\/2024\/04\/QuickDryTowel_.webp","type":"image\/webp"}],"twitter_card":"summary_large_image","twitter_title":"Naturehike - Antibakteri\u0101ls \u0101tri \u017e\u016bsto\u0161s dvielis","twitter_misc":{"\u041f\u0440\u0438\u043c\u0435\u0440\u043d\u043e\u0435 \u0432\u0440\u0435\u043c\u044f \u0434\u043b\u044f \u0447\u0442\u0435\u043d\u0438\u044f":"1 \u043c\u0438\u043d\u0443\u0442\u0430"},"schema":{"@context":"https:\/\/schema.org","@graph":[{"@type":["WebPage","ItemPage"],"@id":"https:\/\/gohike.lv\/ru\/produkts\/naturehike-antibakterials-atri-zustoss-dvielis\/","url":"https:\/\/gohike.lv\/ru\/produkts\/naturehike-antibakterials-atri-zustoss-dvielis\/","name":"Naturehike - Antibakteri\u0101ls, \u0101tri \u017e\u016bsto\u0161s dvielis","isPartOf":{"@id":"https:\/\/gohike.lv\/ru\/#website"},"primaryImageOfPage":{"@id":"https:\/\/gohike.lv\/ru\/produkts\/naturehike-antibakterials-atri-zustoss-dvielis\/#primaryimage"},"image":{"@id":"https:\/\/gohike.lv\/ru\/produkts\/naturehike-antibakterials-atri-zustoss-dvielis\/#primaryimage"},"thumbnailUrl":"https:\/\/gohike.lv\/wp-content\/uploads\/2024\/04\/QuickDryTowel_.webp","datePublished":"2024-05-07T08:30:31+00:00","dateModified":"2025-12-30T14:10:20+00:00","description":"Sal\u012bdzinot ar parastajiem dvie\u013ciem, \u0101tri \u017e\u016bsto\u0161iem dvie\u013ciem ir augsta \u016bdens uzs\u016bk\u0161an\u0101s sp\u0113ja.","breadcrumb":{"@id":"https:\/\/gohike.lv\/ru\/produkts\/naturehike-antibakterials-atri-zustoss-dvielis\/#breadcrumb"},"inLanguage":"ru-RU","potentialAction":[{"@type":"ReadAction","target":["https:\/\/gohike.lv\/ru\/produkts\/naturehike-antibakterials-atri-zustoss-dvielis\/"]}]},{"@type":"ImageObject","inLanguage":"ru-RU","@id":"https:\/\/gohike.lv\/ru\/produkts\/naturehike-antibakterials-atri-zustoss-dvielis\/#primaryimage","url":"https:\/\/gohike.lv\/wp-content\/uploads\/2024\/04\/QuickDryTowel_.webp","contentUrl":"https:\/\/gohike.lv\/wp-content\/uploads\/2024\/04\/QuickDryTowel_.webp","width":1500,"height":1500},{"@type":"BreadcrumbList","@id":"https:\/\/gohike.lv\/ru\/produkts\/naturehike-antibakterials-atri-zustoss-dvielis\/#breadcrumb","itemListElement":[{"@type":"ListItem","position":1,"name":"\u0413\u043b\u0430\u0432\u043d\u0430\u044f","item":"https:\/\/gohike.lv\/ru\/"},{"@type":"ListItem","position":2,"name":"\u041a\u0430\u0442\u0435\u0433\u043e\u0440\u0438\u0438 \u0442\u043e\u0432\u0430\u0440\u043e\u0432","item":"https:\/\/gohike.lv\/%d0%ba%d0%b0%d1%82%d0%b5%d0%b3%d0%be%d1%80%d0%b8%d0%b8-%d1%82%d0%be%d0%b2%d0%b0%d1%80%d0%be%d0%b2\/"},{"@type":"ListItem","position":3,"name":"Naturehike &#8211; Antibakteri\u0101ls, \u0101tri \u017e\u016bsto\u0161s dvielis"}]},{"@type":"WebSite","@id":"https:\/\/gohike.lv\/ru\/#website","url":"https:\/\/gohike.lv\/ru\/","name":"GoHike","description":"","publisher":{"@id":"https:\/\/gohike.lv\/ru\/#organization"},"potentialAction":[{"@type":"SearchAction","target":{"@type":"EntryPoint","urlTemplate":"https:\/\/gohike.lv\/ru\/?s={search_term_string}"},"query-input":{"@type":"PropertyValueSpecification","valueRequired":true,"valueName":"search_term_string"}}],"inLanguage":"ru-RU"},{"@type":"Organization","@id":"https:\/\/gohike.lv\/ru\/#organization","name":"GoHike","url":"https:\/\/gohike.lv\/ru\/","logo":{"@type":"ImageObject","inLanguage":"ru-RU","@id":"https:\/\/gohike.lv\/ru\/#\/schema\/logo\/image\/","url":"https:\/\/gohike.lv\/wp-content\/uploads\/2023\/08\/Logo_GoHike.webp","contentUrl":"https:\/\/gohike.lv\/wp-content\/uploads\/2023\/08\/Logo_GoHike.webp","width":512,"height":512,"caption":"GoHike"},"image":{"@id":"https:\/\/gohike.lv\/ru\/#\/schema\/logo\/image\/"},"sameAs":["https:\/\/www.facebook.com\/gohike.shop\/","https:\/\/www.instagram.com\/gohike.shop\/"]}]}},"jetpack_sharing_enabled":true,"_links":{"self":[{"href":"https:\/\/gohike.lv\/ru\/wp-json\/wp\/v2\/product\/52901","targetHints":{"allow":["GET"]}}],"collection":[{"href":"https:\/\/gohike.lv\/ru\/wp-json\/wp\/v2\/product"}],"about":[{"href":"https:\/\/gohike.lv\/ru\/wp-json\/wp\/v2\/types\/product"}],"version-history":[{"count":0,"href":"https:\/\/gohike.lv\/ru\/wp-json\/wp\/v2\/product\/52901\/revisions"}],"wp:featuredmedia":[{"embeddable":true,"href":"https:\/\/gohike.lv\/ru\/wp-json\/wp\/v2\/media\/30228"}],"wp:attachment":[{"href":"https:\/\/gohike.lv\/ru\/wp-json\/wp\/v2\/media?parent=52901"}],"wp:term":[{"taxonomy":"product_brand","embeddable":true,"href":"https:\/\/gohike.lv\/ru\/wp-json\/wp\/v2\/product_brand?post=52901"},{"taxonomy":"product_cat","embeddable":true,"href":"https:\/\/gohike.lv\/ru\/wp-json\/wp\/v2\/product_cat?post=52901"},{"taxonomy":"product_tag","embeddable":true,"href":"https:\/\/gohike.lv\/ru\/wp-json\/wp\/v2\/product_tag?post=52901"}],"curies":[{"name":"wp","href":"https:\/\/api.w.org\/{rel}","templated":true}]}}