{"id":52883,"date":"2024-05-07T11:29:38","date_gmt":"2024-05-07T08:29:38","guid":{"rendered":"https:\/\/gohike.lv\/produkts\/naturehike-dc-c06-flyingboat-02-3-in-1-pret-moskitu-supultikls\/"},"modified":"2025-12-30T17:25:05","modified_gmt":"2025-12-30T14:25:05","slug":"naturehike-dc-c06-flyingboat-02-3-in-1-pret-moskitu-supultikls","status":"publish","type":"product","link":"https:\/\/gohike.lv\/ru\/produkts\/naturehike-dc-c06-flyingboat-02-3-in-1-pret-moskitu-supultikls\/","title":{"rendered":"Naturehike &#8212; DC-C06 Flyingboat 3-in-1 \u0161\u016bpu\u013ct\u012bkls ar ieb\u016bv\u0113tu mosk\u012btu t\u012bklu"},"content":{"rendered":"<p>Pateicoties \u012bpa\u0161ajam dizainam, \u0161\u016bpu\u013ct\u012bkls atg\u0101dina laivu, kas kar\u0101jas gais\u0101.<br \/>\nMosk\u012btu t\u012bkls ir izstiepts divos izliektos lokos un veido mucas formas kokonu.<br \/>\nBl\u012bvs siets ne\u013cauj kukai\u0146iem iek\u013c\u016bt \u0161\u016bpu\u013ct\u012bkl\u0101.<br \/>\n\u0160\u016bpu\u013ct\u012bkls var veiksm\u012bgi aizst\u0101t telti silt\u0101s, saus\u0101s nakt\u012bs.<br \/>\n\u0160\u016bpu\u013ct\u012bkla materi\u0101ls ir gais\u012bgs un elpojo\u0161s, \u013caujot gaisam cirkul\u0113t.<br \/>\n\u0160\u016bpu\u013ct\u012bkls ir nostiprin\u0101ts ar div\u0101m smag\u0101m poliestera siksn\u0101m ar karab\u012bn\u0113m.<br \/>\nTo var ar\u012b stiprin\u0101t pie zemes, izmantojot komplekt\u0101cij\u0101 iek\u013cautos kna\u0123us.<br \/>\nPateicoties \u012bpa\u0161ajam dizainam, var nov\u0113rst apg\u0101\u0161anos, \u012bpa\u0161i miega laik\u0101.<br \/>\nIr s\u0101nu kabata nelielu lietu glab\u0101\u0161anai.<\/p>\n","protected":false},"excerpt":{"rendered":"<p><span style=\"font-size: 10pt; line-height: 14.266666px; , sans-serif;background-image: none; background-position: 0% 0%; background-size: auto; background-repeat: repeat; background-attachment: scroll;\">Daudzpus\u012bgs p\u0101rg\u0101jienu \u0161\u016bpu\u013ct\u012bkls ar ieb\u016bv\u0113tu mosk\u012btu t\u012bklu, pateicoties t\u0101 dizainam, to var izmantot ar vai bez t\u012bkla. \u0160\u016bpu\u013ct\u012bkls var\u00a0<\/span><span style=\"font-size: 10pt; line-height: 14.266666px; , sans-serif;background-image: none; background-position: 0% 0%; background-size: auto; background-repeat: repeat; background-attachment: scroll;\">iztur\u0113t slodzi l\u012bdz 200 kg un ir piem\u0113rots diviem cilv\u0113kiem.<\/span><\/p>\n","protected":false},"featured_media":30584,"template":"","meta":[],"product_brand":[167],"product_cat":[4526],"product_tag":[],"class_list":{"0":"post-52883","1":"product","2":"type-product","3":"status-publish","4":"has-post-thumbnail","6":"product_brand-naturehike-lv","7":"product_cat-supultikli","8":"pa_izmeriscm-290x140","9":"pa_izmers-divvietigs","10":"pa_izturiba-200kg","11":"pa_materiali-210t-70d-izpletna-virve-izgatavota-no-neilona-augstas-izturibas-poliestera-7075-aviacijas-aluminija-sakausejuma-stabs-spradze-kapsanai","12":"pa_produkta-tips-supultikli","13":"pa_spalva-armijas-zals","14":"pa_spalva-melns","16":"first","17":"instock","18":"taxable","19":"shipping-taxable","20":"purchasable","21":"product-type-variable","22":"has-default-attributes"},"raw_content":{"name":"Naturehike - DC-C06 Flyingboat 3-in-1 \u0161\u016bpu\u013ct\u012bkls ar ieb\u016bv\u0113tu mosk\u012btu t\u012bklu","description":"Pateicoties \u012bpa\u0161ajam dizainam, \u0161\u016bpu\u013ct\u012bkls atg\u0101dina laivu, kas kar\u0101jas gais\u0101.\nMosk\u012btu t\u012bkls ir izstiepts divos izliektos lokos un veido mucas formas kokonu.\nBl\u012bvs siets ne\u013cauj kukai\u0146iem iek\u013c\u016bt \u0161\u016bpu\u013ct\u012bkl\u0101.\n\u0160\u016bpu\u013ct\u012bkls var veiksm\u012bgi aizst\u0101t telti silt\u0101s, saus\u0101s nakt\u012bs.\n\u0160\u016bpu\u013ct\u012bkla materi\u0101ls ir gais\u012bgs un elpojo\u0161s, \u013caujot gaisam cirkul\u0113t.\n\u0160\u016bpu\u013ct\u012bkls ir nostiprin\u0101ts ar div\u0101m smag\u0101m poliestera siksn\u0101m ar karab\u012bn\u0113m.\nTo var ar\u012b stiprin\u0101t pie zemes, izmantojot komplekt\u0101cij\u0101 iek\u013cautos kna\u0123us.\nPateicoties \u012bpa\u0161ajam dizainam, var nov\u0113rst apg\u0101\u0161anos, \u012bpa\u0161i miega laik\u0101.\nIr s\u0101nu kabata nelielu lietu glab\u0101\u0161anai.","short_description":"<span style=\"font-size: 10pt; line-height: 14.266666px; , sans-serif;background-image: none; background-position: 0% 0%; background-size: auto; background-repeat: repeat; background-attachment: scroll;\">Daudzpus\u012bgs p\u0101rg\u0101jienu \u0161\u016bpu\u013ct\u012bkls ar ieb\u016bv\u0113tu mosk\u012btu t\u012bklu, pateicoties t\u0101 dizainam, to var izmantot ar vai bez t\u012bkla. \u0160\u016bpu\u013ct\u012bkls var\u00a0<\/span><span style=\"font-size: 10pt; line-height: 14.266666px; , sans-serif;background-image: none; background-position: 0% 0%; background-size: auto; background-repeat: repeat; background-attachment: scroll;\">iztur\u0113t slodzi l\u012bdz 200 kg un ir piem\u0113rots diviem cilv\u0113kiem.<\/span>","status":"publish","sku":"nat000176","original":52883},"wpml":{"translation_type":1,"has_translations":true,"original":52883,"duplicates":[],"translations":{"lv":52883,"en":68434,"ru":null}},"supplier_id":null,"supplier_sku":"","barcode":null,"atum_controlled":true,"out_stock_date":null,"out_stock_threshold":null,"inheritable":false,"inbound_stock":0,"stock_on_hold":0,"sold_today":0,"sales_last_days":0,"reserved_stock":0,"customer_returns":0,"warehouse_damage":0,"lost_in_post":0,"other_logs":0,"out_stock_days":0,"lost_sales":0,"has_location":null,"update_date":"2025-12-30T14:30:39","atum_locations":[],"atum_stock_status":"outofstock","restock_status":false,"low_stock_amount":"","sales_update_date":"2025-11-13T14:07:41","calc_backorders":null,"yoast_head":"<!-- This site is optimized with the Yoast SEO plugin v27.3 - https:\/\/yoast.com\/product\/yoast-seo-wordpress\/ -->\n<title>Naturehike - DC-C06 Flyingboat 3-in-1 \u0161\u016bpu\u013ct\u012bkls ar ieb\u016bv\u0113tu mosk\u012btu t\u012bklu.<\/title>\n<meta name=\"description\" content=\"Daudzpus\u012bgs p\u0101rg\u0101jienu \u0161\u016bpu\u013ct\u012bkls ar ieb\u016bv\u0113tu mosk\u012btu t\u012bklu, pateicoties t\u0101 dizainam, to var izmantot ar vai bez t\u012bkla. \u0160\u016bpu\u013ct\u012bkls var\u00a0iztur\u0113t slodzi l\u012bdz 200 kg un ir piem\u0113rots diviem cilv\u0113kiem.\" \/>\n<meta name=\"robots\" content=\"index, follow, max-snippet:-1, max-image-preview:large, max-video-preview:-1\" \/>\n<link rel=\"canonical\" href=\"https:\/\/gohike.lv\/ru\/produkts\/naturehike-dc-c06-flyingboat-02-3-in-1-pret-moskitu-supultikls\/\" \/>\n<meta property=\"og:locale\" content=\"ru_RU\" \/>\n<meta property=\"og:type\" content=\"article\" \/>\n<meta property=\"og:title\" content=\"Naturehike - DC-C06-Flyingboat 02 3-in-1 pret mosk\u012btu \u0161\u016bpu\u013ct\u012bkls\" \/>\n<meta property=\"og:description\" content=\"Daudzpus\u012bgs p\u0101rg\u0101jienu \u0161\u016bpu\u013ct\u012bkls ar ieb\u016bv\u0113tu mosk\u012btu t\u012bklu, pateicoties t\u0101 dizainam, to var izmantot ar vai bez t\u012bkla. \u0160\u016bpu\u013ct\u012bkls var\u00a0iztur\u0113t slodzi l\u012bdz 200 kg un ir piem\u0113rots diviem cilv\u0113kiem.\" \/>\n<meta property=\"og:url\" content=\"https:\/\/gohike.lv\/ru\/produkts\/naturehike-dc-c06-flyingboat-02-3-in-1-pret-moskitu-supultikls\/\" \/>\n<meta property=\"og:site_name\" content=\"GoHike\" \/>\n<meta property=\"article:publisher\" content=\"https:\/\/www.facebook.com\/gohike.shop\/\" \/>\n<meta property=\"article:modified_time\" content=\"2025-12-30T14:25:05+00:00\" \/>\n<meta property=\"og:image\" content=\"https:\/\/gohike.lv\/wp-content\/uploads\/2024\/04\/DC-C06_black.png\" \/>\n\t<meta property=\"og:image:width\" content=\"500\" \/>\n\t<meta property=\"og:image:height\" content=\"500\" \/>\n\t<meta property=\"og:image:type\" content=\"image\/png\" \/>\n<meta name=\"twitter:card\" content=\"summary_large_image\" \/>\n<meta name=\"twitter:title\" content=\"Naturehike - DC-C06-Flyingboat 02 3-in-1 pret mosk\u012btu \u0161\u016bpu\u013ct\u012bkls\" \/>\n<meta name=\"twitter:label1\" content=\"\u041f\u0440\u0438\u043c\u0435\u0440\u043d\u043e\u0435 \u0432\u0440\u0435\u043c\u044f \u0434\u043b\u044f \u0447\u0442\u0435\u043d\u0438\u044f\" \/>\n\t<meta name=\"twitter:data1\" content=\"1 \u043c\u0438\u043d\u0443\u0442\u0430\" \/>\n<script type=\"application\/ld+json\" class=\"yoast-schema-graph\">{\"@context\":\"https:\\\/\\\/schema.org\",\"@graph\":[{\"@type\":[\"WebPage\",\"ItemPage\"],\"@id\":\"https:\\\/\\\/gohike.lv\\\/ru\\\/produkts\\\/naturehike-dc-c06-flyingboat-02-3-in-1-pret-moskitu-supultikls\\\/\",\"url\":\"https:\\\/\\\/gohike.lv\\\/ru\\\/produkts\\\/naturehike-dc-c06-flyingboat-02-3-in-1-pret-moskitu-supultikls\\\/\",\"name\":\"Naturehike - DC-C06 Flyingboat 3-in-1 \u0161\u016bpu\u013ct\u012bkls ar ieb\u016bv\u0113tu mosk\u012btu t\u012bklu.\",\"isPartOf\":{\"@id\":\"https:\\\/\\\/gohike.lv\\\/ru\\\/#website\"},\"primaryImageOfPage\":{\"@id\":\"https:\\\/\\\/gohike.lv\\\/ru\\\/produkts\\\/naturehike-dc-c06-flyingboat-02-3-in-1-pret-moskitu-supultikls\\\/#primaryimage\"},\"image\":{\"@id\":\"https:\\\/\\\/gohike.lv\\\/ru\\\/produkts\\\/naturehike-dc-c06-flyingboat-02-3-in-1-pret-moskitu-supultikls\\\/#primaryimage\"},\"thumbnailUrl\":\"https:\\\/\\\/gohike.lv\\\/wp-content\\\/uploads\\\/2024\\\/04\\\/DC-C06_black.png\",\"datePublished\":\"2024-05-07T08:29:38+00:00\",\"dateModified\":\"2025-12-30T14:25:05+00:00\",\"description\":\"Daudzpus\u012bgs p\u0101rg\u0101jienu \u0161\u016bpu\u013ct\u012bkls ar ieb\u016bv\u0113tu mosk\u012btu t\u012bklu, pateicoties t\u0101 dizainam, to var izmantot ar vai bez t\u012bkla. \u0160\u016bpu\u013ct\u012bkls var\u00a0iztur\u0113t slodzi l\u012bdz 200 kg un ir piem\u0113rots diviem cilv\u0113kiem.\",\"breadcrumb\":{\"@id\":\"https:\\\/\\\/gohike.lv\\\/ru\\\/produkts\\\/naturehike-dc-c06-flyingboat-02-3-in-1-pret-moskitu-supultikls\\\/#breadcrumb\"},\"inLanguage\":\"ru-RU\",\"potentialAction\":[{\"@type\":\"ReadAction\",\"target\":[\"https:\\\/\\\/gohike.lv\\\/ru\\\/produkts\\\/naturehike-dc-c06-flyingboat-02-3-in-1-pret-moskitu-supultikls\\\/\"]}]},{\"@type\":\"ImageObject\",\"inLanguage\":\"ru-RU\",\"@id\":\"https:\\\/\\\/gohike.lv\\\/ru\\\/produkts\\\/naturehike-dc-c06-flyingboat-02-3-in-1-pret-moskitu-supultikls\\\/#primaryimage\",\"url\":\"https:\\\/\\\/gohike.lv\\\/wp-content\\\/uploads\\\/2024\\\/04\\\/DC-C06_black.png\",\"contentUrl\":\"https:\\\/\\\/gohike.lv\\\/wp-content\\\/uploads\\\/2024\\\/04\\\/DC-C06_black.png\",\"width\":500,\"height\":500},{\"@type\":\"BreadcrumbList\",\"@id\":\"https:\\\/\\\/gohike.lv\\\/ru\\\/produkts\\\/naturehike-dc-c06-flyingboat-02-3-in-1-pret-moskitu-supultikls\\\/#breadcrumb\",\"itemListElement\":[{\"@type\":\"ListItem\",\"position\":1,\"name\":\"\u0413\u043b\u0430\u0432\u043d\u0430\u044f\",\"item\":\"https:\\\/\\\/gohike.lv\\\/ru\\\/\"},{\"@type\":\"ListItem\",\"position\":2,\"name\":\"\u041a\u0430\u0442\u0435\u0433\u043e\u0440\u0438\u0438 \u0442\u043e\u0432\u0430\u0440\u043e\u0432\",\"item\":\"https:\\\/\\\/gohike.lv\\\/%d0%ba%d0%b0%d1%82%d0%b5%d0%b3%d0%be%d1%80%d0%b8%d0%b8-%d1%82%d0%be%d0%b2%d0%b0%d1%80%d0%be%d0%b2\\\/\"},{\"@type\":\"ListItem\",\"position\":3,\"name\":\"Naturehike &#8211; DC-C06 Flyingboat 3-in-1 \u0161\u016bpu\u013ct\u012bkls ar ieb\u016bv\u0113tu mosk\u012btu t\u012bklu\"}]},{\"@type\":\"WebSite\",\"@id\":\"https:\\\/\\\/gohike.lv\\\/ru\\\/#website\",\"url\":\"https:\\\/\\\/gohike.lv\\\/ru\\\/\",\"name\":\"GoHike\",\"description\":\"\",\"publisher\":{\"@id\":\"https:\\\/\\\/gohike.lv\\\/ru\\\/#organization\"},\"potentialAction\":[{\"@type\":\"SearchAction\",\"target\":{\"@type\":\"EntryPoint\",\"urlTemplate\":\"https:\\\/\\\/gohike.lv\\\/ru\\\/?s={search_term_string}\"},\"query-input\":{\"@type\":\"PropertyValueSpecification\",\"valueRequired\":true,\"valueName\":\"search_term_string\"}}],\"inLanguage\":\"ru-RU\"},{\"@type\":\"Organization\",\"@id\":\"https:\\\/\\\/gohike.lv\\\/ru\\\/#organization\",\"name\":\"GoHike\",\"url\":\"https:\\\/\\\/gohike.lv\\\/ru\\\/\",\"logo\":{\"@type\":\"ImageObject\",\"inLanguage\":\"ru-RU\",\"@id\":\"https:\\\/\\\/gohike.lv\\\/ru\\\/#\\\/schema\\\/logo\\\/image\\\/\",\"url\":\"https:\\\/\\\/gohike.lv\\\/wp-content\\\/uploads\\\/2023\\\/08\\\/Logo_GoHike.webp\",\"contentUrl\":\"https:\\\/\\\/gohike.lv\\\/wp-content\\\/uploads\\\/2023\\\/08\\\/Logo_GoHike.webp\",\"width\":512,\"height\":512,\"caption\":\"GoHike\"},\"image\":{\"@id\":\"https:\\\/\\\/gohike.lv\\\/ru\\\/#\\\/schema\\\/logo\\\/image\\\/\"},\"sameAs\":[\"https:\\\/\\\/www.facebook.com\\\/gohike.shop\\\/\",\"https:\\\/\\\/www.instagram.com\\\/gohike.shop\\\/\"]}]}<\/script>\n<!-- \/ Yoast SEO plugin. -->","yoast_head_json":{"title":"Naturehike - DC-C06 Flyingboat 3-in-1 \u0161\u016bpu\u013ct\u012bkls ar ieb\u016bv\u0113tu mosk\u012btu t\u012bklu.","description":"Daudzpus\u012bgs p\u0101rg\u0101jienu \u0161\u016bpu\u013ct\u012bkls ar ieb\u016bv\u0113tu mosk\u012btu t\u012bklu, pateicoties t\u0101 dizainam, to var izmantot ar vai bez t\u012bkla. \u0160\u016bpu\u013ct\u012bkls var\u00a0iztur\u0113t slodzi l\u012bdz 200 kg un ir piem\u0113rots diviem cilv\u0113kiem.","robots":{"index":"index","follow":"follow","max-snippet":"max-snippet:-1","max-image-preview":"max-image-preview:large","max-video-preview":"max-video-preview:-1"},"canonical":"https:\/\/gohike.lv\/ru\/produkts\/naturehike-dc-c06-flyingboat-02-3-in-1-pret-moskitu-supultikls\/","og_locale":"ru_RU","og_type":"article","og_title":"Naturehike - DC-C06-Flyingboat 02 3-in-1 pret mosk\u012btu \u0161\u016bpu\u013ct\u012bkls","og_description":"Daudzpus\u012bgs p\u0101rg\u0101jienu \u0161\u016bpu\u013ct\u012bkls ar ieb\u016bv\u0113tu mosk\u012btu t\u012bklu, pateicoties t\u0101 dizainam, to var izmantot ar vai bez t\u012bkla. \u0160\u016bpu\u013ct\u012bkls var\u00a0iztur\u0113t slodzi l\u012bdz 200 kg un ir piem\u0113rots diviem cilv\u0113kiem.","og_url":"https:\/\/gohike.lv\/ru\/produkts\/naturehike-dc-c06-flyingboat-02-3-in-1-pret-moskitu-supultikls\/","og_site_name":"GoHike","article_publisher":"https:\/\/www.facebook.com\/gohike.shop\/","article_modified_time":"2025-12-30T14:25:05+00:00","og_image":[{"width":500,"height":500,"url":"https:\/\/gohike.lv\/wp-content\/uploads\/2024\/04\/DC-C06_black.png","type":"image\/png"}],"twitter_card":"summary_large_image","twitter_title":"Naturehike - DC-C06-Flyingboat 02 3-in-1 pret mosk\u012btu \u0161\u016bpu\u013ct\u012bkls","twitter_misc":{"\u041f\u0440\u0438\u043c\u0435\u0440\u043d\u043e\u0435 \u0432\u0440\u0435\u043c\u044f \u0434\u043b\u044f \u0447\u0442\u0435\u043d\u0438\u044f":"1 \u043c\u0438\u043d\u0443\u0442\u0430"},"schema":{"@context":"https:\/\/schema.org","@graph":[{"@type":["WebPage","ItemPage"],"@id":"https:\/\/gohike.lv\/ru\/produkts\/naturehike-dc-c06-flyingboat-02-3-in-1-pret-moskitu-supultikls\/","url":"https:\/\/gohike.lv\/ru\/produkts\/naturehike-dc-c06-flyingboat-02-3-in-1-pret-moskitu-supultikls\/","name":"Naturehike - DC-C06 Flyingboat 3-in-1 \u0161\u016bpu\u013ct\u012bkls ar ieb\u016bv\u0113tu mosk\u012btu t\u012bklu.","isPartOf":{"@id":"https:\/\/gohike.lv\/ru\/#website"},"primaryImageOfPage":{"@id":"https:\/\/gohike.lv\/ru\/produkts\/naturehike-dc-c06-flyingboat-02-3-in-1-pret-moskitu-supultikls\/#primaryimage"},"image":{"@id":"https:\/\/gohike.lv\/ru\/produkts\/naturehike-dc-c06-flyingboat-02-3-in-1-pret-moskitu-supultikls\/#primaryimage"},"thumbnailUrl":"https:\/\/gohike.lv\/wp-content\/uploads\/2024\/04\/DC-C06_black.png","datePublished":"2024-05-07T08:29:38+00:00","dateModified":"2025-12-30T14:25:05+00:00","description":"Daudzpus\u012bgs p\u0101rg\u0101jienu \u0161\u016bpu\u013ct\u012bkls ar ieb\u016bv\u0113tu mosk\u012btu t\u012bklu, pateicoties t\u0101 dizainam, to var izmantot ar vai bez t\u012bkla. \u0160\u016bpu\u013ct\u012bkls var\u00a0iztur\u0113t slodzi l\u012bdz 200 kg un ir piem\u0113rots diviem cilv\u0113kiem.","breadcrumb":{"@id":"https:\/\/gohike.lv\/ru\/produkts\/naturehike-dc-c06-flyingboat-02-3-in-1-pret-moskitu-supultikls\/#breadcrumb"},"inLanguage":"ru-RU","potentialAction":[{"@type":"ReadAction","target":["https:\/\/gohike.lv\/ru\/produkts\/naturehike-dc-c06-flyingboat-02-3-in-1-pret-moskitu-supultikls\/"]}]},{"@type":"ImageObject","inLanguage":"ru-RU","@id":"https:\/\/gohike.lv\/ru\/produkts\/naturehike-dc-c06-flyingboat-02-3-in-1-pret-moskitu-supultikls\/#primaryimage","url":"https:\/\/gohike.lv\/wp-content\/uploads\/2024\/04\/DC-C06_black.png","contentUrl":"https:\/\/gohike.lv\/wp-content\/uploads\/2024\/04\/DC-C06_black.png","width":500,"height":500},{"@type":"BreadcrumbList","@id":"https:\/\/gohike.lv\/ru\/produkts\/naturehike-dc-c06-flyingboat-02-3-in-1-pret-moskitu-supultikls\/#breadcrumb","itemListElement":[{"@type":"ListItem","position":1,"name":"\u0413\u043b\u0430\u0432\u043d\u0430\u044f","item":"https:\/\/gohike.lv\/ru\/"},{"@type":"ListItem","position":2,"name":"\u041a\u0430\u0442\u0435\u0433\u043e\u0440\u0438\u0438 \u0442\u043e\u0432\u0430\u0440\u043e\u0432","item":"https:\/\/gohike.lv\/%d0%ba%d0%b0%d1%82%d0%b5%d0%b3%d0%be%d1%80%d0%b8%d0%b8-%d1%82%d0%be%d0%b2%d0%b0%d1%80%d0%be%d0%b2\/"},{"@type":"ListItem","position":3,"name":"Naturehike &#8211; DC-C06 Flyingboat 3-in-1 \u0161\u016bpu\u013ct\u012bkls ar ieb\u016bv\u0113tu mosk\u012btu t\u012bklu"}]},{"@type":"WebSite","@id":"https:\/\/gohike.lv\/ru\/#website","url":"https:\/\/gohike.lv\/ru\/","name":"GoHike","description":"","publisher":{"@id":"https:\/\/gohike.lv\/ru\/#organization"},"potentialAction":[{"@type":"SearchAction","target":{"@type":"EntryPoint","urlTemplate":"https:\/\/gohike.lv\/ru\/?s={search_term_string}"},"query-input":{"@type":"PropertyValueSpecification","valueRequired":true,"valueName":"search_term_string"}}],"inLanguage":"ru-RU"},{"@type":"Organization","@id":"https:\/\/gohike.lv\/ru\/#organization","name":"GoHike","url":"https:\/\/gohike.lv\/ru\/","logo":{"@type":"ImageObject","inLanguage":"ru-RU","@id":"https:\/\/gohike.lv\/ru\/#\/schema\/logo\/image\/","url":"https:\/\/gohike.lv\/wp-content\/uploads\/2023\/08\/Logo_GoHike.webp","contentUrl":"https:\/\/gohike.lv\/wp-content\/uploads\/2023\/08\/Logo_GoHike.webp","width":512,"height":512,"caption":"GoHike"},"image":{"@id":"https:\/\/gohike.lv\/ru\/#\/schema\/logo\/image\/"},"sameAs":["https:\/\/www.facebook.com\/gohike.shop\/","https:\/\/www.instagram.com\/gohike.shop\/"]}]}},"jetpack_sharing_enabled":true,"_links":{"self":[{"href":"https:\/\/gohike.lv\/ru\/wp-json\/wp\/v2\/product\/52883","targetHints":{"allow":["GET"]}}],"collection":[{"href":"https:\/\/gohike.lv\/ru\/wp-json\/wp\/v2\/product"}],"about":[{"href":"https:\/\/gohike.lv\/ru\/wp-json\/wp\/v2\/types\/product"}],"version-history":[{"count":0,"href":"https:\/\/gohike.lv\/ru\/wp-json\/wp\/v2\/product\/52883\/revisions"}],"wp:featuredmedia":[{"embeddable":true,"href":"https:\/\/gohike.lv\/ru\/wp-json\/wp\/v2\/media\/30584"}],"wp:attachment":[{"href":"https:\/\/gohike.lv\/ru\/wp-json\/wp\/v2\/media?parent=52883"}],"wp:term":[{"taxonomy":"product_brand","embeddable":true,"href":"https:\/\/gohike.lv\/ru\/wp-json\/wp\/v2\/product_brand?post=52883"},{"taxonomy":"product_cat","embeddable":true,"href":"https:\/\/gohike.lv\/ru\/wp-json\/wp\/v2\/product_cat?post=52883"},{"taxonomy":"product_tag","embeddable":true,"href":"https:\/\/gohike.lv\/ru\/wp-json\/wp\/v2\/product_tag?post=52883"}],"curies":[{"name":"wp","href":"https:\/\/api.w.org\/{rel}","templated":true}]}}