{"id":52879,"date":"2024-05-07T11:29:23","date_gmt":"2024-05-07T08:29:23","guid":{"rendered":"https:\/\/gohike.lv\/produkts\/naturehike-dc-c05-supultikls-ar-izliektu-stieni-un-apgasanas-aizsardzibu\/"},"modified":"2026-01-10T07:19:07","modified_gmt":"2026-01-10T04:19:07","slug":"naturehike-dc-c05-supultikls-ar-izliektu-stieni-un-apgasanas-aizsardzibu","status":"publish","type":"product","link":"https:\/\/gohike.lv\/ru\/produkts\/naturehike-dc-c05-supultikls-ar-izliektu-stieni-un-apgasanas-aizsardzibu\/","title":{"rendered":"Naturehike &#8212; DC-C05 \u0160\u016bpu\u013ct\u012bkls ar apg\u0101\u0161an\u0101s aizsardz\u012bbu"},"content":{"rendered":"<p>Nodro\u0161ina \u0113rtu atp\u016btu svaig\u0101 gais\u0101. Arku dizains nov\u0113r\u0161 negaid\u012btu apg\u0101\u0161anos.<br \/>\n\u0160\u016bpu\u013ct\u012bkla materi\u0101ls ir augstas stipr\u012bbas neilons \u2013 tas nepl\u012bst un ir nodilumiztur\u012bgs.<br \/>\nKomplekt\u0101 ietilpst maci\u0146\u0161 transport\u0113\u0161anai un uzglab\u0101\u0161anai.<br \/>\nPiem\u0113rots gan b\u0113rniem, gan pieaugu\u0161ajiem.<\/p>\n","protected":false},"excerpt":{"rendered":"<p>\u0160\u016bpu\u013ct\u012bkls ar stabilizatoriem, liels un viegls.<\/p>\n","protected":false},"featured_media":54461,"template":"","meta":[],"product_brand":[167],"product_cat":[9447,4526],"product_tag":[],"class_list":{"0":"post-52879","1":"product","2":"type-product","3":"status-publish","4":"has-post-thumbnail","6":"product_brand-naturehike-lv","7":"product_cat-izpardosana","8":"product_cat-supultikli","9":"pa_izmeriscm-270x140","10":"pa_izmers-divvietigs","11":"pa_izturiba-200kg","12":"pa_krasa-oranzs","13":"pa_krasa-tumsi-zils","14":"pa_materiali-austs-70d-neilons-poliesters","15":"pa_produkta-tips-supultikli","17":"first","18":"instock","19":"sale","20":"taxable","21":"shipping-taxable","22":"purchasable","23":"product-type-variable","24":"has-default-attributes"},"raw_content":{"name":"Naturehike - DC-C05 \u0160\u016bpu\u013ct\u012bkls ar apg\u0101\u0161an\u0101s aizsardz\u012bbu","description":"Nodro\u0161ina \u0113rtu atp\u016btu svaig\u0101 gais\u0101. Arku dizains nov\u0113r\u0161 negaid\u012btu apg\u0101\u0161anos.\r\n\u0160\u016bpu\u013ct\u012bkla materi\u0101ls ir augstas stipr\u012bbas neilons \u2013 tas nepl\u012bst un ir nodilumiztur\u012bgs.\r\nKomplekt\u0101 ietilpst maci\u0146\u0161 transport\u0113\u0161anai un uzglab\u0101\u0161anai.\r\nPiem\u0113rots gan b\u0113rniem, gan pieaugu\u0161ajiem.","short_description":"\u0160\u016bpu\u013ct\u012bkls ar stabilizatoriem, liels un viegls.","status":"publish","sku":"nat000175","original":52879},"wpml":{"translation_type":1,"has_translations":true,"original":52879,"duplicates":[],"translations":{"lv":52879,"en":68424,"ru":null}},"supplier_id":null,"supplier_sku":"","barcode":null,"atum_controlled":true,"out_stock_date":null,"out_stock_threshold":null,"inheritable":true,"inbound_stock":0,"stock_on_hold":0,"sold_today":0,"sales_last_days":0,"reserved_stock":0,"customer_returns":0,"warehouse_damage":0,"lost_in_post":0,"other_logs":0,"out_stock_days":0,"lost_sales":0,"has_location":false,"update_date":"2025-11-13T14:07:07","atum_locations":[],"atum_stock_status":"instock","restock_status":false,"low_stock_amount":"","sales_update_date":"2025-11-13T14:07:07","calc_backorders":null,"yoast_head":"<!-- This site is optimized with the Yoast SEO plugin v27.3 - https:\/\/yoast.com\/product\/yoast-seo-wordpress\/ -->\n<title>Naturehike - DC-C05 \u0160\u016bpu\u013ct\u012bkls ar apg\u0101\u0161an\u0101s aizsardz\u012bbu<\/title>\n<meta name=\"description\" content=\"\u0160\u016bpu\u013ct\u012bkls ar stabilizatoriem, liels un viegls.\" \/>\n<meta name=\"robots\" content=\"index, follow, max-snippet:-1, max-image-preview:large, max-video-preview:-1\" \/>\n<link rel=\"canonical\" href=\"https:\/\/gohike.lv\/ru\/produkts\/naturehike-dc-c05-supultikls-ar-izliektu-stieni-un-apgasanas-aizsardzibu\/\" \/>\n<meta property=\"og:locale\" content=\"ru_RU\" \/>\n<meta property=\"og:type\" content=\"article\" \/>\n<meta property=\"og:title\" content=\"Naturehike - DC-C05-\u0160\u016bpu\u013ct\u012bkls ar izliektu stieni un apg\u0101\u0161an\u0101s aizsardz\u012bbu\" \/>\n<meta property=\"og:description\" content=\"\u0160\u016bpu\u013ct\u012bkls ar stabilizatoriem, liels un viegls.\" \/>\n<meta property=\"og:url\" content=\"https:\/\/gohike.lv\/ru\/produkts\/naturehike-dc-c05-supultikls-ar-izliektu-stieni-un-apgasanas-aizsardzibu\/\" \/>\n<meta property=\"og:site_name\" content=\"GoHike\" \/>\n<meta property=\"article:publisher\" content=\"https:\/\/www.facebook.com\/gohike.shop\/\" \/>\n<meta property=\"article:modified_time\" content=\"2026-01-10T04:19:07+00:00\" \/>\n<meta property=\"og:image\" content=\"https:\/\/gohike.lv\/wp-content\/uploads\/2024\/05\/rybl70gflxtudc0qkxuradeqgkhap6in.jpg\" \/>\n\t<meta property=\"og:image:width\" content=\"720\" \/>\n\t<meta property=\"og:image:height\" content=\"720\" \/>\n\t<meta property=\"og:image:type\" content=\"image\/jpeg\" \/>\n<meta name=\"twitter:card\" content=\"summary_large_image\" \/>\n<meta name=\"twitter:title\" content=\"Naturehike - DC-C05-\u0160\u016bpu\u013ct\u012bkls ar izliektu stieni un apg\u0101\u0161an\u0101s aizsardz\u012bbu\" \/>\n<meta name=\"twitter:label1\" content=\"\u041f\u0440\u0438\u043c\u0435\u0440\u043d\u043e\u0435 \u0432\u0440\u0435\u043c\u044f \u0434\u043b\u044f \u0447\u0442\u0435\u043d\u0438\u044f\" \/>\n\t<meta name=\"twitter:data1\" content=\"1 \u043c\u0438\u043d\u0443\u0442\u0430\" \/>\n<script type=\"application\/ld+json\" class=\"yoast-schema-graph\">{\"@context\":\"https:\\\/\\\/schema.org\",\"@graph\":[{\"@type\":[\"WebPage\",\"ItemPage\"],\"@id\":\"https:\\\/\\\/gohike.lv\\\/ru\\\/produkts\\\/naturehike-dc-c05-supultikls-ar-izliektu-stieni-un-apgasanas-aizsardzibu\\\/\",\"url\":\"https:\\\/\\\/gohike.lv\\\/ru\\\/produkts\\\/naturehike-dc-c05-supultikls-ar-izliektu-stieni-un-apgasanas-aizsardzibu\\\/\",\"name\":\"Naturehike - DC-C05 \u0160\u016bpu\u013ct\u012bkls ar apg\u0101\u0161an\u0101s aizsardz\u012bbu\",\"isPartOf\":{\"@id\":\"https:\\\/\\\/gohike.lv\\\/ru\\\/#website\"},\"primaryImageOfPage\":{\"@id\":\"https:\\\/\\\/gohike.lv\\\/ru\\\/produkts\\\/naturehike-dc-c05-supultikls-ar-izliektu-stieni-un-apgasanas-aizsardzibu\\\/#primaryimage\"},\"image\":{\"@id\":\"https:\\\/\\\/gohike.lv\\\/ru\\\/produkts\\\/naturehike-dc-c05-supultikls-ar-izliektu-stieni-un-apgasanas-aizsardzibu\\\/#primaryimage\"},\"thumbnailUrl\":\"https:\\\/\\\/gohike.lv\\\/wp-content\\\/uploads\\\/2024\\\/05\\\/rybl70gflxtudc0qkxuradeqgkhap6in.jpg\",\"datePublished\":\"2024-05-07T08:29:23+00:00\",\"dateModified\":\"2026-01-10T04:19:07+00:00\",\"description\":\"\u0160\u016bpu\u013ct\u012bkls ar stabilizatoriem, liels un viegls.\",\"breadcrumb\":{\"@id\":\"https:\\\/\\\/gohike.lv\\\/ru\\\/produkts\\\/naturehike-dc-c05-supultikls-ar-izliektu-stieni-un-apgasanas-aizsardzibu\\\/#breadcrumb\"},\"inLanguage\":\"ru-RU\",\"potentialAction\":[{\"@type\":\"ReadAction\",\"target\":[\"https:\\\/\\\/gohike.lv\\\/ru\\\/produkts\\\/naturehike-dc-c05-supultikls-ar-izliektu-stieni-un-apgasanas-aizsardzibu\\\/\"]}]},{\"@type\":\"ImageObject\",\"inLanguage\":\"ru-RU\",\"@id\":\"https:\\\/\\\/gohike.lv\\\/ru\\\/produkts\\\/naturehike-dc-c05-supultikls-ar-izliektu-stieni-un-apgasanas-aizsardzibu\\\/#primaryimage\",\"url\":\"https:\\\/\\\/gohike.lv\\\/wp-content\\\/uploads\\\/2024\\\/05\\\/rybl70gflxtudc0qkxuradeqgkhap6in.jpg\",\"contentUrl\":\"https:\\\/\\\/gohike.lv\\\/wp-content\\\/uploads\\\/2024\\\/05\\\/rybl70gflxtudc0qkxuradeqgkhap6in.jpg\",\"width\":720,\"height\":720},{\"@type\":\"BreadcrumbList\",\"@id\":\"https:\\\/\\\/gohike.lv\\\/ru\\\/produkts\\\/naturehike-dc-c05-supultikls-ar-izliektu-stieni-un-apgasanas-aizsardzibu\\\/#breadcrumb\",\"itemListElement\":[{\"@type\":\"ListItem\",\"position\":1,\"name\":\"\u0413\u043b\u0430\u0432\u043d\u0430\u044f\",\"item\":\"https:\\\/\\\/gohike.lv\\\/ru\\\/\"},{\"@type\":\"ListItem\",\"position\":2,\"name\":\"\u041a\u0430\u0442\u0435\u0433\u043e\u0440\u0438\u0438 \u0442\u043e\u0432\u0430\u0440\u043e\u0432\",\"item\":\"https:\\\/\\\/gohike.lv\\\/%d0%ba%d0%b0%d1%82%d0%b5%d0%b3%d0%be%d1%80%d0%b8%d0%b8-%d1%82%d0%be%d0%b2%d0%b0%d1%80%d0%be%d0%b2\\\/\"},{\"@type\":\"ListItem\",\"position\":3,\"name\":\"Naturehike &#8211; DC-C05 \u0160\u016bpu\u013ct\u012bkls ar apg\u0101\u0161an\u0101s aizsardz\u012bbu\"}]},{\"@type\":\"WebSite\",\"@id\":\"https:\\\/\\\/gohike.lv\\\/ru\\\/#website\",\"url\":\"https:\\\/\\\/gohike.lv\\\/ru\\\/\",\"name\":\"GoHike\",\"description\":\"\",\"publisher\":{\"@id\":\"https:\\\/\\\/gohike.lv\\\/ru\\\/#organization\"},\"potentialAction\":[{\"@type\":\"SearchAction\",\"target\":{\"@type\":\"EntryPoint\",\"urlTemplate\":\"https:\\\/\\\/gohike.lv\\\/ru\\\/?s={search_term_string}\"},\"query-input\":{\"@type\":\"PropertyValueSpecification\",\"valueRequired\":true,\"valueName\":\"search_term_string\"}}],\"inLanguage\":\"ru-RU\"},{\"@type\":\"Organization\",\"@id\":\"https:\\\/\\\/gohike.lv\\\/ru\\\/#organization\",\"name\":\"GoHike\",\"url\":\"https:\\\/\\\/gohike.lv\\\/ru\\\/\",\"logo\":{\"@type\":\"ImageObject\",\"inLanguage\":\"ru-RU\",\"@id\":\"https:\\\/\\\/gohike.lv\\\/ru\\\/#\\\/schema\\\/logo\\\/image\\\/\",\"url\":\"https:\\\/\\\/gohike.lv\\\/wp-content\\\/uploads\\\/2023\\\/08\\\/Logo_GoHike.webp\",\"contentUrl\":\"https:\\\/\\\/gohike.lv\\\/wp-content\\\/uploads\\\/2023\\\/08\\\/Logo_GoHike.webp\",\"width\":512,\"height\":512,\"caption\":\"GoHike\"},\"image\":{\"@id\":\"https:\\\/\\\/gohike.lv\\\/ru\\\/#\\\/schema\\\/logo\\\/image\\\/\"},\"sameAs\":[\"https:\\\/\\\/www.facebook.com\\\/gohike.shop\\\/\",\"https:\\\/\\\/www.instagram.com\\\/gohike.shop\\\/\"]}]}<\/script>\n<!-- \/ Yoast SEO plugin. -->","yoast_head_json":{"title":"Naturehike - DC-C05 \u0160\u016bpu\u013ct\u012bkls ar apg\u0101\u0161an\u0101s aizsardz\u012bbu","description":"\u0160\u016bpu\u013ct\u012bkls ar stabilizatoriem, liels un viegls.","robots":{"index":"index","follow":"follow","max-snippet":"max-snippet:-1","max-image-preview":"max-image-preview:large","max-video-preview":"max-video-preview:-1"},"canonical":"https:\/\/gohike.lv\/ru\/produkts\/naturehike-dc-c05-supultikls-ar-izliektu-stieni-un-apgasanas-aizsardzibu\/","og_locale":"ru_RU","og_type":"article","og_title":"Naturehike - DC-C05-\u0160\u016bpu\u013ct\u012bkls ar izliektu stieni un apg\u0101\u0161an\u0101s aizsardz\u012bbu","og_description":"\u0160\u016bpu\u013ct\u012bkls ar stabilizatoriem, liels un viegls.","og_url":"https:\/\/gohike.lv\/ru\/produkts\/naturehike-dc-c05-supultikls-ar-izliektu-stieni-un-apgasanas-aizsardzibu\/","og_site_name":"GoHike","article_publisher":"https:\/\/www.facebook.com\/gohike.shop\/","article_modified_time":"2026-01-10T04:19:07+00:00","og_image":[{"width":720,"height":720,"url":"https:\/\/gohike.lv\/wp-content\/uploads\/2024\/05\/rybl70gflxtudc0qkxuradeqgkhap6in.jpg","type":"image\/jpeg"}],"twitter_card":"summary_large_image","twitter_title":"Naturehike - DC-C05-\u0160\u016bpu\u013ct\u012bkls ar izliektu stieni un apg\u0101\u0161an\u0101s aizsardz\u012bbu","twitter_misc":{"\u041f\u0440\u0438\u043c\u0435\u0440\u043d\u043e\u0435 \u0432\u0440\u0435\u043c\u044f \u0434\u043b\u044f \u0447\u0442\u0435\u043d\u0438\u044f":"1 \u043c\u0438\u043d\u0443\u0442\u0430"},"schema":{"@context":"https:\/\/schema.org","@graph":[{"@type":["WebPage","ItemPage"],"@id":"https:\/\/gohike.lv\/ru\/produkts\/naturehike-dc-c05-supultikls-ar-izliektu-stieni-un-apgasanas-aizsardzibu\/","url":"https:\/\/gohike.lv\/ru\/produkts\/naturehike-dc-c05-supultikls-ar-izliektu-stieni-un-apgasanas-aizsardzibu\/","name":"Naturehike - DC-C05 \u0160\u016bpu\u013ct\u012bkls ar apg\u0101\u0161an\u0101s aizsardz\u012bbu","isPartOf":{"@id":"https:\/\/gohike.lv\/ru\/#website"},"primaryImageOfPage":{"@id":"https:\/\/gohike.lv\/ru\/produkts\/naturehike-dc-c05-supultikls-ar-izliektu-stieni-un-apgasanas-aizsardzibu\/#primaryimage"},"image":{"@id":"https:\/\/gohike.lv\/ru\/produkts\/naturehike-dc-c05-supultikls-ar-izliektu-stieni-un-apgasanas-aizsardzibu\/#primaryimage"},"thumbnailUrl":"https:\/\/gohike.lv\/wp-content\/uploads\/2024\/05\/rybl70gflxtudc0qkxuradeqgkhap6in.jpg","datePublished":"2024-05-07T08:29:23+00:00","dateModified":"2026-01-10T04:19:07+00:00","description":"\u0160\u016bpu\u013ct\u012bkls ar stabilizatoriem, liels un viegls.","breadcrumb":{"@id":"https:\/\/gohike.lv\/ru\/produkts\/naturehike-dc-c05-supultikls-ar-izliektu-stieni-un-apgasanas-aizsardzibu\/#breadcrumb"},"inLanguage":"ru-RU","potentialAction":[{"@type":"ReadAction","target":["https:\/\/gohike.lv\/ru\/produkts\/naturehike-dc-c05-supultikls-ar-izliektu-stieni-un-apgasanas-aizsardzibu\/"]}]},{"@type":"ImageObject","inLanguage":"ru-RU","@id":"https:\/\/gohike.lv\/ru\/produkts\/naturehike-dc-c05-supultikls-ar-izliektu-stieni-un-apgasanas-aizsardzibu\/#primaryimage","url":"https:\/\/gohike.lv\/wp-content\/uploads\/2024\/05\/rybl70gflxtudc0qkxuradeqgkhap6in.jpg","contentUrl":"https:\/\/gohike.lv\/wp-content\/uploads\/2024\/05\/rybl70gflxtudc0qkxuradeqgkhap6in.jpg","width":720,"height":720},{"@type":"BreadcrumbList","@id":"https:\/\/gohike.lv\/ru\/produkts\/naturehike-dc-c05-supultikls-ar-izliektu-stieni-un-apgasanas-aizsardzibu\/#breadcrumb","itemListElement":[{"@type":"ListItem","position":1,"name":"\u0413\u043b\u0430\u0432\u043d\u0430\u044f","item":"https:\/\/gohike.lv\/ru\/"},{"@type":"ListItem","position":2,"name":"\u041a\u0430\u0442\u0435\u0433\u043e\u0440\u0438\u0438 \u0442\u043e\u0432\u0430\u0440\u043e\u0432","item":"https:\/\/gohike.lv\/%d0%ba%d0%b0%d1%82%d0%b5%d0%b3%d0%be%d1%80%d0%b8%d0%b8-%d1%82%d0%be%d0%b2%d0%b0%d1%80%d0%be%d0%b2\/"},{"@type":"ListItem","position":3,"name":"Naturehike &#8211; DC-C05 \u0160\u016bpu\u013ct\u012bkls ar apg\u0101\u0161an\u0101s aizsardz\u012bbu"}]},{"@type":"WebSite","@id":"https:\/\/gohike.lv\/ru\/#website","url":"https:\/\/gohike.lv\/ru\/","name":"GoHike","description":"","publisher":{"@id":"https:\/\/gohike.lv\/ru\/#organization"},"potentialAction":[{"@type":"SearchAction","target":{"@type":"EntryPoint","urlTemplate":"https:\/\/gohike.lv\/ru\/?s={search_term_string}"},"query-input":{"@type":"PropertyValueSpecification","valueRequired":true,"valueName":"search_term_string"}}],"inLanguage":"ru-RU"},{"@type":"Organization","@id":"https:\/\/gohike.lv\/ru\/#organization","name":"GoHike","url":"https:\/\/gohike.lv\/ru\/","logo":{"@type":"ImageObject","inLanguage":"ru-RU","@id":"https:\/\/gohike.lv\/ru\/#\/schema\/logo\/image\/","url":"https:\/\/gohike.lv\/wp-content\/uploads\/2023\/08\/Logo_GoHike.webp","contentUrl":"https:\/\/gohike.lv\/wp-content\/uploads\/2023\/08\/Logo_GoHike.webp","width":512,"height":512,"caption":"GoHike"},"image":{"@id":"https:\/\/gohike.lv\/ru\/#\/schema\/logo\/image\/"},"sameAs":["https:\/\/www.facebook.com\/gohike.shop\/","https:\/\/www.instagram.com\/gohike.shop\/"]}]}},"jetpack_sharing_enabled":true,"_links":{"self":[{"href":"https:\/\/gohike.lv\/ru\/wp-json\/wp\/v2\/product\/52879","targetHints":{"allow":["GET"]}}],"collection":[{"href":"https:\/\/gohike.lv\/ru\/wp-json\/wp\/v2\/product"}],"about":[{"href":"https:\/\/gohike.lv\/ru\/wp-json\/wp\/v2\/types\/product"}],"version-history":[{"count":0,"href":"https:\/\/gohike.lv\/ru\/wp-json\/wp\/v2\/product\/52879\/revisions"}],"wp:featuredmedia":[{"embeddable":true,"href":"https:\/\/gohike.lv\/ru\/wp-json\/wp\/v2\/media\/54461"}],"wp:attachment":[{"href":"https:\/\/gohike.lv\/ru\/wp-json\/wp\/v2\/media?parent=52879"}],"wp:term":[{"taxonomy":"product_brand","embeddable":true,"href":"https:\/\/gohike.lv\/ru\/wp-json\/wp\/v2\/product_brand?post=52879"},{"taxonomy":"product_cat","embeddable":true,"href":"https:\/\/gohike.lv\/ru\/wp-json\/wp\/v2\/product_cat?post=52879"},{"taxonomy":"product_tag","embeddable":true,"href":"https:\/\/gohike.lv\/ru\/wp-json\/wp\/v2\/product_tag?post=52879"}],"curies":[{"name":"wp","href":"https:\/\/api.w.org\/{rel}","templated":true}]}}