{"id":52866,"date":"2024-05-07T11:28:56","date_gmt":"2024-05-07T08:28:56","guid":{"rendered":"https:\/\/gohike.lv\/produkts\/naturehike-ara-petrolejas-lampa\/"},"modified":"2025-12-30T17:10:20","modified_gmt":"2025-12-30T14:10:20","slug":"naturehike-ara-petrolejas-lampa","status":"publish","type":"product","link":"https:\/\/gohike.lv\/ru\/produkts\/naturehike-ara-petrolejas-lampa\/","title":{"rendered":"Naturehike &#8212; \u0100ra petrolejas lampa"},"content":{"rendered":"<p>Lampai ir triecieniztur\u012bga met\u0101la konstrukcija un korpuss, kas pasarg\u0101 lampu no smil\u0161u, putek\u013cu un mitruma iek\u013c\u016b\u0161anas.<br \/>\nPetrolejas lampu ir \u0113rti piekarin\u0101t, izmantojot rokturi.<br \/>\nLampas lieto\u0161anas laiks ir aptuveni 14 stundas ar vienreiz\u0113ju 200 ml e\u013c\u013cas tvertnes uzpildi.<br \/>\nIr liesmas regulators, pateicoties kuram, var regul\u0113t apgaismojumu.<br \/>\nTurkl\u0101t Naturehike lampu var izmantot k\u0101 sild\u012bt\u0101ju, jo liesmai degot, t\u0101 rada iev\u0113rojamu siltuma daudzumu.<br \/>\nRaksturlielumi:<br \/>\nTips: petrolejas lampa;<br \/>\nLieto\u0161anas laiks: 14 stundas\/200 ml e\u013c\u013cas;<br \/>\nE\u013c\u013cas tvertnes tilpums: 200 ml;<br \/>\nMateri\u0101ls: met\u0101ls;<br \/>\nIzm\u0113ri: 155x116x350 mm;<br \/>\nLampas dakts: 130 mm;<br \/>\nSvars: 500 g.<\/p>\n","protected":false},"excerpt":{"rendered":"<p>Naturehike petrolejas lampa ir ide\u0101li piem\u0113rota lieto\u0161anai kemping\u0101 vai p\u0101rg\u0101jien\u0101.<\/p>\n","protected":false},"featured_media":29776,"template":"","meta":[],"product_brand":[167],"product_cat":[1643],"product_tag":[],"class_list":{"0":"post-52866","1":"product","2":"type-product","3":"status-publish","4":"has-post-thumbnail","6":"product_brand-naturehike-lv","7":"product_cat-elektronika","8":"pa_produkta-tips-kempinga-lukturi","9":"pa_spalva-haki","10":"pa_spalva-zals","12":"first","13":"outofstock","14":"taxable","15":"shipping-taxable","16":"purchasable","17":"product-type-variable","18":"has-default-attributes"},"raw_content":{"name":"Naturehike - \u0100ra petrolejas lampa","description":"Lampai ir triecieniztur\u012bga met\u0101la konstrukcija un korpuss, kas pasarg\u0101 lampu no smil\u0161u, putek\u013cu un mitruma iek\u013c\u016b\u0161anas.\nPetrolejas lampu ir \u0113rti piekarin\u0101t, izmantojot rokturi.\nLampas lieto\u0161anas laiks ir aptuveni 14 stundas ar vienreiz\u0113ju 200 ml e\u013c\u013cas tvertnes uzpildi.\nIr liesmas regulators, pateicoties kuram, var regul\u0113t apgaismojumu.\nTurkl\u0101t Naturehike lampu var izmantot k\u0101 sild\u012bt\u0101ju, jo liesmai degot, t\u0101 rada iev\u0113rojamu siltuma daudzumu.\nRaksturlielumi:\nTips: petrolejas lampa;\nLieto\u0161anas laiks: 14 stundas\/200 ml e\u013c\u013cas;\nE\u013c\u013cas tvertnes tilpums: 200 ml;\nMateri\u0101ls: met\u0101ls;\nIzm\u0113ri: 155x116x350 mm;\nLampas dakts: 130 mm;\nSvars: 500 g.","short_description":"Naturehike petrolejas lampa ir ide\u0101li piem\u0113rota lieto\u0161anai kemping\u0101 vai p\u0101rg\u0101jien\u0101.","status":"publish","sku":"nat000172","original":52866},"wpml":{"translation_type":1,"has_translations":true,"original":52866,"duplicates":[],"translations":{"lv":52866,"en":68404,"ru":null}},"supplier_id":null,"supplier_sku":"","barcode":null,"atum_controlled":true,"out_stock_date":null,"out_stock_threshold":null,"inheritable":false,"inbound_stock":0,"stock_on_hold":0,"sold_today":0,"sales_last_days":0,"reserved_stock":0,"customer_returns":0,"warehouse_damage":0,"lost_in_post":0,"other_logs":0,"out_stock_days":0,"lost_sales":0,"has_location":null,"update_date":"2025-12-30T14:13:29","atum_locations":[],"atum_stock_status":"outofstock","restock_status":false,"low_stock_amount":"","sales_update_date":"2025-11-13T14:07:24","calc_backorders":null,"yoast_head":"<!-- This site is optimized with the Yoast SEO plugin v27.3 - https:\/\/yoast.com\/product\/yoast-seo-wordpress\/ -->\n<title>Naturehike - \u0100ra petrolejas lampa<\/title>\n<meta name=\"description\" content=\"Naturehike petrolejas lampa ir ide\u0101li piem\u0113rota lieto\u0161anai kemping\u0101 vai p\u0101rg\u0101jien\u0101. Lampas lieto\u0161anas laiks ir 14 stundas ar vienreiz\u0113ju 200 ml e\u013c\u013cas tvertnes uzpildi.\" \/>\n<meta name=\"robots\" content=\"index, follow, max-snippet:-1, max-image-preview:large, max-video-preview:-1\" \/>\n<link rel=\"canonical\" href=\"https:\/\/gohike.lv\/ru\/produkts\/naturehike-ara-petrolejas-lampa\/\" \/>\n<meta property=\"og:locale\" content=\"ru_RU\" \/>\n<meta property=\"og:type\" content=\"article\" \/>\n<meta property=\"og:title\" content=\"Naturehike - \u0100ra petrolejas lampa\" \/>\n<meta property=\"og:description\" content=\"Naturehike petrolejas lampa ir ide\u0101li piem\u0113rota lieto\u0161anai kemping\u0101 vai p\u0101rg\u0101jien\u0101. Lampas lieto\u0161anas laiks ir 14 stundas ar vienreiz\u0113ju 200 ml e\u013c\u013cas tvertnes uzpildi.\" \/>\n<meta property=\"og:url\" content=\"https:\/\/gohike.lv\/ru\/produkts\/naturehike-ara-petrolejas-lampa\/\" \/>\n<meta property=\"og:site_name\" content=\"GoHike\" \/>\n<meta property=\"article:publisher\" content=\"https:\/\/www.facebook.com\/gohike.shop\/\" \/>\n<meta property=\"article:modified_time\" content=\"2025-12-30T14:10:20+00:00\" \/>\n<meta property=\"og:image\" content=\"https:\/\/gohike.lv\/wp-content\/uploads\/2024\/04\/Kerosene_lamp_khaki.webp\" \/>\n\t<meta property=\"og:image:width\" content=\"800\" \/>\n\t<meta property=\"og:image:height\" content=\"800\" \/>\n\t<meta property=\"og:image:type\" content=\"image\/webp\" \/>\n<meta name=\"twitter:card\" content=\"summary_large_image\" \/>\n<meta name=\"twitter:title\" content=\"Naturehike - \u0100ra petrolejas lampa\" \/>\n<meta name=\"twitter:label1\" content=\"\u041f\u0440\u0438\u043c\u0435\u0440\u043d\u043e\u0435 \u0432\u0440\u0435\u043c\u044f \u0434\u043b\u044f \u0447\u0442\u0435\u043d\u0438\u044f\" \/>\n\t<meta name=\"twitter:data1\" content=\"1 \u043c\u0438\u043d\u0443\u0442\u0430\" \/>\n<script type=\"application\/ld+json\" class=\"yoast-schema-graph\">{\"@context\":\"https:\\\/\\\/schema.org\",\"@graph\":[{\"@type\":[\"WebPage\",\"ItemPage\"],\"@id\":\"https:\\\/\\\/gohike.lv\\\/ru\\\/produkts\\\/naturehike-ara-petrolejas-lampa\\\/\",\"url\":\"https:\\\/\\\/gohike.lv\\\/ru\\\/produkts\\\/naturehike-ara-petrolejas-lampa\\\/\",\"name\":\"Naturehike - \u0100ra petrolejas lampa\",\"isPartOf\":{\"@id\":\"https:\\\/\\\/gohike.lv\\\/ru\\\/#website\"},\"primaryImageOfPage\":{\"@id\":\"https:\\\/\\\/gohike.lv\\\/ru\\\/produkts\\\/naturehike-ara-petrolejas-lampa\\\/#primaryimage\"},\"image\":{\"@id\":\"https:\\\/\\\/gohike.lv\\\/ru\\\/produkts\\\/naturehike-ara-petrolejas-lampa\\\/#primaryimage\"},\"thumbnailUrl\":\"https:\\\/\\\/gohike.lv\\\/wp-content\\\/uploads\\\/2024\\\/04\\\/Kerosene_lamp_khaki.webp\",\"datePublished\":\"2024-05-07T08:28:56+00:00\",\"dateModified\":\"2025-12-30T14:10:20+00:00\",\"description\":\"Naturehike petrolejas lampa ir ide\u0101li piem\u0113rota lieto\u0161anai kemping\u0101 vai p\u0101rg\u0101jien\u0101. Lampas lieto\u0161anas laiks ir 14 stundas ar vienreiz\u0113ju 200 ml e\u013c\u013cas tvertnes uzpildi.\",\"breadcrumb\":{\"@id\":\"https:\\\/\\\/gohike.lv\\\/ru\\\/produkts\\\/naturehike-ara-petrolejas-lampa\\\/#breadcrumb\"},\"inLanguage\":\"ru-RU\",\"potentialAction\":[{\"@type\":\"ReadAction\",\"target\":[\"https:\\\/\\\/gohike.lv\\\/ru\\\/produkts\\\/naturehike-ara-petrolejas-lampa\\\/\"]}]},{\"@type\":\"ImageObject\",\"inLanguage\":\"ru-RU\",\"@id\":\"https:\\\/\\\/gohike.lv\\\/ru\\\/produkts\\\/naturehike-ara-petrolejas-lampa\\\/#primaryimage\",\"url\":\"https:\\\/\\\/gohike.lv\\\/wp-content\\\/uploads\\\/2024\\\/04\\\/Kerosene_lamp_khaki.webp\",\"contentUrl\":\"https:\\\/\\\/gohike.lv\\\/wp-content\\\/uploads\\\/2024\\\/04\\\/Kerosene_lamp_khaki.webp\",\"width\":800,\"height\":800},{\"@type\":\"BreadcrumbList\",\"@id\":\"https:\\\/\\\/gohike.lv\\\/ru\\\/produkts\\\/naturehike-ara-petrolejas-lampa\\\/#breadcrumb\",\"itemListElement\":[{\"@type\":\"ListItem\",\"position\":1,\"name\":\"\u0413\u043b\u0430\u0432\u043d\u0430\u044f\",\"item\":\"https:\\\/\\\/gohike.lv\\\/ru\\\/\"},{\"@type\":\"ListItem\",\"position\":2,\"name\":\"\u041a\u0430\u0442\u0435\u0433\u043e\u0440\u0438\u0438 \u0442\u043e\u0432\u0430\u0440\u043e\u0432\",\"item\":\"https:\\\/\\\/gohike.lv\\\/%d0%ba%d0%b0%d1%82%d0%b5%d0%b3%d0%be%d1%80%d0%b8%d0%b8-%d1%82%d0%be%d0%b2%d0%b0%d1%80%d0%be%d0%b2\\\/\"},{\"@type\":\"ListItem\",\"position\":3,\"name\":\"Naturehike &#8211; \u0100ra petrolejas lampa\"}]},{\"@type\":\"WebSite\",\"@id\":\"https:\\\/\\\/gohike.lv\\\/ru\\\/#website\",\"url\":\"https:\\\/\\\/gohike.lv\\\/ru\\\/\",\"name\":\"GoHike\",\"description\":\"\",\"publisher\":{\"@id\":\"https:\\\/\\\/gohike.lv\\\/ru\\\/#organization\"},\"potentialAction\":[{\"@type\":\"SearchAction\",\"target\":{\"@type\":\"EntryPoint\",\"urlTemplate\":\"https:\\\/\\\/gohike.lv\\\/ru\\\/?s={search_term_string}\"},\"query-input\":{\"@type\":\"PropertyValueSpecification\",\"valueRequired\":true,\"valueName\":\"search_term_string\"}}],\"inLanguage\":\"ru-RU\"},{\"@type\":\"Organization\",\"@id\":\"https:\\\/\\\/gohike.lv\\\/ru\\\/#organization\",\"name\":\"GoHike\",\"url\":\"https:\\\/\\\/gohike.lv\\\/ru\\\/\",\"logo\":{\"@type\":\"ImageObject\",\"inLanguage\":\"ru-RU\",\"@id\":\"https:\\\/\\\/gohike.lv\\\/ru\\\/#\\\/schema\\\/logo\\\/image\\\/\",\"url\":\"https:\\\/\\\/gohike.lv\\\/wp-content\\\/uploads\\\/2023\\\/08\\\/Logo_GoHike.webp\",\"contentUrl\":\"https:\\\/\\\/gohike.lv\\\/wp-content\\\/uploads\\\/2023\\\/08\\\/Logo_GoHike.webp\",\"width\":512,\"height\":512,\"caption\":\"GoHike\"},\"image\":{\"@id\":\"https:\\\/\\\/gohike.lv\\\/ru\\\/#\\\/schema\\\/logo\\\/image\\\/\"},\"sameAs\":[\"https:\\\/\\\/www.facebook.com\\\/gohike.shop\\\/\",\"https:\\\/\\\/www.instagram.com\\\/gohike.shop\\\/\"]}]}<\/script>\n<!-- \/ Yoast SEO plugin. -->","yoast_head_json":{"title":"Naturehike - \u0100ra petrolejas lampa","description":"Naturehike petrolejas lampa ir ide\u0101li piem\u0113rota lieto\u0161anai kemping\u0101 vai p\u0101rg\u0101jien\u0101. Lampas lieto\u0161anas laiks ir 14 stundas ar vienreiz\u0113ju 200 ml e\u013c\u013cas tvertnes uzpildi.","robots":{"index":"index","follow":"follow","max-snippet":"max-snippet:-1","max-image-preview":"max-image-preview:large","max-video-preview":"max-video-preview:-1"},"canonical":"https:\/\/gohike.lv\/ru\/produkts\/naturehike-ara-petrolejas-lampa\/","og_locale":"ru_RU","og_type":"article","og_title":"Naturehike - \u0100ra petrolejas lampa","og_description":"Naturehike petrolejas lampa ir ide\u0101li piem\u0113rota lieto\u0161anai kemping\u0101 vai p\u0101rg\u0101jien\u0101. Lampas lieto\u0161anas laiks ir 14 stundas ar vienreiz\u0113ju 200 ml e\u013c\u013cas tvertnes uzpildi.","og_url":"https:\/\/gohike.lv\/ru\/produkts\/naturehike-ara-petrolejas-lampa\/","og_site_name":"GoHike","article_publisher":"https:\/\/www.facebook.com\/gohike.shop\/","article_modified_time":"2025-12-30T14:10:20+00:00","og_image":[{"width":800,"height":800,"url":"https:\/\/gohike.lv\/wp-content\/uploads\/2024\/04\/Kerosene_lamp_khaki.webp","type":"image\/webp"}],"twitter_card":"summary_large_image","twitter_title":"Naturehike - \u0100ra petrolejas lampa","twitter_misc":{"\u041f\u0440\u0438\u043c\u0435\u0440\u043d\u043e\u0435 \u0432\u0440\u0435\u043c\u044f \u0434\u043b\u044f \u0447\u0442\u0435\u043d\u0438\u044f":"1 \u043c\u0438\u043d\u0443\u0442\u0430"},"schema":{"@context":"https:\/\/schema.org","@graph":[{"@type":["WebPage","ItemPage"],"@id":"https:\/\/gohike.lv\/ru\/produkts\/naturehike-ara-petrolejas-lampa\/","url":"https:\/\/gohike.lv\/ru\/produkts\/naturehike-ara-petrolejas-lampa\/","name":"Naturehike - \u0100ra petrolejas lampa","isPartOf":{"@id":"https:\/\/gohike.lv\/ru\/#website"},"primaryImageOfPage":{"@id":"https:\/\/gohike.lv\/ru\/produkts\/naturehike-ara-petrolejas-lampa\/#primaryimage"},"image":{"@id":"https:\/\/gohike.lv\/ru\/produkts\/naturehike-ara-petrolejas-lampa\/#primaryimage"},"thumbnailUrl":"https:\/\/gohike.lv\/wp-content\/uploads\/2024\/04\/Kerosene_lamp_khaki.webp","datePublished":"2024-05-07T08:28:56+00:00","dateModified":"2025-12-30T14:10:20+00:00","description":"Naturehike petrolejas lampa ir ide\u0101li piem\u0113rota lieto\u0161anai kemping\u0101 vai p\u0101rg\u0101jien\u0101. Lampas lieto\u0161anas laiks ir 14 stundas ar vienreiz\u0113ju 200 ml e\u013c\u013cas tvertnes uzpildi.","breadcrumb":{"@id":"https:\/\/gohike.lv\/ru\/produkts\/naturehike-ara-petrolejas-lampa\/#breadcrumb"},"inLanguage":"ru-RU","potentialAction":[{"@type":"ReadAction","target":["https:\/\/gohike.lv\/ru\/produkts\/naturehike-ara-petrolejas-lampa\/"]}]},{"@type":"ImageObject","inLanguage":"ru-RU","@id":"https:\/\/gohike.lv\/ru\/produkts\/naturehike-ara-petrolejas-lampa\/#primaryimage","url":"https:\/\/gohike.lv\/wp-content\/uploads\/2024\/04\/Kerosene_lamp_khaki.webp","contentUrl":"https:\/\/gohike.lv\/wp-content\/uploads\/2024\/04\/Kerosene_lamp_khaki.webp","width":800,"height":800},{"@type":"BreadcrumbList","@id":"https:\/\/gohike.lv\/ru\/produkts\/naturehike-ara-petrolejas-lampa\/#breadcrumb","itemListElement":[{"@type":"ListItem","position":1,"name":"\u0413\u043b\u0430\u0432\u043d\u0430\u044f","item":"https:\/\/gohike.lv\/ru\/"},{"@type":"ListItem","position":2,"name":"\u041a\u0430\u0442\u0435\u0433\u043e\u0440\u0438\u0438 \u0442\u043e\u0432\u0430\u0440\u043e\u0432","item":"https:\/\/gohike.lv\/%d0%ba%d0%b0%d1%82%d0%b5%d0%b3%d0%be%d1%80%d0%b8%d0%b8-%d1%82%d0%be%d0%b2%d0%b0%d1%80%d0%be%d0%b2\/"},{"@type":"ListItem","position":3,"name":"Naturehike &#8211; \u0100ra petrolejas lampa"}]},{"@type":"WebSite","@id":"https:\/\/gohike.lv\/ru\/#website","url":"https:\/\/gohike.lv\/ru\/","name":"GoHike","description":"","publisher":{"@id":"https:\/\/gohike.lv\/ru\/#organization"},"potentialAction":[{"@type":"SearchAction","target":{"@type":"EntryPoint","urlTemplate":"https:\/\/gohike.lv\/ru\/?s={search_term_string}"},"query-input":{"@type":"PropertyValueSpecification","valueRequired":true,"valueName":"search_term_string"}}],"inLanguage":"ru-RU"},{"@type":"Organization","@id":"https:\/\/gohike.lv\/ru\/#organization","name":"GoHike","url":"https:\/\/gohike.lv\/ru\/","logo":{"@type":"ImageObject","inLanguage":"ru-RU","@id":"https:\/\/gohike.lv\/ru\/#\/schema\/logo\/image\/","url":"https:\/\/gohike.lv\/wp-content\/uploads\/2023\/08\/Logo_GoHike.webp","contentUrl":"https:\/\/gohike.lv\/wp-content\/uploads\/2023\/08\/Logo_GoHike.webp","width":512,"height":512,"caption":"GoHike"},"image":{"@id":"https:\/\/gohike.lv\/ru\/#\/schema\/logo\/image\/"},"sameAs":["https:\/\/www.facebook.com\/gohike.shop\/","https:\/\/www.instagram.com\/gohike.shop\/"]}]}},"jetpack_sharing_enabled":true,"_links":{"self":[{"href":"https:\/\/gohike.lv\/ru\/wp-json\/wp\/v2\/product\/52866","targetHints":{"allow":["GET"]}}],"collection":[{"href":"https:\/\/gohike.lv\/ru\/wp-json\/wp\/v2\/product"}],"about":[{"href":"https:\/\/gohike.lv\/ru\/wp-json\/wp\/v2\/types\/product"}],"version-history":[{"count":0,"href":"https:\/\/gohike.lv\/ru\/wp-json\/wp\/v2\/product\/52866\/revisions"}],"wp:featuredmedia":[{"embeddable":true,"href":"https:\/\/gohike.lv\/ru\/wp-json\/wp\/v2\/media\/29776"}],"wp:attachment":[{"href":"https:\/\/gohike.lv\/ru\/wp-json\/wp\/v2\/media?parent=52866"}],"wp:term":[{"taxonomy":"product_brand","embeddable":true,"href":"https:\/\/gohike.lv\/ru\/wp-json\/wp\/v2\/product_brand?post=52866"},{"taxonomy":"product_cat","embeddable":true,"href":"https:\/\/gohike.lv\/ru\/wp-json\/wp\/v2\/product_cat?post=52866"},{"taxonomy":"product_tag","embeddable":true,"href":"https:\/\/gohike.lv\/ru\/wp-json\/wp\/v2\/product_tag?post=52866"}],"curies":[{"name":"wp","href":"https:\/\/api.w.org\/{rel}","templated":true}]}}