{"id":52862,"date":"2024-05-07T11:28:50","date_gmt":"2024-05-07T08:28:50","guid":{"rendered":"https:\/\/gohike.lv\/produkts\/naturehike-clip-hat-lukturis\/"},"modified":"2025-12-30T17:10:20","modified_gmt":"2025-12-30T14:10:20","slug":"naturehike-clip-hat-lukturis","status":"publish","type":"product","link":"https:\/\/gohike.lv\/ru\/produkts\/naturehike-clip-hat-lukturis\/","title":{"rendered":"Naturehike &#8212; Clip Hat lukturis"},"content":{"rendered":"<p>Lukturim ir 3 regul\u0113jami spilgtuma l\u012bme\u0146i. Ja nepiecie\u0161ams, var aktiviz\u0113t SOS av\u0101rijas br\u012bdin\u0101juma funkciju.<br \/>\nUzl\u0101des laiks ir aptuveni 1-1,5 stundas, izmantojot 5V\/1,5A USB-A portu.<br \/>\nNodro\u0161ina labu apgaismojumu gan \u0101rpus\u0113, gan iek\u0161\u0101. Tas ir \u0113rti lietojams.<br \/>\nLukturi ir viegli transport\u0113t, pateicoties t\u0101 kompaktajam dizainam un svaram.<br \/>\nUzl\u0101d\u0113jams akumulators darbosies 2,5 stundas ar pilnu jaudu un 6,5 stundas ar 30% spilgtumu.<br \/>\nRaksturlielumi:<br \/>\nMaksim\u0101lais spilgtums: 220 lm;<br \/>\nApgaismojuma diapazons: l\u012bdz 150 m;<br \/>\nIzm\u0113rs: 58 x 44 x 26 cm;<br \/>\nSvars: 38 g;<br \/>\nAkumulatora ietilp\u012bba: 550 mAh;<br \/>\nNodro\u0161ina apgaismojumu l\u012bdz 7 stund\u0101m.<\/p>\n","protected":false},"excerpt":{"rendered":"<p>Lukturis Naturehike ir kompakts un jaud\u012bgs.<\/p>\n","protected":false},"featured_media":29758,"template":"","meta":[],"product_brand":[13432],"product_cat":[1643],"product_tag":[],"class_list":{"0":"post-52862","1":"product","2":"type-product","3":"status-publish","4":"has-post-thumbnail","6":"product_brand-naturehike-ru","7":"product_cat-elektronika","8":"pa_produkta-tips-clip-hat-lukturi","9":"pa_spalva-haki","10":"pa_spalva-13305","12":"first","13":"instock","14":"taxable","15":"shipping-taxable","16":"purchasable","17":"product-type-variable","18":"has-default-attributes"},"raw_content":{"name":"Naturehike - Clip Hat lukturis","description":"Lukturim ir 3 regul\u0113jami spilgtuma l\u012bme\u0146i. Ja nepiecie\u0161ams, var aktiviz\u0113t SOS av\u0101rijas br\u012bdin\u0101juma funkciju.\nUzl\u0101des laiks ir aptuveni 1-1,5 stundas, izmantojot 5V\/1,5A USB-A portu.\nNodro\u0161ina labu apgaismojumu gan \u0101rpus\u0113, gan iek\u0161\u0101. Tas ir \u0113rti lietojams.\nLukturi ir viegli transport\u0113t, pateicoties t\u0101 kompaktajam dizainam un svaram.\nUzl\u0101d\u0113jams akumulators darbosies 2,5 stundas ar pilnu jaudu un 6,5 stundas ar 30% spilgtumu.\nRaksturlielumi:\nMaksim\u0101lais spilgtums: 220 lm;\nApgaismojuma diapazons: l\u012bdz 150 m;\nIzm\u0113rs: 58 x 44 x 26 cm;\nSvars: 38 g;\nAkumulatora ietilp\u012bba: 550 mAh;\nNodro\u0161ina apgaismojumu l\u012bdz 7 stund\u0101m.","short_description":"Lukturis Naturehike ir kompakts un jaud\u012bgs.","status":"publish","sku":"nat000171","original":52862},"wpml":{"translation_type":1,"has_translations":true,"original":52862,"duplicates":[],"translations":{"lv":52862,"en":68398,"ru":null}},"supplier_id":null,"supplier_sku":"","barcode":null,"atum_controlled":true,"out_stock_date":null,"out_stock_threshold":null,"inheritable":false,"inbound_stock":0,"stock_on_hold":0,"sold_today":0,"sales_last_days":0,"reserved_stock":0,"customer_returns":0,"warehouse_damage":0,"lost_in_post":0,"other_logs":0,"out_stock_days":0,"lost_sales":0,"has_location":null,"update_date":"2025-12-30T14:13:29","atum_locations":[],"atum_stock_status":"instock","restock_status":false,"low_stock_amount":"","sales_update_date":"2025-11-13T14:07:24","calc_backorders":null,"yoast_head":"<!-- This site is optimized with the Yoast SEO plugin v27.3 - https:\/\/yoast.com\/product\/yoast-seo-wordpress\/ -->\n<title>Naturehike - Clip Hat lukturis<\/title>\n<meta name=\"description\" content=\"Lukturis Naturehike ir kompakts un jaud\u012bgs. 3 regul\u0113jami spilgtuma l\u012bme\u0146i. Uzl\u0101des laiks ir aptuveni 1-1,5 stundas, izmantojot 5V\/1,5A USB-A portu.\" \/>\n<meta name=\"robots\" content=\"index, follow, max-snippet:-1, max-image-preview:large, max-video-preview:-1\" \/>\n<link rel=\"canonical\" href=\"https:\/\/gohike.lv\/ru\/produkts\/naturehike-clip-hat-lukturis\/\" \/>\n<meta property=\"og:locale\" content=\"ru_RU\" \/>\n<meta property=\"og:type\" content=\"article\" \/>\n<meta property=\"og:title\" content=\"Naturehike - Clip Hat lukturis\" \/>\n<meta property=\"og:description\" content=\"Lukturis Naturehike ir kompakts un jaud\u012bgs. 3 regul\u0113jami spilgtuma l\u012bme\u0146i. Uzl\u0101des laiks ir aptuveni 1-1,5 stundas, izmantojot 5V\/1,5A USB-A portu.\" \/>\n<meta property=\"og:url\" content=\"https:\/\/gohike.lv\/ru\/produkts\/naturehike-clip-hat-lukturis\/\" \/>\n<meta property=\"og:site_name\" content=\"GoHike\" \/>\n<meta property=\"article:publisher\" content=\"https:\/\/www.facebook.com\/gohike.shop\/\" \/>\n<meta property=\"article:modified_time\" content=\"2025-12-30T14:10:20+00:00\" \/>\n<meta property=\"og:image\" content=\"https:\/\/gohike.lv\/wp-content\/uploads\/2024\/04\/Clip-onLight_khaki.webp\" \/>\n\t<meta property=\"og:image:width\" content=\"800\" \/>\n\t<meta property=\"og:image:height\" content=\"800\" \/>\n\t<meta property=\"og:image:type\" content=\"image\/webp\" \/>\n<meta name=\"twitter:card\" content=\"summary_large_image\" \/>\n<meta name=\"twitter:title\" content=\"Naturehike - Clip Hat lukturis\" \/>\n<meta name=\"twitter:label1\" content=\"\u041f\u0440\u0438\u043c\u0435\u0440\u043d\u043e\u0435 \u0432\u0440\u0435\u043c\u044f \u0434\u043b\u044f \u0447\u0442\u0435\u043d\u0438\u044f\" \/>\n\t<meta name=\"twitter:data1\" content=\"1 \u043c\u0438\u043d\u0443\u0442\u0430\" \/>\n<script type=\"application\/ld+json\" class=\"yoast-schema-graph\">{\"@context\":\"https:\\\/\\\/schema.org\",\"@graph\":[{\"@type\":[\"WebPage\",\"ItemPage\"],\"@id\":\"https:\\\/\\\/gohike.lv\\\/ru\\\/produkts\\\/naturehike-clip-hat-lukturis\\\/\",\"url\":\"https:\\\/\\\/gohike.lv\\\/ru\\\/produkts\\\/naturehike-clip-hat-lukturis\\\/\",\"name\":\"Naturehike - Clip Hat lukturis\",\"isPartOf\":{\"@id\":\"https:\\\/\\\/gohike.lv\\\/ru\\\/#website\"},\"primaryImageOfPage\":{\"@id\":\"https:\\\/\\\/gohike.lv\\\/ru\\\/produkts\\\/naturehike-clip-hat-lukturis\\\/#primaryimage\"},\"image\":{\"@id\":\"https:\\\/\\\/gohike.lv\\\/ru\\\/produkts\\\/naturehike-clip-hat-lukturis\\\/#primaryimage\"},\"thumbnailUrl\":\"https:\\\/\\\/gohike.lv\\\/wp-content\\\/uploads\\\/2024\\\/04\\\/Clip-onLight_khaki.webp\",\"datePublished\":\"2024-05-07T08:28:50+00:00\",\"dateModified\":\"2025-12-30T14:10:20+00:00\",\"description\":\"Lukturis Naturehike ir kompakts un jaud\u012bgs. 3 regul\u0113jami spilgtuma l\u012bme\u0146i. Uzl\u0101des laiks ir aptuveni 1-1,5 stundas, izmantojot 5V\\\/1,5A USB-A portu.\",\"breadcrumb\":{\"@id\":\"https:\\\/\\\/gohike.lv\\\/ru\\\/produkts\\\/naturehike-clip-hat-lukturis\\\/#breadcrumb\"},\"inLanguage\":\"ru-RU\",\"potentialAction\":[{\"@type\":\"ReadAction\",\"target\":[\"https:\\\/\\\/gohike.lv\\\/ru\\\/produkts\\\/naturehike-clip-hat-lukturis\\\/\"]}]},{\"@type\":\"ImageObject\",\"inLanguage\":\"ru-RU\",\"@id\":\"https:\\\/\\\/gohike.lv\\\/ru\\\/produkts\\\/naturehike-clip-hat-lukturis\\\/#primaryimage\",\"url\":\"https:\\\/\\\/gohike.lv\\\/wp-content\\\/uploads\\\/2024\\\/04\\\/Clip-onLight_khaki.webp\",\"contentUrl\":\"https:\\\/\\\/gohike.lv\\\/wp-content\\\/uploads\\\/2024\\\/04\\\/Clip-onLight_khaki.webp\",\"width\":800,\"height\":800},{\"@type\":\"BreadcrumbList\",\"@id\":\"https:\\\/\\\/gohike.lv\\\/ru\\\/produkts\\\/naturehike-clip-hat-lukturis\\\/#breadcrumb\",\"itemListElement\":[{\"@type\":\"ListItem\",\"position\":1,\"name\":\"\u0413\u043b\u0430\u0432\u043d\u0430\u044f\",\"item\":\"https:\\\/\\\/gohike.lv\\\/ru\\\/\"},{\"@type\":\"ListItem\",\"position\":2,\"name\":\"\u041a\u0430\u0442\u0435\u0433\u043e\u0440\u0438\u0438 \u0442\u043e\u0432\u0430\u0440\u043e\u0432\",\"item\":\"https:\\\/\\\/gohike.lv\\\/%d0%ba%d0%b0%d1%82%d0%b5%d0%b3%d0%be%d1%80%d0%b8%d0%b8-%d1%82%d0%be%d0%b2%d0%b0%d1%80%d0%be%d0%b2\\\/\"},{\"@type\":\"ListItem\",\"position\":3,\"name\":\"Naturehike &#8211; Clip Hat lukturis\"}]},{\"@type\":\"WebSite\",\"@id\":\"https:\\\/\\\/gohike.lv\\\/ru\\\/#website\",\"url\":\"https:\\\/\\\/gohike.lv\\\/ru\\\/\",\"name\":\"GoHike\",\"description\":\"\",\"publisher\":{\"@id\":\"https:\\\/\\\/gohike.lv\\\/ru\\\/#organization\"},\"potentialAction\":[{\"@type\":\"SearchAction\",\"target\":{\"@type\":\"EntryPoint\",\"urlTemplate\":\"https:\\\/\\\/gohike.lv\\\/ru\\\/?s={search_term_string}\"},\"query-input\":{\"@type\":\"PropertyValueSpecification\",\"valueRequired\":true,\"valueName\":\"search_term_string\"}}],\"inLanguage\":\"ru-RU\"},{\"@type\":\"Organization\",\"@id\":\"https:\\\/\\\/gohike.lv\\\/ru\\\/#organization\",\"name\":\"GoHike\",\"url\":\"https:\\\/\\\/gohike.lv\\\/ru\\\/\",\"logo\":{\"@type\":\"ImageObject\",\"inLanguage\":\"ru-RU\",\"@id\":\"https:\\\/\\\/gohike.lv\\\/ru\\\/#\\\/schema\\\/logo\\\/image\\\/\",\"url\":\"https:\\\/\\\/gohike.lv\\\/wp-content\\\/uploads\\\/2023\\\/08\\\/Logo_GoHike.webp\",\"contentUrl\":\"https:\\\/\\\/gohike.lv\\\/wp-content\\\/uploads\\\/2023\\\/08\\\/Logo_GoHike.webp\",\"width\":512,\"height\":512,\"caption\":\"GoHike\"},\"image\":{\"@id\":\"https:\\\/\\\/gohike.lv\\\/ru\\\/#\\\/schema\\\/logo\\\/image\\\/\"},\"sameAs\":[\"https:\\\/\\\/www.facebook.com\\\/gohike.shop\\\/\",\"https:\\\/\\\/www.instagram.com\\\/gohike.shop\\\/\"]}]}<\/script>\n<!-- \/ Yoast SEO plugin. -->","yoast_head_json":{"title":"Naturehike - Clip Hat lukturis","description":"Lukturis Naturehike ir kompakts un jaud\u012bgs. 3 regul\u0113jami spilgtuma l\u012bme\u0146i. Uzl\u0101des laiks ir aptuveni 1-1,5 stundas, izmantojot 5V\/1,5A USB-A portu.","robots":{"index":"index","follow":"follow","max-snippet":"max-snippet:-1","max-image-preview":"max-image-preview:large","max-video-preview":"max-video-preview:-1"},"canonical":"https:\/\/gohike.lv\/ru\/produkts\/naturehike-clip-hat-lukturis\/","og_locale":"ru_RU","og_type":"article","og_title":"Naturehike - Clip Hat lukturis","og_description":"Lukturis Naturehike ir kompakts un jaud\u012bgs. 3 regul\u0113jami spilgtuma l\u012bme\u0146i. Uzl\u0101des laiks ir aptuveni 1-1,5 stundas, izmantojot 5V\/1,5A USB-A portu.","og_url":"https:\/\/gohike.lv\/ru\/produkts\/naturehike-clip-hat-lukturis\/","og_site_name":"GoHike","article_publisher":"https:\/\/www.facebook.com\/gohike.shop\/","article_modified_time":"2025-12-30T14:10:20+00:00","og_image":[{"width":800,"height":800,"url":"https:\/\/gohike.lv\/wp-content\/uploads\/2024\/04\/Clip-onLight_khaki.webp","type":"image\/webp"}],"twitter_card":"summary_large_image","twitter_title":"Naturehike - Clip Hat lukturis","twitter_misc":{"\u041f\u0440\u0438\u043c\u0435\u0440\u043d\u043e\u0435 \u0432\u0440\u0435\u043c\u044f \u0434\u043b\u044f \u0447\u0442\u0435\u043d\u0438\u044f":"1 \u043c\u0438\u043d\u0443\u0442\u0430"},"schema":{"@context":"https:\/\/schema.org","@graph":[{"@type":["WebPage","ItemPage"],"@id":"https:\/\/gohike.lv\/ru\/produkts\/naturehike-clip-hat-lukturis\/","url":"https:\/\/gohike.lv\/ru\/produkts\/naturehike-clip-hat-lukturis\/","name":"Naturehike - Clip Hat lukturis","isPartOf":{"@id":"https:\/\/gohike.lv\/ru\/#website"},"primaryImageOfPage":{"@id":"https:\/\/gohike.lv\/ru\/produkts\/naturehike-clip-hat-lukturis\/#primaryimage"},"image":{"@id":"https:\/\/gohike.lv\/ru\/produkts\/naturehike-clip-hat-lukturis\/#primaryimage"},"thumbnailUrl":"https:\/\/gohike.lv\/wp-content\/uploads\/2024\/04\/Clip-onLight_khaki.webp","datePublished":"2024-05-07T08:28:50+00:00","dateModified":"2025-12-30T14:10:20+00:00","description":"Lukturis Naturehike ir kompakts un jaud\u012bgs. 3 regul\u0113jami spilgtuma l\u012bme\u0146i. Uzl\u0101des laiks ir aptuveni 1-1,5 stundas, izmantojot 5V\/1,5A USB-A portu.","breadcrumb":{"@id":"https:\/\/gohike.lv\/ru\/produkts\/naturehike-clip-hat-lukturis\/#breadcrumb"},"inLanguage":"ru-RU","potentialAction":[{"@type":"ReadAction","target":["https:\/\/gohike.lv\/ru\/produkts\/naturehike-clip-hat-lukturis\/"]}]},{"@type":"ImageObject","inLanguage":"ru-RU","@id":"https:\/\/gohike.lv\/ru\/produkts\/naturehike-clip-hat-lukturis\/#primaryimage","url":"https:\/\/gohike.lv\/wp-content\/uploads\/2024\/04\/Clip-onLight_khaki.webp","contentUrl":"https:\/\/gohike.lv\/wp-content\/uploads\/2024\/04\/Clip-onLight_khaki.webp","width":800,"height":800},{"@type":"BreadcrumbList","@id":"https:\/\/gohike.lv\/ru\/produkts\/naturehike-clip-hat-lukturis\/#breadcrumb","itemListElement":[{"@type":"ListItem","position":1,"name":"\u0413\u043b\u0430\u0432\u043d\u0430\u044f","item":"https:\/\/gohike.lv\/ru\/"},{"@type":"ListItem","position":2,"name":"\u041a\u0430\u0442\u0435\u0433\u043e\u0440\u0438\u0438 \u0442\u043e\u0432\u0430\u0440\u043e\u0432","item":"https:\/\/gohike.lv\/%d0%ba%d0%b0%d1%82%d0%b5%d0%b3%d0%be%d1%80%d0%b8%d0%b8-%d1%82%d0%be%d0%b2%d0%b0%d1%80%d0%be%d0%b2\/"},{"@type":"ListItem","position":3,"name":"Naturehike &#8211; Clip Hat lukturis"}]},{"@type":"WebSite","@id":"https:\/\/gohike.lv\/ru\/#website","url":"https:\/\/gohike.lv\/ru\/","name":"GoHike","description":"","publisher":{"@id":"https:\/\/gohike.lv\/ru\/#organization"},"potentialAction":[{"@type":"SearchAction","target":{"@type":"EntryPoint","urlTemplate":"https:\/\/gohike.lv\/ru\/?s={search_term_string}"},"query-input":{"@type":"PropertyValueSpecification","valueRequired":true,"valueName":"search_term_string"}}],"inLanguage":"ru-RU"},{"@type":"Organization","@id":"https:\/\/gohike.lv\/ru\/#organization","name":"GoHike","url":"https:\/\/gohike.lv\/ru\/","logo":{"@type":"ImageObject","inLanguage":"ru-RU","@id":"https:\/\/gohike.lv\/ru\/#\/schema\/logo\/image\/","url":"https:\/\/gohike.lv\/wp-content\/uploads\/2023\/08\/Logo_GoHike.webp","contentUrl":"https:\/\/gohike.lv\/wp-content\/uploads\/2023\/08\/Logo_GoHike.webp","width":512,"height":512,"caption":"GoHike"},"image":{"@id":"https:\/\/gohike.lv\/ru\/#\/schema\/logo\/image\/"},"sameAs":["https:\/\/www.facebook.com\/gohike.shop\/","https:\/\/www.instagram.com\/gohike.shop\/"]}]}},"jetpack_sharing_enabled":true,"_links":{"self":[{"href":"https:\/\/gohike.lv\/ru\/wp-json\/wp\/v2\/product\/52862","targetHints":{"allow":["GET"]}}],"collection":[{"href":"https:\/\/gohike.lv\/ru\/wp-json\/wp\/v2\/product"}],"about":[{"href":"https:\/\/gohike.lv\/ru\/wp-json\/wp\/v2\/types\/product"}],"version-history":[{"count":0,"href":"https:\/\/gohike.lv\/ru\/wp-json\/wp\/v2\/product\/52862\/revisions"}],"wp:featuredmedia":[{"embeddable":true,"href":"https:\/\/gohike.lv\/ru\/wp-json\/wp\/v2\/media\/29758"}],"wp:attachment":[{"href":"https:\/\/gohike.lv\/ru\/wp-json\/wp\/v2\/media?parent=52862"}],"wp:term":[{"taxonomy":"product_brand","embeddable":true,"href":"https:\/\/gohike.lv\/ru\/wp-json\/wp\/v2\/product_brand?post=52862"},{"taxonomy":"product_cat","embeddable":true,"href":"https:\/\/gohike.lv\/ru\/wp-json\/wp\/v2\/product_cat?post=52862"},{"taxonomy":"product_tag","embeddable":true,"href":"https:\/\/gohike.lv\/ru\/wp-json\/wp\/v2\/product_tag?post=52862"}],"curies":[{"name":"wp","href":"https:\/\/api.w.org\/{rel}","templated":true}]}}