{"id":52853,"date":"2024-05-07T11:28:37","date_gmt":"2024-05-07T08:28:37","guid":{"rendered":"https:\/\/gohike.lv\/produkts\/naturehike-galvas-lukturis-td-02\/"},"modified":"2025-12-30T17:10:20","modified_gmt":"2025-12-30T14:10:20","slug":"naturehike-galvas-lukturis-td-02","status":"publish","type":"product","link":"https:\/\/gohike.lv\/ru\/produkts\/naturehike-galvas-lukturis-td-02\/","title":{"rendered":"Naturehike &#8212; Galvas lukturis TD-02"},"content":{"rendered":"<p>Komplekt\u0101 ietilpst uzglab\u0101\u0161anas futl\u0101ris. \u016adensiztur\u012bgs korpuss ar IPX4.<br \/>\nVar uzl\u0101d\u0113t no portat\u012bv\u0101 datora.<br \/>\nRaksturlielumi:<br \/>\nMateri\u0101ls: ABS, Li-ion akumulators 1200 mAh;<br \/>\nLampas tips: LED;<br \/>\nSl\u012bpuma le\u0146\u0137is: 45\u02da;<br \/>\nIzm\u0113rs: 60x45x40 mm;<br \/>\nUzl\u0101des veids: USB;<br \/>\nSpilgtums: l\u012bdz 150 lm;<br \/>\nUzl\u0101des metode: no t\u012bkla;<br \/>\nKorpusa materi\u0101ls: plastmasa;<br \/>\n\u016adensiztur\u012bgs: j\u0101;<br \/>\nTriecieniztur\u012bba: j\u0101;<br \/>\nApgaismojuma re\u017e\u012bmu skaits: 4;<br \/>\nDiapazons: 25 m;<br \/>\nDarba laiks: 5 stundas;<br \/>\nSvars: 74 g;<\/p>\n","protected":false},"excerpt":{"rendered":"<p>Lukturis Naturehike TD-02 &#8212; neaizst\u0101jams priek\u0161mets p\u0101rg\u0101jieniem un \u0101ra aktivit\u0101t\u0113m.<\/p>\n","protected":false},"featured_media":29719,"template":"","meta":[],"product_brand":[167],"product_cat":[1643],"product_tag":[],"class_list":{"0":"post-52853","1":"product","2":"type-product","3":"status-publish","4":"has-post-thumbnail","6":"product_brand-naturehike-lv","7":"product_cat-elektronika","8":"pa_produkta-tips-galvas-lukturi","9":"pa_spalva-peleks","10":"pa_spalva-sarkans","11":"pa_spalva-zils","13":"first","14":"instock","15":"taxable","16":"shipping-taxable","17":"purchasable","18":"product-type-variable","19":"has-default-attributes"},"raw_content":{"name":"Naturehike - Galvas lukturis TD-02","description":"Komplekt\u0101 ietilpst uzglab\u0101\u0161anas futl\u0101ris. \u016adensiztur\u012bgs korpuss ar IPX4.\nVar uzl\u0101d\u0113t no portat\u012bv\u0101 datora.\nRaksturlielumi:\nMateri\u0101ls: ABS, Li-ion akumulators 1200 mAh;\nLampas tips: LED;\nSl\u012bpuma le\u0146\u0137is: 45\u02da;\nIzm\u0113rs: 60x45x40 mm;\nUzl\u0101des veids: USB;\nSpilgtums: l\u012bdz 150 lm;\nUzl\u0101des metode: no t\u012bkla;\nKorpusa materi\u0101ls: plastmasa;\n\u016adensiztur\u012bgs: j\u0101;\nTriecieniztur\u012bba: j\u0101;\nApgaismojuma re\u017e\u012bmu skaits: 4;\nDiapazons: 25 m;\nDarba laiks: 5 stundas;\nSvars: 74 g;","short_description":"Lukturis Naturehike TD-02 - neaizst\u0101jams priek\u0161mets p\u0101rg\u0101jieniem un \u0101ra aktivit\u0101t\u0113m.","status":"publish","sku":"nat000169","original":52853},"wpml":{"translation_type":1,"has_translations":true,"original":52853,"duplicates":[],"translations":{"lv":52853,"en":68384,"ru":null}},"supplier_id":null,"supplier_sku":"","barcode":null,"atum_controlled":true,"out_stock_date":null,"out_stock_threshold":null,"inheritable":false,"inbound_stock":0,"stock_on_hold":0,"sold_today":0,"sales_last_days":0,"reserved_stock":0,"customer_returns":0,"warehouse_damage":0,"lost_in_post":0,"other_logs":0,"out_stock_days":0,"lost_sales":0,"has_location":null,"update_date":"2025-12-30T14:13:30","atum_locations":[],"atum_stock_status":"instock","restock_status":false,"low_stock_amount":"","sales_update_date":"2025-11-13T14:07:24","calc_backorders":null,"yoast_head":"<!-- This site is optimized with the Yoast SEO plugin v27.3 - https:\/\/yoast.com\/product\/yoast-seo-wordpress\/ -->\n<title>Naturehike - Galvas lukturis TD-02<\/title>\n<meta name=\"description\" content=\"Lukturis Naturehike TD-02 - neaizst\u0101jams priek\u0161mets p\u0101rg\u0101jieniem un \u0101ra aktivit\u0101t\u0113m. \u016adensiztur\u012bgs korpuss ar IPX4. Var uzl\u0101d\u0113t no portat\u012bv\u0101 datora.\" \/>\n<meta name=\"robots\" content=\"index, follow, max-snippet:-1, max-image-preview:large, max-video-preview:-1\" \/>\n<link rel=\"canonical\" href=\"https:\/\/gohike.lv\/ru\/produkts\/naturehike-galvas-lukturis-td-02\/\" \/>\n<meta property=\"og:locale\" content=\"ru_RU\" \/>\n<meta property=\"og:type\" content=\"article\" \/>\n<meta property=\"og:title\" content=\"Naturehike - Galvas lukturis TD-02\" \/>\n<meta property=\"og:description\" content=\"Lukturis Naturehike TD-02 - neaizst\u0101jams priek\u0161mets p\u0101rg\u0101jieniem un \u0101ra aktivit\u0101t\u0113m. \u016adensiztur\u012bgs korpuss ar IPX4. Var uzl\u0101d\u0113t no portat\u012bv\u0101 datora.\" \/>\n<meta property=\"og:url\" content=\"https:\/\/gohike.lv\/ru\/produkts\/naturehike-galvas-lukturis-td-02\/\" \/>\n<meta property=\"og:site_name\" content=\"GoHike\" \/>\n<meta property=\"article:publisher\" content=\"https:\/\/www.facebook.com\/gohike.shop\/\" \/>\n<meta property=\"article:modified_time\" content=\"2025-12-30T14:10:20+00:00\" \/>\n<meta property=\"og:image\" content=\"https:\/\/gohike.lv\/wp-content\/uploads\/2024\/04\/TD-02headlight_red.webp\" \/>\n\t<meta property=\"og:image:width\" content=\"600\" \/>\n\t<meta property=\"og:image:height\" content=\"600\" \/>\n\t<meta property=\"og:image:type\" content=\"image\/webp\" \/>\n<meta name=\"twitter:card\" content=\"summary_large_image\" \/>\n<meta name=\"twitter:title\" content=\"Naturehike - Galvas lukturis TD-02\" \/>\n<meta name=\"twitter:label1\" content=\"\u041f\u0440\u0438\u043c\u0435\u0440\u043d\u043e\u0435 \u0432\u0440\u0435\u043c\u044f \u0434\u043b\u044f \u0447\u0442\u0435\u043d\u0438\u044f\" \/>\n\t<meta name=\"twitter:data1\" content=\"1 \u043c\u0438\u043d\u0443\u0442\u0430\" \/>\n<script type=\"application\/ld+json\" class=\"yoast-schema-graph\">{\"@context\":\"https:\\\/\\\/schema.org\",\"@graph\":[{\"@type\":[\"WebPage\",\"ItemPage\"],\"@id\":\"https:\\\/\\\/gohike.lv\\\/ru\\\/produkts\\\/naturehike-galvas-lukturis-td-02\\\/\",\"url\":\"https:\\\/\\\/gohike.lv\\\/ru\\\/produkts\\\/naturehike-galvas-lukturis-td-02\\\/\",\"name\":\"Naturehike - Galvas lukturis TD-02\",\"isPartOf\":{\"@id\":\"https:\\\/\\\/gohike.lv\\\/ru\\\/#website\"},\"primaryImageOfPage\":{\"@id\":\"https:\\\/\\\/gohike.lv\\\/ru\\\/produkts\\\/naturehike-galvas-lukturis-td-02\\\/#primaryimage\"},\"image\":{\"@id\":\"https:\\\/\\\/gohike.lv\\\/ru\\\/produkts\\\/naturehike-galvas-lukturis-td-02\\\/#primaryimage\"},\"thumbnailUrl\":\"https:\\\/\\\/gohike.lv\\\/wp-content\\\/uploads\\\/2024\\\/04\\\/TD-02headlight_red.webp\",\"datePublished\":\"2024-05-07T08:28:37+00:00\",\"dateModified\":\"2025-12-30T14:10:20+00:00\",\"description\":\"Lukturis Naturehike TD-02 - neaizst\u0101jams priek\u0161mets p\u0101rg\u0101jieniem un \u0101ra aktivit\u0101t\u0113m. \u016adensiztur\u012bgs korpuss ar IPX4. Var uzl\u0101d\u0113t no portat\u012bv\u0101 datora.\",\"breadcrumb\":{\"@id\":\"https:\\\/\\\/gohike.lv\\\/ru\\\/produkts\\\/naturehike-galvas-lukturis-td-02\\\/#breadcrumb\"},\"inLanguage\":\"ru-RU\",\"potentialAction\":[{\"@type\":\"ReadAction\",\"target\":[\"https:\\\/\\\/gohike.lv\\\/ru\\\/produkts\\\/naturehike-galvas-lukturis-td-02\\\/\"]}]},{\"@type\":\"ImageObject\",\"inLanguage\":\"ru-RU\",\"@id\":\"https:\\\/\\\/gohike.lv\\\/ru\\\/produkts\\\/naturehike-galvas-lukturis-td-02\\\/#primaryimage\",\"url\":\"https:\\\/\\\/gohike.lv\\\/wp-content\\\/uploads\\\/2024\\\/04\\\/TD-02headlight_red.webp\",\"contentUrl\":\"https:\\\/\\\/gohike.lv\\\/wp-content\\\/uploads\\\/2024\\\/04\\\/TD-02headlight_red.webp\",\"width\":600,\"height\":600},{\"@type\":\"BreadcrumbList\",\"@id\":\"https:\\\/\\\/gohike.lv\\\/ru\\\/produkts\\\/naturehike-galvas-lukturis-td-02\\\/#breadcrumb\",\"itemListElement\":[{\"@type\":\"ListItem\",\"position\":1,\"name\":\"\u0413\u043b\u0430\u0432\u043d\u0430\u044f\",\"item\":\"https:\\\/\\\/gohike.lv\\\/ru\\\/\"},{\"@type\":\"ListItem\",\"position\":2,\"name\":\"\u041a\u0430\u0442\u0435\u0433\u043e\u0440\u0438\u0438 \u0442\u043e\u0432\u0430\u0440\u043e\u0432\",\"item\":\"https:\\\/\\\/gohike.lv\\\/%d0%ba%d0%b0%d1%82%d0%b5%d0%b3%d0%be%d1%80%d0%b8%d0%b8-%d1%82%d0%be%d0%b2%d0%b0%d1%80%d0%be%d0%b2\\\/\"},{\"@type\":\"ListItem\",\"position\":3,\"name\":\"Naturehike &#8211; Galvas lukturis TD-02\"}]},{\"@type\":\"WebSite\",\"@id\":\"https:\\\/\\\/gohike.lv\\\/ru\\\/#website\",\"url\":\"https:\\\/\\\/gohike.lv\\\/ru\\\/\",\"name\":\"GoHike\",\"description\":\"\",\"publisher\":{\"@id\":\"https:\\\/\\\/gohike.lv\\\/ru\\\/#organization\"},\"potentialAction\":[{\"@type\":\"SearchAction\",\"target\":{\"@type\":\"EntryPoint\",\"urlTemplate\":\"https:\\\/\\\/gohike.lv\\\/ru\\\/?s={search_term_string}\"},\"query-input\":{\"@type\":\"PropertyValueSpecification\",\"valueRequired\":true,\"valueName\":\"search_term_string\"}}],\"inLanguage\":\"ru-RU\"},{\"@type\":\"Organization\",\"@id\":\"https:\\\/\\\/gohike.lv\\\/ru\\\/#organization\",\"name\":\"GoHike\",\"url\":\"https:\\\/\\\/gohike.lv\\\/ru\\\/\",\"logo\":{\"@type\":\"ImageObject\",\"inLanguage\":\"ru-RU\",\"@id\":\"https:\\\/\\\/gohike.lv\\\/ru\\\/#\\\/schema\\\/logo\\\/image\\\/\",\"url\":\"https:\\\/\\\/gohike.lv\\\/wp-content\\\/uploads\\\/2023\\\/08\\\/Logo_GoHike.webp\",\"contentUrl\":\"https:\\\/\\\/gohike.lv\\\/wp-content\\\/uploads\\\/2023\\\/08\\\/Logo_GoHike.webp\",\"width\":512,\"height\":512,\"caption\":\"GoHike\"},\"image\":{\"@id\":\"https:\\\/\\\/gohike.lv\\\/ru\\\/#\\\/schema\\\/logo\\\/image\\\/\"},\"sameAs\":[\"https:\\\/\\\/www.facebook.com\\\/gohike.shop\\\/\",\"https:\\\/\\\/www.instagram.com\\\/gohike.shop\\\/\"]}]}<\/script>\n<!-- \/ Yoast SEO plugin. -->","yoast_head_json":{"title":"Naturehike - Galvas lukturis TD-02","description":"Lukturis Naturehike TD-02 - neaizst\u0101jams priek\u0161mets p\u0101rg\u0101jieniem un \u0101ra aktivit\u0101t\u0113m. \u016adensiztur\u012bgs korpuss ar IPX4. Var uzl\u0101d\u0113t no portat\u012bv\u0101 datora.","robots":{"index":"index","follow":"follow","max-snippet":"max-snippet:-1","max-image-preview":"max-image-preview:large","max-video-preview":"max-video-preview:-1"},"canonical":"https:\/\/gohike.lv\/ru\/produkts\/naturehike-galvas-lukturis-td-02\/","og_locale":"ru_RU","og_type":"article","og_title":"Naturehike - Galvas lukturis TD-02","og_description":"Lukturis Naturehike TD-02 - neaizst\u0101jams priek\u0161mets p\u0101rg\u0101jieniem un \u0101ra aktivit\u0101t\u0113m. \u016adensiztur\u012bgs korpuss ar IPX4. Var uzl\u0101d\u0113t no portat\u012bv\u0101 datora.","og_url":"https:\/\/gohike.lv\/ru\/produkts\/naturehike-galvas-lukturis-td-02\/","og_site_name":"GoHike","article_publisher":"https:\/\/www.facebook.com\/gohike.shop\/","article_modified_time":"2025-12-30T14:10:20+00:00","og_image":[{"width":600,"height":600,"url":"https:\/\/gohike.lv\/wp-content\/uploads\/2024\/04\/TD-02headlight_red.webp","type":"image\/webp"}],"twitter_card":"summary_large_image","twitter_title":"Naturehike - Galvas lukturis TD-02","twitter_misc":{"\u041f\u0440\u0438\u043c\u0435\u0440\u043d\u043e\u0435 \u0432\u0440\u0435\u043c\u044f \u0434\u043b\u044f \u0447\u0442\u0435\u043d\u0438\u044f":"1 \u043c\u0438\u043d\u0443\u0442\u0430"},"schema":{"@context":"https:\/\/schema.org","@graph":[{"@type":["WebPage","ItemPage"],"@id":"https:\/\/gohike.lv\/ru\/produkts\/naturehike-galvas-lukturis-td-02\/","url":"https:\/\/gohike.lv\/ru\/produkts\/naturehike-galvas-lukturis-td-02\/","name":"Naturehike - Galvas lukturis TD-02","isPartOf":{"@id":"https:\/\/gohike.lv\/ru\/#website"},"primaryImageOfPage":{"@id":"https:\/\/gohike.lv\/ru\/produkts\/naturehike-galvas-lukturis-td-02\/#primaryimage"},"image":{"@id":"https:\/\/gohike.lv\/ru\/produkts\/naturehike-galvas-lukturis-td-02\/#primaryimage"},"thumbnailUrl":"https:\/\/gohike.lv\/wp-content\/uploads\/2024\/04\/TD-02headlight_red.webp","datePublished":"2024-05-07T08:28:37+00:00","dateModified":"2025-12-30T14:10:20+00:00","description":"Lukturis Naturehike TD-02 - neaizst\u0101jams priek\u0161mets p\u0101rg\u0101jieniem un \u0101ra aktivit\u0101t\u0113m. \u016adensiztur\u012bgs korpuss ar IPX4. Var uzl\u0101d\u0113t no portat\u012bv\u0101 datora.","breadcrumb":{"@id":"https:\/\/gohike.lv\/ru\/produkts\/naturehike-galvas-lukturis-td-02\/#breadcrumb"},"inLanguage":"ru-RU","potentialAction":[{"@type":"ReadAction","target":["https:\/\/gohike.lv\/ru\/produkts\/naturehike-galvas-lukturis-td-02\/"]}]},{"@type":"ImageObject","inLanguage":"ru-RU","@id":"https:\/\/gohike.lv\/ru\/produkts\/naturehike-galvas-lukturis-td-02\/#primaryimage","url":"https:\/\/gohike.lv\/wp-content\/uploads\/2024\/04\/TD-02headlight_red.webp","contentUrl":"https:\/\/gohike.lv\/wp-content\/uploads\/2024\/04\/TD-02headlight_red.webp","width":600,"height":600},{"@type":"BreadcrumbList","@id":"https:\/\/gohike.lv\/ru\/produkts\/naturehike-galvas-lukturis-td-02\/#breadcrumb","itemListElement":[{"@type":"ListItem","position":1,"name":"\u0413\u043b\u0430\u0432\u043d\u0430\u044f","item":"https:\/\/gohike.lv\/ru\/"},{"@type":"ListItem","position":2,"name":"\u041a\u0430\u0442\u0435\u0433\u043e\u0440\u0438\u0438 \u0442\u043e\u0432\u0430\u0440\u043e\u0432","item":"https:\/\/gohike.lv\/%d0%ba%d0%b0%d1%82%d0%b5%d0%b3%d0%be%d1%80%d0%b8%d0%b8-%d1%82%d0%be%d0%b2%d0%b0%d1%80%d0%be%d0%b2\/"},{"@type":"ListItem","position":3,"name":"Naturehike &#8211; Galvas lukturis TD-02"}]},{"@type":"WebSite","@id":"https:\/\/gohike.lv\/ru\/#website","url":"https:\/\/gohike.lv\/ru\/","name":"GoHike","description":"","publisher":{"@id":"https:\/\/gohike.lv\/ru\/#organization"},"potentialAction":[{"@type":"SearchAction","target":{"@type":"EntryPoint","urlTemplate":"https:\/\/gohike.lv\/ru\/?s={search_term_string}"},"query-input":{"@type":"PropertyValueSpecification","valueRequired":true,"valueName":"search_term_string"}}],"inLanguage":"ru-RU"},{"@type":"Organization","@id":"https:\/\/gohike.lv\/ru\/#organization","name":"GoHike","url":"https:\/\/gohike.lv\/ru\/","logo":{"@type":"ImageObject","inLanguage":"ru-RU","@id":"https:\/\/gohike.lv\/ru\/#\/schema\/logo\/image\/","url":"https:\/\/gohike.lv\/wp-content\/uploads\/2023\/08\/Logo_GoHike.webp","contentUrl":"https:\/\/gohike.lv\/wp-content\/uploads\/2023\/08\/Logo_GoHike.webp","width":512,"height":512,"caption":"GoHike"},"image":{"@id":"https:\/\/gohike.lv\/ru\/#\/schema\/logo\/image\/"},"sameAs":["https:\/\/www.facebook.com\/gohike.shop\/","https:\/\/www.instagram.com\/gohike.shop\/"]}]}},"jetpack_sharing_enabled":true,"_links":{"self":[{"href":"https:\/\/gohike.lv\/ru\/wp-json\/wp\/v2\/product\/52853","targetHints":{"allow":["GET"]}}],"collection":[{"href":"https:\/\/gohike.lv\/ru\/wp-json\/wp\/v2\/product"}],"about":[{"href":"https:\/\/gohike.lv\/ru\/wp-json\/wp\/v2\/types\/product"}],"version-history":[{"count":0,"href":"https:\/\/gohike.lv\/ru\/wp-json\/wp\/v2\/product\/52853\/revisions"}],"wp:featuredmedia":[{"embeddable":true,"href":"https:\/\/gohike.lv\/ru\/wp-json\/wp\/v2\/media\/29719"}],"wp:attachment":[{"href":"https:\/\/gohike.lv\/ru\/wp-json\/wp\/v2\/media?parent=52853"}],"wp:term":[{"taxonomy":"product_brand","embeddable":true,"href":"https:\/\/gohike.lv\/ru\/wp-json\/wp\/v2\/product_brand?post=52853"},{"taxonomy":"product_cat","embeddable":true,"href":"https:\/\/gohike.lv\/ru\/wp-json\/wp\/v2\/product_cat?post=52853"},{"taxonomy":"product_tag","embeddable":true,"href":"https:\/\/gohike.lv\/ru\/wp-json\/wp\/v2\/product_tag?post=52853"}],"curies":[{"name":"wp","href":"https:\/\/api.w.org\/{rel}","templated":true}]}}