{"id":52849,"date":"2024-05-07T11:28:30","date_gmt":"2024-05-07T08:28:30","guid":{"rendered":"https:\/\/gohike.lv\/produkts\/naturehike-uzladejams-turisma-lukturis-d300-usb\/"},"modified":"2025-12-30T17:10:20","modified_gmt":"2025-12-30T14:10:20","slug":"naturehike-uzladejams-turisma-lukturis-d300-usb","status":"publish","type":"product","link":"https:\/\/gohike.lv\/ru\/produkts\/naturehike-uzladejams-turisma-lukturis-d300-usb\/","title":{"rendered":"Naturehike &#8212;  D300 USB Uzl\u0101d\u0113jams t\u016brisma lukturis"},"content":{"rendered":"<p>Var izmantot k\u0101 av\u0101rijas b\u0101ku \u0101rk\u0101rtas situ\u0101cij\u0101s. \u016adensdro\u0161s. Komplekt\u0101 futl\u0101ris.<br \/>\nRaksturlielumi:<br \/>\n3 darb\u012bbas re\u017e\u012bmi;<br \/>\nIzm\u0113rs: 7x7x4 cm;<br \/>\nMaksim\u0101lais diapazons: 30 m;<br \/>\nDarb\u012bbas laiks: 23 stundas (maksim\u0101lais darb\u012bbas re\u017e\u012bms) \/\/\u00a0 75 stundas (minim\u0101lais darb\u012bbas re\u017e\u012bms);<br \/>\nMaksim\u0101lais spilgtums: 75 lm;<br \/>\nMateri\u0101ls: ABS plastmasa;<br \/>\nSvars: 70 g.<\/p>\n","protected":false},"excerpt":{"rendered":"<p>Naturehike lukturis kempingiem, alp\u012bnismam, p\u0101rg\u0101jieniem, mak\u0161\u0137er\u0113\u0161anai, ce\u013cojumiem, lieto\u0161anai m\u0101j\u0101s.<\/p>\n","protected":false},"featured_media":29695,"template":"","meta":[],"product_brand":[167],"product_cat":[1643],"product_tag":[],"class_list":{"0":"post-52849","1":"product","2":"type-product","3":"status-publish","4":"has-post-thumbnail","6":"product_brand-naturehike-lv","7":"product_cat-elektronika","8":"pa_produkta-tips-telts-lukturi","9":"pa_spalva-dzeltens","10":"pa_spalva-zals","12":"first","13":"instock","14":"taxable","15":"shipping-taxable","16":"purchasable","17":"product-type-variable","18":"has-default-attributes"},"raw_content":{"name":"Naturehike -  D300 USB Uzl\u0101d\u0113jams t\u016brisma lukturis","description":"Var izmantot k\u0101 av\u0101rijas b\u0101ku \u0101rk\u0101rtas situ\u0101cij\u0101s. \u016adensdro\u0161s. Komplekt\u0101 futl\u0101ris.\nRaksturlielumi:\n3 darb\u012bbas re\u017e\u012bmi;\nIzm\u0113rs: 7x7x4 cm;\nMaksim\u0101lais diapazons: 30 m;\nDarb\u012bbas laiks: 23 stundas (maksim\u0101lais darb\u012bbas re\u017e\u012bms) \/\/\u00a0 75 stundas (minim\u0101lais darb\u012bbas re\u017e\u012bms);\nMaksim\u0101lais spilgtums: 75 lm;\nMateri\u0101ls: ABS plastmasa;\nSvars: 70 g.","short_description":"Naturehike lukturis kempingiem, alp\u012bnismam, p\u0101rg\u0101jieniem, mak\u0161\u0137er\u0113\u0161anai, ce\u013cojumiem, lieto\u0161anai m\u0101j\u0101s.","status":"publish","sku":"nat000168","original":52849},"wpml":{"translation_type":1,"has_translations":true,"original":52849,"duplicates":[],"translations":{"lv":52849,"en":68411,"ru":null}},"supplier_id":null,"supplier_sku":"","barcode":null,"atum_controlled":true,"out_stock_date":null,"out_stock_threshold":null,"inheritable":false,"inbound_stock":0,"stock_on_hold":0,"sold_today":0,"sales_last_days":0,"reserved_stock":0,"customer_returns":0,"warehouse_damage":0,"lost_in_post":0,"other_logs":0,"out_stock_days":0,"lost_sales":0,"has_location":null,"update_date":"2025-12-30T14:13:30","atum_locations":[],"atum_stock_status":"instock","restock_status":false,"low_stock_amount":"","sales_update_date":"2025-11-13T14:08:26","calc_backorders":null,"yoast_head":"<!-- This site is optimized with the Yoast SEO plugin v27.3 - https:\/\/yoast.com\/product\/yoast-seo-wordpress\/ -->\n<title>Naturehike - D300 USB Uzl\u0101d\u0113jams t\u016brisma lukturis<\/title>\n<meta name=\"description\" content=\"Naturehike lukturis kempingiem, alp\u012bnismam, p\u0101rg\u0101jieniem, mak\u0161\u0137er\u0113\u0161anai, ce\u013cojumiem, lieto\u0161anai m\u0101j\u0101s. \u016adensdro\u0161s. Komplekt\u0101 futl\u0101ris.\" \/>\n<meta name=\"robots\" content=\"index, follow, max-snippet:-1, max-image-preview:large, max-video-preview:-1\" \/>\n<link rel=\"canonical\" href=\"https:\/\/gohike.lv\/ru\/produkts\/naturehike-uzladejams-turisma-lukturis-d300-usb\/\" \/>\n<meta property=\"og:locale\" content=\"ru_RU\" \/>\n<meta property=\"og:type\" content=\"article\" \/>\n<meta property=\"og:title\" content=\"Naturehike - Uzl\u0101d\u0113jams t\u016brisma lukturis D300 USB\" \/>\n<meta property=\"og:description\" content=\"Naturehike lukturis kempingiem, alp\u012bnismam, p\u0101rg\u0101jieniem, mak\u0161\u0137er\u0113\u0161anai, ce\u013cojumiem, lieto\u0161anai m\u0101j\u0101s. \u016adensdro\u0161s. Komplekt\u0101 futl\u0101ris.\" \/>\n<meta property=\"og:url\" content=\"https:\/\/gohike.lv\/ru\/produkts\/naturehike-uzladejams-turisma-lukturis-d300-usb\/\" \/>\n<meta property=\"og:site_name\" content=\"GoHike\" \/>\n<meta property=\"article:publisher\" content=\"https:\/\/www.facebook.com\/gohike.shop\/\" \/>\n<meta property=\"article:modified_time\" content=\"2025-12-30T14:10:20+00:00\" \/>\n<meta property=\"og:image\" content=\"https:\/\/gohike.lv\/wp-content\/uploads\/2024\/04\/d300campLight_yellow.webp\" \/>\n\t<meta property=\"og:image:width\" content=\"800\" \/>\n\t<meta property=\"og:image:height\" content=\"800\" \/>\n\t<meta property=\"og:image:type\" content=\"image\/webp\" \/>\n<meta name=\"twitter:card\" content=\"summary_large_image\" \/>\n<meta name=\"twitter:title\" content=\"Naturehike - Uzl\u0101d\u0113jams t\u016brisma lukturis D300 USB\" \/>\n<meta name=\"twitter:label1\" content=\"\u041f\u0440\u0438\u043c\u0435\u0440\u043d\u043e\u0435 \u0432\u0440\u0435\u043c\u044f \u0434\u043b\u044f \u0447\u0442\u0435\u043d\u0438\u044f\" \/>\n\t<meta name=\"twitter:data1\" content=\"1 \u043c\u0438\u043d\u0443\u0442\u0430\" \/>\n<script type=\"application\/ld+json\" class=\"yoast-schema-graph\">{\"@context\":\"https:\\\/\\\/schema.org\",\"@graph\":[{\"@type\":[\"WebPage\",\"ItemPage\"],\"@id\":\"https:\\\/\\\/gohike.lv\\\/ru\\\/produkts\\\/naturehike-uzladejams-turisma-lukturis-d300-usb\\\/\",\"url\":\"https:\\\/\\\/gohike.lv\\\/ru\\\/produkts\\\/naturehike-uzladejams-turisma-lukturis-d300-usb\\\/\",\"name\":\"Naturehike - D300 USB Uzl\u0101d\u0113jams t\u016brisma lukturis\",\"isPartOf\":{\"@id\":\"https:\\\/\\\/gohike.lv\\\/ru\\\/#website\"},\"primaryImageOfPage\":{\"@id\":\"https:\\\/\\\/gohike.lv\\\/ru\\\/produkts\\\/naturehike-uzladejams-turisma-lukturis-d300-usb\\\/#primaryimage\"},\"image\":{\"@id\":\"https:\\\/\\\/gohike.lv\\\/ru\\\/produkts\\\/naturehike-uzladejams-turisma-lukturis-d300-usb\\\/#primaryimage\"},\"thumbnailUrl\":\"https:\\\/\\\/gohike.lv\\\/wp-content\\\/uploads\\\/2024\\\/04\\\/d300campLight_yellow.webp\",\"datePublished\":\"2024-05-07T08:28:30+00:00\",\"dateModified\":\"2025-12-30T14:10:20+00:00\",\"description\":\"Naturehike lukturis kempingiem, alp\u012bnismam, p\u0101rg\u0101jieniem, mak\u0161\u0137er\u0113\u0161anai, ce\u013cojumiem, lieto\u0161anai m\u0101j\u0101s. \u016adensdro\u0161s. Komplekt\u0101 futl\u0101ris.\",\"breadcrumb\":{\"@id\":\"https:\\\/\\\/gohike.lv\\\/ru\\\/produkts\\\/naturehike-uzladejams-turisma-lukturis-d300-usb\\\/#breadcrumb\"},\"inLanguage\":\"ru-RU\",\"potentialAction\":[{\"@type\":\"ReadAction\",\"target\":[\"https:\\\/\\\/gohike.lv\\\/ru\\\/produkts\\\/naturehike-uzladejams-turisma-lukturis-d300-usb\\\/\"]}]},{\"@type\":\"ImageObject\",\"inLanguage\":\"ru-RU\",\"@id\":\"https:\\\/\\\/gohike.lv\\\/ru\\\/produkts\\\/naturehike-uzladejams-turisma-lukturis-d300-usb\\\/#primaryimage\",\"url\":\"https:\\\/\\\/gohike.lv\\\/wp-content\\\/uploads\\\/2024\\\/04\\\/d300campLight_yellow.webp\",\"contentUrl\":\"https:\\\/\\\/gohike.lv\\\/wp-content\\\/uploads\\\/2024\\\/04\\\/d300campLight_yellow.webp\",\"width\":800,\"height\":800},{\"@type\":\"BreadcrumbList\",\"@id\":\"https:\\\/\\\/gohike.lv\\\/ru\\\/produkts\\\/naturehike-uzladejams-turisma-lukturis-d300-usb\\\/#breadcrumb\",\"itemListElement\":[{\"@type\":\"ListItem\",\"position\":1,\"name\":\"\u0413\u043b\u0430\u0432\u043d\u0430\u044f\",\"item\":\"https:\\\/\\\/gohike.lv\\\/ru\\\/\"},{\"@type\":\"ListItem\",\"position\":2,\"name\":\"\u041a\u0430\u0442\u0435\u0433\u043e\u0440\u0438\u0438 \u0442\u043e\u0432\u0430\u0440\u043e\u0432\",\"item\":\"https:\\\/\\\/gohike.lv\\\/%d0%ba%d0%b0%d1%82%d0%b5%d0%b3%d0%be%d1%80%d0%b8%d0%b8-%d1%82%d0%be%d0%b2%d0%b0%d1%80%d0%be%d0%b2\\\/\"},{\"@type\":\"ListItem\",\"position\":3,\"name\":\"Naturehike &#8211; D300 USB Uzl\u0101d\u0113jams t\u016brisma lukturis\"}]},{\"@type\":\"WebSite\",\"@id\":\"https:\\\/\\\/gohike.lv\\\/ru\\\/#website\",\"url\":\"https:\\\/\\\/gohike.lv\\\/ru\\\/\",\"name\":\"GoHike\",\"description\":\"\",\"publisher\":{\"@id\":\"https:\\\/\\\/gohike.lv\\\/ru\\\/#organization\"},\"potentialAction\":[{\"@type\":\"SearchAction\",\"target\":{\"@type\":\"EntryPoint\",\"urlTemplate\":\"https:\\\/\\\/gohike.lv\\\/ru\\\/?s={search_term_string}\"},\"query-input\":{\"@type\":\"PropertyValueSpecification\",\"valueRequired\":true,\"valueName\":\"search_term_string\"}}],\"inLanguage\":\"ru-RU\"},{\"@type\":\"Organization\",\"@id\":\"https:\\\/\\\/gohike.lv\\\/ru\\\/#organization\",\"name\":\"GoHike\",\"url\":\"https:\\\/\\\/gohike.lv\\\/ru\\\/\",\"logo\":{\"@type\":\"ImageObject\",\"inLanguage\":\"ru-RU\",\"@id\":\"https:\\\/\\\/gohike.lv\\\/ru\\\/#\\\/schema\\\/logo\\\/image\\\/\",\"url\":\"https:\\\/\\\/gohike.lv\\\/wp-content\\\/uploads\\\/2023\\\/08\\\/Logo_GoHike.webp\",\"contentUrl\":\"https:\\\/\\\/gohike.lv\\\/wp-content\\\/uploads\\\/2023\\\/08\\\/Logo_GoHike.webp\",\"width\":512,\"height\":512,\"caption\":\"GoHike\"},\"image\":{\"@id\":\"https:\\\/\\\/gohike.lv\\\/ru\\\/#\\\/schema\\\/logo\\\/image\\\/\"},\"sameAs\":[\"https:\\\/\\\/www.facebook.com\\\/gohike.shop\\\/\",\"https:\\\/\\\/www.instagram.com\\\/gohike.shop\\\/\"]}]}<\/script>\n<!-- \/ Yoast SEO plugin. -->","yoast_head_json":{"title":"Naturehike - D300 USB Uzl\u0101d\u0113jams t\u016brisma lukturis","description":"Naturehike lukturis kempingiem, alp\u012bnismam, p\u0101rg\u0101jieniem, mak\u0161\u0137er\u0113\u0161anai, ce\u013cojumiem, lieto\u0161anai m\u0101j\u0101s. \u016adensdro\u0161s. Komplekt\u0101 futl\u0101ris.","robots":{"index":"index","follow":"follow","max-snippet":"max-snippet:-1","max-image-preview":"max-image-preview:large","max-video-preview":"max-video-preview:-1"},"canonical":"https:\/\/gohike.lv\/ru\/produkts\/naturehike-uzladejams-turisma-lukturis-d300-usb\/","og_locale":"ru_RU","og_type":"article","og_title":"Naturehike - Uzl\u0101d\u0113jams t\u016brisma lukturis D300 USB","og_description":"Naturehike lukturis kempingiem, alp\u012bnismam, p\u0101rg\u0101jieniem, mak\u0161\u0137er\u0113\u0161anai, ce\u013cojumiem, lieto\u0161anai m\u0101j\u0101s. \u016adensdro\u0161s. Komplekt\u0101 futl\u0101ris.","og_url":"https:\/\/gohike.lv\/ru\/produkts\/naturehike-uzladejams-turisma-lukturis-d300-usb\/","og_site_name":"GoHike","article_publisher":"https:\/\/www.facebook.com\/gohike.shop\/","article_modified_time":"2025-12-30T14:10:20+00:00","og_image":[{"width":800,"height":800,"url":"https:\/\/gohike.lv\/wp-content\/uploads\/2024\/04\/d300campLight_yellow.webp","type":"image\/webp"}],"twitter_card":"summary_large_image","twitter_title":"Naturehike - Uzl\u0101d\u0113jams t\u016brisma lukturis D300 USB","twitter_misc":{"\u041f\u0440\u0438\u043c\u0435\u0440\u043d\u043e\u0435 \u0432\u0440\u0435\u043c\u044f \u0434\u043b\u044f \u0447\u0442\u0435\u043d\u0438\u044f":"1 \u043c\u0438\u043d\u0443\u0442\u0430"},"schema":{"@context":"https:\/\/schema.org","@graph":[{"@type":["WebPage","ItemPage"],"@id":"https:\/\/gohike.lv\/ru\/produkts\/naturehike-uzladejams-turisma-lukturis-d300-usb\/","url":"https:\/\/gohike.lv\/ru\/produkts\/naturehike-uzladejams-turisma-lukturis-d300-usb\/","name":"Naturehike - D300 USB Uzl\u0101d\u0113jams t\u016brisma lukturis","isPartOf":{"@id":"https:\/\/gohike.lv\/ru\/#website"},"primaryImageOfPage":{"@id":"https:\/\/gohike.lv\/ru\/produkts\/naturehike-uzladejams-turisma-lukturis-d300-usb\/#primaryimage"},"image":{"@id":"https:\/\/gohike.lv\/ru\/produkts\/naturehike-uzladejams-turisma-lukturis-d300-usb\/#primaryimage"},"thumbnailUrl":"https:\/\/gohike.lv\/wp-content\/uploads\/2024\/04\/d300campLight_yellow.webp","datePublished":"2024-05-07T08:28:30+00:00","dateModified":"2025-12-30T14:10:20+00:00","description":"Naturehike lukturis kempingiem, alp\u012bnismam, p\u0101rg\u0101jieniem, mak\u0161\u0137er\u0113\u0161anai, ce\u013cojumiem, lieto\u0161anai m\u0101j\u0101s. \u016adensdro\u0161s. Komplekt\u0101 futl\u0101ris.","breadcrumb":{"@id":"https:\/\/gohike.lv\/ru\/produkts\/naturehike-uzladejams-turisma-lukturis-d300-usb\/#breadcrumb"},"inLanguage":"ru-RU","potentialAction":[{"@type":"ReadAction","target":["https:\/\/gohike.lv\/ru\/produkts\/naturehike-uzladejams-turisma-lukturis-d300-usb\/"]}]},{"@type":"ImageObject","inLanguage":"ru-RU","@id":"https:\/\/gohike.lv\/ru\/produkts\/naturehike-uzladejams-turisma-lukturis-d300-usb\/#primaryimage","url":"https:\/\/gohike.lv\/wp-content\/uploads\/2024\/04\/d300campLight_yellow.webp","contentUrl":"https:\/\/gohike.lv\/wp-content\/uploads\/2024\/04\/d300campLight_yellow.webp","width":800,"height":800},{"@type":"BreadcrumbList","@id":"https:\/\/gohike.lv\/ru\/produkts\/naturehike-uzladejams-turisma-lukturis-d300-usb\/#breadcrumb","itemListElement":[{"@type":"ListItem","position":1,"name":"\u0413\u043b\u0430\u0432\u043d\u0430\u044f","item":"https:\/\/gohike.lv\/ru\/"},{"@type":"ListItem","position":2,"name":"\u041a\u0430\u0442\u0435\u0433\u043e\u0440\u0438\u0438 \u0442\u043e\u0432\u0430\u0440\u043e\u0432","item":"https:\/\/gohike.lv\/%d0%ba%d0%b0%d1%82%d0%b5%d0%b3%d0%be%d1%80%d0%b8%d0%b8-%d1%82%d0%be%d0%b2%d0%b0%d1%80%d0%be%d0%b2\/"},{"@type":"ListItem","position":3,"name":"Naturehike &#8211; D300 USB Uzl\u0101d\u0113jams t\u016brisma lukturis"}]},{"@type":"WebSite","@id":"https:\/\/gohike.lv\/ru\/#website","url":"https:\/\/gohike.lv\/ru\/","name":"GoHike","description":"","publisher":{"@id":"https:\/\/gohike.lv\/ru\/#organization"},"potentialAction":[{"@type":"SearchAction","target":{"@type":"EntryPoint","urlTemplate":"https:\/\/gohike.lv\/ru\/?s={search_term_string}"},"query-input":{"@type":"PropertyValueSpecification","valueRequired":true,"valueName":"search_term_string"}}],"inLanguage":"ru-RU"},{"@type":"Organization","@id":"https:\/\/gohike.lv\/ru\/#organization","name":"GoHike","url":"https:\/\/gohike.lv\/ru\/","logo":{"@type":"ImageObject","inLanguage":"ru-RU","@id":"https:\/\/gohike.lv\/ru\/#\/schema\/logo\/image\/","url":"https:\/\/gohike.lv\/wp-content\/uploads\/2023\/08\/Logo_GoHike.webp","contentUrl":"https:\/\/gohike.lv\/wp-content\/uploads\/2023\/08\/Logo_GoHike.webp","width":512,"height":512,"caption":"GoHike"},"image":{"@id":"https:\/\/gohike.lv\/ru\/#\/schema\/logo\/image\/"},"sameAs":["https:\/\/www.facebook.com\/gohike.shop\/","https:\/\/www.instagram.com\/gohike.shop\/"]}]}},"jetpack_sharing_enabled":true,"_links":{"self":[{"href":"https:\/\/gohike.lv\/ru\/wp-json\/wp\/v2\/product\/52849","targetHints":{"allow":["GET"]}}],"collection":[{"href":"https:\/\/gohike.lv\/ru\/wp-json\/wp\/v2\/product"}],"about":[{"href":"https:\/\/gohike.lv\/ru\/wp-json\/wp\/v2\/types\/product"}],"version-history":[{"count":0,"href":"https:\/\/gohike.lv\/ru\/wp-json\/wp\/v2\/product\/52849\/revisions"}],"wp:featuredmedia":[{"embeddable":true,"href":"https:\/\/gohike.lv\/ru\/wp-json\/wp\/v2\/media\/29695"}],"wp:attachment":[{"href":"https:\/\/gohike.lv\/ru\/wp-json\/wp\/v2\/media?parent=52849"}],"wp:term":[{"taxonomy":"product_brand","embeddable":true,"href":"https:\/\/gohike.lv\/ru\/wp-json\/wp\/v2\/product_brand?post=52849"},{"taxonomy":"product_cat","embeddable":true,"href":"https:\/\/gohike.lv\/ru\/wp-json\/wp\/v2\/product_cat?post=52849"},{"taxonomy":"product_tag","embeddable":true,"href":"https:\/\/gohike.lv\/ru\/wp-json\/wp\/v2\/product_tag?post=52849"}],"curies":[{"name":"wp","href":"https:\/\/api.w.org\/{rel}","templated":true}]}}