{"id":52827,"date":"2024-05-07T11:27:52","date_gmt":"2024-05-07T08:27:52","guid":{"rendered":"https:\/\/gohike.lv\/produkts\/naturehike-salokama-celojumu-soma\/"},"modified":"2025-10-15T23:12:49","modified_gmt":"2025-10-15T20:12:49","slug":"naturehike-salokama-celojumu-soma","status":"publish","type":"product","link":"https:\/\/gohike.lv\/ru\/produkts\/naturehike-salokama-celojumu-soma\/","title":{"rendered":"Naturehike &#8212; Salok\u0101ma ce\u013cojumu soma 88l"},"content":{"rendered":"<p>Paredz\u0113ts tilpumam l\u012bdz 88 litriem ar izm\u0113riem 75x35x35 cm.<br \/>\nAizdare ar r\u0101v\u0113jsl\u0113dz\u0113ju un ir speci\u0101li rokturi \u0113rtai p\u0101rn\u0113s\u0101\u0161anai.<br \/>\nSom\u0101 ietilps daudz nepiecie\u0161am\u0101s lietas, ir ietilp\u012bgs nodal\u012bjums un iek\u0161\u0113j\u0101s kabatas.<br \/>\nSoma ir izgatavota no iztur\u012bga poliestera materi\u0101la.<br \/>\n\u012apa\u0161\u012bbas:<br \/>\nIzm\u0113ri: 75x35x35 cm;<br \/>\nIzm\u0113ri saloc\u012bt\u0101 veid\u0101: 35 x 35 x 12 cm;<br \/>\nAizdare: r\u0101v\u0113jsl\u0113dz\u0113js;<br \/>\nTilpums: 88 l;<br \/>\nMaksim\u0101l\u0101 slodze: 20 kg;<br \/>\nMateri\u0101ls: poliesters;<br \/>\nSvars: 1660 g.<\/p>\n","protected":false},"excerpt":{"rendered":"<p>Naturehike saliekam\u0101 soma piem\u0113rota ce\u013cojumiem, kempingiem, piknikam.<\/p>\n","protected":false},"featured_media":31290,"template":"","meta":[],"product_brand":[167],"product_cat":[9447,1463],"product_tag":[],"class_list":{"0":"post-52827","1":"product","2":"type-product","3":"status-publish","4":"has-post-thumbnail","6":"product_brand-naturehike-lv","7":"product_cat-izpardosana","8":"product_cat-somas-un-maki","9":"pa_krasa-armijas-zals","10":"pa_krasa-melns","11":"pa_produkta-tips-sapakojamas-somas","12":"pa_produkta-tips-somas-celosanai","14":"first","15":"instock","16":"sale","17":"taxable","18":"shipping-taxable","19":"purchasable","20":"product-type-variable","21":"has-default-attributes"},"raw_content":{"name":"Naturehike - Salok\u0101ma ce\u013cojumu soma 88l","description":"Paredz\u0113ts tilpumam l\u012bdz 88 litriem ar izm\u0113riem 75x35x35 cm.\nAizdare ar r\u0101v\u0113jsl\u0113dz\u0113ju un ir speci\u0101li rokturi \u0113rtai p\u0101rn\u0113s\u0101\u0161anai.\nSom\u0101 ietilps daudz nepiecie\u0161am\u0101s lietas, ir ietilp\u012bgs nodal\u012bjums un iek\u0161\u0113j\u0101s kabatas.\nSoma ir izgatavota no iztur\u012bga poliestera materi\u0101la.\n\u012apa\u0161\u012bbas:\nIzm\u0113ri: 75x35x35 cm;\nIzm\u0113ri saloc\u012bt\u0101 veid\u0101: 35 x 35 x 12 cm;\nAizdare: r\u0101v\u0113jsl\u0113dz\u0113js;\nTilpums: 88 l;\nMaksim\u0101l\u0101 slodze: 20 kg;\nMateri\u0101ls: poliesters;\nSvars: 1660 g.","short_description":"Naturehike saliekam\u0101 soma piem\u0113rota ce\u013cojumiem, kempingiem, piknikam.","status":"publish","sku":"nat000163","original":52827},"wpml":{"translation_type":1,"has_translations":true,"original":52827,"duplicates":[],"translations":{"lv":52827,"en":68380,"ru":null}},"supplier_id":null,"supplier_sku":"","barcode":null,"atum_controlled":true,"out_stock_date":null,"out_stock_threshold":null,"inheritable":false,"inbound_stock":0,"stock_on_hold":0,"sold_today":0,"sales_last_days":0,"reserved_stock":0,"customer_returns":0,"warehouse_damage":0,"lost_in_post":0,"other_logs":0,"out_stock_days":0,"lost_sales":0,"has_location":false,"update_date":"2025-11-13T14:06:58","atum_locations":[],"atum_stock_status":"instock","restock_status":false,"low_stock_amount":"","sales_update_date":"2025-11-13T14:06:58","calc_backorders":null,"yoast_head":"<!-- This site is optimized with the Yoast SEO plugin v27.3 - https:\/\/yoast.com\/product\/yoast-seo-wordpress\/ -->\n<title>Naturehike - Salok\u0101ma ce\u013cojumu soma<\/title>\n<meta name=\"description\" content=\"Naturehike saliekam\u0101 soma piem\u0113rota ce\u013cojumiem, kempingiem, piknikam.\" \/>\n<meta name=\"robots\" content=\"index, follow, max-snippet:-1, max-image-preview:large, max-video-preview:-1\" \/>\n<link rel=\"canonical\" href=\"https:\/\/gohike.lv\/ru\/produkts\/naturehike-salokama-celojumu-soma\/\" \/>\n<meta property=\"og:locale\" content=\"ru_RU\" \/>\n<meta property=\"og:type\" content=\"article\" \/>\n<meta property=\"og:title\" content=\"Naturehike - Salok\u0101m\u0101 ce\u013cojumu soma\" \/>\n<meta property=\"og:description\" content=\"Naturehike saliekam\u0101 soma piem\u0113rota ce\u013cojumiem, kempingiem, piknikam.\" \/>\n<meta property=\"og:url\" content=\"https:\/\/gohike.lv\/ru\/produkts\/naturehike-salokama-celojumu-soma\/\" \/>\n<meta property=\"og:site_name\" content=\"GoHike\" \/>\n<meta property=\"article:publisher\" content=\"https:\/\/www.facebook.com\/gohike.shop\/\" \/>\n<meta property=\"article:modified_time\" content=\"2025-10-15T20:12:49+00:00\" \/>\n<meta property=\"og:image\" content=\"https:\/\/gohike.lv\/wp-content\/uploads\/2024\/04\/FoldingTravelBag_black.webp\" \/>\n\t<meta property=\"og:image:width\" content=\"800\" \/>\n\t<meta property=\"og:image:height\" content=\"800\" \/>\n\t<meta property=\"og:image:type\" content=\"image\/webp\" \/>\n<meta name=\"twitter:card\" content=\"summary_large_image\" \/>\n<meta name=\"twitter:title\" content=\"Naturehike - Salok\u0101m\u0101 ce\u013cojumu soma\" \/>\n<meta name=\"twitter:label1\" content=\"\u041f\u0440\u0438\u043c\u0435\u0440\u043d\u043e\u0435 \u0432\u0440\u0435\u043c\u044f \u0434\u043b\u044f \u0447\u0442\u0435\u043d\u0438\u044f\" \/>\n\t<meta name=\"twitter:data1\" content=\"1 \u043c\u0438\u043d\u0443\u0442\u0430\" \/>\n<script type=\"application\/ld+json\" class=\"yoast-schema-graph\">{\"@context\":\"https:\\\/\\\/schema.org\",\"@graph\":[{\"@type\":[\"WebPage\",\"ItemPage\"],\"@id\":\"https:\\\/\\\/gohike.lv\\\/ru\\\/produkts\\\/naturehike-salokama-celojumu-soma\\\/\",\"url\":\"https:\\\/\\\/gohike.lv\\\/ru\\\/produkts\\\/naturehike-salokama-celojumu-soma\\\/\",\"name\":\"Naturehike - Salok\u0101ma ce\u013cojumu soma\",\"isPartOf\":{\"@id\":\"https:\\\/\\\/gohike.lv\\\/ru\\\/#website\"},\"primaryImageOfPage\":{\"@id\":\"https:\\\/\\\/gohike.lv\\\/ru\\\/produkts\\\/naturehike-salokama-celojumu-soma\\\/#primaryimage\"},\"image\":{\"@id\":\"https:\\\/\\\/gohike.lv\\\/ru\\\/produkts\\\/naturehike-salokama-celojumu-soma\\\/#primaryimage\"},\"thumbnailUrl\":\"https:\\\/\\\/gohike.lv\\\/wp-content\\\/uploads\\\/2024\\\/04\\\/FoldingTravelBag_black.webp\",\"datePublished\":\"2024-05-07T08:27:52+00:00\",\"dateModified\":\"2025-10-15T20:12:49+00:00\",\"description\":\"Naturehike saliekam\u0101 soma piem\u0113rota ce\u013cojumiem, kempingiem, piknikam.\",\"breadcrumb\":{\"@id\":\"https:\\\/\\\/gohike.lv\\\/ru\\\/produkts\\\/naturehike-salokama-celojumu-soma\\\/#breadcrumb\"},\"inLanguage\":\"ru-RU\",\"potentialAction\":[{\"@type\":\"ReadAction\",\"target\":[\"https:\\\/\\\/gohike.lv\\\/ru\\\/produkts\\\/naturehike-salokama-celojumu-soma\\\/\"]}]},{\"@type\":\"ImageObject\",\"inLanguage\":\"ru-RU\",\"@id\":\"https:\\\/\\\/gohike.lv\\\/ru\\\/produkts\\\/naturehike-salokama-celojumu-soma\\\/#primaryimage\",\"url\":\"https:\\\/\\\/gohike.lv\\\/wp-content\\\/uploads\\\/2024\\\/04\\\/FoldingTravelBag_black.webp\",\"contentUrl\":\"https:\\\/\\\/gohike.lv\\\/wp-content\\\/uploads\\\/2024\\\/04\\\/FoldingTravelBag_black.webp\",\"width\":800,\"height\":800},{\"@type\":\"BreadcrumbList\",\"@id\":\"https:\\\/\\\/gohike.lv\\\/ru\\\/produkts\\\/naturehike-salokama-celojumu-soma\\\/#breadcrumb\",\"itemListElement\":[{\"@type\":\"ListItem\",\"position\":1,\"name\":\"\u0413\u043b\u0430\u0432\u043d\u0430\u044f\",\"item\":\"https:\\\/\\\/gohike.lv\\\/ru\\\/\"},{\"@type\":\"ListItem\",\"position\":2,\"name\":\"\u041a\u0430\u0442\u0435\u0433\u043e\u0440\u0438\u0438 \u0442\u043e\u0432\u0430\u0440\u043e\u0432\",\"item\":\"https:\\\/\\\/gohike.lv\\\/%d0%ba%d0%b0%d1%82%d0%b5%d0%b3%d0%be%d1%80%d0%b8%d0%b8-%d1%82%d0%be%d0%b2%d0%b0%d1%80%d0%be%d0%b2\\\/\"},{\"@type\":\"ListItem\",\"position\":3,\"name\":\"Naturehike &#8211; Salok\u0101ma ce\u013cojumu soma 88l\"}]},{\"@type\":\"WebSite\",\"@id\":\"https:\\\/\\\/gohike.lv\\\/ru\\\/#website\",\"url\":\"https:\\\/\\\/gohike.lv\\\/ru\\\/\",\"name\":\"GoHike\",\"description\":\"\",\"publisher\":{\"@id\":\"https:\\\/\\\/gohike.lv\\\/ru\\\/#organization\"},\"potentialAction\":[{\"@type\":\"SearchAction\",\"target\":{\"@type\":\"EntryPoint\",\"urlTemplate\":\"https:\\\/\\\/gohike.lv\\\/ru\\\/?s={search_term_string}\"},\"query-input\":{\"@type\":\"PropertyValueSpecification\",\"valueRequired\":true,\"valueName\":\"search_term_string\"}}],\"inLanguage\":\"ru-RU\"},{\"@type\":\"Organization\",\"@id\":\"https:\\\/\\\/gohike.lv\\\/ru\\\/#organization\",\"name\":\"GoHike\",\"url\":\"https:\\\/\\\/gohike.lv\\\/ru\\\/\",\"logo\":{\"@type\":\"ImageObject\",\"inLanguage\":\"ru-RU\",\"@id\":\"https:\\\/\\\/gohike.lv\\\/ru\\\/#\\\/schema\\\/logo\\\/image\\\/\",\"url\":\"https:\\\/\\\/gohike.lv\\\/wp-content\\\/uploads\\\/2023\\\/08\\\/Logo_GoHike.webp\",\"contentUrl\":\"https:\\\/\\\/gohike.lv\\\/wp-content\\\/uploads\\\/2023\\\/08\\\/Logo_GoHike.webp\",\"width\":512,\"height\":512,\"caption\":\"GoHike\"},\"image\":{\"@id\":\"https:\\\/\\\/gohike.lv\\\/ru\\\/#\\\/schema\\\/logo\\\/image\\\/\"},\"sameAs\":[\"https:\\\/\\\/www.facebook.com\\\/gohike.shop\\\/\",\"https:\\\/\\\/www.instagram.com\\\/gohike.shop\\\/\"]}]}<\/script>\n<!-- \/ Yoast SEO plugin. -->","yoast_head_json":{"title":"Naturehike - Salok\u0101ma ce\u013cojumu soma","description":"Naturehike saliekam\u0101 soma piem\u0113rota ce\u013cojumiem, kempingiem, piknikam.","robots":{"index":"index","follow":"follow","max-snippet":"max-snippet:-1","max-image-preview":"max-image-preview:large","max-video-preview":"max-video-preview:-1"},"canonical":"https:\/\/gohike.lv\/ru\/produkts\/naturehike-salokama-celojumu-soma\/","og_locale":"ru_RU","og_type":"article","og_title":"Naturehike - Salok\u0101m\u0101 ce\u013cojumu soma","og_description":"Naturehike saliekam\u0101 soma piem\u0113rota ce\u013cojumiem, kempingiem, piknikam.","og_url":"https:\/\/gohike.lv\/ru\/produkts\/naturehike-salokama-celojumu-soma\/","og_site_name":"GoHike","article_publisher":"https:\/\/www.facebook.com\/gohike.shop\/","article_modified_time":"2025-10-15T20:12:49+00:00","og_image":[{"width":800,"height":800,"url":"https:\/\/gohike.lv\/wp-content\/uploads\/2024\/04\/FoldingTravelBag_black.webp","type":"image\/webp"}],"twitter_card":"summary_large_image","twitter_title":"Naturehike - Salok\u0101m\u0101 ce\u013cojumu soma","twitter_misc":{"\u041f\u0440\u0438\u043c\u0435\u0440\u043d\u043e\u0435 \u0432\u0440\u0435\u043c\u044f \u0434\u043b\u044f \u0447\u0442\u0435\u043d\u0438\u044f":"1 \u043c\u0438\u043d\u0443\u0442\u0430"},"schema":{"@context":"https:\/\/schema.org","@graph":[{"@type":["WebPage","ItemPage"],"@id":"https:\/\/gohike.lv\/ru\/produkts\/naturehike-salokama-celojumu-soma\/","url":"https:\/\/gohike.lv\/ru\/produkts\/naturehike-salokama-celojumu-soma\/","name":"Naturehike - Salok\u0101ma ce\u013cojumu soma","isPartOf":{"@id":"https:\/\/gohike.lv\/ru\/#website"},"primaryImageOfPage":{"@id":"https:\/\/gohike.lv\/ru\/produkts\/naturehike-salokama-celojumu-soma\/#primaryimage"},"image":{"@id":"https:\/\/gohike.lv\/ru\/produkts\/naturehike-salokama-celojumu-soma\/#primaryimage"},"thumbnailUrl":"https:\/\/gohike.lv\/wp-content\/uploads\/2024\/04\/FoldingTravelBag_black.webp","datePublished":"2024-05-07T08:27:52+00:00","dateModified":"2025-10-15T20:12:49+00:00","description":"Naturehike saliekam\u0101 soma piem\u0113rota ce\u013cojumiem, kempingiem, piknikam.","breadcrumb":{"@id":"https:\/\/gohike.lv\/ru\/produkts\/naturehike-salokama-celojumu-soma\/#breadcrumb"},"inLanguage":"ru-RU","potentialAction":[{"@type":"ReadAction","target":["https:\/\/gohike.lv\/ru\/produkts\/naturehike-salokama-celojumu-soma\/"]}]},{"@type":"ImageObject","inLanguage":"ru-RU","@id":"https:\/\/gohike.lv\/ru\/produkts\/naturehike-salokama-celojumu-soma\/#primaryimage","url":"https:\/\/gohike.lv\/wp-content\/uploads\/2024\/04\/FoldingTravelBag_black.webp","contentUrl":"https:\/\/gohike.lv\/wp-content\/uploads\/2024\/04\/FoldingTravelBag_black.webp","width":800,"height":800},{"@type":"BreadcrumbList","@id":"https:\/\/gohike.lv\/ru\/produkts\/naturehike-salokama-celojumu-soma\/#breadcrumb","itemListElement":[{"@type":"ListItem","position":1,"name":"\u0413\u043b\u0430\u0432\u043d\u0430\u044f","item":"https:\/\/gohike.lv\/ru\/"},{"@type":"ListItem","position":2,"name":"\u041a\u0430\u0442\u0435\u0433\u043e\u0440\u0438\u0438 \u0442\u043e\u0432\u0430\u0440\u043e\u0432","item":"https:\/\/gohike.lv\/%d0%ba%d0%b0%d1%82%d0%b5%d0%b3%d0%be%d1%80%d0%b8%d0%b8-%d1%82%d0%be%d0%b2%d0%b0%d1%80%d0%be%d0%b2\/"},{"@type":"ListItem","position":3,"name":"Naturehike &#8211; Salok\u0101ma ce\u013cojumu soma 88l"}]},{"@type":"WebSite","@id":"https:\/\/gohike.lv\/ru\/#website","url":"https:\/\/gohike.lv\/ru\/","name":"GoHike","description":"","publisher":{"@id":"https:\/\/gohike.lv\/ru\/#organization"},"potentialAction":[{"@type":"SearchAction","target":{"@type":"EntryPoint","urlTemplate":"https:\/\/gohike.lv\/ru\/?s={search_term_string}"},"query-input":{"@type":"PropertyValueSpecification","valueRequired":true,"valueName":"search_term_string"}}],"inLanguage":"ru-RU"},{"@type":"Organization","@id":"https:\/\/gohike.lv\/ru\/#organization","name":"GoHike","url":"https:\/\/gohike.lv\/ru\/","logo":{"@type":"ImageObject","inLanguage":"ru-RU","@id":"https:\/\/gohike.lv\/ru\/#\/schema\/logo\/image\/","url":"https:\/\/gohike.lv\/wp-content\/uploads\/2023\/08\/Logo_GoHike.webp","contentUrl":"https:\/\/gohike.lv\/wp-content\/uploads\/2023\/08\/Logo_GoHike.webp","width":512,"height":512,"caption":"GoHike"},"image":{"@id":"https:\/\/gohike.lv\/ru\/#\/schema\/logo\/image\/"},"sameAs":["https:\/\/www.facebook.com\/gohike.shop\/","https:\/\/www.instagram.com\/gohike.shop\/"]}]}},"jetpack_sharing_enabled":true,"_links":{"self":[{"href":"https:\/\/gohike.lv\/ru\/wp-json\/wp\/v2\/product\/52827","targetHints":{"allow":["GET"]}}],"collection":[{"href":"https:\/\/gohike.lv\/ru\/wp-json\/wp\/v2\/product"}],"about":[{"href":"https:\/\/gohike.lv\/ru\/wp-json\/wp\/v2\/types\/product"}],"version-history":[{"count":0,"href":"https:\/\/gohike.lv\/ru\/wp-json\/wp\/v2\/product\/52827\/revisions"}],"wp:featuredmedia":[{"embeddable":true,"href":"https:\/\/gohike.lv\/ru\/wp-json\/wp\/v2\/media\/31290"}],"wp:attachment":[{"href":"https:\/\/gohike.lv\/ru\/wp-json\/wp\/v2\/media?parent=52827"}],"wp:term":[{"taxonomy":"product_brand","embeddable":true,"href":"https:\/\/gohike.lv\/ru\/wp-json\/wp\/v2\/product_brand?post=52827"},{"taxonomy":"product_cat","embeddable":true,"href":"https:\/\/gohike.lv\/ru\/wp-json\/wp\/v2\/product_cat?post=52827"},{"taxonomy":"product_tag","embeddable":true,"href":"https:\/\/gohike.lv\/ru\/wp-json\/wp\/v2\/product_tag?post=52827"}],"curies":[{"name":"wp","href":"https:\/\/api.w.org\/{rel}","templated":true}]}}