{"id":52805,"date":"2024-05-07T11:26:55","date_gmt":"2024-05-07T08:26:55","guid":{"rendered":"https:\/\/gohike.lv\/produkts\/naturehike-saliekama-uzglabasanas-kaste\/"},"modified":"2025-12-30T17:25:05","modified_gmt":"2025-12-30T14:25:05","slug":"naturehike-saliekama-uzglabasanas-kaste","status":"publish","type":"product","link":"https:\/\/gohike.lv\/ru\/produkts\/naturehike-saliekama-uzglabasanas-kaste\/","title":{"rendered":"Naturehike &#8212; Saliekam\u0101 uzglab\u0101\u0161anas kaste 40l"},"content":{"rendered":"<p>\u0160\u012b uzglab\u0101\u0161anas kaste ir ra\u017eota no EPP\u00a0(papla\u0161in\u0101tais polipropil\u0113ns) materi\u0101la,\u00a0kas ir \u013coti viegls, ta\u010du tam ir laba triecieniztur\u012bba un liela nestsp\u0113ja.<br \/>\nTo var saloc\u012bt, lai ietaup\u012btu l\u012bdz pat 60% vietas.<br \/>\nSpecifik\u0101cija:<br \/>\nModelis: NH20SJ033;<br \/>\nS\u0101nu rokturi \u0113rtai transport\u0113\u0161anai;<br \/>\nMaksim\u0101lais kravas svars 40 kg;<br \/>\nIzm\u0113ri: 60 x 40,5 x 25,7 cm;<br \/>\nIzm\u0113ri (saloc\u012bts): 60 x 40,5 x 10,5 cm;<br \/>\nKr\u0101sa: zila, pel\u0113ka;<br \/>\nTilpums: 40l;<br \/>\nMateri\u0101ls: putu propil\u0113ns (biezums 25 mm).<\/p>\n","protected":false},"excerpt":{"rendered":"<div>Ietilp\u012bga un salok\u0101ma uzglab\u0101\u0161anas kaste.<\/div>\n","protected":false},"featured_media":61782,"template":"","meta":[],"product_brand":[13432],"product_cat":[2493],"product_tag":[],"class_list":{"0":"post-52805","1":"product","2":"type-product","3":"status-publish","4":"has-post-thumbnail","6":"product_brand-naturehike-ru","7":"product_cat-kempinga-mebeles","8":"pa_izmers-40l","9":"pa_produkta-tips-kempinga-kastes","10":"pa_spalva-armijas-zals","11":"pa_spalva-peleks","13":"first","14":"instock","15":"taxable","16":"shipping-taxable","17":"purchasable","18":"product-type-variable","19":"has-default-attributes"},"raw_content":{"name":"Naturehike - Saliekam\u0101 uzglab\u0101\u0161anas kaste 40l","description":"\u0160\u012b uzglab\u0101\u0161anas kaste ir ra\u017eota no EPP\u00a0(papla\u0161in\u0101tais polipropil\u0113ns) materi\u0101la,\u00a0kas ir \u013coti viegls, ta\u010du tam ir laba triecieniztur\u012bba un liela nestsp\u0113ja.\nTo var saloc\u012bt, lai ietaup\u012btu l\u012bdz pat 60% vietas.\nSpecifik\u0101cija:\nModelis: NH20SJ033;\nS\u0101nu rokturi \u0113rtai transport\u0113\u0161anai;\nMaksim\u0101lais kravas svars 40 kg;\nIzm\u0113ri: 60 x 40,5 x 25,7 cm;\nIzm\u0113ri (saloc\u012bts): 60 x 40,5 x 10,5 cm;\nKr\u0101sa: zila, pel\u0113ka;\nTilpums: 40l;\nMateri\u0101ls: putu propil\u0113ns (biezums 25 mm).","short_description":"<div>Ietilp\u012bga un salok\u0101ma uzglab\u0101\u0161anas kaste.<\/div>","status":"publish","sku":"nat000158","original":52805},"wpml":{"translation_type":1,"has_translations":true,"original":52805,"duplicates":[],"translations":{"lv":52805,"en":68376,"ru":null}},"supplier_id":null,"supplier_sku":"","barcode":null,"atum_controlled":true,"out_stock_date":null,"out_stock_threshold":null,"inheritable":false,"inbound_stock":0,"stock_on_hold":0,"sold_today":0,"sales_last_days":0,"reserved_stock":0,"customer_returns":0,"warehouse_damage":0,"lost_in_post":0,"other_logs":0,"out_stock_days":0,"lost_sales":0,"has_location":null,"update_date":"2025-12-30T14:30:39","atum_locations":[],"atum_stock_status":"instock","restock_status":false,"low_stock_amount":"","sales_update_date":"2025-11-13T14:07:54","calc_backorders":null,"yoast_head":"<!-- This site is optimized with the Yoast SEO plugin v27.3 - https:\/\/yoast.com\/product\/yoast-seo-wordpress\/ -->\n<title>Naturehike - Saliekam\u0101 uzglab\u0101\u0161anas kaste<\/title>\n<meta name=\"description\" content=\"Ietilp\u012bga, triecieniztur\u012bga un salok\u0101ma uzglab\u0101\u0161anas kaste.\u00a0\" \/>\n<meta name=\"robots\" content=\"index, follow, max-snippet:-1, max-image-preview:large, max-video-preview:-1\" \/>\n<link rel=\"canonical\" href=\"https:\/\/gohike.lv\/ru\/produkts\/naturehike-saliekama-uzglabasanas-kaste\/\" \/>\n<meta property=\"og:locale\" content=\"ru_RU\" \/>\n<meta property=\"og:type\" content=\"article\" \/>\n<meta property=\"og:title\" content=\"Naturehike - Saliekam\u0101 uzglab\u0101\u0161anas kaste\" \/>\n<meta property=\"og:description\" content=\"Ietilp\u012bga, triecieniztur\u012bga un salok\u0101ma uzglab\u0101\u0161anas kaste.\u00a0\" \/>\n<meta property=\"og:url\" content=\"https:\/\/gohike.lv\/ru\/produkts\/naturehike-saliekama-uzglabasanas-kaste\/\" \/>\n<meta property=\"og:site_name\" content=\"GoHike\" \/>\n<meta property=\"article:publisher\" content=\"https:\/\/www.facebook.com\/gohike.shop\/\" \/>\n<meta property=\"article:modified_time\" content=\"2025-12-30T14:25:05+00:00\" \/>\n<meta property=\"og:image\" content=\"https:\/\/gohike.lv\/wp-content\/uploads\/2024\/05\/konteiner-skladnyi-naturehike-epp-box-40-l-nh20sj033-siryi-59720442975253.webp\" \/>\n\t<meta property=\"og:image:width\" content=\"800\" \/>\n\t<meta property=\"og:image:height\" content=\"800\" \/>\n\t<meta property=\"og:image:type\" content=\"image\/webp\" \/>\n<meta name=\"twitter:card\" content=\"summary_large_image\" \/>\n<meta name=\"twitter:title\" content=\"Naturehike - Saliekam\u0101 uzglab\u0101\u0161anas kaste\" \/>\n<meta name=\"twitter:label1\" content=\"\u041f\u0440\u0438\u043c\u0435\u0440\u043d\u043e\u0435 \u0432\u0440\u0435\u043c\u044f \u0434\u043b\u044f \u0447\u0442\u0435\u043d\u0438\u044f\" \/>\n\t<meta name=\"twitter:data1\" content=\"1 \u043c\u0438\u043d\u0443\u0442\u0430\" \/>\n<script type=\"application\/ld+json\" class=\"yoast-schema-graph\">{\"@context\":\"https:\\\/\\\/schema.org\",\"@graph\":[{\"@type\":[\"WebPage\",\"ItemPage\"],\"@id\":\"https:\\\/\\\/gohike.lv\\\/ru\\\/produkts\\\/naturehike-saliekama-uzglabasanas-kaste\\\/\",\"url\":\"https:\\\/\\\/gohike.lv\\\/ru\\\/produkts\\\/naturehike-saliekama-uzglabasanas-kaste\\\/\",\"name\":\"Naturehike - Saliekam\u0101 uzglab\u0101\u0161anas kaste\",\"isPartOf\":{\"@id\":\"https:\\\/\\\/gohike.lv\\\/ru\\\/#website\"},\"primaryImageOfPage\":{\"@id\":\"https:\\\/\\\/gohike.lv\\\/ru\\\/produkts\\\/naturehike-saliekama-uzglabasanas-kaste\\\/#primaryimage\"},\"image\":{\"@id\":\"https:\\\/\\\/gohike.lv\\\/ru\\\/produkts\\\/naturehike-saliekama-uzglabasanas-kaste\\\/#primaryimage\"},\"thumbnailUrl\":\"https:\\\/\\\/gohike.lv\\\/wp-content\\\/uploads\\\/2024\\\/05\\\/konteiner-skladnyi-naturehike-epp-box-40-l-nh20sj033-siryi-59720442975253.webp\",\"datePublished\":\"2024-05-07T08:26:55+00:00\",\"dateModified\":\"2025-12-30T14:25:05+00:00\",\"description\":\"Ietilp\u012bga, triecieniztur\u012bga un salok\u0101ma uzglab\u0101\u0161anas kaste.\u00a0\",\"breadcrumb\":{\"@id\":\"https:\\\/\\\/gohike.lv\\\/ru\\\/produkts\\\/naturehike-saliekama-uzglabasanas-kaste\\\/#breadcrumb\"},\"inLanguage\":\"ru-RU\",\"potentialAction\":[{\"@type\":\"ReadAction\",\"target\":[\"https:\\\/\\\/gohike.lv\\\/ru\\\/produkts\\\/naturehike-saliekama-uzglabasanas-kaste\\\/\"]}]},{\"@type\":\"ImageObject\",\"inLanguage\":\"ru-RU\",\"@id\":\"https:\\\/\\\/gohike.lv\\\/ru\\\/produkts\\\/naturehike-saliekama-uzglabasanas-kaste\\\/#primaryimage\",\"url\":\"https:\\\/\\\/gohike.lv\\\/wp-content\\\/uploads\\\/2024\\\/05\\\/konteiner-skladnyi-naturehike-epp-box-40-l-nh20sj033-siryi-59720442975253.webp\",\"contentUrl\":\"https:\\\/\\\/gohike.lv\\\/wp-content\\\/uploads\\\/2024\\\/05\\\/konteiner-skladnyi-naturehike-epp-box-40-l-nh20sj033-siryi-59720442975253.webp\",\"width\":800,\"height\":800},{\"@type\":\"BreadcrumbList\",\"@id\":\"https:\\\/\\\/gohike.lv\\\/ru\\\/produkts\\\/naturehike-saliekama-uzglabasanas-kaste\\\/#breadcrumb\",\"itemListElement\":[{\"@type\":\"ListItem\",\"position\":1,\"name\":\"\u0413\u043b\u0430\u0432\u043d\u0430\u044f\",\"item\":\"https:\\\/\\\/gohike.lv\\\/ru\\\/\"},{\"@type\":\"ListItem\",\"position\":2,\"name\":\"\u041a\u0430\u0442\u0435\u0433\u043e\u0440\u0438\u0438 \u0442\u043e\u0432\u0430\u0440\u043e\u0432\",\"item\":\"https:\\\/\\\/gohike.lv\\\/%d0%ba%d0%b0%d1%82%d0%b5%d0%b3%d0%be%d1%80%d0%b8%d0%b8-%d1%82%d0%be%d0%b2%d0%b0%d1%80%d0%be%d0%b2\\\/\"},{\"@type\":\"ListItem\",\"position\":3,\"name\":\"Naturehike &#8211; Saliekam\u0101 uzglab\u0101\u0161anas kaste 40l\"}]},{\"@type\":\"WebSite\",\"@id\":\"https:\\\/\\\/gohike.lv\\\/ru\\\/#website\",\"url\":\"https:\\\/\\\/gohike.lv\\\/ru\\\/\",\"name\":\"GoHike\",\"description\":\"\",\"publisher\":{\"@id\":\"https:\\\/\\\/gohike.lv\\\/ru\\\/#organization\"},\"potentialAction\":[{\"@type\":\"SearchAction\",\"target\":{\"@type\":\"EntryPoint\",\"urlTemplate\":\"https:\\\/\\\/gohike.lv\\\/ru\\\/?s={search_term_string}\"},\"query-input\":{\"@type\":\"PropertyValueSpecification\",\"valueRequired\":true,\"valueName\":\"search_term_string\"}}],\"inLanguage\":\"ru-RU\"},{\"@type\":\"Organization\",\"@id\":\"https:\\\/\\\/gohike.lv\\\/ru\\\/#organization\",\"name\":\"GoHike\",\"url\":\"https:\\\/\\\/gohike.lv\\\/ru\\\/\",\"logo\":{\"@type\":\"ImageObject\",\"inLanguage\":\"ru-RU\",\"@id\":\"https:\\\/\\\/gohike.lv\\\/ru\\\/#\\\/schema\\\/logo\\\/image\\\/\",\"url\":\"https:\\\/\\\/gohike.lv\\\/wp-content\\\/uploads\\\/2023\\\/08\\\/Logo_GoHike.webp\",\"contentUrl\":\"https:\\\/\\\/gohike.lv\\\/wp-content\\\/uploads\\\/2023\\\/08\\\/Logo_GoHike.webp\",\"width\":512,\"height\":512,\"caption\":\"GoHike\"},\"image\":{\"@id\":\"https:\\\/\\\/gohike.lv\\\/ru\\\/#\\\/schema\\\/logo\\\/image\\\/\"},\"sameAs\":[\"https:\\\/\\\/www.facebook.com\\\/gohike.shop\\\/\",\"https:\\\/\\\/www.instagram.com\\\/gohike.shop\\\/\"]}]}<\/script>\n<!-- \/ Yoast SEO plugin. -->","yoast_head_json":{"title":"Naturehike - Saliekam\u0101 uzglab\u0101\u0161anas kaste","description":"Ietilp\u012bga, triecieniztur\u012bga un salok\u0101ma uzglab\u0101\u0161anas kaste.\u00a0","robots":{"index":"index","follow":"follow","max-snippet":"max-snippet:-1","max-image-preview":"max-image-preview:large","max-video-preview":"max-video-preview:-1"},"canonical":"https:\/\/gohike.lv\/ru\/produkts\/naturehike-saliekama-uzglabasanas-kaste\/","og_locale":"ru_RU","og_type":"article","og_title":"Naturehike - Saliekam\u0101 uzglab\u0101\u0161anas kaste","og_description":"Ietilp\u012bga, triecieniztur\u012bga un salok\u0101ma uzglab\u0101\u0161anas kaste.\u00a0","og_url":"https:\/\/gohike.lv\/ru\/produkts\/naturehike-saliekama-uzglabasanas-kaste\/","og_site_name":"GoHike","article_publisher":"https:\/\/www.facebook.com\/gohike.shop\/","article_modified_time":"2025-12-30T14:25:05+00:00","og_image":[{"width":800,"height":800,"url":"https:\/\/gohike.lv\/wp-content\/uploads\/2024\/05\/konteiner-skladnyi-naturehike-epp-box-40-l-nh20sj033-siryi-59720442975253.webp","type":"image\/webp"}],"twitter_card":"summary_large_image","twitter_title":"Naturehike - Saliekam\u0101 uzglab\u0101\u0161anas kaste","twitter_misc":{"\u041f\u0440\u0438\u043c\u0435\u0440\u043d\u043e\u0435 \u0432\u0440\u0435\u043c\u044f \u0434\u043b\u044f \u0447\u0442\u0435\u043d\u0438\u044f":"1 \u043c\u0438\u043d\u0443\u0442\u0430"},"schema":{"@context":"https:\/\/schema.org","@graph":[{"@type":["WebPage","ItemPage"],"@id":"https:\/\/gohike.lv\/ru\/produkts\/naturehike-saliekama-uzglabasanas-kaste\/","url":"https:\/\/gohike.lv\/ru\/produkts\/naturehike-saliekama-uzglabasanas-kaste\/","name":"Naturehike - Saliekam\u0101 uzglab\u0101\u0161anas kaste","isPartOf":{"@id":"https:\/\/gohike.lv\/ru\/#website"},"primaryImageOfPage":{"@id":"https:\/\/gohike.lv\/ru\/produkts\/naturehike-saliekama-uzglabasanas-kaste\/#primaryimage"},"image":{"@id":"https:\/\/gohike.lv\/ru\/produkts\/naturehike-saliekama-uzglabasanas-kaste\/#primaryimage"},"thumbnailUrl":"https:\/\/gohike.lv\/wp-content\/uploads\/2024\/05\/konteiner-skladnyi-naturehike-epp-box-40-l-nh20sj033-siryi-59720442975253.webp","datePublished":"2024-05-07T08:26:55+00:00","dateModified":"2025-12-30T14:25:05+00:00","description":"Ietilp\u012bga, triecieniztur\u012bga un salok\u0101ma uzglab\u0101\u0161anas kaste.\u00a0","breadcrumb":{"@id":"https:\/\/gohike.lv\/ru\/produkts\/naturehike-saliekama-uzglabasanas-kaste\/#breadcrumb"},"inLanguage":"ru-RU","potentialAction":[{"@type":"ReadAction","target":["https:\/\/gohike.lv\/ru\/produkts\/naturehike-saliekama-uzglabasanas-kaste\/"]}]},{"@type":"ImageObject","inLanguage":"ru-RU","@id":"https:\/\/gohike.lv\/ru\/produkts\/naturehike-saliekama-uzglabasanas-kaste\/#primaryimage","url":"https:\/\/gohike.lv\/wp-content\/uploads\/2024\/05\/konteiner-skladnyi-naturehike-epp-box-40-l-nh20sj033-siryi-59720442975253.webp","contentUrl":"https:\/\/gohike.lv\/wp-content\/uploads\/2024\/05\/konteiner-skladnyi-naturehike-epp-box-40-l-nh20sj033-siryi-59720442975253.webp","width":800,"height":800},{"@type":"BreadcrumbList","@id":"https:\/\/gohike.lv\/ru\/produkts\/naturehike-saliekama-uzglabasanas-kaste\/#breadcrumb","itemListElement":[{"@type":"ListItem","position":1,"name":"\u0413\u043b\u0430\u0432\u043d\u0430\u044f","item":"https:\/\/gohike.lv\/ru\/"},{"@type":"ListItem","position":2,"name":"\u041a\u0430\u0442\u0435\u0433\u043e\u0440\u0438\u0438 \u0442\u043e\u0432\u0430\u0440\u043e\u0432","item":"https:\/\/gohike.lv\/%d0%ba%d0%b0%d1%82%d0%b5%d0%b3%d0%be%d1%80%d0%b8%d0%b8-%d1%82%d0%be%d0%b2%d0%b0%d1%80%d0%be%d0%b2\/"},{"@type":"ListItem","position":3,"name":"Naturehike &#8211; Saliekam\u0101 uzglab\u0101\u0161anas kaste 40l"}]},{"@type":"WebSite","@id":"https:\/\/gohike.lv\/ru\/#website","url":"https:\/\/gohike.lv\/ru\/","name":"GoHike","description":"","publisher":{"@id":"https:\/\/gohike.lv\/ru\/#organization"},"potentialAction":[{"@type":"SearchAction","target":{"@type":"EntryPoint","urlTemplate":"https:\/\/gohike.lv\/ru\/?s={search_term_string}"},"query-input":{"@type":"PropertyValueSpecification","valueRequired":true,"valueName":"search_term_string"}}],"inLanguage":"ru-RU"},{"@type":"Organization","@id":"https:\/\/gohike.lv\/ru\/#organization","name":"GoHike","url":"https:\/\/gohike.lv\/ru\/","logo":{"@type":"ImageObject","inLanguage":"ru-RU","@id":"https:\/\/gohike.lv\/ru\/#\/schema\/logo\/image\/","url":"https:\/\/gohike.lv\/wp-content\/uploads\/2023\/08\/Logo_GoHike.webp","contentUrl":"https:\/\/gohike.lv\/wp-content\/uploads\/2023\/08\/Logo_GoHike.webp","width":512,"height":512,"caption":"GoHike"},"image":{"@id":"https:\/\/gohike.lv\/ru\/#\/schema\/logo\/image\/"},"sameAs":["https:\/\/www.facebook.com\/gohike.shop\/","https:\/\/www.instagram.com\/gohike.shop\/"]}]}},"jetpack_sharing_enabled":true,"_links":{"self":[{"href":"https:\/\/gohike.lv\/ru\/wp-json\/wp\/v2\/product\/52805","targetHints":{"allow":["GET"]}}],"collection":[{"href":"https:\/\/gohike.lv\/ru\/wp-json\/wp\/v2\/product"}],"about":[{"href":"https:\/\/gohike.lv\/ru\/wp-json\/wp\/v2\/types\/product"}],"version-history":[{"count":0,"href":"https:\/\/gohike.lv\/ru\/wp-json\/wp\/v2\/product\/52805\/revisions"}],"wp:featuredmedia":[{"embeddable":true,"href":"https:\/\/gohike.lv\/ru\/wp-json\/wp\/v2\/media\/61782"}],"wp:attachment":[{"href":"https:\/\/gohike.lv\/ru\/wp-json\/wp\/v2\/media?parent=52805"}],"wp:term":[{"taxonomy":"product_brand","embeddable":true,"href":"https:\/\/gohike.lv\/ru\/wp-json\/wp\/v2\/product_brand?post=52805"},{"taxonomy":"product_cat","embeddable":true,"href":"https:\/\/gohike.lv\/ru\/wp-json\/wp\/v2\/product_cat?post=52805"},{"taxonomy":"product_tag","embeddable":true,"href":"https:\/\/gohike.lv\/ru\/wp-json\/wp\/v2\/product_tag?post=52805"}],"curies":[{"name":"wp","href":"https:\/\/api.w.org\/{rel}","templated":true}]}}