{"id":52795,"date":"2024-05-07T11:26:16","date_gmt":"2024-05-07T08:26:16","guid":{"rendered":"https:\/\/gohike.lv\/produkts\/naturehike-v-veida-aluminija-mietini-8gab\/"},"modified":"2026-02-02T19:57:27","modified_gmt":"2026-02-02T16:57:27","slug":"naturehike-v-veida-aluminija-mietini-8gab","status":"publish","type":"product","link":"https:\/\/gohike.lv\/ru\/produkts\/naturehike-v-veida-aluminija-mietini-8gab\/","title":{"rendered":"Naturehike &#8212; V-veida Alum\u012bnija mieti\u0146i 8gab"},"content":{"rendered":"<p>Deta\u013cas izgatavotas no kvalitat\u012bva materi\u0101la, kas neloc\u0101s zem nojumes svara.<br \/>\nVirsmas anod\u0113\u0161ana pie\u0161\u0137ir tap\u0101m pat\u012bkamu sp\u012bdumu un papildu aizsardz\u012bbu pret r\u016bsu.<br \/>\nAr deta\u013c\u0101m nekas nenotiks, pat ja t\u0101s visu nakti b\u016bs uzst\u0101d\u012btas mitr\u0101 augsn\u0113.<br \/>\nV-veida forma pie\u0161\u0137ir tapi\u0146ai stabilit\u0101ti, kas nodro\u0161ina uzticamu konstrukcijas fiks\u0101ciju.<br \/>\nDeta\u013cu meln\u0101 kr\u0101sa atbilst jebkurai telts kr\u0101sai.<\/p>\n","protected":false},"excerpt":{"rendered":"<p>Standarta kna\u0123u garums ne vienm\u0113r ir pietiekams, lai uzliktu telti uz m\u012bkstas zemes, ta\u010du pagarin\u0101tie mieti noteikti pal\u012bdz\u0113s situ\u0101cij\u0101, ja izlemsiet ier\u012bkot nometni uz smilt\u012bm, sniega vai irdenas augsnes.<\/p>\n","protected":false},"featured_media":35947,"template":"","meta":[],"product_brand":[167],"product_cat":[1817],"product_tag":[],"class_list":{"0":"post-52795","1":"product","2":"type-product","3":"status-publish","4":"has-post-thumbnail","6":"product_brand-naturehike-lv","7":"product_cat-teltis-un-tenti","8":"pa_produkta-tips-teltu-piederumi","9":"pa_spalva-melns","10":"pa_spalva-sudrabs","12":"first","13":"instock","14":"taxable","15":"shipping-taxable","16":"purchasable","17":"product-type-variable","18":"has-default-attributes"},"raw_content":{"name":"Naturehike - V-veida Alum\u012bnija mieti\u0146i 8gab","description":"Deta\u013cas izgatavotas no kvalitat\u012bva materi\u0101la, kas neloc\u0101s zem nojumes svara.\nVirsmas anod\u0113\u0161ana pie\u0161\u0137ir tap\u0101m pat\u012bkamu sp\u012bdumu un papildu aizsardz\u012bbu pret r\u016bsu.\nAr deta\u013c\u0101m nekas nenotiks, pat ja t\u0101s visu nakti b\u016bs uzst\u0101d\u012btas mitr\u0101 augsn\u0113.\nV-veida forma pie\u0161\u0137ir tapi\u0146ai stabilit\u0101ti, kas nodro\u0161ina uzticamu konstrukcijas fiks\u0101ciju.\nDeta\u013cu meln\u0101 kr\u0101sa atbilst jebkurai telts kr\u0101sai.","short_description":"Standarta kna\u0123u garums ne vienm\u0113r ir pietiekams, lai uzliktu telti uz m\u012bkstas zemes, ta\u010du pagarin\u0101tie mieti noteikti pal\u012bdz\u0113s situ\u0101cij\u0101, ja izlemsiet ier\u012bkot nometni uz smilt\u012bm, sniega vai irdenas augsnes.","status":"publish","sku":"nat000156","original":52795},"wpml":{"translation_type":1,"has_translations":true,"original":52795,"duplicates":[],"translations":{"lv":52795,"en":68363,"ru":null}},"supplier_id":null,"supplier_sku":"","barcode":null,"atum_controlled":true,"out_stock_date":null,"out_stock_threshold":null,"inheritable":false,"inbound_stock":0,"stock_on_hold":0,"sold_today":0,"sales_last_days":1,"reserved_stock":0,"customer_returns":0,"warehouse_damage":0,"lost_in_post":0,"other_logs":0,"out_stock_days":0,"lost_sales":0,"has_location":null,"update_date":"2026-02-03T08:31:57","atum_locations":[],"atum_stock_status":"instock","restock_status":false,"low_stock_amount":"","sales_update_date":"2025-11-13T14:07:32","calc_backorders":null,"yoast_head":"<!-- This site is optimized with the Yoast SEO plugin v27.3 - https:\/\/yoast.com\/product\/yoast-seo-wordpress\/ -->\n<title>Naturehike - V-veida Alum\u012bnija mieti\u0146i 8gab<\/title>\n<meta name=\"description\" content=\"Standarta kna\u0123u garums ne vienm\u0113r ir pietiekams, lai uzliktu telti uz m\u012bkstas zemes, ta\u010du pagarin\u0101tie mieti noteikti pal\u012bdz\u0113s, ja izlemsiet ier\u012bkot nometni uz smilt\u012bm, sniega vai irdenas augsnes.\" \/>\n<meta name=\"robots\" content=\"index, follow, max-snippet:-1, max-image-preview:large, max-video-preview:-1\" \/>\n<link rel=\"canonical\" href=\"https:\/\/gohike.lv\/ru\/produkts\/naturehike-v-veida-aluminija-mietini-8gab\/\" \/>\n<meta property=\"og:locale\" content=\"ru_RU\" \/>\n<meta property=\"og:type\" content=\"article\" \/>\n<meta property=\"og:title\" content=\"Naturehike - V-veida Alum\u012bnija mieti\u0146i 8gab\" \/>\n<meta property=\"og:description\" content=\"Standarta kna\u0123u garums ne vienm\u0113r ir pietiekams, lai uzliktu telti uz m\u012bkstas zemes, ta\u010du pagarin\u0101tie mieti noteikti pal\u012bdz\u0113s, ja izlemsiet ier\u012bkot nometni uz smilt\u012bm, sniega vai irdenas augsnes.\" \/>\n<meta property=\"og:url\" content=\"https:\/\/gohike.lv\/ru\/produkts\/naturehike-v-veida-aluminija-mietini-8gab\/\" \/>\n<meta property=\"og:site_name\" content=\"GoHike\" \/>\n<meta property=\"article:publisher\" content=\"https:\/\/www.facebook.com\/gohike.shop\/\" \/>\n<meta property=\"article:modified_time\" content=\"2026-02-02T16:57:27+00:00\" \/>\n<meta property=\"og:image\" content=\"https:\/\/gohike.lv\/wp-content\/uploads\/2024\/04\/Vshaped_black.webp\" \/>\n\t<meta property=\"og:image:width\" content=\"800\" \/>\n\t<meta property=\"og:image:height\" content=\"800\" \/>\n\t<meta property=\"og:image:type\" content=\"image\/webp\" \/>\n<meta name=\"twitter:card\" content=\"summary_large_image\" \/>\n<meta name=\"twitter:title\" content=\"Naturehike - V-veida Alum\u012bnija mieti\u0146i 8gab\" \/>\n<meta name=\"twitter:label1\" content=\"\u041f\u0440\u0438\u043c\u0435\u0440\u043d\u043e\u0435 \u0432\u0440\u0435\u043c\u044f \u0434\u043b\u044f \u0447\u0442\u0435\u043d\u0438\u044f\" \/>\n\t<meta name=\"twitter:data1\" content=\"1 \u043c\u0438\u043d\u0443\u0442\u0430\" \/>\n<script type=\"application\/ld+json\" class=\"yoast-schema-graph\">{\"@context\":\"https:\\\/\\\/schema.org\",\"@graph\":[{\"@type\":[\"WebPage\",\"ItemPage\"],\"@id\":\"https:\\\/\\\/gohike.lv\\\/ru\\\/produkts\\\/naturehike-v-veida-aluminija-mietini-8gab\\\/\",\"url\":\"https:\\\/\\\/gohike.lv\\\/ru\\\/produkts\\\/naturehike-v-veida-aluminija-mietini-8gab\\\/\",\"name\":\"Naturehike - V-veida Alum\u012bnija mieti\u0146i 8gab\",\"isPartOf\":{\"@id\":\"https:\\\/\\\/gohike.lv\\\/ru\\\/#website\"},\"primaryImageOfPage\":{\"@id\":\"https:\\\/\\\/gohike.lv\\\/ru\\\/produkts\\\/naturehike-v-veida-aluminija-mietini-8gab\\\/#primaryimage\"},\"image\":{\"@id\":\"https:\\\/\\\/gohike.lv\\\/ru\\\/produkts\\\/naturehike-v-veida-aluminija-mietini-8gab\\\/#primaryimage\"},\"thumbnailUrl\":\"https:\\\/\\\/gohike.lv\\\/wp-content\\\/uploads\\\/2024\\\/04\\\/Vshaped_black.webp\",\"datePublished\":\"2024-05-07T08:26:16+00:00\",\"dateModified\":\"2026-02-02T16:57:27+00:00\",\"description\":\"Standarta kna\u0123u garums ne vienm\u0113r ir pietiekams, lai uzliktu telti uz m\u012bkstas zemes, ta\u010du pagarin\u0101tie mieti noteikti pal\u012bdz\u0113s, ja izlemsiet ier\u012bkot nometni uz smilt\u012bm, sniega vai irdenas augsnes.\",\"breadcrumb\":{\"@id\":\"https:\\\/\\\/gohike.lv\\\/ru\\\/produkts\\\/naturehike-v-veida-aluminija-mietini-8gab\\\/#breadcrumb\"},\"inLanguage\":\"ru-RU\",\"potentialAction\":[{\"@type\":\"ReadAction\",\"target\":[\"https:\\\/\\\/gohike.lv\\\/ru\\\/produkts\\\/naturehike-v-veida-aluminija-mietini-8gab\\\/\"]}]},{\"@type\":\"ImageObject\",\"inLanguage\":\"ru-RU\",\"@id\":\"https:\\\/\\\/gohike.lv\\\/ru\\\/produkts\\\/naturehike-v-veida-aluminija-mietini-8gab\\\/#primaryimage\",\"url\":\"https:\\\/\\\/gohike.lv\\\/wp-content\\\/uploads\\\/2024\\\/04\\\/Vshaped_black.webp\",\"contentUrl\":\"https:\\\/\\\/gohike.lv\\\/wp-content\\\/uploads\\\/2024\\\/04\\\/Vshaped_black.webp\",\"width\":800,\"height\":800},{\"@type\":\"BreadcrumbList\",\"@id\":\"https:\\\/\\\/gohike.lv\\\/ru\\\/produkts\\\/naturehike-v-veida-aluminija-mietini-8gab\\\/#breadcrumb\",\"itemListElement\":[{\"@type\":\"ListItem\",\"position\":1,\"name\":\"\u0413\u043b\u0430\u0432\u043d\u0430\u044f\",\"item\":\"https:\\\/\\\/gohike.lv\\\/ru\\\/\"},{\"@type\":\"ListItem\",\"position\":2,\"name\":\"\u041a\u0430\u0442\u0435\u0433\u043e\u0440\u0438\u0438 \u0442\u043e\u0432\u0430\u0440\u043e\u0432\",\"item\":\"https:\\\/\\\/gohike.lv\\\/%d0%ba%d0%b0%d1%82%d0%b5%d0%b3%d0%be%d1%80%d0%b8%d0%b8-%d1%82%d0%be%d0%b2%d0%b0%d1%80%d0%be%d0%b2\\\/\"},{\"@type\":\"ListItem\",\"position\":3,\"name\":\"Naturehike &#8211; V-veida Alum\u012bnija mieti\u0146i 8gab\"}]},{\"@type\":\"WebSite\",\"@id\":\"https:\\\/\\\/gohike.lv\\\/ru\\\/#website\",\"url\":\"https:\\\/\\\/gohike.lv\\\/ru\\\/\",\"name\":\"GoHike\",\"description\":\"\",\"publisher\":{\"@id\":\"https:\\\/\\\/gohike.lv\\\/ru\\\/#organization\"},\"potentialAction\":[{\"@type\":\"SearchAction\",\"target\":{\"@type\":\"EntryPoint\",\"urlTemplate\":\"https:\\\/\\\/gohike.lv\\\/ru\\\/?s={search_term_string}\"},\"query-input\":{\"@type\":\"PropertyValueSpecification\",\"valueRequired\":true,\"valueName\":\"search_term_string\"}}],\"inLanguage\":\"ru-RU\"},{\"@type\":\"Organization\",\"@id\":\"https:\\\/\\\/gohike.lv\\\/ru\\\/#organization\",\"name\":\"GoHike\",\"url\":\"https:\\\/\\\/gohike.lv\\\/ru\\\/\",\"logo\":{\"@type\":\"ImageObject\",\"inLanguage\":\"ru-RU\",\"@id\":\"https:\\\/\\\/gohike.lv\\\/ru\\\/#\\\/schema\\\/logo\\\/image\\\/\",\"url\":\"https:\\\/\\\/gohike.lv\\\/wp-content\\\/uploads\\\/2023\\\/08\\\/Logo_GoHike.webp\",\"contentUrl\":\"https:\\\/\\\/gohike.lv\\\/wp-content\\\/uploads\\\/2023\\\/08\\\/Logo_GoHike.webp\",\"width\":512,\"height\":512,\"caption\":\"GoHike\"},\"image\":{\"@id\":\"https:\\\/\\\/gohike.lv\\\/ru\\\/#\\\/schema\\\/logo\\\/image\\\/\"},\"sameAs\":[\"https:\\\/\\\/www.facebook.com\\\/gohike.shop\\\/\",\"https:\\\/\\\/www.instagram.com\\\/gohike.shop\\\/\"]}]}<\/script>\n<!-- \/ Yoast SEO plugin. -->","yoast_head_json":{"title":"Naturehike - V-veida Alum\u012bnija mieti\u0146i 8gab","description":"Standarta kna\u0123u garums ne vienm\u0113r ir pietiekams, lai uzliktu telti uz m\u012bkstas zemes, ta\u010du pagarin\u0101tie mieti noteikti pal\u012bdz\u0113s, ja izlemsiet ier\u012bkot nometni uz smilt\u012bm, sniega vai irdenas augsnes.","robots":{"index":"index","follow":"follow","max-snippet":"max-snippet:-1","max-image-preview":"max-image-preview:large","max-video-preview":"max-video-preview:-1"},"canonical":"https:\/\/gohike.lv\/ru\/produkts\/naturehike-v-veida-aluminija-mietini-8gab\/","og_locale":"ru_RU","og_type":"article","og_title":"Naturehike - V-veida Alum\u012bnija mieti\u0146i 8gab","og_description":"Standarta kna\u0123u garums ne vienm\u0113r ir pietiekams, lai uzliktu telti uz m\u012bkstas zemes, ta\u010du pagarin\u0101tie mieti noteikti pal\u012bdz\u0113s, ja izlemsiet ier\u012bkot nometni uz smilt\u012bm, sniega vai irdenas augsnes.","og_url":"https:\/\/gohike.lv\/ru\/produkts\/naturehike-v-veida-aluminija-mietini-8gab\/","og_site_name":"GoHike","article_publisher":"https:\/\/www.facebook.com\/gohike.shop\/","article_modified_time":"2026-02-02T16:57:27+00:00","og_image":[{"width":800,"height":800,"url":"https:\/\/gohike.lv\/wp-content\/uploads\/2024\/04\/Vshaped_black.webp","type":"image\/webp"}],"twitter_card":"summary_large_image","twitter_title":"Naturehike - V-veida Alum\u012bnija mieti\u0146i 8gab","twitter_misc":{"\u041f\u0440\u0438\u043c\u0435\u0440\u043d\u043e\u0435 \u0432\u0440\u0435\u043c\u044f \u0434\u043b\u044f \u0447\u0442\u0435\u043d\u0438\u044f":"1 \u043c\u0438\u043d\u0443\u0442\u0430"},"schema":{"@context":"https:\/\/schema.org","@graph":[{"@type":["WebPage","ItemPage"],"@id":"https:\/\/gohike.lv\/ru\/produkts\/naturehike-v-veida-aluminija-mietini-8gab\/","url":"https:\/\/gohike.lv\/ru\/produkts\/naturehike-v-veida-aluminija-mietini-8gab\/","name":"Naturehike - V-veida Alum\u012bnija mieti\u0146i 8gab","isPartOf":{"@id":"https:\/\/gohike.lv\/ru\/#website"},"primaryImageOfPage":{"@id":"https:\/\/gohike.lv\/ru\/produkts\/naturehike-v-veida-aluminija-mietini-8gab\/#primaryimage"},"image":{"@id":"https:\/\/gohike.lv\/ru\/produkts\/naturehike-v-veida-aluminija-mietini-8gab\/#primaryimage"},"thumbnailUrl":"https:\/\/gohike.lv\/wp-content\/uploads\/2024\/04\/Vshaped_black.webp","datePublished":"2024-05-07T08:26:16+00:00","dateModified":"2026-02-02T16:57:27+00:00","description":"Standarta kna\u0123u garums ne vienm\u0113r ir pietiekams, lai uzliktu telti uz m\u012bkstas zemes, ta\u010du pagarin\u0101tie mieti noteikti pal\u012bdz\u0113s, ja izlemsiet ier\u012bkot nometni uz smilt\u012bm, sniega vai irdenas augsnes.","breadcrumb":{"@id":"https:\/\/gohike.lv\/ru\/produkts\/naturehike-v-veida-aluminija-mietini-8gab\/#breadcrumb"},"inLanguage":"ru-RU","potentialAction":[{"@type":"ReadAction","target":["https:\/\/gohike.lv\/ru\/produkts\/naturehike-v-veida-aluminija-mietini-8gab\/"]}]},{"@type":"ImageObject","inLanguage":"ru-RU","@id":"https:\/\/gohike.lv\/ru\/produkts\/naturehike-v-veida-aluminija-mietini-8gab\/#primaryimage","url":"https:\/\/gohike.lv\/wp-content\/uploads\/2024\/04\/Vshaped_black.webp","contentUrl":"https:\/\/gohike.lv\/wp-content\/uploads\/2024\/04\/Vshaped_black.webp","width":800,"height":800},{"@type":"BreadcrumbList","@id":"https:\/\/gohike.lv\/ru\/produkts\/naturehike-v-veida-aluminija-mietini-8gab\/#breadcrumb","itemListElement":[{"@type":"ListItem","position":1,"name":"\u0413\u043b\u0430\u0432\u043d\u0430\u044f","item":"https:\/\/gohike.lv\/ru\/"},{"@type":"ListItem","position":2,"name":"\u041a\u0430\u0442\u0435\u0433\u043e\u0440\u0438\u0438 \u0442\u043e\u0432\u0430\u0440\u043e\u0432","item":"https:\/\/gohike.lv\/%d0%ba%d0%b0%d1%82%d0%b5%d0%b3%d0%be%d1%80%d0%b8%d0%b8-%d1%82%d0%be%d0%b2%d0%b0%d1%80%d0%be%d0%b2\/"},{"@type":"ListItem","position":3,"name":"Naturehike &#8211; V-veida Alum\u012bnija mieti\u0146i 8gab"}]},{"@type":"WebSite","@id":"https:\/\/gohike.lv\/ru\/#website","url":"https:\/\/gohike.lv\/ru\/","name":"GoHike","description":"","publisher":{"@id":"https:\/\/gohike.lv\/ru\/#organization"},"potentialAction":[{"@type":"SearchAction","target":{"@type":"EntryPoint","urlTemplate":"https:\/\/gohike.lv\/ru\/?s={search_term_string}"},"query-input":{"@type":"PropertyValueSpecification","valueRequired":true,"valueName":"search_term_string"}}],"inLanguage":"ru-RU"},{"@type":"Organization","@id":"https:\/\/gohike.lv\/ru\/#organization","name":"GoHike","url":"https:\/\/gohike.lv\/ru\/","logo":{"@type":"ImageObject","inLanguage":"ru-RU","@id":"https:\/\/gohike.lv\/ru\/#\/schema\/logo\/image\/","url":"https:\/\/gohike.lv\/wp-content\/uploads\/2023\/08\/Logo_GoHike.webp","contentUrl":"https:\/\/gohike.lv\/wp-content\/uploads\/2023\/08\/Logo_GoHike.webp","width":512,"height":512,"caption":"GoHike"},"image":{"@id":"https:\/\/gohike.lv\/ru\/#\/schema\/logo\/image\/"},"sameAs":["https:\/\/www.facebook.com\/gohike.shop\/","https:\/\/www.instagram.com\/gohike.shop\/"]}]}},"jetpack_sharing_enabled":true,"_links":{"self":[{"href":"https:\/\/gohike.lv\/ru\/wp-json\/wp\/v2\/product\/52795","targetHints":{"allow":["GET"]}}],"collection":[{"href":"https:\/\/gohike.lv\/ru\/wp-json\/wp\/v2\/product"}],"about":[{"href":"https:\/\/gohike.lv\/ru\/wp-json\/wp\/v2\/types\/product"}],"version-history":[{"count":0,"href":"https:\/\/gohike.lv\/ru\/wp-json\/wp\/v2\/product\/52795\/revisions"}],"wp:featuredmedia":[{"embeddable":true,"href":"https:\/\/gohike.lv\/ru\/wp-json\/wp\/v2\/media\/35947"}],"wp:attachment":[{"href":"https:\/\/gohike.lv\/ru\/wp-json\/wp\/v2\/media?parent=52795"}],"wp:term":[{"taxonomy":"product_brand","embeddable":true,"href":"https:\/\/gohike.lv\/ru\/wp-json\/wp\/v2\/product_brand?post=52795"},{"taxonomy":"product_cat","embeddable":true,"href":"https:\/\/gohike.lv\/ru\/wp-json\/wp\/v2\/product_cat?post=52795"},{"taxonomy":"product_tag","embeddable":true,"href":"https:\/\/gohike.lv\/ru\/wp-json\/wp\/v2\/product_tag?post=52795"}],"curies":[{"name":"wp","href":"https:\/\/api.w.org\/{rel}","templated":true}]}}