{"id":52785,"date":"2024-05-07T11:25:37","date_gmt":"2024-05-07T08:25:37","guid":{"rendered":"https:\/\/gohike.lv\/produkts\/naturehike-8cm-d-veida-daudzfunkcionala-karabine-ar-sledzeni\/"},"modified":"2026-02-09T20:52:46","modified_gmt":"2026-02-09T17:52:46","slug":"naturehike-8cm-d-veida-daudzfunkcionala-karabine-ar-sledzeni","status":"publish","type":"product","link":"https:\/\/gohike.lv\/ru\/produkts\/naturehike-8cm-d-veida-daudzfunkcionala-karabine-ar-sledzeni\/","title":{"rendered":"Naturehike &#8212; 8cm D-veida daudzfunkcion\u0101la karab\u012bne ar sl\u0113dzeni"},"content":{"rendered":"<p>Aksesu\u0101rs paredz\u0113ts da\u017e\u0101du priek\u0161metu piestiprin\u0101\u0161anai.<br \/>\nVar piestiprin\u0101t savas atsl\u0113gas un izmantot k\u0101 atsl\u0113gu piekari\u0146u.<br \/>\nT\u0101 ir viegla un kompakta &#8212; t\u0101s garums ir tikai 8 centimetri.<br \/>\nMaksim\u0101l\u0101 slodze: 45 kg. Nav izmantojama alp\u012bnism\u0101.<br \/>\nSavienojums nov\u0113r\u0161 nejau\u0161u atv\u0113r\u0161anos.<\/p>\n","protected":false},"excerpt":{"rendered":"<p>Naturehike D-veida karab\u012bne ir 80 mm gara un izgatavota no alum\u012bnija sakaus\u0113juma. T\u0101 ir iztur\u012bga, nedeform\u0113jas un kalpos ilgu laiku<\/p>\n","protected":false},"featured_media":35925,"template":"","meta":[],"product_brand":[13432],"product_cat":[4140],"product_tag":[],"class_list":{"0":"post-52785","1":"product","2":"type-product","3":"status-publish","4":"has-post-thumbnail","6":"product_brand-naturehike-ru","7":"product_cat-noderigas-lietas","8":"pa_spalva-dzeltens","9":"pa_spalva-melns","10":"pa_spalva-oranzs","11":"pa_spalva-zils","13":"first","14":"instock","15":"taxable","16":"shipping-taxable","17":"purchasable","18":"product-type-variable","19":"has-default-attributes"},"raw_content":{"name":"Naturehike - 8cm D-veida daudzfunkcion\u0101la karab\u012bne ar sl\u0113dzeni","description":"Aksesu\u0101rs paredz\u0113ts da\u017e\u0101du priek\u0161metu piestiprin\u0101\u0161anai.\nVar piestiprin\u0101t savas atsl\u0113gas un izmantot k\u0101 atsl\u0113gu piekari\u0146u.\nT\u0101 ir viegla un kompakta - t\u0101s garums ir tikai 8 centimetri.\nMaksim\u0101l\u0101 slodze: 45 kg. Nav izmantojama alp\u012bnism\u0101.\nSavienojums nov\u0113r\u0161 nejau\u0161u atv\u0113r\u0161anos.","short_description":"Naturehike D-veida karab\u012bne ir 80 mm gara un izgatavota no alum\u012bnija sakaus\u0113juma. T\u0101 ir iztur\u012bga, nedeform\u0113jas un kalpos ilgu laiku","status":"publish","sku":"nat000154","original":52785},"wpml":{"translation_type":1,"has_translations":true,"original":52785,"duplicates":[],"translations":{"lv":52785,"en":68624,"ru":null}},"supplier_id":null,"supplier_sku":"","barcode":null,"atum_controlled":true,"out_stock_date":null,"out_stock_threshold":null,"inheritable":false,"inbound_stock":0,"stock_on_hold":0,"sold_today":0,"sales_last_days":1,"reserved_stock":0,"customer_returns":0,"warehouse_damage":0,"lost_in_post":0,"other_logs":0,"out_stock_days":0,"lost_sales":0,"has_location":false,"update_date":"2025-12-30T14:30:39","atum_locations":[],"atum_stock_status":"instock","restock_status":false,"low_stock_amount":"","sales_update_date":"2025-11-13T13:36:36","calc_backorders":null,"yoast_head":"<!-- This site is optimized with the Yoast SEO plugin v27.3 - https:\/\/yoast.com\/product\/yoast-seo-wordpress\/ -->\n<title>Naturehike - 8cm D-veida daudzfunkcion\u0101la karab\u012bne ar sl\u0113dzeni<\/title>\n<meta name=\"description\" content=\"Naturehike D-veida karab\u012bne ir 80 mm gara un izgatavota no alum\u012bnija sakaus\u0113juma. T\u0101 ir iztur\u012bga, nedeform\u0113jas un kalpos ilgu laiku\" \/>\n<meta name=\"robots\" content=\"index, follow, max-snippet:-1, max-image-preview:large, max-video-preview:-1\" \/>\n<link rel=\"canonical\" href=\"https:\/\/gohike.lv\/ru\/produkts\/naturehike-8cm-d-veida-daudzfunkcionala-karabine-ar-sledzeni\/\" \/>\n<meta property=\"og:locale\" content=\"ru_RU\" \/>\n<meta property=\"og:type\" content=\"article\" \/>\n<meta property=\"og:title\" content=\"Naturehike - 8cm D-veida daudzfunkcion\u0101la karab\u012bne ar sl\u0113dzeni\" \/>\n<meta property=\"og:description\" content=\"Naturehike D-veida karab\u012bne ir 80 mm gara un izgatavota no alum\u012bnija sakaus\u0113juma. T\u0101 ir iztur\u012bga, nedeform\u0113jas un kalpos ilgu laiku\" \/>\n<meta property=\"og:url\" content=\"https:\/\/gohike.lv\/ru\/produkts\/naturehike-8cm-d-veida-daudzfunkcionala-karabine-ar-sledzeni\/\" \/>\n<meta property=\"og:site_name\" content=\"GoHike\" \/>\n<meta property=\"article:publisher\" content=\"https:\/\/www.facebook.com\/gohike.shop\/\" \/>\n<meta property=\"article:modified_time\" content=\"2026-02-09T17:52:46+00:00\" \/>\n<meta property=\"og:image\" content=\"https:\/\/gohike.lv\/wp-content\/uploads\/2024\/04\/8cmWithBuckle_black.webp\" \/>\n\t<meta property=\"og:image:width\" content=\"390\" \/>\n\t<meta property=\"og:image:height\" content=\"390\" \/>\n\t<meta property=\"og:image:type\" content=\"image\/webp\" \/>\n<meta name=\"twitter:card\" content=\"summary_large_image\" \/>\n<meta name=\"twitter:title\" content=\"Naturehike - 8cm D-veida daudzfunkcion\u0101la karab\u012bne ar sl\u0113dzeni\" \/>\n<meta name=\"twitter:label1\" content=\"\u041f\u0440\u0438\u043c\u0435\u0440\u043d\u043e\u0435 \u0432\u0440\u0435\u043c\u044f \u0434\u043b\u044f \u0447\u0442\u0435\u043d\u0438\u044f\" \/>\n\t<meta name=\"twitter:data1\" content=\"1 \u043c\u0438\u043d\u0443\u0442\u0430\" \/>\n<script type=\"application\/ld+json\" class=\"yoast-schema-graph\">{\"@context\":\"https:\\\/\\\/schema.org\",\"@graph\":[{\"@type\":[\"WebPage\",\"ItemPage\"],\"@id\":\"https:\\\/\\\/gohike.lv\\\/ru\\\/produkts\\\/naturehike-8cm-d-veida-daudzfunkcionala-karabine-ar-sledzeni\\\/\",\"url\":\"https:\\\/\\\/gohike.lv\\\/ru\\\/produkts\\\/naturehike-8cm-d-veida-daudzfunkcionala-karabine-ar-sledzeni\\\/\",\"name\":\"Naturehike - 8cm D-veida daudzfunkcion\u0101la karab\u012bne ar sl\u0113dzeni\",\"isPartOf\":{\"@id\":\"https:\\\/\\\/gohike.lv\\\/ru\\\/#website\"},\"primaryImageOfPage\":{\"@id\":\"https:\\\/\\\/gohike.lv\\\/ru\\\/produkts\\\/naturehike-8cm-d-veida-daudzfunkcionala-karabine-ar-sledzeni\\\/#primaryimage\"},\"image\":{\"@id\":\"https:\\\/\\\/gohike.lv\\\/ru\\\/produkts\\\/naturehike-8cm-d-veida-daudzfunkcionala-karabine-ar-sledzeni\\\/#primaryimage\"},\"thumbnailUrl\":\"https:\\\/\\\/gohike.lv\\\/wp-content\\\/uploads\\\/2024\\\/04\\\/8cmWithBuckle_black.webp\",\"datePublished\":\"2024-05-07T08:25:37+00:00\",\"dateModified\":\"2026-02-09T17:52:46+00:00\",\"description\":\"Naturehike D-veida karab\u012bne ir 80 mm gara un izgatavota no alum\u012bnija sakaus\u0113juma. T\u0101 ir iztur\u012bga, nedeform\u0113jas un kalpos ilgu laiku\",\"breadcrumb\":{\"@id\":\"https:\\\/\\\/gohike.lv\\\/ru\\\/produkts\\\/naturehike-8cm-d-veida-daudzfunkcionala-karabine-ar-sledzeni\\\/#breadcrumb\"},\"inLanguage\":\"ru-RU\",\"potentialAction\":[{\"@type\":\"ReadAction\",\"target\":[\"https:\\\/\\\/gohike.lv\\\/ru\\\/produkts\\\/naturehike-8cm-d-veida-daudzfunkcionala-karabine-ar-sledzeni\\\/\"]}]},{\"@type\":\"ImageObject\",\"inLanguage\":\"ru-RU\",\"@id\":\"https:\\\/\\\/gohike.lv\\\/ru\\\/produkts\\\/naturehike-8cm-d-veida-daudzfunkcionala-karabine-ar-sledzeni\\\/#primaryimage\",\"url\":\"https:\\\/\\\/gohike.lv\\\/wp-content\\\/uploads\\\/2024\\\/04\\\/8cmWithBuckle_black.webp\",\"contentUrl\":\"https:\\\/\\\/gohike.lv\\\/wp-content\\\/uploads\\\/2024\\\/04\\\/8cmWithBuckle_black.webp\",\"width\":390,\"height\":390},{\"@type\":\"BreadcrumbList\",\"@id\":\"https:\\\/\\\/gohike.lv\\\/ru\\\/produkts\\\/naturehike-8cm-d-veida-daudzfunkcionala-karabine-ar-sledzeni\\\/#breadcrumb\",\"itemListElement\":[{\"@type\":\"ListItem\",\"position\":1,\"name\":\"\u0413\u043b\u0430\u0432\u043d\u0430\u044f\",\"item\":\"https:\\\/\\\/gohike.lv\\\/ru\\\/\"},{\"@type\":\"ListItem\",\"position\":2,\"name\":\"\u041a\u0430\u0442\u0435\u0433\u043e\u0440\u0438\u0438 \u0442\u043e\u0432\u0430\u0440\u043e\u0432\",\"item\":\"https:\\\/\\\/gohike.lv\\\/%d0%ba%d0%b0%d1%82%d0%b5%d0%b3%d0%be%d1%80%d0%b8%d0%b8-%d1%82%d0%be%d0%b2%d0%b0%d1%80%d0%be%d0%b2\\\/\"},{\"@type\":\"ListItem\",\"position\":3,\"name\":\"Naturehike &#8211; 8cm D-veida daudzfunkcion\u0101la karab\u012bne ar sl\u0113dzeni\"}]},{\"@type\":\"WebSite\",\"@id\":\"https:\\\/\\\/gohike.lv\\\/ru\\\/#website\",\"url\":\"https:\\\/\\\/gohike.lv\\\/ru\\\/\",\"name\":\"GoHike\",\"description\":\"\",\"publisher\":{\"@id\":\"https:\\\/\\\/gohike.lv\\\/ru\\\/#organization\"},\"potentialAction\":[{\"@type\":\"SearchAction\",\"target\":{\"@type\":\"EntryPoint\",\"urlTemplate\":\"https:\\\/\\\/gohike.lv\\\/ru\\\/?s={search_term_string}\"},\"query-input\":{\"@type\":\"PropertyValueSpecification\",\"valueRequired\":true,\"valueName\":\"search_term_string\"}}],\"inLanguage\":\"ru-RU\"},{\"@type\":\"Organization\",\"@id\":\"https:\\\/\\\/gohike.lv\\\/ru\\\/#organization\",\"name\":\"GoHike\",\"url\":\"https:\\\/\\\/gohike.lv\\\/ru\\\/\",\"logo\":{\"@type\":\"ImageObject\",\"inLanguage\":\"ru-RU\",\"@id\":\"https:\\\/\\\/gohike.lv\\\/ru\\\/#\\\/schema\\\/logo\\\/image\\\/\",\"url\":\"https:\\\/\\\/gohike.lv\\\/wp-content\\\/uploads\\\/2023\\\/08\\\/Logo_GoHike.webp\",\"contentUrl\":\"https:\\\/\\\/gohike.lv\\\/wp-content\\\/uploads\\\/2023\\\/08\\\/Logo_GoHike.webp\",\"width\":512,\"height\":512,\"caption\":\"GoHike\"},\"image\":{\"@id\":\"https:\\\/\\\/gohike.lv\\\/ru\\\/#\\\/schema\\\/logo\\\/image\\\/\"},\"sameAs\":[\"https:\\\/\\\/www.facebook.com\\\/gohike.shop\\\/\",\"https:\\\/\\\/www.instagram.com\\\/gohike.shop\\\/\"]}]}<\/script>\n<!-- \/ Yoast SEO plugin. -->","yoast_head_json":{"title":"Naturehike - 8cm D-veida daudzfunkcion\u0101la karab\u012bne ar sl\u0113dzeni","description":"Naturehike D-veida karab\u012bne ir 80 mm gara un izgatavota no alum\u012bnija sakaus\u0113juma. T\u0101 ir iztur\u012bga, nedeform\u0113jas un kalpos ilgu laiku","robots":{"index":"index","follow":"follow","max-snippet":"max-snippet:-1","max-image-preview":"max-image-preview:large","max-video-preview":"max-video-preview:-1"},"canonical":"https:\/\/gohike.lv\/ru\/produkts\/naturehike-8cm-d-veida-daudzfunkcionala-karabine-ar-sledzeni\/","og_locale":"ru_RU","og_type":"article","og_title":"Naturehike - 8cm D-veida daudzfunkcion\u0101la karab\u012bne ar sl\u0113dzeni","og_description":"Naturehike D-veida karab\u012bne ir 80 mm gara un izgatavota no alum\u012bnija sakaus\u0113juma. T\u0101 ir iztur\u012bga, nedeform\u0113jas un kalpos ilgu laiku","og_url":"https:\/\/gohike.lv\/ru\/produkts\/naturehike-8cm-d-veida-daudzfunkcionala-karabine-ar-sledzeni\/","og_site_name":"GoHike","article_publisher":"https:\/\/www.facebook.com\/gohike.shop\/","article_modified_time":"2026-02-09T17:52:46+00:00","og_image":[{"width":390,"height":390,"url":"https:\/\/gohike.lv\/wp-content\/uploads\/2024\/04\/8cmWithBuckle_black.webp","type":"image\/webp"}],"twitter_card":"summary_large_image","twitter_title":"Naturehike - 8cm D-veida daudzfunkcion\u0101la karab\u012bne ar sl\u0113dzeni","twitter_misc":{"\u041f\u0440\u0438\u043c\u0435\u0440\u043d\u043e\u0435 \u0432\u0440\u0435\u043c\u044f \u0434\u043b\u044f \u0447\u0442\u0435\u043d\u0438\u044f":"1 \u043c\u0438\u043d\u0443\u0442\u0430"},"schema":{"@context":"https:\/\/schema.org","@graph":[{"@type":["WebPage","ItemPage"],"@id":"https:\/\/gohike.lv\/ru\/produkts\/naturehike-8cm-d-veida-daudzfunkcionala-karabine-ar-sledzeni\/","url":"https:\/\/gohike.lv\/ru\/produkts\/naturehike-8cm-d-veida-daudzfunkcionala-karabine-ar-sledzeni\/","name":"Naturehike - 8cm D-veida daudzfunkcion\u0101la karab\u012bne ar sl\u0113dzeni","isPartOf":{"@id":"https:\/\/gohike.lv\/ru\/#website"},"primaryImageOfPage":{"@id":"https:\/\/gohike.lv\/ru\/produkts\/naturehike-8cm-d-veida-daudzfunkcionala-karabine-ar-sledzeni\/#primaryimage"},"image":{"@id":"https:\/\/gohike.lv\/ru\/produkts\/naturehike-8cm-d-veida-daudzfunkcionala-karabine-ar-sledzeni\/#primaryimage"},"thumbnailUrl":"https:\/\/gohike.lv\/wp-content\/uploads\/2024\/04\/8cmWithBuckle_black.webp","datePublished":"2024-05-07T08:25:37+00:00","dateModified":"2026-02-09T17:52:46+00:00","description":"Naturehike D-veida karab\u012bne ir 80 mm gara un izgatavota no alum\u012bnija sakaus\u0113juma. T\u0101 ir iztur\u012bga, nedeform\u0113jas un kalpos ilgu laiku","breadcrumb":{"@id":"https:\/\/gohike.lv\/ru\/produkts\/naturehike-8cm-d-veida-daudzfunkcionala-karabine-ar-sledzeni\/#breadcrumb"},"inLanguage":"ru-RU","potentialAction":[{"@type":"ReadAction","target":["https:\/\/gohike.lv\/ru\/produkts\/naturehike-8cm-d-veida-daudzfunkcionala-karabine-ar-sledzeni\/"]}]},{"@type":"ImageObject","inLanguage":"ru-RU","@id":"https:\/\/gohike.lv\/ru\/produkts\/naturehike-8cm-d-veida-daudzfunkcionala-karabine-ar-sledzeni\/#primaryimage","url":"https:\/\/gohike.lv\/wp-content\/uploads\/2024\/04\/8cmWithBuckle_black.webp","contentUrl":"https:\/\/gohike.lv\/wp-content\/uploads\/2024\/04\/8cmWithBuckle_black.webp","width":390,"height":390},{"@type":"BreadcrumbList","@id":"https:\/\/gohike.lv\/ru\/produkts\/naturehike-8cm-d-veida-daudzfunkcionala-karabine-ar-sledzeni\/#breadcrumb","itemListElement":[{"@type":"ListItem","position":1,"name":"\u0413\u043b\u0430\u0432\u043d\u0430\u044f","item":"https:\/\/gohike.lv\/ru\/"},{"@type":"ListItem","position":2,"name":"\u041a\u0430\u0442\u0435\u0433\u043e\u0440\u0438\u0438 \u0442\u043e\u0432\u0430\u0440\u043e\u0432","item":"https:\/\/gohike.lv\/%d0%ba%d0%b0%d1%82%d0%b5%d0%b3%d0%be%d1%80%d0%b8%d0%b8-%d1%82%d0%be%d0%b2%d0%b0%d1%80%d0%be%d0%b2\/"},{"@type":"ListItem","position":3,"name":"Naturehike &#8211; 8cm D-veida daudzfunkcion\u0101la karab\u012bne ar sl\u0113dzeni"}]},{"@type":"WebSite","@id":"https:\/\/gohike.lv\/ru\/#website","url":"https:\/\/gohike.lv\/ru\/","name":"GoHike","description":"","publisher":{"@id":"https:\/\/gohike.lv\/ru\/#organization"},"potentialAction":[{"@type":"SearchAction","target":{"@type":"EntryPoint","urlTemplate":"https:\/\/gohike.lv\/ru\/?s={search_term_string}"},"query-input":{"@type":"PropertyValueSpecification","valueRequired":true,"valueName":"search_term_string"}}],"inLanguage":"ru-RU"},{"@type":"Organization","@id":"https:\/\/gohike.lv\/ru\/#organization","name":"GoHike","url":"https:\/\/gohike.lv\/ru\/","logo":{"@type":"ImageObject","inLanguage":"ru-RU","@id":"https:\/\/gohike.lv\/ru\/#\/schema\/logo\/image\/","url":"https:\/\/gohike.lv\/wp-content\/uploads\/2023\/08\/Logo_GoHike.webp","contentUrl":"https:\/\/gohike.lv\/wp-content\/uploads\/2023\/08\/Logo_GoHike.webp","width":512,"height":512,"caption":"GoHike"},"image":{"@id":"https:\/\/gohike.lv\/ru\/#\/schema\/logo\/image\/"},"sameAs":["https:\/\/www.facebook.com\/gohike.shop\/","https:\/\/www.instagram.com\/gohike.shop\/"]}]}},"jetpack_sharing_enabled":true,"_links":{"self":[{"href":"https:\/\/gohike.lv\/ru\/wp-json\/wp\/v2\/product\/52785","targetHints":{"allow":["GET"]}}],"collection":[{"href":"https:\/\/gohike.lv\/ru\/wp-json\/wp\/v2\/product"}],"about":[{"href":"https:\/\/gohike.lv\/ru\/wp-json\/wp\/v2\/types\/product"}],"version-history":[{"count":0,"href":"https:\/\/gohike.lv\/ru\/wp-json\/wp\/v2\/product\/52785\/revisions"}],"wp:featuredmedia":[{"embeddable":true,"href":"https:\/\/gohike.lv\/ru\/wp-json\/wp\/v2\/media\/35925"}],"wp:attachment":[{"href":"https:\/\/gohike.lv\/ru\/wp-json\/wp\/v2\/media?parent=52785"}],"wp:term":[{"taxonomy":"product_brand","embeddable":true,"href":"https:\/\/gohike.lv\/ru\/wp-json\/wp\/v2\/product_brand?post=52785"},{"taxonomy":"product_cat","embeddable":true,"href":"https:\/\/gohike.lv\/ru\/wp-json\/wp\/v2\/product_cat?post=52785"},{"taxonomy":"product_tag","embeddable":true,"href":"https:\/\/gohike.lv\/ru\/wp-json\/wp\/v2\/product_tag?post=52785"}],"curies":[{"name":"wp","href":"https:\/\/api.w.org\/{rel}","templated":true}]}}