{"id":52770,"date":"2024-05-07T11:25:02","date_gmt":"2024-05-07T08:25:02","guid":{"rendered":"https:\/\/gohike.lv\/produkts\/naturehike-st09-regulejams-5-node-aluminija-sakausejuma-pargajienu-nuja\/"},"modified":"2025-12-30T17:25:05","modified_gmt":"2025-12-30T14:25:05","slug":"naturehike-st09-regulejams-5-node-aluminija-sakausejuma-pargajienu-nuja","status":"publish","type":"product","link":"https:\/\/gohike.lv\/ru\/produkts\/naturehike-st09-regulejams-5-node-aluminija-sakausejuma-pargajienu-nuja\/","title":{"rendered":"Naturehike &#8212; ST09 5-Node Alum\u012bnija trekinga n\u016bja (1 gb.)"},"content":{"rendered":"<p>Naturehike p\u0101rg\u0101jienu n\u016bjas ir vieglas, \u010detru sekciju p\u0101rg\u0101jienu n\u016bjas, kas izgatavotas no iztur\u012bga, augstas kvalit\u0101tes 7075 alum\u012bnija.<br \/>\n3 sekcijas ir savienotas ar sp\u0113c\u012bgu, elast\u012bgu kabeli, un viena da\u013ca ir teleskopiska, t\u0101p\u0113c n\u016bjas salokot, t\u0101s ir tikai 34 cm garas.<br \/>\n\u012apa\u0161\u012bbas:<br \/>\nViegls un ergonomisks EVA putu rokturis;<br \/>\nFast Lock stiprin\u0101jumu sist\u0113ma, regul\u0113jama augstuma stat\u012bvi;<br \/>\nIztur\u012bgs, no\u0146emams uzgalis;<br \/>\nAugstas kvalit\u0101tes 7075 alum\u012bnija sakaus\u0113jums;<br \/>\nRegul\u0113jama savilk\u0161anas aukla, kas izgatavota no neilona un flane\u013ca kombin\u0101cijas;<br \/>\nKomplekt\u0101 ietilpst maci\u0146\u0161 n\u016bjai, gumijas uzga\u013ci un gredzeni.<\/p>\n","protected":false},"excerpt":{"rendered":"<p>Vieglas un kompakti salok\u0101mas p\u0101rg\u0101jienu n\u016bjas trekingam un n\u016bjo\u0161anai.<\/p>\n","protected":false},"featured_media":30116,"template":"","meta":[],"product_brand":[13432],"product_cat":[4393],"product_tag":[],"class_list":{"0":"post-52770","1":"product","2":"type-product","3":"status-publish","4":"has-post-thumbnail","6":"product_brand-naturehike-ru","7":"product_cat-trekinga-nujas","8":"pa_izmers-115-135","9":"pa_spalva-sudrabs","10":"pa_spalva-zils","12":"first","13":"outofstock","14":"taxable","15":"shipping-taxable","16":"purchasable","17":"product-type-variable","18":"has-default-attributes"},"raw_content":{"name":"Naturehike - ST09 5-Node Alum\u012bnija trekinga n\u016bja (1 gb.)","description":"Naturehike p\u0101rg\u0101jienu n\u016bjas ir vieglas, \u010detru sekciju p\u0101rg\u0101jienu n\u016bjas, kas izgatavotas no iztur\u012bga, augstas kvalit\u0101tes 7075 alum\u012bnija.\n3 sekcijas ir savienotas ar sp\u0113c\u012bgu, elast\u012bgu kabeli, un viena da\u013ca ir teleskopiska, t\u0101p\u0113c n\u016bjas salokot, t\u0101s ir tikai 34 cm garas.\n\u012apa\u0161\u012bbas:\nViegls un ergonomisks EVA putu rokturis;\nFast Lock stiprin\u0101jumu sist\u0113ma, regul\u0113jama augstuma stat\u012bvi;\nIztur\u012bgs, no\u0146emams uzgalis;\nAugstas kvalit\u0101tes 7075 alum\u012bnija sakaus\u0113jums;\nRegul\u0113jama savilk\u0161anas aukla, kas izgatavota no neilona un flane\u013ca kombin\u0101cijas;\nKomplekt\u0101 ietilpst maci\u0146\u0161 n\u016bjai, gumijas uzga\u013ci un gredzeni.","short_description":"Vieglas un kompakti salok\u0101mas p\u0101rg\u0101jienu n\u016bjas trekingam un n\u016bjo\u0161anai.","status":"publish","sku":"nat000151","original":52770},"wpml":{"translation_type":1,"has_translations":true,"original":52770,"duplicates":[],"translations":{"lv":52770,"en":68612,"ru":null}},"supplier_id":null,"supplier_sku":"","barcode":null,"atum_controlled":true,"out_stock_date":null,"out_stock_threshold":null,"inheritable":false,"inbound_stock":0,"stock_on_hold":0,"sold_today":0,"sales_last_days":0,"reserved_stock":0,"customer_returns":0,"warehouse_damage":0,"lost_in_post":0,"other_logs":0,"out_stock_days":0,"lost_sales":0,"has_location":null,"update_date":"2025-12-30T14:30:40","atum_locations":[],"atum_stock_status":"outofstock","restock_status":false,"low_stock_amount":"","sales_update_date":"2025-11-13T14:07:32","calc_backorders":null,"yoast_head":"<!-- This site is optimized with the Yoast SEO plugin v27.3 - https:\/\/yoast.com\/product\/yoast-seo-wordpress\/ -->\n<title>Naturehike - ST09 5-Node Alum\u012bnija trekinga n\u016bja<\/title>\n<meta name=\"description\" content=\"Vieglas un kompakti salok\u0101mas p\u0101rg\u0101jienu n\u016bjas trekingam un n\u016bjo\u0161anai.\" \/>\n<meta name=\"robots\" content=\"index, follow, max-snippet:-1, max-image-preview:large, max-video-preview:-1\" \/>\n<link rel=\"canonical\" href=\"https:\/\/gohike.lv\/ru\/produkts\/naturehike-st09-regulejams-5-node-aluminija-sakausejuma-pargajienu-nuja\/\" \/>\n<meta property=\"og:locale\" content=\"ru_RU\" \/>\n<meta property=\"og:type\" content=\"article\" \/>\n<meta property=\"og:title\" content=\"Naturehike - ST09 Regul\u0113jams 5-Node alum\u012bnija sakaus\u0113juma p\u0101rg\u0101jienu n\u016bja\" \/>\n<meta property=\"og:description\" content=\"Vieglas un kompakti salok\u0101mas p\u0101rg\u0101jienu n\u016bjas trekingam un n\u016bjo\u0161anai.\" \/>\n<meta property=\"og:url\" content=\"https:\/\/gohike.lv\/ru\/produkts\/naturehike-st09-regulejams-5-node-aluminija-sakausejuma-pargajienu-nuja\/\" \/>\n<meta property=\"og:site_name\" content=\"GoHike\" \/>\n<meta property=\"article:publisher\" content=\"https:\/\/www.facebook.com\/gohike.shop\/\" \/>\n<meta property=\"article:modified_time\" content=\"2025-12-30T14:25:05+00:00\" \/>\n<meta property=\"og:image\" content=\"https:\/\/gohike.lv\/wp-content\/uploads\/2024\/04\/ST09_silver.jpg\" \/>\n\t<meta property=\"og:image:width\" content=\"1000\" \/>\n\t<meta property=\"og:image:height\" content=\"1000\" \/>\n\t<meta property=\"og:image:type\" content=\"image\/jpeg\" \/>\n<meta name=\"twitter:card\" content=\"summary_large_image\" \/>\n<meta name=\"twitter:title\" content=\"Naturehike - ST09 Regul\u0113jams 5-Node alum\u012bnija sakaus\u0113juma p\u0101rg\u0101jienu n\u016bja\" \/>\n<meta name=\"twitter:label1\" content=\"\u041f\u0440\u0438\u043c\u0435\u0440\u043d\u043e\u0435 \u0432\u0440\u0435\u043c\u044f \u0434\u043b\u044f \u0447\u0442\u0435\u043d\u0438\u044f\" \/>\n\t<meta name=\"twitter:data1\" content=\"1 \u043c\u0438\u043d\u0443\u0442\u0430\" \/>\n<script type=\"application\/ld+json\" class=\"yoast-schema-graph\">{\"@context\":\"https:\\\/\\\/schema.org\",\"@graph\":[{\"@type\":[\"WebPage\",\"ItemPage\"],\"@id\":\"https:\\\/\\\/gohike.lv\\\/ru\\\/produkts\\\/naturehike-st09-regulejams-5-node-aluminija-sakausejuma-pargajienu-nuja\\\/\",\"url\":\"https:\\\/\\\/gohike.lv\\\/ru\\\/produkts\\\/naturehike-st09-regulejams-5-node-aluminija-sakausejuma-pargajienu-nuja\\\/\",\"name\":\"Naturehike - ST09 5-Node Alum\u012bnija trekinga n\u016bja\",\"isPartOf\":{\"@id\":\"https:\\\/\\\/gohike.lv\\\/ru\\\/#website\"},\"primaryImageOfPage\":{\"@id\":\"https:\\\/\\\/gohike.lv\\\/ru\\\/produkts\\\/naturehike-st09-regulejams-5-node-aluminija-sakausejuma-pargajienu-nuja\\\/#primaryimage\"},\"image\":{\"@id\":\"https:\\\/\\\/gohike.lv\\\/ru\\\/produkts\\\/naturehike-st09-regulejams-5-node-aluminija-sakausejuma-pargajienu-nuja\\\/#primaryimage\"},\"thumbnailUrl\":\"https:\\\/\\\/gohike.lv\\\/wp-content\\\/uploads\\\/2024\\\/04\\\/ST09_silver.jpg\",\"datePublished\":\"2024-05-07T08:25:02+00:00\",\"dateModified\":\"2025-12-30T14:25:05+00:00\",\"description\":\"Vieglas un kompakti salok\u0101mas p\u0101rg\u0101jienu n\u016bjas trekingam un n\u016bjo\u0161anai.\",\"breadcrumb\":{\"@id\":\"https:\\\/\\\/gohike.lv\\\/ru\\\/produkts\\\/naturehike-st09-regulejams-5-node-aluminija-sakausejuma-pargajienu-nuja\\\/#breadcrumb\"},\"inLanguage\":\"ru-RU\",\"potentialAction\":[{\"@type\":\"ReadAction\",\"target\":[\"https:\\\/\\\/gohike.lv\\\/ru\\\/produkts\\\/naturehike-st09-regulejams-5-node-aluminija-sakausejuma-pargajienu-nuja\\\/\"]}]},{\"@type\":\"ImageObject\",\"inLanguage\":\"ru-RU\",\"@id\":\"https:\\\/\\\/gohike.lv\\\/ru\\\/produkts\\\/naturehike-st09-regulejams-5-node-aluminija-sakausejuma-pargajienu-nuja\\\/#primaryimage\",\"url\":\"https:\\\/\\\/gohike.lv\\\/wp-content\\\/uploads\\\/2024\\\/04\\\/ST09_silver.jpg\",\"contentUrl\":\"https:\\\/\\\/gohike.lv\\\/wp-content\\\/uploads\\\/2024\\\/04\\\/ST09_silver.jpg\",\"width\":1000,\"height\":1000},{\"@type\":\"BreadcrumbList\",\"@id\":\"https:\\\/\\\/gohike.lv\\\/ru\\\/produkts\\\/naturehike-st09-regulejams-5-node-aluminija-sakausejuma-pargajienu-nuja\\\/#breadcrumb\",\"itemListElement\":[{\"@type\":\"ListItem\",\"position\":1,\"name\":\"\u0413\u043b\u0430\u0432\u043d\u0430\u044f\",\"item\":\"https:\\\/\\\/gohike.lv\\\/ru\\\/\"},{\"@type\":\"ListItem\",\"position\":2,\"name\":\"\u041a\u0430\u0442\u0435\u0433\u043e\u0440\u0438\u0438 \u0442\u043e\u0432\u0430\u0440\u043e\u0432\",\"item\":\"https:\\\/\\\/gohike.lv\\\/%d0%ba%d0%b0%d1%82%d0%b5%d0%b3%d0%be%d1%80%d0%b8%d0%b8-%d1%82%d0%be%d0%b2%d0%b0%d1%80%d0%be%d0%b2\\\/\"},{\"@type\":\"ListItem\",\"position\":3,\"name\":\"Naturehike &#8211; ST09 5-Node Alum\u012bnija trekinga n\u016bja (1 gb.)\"}]},{\"@type\":\"WebSite\",\"@id\":\"https:\\\/\\\/gohike.lv\\\/ru\\\/#website\",\"url\":\"https:\\\/\\\/gohike.lv\\\/ru\\\/\",\"name\":\"GoHike\",\"description\":\"\",\"publisher\":{\"@id\":\"https:\\\/\\\/gohike.lv\\\/ru\\\/#organization\"},\"potentialAction\":[{\"@type\":\"SearchAction\",\"target\":{\"@type\":\"EntryPoint\",\"urlTemplate\":\"https:\\\/\\\/gohike.lv\\\/ru\\\/?s={search_term_string}\"},\"query-input\":{\"@type\":\"PropertyValueSpecification\",\"valueRequired\":true,\"valueName\":\"search_term_string\"}}],\"inLanguage\":\"ru-RU\"},{\"@type\":\"Organization\",\"@id\":\"https:\\\/\\\/gohike.lv\\\/ru\\\/#organization\",\"name\":\"GoHike\",\"url\":\"https:\\\/\\\/gohike.lv\\\/ru\\\/\",\"logo\":{\"@type\":\"ImageObject\",\"inLanguage\":\"ru-RU\",\"@id\":\"https:\\\/\\\/gohike.lv\\\/ru\\\/#\\\/schema\\\/logo\\\/image\\\/\",\"url\":\"https:\\\/\\\/gohike.lv\\\/wp-content\\\/uploads\\\/2023\\\/08\\\/Logo_GoHike.webp\",\"contentUrl\":\"https:\\\/\\\/gohike.lv\\\/wp-content\\\/uploads\\\/2023\\\/08\\\/Logo_GoHike.webp\",\"width\":512,\"height\":512,\"caption\":\"GoHike\"},\"image\":{\"@id\":\"https:\\\/\\\/gohike.lv\\\/ru\\\/#\\\/schema\\\/logo\\\/image\\\/\"},\"sameAs\":[\"https:\\\/\\\/www.facebook.com\\\/gohike.shop\\\/\",\"https:\\\/\\\/www.instagram.com\\\/gohike.shop\\\/\"]}]}<\/script>\n<!-- \/ Yoast SEO plugin. -->","yoast_head_json":{"title":"Naturehike - ST09 5-Node Alum\u012bnija trekinga n\u016bja","description":"Vieglas un kompakti salok\u0101mas p\u0101rg\u0101jienu n\u016bjas trekingam un n\u016bjo\u0161anai.","robots":{"index":"index","follow":"follow","max-snippet":"max-snippet:-1","max-image-preview":"max-image-preview:large","max-video-preview":"max-video-preview:-1"},"canonical":"https:\/\/gohike.lv\/ru\/produkts\/naturehike-st09-regulejams-5-node-aluminija-sakausejuma-pargajienu-nuja\/","og_locale":"ru_RU","og_type":"article","og_title":"Naturehike - ST09 Regul\u0113jams 5-Node alum\u012bnija sakaus\u0113juma p\u0101rg\u0101jienu n\u016bja","og_description":"Vieglas un kompakti salok\u0101mas p\u0101rg\u0101jienu n\u016bjas trekingam un n\u016bjo\u0161anai.","og_url":"https:\/\/gohike.lv\/ru\/produkts\/naturehike-st09-regulejams-5-node-aluminija-sakausejuma-pargajienu-nuja\/","og_site_name":"GoHike","article_publisher":"https:\/\/www.facebook.com\/gohike.shop\/","article_modified_time":"2025-12-30T14:25:05+00:00","og_image":[{"width":1000,"height":1000,"url":"https:\/\/gohike.lv\/wp-content\/uploads\/2024\/04\/ST09_silver.jpg","type":"image\/jpeg"}],"twitter_card":"summary_large_image","twitter_title":"Naturehike - ST09 Regul\u0113jams 5-Node alum\u012bnija sakaus\u0113juma p\u0101rg\u0101jienu n\u016bja","twitter_misc":{"\u041f\u0440\u0438\u043c\u0435\u0440\u043d\u043e\u0435 \u0432\u0440\u0435\u043c\u044f \u0434\u043b\u044f \u0447\u0442\u0435\u043d\u0438\u044f":"1 \u043c\u0438\u043d\u0443\u0442\u0430"},"schema":{"@context":"https:\/\/schema.org","@graph":[{"@type":["WebPage","ItemPage"],"@id":"https:\/\/gohike.lv\/ru\/produkts\/naturehike-st09-regulejams-5-node-aluminija-sakausejuma-pargajienu-nuja\/","url":"https:\/\/gohike.lv\/ru\/produkts\/naturehike-st09-regulejams-5-node-aluminija-sakausejuma-pargajienu-nuja\/","name":"Naturehike - ST09 5-Node Alum\u012bnija trekinga n\u016bja","isPartOf":{"@id":"https:\/\/gohike.lv\/ru\/#website"},"primaryImageOfPage":{"@id":"https:\/\/gohike.lv\/ru\/produkts\/naturehike-st09-regulejams-5-node-aluminija-sakausejuma-pargajienu-nuja\/#primaryimage"},"image":{"@id":"https:\/\/gohike.lv\/ru\/produkts\/naturehike-st09-regulejams-5-node-aluminija-sakausejuma-pargajienu-nuja\/#primaryimage"},"thumbnailUrl":"https:\/\/gohike.lv\/wp-content\/uploads\/2024\/04\/ST09_silver.jpg","datePublished":"2024-05-07T08:25:02+00:00","dateModified":"2025-12-30T14:25:05+00:00","description":"Vieglas un kompakti salok\u0101mas p\u0101rg\u0101jienu n\u016bjas trekingam un n\u016bjo\u0161anai.","breadcrumb":{"@id":"https:\/\/gohike.lv\/ru\/produkts\/naturehike-st09-regulejams-5-node-aluminija-sakausejuma-pargajienu-nuja\/#breadcrumb"},"inLanguage":"ru-RU","potentialAction":[{"@type":"ReadAction","target":["https:\/\/gohike.lv\/ru\/produkts\/naturehike-st09-regulejams-5-node-aluminija-sakausejuma-pargajienu-nuja\/"]}]},{"@type":"ImageObject","inLanguage":"ru-RU","@id":"https:\/\/gohike.lv\/ru\/produkts\/naturehike-st09-regulejams-5-node-aluminija-sakausejuma-pargajienu-nuja\/#primaryimage","url":"https:\/\/gohike.lv\/wp-content\/uploads\/2024\/04\/ST09_silver.jpg","contentUrl":"https:\/\/gohike.lv\/wp-content\/uploads\/2024\/04\/ST09_silver.jpg","width":1000,"height":1000},{"@type":"BreadcrumbList","@id":"https:\/\/gohike.lv\/ru\/produkts\/naturehike-st09-regulejams-5-node-aluminija-sakausejuma-pargajienu-nuja\/#breadcrumb","itemListElement":[{"@type":"ListItem","position":1,"name":"\u0413\u043b\u0430\u0432\u043d\u0430\u044f","item":"https:\/\/gohike.lv\/ru\/"},{"@type":"ListItem","position":2,"name":"\u041a\u0430\u0442\u0435\u0433\u043e\u0440\u0438\u0438 \u0442\u043e\u0432\u0430\u0440\u043e\u0432","item":"https:\/\/gohike.lv\/%d0%ba%d0%b0%d1%82%d0%b5%d0%b3%d0%be%d1%80%d0%b8%d0%b8-%d1%82%d0%be%d0%b2%d0%b0%d1%80%d0%be%d0%b2\/"},{"@type":"ListItem","position":3,"name":"Naturehike &#8211; ST09 5-Node Alum\u012bnija trekinga n\u016bja (1 gb.)"}]},{"@type":"WebSite","@id":"https:\/\/gohike.lv\/ru\/#website","url":"https:\/\/gohike.lv\/ru\/","name":"GoHike","description":"","publisher":{"@id":"https:\/\/gohike.lv\/ru\/#organization"},"potentialAction":[{"@type":"SearchAction","target":{"@type":"EntryPoint","urlTemplate":"https:\/\/gohike.lv\/ru\/?s={search_term_string}"},"query-input":{"@type":"PropertyValueSpecification","valueRequired":true,"valueName":"search_term_string"}}],"inLanguage":"ru-RU"},{"@type":"Organization","@id":"https:\/\/gohike.lv\/ru\/#organization","name":"GoHike","url":"https:\/\/gohike.lv\/ru\/","logo":{"@type":"ImageObject","inLanguage":"ru-RU","@id":"https:\/\/gohike.lv\/ru\/#\/schema\/logo\/image\/","url":"https:\/\/gohike.lv\/wp-content\/uploads\/2023\/08\/Logo_GoHike.webp","contentUrl":"https:\/\/gohike.lv\/wp-content\/uploads\/2023\/08\/Logo_GoHike.webp","width":512,"height":512,"caption":"GoHike"},"image":{"@id":"https:\/\/gohike.lv\/ru\/#\/schema\/logo\/image\/"},"sameAs":["https:\/\/www.facebook.com\/gohike.shop\/","https:\/\/www.instagram.com\/gohike.shop\/"]}]}},"jetpack_sharing_enabled":true,"_links":{"self":[{"href":"https:\/\/gohike.lv\/ru\/wp-json\/wp\/v2\/product\/52770","targetHints":{"allow":["GET"]}}],"collection":[{"href":"https:\/\/gohike.lv\/ru\/wp-json\/wp\/v2\/product"}],"about":[{"href":"https:\/\/gohike.lv\/ru\/wp-json\/wp\/v2\/types\/product"}],"version-history":[{"count":0,"href":"https:\/\/gohike.lv\/ru\/wp-json\/wp\/v2\/product\/52770\/revisions"}],"wp:featuredmedia":[{"embeddable":true,"href":"https:\/\/gohike.lv\/ru\/wp-json\/wp\/v2\/media\/30116"}],"wp:attachment":[{"href":"https:\/\/gohike.lv\/ru\/wp-json\/wp\/v2\/media?parent=52770"}],"wp:term":[{"taxonomy":"product_brand","embeddable":true,"href":"https:\/\/gohike.lv\/ru\/wp-json\/wp\/v2\/product_brand?post=52770"},{"taxonomy":"product_cat","embeddable":true,"href":"https:\/\/gohike.lv\/ru\/wp-json\/wp\/v2\/product_cat?post=52770"},{"taxonomy":"product_tag","embeddable":true,"href":"https:\/\/gohike.lv\/ru\/wp-json\/wp\/v2\/product_tag?post=52770"}],"curies":[{"name":"wp","href":"https:\/\/api.w.org\/{rel}","templated":true}]}}