{"id":52735,"date":"2024-05-07T11:24:00","date_gmt":"2024-05-07T08:24:00","guid":{"rendered":"https:\/\/gohike.lv\/produkts\/naturehike-dzersanas-sistema-scud\/"},"modified":"2025-12-30T17:25:05","modified_gmt":"2025-12-30T14:25:05","slug":"naturehike-dzersanas-sistema-scud","status":"publish","type":"product","link":"https:\/\/gohike.lv\/ru\/produkts\/naturehike-dzersanas-sistema-scud\/","title":{"rendered":"Naturehike &#8212; Scud Dzer\u0161anas sist\u0113ma"},"content":{"rendered":"<p>Plats kakls nodro\u0161ina vieglu piek\u013cuvi iepild\u012b\u0161anai, t\u012br\u012b\u0161anai un \u017e\u0101v\u0113\u0161anai.<br \/>\nIzgatavots no dro\u0161iem, antibakteri\u0101liem materi\u0101liem, kas nesatur BPA.<br \/>\nSomai ir dubulti nosl\u0113gtas malas un b\u012bd\u0101ma aizdare, kas nodro\u0161ina \u0113rtu lieto\u0161anu un izcilu \u016bdensnecaurlaid\u012bbu.<br \/>\n\u016adens caurule\/uzgalis ir izgatavots no m\u012bksta silikona.<br \/>\nModelis: NH18S070-D;<br \/>\nMateri\u0101ls: iek\u0161\u0113jais polietil\u0113na sl\u0101nis, EVA \u0101r\u0113jais sl\u0101nis, ABS plastmasas rokturis, silikona uzgalis.<br \/>\nKr\u0101sa: zila;<br \/>\nIzm\u0113ri: 38,4 x 20,2 cm;<br \/>\nTilpums: 1,5L, 2L un 3L;<br \/>\nSvars: 147 g.<\/p>\n","protected":false},"excerpt":{"rendered":"<p>Tas ir b\u016btisks apr\u012bkojums skr\u0113j\u0113jiem un rite\u0146brauc\u0113jiem. Var izmantot ar\u012b kempingos un p\u0101rg\u0101jienos.<\/p>\n","protected":false},"featured_media":29676,"template":"","meta":[],"product_brand":[167],"product_cat":[1827],"product_tag":[],"class_list":{"0":"post-52735","1":"product","2":"type-product","3":"status-publish","4":"has-post-thumbnail","6":"product_brand-naturehike-lv","7":"product_cat-mugursomas","8":"pa_izmers-1-5l","9":"pa_izmers-2l","10":"pa_izmers-3l","11":"pa_produkta-tips-dzersanas-sistemas","12":"pa_spalva-zils","14":"first","15":"instock","16":"taxable","17":"shipping-taxable","18":"purchasable","19":"product-type-variable","20":"has-default-attributes"},"raw_content":{"name":"Naturehike - Scud Dzer\u0161anas sist\u0113ma","description":"Plats kakls nodro\u0161ina vieglu piek\u013cuvi iepild\u012b\u0161anai, t\u012br\u012b\u0161anai un \u017e\u0101v\u0113\u0161anai.\nIzgatavots no dro\u0161iem, antibakteri\u0101liem materi\u0101liem, kas nesatur BPA.\nSomai ir dubulti nosl\u0113gtas malas un b\u012bd\u0101ma aizdare, kas nodro\u0161ina \u0113rtu lieto\u0161anu un izcilu \u016bdensnecaurlaid\u012bbu.\n\u016adens caurule\/uzgalis ir izgatavots no m\u012bksta silikona.\nModelis: NH18S070-D;\nMateri\u0101ls: iek\u0161\u0113jais polietil\u0113na sl\u0101nis, EVA \u0101r\u0113jais sl\u0101nis, ABS plastmasas rokturis, silikona uzgalis.\nKr\u0101sa: zila;\nIzm\u0113ri: 38,4 x 20,2 cm;\nTilpums: 1,5L, 2L un 3L;\nSvars: 147 g.","short_description":"Tas ir b\u016btisks apr\u012bkojums skr\u0113j\u0113jiem un rite\u0146brauc\u0113jiem. Var izmantot ar\u012b kempingos un p\u0101rg\u0101jienos.","status":"publish","sku":"nat000145","original":52735},"wpml":{"translation_type":1,"has_translations":true,"original":52735,"duplicates":[],"translations":{"lv":52735,"en":68564,"ru":null}},"supplier_id":null,"supplier_sku":"","barcode":null,"atum_controlled":true,"out_stock_date":null,"out_stock_threshold":null,"inheritable":false,"inbound_stock":0,"stock_on_hold":0,"sold_today":0,"sales_last_days":2,"reserved_stock":0,"customer_returns":0,"warehouse_damage":0,"lost_in_post":0,"other_logs":0,"out_stock_days":0,"lost_sales":0,"has_location":false,"update_date":"2025-12-30T14:30:40","atum_locations":[],"atum_stock_status":"instock","restock_status":false,"low_stock_amount":"","sales_update_date":"2025-11-13T13:36:35","calc_backorders":null,"yoast_head":"<!-- This site is optimized with the Yoast SEO plugin v27.3 - https:\/\/yoast.com\/product\/yoast-seo-wordpress\/ -->\n<title>Naturehike - Scud Dzer\u0161anas sist\u0113ma<\/title>\n<meta name=\"description\" content=\"Tas ir b\u016btisks apr\u012bkojums skr\u0113j\u0113jiem un rite\u0146brauc\u0113jiem. Var izmantot ar\u012b kempingos un p\u0101rg\u0101jienos.\" \/>\n<meta name=\"robots\" content=\"index, follow, max-snippet:-1, max-image-preview:large, max-video-preview:-1\" \/>\n<link rel=\"canonical\" href=\"https:\/\/gohike.lv\/ru\/produkts\/naturehike-dzersanas-sistema-scud\/\" \/>\n<meta property=\"og:locale\" content=\"ru_RU\" \/>\n<meta property=\"og:type\" content=\"article\" \/>\n<meta property=\"og:title\" content=\"Naturehike - Dzer\u0161anas sist\u0113ma Scud\" \/>\n<meta property=\"og:description\" content=\"Tas ir b\u016btisks apr\u012bkojums skr\u0113j\u0113jiem un rite\u0146brauc\u0113jiem. Var izmantot ar\u012b kempingos un p\u0101rg\u0101jienos.\" \/>\n<meta property=\"og:url\" content=\"https:\/\/gohike.lv\/ru\/produkts\/naturehike-dzersanas-sistema-scud\/\" \/>\n<meta property=\"og:site_name\" content=\"GoHike\" \/>\n<meta property=\"article:publisher\" content=\"https:\/\/www.facebook.com\/gohike.shop\/\" \/>\n<meta property=\"article:modified_time\" content=\"2025-12-30T14:25:05+00:00\" \/>\n<meta property=\"og:image\" content=\"https:\/\/gohike.lv\/wp-content\/uploads\/2024\/04\/Scud_15L.webp\" \/>\n\t<meta property=\"og:image:width\" content=\"720\" \/>\n\t<meta property=\"og:image:height\" content=\"720\" \/>\n\t<meta property=\"og:image:type\" content=\"image\/webp\" \/>\n<meta name=\"twitter:card\" content=\"summary_large_image\" \/>\n<meta name=\"twitter:title\" content=\"Naturehike - Dzer\u0161anas sist\u0113ma Scud\" \/>\n<meta name=\"twitter:label1\" content=\"\u041f\u0440\u0438\u043c\u0435\u0440\u043d\u043e\u0435 \u0432\u0440\u0435\u043c\u044f \u0434\u043b\u044f \u0447\u0442\u0435\u043d\u0438\u044f\" \/>\n\t<meta name=\"twitter:data1\" content=\"1 \u043c\u0438\u043d\u0443\u0442\u0430\" \/>\n<script type=\"application\/ld+json\" class=\"yoast-schema-graph\">{\"@context\":\"https:\\\/\\\/schema.org\",\"@graph\":[{\"@type\":[\"WebPage\",\"ItemPage\"],\"@id\":\"https:\\\/\\\/gohike.lv\\\/ru\\\/produkts\\\/naturehike-dzersanas-sistema-scud\\\/\",\"url\":\"https:\\\/\\\/gohike.lv\\\/ru\\\/produkts\\\/naturehike-dzersanas-sistema-scud\\\/\",\"name\":\"Naturehike - Scud Dzer\u0161anas sist\u0113ma\",\"isPartOf\":{\"@id\":\"https:\\\/\\\/gohike.lv\\\/ru\\\/#website\"},\"primaryImageOfPage\":{\"@id\":\"https:\\\/\\\/gohike.lv\\\/ru\\\/produkts\\\/naturehike-dzersanas-sistema-scud\\\/#primaryimage\"},\"image\":{\"@id\":\"https:\\\/\\\/gohike.lv\\\/ru\\\/produkts\\\/naturehike-dzersanas-sistema-scud\\\/#primaryimage\"},\"thumbnailUrl\":\"https:\\\/\\\/gohike.lv\\\/wp-content\\\/uploads\\\/2024\\\/04\\\/Scud_15L.webp\",\"datePublished\":\"2024-05-07T08:24:00+00:00\",\"dateModified\":\"2025-12-30T14:25:05+00:00\",\"description\":\"Tas ir b\u016btisks apr\u012bkojums skr\u0113j\u0113jiem un rite\u0146brauc\u0113jiem. Var izmantot ar\u012b kempingos un p\u0101rg\u0101jienos.\",\"breadcrumb\":{\"@id\":\"https:\\\/\\\/gohike.lv\\\/ru\\\/produkts\\\/naturehike-dzersanas-sistema-scud\\\/#breadcrumb\"},\"inLanguage\":\"ru-RU\",\"potentialAction\":[{\"@type\":\"ReadAction\",\"target\":[\"https:\\\/\\\/gohike.lv\\\/ru\\\/produkts\\\/naturehike-dzersanas-sistema-scud\\\/\"]}]},{\"@type\":\"ImageObject\",\"inLanguage\":\"ru-RU\",\"@id\":\"https:\\\/\\\/gohike.lv\\\/ru\\\/produkts\\\/naturehike-dzersanas-sistema-scud\\\/#primaryimage\",\"url\":\"https:\\\/\\\/gohike.lv\\\/wp-content\\\/uploads\\\/2024\\\/04\\\/Scud_15L.webp\",\"contentUrl\":\"https:\\\/\\\/gohike.lv\\\/wp-content\\\/uploads\\\/2024\\\/04\\\/Scud_15L.webp\",\"width\":720,\"height\":720},{\"@type\":\"BreadcrumbList\",\"@id\":\"https:\\\/\\\/gohike.lv\\\/ru\\\/produkts\\\/naturehike-dzersanas-sistema-scud\\\/#breadcrumb\",\"itemListElement\":[{\"@type\":\"ListItem\",\"position\":1,\"name\":\"\u0413\u043b\u0430\u0432\u043d\u0430\u044f\",\"item\":\"https:\\\/\\\/gohike.lv\\\/ru\\\/\"},{\"@type\":\"ListItem\",\"position\":2,\"name\":\"\u041a\u0430\u0442\u0435\u0433\u043e\u0440\u0438\u0438 \u0442\u043e\u0432\u0430\u0440\u043e\u0432\",\"item\":\"https:\\\/\\\/gohike.lv\\\/%d0%ba%d0%b0%d1%82%d0%b5%d0%b3%d0%be%d1%80%d0%b8%d0%b8-%d1%82%d0%be%d0%b2%d0%b0%d1%80%d0%be%d0%b2\\\/\"},{\"@type\":\"ListItem\",\"position\":3,\"name\":\"Naturehike &#8211; Scud Dzer\u0161anas sist\u0113ma\"}]},{\"@type\":\"WebSite\",\"@id\":\"https:\\\/\\\/gohike.lv\\\/ru\\\/#website\",\"url\":\"https:\\\/\\\/gohike.lv\\\/ru\\\/\",\"name\":\"GoHike\",\"description\":\"\",\"publisher\":{\"@id\":\"https:\\\/\\\/gohike.lv\\\/ru\\\/#organization\"},\"potentialAction\":[{\"@type\":\"SearchAction\",\"target\":{\"@type\":\"EntryPoint\",\"urlTemplate\":\"https:\\\/\\\/gohike.lv\\\/ru\\\/?s={search_term_string}\"},\"query-input\":{\"@type\":\"PropertyValueSpecification\",\"valueRequired\":true,\"valueName\":\"search_term_string\"}}],\"inLanguage\":\"ru-RU\"},{\"@type\":\"Organization\",\"@id\":\"https:\\\/\\\/gohike.lv\\\/ru\\\/#organization\",\"name\":\"GoHike\",\"url\":\"https:\\\/\\\/gohike.lv\\\/ru\\\/\",\"logo\":{\"@type\":\"ImageObject\",\"inLanguage\":\"ru-RU\",\"@id\":\"https:\\\/\\\/gohike.lv\\\/ru\\\/#\\\/schema\\\/logo\\\/image\\\/\",\"url\":\"https:\\\/\\\/gohike.lv\\\/wp-content\\\/uploads\\\/2023\\\/08\\\/Logo_GoHike.webp\",\"contentUrl\":\"https:\\\/\\\/gohike.lv\\\/wp-content\\\/uploads\\\/2023\\\/08\\\/Logo_GoHike.webp\",\"width\":512,\"height\":512,\"caption\":\"GoHike\"},\"image\":{\"@id\":\"https:\\\/\\\/gohike.lv\\\/ru\\\/#\\\/schema\\\/logo\\\/image\\\/\"},\"sameAs\":[\"https:\\\/\\\/www.facebook.com\\\/gohike.shop\\\/\",\"https:\\\/\\\/www.instagram.com\\\/gohike.shop\\\/\"]}]}<\/script>\n<!-- \/ Yoast SEO plugin. -->","yoast_head_json":{"title":"Naturehike - Scud Dzer\u0161anas sist\u0113ma","description":"Tas ir b\u016btisks apr\u012bkojums skr\u0113j\u0113jiem un rite\u0146brauc\u0113jiem. Var izmantot ar\u012b kempingos un p\u0101rg\u0101jienos.","robots":{"index":"index","follow":"follow","max-snippet":"max-snippet:-1","max-image-preview":"max-image-preview:large","max-video-preview":"max-video-preview:-1"},"canonical":"https:\/\/gohike.lv\/ru\/produkts\/naturehike-dzersanas-sistema-scud\/","og_locale":"ru_RU","og_type":"article","og_title":"Naturehike - Dzer\u0161anas sist\u0113ma Scud","og_description":"Tas ir b\u016btisks apr\u012bkojums skr\u0113j\u0113jiem un rite\u0146brauc\u0113jiem. Var izmantot ar\u012b kempingos un p\u0101rg\u0101jienos.","og_url":"https:\/\/gohike.lv\/ru\/produkts\/naturehike-dzersanas-sistema-scud\/","og_site_name":"GoHike","article_publisher":"https:\/\/www.facebook.com\/gohike.shop\/","article_modified_time":"2025-12-30T14:25:05+00:00","og_image":[{"width":720,"height":720,"url":"https:\/\/gohike.lv\/wp-content\/uploads\/2024\/04\/Scud_15L.webp","type":"image\/webp"}],"twitter_card":"summary_large_image","twitter_title":"Naturehike - Dzer\u0161anas sist\u0113ma Scud","twitter_misc":{"\u041f\u0440\u0438\u043c\u0435\u0440\u043d\u043e\u0435 \u0432\u0440\u0435\u043c\u044f \u0434\u043b\u044f \u0447\u0442\u0435\u043d\u0438\u044f":"1 \u043c\u0438\u043d\u0443\u0442\u0430"},"schema":{"@context":"https:\/\/schema.org","@graph":[{"@type":["WebPage","ItemPage"],"@id":"https:\/\/gohike.lv\/ru\/produkts\/naturehike-dzersanas-sistema-scud\/","url":"https:\/\/gohike.lv\/ru\/produkts\/naturehike-dzersanas-sistema-scud\/","name":"Naturehike - Scud Dzer\u0161anas sist\u0113ma","isPartOf":{"@id":"https:\/\/gohike.lv\/ru\/#website"},"primaryImageOfPage":{"@id":"https:\/\/gohike.lv\/ru\/produkts\/naturehike-dzersanas-sistema-scud\/#primaryimage"},"image":{"@id":"https:\/\/gohike.lv\/ru\/produkts\/naturehike-dzersanas-sistema-scud\/#primaryimage"},"thumbnailUrl":"https:\/\/gohike.lv\/wp-content\/uploads\/2024\/04\/Scud_15L.webp","datePublished":"2024-05-07T08:24:00+00:00","dateModified":"2025-12-30T14:25:05+00:00","description":"Tas ir b\u016btisks apr\u012bkojums skr\u0113j\u0113jiem un rite\u0146brauc\u0113jiem. Var izmantot ar\u012b kempingos un p\u0101rg\u0101jienos.","breadcrumb":{"@id":"https:\/\/gohike.lv\/ru\/produkts\/naturehike-dzersanas-sistema-scud\/#breadcrumb"},"inLanguage":"ru-RU","potentialAction":[{"@type":"ReadAction","target":["https:\/\/gohike.lv\/ru\/produkts\/naturehike-dzersanas-sistema-scud\/"]}]},{"@type":"ImageObject","inLanguage":"ru-RU","@id":"https:\/\/gohike.lv\/ru\/produkts\/naturehike-dzersanas-sistema-scud\/#primaryimage","url":"https:\/\/gohike.lv\/wp-content\/uploads\/2024\/04\/Scud_15L.webp","contentUrl":"https:\/\/gohike.lv\/wp-content\/uploads\/2024\/04\/Scud_15L.webp","width":720,"height":720},{"@type":"BreadcrumbList","@id":"https:\/\/gohike.lv\/ru\/produkts\/naturehike-dzersanas-sistema-scud\/#breadcrumb","itemListElement":[{"@type":"ListItem","position":1,"name":"\u0413\u043b\u0430\u0432\u043d\u0430\u044f","item":"https:\/\/gohike.lv\/ru\/"},{"@type":"ListItem","position":2,"name":"\u041a\u0430\u0442\u0435\u0433\u043e\u0440\u0438\u0438 \u0442\u043e\u0432\u0430\u0440\u043e\u0432","item":"https:\/\/gohike.lv\/%d0%ba%d0%b0%d1%82%d0%b5%d0%b3%d0%be%d1%80%d0%b8%d0%b8-%d1%82%d0%be%d0%b2%d0%b0%d1%80%d0%be%d0%b2\/"},{"@type":"ListItem","position":3,"name":"Naturehike &#8211; Scud Dzer\u0161anas sist\u0113ma"}]},{"@type":"WebSite","@id":"https:\/\/gohike.lv\/ru\/#website","url":"https:\/\/gohike.lv\/ru\/","name":"GoHike","description":"","publisher":{"@id":"https:\/\/gohike.lv\/ru\/#organization"},"potentialAction":[{"@type":"SearchAction","target":{"@type":"EntryPoint","urlTemplate":"https:\/\/gohike.lv\/ru\/?s={search_term_string}"},"query-input":{"@type":"PropertyValueSpecification","valueRequired":true,"valueName":"search_term_string"}}],"inLanguage":"ru-RU"},{"@type":"Organization","@id":"https:\/\/gohike.lv\/ru\/#organization","name":"GoHike","url":"https:\/\/gohike.lv\/ru\/","logo":{"@type":"ImageObject","inLanguage":"ru-RU","@id":"https:\/\/gohike.lv\/ru\/#\/schema\/logo\/image\/","url":"https:\/\/gohike.lv\/wp-content\/uploads\/2023\/08\/Logo_GoHike.webp","contentUrl":"https:\/\/gohike.lv\/wp-content\/uploads\/2023\/08\/Logo_GoHike.webp","width":512,"height":512,"caption":"GoHike"},"image":{"@id":"https:\/\/gohike.lv\/ru\/#\/schema\/logo\/image\/"},"sameAs":["https:\/\/www.facebook.com\/gohike.shop\/","https:\/\/www.instagram.com\/gohike.shop\/"]}]}},"jetpack_sharing_enabled":true,"_links":{"self":[{"href":"https:\/\/gohike.lv\/ru\/wp-json\/wp\/v2\/product\/52735","targetHints":{"allow":["GET"]}}],"collection":[{"href":"https:\/\/gohike.lv\/ru\/wp-json\/wp\/v2\/product"}],"about":[{"href":"https:\/\/gohike.lv\/ru\/wp-json\/wp\/v2\/types\/product"}],"version-history":[{"count":0,"href":"https:\/\/gohike.lv\/ru\/wp-json\/wp\/v2\/product\/52735\/revisions"}],"wp:featuredmedia":[{"embeddable":true,"href":"https:\/\/gohike.lv\/ru\/wp-json\/wp\/v2\/media\/29676"}],"wp:attachment":[{"href":"https:\/\/gohike.lv\/ru\/wp-json\/wp\/v2\/media?parent=52735"}],"wp:term":[{"taxonomy":"product_brand","embeddable":true,"href":"https:\/\/gohike.lv\/ru\/wp-json\/wp\/v2\/product_brand?post=52735"},{"taxonomy":"product_cat","embeddable":true,"href":"https:\/\/gohike.lv\/ru\/wp-json\/wp\/v2\/product_cat?post=52735"},{"taxonomy":"product_tag","embeddable":true,"href":"https:\/\/gohike.lv\/ru\/wp-json\/wp\/v2\/product_tag?post=52735"}],"curies":[{"name":"wp","href":"https:\/\/api.w.org\/{rel}","templated":true}]}}