{"id":52706,"date":"2024-05-07T11:22:43","date_gmt":"2024-05-07T08:22:43","guid":{"rendered":"https:\/\/gohike.lv\/produkts\/naturehike-lingdu-36h-antibakterials-kempinga-ledusskapis\/"},"modified":"2025-12-30T17:10:20","modified_gmt":"2025-12-30T14:10:20","slug":"naturehike-lingdu-36h-antibakterials-kempinga-ledusskapis","status":"publish","type":"product","link":"https:\/\/gohike.lv\/ru\/produkts\/naturehike-lingdu-36h-antibakterials-kempinga-ledusskapis\/","title":{"rendered":"Naturehike &#8212; Kempinga ledusskapis (36h)"},"content":{"rendered":"<p>Vienk\u0101r\u0161s un daudzfunkcion\u0101ls ledusskapis, ide\u0101li piem\u0113rots \u012bsiem ce\u013cojumiem l\u012bdz 2 dien\u0101m.<br \/>\nPateicoties bl\u012bv\u0113jumam no vis\u0101m pus\u0113m, zemu temperat\u016bru iek\u0161pus\u0113 var uztur\u0113t l\u012bdz 36 stund\u0101m.<br \/>\nAntibakteri\u0101ls sl\u0101nis, kas garant\u0113 produktu svaigumu.<br \/>\nLedusskapja korpuss var iztur\u0113t lielu slodzi.<br \/>\nLedusskapja iek\u0161pus\u0113 ir plaukti, kas \u013cauj atdal\u012bt \u0113dienus un dz\u0113rienus.<br \/>\nAug\u0161\u0113jais v\u0101ks ir atverams jebkur\u0101 virzien\u0101 un, ja nepiecie\u0161ams, to var no\u0146emt piln\u012bb\u0101.<\/p>\n","protected":false},"excerpt":{"rendered":"<p><span style=\"font-family: Poppins, Arial, Helvetica, sans-serif; font-size: 14px;\">\u0160is ledusskapis ir lab\u0101k\u0101 izv\u0113le \u012bsiem p\u0101rg\u0101jieniem. Tas uztur nepiecie\u0161amo temperat\u016bru p\u0101rtikas uzglab\u0101\u0161anai l\u012bdz 36 stund\u0101m. Izol\u0113ts ar vair\u0101kiem polipropil\u0113na sl\u0101\u0146iem iek\u0161pus\u0113 \u0113rtai p\u0101rtikas uzglab\u0101\u0161anai.<\/span><\/p>\n","protected":false},"featured_media":29575,"template":"","meta":[],"product_brand":[167],"product_cat":[4345],"product_tag":[],"class_list":{"0":"post-52706","1":"product","2":"type-product","3":"status-publish","4":"has-post-thumbnail","6":"product_brand-naturehike-lv","7":"product_cat-aukstumkastes-un-somas","8":"pa_izmers-22l","9":"pa_izmers-30l","10":"pa_spalva-bess","12":"first","13":"instock","14":"taxable","15":"shipping-taxable","16":"purchasable","17":"product-type-variable","18":"has-default-attributes"},"raw_content":{"name":"Naturehike - Kempinga ledusskapis (36h)","description":"Vienk\u0101r\u0161s un daudzfunkcion\u0101ls ledusskapis, ide\u0101li piem\u0113rots \u012bsiem ce\u013cojumiem l\u012bdz 2 dien\u0101m.\nPateicoties bl\u012bv\u0113jumam no vis\u0101m pus\u0113m, zemu temperat\u016bru iek\u0161pus\u0113 var uztur\u0113t l\u012bdz 36 stund\u0101m.\nAntibakteri\u0101ls sl\u0101nis, kas garant\u0113 produktu svaigumu.\nLedusskapja korpuss var iztur\u0113t lielu slodzi.\nLedusskapja iek\u0161pus\u0113 ir plaukti, kas \u013cauj atdal\u012bt \u0113dienus un dz\u0113rienus.\nAug\u0161\u0113jais v\u0101ks ir atverams jebkur\u0101 virzien\u0101 un, ja nepiecie\u0161ams, to var no\u0146emt piln\u012bb\u0101.","short_description":"<span style=\"font-family: Poppins, Arial, Helvetica, sans-serif; font-size: 14px;\">\u0160is ledusskapis ir lab\u0101k\u0101 izv\u0113le \u012bsiem p\u0101rg\u0101jieniem. Tas uztur nepiecie\u0161amo temperat\u016bru p\u0101rtikas uzglab\u0101\u0161anai l\u012bdz 36 stund\u0101m. Izol\u0113ts ar vair\u0101kiem polipropil\u0113na sl\u0101\u0146iem iek\u0161pus\u0113 \u0113rtai p\u0101rtikas uzglab\u0101\u0161anai.<\/span>","status":"publish","sku":"nat000139","original":52706},"wpml":{"translation_type":1,"has_translations":true,"original":52706,"duplicates":[],"translations":{"lv":52706,"en":68565,"ru":null}},"supplier_id":null,"supplier_sku":"","barcode":null,"atum_controlled":true,"out_stock_date":null,"out_stock_threshold":null,"inheritable":true,"inbound_stock":0,"stock_on_hold":0,"sold_today":0,"sales_last_days":0,"reserved_stock":0,"customer_returns":0,"warehouse_damage":0,"lost_in_post":0,"other_logs":0,"out_stock_days":0,"lost_sales":0,"has_location":false,"update_date":"2025-12-30T14:13:30","atum_locations":[],"atum_stock_status":"instock","restock_status":false,"low_stock_amount":"","sales_update_date":"2025-11-13T13:36:35","calc_backorders":null,"yoast_head":"<!-- This site is optimized with the Yoast SEO plugin v27.3 - https:\/\/yoast.com\/product\/yoast-seo-wordpress\/ -->\n<title>Naturehike - Kempinga ledusskapis (36h)<\/title>\n<meta name=\"description\" content=\"\u0160is ledusskapis ir lab\u0101k\u0101 izv\u0113le \u012bsiem p\u0101rg\u0101jieniem. Tas uztur nepiecie\u0161amo temperat\u016bru p\u0101rtikas uzglab\u0101\u0161anai l\u012bdz 36 stund\u0101m. Izol\u0113ts ar vair\u0101kiem polipropil\u0113na sl\u0101\u0146iem iek\u0161pus\u0113 \u0113rtai p\u0101rtikas uzglab\u0101\u0161anai.\" \/>\n<meta name=\"robots\" content=\"index, follow, max-snippet:-1, max-image-preview:large, max-video-preview:-1\" \/>\n<link rel=\"canonical\" href=\"https:\/\/gohike.lv\/ru\/produkts\/naturehike-lingdu-36h-antibakterials-kempinga-ledusskapis\/\" \/>\n<meta property=\"og:locale\" content=\"ru_RU\" \/>\n<meta property=\"og:type\" content=\"article\" \/>\n<meta property=\"og:title\" content=\"Naturehike - (Lingdu 36H) Antibakteri\u0101ls kempinga ledusskapis\" \/>\n<meta property=\"og:description\" content=\"\u0160is ledusskapis ir lab\u0101k\u0101 izv\u0113le \u012bsiem p\u0101rg\u0101jieniem. Tas uztur nepiecie\u0161amo temperat\u016bru p\u0101rtikas uzglab\u0101\u0161anai l\u012bdz 36 stund\u0101m. Izol\u0113ts ar vair\u0101kiem polipropil\u0113na sl\u0101\u0146iem iek\u0161pus\u0113 \u0113rtai p\u0101rtikas uzglab\u0101\u0161anai.\" \/>\n<meta property=\"og:url\" content=\"https:\/\/gohike.lv\/ru\/produkts\/naturehike-lingdu-36h-antibakterials-kempinga-ledusskapis\/\" \/>\n<meta property=\"og:site_name\" content=\"GoHike\" \/>\n<meta property=\"article:publisher\" content=\"https:\/\/www.facebook.com\/gohike.shop\/\" \/>\n<meta property=\"article:modified_time\" content=\"2025-12-30T14:10:20+00:00\" \/>\n<meta property=\"og:image\" content=\"https:\/\/gohike.lv\/wp-content\/uploads\/2024\/04\/36hCoolerBox_.webp\" \/>\n\t<meta property=\"og:image:width\" content=\"800\" \/>\n\t<meta property=\"og:image:height\" content=\"800\" \/>\n\t<meta property=\"og:image:type\" content=\"image\/webp\" \/>\n<meta name=\"twitter:card\" content=\"summary_large_image\" \/>\n<meta name=\"twitter:title\" content=\"Naturehike - (Lingdu 36H) Antibakteri\u0101ls kempinga ledusskapis\" \/>\n<meta name=\"twitter:label1\" content=\"\u041f\u0440\u0438\u043c\u0435\u0440\u043d\u043e\u0435 \u0432\u0440\u0435\u043c\u044f \u0434\u043b\u044f \u0447\u0442\u0435\u043d\u0438\u044f\" \/>\n\t<meta name=\"twitter:data1\" content=\"1 \u043c\u0438\u043d\u0443\u0442\u0430\" \/>\n<script type=\"application\/ld+json\" class=\"yoast-schema-graph\">{\"@context\":\"https:\\\/\\\/schema.org\",\"@graph\":[{\"@type\":[\"WebPage\",\"ItemPage\"],\"@id\":\"https:\\\/\\\/gohike.lv\\\/ru\\\/produkts\\\/naturehike-lingdu-36h-antibakterials-kempinga-ledusskapis\\\/\",\"url\":\"https:\\\/\\\/gohike.lv\\\/ru\\\/produkts\\\/naturehike-lingdu-36h-antibakterials-kempinga-ledusskapis\\\/\",\"name\":\"Naturehike - Kempinga ledusskapis (36h)\",\"isPartOf\":{\"@id\":\"https:\\\/\\\/gohike.lv\\\/ru\\\/#website\"},\"primaryImageOfPage\":{\"@id\":\"https:\\\/\\\/gohike.lv\\\/ru\\\/produkts\\\/naturehike-lingdu-36h-antibakterials-kempinga-ledusskapis\\\/#primaryimage\"},\"image\":{\"@id\":\"https:\\\/\\\/gohike.lv\\\/ru\\\/produkts\\\/naturehike-lingdu-36h-antibakterials-kempinga-ledusskapis\\\/#primaryimage\"},\"thumbnailUrl\":\"https:\\\/\\\/gohike.lv\\\/wp-content\\\/uploads\\\/2024\\\/04\\\/36hCoolerBox_.webp\",\"datePublished\":\"2024-05-07T08:22:43+00:00\",\"dateModified\":\"2025-12-30T14:10:20+00:00\",\"description\":\"\u0160is ledusskapis ir lab\u0101k\u0101 izv\u0113le \u012bsiem p\u0101rg\u0101jieniem. Tas uztur nepiecie\u0161amo temperat\u016bru p\u0101rtikas uzglab\u0101\u0161anai l\u012bdz 36 stund\u0101m. Izol\u0113ts ar vair\u0101kiem polipropil\u0113na sl\u0101\u0146iem iek\u0161pus\u0113 \u0113rtai p\u0101rtikas uzglab\u0101\u0161anai.\",\"breadcrumb\":{\"@id\":\"https:\\\/\\\/gohike.lv\\\/ru\\\/produkts\\\/naturehike-lingdu-36h-antibakterials-kempinga-ledusskapis\\\/#breadcrumb\"},\"inLanguage\":\"ru-RU\",\"potentialAction\":[{\"@type\":\"ReadAction\",\"target\":[\"https:\\\/\\\/gohike.lv\\\/ru\\\/produkts\\\/naturehike-lingdu-36h-antibakterials-kempinga-ledusskapis\\\/\"]}]},{\"@type\":\"ImageObject\",\"inLanguage\":\"ru-RU\",\"@id\":\"https:\\\/\\\/gohike.lv\\\/ru\\\/produkts\\\/naturehike-lingdu-36h-antibakterials-kempinga-ledusskapis\\\/#primaryimage\",\"url\":\"https:\\\/\\\/gohike.lv\\\/wp-content\\\/uploads\\\/2024\\\/04\\\/36hCoolerBox_.webp\",\"contentUrl\":\"https:\\\/\\\/gohike.lv\\\/wp-content\\\/uploads\\\/2024\\\/04\\\/36hCoolerBox_.webp\",\"width\":800,\"height\":800},{\"@type\":\"BreadcrumbList\",\"@id\":\"https:\\\/\\\/gohike.lv\\\/ru\\\/produkts\\\/naturehike-lingdu-36h-antibakterials-kempinga-ledusskapis\\\/#breadcrumb\",\"itemListElement\":[{\"@type\":\"ListItem\",\"position\":1,\"name\":\"\u0413\u043b\u0430\u0432\u043d\u0430\u044f\",\"item\":\"https:\\\/\\\/gohike.lv\\\/ru\\\/\"},{\"@type\":\"ListItem\",\"position\":2,\"name\":\"\u041a\u0430\u0442\u0435\u0433\u043e\u0440\u0438\u0438 \u0442\u043e\u0432\u0430\u0440\u043e\u0432\",\"item\":\"https:\\\/\\\/gohike.lv\\\/%d0%ba%d0%b0%d1%82%d0%b5%d0%b3%d0%be%d1%80%d0%b8%d0%b8-%d1%82%d0%be%d0%b2%d0%b0%d1%80%d0%be%d0%b2\\\/\"},{\"@type\":\"ListItem\",\"position\":3,\"name\":\"Naturehike &#8211; Kempinga ledusskapis (36h)\"}]},{\"@type\":\"WebSite\",\"@id\":\"https:\\\/\\\/gohike.lv\\\/ru\\\/#website\",\"url\":\"https:\\\/\\\/gohike.lv\\\/ru\\\/\",\"name\":\"GoHike\",\"description\":\"\",\"publisher\":{\"@id\":\"https:\\\/\\\/gohike.lv\\\/ru\\\/#organization\"},\"potentialAction\":[{\"@type\":\"SearchAction\",\"target\":{\"@type\":\"EntryPoint\",\"urlTemplate\":\"https:\\\/\\\/gohike.lv\\\/ru\\\/?s={search_term_string}\"},\"query-input\":{\"@type\":\"PropertyValueSpecification\",\"valueRequired\":true,\"valueName\":\"search_term_string\"}}],\"inLanguage\":\"ru-RU\"},{\"@type\":\"Organization\",\"@id\":\"https:\\\/\\\/gohike.lv\\\/ru\\\/#organization\",\"name\":\"GoHike\",\"url\":\"https:\\\/\\\/gohike.lv\\\/ru\\\/\",\"logo\":{\"@type\":\"ImageObject\",\"inLanguage\":\"ru-RU\",\"@id\":\"https:\\\/\\\/gohike.lv\\\/ru\\\/#\\\/schema\\\/logo\\\/image\\\/\",\"url\":\"https:\\\/\\\/gohike.lv\\\/wp-content\\\/uploads\\\/2023\\\/08\\\/Logo_GoHike.webp\",\"contentUrl\":\"https:\\\/\\\/gohike.lv\\\/wp-content\\\/uploads\\\/2023\\\/08\\\/Logo_GoHike.webp\",\"width\":512,\"height\":512,\"caption\":\"GoHike\"},\"image\":{\"@id\":\"https:\\\/\\\/gohike.lv\\\/ru\\\/#\\\/schema\\\/logo\\\/image\\\/\"},\"sameAs\":[\"https:\\\/\\\/www.facebook.com\\\/gohike.shop\\\/\",\"https:\\\/\\\/www.instagram.com\\\/gohike.shop\\\/\"]}]}<\/script>\n<!-- \/ Yoast SEO plugin. -->","yoast_head_json":{"title":"Naturehike - Kempinga ledusskapis (36h)","description":"\u0160is ledusskapis ir lab\u0101k\u0101 izv\u0113le \u012bsiem p\u0101rg\u0101jieniem. Tas uztur nepiecie\u0161amo temperat\u016bru p\u0101rtikas uzglab\u0101\u0161anai l\u012bdz 36 stund\u0101m. Izol\u0113ts ar vair\u0101kiem polipropil\u0113na sl\u0101\u0146iem iek\u0161pus\u0113 \u0113rtai p\u0101rtikas uzglab\u0101\u0161anai.","robots":{"index":"index","follow":"follow","max-snippet":"max-snippet:-1","max-image-preview":"max-image-preview:large","max-video-preview":"max-video-preview:-1"},"canonical":"https:\/\/gohike.lv\/ru\/produkts\/naturehike-lingdu-36h-antibakterials-kempinga-ledusskapis\/","og_locale":"ru_RU","og_type":"article","og_title":"Naturehike - (Lingdu 36H) Antibakteri\u0101ls kempinga ledusskapis","og_description":"\u0160is ledusskapis ir lab\u0101k\u0101 izv\u0113le \u012bsiem p\u0101rg\u0101jieniem. Tas uztur nepiecie\u0161amo temperat\u016bru p\u0101rtikas uzglab\u0101\u0161anai l\u012bdz 36 stund\u0101m. Izol\u0113ts ar vair\u0101kiem polipropil\u0113na sl\u0101\u0146iem iek\u0161pus\u0113 \u0113rtai p\u0101rtikas uzglab\u0101\u0161anai.","og_url":"https:\/\/gohike.lv\/ru\/produkts\/naturehike-lingdu-36h-antibakterials-kempinga-ledusskapis\/","og_site_name":"GoHike","article_publisher":"https:\/\/www.facebook.com\/gohike.shop\/","article_modified_time":"2025-12-30T14:10:20+00:00","og_image":[{"width":800,"height":800,"url":"https:\/\/gohike.lv\/wp-content\/uploads\/2024\/04\/36hCoolerBox_.webp","type":"image\/webp"}],"twitter_card":"summary_large_image","twitter_title":"Naturehike - (Lingdu 36H) Antibakteri\u0101ls kempinga ledusskapis","twitter_misc":{"\u041f\u0440\u0438\u043c\u0435\u0440\u043d\u043e\u0435 \u0432\u0440\u0435\u043c\u044f \u0434\u043b\u044f \u0447\u0442\u0435\u043d\u0438\u044f":"1 \u043c\u0438\u043d\u0443\u0442\u0430"},"schema":{"@context":"https:\/\/schema.org","@graph":[{"@type":["WebPage","ItemPage"],"@id":"https:\/\/gohike.lv\/ru\/produkts\/naturehike-lingdu-36h-antibakterials-kempinga-ledusskapis\/","url":"https:\/\/gohike.lv\/ru\/produkts\/naturehike-lingdu-36h-antibakterials-kempinga-ledusskapis\/","name":"Naturehike - Kempinga ledusskapis (36h)","isPartOf":{"@id":"https:\/\/gohike.lv\/ru\/#website"},"primaryImageOfPage":{"@id":"https:\/\/gohike.lv\/ru\/produkts\/naturehike-lingdu-36h-antibakterials-kempinga-ledusskapis\/#primaryimage"},"image":{"@id":"https:\/\/gohike.lv\/ru\/produkts\/naturehike-lingdu-36h-antibakterials-kempinga-ledusskapis\/#primaryimage"},"thumbnailUrl":"https:\/\/gohike.lv\/wp-content\/uploads\/2024\/04\/36hCoolerBox_.webp","datePublished":"2024-05-07T08:22:43+00:00","dateModified":"2025-12-30T14:10:20+00:00","description":"\u0160is ledusskapis ir lab\u0101k\u0101 izv\u0113le \u012bsiem p\u0101rg\u0101jieniem. Tas uztur nepiecie\u0161amo temperat\u016bru p\u0101rtikas uzglab\u0101\u0161anai l\u012bdz 36 stund\u0101m. Izol\u0113ts ar vair\u0101kiem polipropil\u0113na sl\u0101\u0146iem iek\u0161pus\u0113 \u0113rtai p\u0101rtikas uzglab\u0101\u0161anai.","breadcrumb":{"@id":"https:\/\/gohike.lv\/ru\/produkts\/naturehike-lingdu-36h-antibakterials-kempinga-ledusskapis\/#breadcrumb"},"inLanguage":"ru-RU","potentialAction":[{"@type":"ReadAction","target":["https:\/\/gohike.lv\/ru\/produkts\/naturehike-lingdu-36h-antibakterials-kempinga-ledusskapis\/"]}]},{"@type":"ImageObject","inLanguage":"ru-RU","@id":"https:\/\/gohike.lv\/ru\/produkts\/naturehike-lingdu-36h-antibakterials-kempinga-ledusskapis\/#primaryimage","url":"https:\/\/gohike.lv\/wp-content\/uploads\/2024\/04\/36hCoolerBox_.webp","contentUrl":"https:\/\/gohike.lv\/wp-content\/uploads\/2024\/04\/36hCoolerBox_.webp","width":800,"height":800},{"@type":"BreadcrumbList","@id":"https:\/\/gohike.lv\/ru\/produkts\/naturehike-lingdu-36h-antibakterials-kempinga-ledusskapis\/#breadcrumb","itemListElement":[{"@type":"ListItem","position":1,"name":"\u0413\u043b\u0430\u0432\u043d\u0430\u044f","item":"https:\/\/gohike.lv\/ru\/"},{"@type":"ListItem","position":2,"name":"\u041a\u0430\u0442\u0435\u0433\u043e\u0440\u0438\u0438 \u0442\u043e\u0432\u0430\u0440\u043e\u0432","item":"https:\/\/gohike.lv\/%d0%ba%d0%b0%d1%82%d0%b5%d0%b3%d0%be%d1%80%d0%b8%d0%b8-%d1%82%d0%be%d0%b2%d0%b0%d1%80%d0%be%d0%b2\/"},{"@type":"ListItem","position":3,"name":"Naturehike &#8211; Kempinga ledusskapis (36h)"}]},{"@type":"WebSite","@id":"https:\/\/gohike.lv\/ru\/#website","url":"https:\/\/gohike.lv\/ru\/","name":"GoHike","description":"","publisher":{"@id":"https:\/\/gohike.lv\/ru\/#organization"},"potentialAction":[{"@type":"SearchAction","target":{"@type":"EntryPoint","urlTemplate":"https:\/\/gohike.lv\/ru\/?s={search_term_string}"},"query-input":{"@type":"PropertyValueSpecification","valueRequired":true,"valueName":"search_term_string"}}],"inLanguage":"ru-RU"},{"@type":"Organization","@id":"https:\/\/gohike.lv\/ru\/#organization","name":"GoHike","url":"https:\/\/gohike.lv\/ru\/","logo":{"@type":"ImageObject","inLanguage":"ru-RU","@id":"https:\/\/gohike.lv\/ru\/#\/schema\/logo\/image\/","url":"https:\/\/gohike.lv\/wp-content\/uploads\/2023\/08\/Logo_GoHike.webp","contentUrl":"https:\/\/gohike.lv\/wp-content\/uploads\/2023\/08\/Logo_GoHike.webp","width":512,"height":512,"caption":"GoHike"},"image":{"@id":"https:\/\/gohike.lv\/ru\/#\/schema\/logo\/image\/"},"sameAs":["https:\/\/www.facebook.com\/gohike.shop\/","https:\/\/www.instagram.com\/gohike.shop\/"]}]}},"jetpack_sharing_enabled":true,"_links":{"self":[{"href":"https:\/\/gohike.lv\/ru\/wp-json\/wp\/v2\/product\/52706","targetHints":{"allow":["GET"]}}],"collection":[{"href":"https:\/\/gohike.lv\/ru\/wp-json\/wp\/v2\/product"}],"about":[{"href":"https:\/\/gohike.lv\/ru\/wp-json\/wp\/v2\/types\/product"}],"version-history":[{"count":0,"href":"https:\/\/gohike.lv\/ru\/wp-json\/wp\/v2\/product\/52706\/revisions"}],"wp:featuredmedia":[{"embeddable":true,"href":"https:\/\/gohike.lv\/ru\/wp-json\/wp\/v2\/media\/29575"}],"wp:attachment":[{"href":"https:\/\/gohike.lv\/ru\/wp-json\/wp\/v2\/media?parent=52706"}],"wp:term":[{"taxonomy":"product_brand","embeddable":true,"href":"https:\/\/gohike.lv\/ru\/wp-json\/wp\/v2\/product_brand?post=52706"},{"taxonomy":"product_cat","embeddable":true,"href":"https:\/\/gohike.lv\/ru\/wp-json\/wp\/v2\/product_cat?post=52706"},{"taxonomy":"product_tag","embeddable":true,"href":"https:\/\/gohike.lv\/ru\/wp-json\/wp\/v2\/product_tag?post=52706"}],"curies":[{"name":"wp","href":"https:\/\/api.w.org\/{rel}","templated":true}]}}