{"id":52700,"date":"2024-05-07T11:22:28","date_gmt":"2024-05-07T08:22:28","guid":{"rendered":"https:\/\/gohike.lv\/produkts\/naturehike-lingdu-24h-antibakterials-kempinga-ledusskapis\/"},"modified":"2025-12-30T17:10:20","modified_gmt":"2025-12-30T14:10:20","slug":"naturehike-lingdu-24h-antibakterials-kempinga-ledusskapis","status":"publish","type":"product","link":"https:\/\/gohike.lv\/ru\/produkts\/naturehike-lingdu-24h-antibakterials-kempinga-ledusskapis\/","title":{"rendered":"Naturehike &#8212; Kempinga ledusskapis (24h)"},"content":{"rendered":"<p>Kompakts, ietilp\u012bgs ledusskapis, pateicoties salok\u0101majam rokturim, to var viegli transport\u0113t.<br \/>\nTo var izmantot ar\u012b k\u0101 galda virsmu, p\u0101rn\u0113s\u0101\u0161anas rokturis dro\u0161i nofiks\u0113 v\u0101ku.<br \/>\nLedusskapja iek\u0161pus\u0113 no vis\u0101m 6 pus\u0113m k\u0101 izol\u0101cijas materi\u0101ls ir ievietots putupolistirols.<br \/>\nV\u0101ka iek\u0161pus\u0113 ir nodal\u012bjumi pudel\u0113m, t\u0101p\u0113c to var izmantot k\u0101 kr\u016bz\u012b\u0161u tur\u0113t\u0101ju.<br \/>\nCe\u013cojumu ledusskapis uztur temperat\u016bru visas dienas garum\u0101.<br \/>\nPateicoties antibakteri\u0101lajam sl\u0101nim, ir iesp\u0113jams nodro\u0161in\u0101t maksim\u0101lu dro\u0161\u012bbu produktu lieto\u0161anai.<\/p>\n","protected":false},"excerpt":{"rendered":"<p><span style=\"font-family: Poppins, Arial, Helvetica, sans-serif; font-size: 14px;\">Ledusskapis no Naturehike ir viegli transport\u0113jams un lieliski uztur zemu temperat\u016bru iek\u0161pus\u0113, pateicoties vair\u0101kiem izol\u0101cijas sl\u0101\u0146iem.<\/span><\/p>\n","protected":false},"featured_media":29557,"template":"","meta":[],"product_brand":[167],"product_cat":[4345],"product_tag":[],"class_list":{"0":"post-52700","1":"product","2":"type-product","3":"status-publish","4":"has-post-thumbnail","6":"product_brand-naturehike-lv","7":"product_cat-aukstumkastes-un-somas","8":"pa_izmers-13l","9":"pa_izmers-24l","10":"pa_izmers-33l","11":"pa_izmers-9l","12":"pa_spalva-bess","14":"first","15":"instock","16":"taxable","17":"shipping-taxable","18":"purchasable","19":"product-type-variable","20":"has-default-attributes"},"raw_content":{"name":"Naturehike - Kempinga ledusskapis (24h)","description":"Kompakts, ietilp\u012bgs ledusskapis, pateicoties salok\u0101majam rokturim, to var viegli transport\u0113t.\nTo var izmantot ar\u012b k\u0101 galda virsmu, p\u0101rn\u0113s\u0101\u0161anas rokturis dro\u0161i nofiks\u0113 v\u0101ku.\nLedusskapja iek\u0161pus\u0113 no vis\u0101m 6 pus\u0113m k\u0101 izol\u0101cijas materi\u0101ls ir ievietots putupolistirols.\nV\u0101ka iek\u0161pus\u0113 ir nodal\u012bjumi pudel\u0113m, t\u0101p\u0113c to var izmantot k\u0101 kr\u016bz\u012b\u0161u tur\u0113t\u0101ju.\nCe\u013cojumu ledusskapis uztur temperat\u016bru visas dienas garum\u0101.\nPateicoties antibakteri\u0101lajam sl\u0101nim, ir iesp\u0113jams nodro\u0161in\u0101t maksim\u0101lu dro\u0161\u012bbu produktu lieto\u0161anai.","short_description":"<span style=\"font-family: Poppins, Arial, Helvetica, sans-serif; font-size: 14px;\">Ledusskapis no Naturehike ir viegli transport\u0113jams un lieliski uztur zemu temperat\u016bru iek\u0161pus\u0113, pateicoties vair\u0101kiem izol\u0101cijas sl\u0101\u0146iem.<\/span>","status":"publish","sku":"nat000138","original":52700},"wpml":{"translation_type":1,"has_translations":true,"original":52700,"duplicates":[],"translations":{"lv":52700,"en":68336,"ru":null}},"supplier_id":null,"supplier_sku":"","barcode":null,"atum_controlled":true,"out_stock_date":null,"out_stock_threshold":null,"inheritable":false,"inbound_stock":0,"stock_on_hold":0,"sold_today":0,"sales_last_days":0,"reserved_stock":0,"customer_returns":0,"warehouse_damage":0,"lost_in_post":0,"other_logs":0,"out_stock_days":0,"lost_sales":0,"has_location":false,"update_date":"2025-12-30T14:13:30","atum_locations":[],"atum_stock_status":"instock","restock_status":false,"low_stock_amount":"","sales_update_date":"2025-11-13T13:36:35","calc_backorders":null,"yoast_head":"<!-- This site is optimized with the Yoast SEO plugin v27.3 - https:\/\/yoast.com\/product\/yoast-seo-wordpress\/ -->\n<title>Naturehike - Kempinga ledusskapis (24h)<\/title>\n<meta name=\"description\" content=\"Ledusskapis no Naturehike ir viegli transport\u0113jams un lieliski uztur zemu temperat\u016bru iek\u0161pus\u0113, pateicoties vair\u0101kiem izol\u0101cijas sl\u0101\u0146iem.\" \/>\n<meta name=\"robots\" content=\"index, follow, max-snippet:-1, max-image-preview:large, max-video-preview:-1\" \/>\n<link rel=\"canonical\" href=\"https:\/\/gohike.lv\/ru\/produkts\/naturehike-lingdu-24h-antibakterials-kempinga-ledusskapis\/\" \/>\n<meta property=\"og:locale\" content=\"ru_RU\" \/>\n<meta property=\"og:type\" content=\"article\" \/>\n<meta property=\"og:title\" content=\"Naturehike - (Lingdu 24H) Antibakteri\u0101ls kempinga ledusskapis\" \/>\n<meta property=\"og:description\" content=\"Ledusskapis no Naturehike ir viegli transport\u0113jams un lieliski uztur zemu temperat\u016bru iek\u0161pus\u0113, pateicoties vair\u0101kiem izol\u0101cijas sl\u0101\u0146iem.\" \/>\n<meta property=\"og:url\" content=\"https:\/\/gohike.lv\/ru\/produkts\/naturehike-lingdu-24h-antibakterials-kempinga-ledusskapis\/\" \/>\n<meta property=\"og:site_name\" content=\"GoHike\" \/>\n<meta property=\"article:publisher\" content=\"https:\/\/www.facebook.com\/gohike.shop\/\" \/>\n<meta property=\"article:modified_time\" content=\"2025-12-30T14:10:20+00:00\" \/>\n<meta property=\"og:image\" content=\"https:\/\/gohike.lv\/wp-content\/uploads\/2024\/04\/24hCoolerBox_.webp\" \/>\n\t<meta property=\"og:image:width\" content=\"800\" \/>\n\t<meta property=\"og:image:height\" content=\"800\" \/>\n\t<meta property=\"og:image:type\" content=\"image\/webp\" \/>\n<meta name=\"twitter:card\" content=\"summary_large_image\" \/>\n<meta name=\"twitter:title\" content=\"Naturehike - (Lingdu 24H) Antibakteri\u0101ls kempinga ledusskapis\" \/>\n<meta name=\"twitter:label1\" content=\"\u041f\u0440\u0438\u043c\u0435\u0440\u043d\u043e\u0435 \u0432\u0440\u0435\u043c\u044f \u0434\u043b\u044f \u0447\u0442\u0435\u043d\u0438\u044f\" \/>\n\t<meta name=\"twitter:data1\" content=\"1 \u043c\u0438\u043d\u0443\u0442\u0430\" \/>\n<script type=\"application\/ld+json\" class=\"yoast-schema-graph\">{\"@context\":\"https:\\\/\\\/schema.org\",\"@graph\":[{\"@type\":[\"WebPage\",\"ItemPage\"],\"@id\":\"https:\\\/\\\/gohike.lv\\\/ru\\\/produkts\\\/naturehike-lingdu-24h-antibakterials-kempinga-ledusskapis\\\/\",\"url\":\"https:\\\/\\\/gohike.lv\\\/ru\\\/produkts\\\/naturehike-lingdu-24h-antibakterials-kempinga-ledusskapis\\\/\",\"name\":\"Naturehike - Kempinga ledusskapis (24h)\",\"isPartOf\":{\"@id\":\"https:\\\/\\\/gohike.lv\\\/ru\\\/#website\"},\"primaryImageOfPage\":{\"@id\":\"https:\\\/\\\/gohike.lv\\\/ru\\\/produkts\\\/naturehike-lingdu-24h-antibakterials-kempinga-ledusskapis\\\/#primaryimage\"},\"image\":{\"@id\":\"https:\\\/\\\/gohike.lv\\\/ru\\\/produkts\\\/naturehike-lingdu-24h-antibakterials-kempinga-ledusskapis\\\/#primaryimage\"},\"thumbnailUrl\":\"https:\\\/\\\/gohike.lv\\\/wp-content\\\/uploads\\\/2024\\\/04\\\/24hCoolerBox_.webp\",\"datePublished\":\"2024-05-07T08:22:28+00:00\",\"dateModified\":\"2025-12-30T14:10:20+00:00\",\"description\":\"Ledusskapis no Naturehike ir viegli transport\u0113jams un lieliski uztur zemu temperat\u016bru iek\u0161pus\u0113, pateicoties vair\u0101kiem izol\u0101cijas sl\u0101\u0146iem.\",\"breadcrumb\":{\"@id\":\"https:\\\/\\\/gohike.lv\\\/ru\\\/produkts\\\/naturehike-lingdu-24h-antibakterials-kempinga-ledusskapis\\\/#breadcrumb\"},\"inLanguage\":\"ru-RU\",\"potentialAction\":[{\"@type\":\"ReadAction\",\"target\":[\"https:\\\/\\\/gohike.lv\\\/ru\\\/produkts\\\/naturehike-lingdu-24h-antibakterials-kempinga-ledusskapis\\\/\"]}]},{\"@type\":\"ImageObject\",\"inLanguage\":\"ru-RU\",\"@id\":\"https:\\\/\\\/gohike.lv\\\/ru\\\/produkts\\\/naturehike-lingdu-24h-antibakterials-kempinga-ledusskapis\\\/#primaryimage\",\"url\":\"https:\\\/\\\/gohike.lv\\\/wp-content\\\/uploads\\\/2024\\\/04\\\/24hCoolerBox_.webp\",\"contentUrl\":\"https:\\\/\\\/gohike.lv\\\/wp-content\\\/uploads\\\/2024\\\/04\\\/24hCoolerBox_.webp\",\"width\":800,\"height\":800},{\"@type\":\"BreadcrumbList\",\"@id\":\"https:\\\/\\\/gohike.lv\\\/ru\\\/produkts\\\/naturehike-lingdu-24h-antibakterials-kempinga-ledusskapis\\\/#breadcrumb\",\"itemListElement\":[{\"@type\":\"ListItem\",\"position\":1,\"name\":\"\u0413\u043b\u0430\u0432\u043d\u0430\u044f\",\"item\":\"https:\\\/\\\/gohike.lv\\\/ru\\\/\"},{\"@type\":\"ListItem\",\"position\":2,\"name\":\"\u041a\u0430\u0442\u0435\u0433\u043e\u0440\u0438\u0438 \u0442\u043e\u0432\u0430\u0440\u043e\u0432\",\"item\":\"https:\\\/\\\/gohike.lv\\\/%d0%ba%d0%b0%d1%82%d0%b5%d0%b3%d0%be%d1%80%d0%b8%d0%b8-%d1%82%d0%be%d0%b2%d0%b0%d1%80%d0%be%d0%b2\\\/\"},{\"@type\":\"ListItem\",\"position\":3,\"name\":\"Naturehike &#8211; Kempinga ledusskapis (24h)\"}]},{\"@type\":\"WebSite\",\"@id\":\"https:\\\/\\\/gohike.lv\\\/ru\\\/#website\",\"url\":\"https:\\\/\\\/gohike.lv\\\/ru\\\/\",\"name\":\"GoHike\",\"description\":\"\",\"publisher\":{\"@id\":\"https:\\\/\\\/gohike.lv\\\/ru\\\/#organization\"},\"potentialAction\":[{\"@type\":\"SearchAction\",\"target\":{\"@type\":\"EntryPoint\",\"urlTemplate\":\"https:\\\/\\\/gohike.lv\\\/ru\\\/?s={search_term_string}\"},\"query-input\":{\"@type\":\"PropertyValueSpecification\",\"valueRequired\":true,\"valueName\":\"search_term_string\"}}],\"inLanguage\":\"ru-RU\"},{\"@type\":\"Organization\",\"@id\":\"https:\\\/\\\/gohike.lv\\\/ru\\\/#organization\",\"name\":\"GoHike\",\"url\":\"https:\\\/\\\/gohike.lv\\\/ru\\\/\",\"logo\":{\"@type\":\"ImageObject\",\"inLanguage\":\"ru-RU\",\"@id\":\"https:\\\/\\\/gohike.lv\\\/ru\\\/#\\\/schema\\\/logo\\\/image\\\/\",\"url\":\"https:\\\/\\\/gohike.lv\\\/wp-content\\\/uploads\\\/2023\\\/08\\\/Logo_GoHike.webp\",\"contentUrl\":\"https:\\\/\\\/gohike.lv\\\/wp-content\\\/uploads\\\/2023\\\/08\\\/Logo_GoHike.webp\",\"width\":512,\"height\":512,\"caption\":\"GoHike\"},\"image\":{\"@id\":\"https:\\\/\\\/gohike.lv\\\/ru\\\/#\\\/schema\\\/logo\\\/image\\\/\"},\"sameAs\":[\"https:\\\/\\\/www.facebook.com\\\/gohike.shop\\\/\",\"https:\\\/\\\/www.instagram.com\\\/gohike.shop\\\/\"]}]}<\/script>\n<!-- \/ Yoast SEO plugin. -->","yoast_head_json":{"title":"Naturehike - Kempinga ledusskapis (24h)","description":"Ledusskapis no Naturehike ir viegli transport\u0113jams un lieliski uztur zemu temperat\u016bru iek\u0161pus\u0113, pateicoties vair\u0101kiem izol\u0101cijas sl\u0101\u0146iem.","robots":{"index":"index","follow":"follow","max-snippet":"max-snippet:-1","max-image-preview":"max-image-preview:large","max-video-preview":"max-video-preview:-1"},"canonical":"https:\/\/gohike.lv\/ru\/produkts\/naturehike-lingdu-24h-antibakterials-kempinga-ledusskapis\/","og_locale":"ru_RU","og_type":"article","og_title":"Naturehike - (Lingdu 24H) Antibakteri\u0101ls kempinga ledusskapis","og_description":"Ledusskapis no Naturehike ir viegli transport\u0113jams un lieliski uztur zemu temperat\u016bru iek\u0161pus\u0113, pateicoties vair\u0101kiem izol\u0101cijas sl\u0101\u0146iem.","og_url":"https:\/\/gohike.lv\/ru\/produkts\/naturehike-lingdu-24h-antibakterials-kempinga-ledusskapis\/","og_site_name":"GoHike","article_publisher":"https:\/\/www.facebook.com\/gohike.shop\/","article_modified_time":"2025-12-30T14:10:20+00:00","og_image":[{"width":800,"height":800,"url":"https:\/\/gohike.lv\/wp-content\/uploads\/2024\/04\/24hCoolerBox_.webp","type":"image\/webp"}],"twitter_card":"summary_large_image","twitter_title":"Naturehike - (Lingdu 24H) Antibakteri\u0101ls kempinga ledusskapis","twitter_misc":{"\u041f\u0440\u0438\u043c\u0435\u0440\u043d\u043e\u0435 \u0432\u0440\u0435\u043c\u044f \u0434\u043b\u044f \u0447\u0442\u0435\u043d\u0438\u044f":"1 \u043c\u0438\u043d\u0443\u0442\u0430"},"schema":{"@context":"https:\/\/schema.org","@graph":[{"@type":["WebPage","ItemPage"],"@id":"https:\/\/gohike.lv\/ru\/produkts\/naturehike-lingdu-24h-antibakterials-kempinga-ledusskapis\/","url":"https:\/\/gohike.lv\/ru\/produkts\/naturehike-lingdu-24h-antibakterials-kempinga-ledusskapis\/","name":"Naturehike - Kempinga ledusskapis (24h)","isPartOf":{"@id":"https:\/\/gohike.lv\/ru\/#website"},"primaryImageOfPage":{"@id":"https:\/\/gohike.lv\/ru\/produkts\/naturehike-lingdu-24h-antibakterials-kempinga-ledusskapis\/#primaryimage"},"image":{"@id":"https:\/\/gohike.lv\/ru\/produkts\/naturehike-lingdu-24h-antibakterials-kempinga-ledusskapis\/#primaryimage"},"thumbnailUrl":"https:\/\/gohike.lv\/wp-content\/uploads\/2024\/04\/24hCoolerBox_.webp","datePublished":"2024-05-07T08:22:28+00:00","dateModified":"2025-12-30T14:10:20+00:00","description":"Ledusskapis no Naturehike ir viegli transport\u0113jams un lieliski uztur zemu temperat\u016bru iek\u0161pus\u0113, pateicoties vair\u0101kiem izol\u0101cijas sl\u0101\u0146iem.","breadcrumb":{"@id":"https:\/\/gohike.lv\/ru\/produkts\/naturehike-lingdu-24h-antibakterials-kempinga-ledusskapis\/#breadcrumb"},"inLanguage":"ru-RU","potentialAction":[{"@type":"ReadAction","target":["https:\/\/gohike.lv\/ru\/produkts\/naturehike-lingdu-24h-antibakterials-kempinga-ledusskapis\/"]}]},{"@type":"ImageObject","inLanguage":"ru-RU","@id":"https:\/\/gohike.lv\/ru\/produkts\/naturehike-lingdu-24h-antibakterials-kempinga-ledusskapis\/#primaryimage","url":"https:\/\/gohike.lv\/wp-content\/uploads\/2024\/04\/24hCoolerBox_.webp","contentUrl":"https:\/\/gohike.lv\/wp-content\/uploads\/2024\/04\/24hCoolerBox_.webp","width":800,"height":800},{"@type":"BreadcrumbList","@id":"https:\/\/gohike.lv\/ru\/produkts\/naturehike-lingdu-24h-antibakterials-kempinga-ledusskapis\/#breadcrumb","itemListElement":[{"@type":"ListItem","position":1,"name":"\u0413\u043b\u0430\u0432\u043d\u0430\u044f","item":"https:\/\/gohike.lv\/ru\/"},{"@type":"ListItem","position":2,"name":"\u041a\u0430\u0442\u0435\u0433\u043e\u0440\u0438\u0438 \u0442\u043e\u0432\u0430\u0440\u043e\u0432","item":"https:\/\/gohike.lv\/%d0%ba%d0%b0%d1%82%d0%b5%d0%b3%d0%be%d1%80%d0%b8%d0%b8-%d1%82%d0%be%d0%b2%d0%b0%d1%80%d0%be%d0%b2\/"},{"@type":"ListItem","position":3,"name":"Naturehike &#8211; Kempinga ledusskapis (24h)"}]},{"@type":"WebSite","@id":"https:\/\/gohike.lv\/ru\/#website","url":"https:\/\/gohike.lv\/ru\/","name":"GoHike","description":"","publisher":{"@id":"https:\/\/gohike.lv\/ru\/#organization"},"potentialAction":[{"@type":"SearchAction","target":{"@type":"EntryPoint","urlTemplate":"https:\/\/gohike.lv\/ru\/?s={search_term_string}"},"query-input":{"@type":"PropertyValueSpecification","valueRequired":true,"valueName":"search_term_string"}}],"inLanguage":"ru-RU"},{"@type":"Organization","@id":"https:\/\/gohike.lv\/ru\/#organization","name":"GoHike","url":"https:\/\/gohike.lv\/ru\/","logo":{"@type":"ImageObject","inLanguage":"ru-RU","@id":"https:\/\/gohike.lv\/ru\/#\/schema\/logo\/image\/","url":"https:\/\/gohike.lv\/wp-content\/uploads\/2023\/08\/Logo_GoHike.webp","contentUrl":"https:\/\/gohike.lv\/wp-content\/uploads\/2023\/08\/Logo_GoHike.webp","width":512,"height":512,"caption":"GoHike"},"image":{"@id":"https:\/\/gohike.lv\/ru\/#\/schema\/logo\/image\/"},"sameAs":["https:\/\/www.facebook.com\/gohike.shop\/","https:\/\/www.instagram.com\/gohike.shop\/"]}]}},"jetpack_sharing_enabled":true,"_links":{"self":[{"href":"https:\/\/gohike.lv\/ru\/wp-json\/wp\/v2\/product\/52700","targetHints":{"allow":["GET"]}}],"collection":[{"href":"https:\/\/gohike.lv\/ru\/wp-json\/wp\/v2\/product"}],"about":[{"href":"https:\/\/gohike.lv\/ru\/wp-json\/wp\/v2\/types\/product"}],"version-history":[{"count":0,"href":"https:\/\/gohike.lv\/ru\/wp-json\/wp\/v2\/product\/52700\/revisions"}],"wp:featuredmedia":[{"embeddable":true,"href":"https:\/\/gohike.lv\/ru\/wp-json\/wp\/v2\/media\/29557"}],"wp:attachment":[{"href":"https:\/\/gohike.lv\/ru\/wp-json\/wp\/v2\/media?parent=52700"}],"wp:term":[{"taxonomy":"product_brand","embeddable":true,"href":"https:\/\/gohike.lv\/ru\/wp-json\/wp\/v2\/product_brand?post=52700"},{"taxonomy":"product_cat","embeddable":true,"href":"https:\/\/gohike.lv\/ru\/wp-json\/wp\/v2\/product_cat?post=52700"},{"taxonomy":"product_tag","embeddable":true,"href":"https:\/\/gohike.lv\/ru\/wp-json\/wp\/v2\/product_tag?post=52700"}],"curies":[{"name":"wp","href":"https:\/\/api.w.org\/{rel}","templated":true}]}}