{"id":52675,"date":"2024-05-07T11:20:43","date_gmt":"2024-05-07T08:20:43","guid":{"rendered":"https:\/\/gohike.lv\/produkts\/naturehike-atri-zustosi-sieta-udens-apavi-quick-dry-mesh\/"},"modified":"2025-12-30T17:10:20","modified_gmt":"2025-12-30T14:10:20","slug":"naturehike-atri-zustosi-sieta-udens-apavi-quick-dry-mesh","status":"publish","type":"product","link":"https:\/\/gohike.lv\/ru\/produkts\/naturehike-atri-zustosi-sieta-udens-apavi-quick-dry-mesh\/","title":{"rendered":"Naturehike &#8212; \u0100tri \u017e\u016bsto\u0161i sieta \u016bdens apavi Quick Dry Mesh"},"content":{"rendered":"<p>Naturehike Mesh apavi ir \u012bpa\u0161i piem\u0113roti akt\u012bviem p\u0101rg\u0101jieniem.<br \/>\n\u0100tri \u017e\u016bsto\u0161s materi\u0101ls, t\u0101p\u0113c apavi ir piem\u0113roti ar\u012b \u016bdens aktivit\u0101t\u0113m.<br \/>\nT\u012bklam ir palielin\u0101ta elpojam\u012bba un tas \u0101tri \u017e\u016bst, zole ir izgatavota no gumijas.<br \/>\nTekstur\u0113tais materi\u0101ls ne\u013cauj apaviem sl\u012bd\u0113t, dren\u0101\u017eas caurumi zol\u0113 \u013cauj notecin\u0101t \u016bdeni.<br \/>\nApavi ir apr\u012bkoti ar elast\u012bg\u0101m \u0161\u0146or\u0113m, apavu platumu var regul\u0113t. Auklas tiek pievilktas, izmantojot skavas.<br \/>\nGumijotais purngals nodro\u0161ina aizsardz\u012bbu pirkstiem, savuk\u0101rt polster\u0113tais pap\u0113dis pal\u012bdz saglab\u0101t apavu formu un samazina berzes risku pap\u0113\u017ea zon\u0101.<br \/>\nRaksturlielumi:<br \/>\n\u0100tri \u017e\u016bsto\u0161i apavi valk\u0101\u0161anai vasar\u0101;<br \/>\n\u0100r\u0113jais materi\u0101ls: 100% poliesters;<br \/>\nVirs\u0113jais materi\u0101ls \u2013 100% poliesters;<br \/>\nZoles materi\u0101ls \u2013 gumija;<br \/>\nSvars: 390 g.<\/p>\n","protected":false},"excerpt":{"rendered":"<p>T\u012bkla apavi \u0101ra aktivit\u0101t\u0113m. Poliestera aug\u0161da\u013ca nodro\u0161ina labu gaisa caurlaid\u012bbu, bet gumijas zole nodro\u0161ina maksim\u0101lu sa\u0137eri. Zolei ir dren\u0101\u017eas caurumi.<\/p>\n","protected":false},"featured_media":29449,"template":"","meta":[],"product_brand":[167],"product_cat":[4278],"product_tag":[],"class_list":{"0":"post-52675","1":"product","2":"type-product","3":"status-publish","4":"has-post-thumbnail","6":"product_brand-naturehike-lv","7":"product_cat-apavi","8":"pa_izmers-l41-42","9":"pa_izmers-m39-40","10":"pa_izmers-xl43-44","11":"pa_spalva-haki","12":"pa_spalva-melns","14":"first","15":"instock","16":"taxable","17":"shipping-taxable","18":"purchasable","19":"product-type-variable","20":"has-default-attributes"},"raw_content":{"name":"Naturehike - \u0100tri \u017e\u016bsto\u0161i sieta \u016bdens apavi Quick Dry Mesh","description":"Naturehike Mesh apavi ir \u012bpa\u0161i piem\u0113roti akt\u012bviem p\u0101rg\u0101jieniem.\n\u0100tri \u017e\u016bsto\u0161s materi\u0101ls, t\u0101p\u0113c apavi ir piem\u0113roti ar\u012b \u016bdens aktivit\u0101t\u0113m.\nT\u012bklam ir palielin\u0101ta elpojam\u012bba un tas \u0101tri \u017e\u016bst, zole ir izgatavota no gumijas.\nTekstur\u0113tais materi\u0101ls ne\u013cauj apaviem sl\u012bd\u0113t, dren\u0101\u017eas caurumi zol\u0113 \u013cauj notecin\u0101t \u016bdeni.\nApavi ir apr\u012bkoti ar elast\u012bg\u0101m \u0161\u0146or\u0113m, apavu platumu var regul\u0113t. Auklas tiek pievilktas, izmantojot skavas.\nGumijotais purngals nodro\u0161ina aizsardz\u012bbu pirkstiem, savuk\u0101rt polster\u0113tais pap\u0113dis pal\u012bdz saglab\u0101t apavu formu un samazina berzes risku pap\u0113\u017ea zon\u0101.\nRaksturlielumi:\n\u0100tri \u017e\u016bsto\u0161i apavi valk\u0101\u0161anai vasar\u0101;\n\u0100r\u0113jais materi\u0101ls: 100% poliesters;\nVirs\u0113jais materi\u0101ls \u2013 100% poliesters;\nZoles materi\u0101ls \u2013 gumija;\nSvars: 390 g.","short_description":"T\u012bkla apavi \u0101ra aktivit\u0101t\u0113m. Poliestera aug\u0161da\u013ca nodro\u0161ina labu gaisa caurlaid\u012bbu, bet gumijas zole nodro\u0161ina maksim\u0101lu sa\u0137eri. Zolei ir dren\u0101\u017eas caurumi.","status":"publish","sku":"nat000134","original":52675},"wpml":{"translation_type":1,"has_translations":true,"original":52675,"duplicates":[],"translations":{"lv":52675,"en":68295,"ru":null}},"supplier_id":null,"supplier_sku":"","barcode":null,"atum_controlled":true,"out_stock_date":null,"out_stock_threshold":null,"inheritable":false,"inbound_stock":0,"stock_on_hold":0,"sold_today":0,"sales_last_days":0,"reserved_stock":0,"customer_returns":0,"warehouse_damage":0,"lost_in_post":0,"other_logs":0,"out_stock_days":0,"lost_sales":0,"has_location":false,"update_date":"2025-12-30T14:13:30","atum_locations":[],"atum_stock_status":"instock","restock_status":false,"low_stock_amount":"","sales_update_date":"2025-11-13T13:36:34","calc_backorders":null,"yoast_head":"<!-- This site is optimized with the Yoast SEO plugin v27.3 - https:\/\/yoast.com\/product\/yoast-seo-wordpress\/ -->\n<title>Naturehike - \u0100tri \u017e\u016bsto\u0161i sieta \u016bdens apavi Quick Dry Mesh<\/title>\n<meta name=\"description\" content=\"T\u012bkla apavi, ko valk\u0101t \u0101ra aktivit\u0101t\u0113s, vvai smai\u013co\u0161an\u0101. Poliestera aug\u0161da\u013ca nodro\u0161ina z\u0101baku elpo\u0161anu, bet gumijas zole nodro\u0161ina maksim\u0101lu sa\u0137eri. Zolei ir dren\u0101\u017eas caurumi. Ir k\u0101ju pirkstu aizsardz\u012bba\" \/>\n<meta name=\"robots\" content=\"index, follow, max-snippet:-1, max-image-preview:large, max-video-preview:-1\" \/>\n<link rel=\"canonical\" href=\"https:\/\/gohike.lv\/ru\/produkts\/naturehike-atri-zustosi-sieta-udens-apavi-quick-dry-mesh\/\" \/>\n<meta property=\"og:locale\" content=\"ru_RU\" \/>\n<meta property=\"og:type\" content=\"article\" \/>\n<meta property=\"og:title\" content=\"Naturehike - \u0100tri \u017e\u016bsto\u0161i sieta \u016bdens apavi Quick Dry Mesh\" \/>\n<meta property=\"og:description\" content=\"T\u012bkla apavi, ko valk\u0101t \u0101ra aktivit\u0101t\u0113s, vvai smai\u013co\u0161an\u0101. Poliestera aug\u0161da\u013ca nodro\u0161ina z\u0101baku elpo\u0161anu, bet gumijas zole nodro\u0161ina maksim\u0101lu sa\u0137eri. Zolei ir dren\u0101\u017eas caurumi. Ir k\u0101ju pirkstu aizsardz\u012bba\" \/>\n<meta property=\"og:url\" content=\"https:\/\/gohike.lv\/ru\/produkts\/naturehike-atri-zustosi-sieta-udens-apavi-quick-dry-mesh\/\" \/>\n<meta property=\"og:site_name\" content=\"GoHike\" \/>\n<meta property=\"article:publisher\" content=\"https:\/\/www.facebook.com\/gohike.shop\/\" \/>\n<meta property=\"article:modified_time\" content=\"2025-12-30T14:10:20+00:00\" \/>\n<meta property=\"og:image\" content=\"https:\/\/gohike.lv\/wp-content\/uploads\/2024\/04\/MeshShoes_black.webp\" \/>\n\t<meta property=\"og:image:width\" content=\"800\" \/>\n\t<meta property=\"og:image:height\" content=\"800\" \/>\n\t<meta property=\"og:image:type\" content=\"image\/webp\" \/>\n<meta name=\"twitter:card\" content=\"summary_large_image\" \/>\n<meta name=\"twitter:title\" content=\"Naturehike - \u0100tri \u017e\u016bsto\u0161i sieta \u016bdens apavi Quick Dry Mesh\" \/>\n<meta name=\"twitter:label1\" content=\"\u041f\u0440\u0438\u043c\u0435\u0440\u043d\u043e\u0435 \u0432\u0440\u0435\u043c\u044f \u0434\u043b\u044f \u0447\u0442\u0435\u043d\u0438\u044f\" \/>\n\t<meta name=\"twitter:data1\" content=\"1 \u043c\u0438\u043d\u0443\u0442\u0430\" \/>\n<script type=\"application\/ld+json\" class=\"yoast-schema-graph\">{\"@context\":\"https:\\\/\\\/schema.org\",\"@graph\":[{\"@type\":[\"WebPage\",\"ItemPage\"],\"@id\":\"https:\\\/\\\/gohike.lv\\\/ru\\\/produkts\\\/naturehike-atri-zustosi-sieta-udens-apavi-quick-dry-mesh\\\/\",\"url\":\"https:\\\/\\\/gohike.lv\\\/ru\\\/produkts\\\/naturehike-atri-zustosi-sieta-udens-apavi-quick-dry-mesh\\\/\",\"name\":\"Naturehike - \u0100tri \u017e\u016bsto\u0161i sieta \u016bdens apavi Quick Dry Mesh\",\"isPartOf\":{\"@id\":\"https:\\\/\\\/gohike.lv\\\/ru\\\/#website\"},\"primaryImageOfPage\":{\"@id\":\"https:\\\/\\\/gohike.lv\\\/ru\\\/produkts\\\/naturehike-atri-zustosi-sieta-udens-apavi-quick-dry-mesh\\\/#primaryimage\"},\"image\":{\"@id\":\"https:\\\/\\\/gohike.lv\\\/ru\\\/produkts\\\/naturehike-atri-zustosi-sieta-udens-apavi-quick-dry-mesh\\\/#primaryimage\"},\"thumbnailUrl\":\"https:\\\/\\\/gohike.lv\\\/wp-content\\\/uploads\\\/2024\\\/04\\\/MeshShoes_black.webp\",\"datePublished\":\"2024-05-07T08:20:43+00:00\",\"dateModified\":\"2025-12-30T14:10:20+00:00\",\"description\":\"T\u012bkla apavi, ko valk\u0101t \u0101ra aktivit\u0101t\u0113s, vvai smai\u013co\u0161an\u0101. Poliestera aug\u0161da\u013ca nodro\u0161ina z\u0101baku elpo\u0161anu, bet gumijas zole nodro\u0161ina maksim\u0101lu sa\u0137eri. Zolei ir dren\u0101\u017eas caurumi. Ir k\u0101ju pirkstu aizsardz\u012bba\",\"breadcrumb\":{\"@id\":\"https:\\\/\\\/gohike.lv\\\/ru\\\/produkts\\\/naturehike-atri-zustosi-sieta-udens-apavi-quick-dry-mesh\\\/#breadcrumb\"},\"inLanguage\":\"ru-RU\",\"potentialAction\":[{\"@type\":\"ReadAction\",\"target\":[\"https:\\\/\\\/gohike.lv\\\/ru\\\/produkts\\\/naturehike-atri-zustosi-sieta-udens-apavi-quick-dry-mesh\\\/\"]}]},{\"@type\":\"ImageObject\",\"inLanguage\":\"ru-RU\",\"@id\":\"https:\\\/\\\/gohike.lv\\\/ru\\\/produkts\\\/naturehike-atri-zustosi-sieta-udens-apavi-quick-dry-mesh\\\/#primaryimage\",\"url\":\"https:\\\/\\\/gohike.lv\\\/wp-content\\\/uploads\\\/2024\\\/04\\\/MeshShoes_black.webp\",\"contentUrl\":\"https:\\\/\\\/gohike.lv\\\/wp-content\\\/uploads\\\/2024\\\/04\\\/MeshShoes_black.webp\",\"width\":800,\"height\":800},{\"@type\":\"BreadcrumbList\",\"@id\":\"https:\\\/\\\/gohike.lv\\\/ru\\\/produkts\\\/naturehike-atri-zustosi-sieta-udens-apavi-quick-dry-mesh\\\/#breadcrumb\",\"itemListElement\":[{\"@type\":\"ListItem\",\"position\":1,\"name\":\"\u0413\u043b\u0430\u0432\u043d\u0430\u044f\",\"item\":\"https:\\\/\\\/gohike.lv\\\/ru\\\/\"},{\"@type\":\"ListItem\",\"position\":2,\"name\":\"\u041a\u0430\u0442\u0435\u0433\u043e\u0440\u0438\u0438 \u0442\u043e\u0432\u0430\u0440\u043e\u0432\",\"item\":\"https:\\\/\\\/gohike.lv\\\/%d0%ba%d0%b0%d1%82%d0%b5%d0%b3%d0%be%d1%80%d0%b8%d0%b8-%d1%82%d0%be%d0%b2%d0%b0%d1%80%d0%be%d0%b2\\\/\"},{\"@type\":\"ListItem\",\"position\":3,\"name\":\"Naturehike &#8211; \u0100tri \u017e\u016bsto\u0161i sieta \u016bdens apavi Quick Dry Mesh\"}]},{\"@type\":\"WebSite\",\"@id\":\"https:\\\/\\\/gohike.lv\\\/ru\\\/#website\",\"url\":\"https:\\\/\\\/gohike.lv\\\/ru\\\/\",\"name\":\"GoHike\",\"description\":\"\",\"publisher\":{\"@id\":\"https:\\\/\\\/gohike.lv\\\/ru\\\/#organization\"},\"potentialAction\":[{\"@type\":\"SearchAction\",\"target\":{\"@type\":\"EntryPoint\",\"urlTemplate\":\"https:\\\/\\\/gohike.lv\\\/ru\\\/?s={search_term_string}\"},\"query-input\":{\"@type\":\"PropertyValueSpecification\",\"valueRequired\":true,\"valueName\":\"search_term_string\"}}],\"inLanguage\":\"ru-RU\"},{\"@type\":\"Organization\",\"@id\":\"https:\\\/\\\/gohike.lv\\\/ru\\\/#organization\",\"name\":\"GoHike\",\"url\":\"https:\\\/\\\/gohike.lv\\\/ru\\\/\",\"logo\":{\"@type\":\"ImageObject\",\"inLanguage\":\"ru-RU\",\"@id\":\"https:\\\/\\\/gohike.lv\\\/ru\\\/#\\\/schema\\\/logo\\\/image\\\/\",\"url\":\"https:\\\/\\\/gohike.lv\\\/wp-content\\\/uploads\\\/2023\\\/08\\\/Logo_GoHike.webp\",\"contentUrl\":\"https:\\\/\\\/gohike.lv\\\/wp-content\\\/uploads\\\/2023\\\/08\\\/Logo_GoHike.webp\",\"width\":512,\"height\":512,\"caption\":\"GoHike\"},\"image\":{\"@id\":\"https:\\\/\\\/gohike.lv\\\/ru\\\/#\\\/schema\\\/logo\\\/image\\\/\"},\"sameAs\":[\"https:\\\/\\\/www.facebook.com\\\/gohike.shop\\\/\",\"https:\\\/\\\/www.instagram.com\\\/gohike.shop\\\/\"]}]}<\/script>\n<!-- \/ Yoast SEO plugin. -->","yoast_head_json":{"title":"Naturehike - \u0100tri \u017e\u016bsto\u0161i sieta \u016bdens apavi Quick Dry Mesh","description":"T\u012bkla apavi, ko valk\u0101t \u0101ra aktivit\u0101t\u0113s, vvai smai\u013co\u0161an\u0101. Poliestera aug\u0161da\u013ca nodro\u0161ina z\u0101baku elpo\u0161anu, bet gumijas zole nodro\u0161ina maksim\u0101lu sa\u0137eri. Zolei ir dren\u0101\u017eas caurumi. Ir k\u0101ju pirkstu aizsardz\u012bba","robots":{"index":"index","follow":"follow","max-snippet":"max-snippet:-1","max-image-preview":"max-image-preview:large","max-video-preview":"max-video-preview:-1"},"canonical":"https:\/\/gohike.lv\/ru\/produkts\/naturehike-atri-zustosi-sieta-udens-apavi-quick-dry-mesh\/","og_locale":"ru_RU","og_type":"article","og_title":"Naturehike - \u0100tri \u017e\u016bsto\u0161i sieta \u016bdens apavi Quick Dry Mesh","og_description":"T\u012bkla apavi, ko valk\u0101t \u0101ra aktivit\u0101t\u0113s, vvai smai\u013co\u0161an\u0101. Poliestera aug\u0161da\u013ca nodro\u0161ina z\u0101baku elpo\u0161anu, bet gumijas zole nodro\u0161ina maksim\u0101lu sa\u0137eri. Zolei ir dren\u0101\u017eas caurumi. Ir k\u0101ju pirkstu aizsardz\u012bba","og_url":"https:\/\/gohike.lv\/ru\/produkts\/naturehike-atri-zustosi-sieta-udens-apavi-quick-dry-mesh\/","og_site_name":"GoHike","article_publisher":"https:\/\/www.facebook.com\/gohike.shop\/","article_modified_time":"2025-12-30T14:10:20+00:00","og_image":[{"width":800,"height":800,"url":"https:\/\/gohike.lv\/wp-content\/uploads\/2024\/04\/MeshShoes_black.webp","type":"image\/webp"}],"twitter_card":"summary_large_image","twitter_title":"Naturehike - \u0100tri \u017e\u016bsto\u0161i sieta \u016bdens apavi Quick Dry Mesh","twitter_misc":{"\u041f\u0440\u0438\u043c\u0435\u0440\u043d\u043e\u0435 \u0432\u0440\u0435\u043c\u044f \u0434\u043b\u044f \u0447\u0442\u0435\u043d\u0438\u044f":"1 \u043c\u0438\u043d\u0443\u0442\u0430"},"schema":{"@context":"https:\/\/schema.org","@graph":[{"@type":["WebPage","ItemPage"],"@id":"https:\/\/gohike.lv\/ru\/produkts\/naturehike-atri-zustosi-sieta-udens-apavi-quick-dry-mesh\/","url":"https:\/\/gohike.lv\/ru\/produkts\/naturehike-atri-zustosi-sieta-udens-apavi-quick-dry-mesh\/","name":"Naturehike - \u0100tri \u017e\u016bsto\u0161i sieta \u016bdens apavi Quick Dry Mesh","isPartOf":{"@id":"https:\/\/gohike.lv\/ru\/#website"},"primaryImageOfPage":{"@id":"https:\/\/gohike.lv\/ru\/produkts\/naturehike-atri-zustosi-sieta-udens-apavi-quick-dry-mesh\/#primaryimage"},"image":{"@id":"https:\/\/gohike.lv\/ru\/produkts\/naturehike-atri-zustosi-sieta-udens-apavi-quick-dry-mesh\/#primaryimage"},"thumbnailUrl":"https:\/\/gohike.lv\/wp-content\/uploads\/2024\/04\/MeshShoes_black.webp","datePublished":"2024-05-07T08:20:43+00:00","dateModified":"2025-12-30T14:10:20+00:00","description":"T\u012bkla apavi, ko valk\u0101t \u0101ra aktivit\u0101t\u0113s, vvai smai\u013co\u0161an\u0101. Poliestera aug\u0161da\u013ca nodro\u0161ina z\u0101baku elpo\u0161anu, bet gumijas zole nodro\u0161ina maksim\u0101lu sa\u0137eri. Zolei ir dren\u0101\u017eas caurumi. Ir k\u0101ju pirkstu aizsardz\u012bba","breadcrumb":{"@id":"https:\/\/gohike.lv\/ru\/produkts\/naturehike-atri-zustosi-sieta-udens-apavi-quick-dry-mesh\/#breadcrumb"},"inLanguage":"ru-RU","potentialAction":[{"@type":"ReadAction","target":["https:\/\/gohike.lv\/ru\/produkts\/naturehike-atri-zustosi-sieta-udens-apavi-quick-dry-mesh\/"]}]},{"@type":"ImageObject","inLanguage":"ru-RU","@id":"https:\/\/gohike.lv\/ru\/produkts\/naturehike-atri-zustosi-sieta-udens-apavi-quick-dry-mesh\/#primaryimage","url":"https:\/\/gohike.lv\/wp-content\/uploads\/2024\/04\/MeshShoes_black.webp","contentUrl":"https:\/\/gohike.lv\/wp-content\/uploads\/2024\/04\/MeshShoes_black.webp","width":800,"height":800},{"@type":"BreadcrumbList","@id":"https:\/\/gohike.lv\/ru\/produkts\/naturehike-atri-zustosi-sieta-udens-apavi-quick-dry-mesh\/#breadcrumb","itemListElement":[{"@type":"ListItem","position":1,"name":"\u0413\u043b\u0430\u0432\u043d\u0430\u044f","item":"https:\/\/gohike.lv\/ru\/"},{"@type":"ListItem","position":2,"name":"\u041a\u0430\u0442\u0435\u0433\u043e\u0440\u0438\u0438 \u0442\u043e\u0432\u0430\u0440\u043e\u0432","item":"https:\/\/gohike.lv\/%d0%ba%d0%b0%d1%82%d0%b5%d0%b3%d0%be%d1%80%d0%b8%d0%b8-%d1%82%d0%be%d0%b2%d0%b0%d1%80%d0%be%d0%b2\/"},{"@type":"ListItem","position":3,"name":"Naturehike &#8211; \u0100tri \u017e\u016bsto\u0161i sieta \u016bdens apavi Quick Dry Mesh"}]},{"@type":"WebSite","@id":"https:\/\/gohike.lv\/ru\/#website","url":"https:\/\/gohike.lv\/ru\/","name":"GoHike","description":"","publisher":{"@id":"https:\/\/gohike.lv\/ru\/#organization"},"potentialAction":[{"@type":"SearchAction","target":{"@type":"EntryPoint","urlTemplate":"https:\/\/gohike.lv\/ru\/?s={search_term_string}"},"query-input":{"@type":"PropertyValueSpecification","valueRequired":true,"valueName":"search_term_string"}}],"inLanguage":"ru-RU"},{"@type":"Organization","@id":"https:\/\/gohike.lv\/ru\/#organization","name":"GoHike","url":"https:\/\/gohike.lv\/ru\/","logo":{"@type":"ImageObject","inLanguage":"ru-RU","@id":"https:\/\/gohike.lv\/ru\/#\/schema\/logo\/image\/","url":"https:\/\/gohike.lv\/wp-content\/uploads\/2023\/08\/Logo_GoHike.webp","contentUrl":"https:\/\/gohike.lv\/wp-content\/uploads\/2023\/08\/Logo_GoHike.webp","width":512,"height":512,"caption":"GoHike"},"image":{"@id":"https:\/\/gohike.lv\/ru\/#\/schema\/logo\/image\/"},"sameAs":["https:\/\/www.facebook.com\/gohike.shop\/","https:\/\/www.instagram.com\/gohike.shop\/"]}]}},"jetpack_sharing_enabled":true,"_links":{"self":[{"href":"https:\/\/gohike.lv\/ru\/wp-json\/wp\/v2\/product\/52675","targetHints":{"allow":["GET"]}}],"collection":[{"href":"https:\/\/gohike.lv\/ru\/wp-json\/wp\/v2\/product"}],"about":[{"href":"https:\/\/gohike.lv\/ru\/wp-json\/wp\/v2\/types\/product"}],"version-history":[{"count":0,"href":"https:\/\/gohike.lv\/ru\/wp-json\/wp\/v2\/product\/52675\/revisions"}],"wp:featuredmedia":[{"embeddable":true,"href":"https:\/\/gohike.lv\/ru\/wp-json\/wp\/v2\/media\/29449"}],"wp:attachment":[{"href":"https:\/\/gohike.lv\/ru\/wp-json\/wp\/v2\/media?parent=52675"}],"wp:term":[{"taxonomy":"product_brand","embeddable":true,"href":"https:\/\/gohike.lv\/ru\/wp-json\/wp\/v2\/product_brand?post=52675"},{"taxonomy":"product_cat","embeddable":true,"href":"https:\/\/gohike.lv\/ru\/wp-json\/wp\/v2\/product_cat?post=52675"},{"taxonomy":"product_tag","embeddable":true,"href":"https:\/\/gohike.lv\/ru\/wp-json\/wp\/v2\/product_tag?post=52675"}],"curies":[{"name":"wp","href":"https:\/\/api.w.org\/{rel}","templated":true}]}}