{"id":52665,"date":"2024-05-07T11:20:20","date_gmt":"2024-05-07T08:20:20","guid":{"rendered":"https:\/\/gohike.lv\/produkts\/naturehike-viegli-pretslides-udens-apavi-unisex\/"},"modified":"2026-01-01T07:47:46","modified_gmt":"2026-01-01T04:47:46","slug":"naturehike-viegli-pretslides-udens-apavi-unisex","status":"publish","type":"product","link":"https:\/\/gohike.lv\/ru\/produkts\/naturehike-viegli-pretslides-udens-apavi-unisex\/","title":{"rendered":"Naturehike &#8212; Viegli pretsl\u012bdes \u016bdens apavi &#8212; Unisex"},"content":{"rendered":"<p>\u0112rti, viegli un komfortabli apavi.<br \/>\nModelis: NH20FS022;<br \/>\nKr\u0101sa: pel\u0113ka un oran\u017ea\/melna un dzeltena;<br \/>\nSvars: 299 g;<br \/>\nMateri\u0101ls: elast\u012bgs siets;<br \/>\nIzm\u0113rs: M (39-40), L (41-42), XL (43-44).<\/p>\n","protected":false},"excerpt":{"rendered":"<p>Komforts ir garant\u0113ts, pateicoties vieglai un nesl\u012bdo\u0161ai zolei. Materi\u0101ls ir iztur\u012bgs un m\u012bksts.<\/p>\n","protected":false},"featured_media":29425,"template":"","meta":[],"product_brand":[167],"product_cat":[4278],"product_tag":[],"class_list":{"0":"post-52665","1":"product","2":"type-product","3":"status-publish","4":"has-post-thumbnail","6":"product_brand-naturehike-lv","7":"product_cat-apavi","8":"pa_izmers-l41-42","9":"pa_izmers-m39-40","10":"pa_izmers-xl43-44","11":"pa_spalva-bruns","12":"pa_spalva-melns","13":"pa_spalva-peleks","15":"first","16":"instock","17":"taxable","18":"shipping-taxable","19":"purchasable","20":"product-type-variable","21":"has-default-attributes"},"raw_content":{"name":"Naturehike - Viegli pretsl\u012bdes \u016bdens apavi - Unisex","description":"\u0112rti, viegli un komfortabli apavi.\nModelis: NH20FS022;\nKr\u0101sa: pel\u0113ka un oran\u017ea\/melna un dzeltena;\nSvars: 299 g;\nMateri\u0101ls: elast\u012bgs siets;\nIzm\u0113rs: M (39-40), L (41-42), XL (43-44).","short_description":"Komforts ir garant\u0113ts, pateicoties vieglai un nesl\u012bdo\u0161ai zolei. Materi\u0101ls ir iztur\u012bgs un m\u012bksts.","status":"publish","sku":"nat000133","original":52665},"wpml":{"translation_type":1,"has_translations":true,"original":52665,"duplicates":[],"translations":{"lv":52665,"en":68333,"ru":null}},"supplier_id":null,"supplier_sku":"","barcode":null,"atum_controlled":true,"out_stock_date":null,"out_stock_threshold":null,"inheritable":false,"inbound_stock":0,"stock_on_hold":0,"sold_today":0,"sales_last_days":0,"reserved_stock":0,"customer_returns":0,"warehouse_damage":0,"lost_in_post":0,"other_logs":0,"out_stock_days":0,"lost_sales":0,"has_location":false,"update_date":"2025-12-30T14:13:30","atum_locations":[],"atum_stock_status":"instock","restock_status":false,"low_stock_amount":"","sales_update_date":"2025-11-13T13:36:34","calc_backorders":null,"yoast_head":"<!-- This site is optimized with the Yoast SEO plugin v27.3 - https:\/\/yoast.com\/product\/yoast-seo-wordpress\/ -->\n<title>Naturehike - Viegli pretsl\u012bdes \u016bdens apavi - Unisex<\/title>\n<meta name=\"description\" content=\"Komforts ir garant\u0113ts, pateicoties vieglai un nesl\u012bdo\u0161ai zolei. Materi\u0101ls ir iztur\u012bgs un m\u012bksts.\" \/>\n<meta name=\"robots\" content=\"index, follow, max-snippet:-1, max-image-preview:large, max-video-preview:-1\" \/>\n<link rel=\"canonical\" href=\"https:\/\/gohike.lv\/ru\/produkts\/naturehike-viegli-pretslides-udens-apavi-unisex\/\" \/>\n<meta property=\"og:locale\" content=\"ru_RU\" \/>\n<meta property=\"og:type\" content=\"article\" \/>\n<meta property=\"og:title\" content=\"Naturehike - Viegli pretsl\u012bdes \u016bdens apavi - Unisex\" \/>\n<meta property=\"og:description\" content=\"Komforts ir garant\u0113ts, pateicoties vieglai un nesl\u012bdo\u0161ai zolei. Materi\u0101ls ir iztur\u012bgs un m\u012bksts.\" \/>\n<meta property=\"og:url\" content=\"https:\/\/gohike.lv\/ru\/produkts\/naturehike-viegli-pretslides-udens-apavi-unisex\/\" \/>\n<meta property=\"og:site_name\" content=\"GoHike\" \/>\n<meta property=\"article:publisher\" content=\"https:\/\/www.facebook.com\/gohike.shop\/\" \/>\n<meta property=\"article:modified_time\" content=\"2026-01-01T04:47:46+00:00\" \/>\n<meta property=\"og:image\" content=\"https:\/\/gohike.lv\/wp-content\/uploads\/2024\/04\/NonSlipWatershoes_greyOr.webp\" \/>\n\t<meta property=\"og:image:width\" content=\"720\" \/>\n\t<meta property=\"og:image:height\" content=\"720\" \/>\n\t<meta property=\"og:image:type\" content=\"image\/webp\" \/>\n<meta name=\"twitter:card\" content=\"summary_large_image\" \/>\n<meta name=\"twitter:title\" content=\"Naturehike - Viegli pretsl\u012bdes \u016bdens apavi - Unisex\" \/>\n<meta name=\"twitter:label1\" content=\"\u041f\u0440\u0438\u043c\u0435\u0440\u043d\u043e\u0435 \u0432\u0440\u0435\u043c\u044f \u0434\u043b\u044f \u0447\u0442\u0435\u043d\u0438\u044f\" \/>\n\t<meta name=\"twitter:data1\" content=\"1 \u043c\u0438\u043d\u0443\u0442\u0430\" \/>\n<script type=\"application\/ld+json\" class=\"yoast-schema-graph\">{\"@context\":\"https:\\\/\\\/schema.org\",\"@graph\":[{\"@type\":[\"WebPage\",\"ItemPage\"],\"@id\":\"https:\\\/\\\/gohike.lv\\\/ru\\\/produkts\\\/naturehike-viegli-pretslides-udens-apavi-unisex\\\/\",\"url\":\"https:\\\/\\\/gohike.lv\\\/ru\\\/produkts\\\/naturehike-viegli-pretslides-udens-apavi-unisex\\\/\",\"name\":\"Naturehike - Viegli pretsl\u012bdes \u016bdens apavi - Unisex\",\"isPartOf\":{\"@id\":\"https:\\\/\\\/gohike.lv\\\/ru\\\/#website\"},\"primaryImageOfPage\":{\"@id\":\"https:\\\/\\\/gohike.lv\\\/ru\\\/produkts\\\/naturehike-viegli-pretslides-udens-apavi-unisex\\\/#primaryimage\"},\"image\":{\"@id\":\"https:\\\/\\\/gohike.lv\\\/ru\\\/produkts\\\/naturehike-viegli-pretslides-udens-apavi-unisex\\\/#primaryimage\"},\"thumbnailUrl\":\"https:\\\/\\\/gohike.lv\\\/wp-content\\\/uploads\\\/2024\\\/04\\\/NonSlipWatershoes_greyOr.webp\",\"datePublished\":\"2024-05-07T08:20:20+00:00\",\"dateModified\":\"2026-01-01T04:47:46+00:00\",\"description\":\"Komforts ir garant\u0113ts, pateicoties vieglai un nesl\u012bdo\u0161ai zolei. Materi\u0101ls ir iztur\u012bgs un m\u012bksts.\",\"breadcrumb\":{\"@id\":\"https:\\\/\\\/gohike.lv\\\/ru\\\/produkts\\\/naturehike-viegli-pretslides-udens-apavi-unisex\\\/#breadcrumb\"},\"inLanguage\":\"ru-RU\",\"potentialAction\":[{\"@type\":\"ReadAction\",\"target\":[\"https:\\\/\\\/gohike.lv\\\/ru\\\/produkts\\\/naturehike-viegli-pretslides-udens-apavi-unisex\\\/\"]}]},{\"@type\":\"ImageObject\",\"inLanguage\":\"ru-RU\",\"@id\":\"https:\\\/\\\/gohike.lv\\\/ru\\\/produkts\\\/naturehike-viegli-pretslides-udens-apavi-unisex\\\/#primaryimage\",\"url\":\"https:\\\/\\\/gohike.lv\\\/wp-content\\\/uploads\\\/2024\\\/04\\\/NonSlipWatershoes_greyOr.webp\",\"contentUrl\":\"https:\\\/\\\/gohike.lv\\\/wp-content\\\/uploads\\\/2024\\\/04\\\/NonSlipWatershoes_greyOr.webp\",\"width\":720,\"height\":720},{\"@type\":\"BreadcrumbList\",\"@id\":\"https:\\\/\\\/gohike.lv\\\/ru\\\/produkts\\\/naturehike-viegli-pretslides-udens-apavi-unisex\\\/#breadcrumb\",\"itemListElement\":[{\"@type\":\"ListItem\",\"position\":1,\"name\":\"\u0413\u043b\u0430\u0432\u043d\u0430\u044f\",\"item\":\"https:\\\/\\\/gohike.lv\\\/ru\\\/\"},{\"@type\":\"ListItem\",\"position\":2,\"name\":\"\u041a\u0430\u0442\u0435\u0433\u043e\u0440\u0438\u0438 \u0442\u043e\u0432\u0430\u0440\u043e\u0432\",\"item\":\"https:\\\/\\\/gohike.lv\\\/%d0%ba%d0%b0%d1%82%d0%b5%d0%b3%d0%be%d1%80%d0%b8%d0%b8-%d1%82%d0%be%d0%b2%d0%b0%d1%80%d0%be%d0%b2\\\/\"},{\"@type\":\"ListItem\",\"position\":3,\"name\":\"Naturehike &#8211; Viegli pretsl\u012bdes \u016bdens apavi &#8211; Unisex\"}]},{\"@type\":\"WebSite\",\"@id\":\"https:\\\/\\\/gohike.lv\\\/ru\\\/#website\",\"url\":\"https:\\\/\\\/gohike.lv\\\/ru\\\/\",\"name\":\"GoHike\",\"description\":\"\",\"publisher\":{\"@id\":\"https:\\\/\\\/gohike.lv\\\/ru\\\/#organization\"},\"potentialAction\":[{\"@type\":\"SearchAction\",\"target\":{\"@type\":\"EntryPoint\",\"urlTemplate\":\"https:\\\/\\\/gohike.lv\\\/ru\\\/?s={search_term_string}\"},\"query-input\":{\"@type\":\"PropertyValueSpecification\",\"valueRequired\":true,\"valueName\":\"search_term_string\"}}],\"inLanguage\":\"ru-RU\"},{\"@type\":\"Organization\",\"@id\":\"https:\\\/\\\/gohike.lv\\\/ru\\\/#organization\",\"name\":\"GoHike\",\"url\":\"https:\\\/\\\/gohike.lv\\\/ru\\\/\",\"logo\":{\"@type\":\"ImageObject\",\"inLanguage\":\"ru-RU\",\"@id\":\"https:\\\/\\\/gohike.lv\\\/ru\\\/#\\\/schema\\\/logo\\\/image\\\/\",\"url\":\"https:\\\/\\\/gohike.lv\\\/wp-content\\\/uploads\\\/2023\\\/08\\\/Logo_GoHike.webp\",\"contentUrl\":\"https:\\\/\\\/gohike.lv\\\/wp-content\\\/uploads\\\/2023\\\/08\\\/Logo_GoHike.webp\",\"width\":512,\"height\":512,\"caption\":\"GoHike\"},\"image\":{\"@id\":\"https:\\\/\\\/gohike.lv\\\/ru\\\/#\\\/schema\\\/logo\\\/image\\\/\"},\"sameAs\":[\"https:\\\/\\\/www.facebook.com\\\/gohike.shop\\\/\",\"https:\\\/\\\/www.instagram.com\\\/gohike.shop\\\/\"]}]}<\/script>\n<!-- \/ Yoast SEO plugin. -->","yoast_head_json":{"title":"Naturehike - Viegli pretsl\u012bdes \u016bdens apavi - Unisex","description":"Komforts ir garant\u0113ts, pateicoties vieglai un nesl\u012bdo\u0161ai zolei. Materi\u0101ls ir iztur\u012bgs un m\u012bksts.","robots":{"index":"index","follow":"follow","max-snippet":"max-snippet:-1","max-image-preview":"max-image-preview:large","max-video-preview":"max-video-preview:-1"},"canonical":"https:\/\/gohike.lv\/ru\/produkts\/naturehike-viegli-pretslides-udens-apavi-unisex\/","og_locale":"ru_RU","og_type":"article","og_title":"Naturehike - Viegli pretsl\u012bdes \u016bdens apavi - Unisex","og_description":"Komforts ir garant\u0113ts, pateicoties vieglai un nesl\u012bdo\u0161ai zolei. Materi\u0101ls ir iztur\u012bgs un m\u012bksts.","og_url":"https:\/\/gohike.lv\/ru\/produkts\/naturehike-viegli-pretslides-udens-apavi-unisex\/","og_site_name":"GoHike","article_publisher":"https:\/\/www.facebook.com\/gohike.shop\/","article_modified_time":"2026-01-01T04:47:46+00:00","og_image":[{"width":720,"height":720,"url":"https:\/\/gohike.lv\/wp-content\/uploads\/2024\/04\/NonSlipWatershoes_greyOr.webp","type":"image\/webp"}],"twitter_card":"summary_large_image","twitter_title":"Naturehike - Viegli pretsl\u012bdes \u016bdens apavi - Unisex","twitter_misc":{"\u041f\u0440\u0438\u043c\u0435\u0440\u043d\u043e\u0435 \u0432\u0440\u0435\u043c\u044f \u0434\u043b\u044f \u0447\u0442\u0435\u043d\u0438\u044f":"1 \u043c\u0438\u043d\u0443\u0442\u0430"},"schema":{"@context":"https:\/\/schema.org","@graph":[{"@type":["WebPage","ItemPage"],"@id":"https:\/\/gohike.lv\/ru\/produkts\/naturehike-viegli-pretslides-udens-apavi-unisex\/","url":"https:\/\/gohike.lv\/ru\/produkts\/naturehike-viegli-pretslides-udens-apavi-unisex\/","name":"Naturehike - Viegli pretsl\u012bdes \u016bdens apavi - Unisex","isPartOf":{"@id":"https:\/\/gohike.lv\/ru\/#website"},"primaryImageOfPage":{"@id":"https:\/\/gohike.lv\/ru\/produkts\/naturehike-viegli-pretslides-udens-apavi-unisex\/#primaryimage"},"image":{"@id":"https:\/\/gohike.lv\/ru\/produkts\/naturehike-viegli-pretslides-udens-apavi-unisex\/#primaryimage"},"thumbnailUrl":"https:\/\/gohike.lv\/wp-content\/uploads\/2024\/04\/NonSlipWatershoes_greyOr.webp","datePublished":"2024-05-07T08:20:20+00:00","dateModified":"2026-01-01T04:47:46+00:00","description":"Komforts ir garant\u0113ts, pateicoties vieglai un nesl\u012bdo\u0161ai zolei. Materi\u0101ls ir iztur\u012bgs un m\u012bksts.","breadcrumb":{"@id":"https:\/\/gohike.lv\/ru\/produkts\/naturehike-viegli-pretslides-udens-apavi-unisex\/#breadcrumb"},"inLanguage":"ru-RU","potentialAction":[{"@type":"ReadAction","target":["https:\/\/gohike.lv\/ru\/produkts\/naturehike-viegli-pretslides-udens-apavi-unisex\/"]}]},{"@type":"ImageObject","inLanguage":"ru-RU","@id":"https:\/\/gohike.lv\/ru\/produkts\/naturehike-viegli-pretslides-udens-apavi-unisex\/#primaryimage","url":"https:\/\/gohike.lv\/wp-content\/uploads\/2024\/04\/NonSlipWatershoes_greyOr.webp","contentUrl":"https:\/\/gohike.lv\/wp-content\/uploads\/2024\/04\/NonSlipWatershoes_greyOr.webp","width":720,"height":720},{"@type":"BreadcrumbList","@id":"https:\/\/gohike.lv\/ru\/produkts\/naturehike-viegli-pretslides-udens-apavi-unisex\/#breadcrumb","itemListElement":[{"@type":"ListItem","position":1,"name":"\u0413\u043b\u0430\u0432\u043d\u0430\u044f","item":"https:\/\/gohike.lv\/ru\/"},{"@type":"ListItem","position":2,"name":"\u041a\u0430\u0442\u0435\u0433\u043e\u0440\u0438\u0438 \u0442\u043e\u0432\u0430\u0440\u043e\u0432","item":"https:\/\/gohike.lv\/%d0%ba%d0%b0%d1%82%d0%b5%d0%b3%d0%be%d1%80%d0%b8%d0%b8-%d1%82%d0%be%d0%b2%d0%b0%d1%80%d0%be%d0%b2\/"},{"@type":"ListItem","position":3,"name":"Naturehike &#8211; Viegli pretsl\u012bdes \u016bdens apavi &#8211; Unisex"}]},{"@type":"WebSite","@id":"https:\/\/gohike.lv\/ru\/#website","url":"https:\/\/gohike.lv\/ru\/","name":"GoHike","description":"","publisher":{"@id":"https:\/\/gohike.lv\/ru\/#organization"},"potentialAction":[{"@type":"SearchAction","target":{"@type":"EntryPoint","urlTemplate":"https:\/\/gohike.lv\/ru\/?s={search_term_string}"},"query-input":{"@type":"PropertyValueSpecification","valueRequired":true,"valueName":"search_term_string"}}],"inLanguage":"ru-RU"},{"@type":"Organization","@id":"https:\/\/gohike.lv\/ru\/#organization","name":"GoHike","url":"https:\/\/gohike.lv\/ru\/","logo":{"@type":"ImageObject","inLanguage":"ru-RU","@id":"https:\/\/gohike.lv\/ru\/#\/schema\/logo\/image\/","url":"https:\/\/gohike.lv\/wp-content\/uploads\/2023\/08\/Logo_GoHike.webp","contentUrl":"https:\/\/gohike.lv\/wp-content\/uploads\/2023\/08\/Logo_GoHike.webp","width":512,"height":512,"caption":"GoHike"},"image":{"@id":"https:\/\/gohike.lv\/ru\/#\/schema\/logo\/image\/"},"sameAs":["https:\/\/www.facebook.com\/gohike.shop\/","https:\/\/www.instagram.com\/gohike.shop\/"]}]}},"jetpack_sharing_enabled":true,"_links":{"self":[{"href":"https:\/\/gohike.lv\/ru\/wp-json\/wp\/v2\/product\/52665","targetHints":{"allow":["GET"]}}],"collection":[{"href":"https:\/\/gohike.lv\/ru\/wp-json\/wp\/v2\/product"}],"about":[{"href":"https:\/\/gohike.lv\/ru\/wp-json\/wp\/v2\/types\/product"}],"version-history":[{"count":0,"href":"https:\/\/gohike.lv\/ru\/wp-json\/wp\/v2\/product\/52665\/revisions"}],"wp:featuredmedia":[{"embeddable":true,"href":"https:\/\/gohike.lv\/ru\/wp-json\/wp\/v2\/media\/29425"}],"wp:attachment":[{"href":"https:\/\/gohike.lv\/ru\/wp-json\/wp\/v2\/media?parent=52665"}],"wp:term":[{"taxonomy":"product_brand","embeddable":true,"href":"https:\/\/gohike.lv\/ru\/wp-json\/wp\/v2\/product_brand?post=52665"},{"taxonomy":"product_cat","embeddable":true,"href":"https:\/\/gohike.lv\/ru\/wp-json\/wp\/v2\/product_cat?post=52665"},{"taxonomy":"product_tag","embeddable":true,"href":"https:\/\/gohike.lv\/ru\/wp-json\/wp\/v2\/product_tag?post=52665"}],"curies":[{"name":"wp","href":"https:\/\/api.w.org\/{rel}","templated":true}]}}