{"id":52659,"date":"2024-05-07T11:20:08","date_gmt":"2024-05-07T08:20:08","guid":{"rendered":"https:\/\/gohike.lv\/produkts\/ipasi-plana-atri-zustosa-termovela-bikses\/"},"modified":"2026-01-05T19:51:17","modified_gmt":"2026-01-05T16:51:17","slug":"ipasi-plana-atri-zustosa-termovela-bikses","status":"publish","type":"product","link":"https:\/\/gohike.lv\/ru\/produkts\/ipasi-plana-atri-zustosa-termovela-bikses\/","title":{"rendered":"Naturehike &#8212; \u012apa\u0161i pl\u0101na, \u0101tri \u017e\u016bsto\u0161a termove\u013ca &#8212; Bikses"},"content":{"rendered":"<p>Materi\u0101ls ir staip\u012bgs, \u0101tri \u017e\u016bsto\u0161s, m\u012bksts un ir \u0101dai draudz\u012bgs.<br \/>\nPiem\u0113rotas k\u0101 apak\u0161ve\u013ca ce\u013cojot aukst\u0101 laik\u0101 vai vingrojot.<br \/>\nCoolmax tehnolo\u0123ija nodro\u0161ina v\u0113sumu un komfortu pat karst\u0101 laik\u0101.<br \/>\nHot-Dry Fabric tehnolo\u0123ija saglab\u0101 siltumu, ja bikses izmanto aukst\u0101 laik\u0101.<br \/>\nRaksturlielumi:<br \/>\nMateri\u0101ls: 61% poliesters (50% Coolmax), 39% neilons;<br \/>\nIzm\u0113rs: M, L, XL, XXL (izm\u0113ru tabula produkta fotoatt\u0113l\u0101);<br \/>\nIepakojums: 10 x 5 x 25 cm;<br \/>\nSvars: 134 g;<\/p>\n","protected":false},"excerpt":{"rendered":"<p>Siltas apak\u0161bikses no Naturehike ar Coolmax tehnolo\u0123iju un Hot-Dry Fabric tehnolo\u0123iju, saglab\u0101 v\u0113sumu karst\u0101 laik\u0101 un siltumu aukst\u0101 laik\u0101.<\/p>\n","protected":false},"featured_media":29415,"template":"","meta":[],"product_brand":[167],"product_cat":[1419],"product_tag":[],"class_list":{"0":"post-52659","1":"product","2":"type-product","3":"status-publish","4":"has-post-thumbnail","6":"product_brand-naturehike-lv","7":"product_cat-apgerbs","8":"pa_izmers-sieviesum","9":"pa_izmers-sieviesus","10":"pa_izmers-viriesul","11":"pa_izmers-viriesum","12":"pa_produkta-tips-termovela","13":"pa_spalva-melns","14":"pa_spalva-zils","16":"first","17":"instock","18":"taxable","19":"shipping-taxable","20":"purchasable","21":"product-type-variable","22":"has-default-attributes"},"raw_content":{"name":"Naturehike - \u012apa\u0161i pl\u0101na, \u0101tri \u017e\u016bsto\u0161a termove\u013ca - Bikses","description":"Materi\u0101ls ir staip\u012bgs, \u0101tri \u017e\u016bsto\u0161s, m\u012bksts un ir \u0101dai draudz\u012bgs.\nPiem\u0113rotas k\u0101 apak\u0161ve\u013ca ce\u013cojot aukst\u0101 laik\u0101 vai vingrojot.\nCoolmax tehnolo\u0123ija nodro\u0161ina v\u0113sumu un komfortu pat karst\u0101 laik\u0101.\nHot-Dry Fabric tehnolo\u0123ija saglab\u0101 siltumu, ja bikses izmanto aukst\u0101 laik\u0101.\nRaksturlielumi:\nMateri\u0101ls: 61% poliesters (50% Coolmax), 39% neilons;\nIzm\u0113rs: M, L, XL, XXL (izm\u0113ru tabula produkta fotoatt\u0113l\u0101);\nIepakojums: 10 x 5 x 25 cm;\nSvars: 134 g;","short_description":"Siltas apak\u0161bikses no Naturehike ar Coolmax tehnolo\u0123iju un Hot-Dry Fabric tehnolo\u0123iju, saglab\u0101 v\u0113sumu karst\u0101 laik\u0101 un siltumu aukst\u0101 laik\u0101.","status":"publish","sku":"nat000132","original":52659},"wpml":{"translation_type":1,"has_translations":true,"original":52659,"duplicates":[],"translations":{"lv":52659,"en":68324,"ru":null}},"supplier_id":null,"supplier_sku":"","barcode":null,"atum_controlled":true,"out_stock_date":null,"out_stock_threshold":null,"inheritable":false,"inbound_stock":0,"stock_on_hold":0,"sold_today":0,"sales_last_days":0,"reserved_stock":0,"customer_returns":0,"warehouse_damage":0,"lost_in_post":0,"other_logs":0,"out_stock_days":0,"lost_sales":0,"has_location":false,"update_date":"2025-12-30T14:13:30","atum_locations":[],"atum_stock_status":"instock","restock_status":false,"low_stock_amount":"","sales_update_date":"2025-11-13T13:36:34","calc_backorders":null,"yoast_head":"<!-- This site is optimized with the Yoast SEO plugin v27.3 - https:\/\/yoast.com\/product\/yoast-seo-wordpress\/ -->\n<title>\u012apa\u0161i pl\u0101na, \u0101tri \u017e\u016bsto\u0161a termove\u013ca - Bikses<\/title>\n<meta name=\"description\" content=\"Siltas apak\u0161bikses no Naturehike ar Coolmax tehnolo\u0123iju un Hot-Dry Fabric tehnolo\u0123iju, saglab\u0101 v\u0113sumu karst\u0101 laik\u0101 un siltumu aukst\u0101 laik\u0101.\" \/>\n<meta name=\"robots\" content=\"index, follow, max-snippet:-1, max-image-preview:large, max-video-preview:-1\" \/>\n<link rel=\"canonical\" href=\"https:\/\/gohike.lv\/ru\/produkts\/ipasi-plana-atri-zustosa-termovela-bikses\/\" \/>\n<meta property=\"og:locale\" content=\"ru_RU\" \/>\n<meta property=\"og:type\" content=\"article\" \/>\n<meta property=\"og:title\" content=\"- \u012apa\u0161i pl\u0101na, \u0101tri \u017e\u016bsto\u0161a termove\u013ca - Bikses\" \/>\n<meta property=\"og:description\" content=\"Siltas apak\u0161bikses no Naturehike ar Coolmax tehnolo\u0123iju un Hot-Dry Fabric tehnolo\u0123iju, saglab\u0101 v\u0113sumu karst\u0101 laik\u0101 un siltumu aukst\u0101 laik\u0101.\" \/>\n<meta property=\"og:url\" content=\"https:\/\/gohike.lv\/ru\/produkts\/ipasi-plana-atri-zustosa-termovela-bikses\/\" \/>\n<meta property=\"og:site_name\" content=\"GoHike\" \/>\n<meta property=\"article:publisher\" content=\"https:\/\/www.facebook.com\/gohike.shop\/\" \/>\n<meta property=\"article:modified_time\" content=\"2026-01-05T16:51:17+00:00\" \/>\n<meta property=\"og:image\" content=\"https:\/\/gohike.lv\/wp-content\/uploads\/2024\/04\/UltraThermoMenBluePants.jpeg\" \/>\n\t<meta property=\"og:image:width\" content=\"800\" \/>\n\t<meta property=\"og:image:height\" content=\"800\" \/>\n\t<meta property=\"og:image:type\" content=\"image\/jpeg\" \/>\n<meta name=\"twitter:card\" content=\"summary_large_image\" \/>\n<meta name=\"twitter:title\" content=\"- \u012apa\u0161i pl\u0101na, \u0101tri \u017e\u016bsto\u0161a termove\u013ca - Bikses\" \/>\n<meta name=\"twitter:label1\" content=\"\u041f\u0440\u0438\u043c\u0435\u0440\u043d\u043e\u0435 \u0432\u0440\u0435\u043c\u044f \u0434\u043b\u044f \u0447\u0442\u0435\u043d\u0438\u044f\" \/>\n\t<meta name=\"twitter:data1\" content=\"1 \u043c\u0438\u043d\u0443\u0442\u0430\" \/>\n<script type=\"application\/ld+json\" class=\"yoast-schema-graph\">{\"@context\":\"https:\\\/\\\/schema.org\",\"@graph\":[{\"@type\":[\"WebPage\",\"ItemPage\"],\"@id\":\"https:\\\/\\\/gohike.lv\\\/ru\\\/produkts\\\/ipasi-plana-atri-zustosa-termovela-bikses\\\/\",\"url\":\"https:\\\/\\\/gohike.lv\\\/ru\\\/produkts\\\/ipasi-plana-atri-zustosa-termovela-bikses\\\/\",\"name\":\"\u012apa\u0161i pl\u0101na, \u0101tri \u017e\u016bsto\u0161a termove\u013ca - Bikses\",\"isPartOf\":{\"@id\":\"https:\\\/\\\/gohike.lv\\\/ru\\\/#website\"},\"primaryImageOfPage\":{\"@id\":\"https:\\\/\\\/gohike.lv\\\/ru\\\/produkts\\\/ipasi-plana-atri-zustosa-termovela-bikses\\\/#primaryimage\"},\"image\":{\"@id\":\"https:\\\/\\\/gohike.lv\\\/ru\\\/produkts\\\/ipasi-plana-atri-zustosa-termovela-bikses\\\/#primaryimage\"},\"thumbnailUrl\":\"https:\\\/\\\/gohike.lv\\\/wp-content\\\/uploads\\\/2024\\\/04\\\/UltraThermoMenBluePants.jpeg\",\"datePublished\":\"2024-05-07T08:20:08+00:00\",\"dateModified\":\"2026-01-05T16:51:17+00:00\",\"description\":\"Siltas apak\u0161bikses no Naturehike ar Coolmax tehnolo\u0123iju un Hot-Dry Fabric tehnolo\u0123iju, saglab\u0101 v\u0113sumu karst\u0101 laik\u0101 un siltumu aukst\u0101 laik\u0101.\",\"breadcrumb\":{\"@id\":\"https:\\\/\\\/gohike.lv\\\/ru\\\/produkts\\\/ipasi-plana-atri-zustosa-termovela-bikses\\\/#breadcrumb\"},\"inLanguage\":\"ru-RU\",\"potentialAction\":[{\"@type\":\"ReadAction\",\"target\":[\"https:\\\/\\\/gohike.lv\\\/ru\\\/produkts\\\/ipasi-plana-atri-zustosa-termovela-bikses\\\/\"]}]},{\"@type\":\"ImageObject\",\"inLanguage\":\"ru-RU\",\"@id\":\"https:\\\/\\\/gohike.lv\\\/ru\\\/produkts\\\/ipasi-plana-atri-zustosa-termovela-bikses\\\/#primaryimage\",\"url\":\"https:\\\/\\\/gohike.lv\\\/wp-content\\\/uploads\\\/2024\\\/04\\\/UltraThermoMenBluePants.jpeg\",\"contentUrl\":\"https:\\\/\\\/gohike.lv\\\/wp-content\\\/uploads\\\/2024\\\/04\\\/UltraThermoMenBluePants.jpeg\",\"width\":800,\"height\":800},{\"@type\":\"BreadcrumbList\",\"@id\":\"https:\\\/\\\/gohike.lv\\\/ru\\\/produkts\\\/ipasi-plana-atri-zustosa-termovela-bikses\\\/#breadcrumb\",\"itemListElement\":[{\"@type\":\"ListItem\",\"position\":1,\"name\":\"\u0413\u043b\u0430\u0432\u043d\u0430\u044f\",\"item\":\"https:\\\/\\\/gohike.lv\\\/ru\\\/\"},{\"@type\":\"ListItem\",\"position\":2,\"name\":\"\u041a\u0430\u0442\u0435\u0433\u043e\u0440\u0438\u0438 \u0442\u043e\u0432\u0430\u0440\u043e\u0432\",\"item\":\"https:\\\/\\\/gohike.lv\\\/%d0%ba%d0%b0%d1%82%d0%b5%d0%b3%d0%be%d1%80%d0%b8%d0%b8-%d1%82%d0%be%d0%b2%d0%b0%d1%80%d0%be%d0%b2\\\/\"},{\"@type\":\"ListItem\",\"position\":3,\"name\":\"Naturehike &#8211; \u012apa\u0161i pl\u0101na, \u0101tri \u017e\u016bsto\u0161a termove\u013ca &#8211; Bikses\"}]},{\"@type\":\"WebSite\",\"@id\":\"https:\\\/\\\/gohike.lv\\\/ru\\\/#website\",\"url\":\"https:\\\/\\\/gohike.lv\\\/ru\\\/\",\"name\":\"GoHike\",\"description\":\"\",\"publisher\":{\"@id\":\"https:\\\/\\\/gohike.lv\\\/ru\\\/#organization\"},\"potentialAction\":[{\"@type\":\"SearchAction\",\"target\":{\"@type\":\"EntryPoint\",\"urlTemplate\":\"https:\\\/\\\/gohike.lv\\\/ru\\\/?s={search_term_string}\"},\"query-input\":{\"@type\":\"PropertyValueSpecification\",\"valueRequired\":true,\"valueName\":\"search_term_string\"}}],\"inLanguage\":\"ru-RU\"},{\"@type\":\"Organization\",\"@id\":\"https:\\\/\\\/gohike.lv\\\/ru\\\/#organization\",\"name\":\"GoHike\",\"url\":\"https:\\\/\\\/gohike.lv\\\/ru\\\/\",\"logo\":{\"@type\":\"ImageObject\",\"inLanguage\":\"ru-RU\",\"@id\":\"https:\\\/\\\/gohike.lv\\\/ru\\\/#\\\/schema\\\/logo\\\/image\\\/\",\"url\":\"https:\\\/\\\/gohike.lv\\\/wp-content\\\/uploads\\\/2023\\\/08\\\/Logo_GoHike.webp\",\"contentUrl\":\"https:\\\/\\\/gohike.lv\\\/wp-content\\\/uploads\\\/2023\\\/08\\\/Logo_GoHike.webp\",\"width\":512,\"height\":512,\"caption\":\"GoHike\"},\"image\":{\"@id\":\"https:\\\/\\\/gohike.lv\\\/ru\\\/#\\\/schema\\\/logo\\\/image\\\/\"},\"sameAs\":[\"https:\\\/\\\/www.facebook.com\\\/gohike.shop\\\/\",\"https:\\\/\\\/www.instagram.com\\\/gohike.shop\\\/\"]}]}<\/script>\n<!-- \/ Yoast SEO plugin. -->","yoast_head_json":{"title":"\u012apa\u0161i pl\u0101na, \u0101tri \u017e\u016bsto\u0161a termove\u013ca - Bikses","description":"Siltas apak\u0161bikses no Naturehike ar Coolmax tehnolo\u0123iju un Hot-Dry Fabric tehnolo\u0123iju, saglab\u0101 v\u0113sumu karst\u0101 laik\u0101 un siltumu aukst\u0101 laik\u0101.","robots":{"index":"index","follow":"follow","max-snippet":"max-snippet:-1","max-image-preview":"max-image-preview:large","max-video-preview":"max-video-preview:-1"},"canonical":"https:\/\/gohike.lv\/ru\/produkts\/ipasi-plana-atri-zustosa-termovela-bikses\/","og_locale":"ru_RU","og_type":"article","og_title":"- \u012apa\u0161i pl\u0101na, \u0101tri \u017e\u016bsto\u0161a termove\u013ca - Bikses","og_description":"Siltas apak\u0161bikses no Naturehike ar Coolmax tehnolo\u0123iju un Hot-Dry Fabric tehnolo\u0123iju, saglab\u0101 v\u0113sumu karst\u0101 laik\u0101 un siltumu aukst\u0101 laik\u0101.","og_url":"https:\/\/gohike.lv\/ru\/produkts\/ipasi-plana-atri-zustosa-termovela-bikses\/","og_site_name":"GoHike","article_publisher":"https:\/\/www.facebook.com\/gohike.shop\/","article_modified_time":"2026-01-05T16:51:17+00:00","og_image":[{"width":800,"height":800,"url":"https:\/\/gohike.lv\/wp-content\/uploads\/2024\/04\/UltraThermoMenBluePants.jpeg","type":"image\/jpeg"}],"twitter_card":"summary_large_image","twitter_title":"- \u012apa\u0161i pl\u0101na, \u0101tri \u017e\u016bsto\u0161a termove\u013ca - Bikses","twitter_misc":{"\u041f\u0440\u0438\u043c\u0435\u0440\u043d\u043e\u0435 \u0432\u0440\u0435\u043c\u044f \u0434\u043b\u044f \u0447\u0442\u0435\u043d\u0438\u044f":"1 \u043c\u0438\u043d\u0443\u0442\u0430"},"schema":{"@context":"https:\/\/schema.org","@graph":[{"@type":["WebPage","ItemPage"],"@id":"https:\/\/gohike.lv\/ru\/produkts\/ipasi-plana-atri-zustosa-termovela-bikses\/","url":"https:\/\/gohike.lv\/ru\/produkts\/ipasi-plana-atri-zustosa-termovela-bikses\/","name":"\u012apa\u0161i pl\u0101na, \u0101tri \u017e\u016bsto\u0161a termove\u013ca - Bikses","isPartOf":{"@id":"https:\/\/gohike.lv\/ru\/#website"},"primaryImageOfPage":{"@id":"https:\/\/gohike.lv\/ru\/produkts\/ipasi-plana-atri-zustosa-termovela-bikses\/#primaryimage"},"image":{"@id":"https:\/\/gohike.lv\/ru\/produkts\/ipasi-plana-atri-zustosa-termovela-bikses\/#primaryimage"},"thumbnailUrl":"https:\/\/gohike.lv\/wp-content\/uploads\/2024\/04\/UltraThermoMenBluePants.jpeg","datePublished":"2024-05-07T08:20:08+00:00","dateModified":"2026-01-05T16:51:17+00:00","description":"Siltas apak\u0161bikses no Naturehike ar Coolmax tehnolo\u0123iju un Hot-Dry Fabric tehnolo\u0123iju, saglab\u0101 v\u0113sumu karst\u0101 laik\u0101 un siltumu aukst\u0101 laik\u0101.","breadcrumb":{"@id":"https:\/\/gohike.lv\/ru\/produkts\/ipasi-plana-atri-zustosa-termovela-bikses\/#breadcrumb"},"inLanguage":"ru-RU","potentialAction":[{"@type":"ReadAction","target":["https:\/\/gohike.lv\/ru\/produkts\/ipasi-plana-atri-zustosa-termovela-bikses\/"]}]},{"@type":"ImageObject","inLanguage":"ru-RU","@id":"https:\/\/gohike.lv\/ru\/produkts\/ipasi-plana-atri-zustosa-termovela-bikses\/#primaryimage","url":"https:\/\/gohike.lv\/wp-content\/uploads\/2024\/04\/UltraThermoMenBluePants.jpeg","contentUrl":"https:\/\/gohike.lv\/wp-content\/uploads\/2024\/04\/UltraThermoMenBluePants.jpeg","width":800,"height":800},{"@type":"BreadcrumbList","@id":"https:\/\/gohike.lv\/ru\/produkts\/ipasi-plana-atri-zustosa-termovela-bikses\/#breadcrumb","itemListElement":[{"@type":"ListItem","position":1,"name":"\u0413\u043b\u0430\u0432\u043d\u0430\u044f","item":"https:\/\/gohike.lv\/ru\/"},{"@type":"ListItem","position":2,"name":"\u041a\u0430\u0442\u0435\u0433\u043e\u0440\u0438\u0438 \u0442\u043e\u0432\u0430\u0440\u043e\u0432","item":"https:\/\/gohike.lv\/%d0%ba%d0%b0%d1%82%d0%b5%d0%b3%d0%be%d1%80%d0%b8%d0%b8-%d1%82%d0%be%d0%b2%d0%b0%d1%80%d0%be%d0%b2\/"},{"@type":"ListItem","position":3,"name":"Naturehike &#8211; \u012apa\u0161i pl\u0101na, \u0101tri \u017e\u016bsto\u0161a termove\u013ca &#8211; Bikses"}]},{"@type":"WebSite","@id":"https:\/\/gohike.lv\/ru\/#website","url":"https:\/\/gohike.lv\/ru\/","name":"GoHike","description":"","publisher":{"@id":"https:\/\/gohike.lv\/ru\/#organization"},"potentialAction":[{"@type":"SearchAction","target":{"@type":"EntryPoint","urlTemplate":"https:\/\/gohike.lv\/ru\/?s={search_term_string}"},"query-input":{"@type":"PropertyValueSpecification","valueRequired":true,"valueName":"search_term_string"}}],"inLanguage":"ru-RU"},{"@type":"Organization","@id":"https:\/\/gohike.lv\/ru\/#organization","name":"GoHike","url":"https:\/\/gohike.lv\/ru\/","logo":{"@type":"ImageObject","inLanguage":"ru-RU","@id":"https:\/\/gohike.lv\/ru\/#\/schema\/logo\/image\/","url":"https:\/\/gohike.lv\/wp-content\/uploads\/2023\/08\/Logo_GoHike.webp","contentUrl":"https:\/\/gohike.lv\/wp-content\/uploads\/2023\/08\/Logo_GoHike.webp","width":512,"height":512,"caption":"GoHike"},"image":{"@id":"https:\/\/gohike.lv\/ru\/#\/schema\/logo\/image\/"},"sameAs":["https:\/\/www.facebook.com\/gohike.shop\/","https:\/\/www.instagram.com\/gohike.shop\/"]}]}},"jetpack_sharing_enabled":true,"_links":{"self":[{"href":"https:\/\/gohike.lv\/ru\/wp-json\/wp\/v2\/product\/52659","targetHints":{"allow":["GET"]}}],"collection":[{"href":"https:\/\/gohike.lv\/ru\/wp-json\/wp\/v2\/product"}],"about":[{"href":"https:\/\/gohike.lv\/ru\/wp-json\/wp\/v2\/types\/product"}],"version-history":[{"count":0,"href":"https:\/\/gohike.lv\/ru\/wp-json\/wp\/v2\/product\/52659\/revisions"}],"wp:featuredmedia":[{"embeddable":true,"href":"https:\/\/gohike.lv\/ru\/wp-json\/wp\/v2\/media\/29415"}],"wp:attachment":[{"href":"https:\/\/gohike.lv\/ru\/wp-json\/wp\/v2\/media?parent=52659"}],"wp:term":[{"taxonomy":"product_brand","embeddable":true,"href":"https:\/\/gohike.lv\/ru\/wp-json\/wp\/v2\/product_brand?post=52659"},{"taxonomy":"product_cat","embeddable":true,"href":"https:\/\/gohike.lv\/ru\/wp-json\/wp\/v2\/product_cat?post=52659"},{"taxonomy":"product_tag","embeddable":true,"href":"https:\/\/gohike.lv\/ru\/wp-json\/wp\/v2\/product_tag?post=52659"}],"curies":[{"name":"wp","href":"https:\/\/api.w.org\/{rel}","templated":true}]}}