{"id":52647,"date":"2024-05-07T11:18:45","date_gmt":"2024-05-07T08:18:45","guid":{"rendered":"https:\/\/gohike.lv\/produkts\/naturehike-atri-zustosas-termovelas-komplekts-wr-07\/"},"modified":"2026-01-05T19:51:29","modified_gmt":"2026-01-05T16:51:29","slug":"naturehike-atri-zustosas-termovelas-komplekts-wr-07","status":"publish","type":"product","link":"https:\/\/gohike.lv\/ru\/produkts\/naturehike-atri-zustosas-termovelas-komplekts-wr-07\/","title":{"rendered":"Naturehike &#8212; \u0100tri \u017e\u016bsto\u0161as \u200b\u200btermove\u013cas komplekts WR-07"},"content":{"rendered":"<p>Materi\u0101ls ar augst\u0101m siltumizol\u0101cijas \u012bpa\u0161\u012bb\u0101m, elpojo\u0161s un \u0101tri \u017e\u016bst.<br \/>\nTermove\u013ca no\u0146ems mitrumu no \u0101das, pasarg\u0101s \u0137ermeni no hipotermijas un saglab\u0101s siltumu.<br \/>\nPlakan\u0101s \u0161uves palielina valk\u0101\u0161anas komfortu.<br \/>\nPiedurk\u0146u aproces, kakla izgriezums un apak\u0161mala ir plakana.<br \/>\nP\u0101rbaud\u012bts klasiskais piegriezums nodro\u0161in\u0101s komfortu.<br \/>\nMateri\u0101ls: 70% poliestera \u0161\u0137iedra, 23% polipropil\u0113na \u0161\u0137iedra, 7% spandekss.<\/p>\n","protected":false},"excerpt":{"rendered":"<p>Praktiska un funkcion\u0101la termove\u013ca, gan ikdienai, gan sportam.<\/p>\n","protected":false},"featured_media":29389,"template":"","meta":[],"product_brand":[167],"product_cat":[1419],"product_tag":[],"class_list":{"0":"post-52647","1":"product","2":"type-product","3":"status-publish","4":"has-post-thumbnail","6":"product_brand-naturehike-lv","7":"product_cat-apgerbs","8":"pa_izmers-sieviesul","9":"pa_izmers-sieviesum","10":"pa_izmers-sieviesus","11":"pa_izmers-viriesul","12":"pa_izmers-viriesum","13":"pa_izmers-viriesuxl","15":"first","16":"instock","17":"taxable","18":"shipping-taxable","19":"purchasable","20":"product-type-variable","21":"has-default-attributes"},"raw_content":{"name":"Naturehike - \u0100tri \u017e\u016bsto\u0161as \u200b\u200btermove\u013cas komplekts WR-07","description":"Materi\u0101ls ar augst\u0101m siltumizol\u0101cijas \u012bpa\u0161\u012bb\u0101m, elpojo\u0161s un \u0101tri \u017e\u016bst.\nTermove\u013ca no\u0146ems mitrumu no \u0101das, pasarg\u0101s \u0137ermeni no hipotermijas un saglab\u0101s siltumu.\nPlakan\u0101s \u0161uves palielina valk\u0101\u0161anas komfortu.\nPiedurk\u0146u aproces, kakla izgriezums un apak\u0161mala ir plakana.\nP\u0101rbaud\u012bts klasiskais piegriezums nodro\u0161in\u0101s komfortu.\nMateri\u0101ls: 70% poliestera \u0161\u0137iedra, 23% polipropil\u0113na \u0161\u0137iedra, 7% spandekss.","short_description":"Praktiska un funkcion\u0101la termove\u013ca, gan ikdienai, gan sportam.","status":"publish","sku":"nat000130","original":52647},"wpml":{"translation_type":1,"has_translations":true,"original":52647,"duplicates":[],"translations":{"lv":52647,"en":68305,"ru":null}},"supplier_id":null,"supplier_sku":"","barcode":null,"atum_controlled":true,"out_stock_date":null,"out_stock_threshold":null,"inheritable":false,"inbound_stock":0,"stock_on_hold":0,"sold_today":0,"sales_last_days":0,"reserved_stock":0,"customer_returns":0,"warehouse_damage":0,"lost_in_post":0,"other_logs":0,"out_stock_days":0,"lost_sales":0,"has_location":false,"update_date":"2025-12-30T14:13:30","atum_locations":[],"atum_stock_status":"instock","restock_status":false,"low_stock_amount":"","sales_update_date":"2025-11-13T13:36:34","calc_backorders":null,"yoast_head":"<!-- This site is optimized with the Yoast SEO plugin v27.3 - https:\/\/yoast.com\/product\/yoast-seo-wordpress\/ -->\n<title>Naturehike - \u0100tri \u017e\u016bsto\u0161as \u200b\u200btermove\u013cas komplekts WR-07<\/title>\n<meta name=\"description\" content=\"Praktiska un funkcion\u0101la termove\u013ca, gan ikdienai, gan sportam. Materi\u0101ls ar augst\u0101m siltumizol\u0101cijas \u012bpa\u0161\u012bb\u0101m, elpojo\u0161s un \u0101tri \u017e\u016bst.\" \/>\n<meta name=\"robots\" content=\"index, follow, max-snippet:-1, max-image-preview:large, max-video-preview:-1\" \/>\n<link rel=\"canonical\" href=\"https:\/\/gohike.lv\/ru\/produkts\/naturehike-atri-zustosas-termovelas-komplekts-wr-07\/\" \/>\n<meta property=\"og:locale\" content=\"ru_RU\" \/>\n<meta property=\"og:type\" content=\"article\" \/>\n<meta property=\"og:title\" content=\"Naturehike - \u0100tri \u017e\u016bsto\u0161as \u200b\u200btermove\u013cas komplekts WR-07\" \/>\n<meta property=\"og:description\" content=\"Praktiska un funkcion\u0101la termove\u013ca, gan ikdienai, gan sportam. Materi\u0101ls ar augst\u0101m siltumizol\u0101cijas \u012bpa\u0161\u012bb\u0101m, elpojo\u0161s un \u0101tri \u017e\u016bst.\" \/>\n<meta property=\"og:url\" content=\"https:\/\/gohike.lv\/ru\/produkts\/naturehike-atri-zustosas-termovelas-komplekts-wr-07\/\" \/>\n<meta property=\"og:site_name\" content=\"GoHike\" \/>\n<meta property=\"article:publisher\" content=\"https:\/\/www.facebook.com\/gohike.shop\/\" \/>\n<meta property=\"article:modified_time\" content=\"2026-01-05T16:51:29+00:00\" \/>\n<meta property=\"og:image\" content=\"https:\/\/gohike.lv\/wp-content\/uploads\/2024\/04\/WR07Thermo_.webp\" \/>\n\t<meta property=\"og:image:width\" content=\"550\" \/>\n\t<meta property=\"og:image:height\" content=\"550\" \/>\n\t<meta property=\"og:image:type\" content=\"image\/webp\" \/>\n<meta name=\"twitter:card\" content=\"summary_large_image\" \/>\n<meta name=\"twitter:title\" content=\"Naturehike - \u0100tri \u017e\u016bsto\u0161as \u200b\u200btermove\u013cas komplekts WR-07\" \/>\n<meta name=\"twitter:label1\" content=\"\u041f\u0440\u0438\u043c\u0435\u0440\u043d\u043e\u0435 \u0432\u0440\u0435\u043c\u044f \u0434\u043b\u044f \u0447\u0442\u0435\u043d\u0438\u044f\" \/>\n\t<meta name=\"twitter:data1\" content=\"1 \u043c\u0438\u043d\u0443\u0442\u0430\" \/>\n<script type=\"application\/ld+json\" class=\"yoast-schema-graph\">{\"@context\":\"https:\\\/\\\/schema.org\",\"@graph\":[{\"@type\":[\"WebPage\",\"ItemPage\"],\"@id\":\"https:\\\/\\\/gohike.lv\\\/ru\\\/produkts\\\/naturehike-atri-zustosas-termovelas-komplekts-wr-07\\\/\",\"url\":\"https:\\\/\\\/gohike.lv\\\/ru\\\/produkts\\\/naturehike-atri-zustosas-termovelas-komplekts-wr-07\\\/\",\"name\":\"Naturehike - \u0100tri \u017e\u016bsto\u0161as \u200b\u200btermove\u013cas komplekts WR-07\",\"isPartOf\":{\"@id\":\"https:\\\/\\\/gohike.lv\\\/ru\\\/#website\"},\"primaryImageOfPage\":{\"@id\":\"https:\\\/\\\/gohike.lv\\\/ru\\\/produkts\\\/naturehike-atri-zustosas-termovelas-komplekts-wr-07\\\/#primaryimage\"},\"image\":{\"@id\":\"https:\\\/\\\/gohike.lv\\\/ru\\\/produkts\\\/naturehike-atri-zustosas-termovelas-komplekts-wr-07\\\/#primaryimage\"},\"thumbnailUrl\":\"https:\\\/\\\/gohike.lv\\\/wp-content\\\/uploads\\\/2024\\\/04\\\/WR07Thermo_.webp\",\"datePublished\":\"2024-05-07T08:18:45+00:00\",\"dateModified\":\"2026-01-05T16:51:29+00:00\",\"description\":\"Praktiska un funkcion\u0101la termove\u013ca, gan ikdienai, gan sportam. Materi\u0101ls ar augst\u0101m siltumizol\u0101cijas \u012bpa\u0161\u012bb\u0101m, elpojo\u0161s un \u0101tri \u017e\u016bst.\",\"breadcrumb\":{\"@id\":\"https:\\\/\\\/gohike.lv\\\/ru\\\/produkts\\\/naturehike-atri-zustosas-termovelas-komplekts-wr-07\\\/#breadcrumb\"},\"inLanguage\":\"ru-RU\",\"potentialAction\":[{\"@type\":\"ReadAction\",\"target\":[\"https:\\\/\\\/gohike.lv\\\/ru\\\/produkts\\\/naturehike-atri-zustosas-termovelas-komplekts-wr-07\\\/\"]}]},{\"@type\":\"ImageObject\",\"inLanguage\":\"ru-RU\",\"@id\":\"https:\\\/\\\/gohike.lv\\\/ru\\\/produkts\\\/naturehike-atri-zustosas-termovelas-komplekts-wr-07\\\/#primaryimage\",\"url\":\"https:\\\/\\\/gohike.lv\\\/wp-content\\\/uploads\\\/2024\\\/04\\\/WR07Thermo_.webp\",\"contentUrl\":\"https:\\\/\\\/gohike.lv\\\/wp-content\\\/uploads\\\/2024\\\/04\\\/WR07Thermo_.webp\",\"width\":550,\"height\":550},{\"@type\":\"BreadcrumbList\",\"@id\":\"https:\\\/\\\/gohike.lv\\\/ru\\\/produkts\\\/naturehike-atri-zustosas-termovelas-komplekts-wr-07\\\/#breadcrumb\",\"itemListElement\":[{\"@type\":\"ListItem\",\"position\":1,\"name\":\"\u0413\u043b\u0430\u0432\u043d\u0430\u044f\",\"item\":\"https:\\\/\\\/gohike.lv\\\/ru\\\/\"},{\"@type\":\"ListItem\",\"position\":2,\"name\":\"\u041a\u0430\u0442\u0435\u0433\u043e\u0440\u0438\u0438 \u0442\u043e\u0432\u0430\u0440\u043e\u0432\",\"item\":\"https:\\\/\\\/gohike.lv\\\/%d0%ba%d0%b0%d1%82%d0%b5%d0%b3%d0%be%d1%80%d0%b8%d0%b8-%d1%82%d0%be%d0%b2%d0%b0%d1%80%d0%be%d0%b2\\\/\"},{\"@type\":\"ListItem\",\"position\":3,\"name\":\"Naturehike &#8211; \u0100tri \u017e\u016bsto\u0161as \u200b\u200btermove\u013cas komplekts WR-07\"}]},{\"@type\":\"WebSite\",\"@id\":\"https:\\\/\\\/gohike.lv\\\/ru\\\/#website\",\"url\":\"https:\\\/\\\/gohike.lv\\\/ru\\\/\",\"name\":\"GoHike\",\"description\":\"\",\"publisher\":{\"@id\":\"https:\\\/\\\/gohike.lv\\\/ru\\\/#organization\"},\"potentialAction\":[{\"@type\":\"SearchAction\",\"target\":{\"@type\":\"EntryPoint\",\"urlTemplate\":\"https:\\\/\\\/gohike.lv\\\/ru\\\/?s={search_term_string}\"},\"query-input\":{\"@type\":\"PropertyValueSpecification\",\"valueRequired\":true,\"valueName\":\"search_term_string\"}}],\"inLanguage\":\"ru-RU\"},{\"@type\":\"Organization\",\"@id\":\"https:\\\/\\\/gohike.lv\\\/ru\\\/#organization\",\"name\":\"GoHike\",\"url\":\"https:\\\/\\\/gohike.lv\\\/ru\\\/\",\"logo\":{\"@type\":\"ImageObject\",\"inLanguage\":\"ru-RU\",\"@id\":\"https:\\\/\\\/gohike.lv\\\/ru\\\/#\\\/schema\\\/logo\\\/image\\\/\",\"url\":\"https:\\\/\\\/gohike.lv\\\/wp-content\\\/uploads\\\/2023\\\/08\\\/Logo_GoHike.webp\",\"contentUrl\":\"https:\\\/\\\/gohike.lv\\\/wp-content\\\/uploads\\\/2023\\\/08\\\/Logo_GoHike.webp\",\"width\":512,\"height\":512,\"caption\":\"GoHike\"},\"image\":{\"@id\":\"https:\\\/\\\/gohike.lv\\\/ru\\\/#\\\/schema\\\/logo\\\/image\\\/\"},\"sameAs\":[\"https:\\\/\\\/www.facebook.com\\\/gohike.shop\\\/\",\"https:\\\/\\\/www.instagram.com\\\/gohike.shop\\\/\"]}]}<\/script>\n<!-- \/ Yoast SEO plugin. -->","yoast_head_json":{"title":"Naturehike - \u0100tri \u017e\u016bsto\u0161as \u200b\u200btermove\u013cas komplekts WR-07","description":"Praktiska un funkcion\u0101la termove\u013ca, gan ikdienai, gan sportam. Materi\u0101ls ar augst\u0101m siltumizol\u0101cijas \u012bpa\u0161\u012bb\u0101m, elpojo\u0161s un \u0101tri \u017e\u016bst.","robots":{"index":"index","follow":"follow","max-snippet":"max-snippet:-1","max-image-preview":"max-image-preview:large","max-video-preview":"max-video-preview:-1"},"canonical":"https:\/\/gohike.lv\/ru\/produkts\/naturehike-atri-zustosas-termovelas-komplekts-wr-07\/","og_locale":"ru_RU","og_type":"article","og_title":"Naturehike - \u0100tri \u017e\u016bsto\u0161as \u200b\u200btermove\u013cas komplekts WR-07","og_description":"Praktiska un funkcion\u0101la termove\u013ca, gan ikdienai, gan sportam. Materi\u0101ls ar augst\u0101m siltumizol\u0101cijas \u012bpa\u0161\u012bb\u0101m, elpojo\u0161s un \u0101tri \u017e\u016bst.","og_url":"https:\/\/gohike.lv\/ru\/produkts\/naturehike-atri-zustosas-termovelas-komplekts-wr-07\/","og_site_name":"GoHike","article_publisher":"https:\/\/www.facebook.com\/gohike.shop\/","article_modified_time":"2026-01-05T16:51:29+00:00","og_image":[{"width":550,"height":550,"url":"https:\/\/gohike.lv\/wp-content\/uploads\/2024\/04\/WR07Thermo_.webp","type":"image\/webp"}],"twitter_card":"summary_large_image","twitter_title":"Naturehike - \u0100tri \u017e\u016bsto\u0161as \u200b\u200btermove\u013cas komplekts WR-07","twitter_misc":{"\u041f\u0440\u0438\u043c\u0435\u0440\u043d\u043e\u0435 \u0432\u0440\u0435\u043c\u044f \u0434\u043b\u044f \u0447\u0442\u0435\u043d\u0438\u044f":"1 \u043c\u0438\u043d\u0443\u0442\u0430"},"schema":{"@context":"https:\/\/schema.org","@graph":[{"@type":["WebPage","ItemPage"],"@id":"https:\/\/gohike.lv\/ru\/produkts\/naturehike-atri-zustosas-termovelas-komplekts-wr-07\/","url":"https:\/\/gohike.lv\/ru\/produkts\/naturehike-atri-zustosas-termovelas-komplekts-wr-07\/","name":"Naturehike - \u0100tri \u017e\u016bsto\u0161as \u200b\u200btermove\u013cas komplekts WR-07","isPartOf":{"@id":"https:\/\/gohike.lv\/ru\/#website"},"primaryImageOfPage":{"@id":"https:\/\/gohike.lv\/ru\/produkts\/naturehike-atri-zustosas-termovelas-komplekts-wr-07\/#primaryimage"},"image":{"@id":"https:\/\/gohike.lv\/ru\/produkts\/naturehike-atri-zustosas-termovelas-komplekts-wr-07\/#primaryimage"},"thumbnailUrl":"https:\/\/gohike.lv\/wp-content\/uploads\/2024\/04\/WR07Thermo_.webp","datePublished":"2024-05-07T08:18:45+00:00","dateModified":"2026-01-05T16:51:29+00:00","description":"Praktiska un funkcion\u0101la termove\u013ca, gan ikdienai, gan sportam. Materi\u0101ls ar augst\u0101m siltumizol\u0101cijas \u012bpa\u0161\u012bb\u0101m, elpojo\u0161s un \u0101tri \u017e\u016bst.","breadcrumb":{"@id":"https:\/\/gohike.lv\/ru\/produkts\/naturehike-atri-zustosas-termovelas-komplekts-wr-07\/#breadcrumb"},"inLanguage":"ru-RU","potentialAction":[{"@type":"ReadAction","target":["https:\/\/gohike.lv\/ru\/produkts\/naturehike-atri-zustosas-termovelas-komplekts-wr-07\/"]}]},{"@type":"ImageObject","inLanguage":"ru-RU","@id":"https:\/\/gohike.lv\/ru\/produkts\/naturehike-atri-zustosas-termovelas-komplekts-wr-07\/#primaryimage","url":"https:\/\/gohike.lv\/wp-content\/uploads\/2024\/04\/WR07Thermo_.webp","contentUrl":"https:\/\/gohike.lv\/wp-content\/uploads\/2024\/04\/WR07Thermo_.webp","width":550,"height":550},{"@type":"BreadcrumbList","@id":"https:\/\/gohike.lv\/ru\/produkts\/naturehike-atri-zustosas-termovelas-komplekts-wr-07\/#breadcrumb","itemListElement":[{"@type":"ListItem","position":1,"name":"\u0413\u043b\u0430\u0432\u043d\u0430\u044f","item":"https:\/\/gohike.lv\/ru\/"},{"@type":"ListItem","position":2,"name":"\u041a\u0430\u0442\u0435\u0433\u043e\u0440\u0438\u0438 \u0442\u043e\u0432\u0430\u0440\u043e\u0432","item":"https:\/\/gohike.lv\/%d0%ba%d0%b0%d1%82%d0%b5%d0%b3%d0%be%d1%80%d0%b8%d0%b8-%d1%82%d0%be%d0%b2%d0%b0%d1%80%d0%be%d0%b2\/"},{"@type":"ListItem","position":3,"name":"Naturehike &#8211; \u0100tri \u017e\u016bsto\u0161as \u200b\u200btermove\u013cas komplekts WR-07"}]},{"@type":"WebSite","@id":"https:\/\/gohike.lv\/ru\/#website","url":"https:\/\/gohike.lv\/ru\/","name":"GoHike","description":"","publisher":{"@id":"https:\/\/gohike.lv\/ru\/#organization"},"potentialAction":[{"@type":"SearchAction","target":{"@type":"EntryPoint","urlTemplate":"https:\/\/gohike.lv\/ru\/?s={search_term_string}"},"query-input":{"@type":"PropertyValueSpecification","valueRequired":true,"valueName":"search_term_string"}}],"inLanguage":"ru-RU"},{"@type":"Organization","@id":"https:\/\/gohike.lv\/ru\/#organization","name":"GoHike","url":"https:\/\/gohike.lv\/ru\/","logo":{"@type":"ImageObject","inLanguage":"ru-RU","@id":"https:\/\/gohike.lv\/ru\/#\/schema\/logo\/image\/","url":"https:\/\/gohike.lv\/wp-content\/uploads\/2023\/08\/Logo_GoHike.webp","contentUrl":"https:\/\/gohike.lv\/wp-content\/uploads\/2023\/08\/Logo_GoHike.webp","width":512,"height":512,"caption":"GoHike"},"image":{"@id":"https:\/\/gohike.lv\/ru\/#\/schema\/logo\/image\/"},"sameAs":["https:\/\/www.facebook.com\/gohike.shop\/","https:\/\/www.instagram.com\/gohike.shop\/"]}]}},"jetpack_sharing_enabled":true,"_links":{"self":[{"href":"https:\/\/gohike.lv\/ru\/wp-json\/wp\/v2\/product\/52647","targetHints":{"allow":["GET"]}}],"collection":[{"href":"https:\/\/gohike.lv\/ru\/wp-json\/wp\/v2\/product"}],"about":[{"href":"https:\/\/gohike.lv\/ru\/wp-json\/wp\/v2\/types\/product"}],"version-history":[{"count":0,"href":"https:\/\/gohike.lv\/ru\/wp-json\/wp\/v2\/product\/52647\/revisions"}],"wp:featuredmedia":[{"embeddable":true,"href":"https:\/\/gohike.lv\/ru\/wp-json\/wp\/v2\/media\/29389"}],"wp:attachment":[{"href":"https:\/\/gohike.lv\/ru\/wp-json\/wp\/v2\/media?parent=52647"}],"wp:term":[{"taxonomy":"product_brand","embeddable":true,"href":"https:\/\/gohike.lv\/ru\/wp-json\/wp\/v2\/product_brand?post=52647"},{"taxonomy":"product_cat","embeddable":true,"href":"https:\/\/gohike.lv\/ru\/wp-json\/wp\/v2\/product_cat?post=52647"},{"taxonomy":"product_tag","embeddable":true,"href":"https:\/\/gohike.lv\/ru\/wp-json\/wp\/v2\/product_tag?post=52647"}],"curies":[{"name":"wp","href":"https:\/\/api.w.org\/{rel}","templated":true}]}}