{"id":52642,"date":"2024-05-07T11:18:05","date_gmt":"2024-05-07T08:18:05","guid":{"rendered":"https:\/\/gohike.lv\/produkts\/naturehike-outlast-viriesu-termojaka-ar-garam-piedurknem\/"},"modified":"2026-01-06T07:27:38","modified_gmt":"2026-01-06T04:27:38","slug":"naturehike-outlast-viriesu-termojaka-ar-garam-piedurknem","status":"publish","type":"product","link":"https:\/\/gohike.lv\/ru\/produkts\/naturehike-outlast-viriesu-termojaka-ar-garam-piedurknem\/","title":{"rendered":"Naturehike &#8212; OUTLAST v\u012brie\u0161u termojaka ar gar\u0101m piedurkn\u0113m"},"content":{"rendered":"<p>Termojaka ir izgatavota no antistatiska materi\u0101la, kas izstr\u0101d\u0101ts, izmantojot Outlast tehnolo\u0123iju.<br \/>\nPaaugstinoties \u0137erme\u0146a temperat\u016brai, audums uzs\u016bc sviedrus, lai nov\u0113rstu p\u0101rkar\u0161anu.<br \/>\nJa temperat\u016bra pazemin\u0101s, materi\u0101ls pal\u0113nina dabisko siltuma zudumu procesu.<br \/>\nNaturehike Long Sleeve ir klasific\u0113ts k\u0101 funkcion\u0101ls termoap\u0123\u0113rbs, kas uztur \u0137erme\u0146a temperat\u016bru 33\u00b0C, valk\u0101jot apk\u0101rt\u0113j\u0101s vides temperat\u016br\u0101 no 5\u00b0C l\u012bdz 15\u00b0C.<br \/>\nAudums rad\u012bts, izmantojot Outlast tehnolo\u0123iju, ko NASA izstr\u0101d\u0101jusi, lai aizsarg\u0101tu astronautus no p\u0113k\u0161\u0146\u0101m temperat\u016bras izmai\u0146\u0101m kosmos\u0101.<br \/>\n\u0160\u012b jaukt\u0101 materi\u0101la galven\u0101 priek\u0161roc\u012bba ir t\u0101 sp\u0113ja piel\u0101goties lietot\u0101ja vajadz\u012bb\u0101m. Paaugstinoties \u0137erme\u0146a temperat\u016brai, sint\u0113tisk\u0101s \u0161\u0137iedras absorb\u0113 sviedrus no \u0101das un nodro\u0161ina optim\u0101lu gaisa caurlaid\u012bbu, nov\u0113r\u0161ot p\u0101rkar\u0161anu.<br \/>\nMateri\u0101ls izskat\u0101s k\u0101 z\u012bds vai kokvilna.<br \/>\nPateicoties gludai virsmai un bez atkl\u0101t\u0101m v\u012bl\u0113m, audums ir maigs pret \u0101du un piem\u0113rots ilgsto\u0161ai valk\u0101\u0161anai.<br \/>\nGar\u0101s piedurknes var valk\u0101t ar\u012b zem silta ap\u0123\u0113rba, lai pasarg\u0101tu \u0137ermeni no sala un aukst\u0101 v\u0113ja negat\u012bv\u0101s ietekmes p\u0101rg\u0101jienu, skrie\u0161anas, rite\u0146brauk\u0161anas un citu \u0101ra sporta veidu laik\u0101.<br \/>\nRaksturlielumi:<br \/>\nKr\u0101sa: melna;<br \/>\nMateri\u0101la sast\u0101vs: 63,5% poliakrilnitrils, 27,5% mod\u0101ls, 9% spandekss;<br \/>\nVar mazg\u0101t ve\u013cas ma\u0161\u012bn\u0101.<\/p>\n","protected":false},"excerpt":{"rendered":"<p>V\u012brie\u0161u termojaka ar gar\u0101m piedurkn\u0113m.<\/p>\n","protected":false},"featured_media":31955,"template":"","meta":[],"product_brand":[167],"product_cat":[1419,9447],"product_tag":[],"class_list":{"0":"post-52642","1":"product","2":"type-product","3":"status-publish","4":"has-post-thumbnail","6":"product_brand-naturehike-lv","7":"product_cat-apgerbs","8":"product_cat-izpardosana","9":"pa_izmers-l175-92a","10":"pa_izmers-m170-88a","11":"pa_izmers-xl180-96a","12":"pa_krasa-melns","13":"pa_produkta-tips-termovela","15":"first","16":"instock","17":"sale","18":"taxable","19":"shipping-taxable","20":"purchasable","21":"product-type-variable","22":"has-default-attributes"},"raw_content":{"name":"Naturehike - OUTLAST v\u012brie\u0161u termojaka ar gar\u0101m piedurkn\u0113m","description":"Termojaka ir izgatavota no antistatiska materi\u0101la, kas izstr\u0101d\u0101ts, izmantojot Outlast tehnolo\u0123iju.\nPaaugstinoties \u0137erme\u0146a temperat\u016brai, audums uzs\u016bc sviedrus, lai nov\u0113rstu p\u0101rkar\u0161anu.\nJa temperat\u016bra pazemin\u0101s, materi\u0101ls pal\u0113nina dabisko siltuma zudumu procesu.\nNaturehike Long Sleeve ir klasific\u0113ts k\u0101 funkcion\u0101ls termoap\u0123\u0113rbs, kas uztur \u0137erme\u0146a temperat\u016bru 33\u00b0C, valk\u0101jot apk\u0101rt\u0113j\u0101s vides temperat\u016br\u0101 no 5\u00b0C l\u012bdz 15\u00b0C.\nAudums rad\u012bts, izmantojot Outlast tehnolo\u0123iju, ko NASA izstr\u0101d\u0101jusi, lai aizsarg\u0101tu astronautus no p\u0113k\u0161\u0146\u0101m temperat\u016bras izmai\u0146\u0101m kosmos\u0101.\n\u0160\u012b jaukt\u0101 materi\u0101la galven\u0101 priek\u0161roc\u012bba ir t\u0101 sp\u0113ja piel\u0101goties lietot\u0101ja vajadz\u012bb\u0101m. Paaugstinoties \u0137erme\u0146a temperat\u016brai, sint\u0113tisk\u0101s \u0161\u0137iedras absorb\u0113 sviedrus no \u0101das un nodro\u0161ina optim\u0101lu gaisa caurlaid\u012bbu, nov\u0113r\u0161ot p\u0101rkar\u0161anu.\nMateri\u0101ls izskat\u0101s k\u0101 z\u012bds vai kokvilna.\nPateicoties gludai virsmai un bez atkl\u0101t\u0101m v\u012bl\u0113m, audums ir maigs pret \u0101du un piem\u0113rots ilgsto\u0161ai valk\u0101\u0161anai.\nGar\u0101s piedurknes var valk\u0101t ar\u012b zem silta ap\u0123\u0113rba, lai pasarg\u0101tu \u0137ermeni no sala un aukst\u0101 v\u0113ja negat\u012bv\u0101s ietekmes p\u0101rg\u0101jienu, skrie\u0161anas, rite\u0146brauk\u0161anas un citu \u0101ra sporta veidu laik\u0101.\nRaksturlielumi:\nKr\u0101sa: melna;\nMateri\u0101la sast\u0101vs: 63,5% poliakrilnitrils, 27,5% mod\u0101ls, 9% spandekss;\nVar mazg\u0101t ve\u013cas ma\u0161\u012bn\u0101.","short_description":"V\u012brie\u0161u termojaka ar gar\u0101m piedurkn\u0113m.","status":"publish","sku":"nat000129","original":52642},"wpml":{"translation_type":1,"has_translations":true,"original":52642,"duplicates":[],"translations":{"lv":52642,"en":68294,"ru":null}},"supplier_id":null,"supplier_sku":"","barcode":null,"atum_controlled":true,"out_stock_date":null,"out_stock_threshold":null,"inheritable":false,"inbound_stock":0,"stock_on_hold":0,"sold_today":0,"sales_last_days":0,"reserved_stock":0,"customer_returns":0,"warehouse_damage":0,"lost_in_post":0,"other_logs":0,"out_stock_days":0,"lost_sales":0,"has_location":false,"update_date":"2025-11-13T13:36:34","atum_locations":[],"atum_stock_status":"instock","restock_status":false,"low_stock_amount":"","sales_update_date":"2025-11-13T13:36:34","calc_backorders":null,"yoast_head":"<!-- This site is optimized with the Yoast SEO plugin v27.3 - https:\/\/yoast.com\/product\/yoast-seo-wordpress\/ -->\n<title>Naturehike - OUTLAST v\u012brie\u0161u termojaka ar gar\u0101m piedurkn\u0113m<\/title>\n<meta name=\"description\" content=\"V\u012brie\u0161u termojaka ar gar\u0101m piedurkn\u0113m. Izgatavota no antistatiska materi\u0101la, kas izstr\u0101d\u0101ts, izmantojot Outlast tehnolo\u0123iju.\" \/>\n<meta name=\"robots\" content=\"index, follow, max-snippet:-1, max-image-preview:large, max-video-preview:-1\" \/>\n<link rel=\"canonical\" href=\"https:\/\/gohike.lv\/ru\/produkts\/naturehike-outlast-viriesu-termojaka-ar-garam-piedurknem\/\" \/>\n<meta property=\"og:locale\" content=\"ru_RU\" \/>\n<meta property=\"og:type\" content=\"article\" \/>\n<meta property=\"og:title\" content=\"Naturehike - OUTLAST v\u012brie\u0161u termojaka ar gar\u0101m piedurkn\u0113m\" \/>\n<meta property=\"og:description\" content=\"V\u012brie\u0161u termojaka ar gar\u0101m piedurkn\u0113m. Izgatavota no antistatiska materi\u0101la, kas izstr\u0101d\u0101ts, izmantojot Outlast tehnolo\u0123iju.\" \/>\n<meta property=\"og:url\" content=\"https:\/\/gohike.lv\/ru\/produkts\/naturehike-outlast-viriesu-termojaka-ar-garam-piedurknem\/\" \/>\n<meta property=\"og:site_name\" content=\"GoHike\" \/>\n<meta property=\"article:publisher\" content=\"https:\/\/www.facebook.com\/gohike.shop\/\" \/>\n<meta property=\"article:modified_time\" content=\"2026-01-06T04:27:38+00:00\" \/>\n<meta property=\"og:image\" content=\"https:\/\/gohike.lv\/wp-content\/uploads\/2024\/04\/OutlastMenLongSleeve_.webp\" \/>\n\t<meta property=\"og:image:width\" content=\"800\" \/>\n\t<meta property=\"og:image:height\" content=\"800\" \/>\n\t<meta property=\"og:image:type\" content=\"image\/webp\" \/>\n<meta name=\"twitter:card\" content=\"summary_large_image\" \/>\n<meta name=\"twitter:title\" content=\"Naturehike - OUTLAST v\u012brie\u0161u termojaka ar gar\u0101m piedurkn\u0113m\" \/>\n<meta name=\"twitter:label1\" content=\"\u041f\u0440\u0438\u043c\u0435\u0440\u043d\u043e\u0435 \u0432\u0440\u0435\u043c\u044f \u0434\u043b\u044f \u0447\u0442\u0435\u043d\u0438\u044f\" \/>\n\t<meta name=\"twitter:data1\" content=\"2 \u043c\u0438\u043d\u0443\u0442\u0430\" \/>\n<script type=\"application\/ld+json\" class=\"yoast-schema-graph\">{\"@context\":\"https:\\\/\\\/schema.org\",\"@graph\":[{\"@type\":[\"WebPage\",\"ItemPage\"],\"@id\":\"https:\\\/\\\/gohike.lv\\\/ru\\\/produkts\\\/naturehike-outlast-viriesu-termojaka-ar-garam-piedurknem\\\/\",\"url\":\"https:\\\/\\\/gohike.lv\\\/ru\\\/produkts\\\/naturehike-outlast-viriesu-termojaka-ar-garam-piedurknem\\\/\",\"name\":\"Naturehike - OUTLAST v\u012brie\u0161u termojaka ar gar\u0101m piedurkn\u0113m\",\"isPartOf\":{\"@id\":\"https:\\\/\\\/gohike.lv\\\/ru\\\/#website\"},\"primaryImageOfPage\":{\"@id\":\"https:\\\/\\\/gohike.lv\\\/ru\\\/produkts\\\/naturehike-outlast-viriesu-termojaka-ar-garam-piedurknem\\\/#primaryimage\"},\"image\":{\"@id\":\"https:\\\/\\\/gohike.lv\\\/ru\\\/produkts\\\/naturehike-outlast-viriesu-termojaka-ar-garam-piedurknem\\\/#primaryimage\"},\"thumbnailUrl\":\"https:\\\/\\\/gohike.lv\\\/wp-content\\\/uploads\\\/2024\\\/04\\\/OutlastMenLongSleeve_.webp\",\"datePublished\":\"2024-05-07T08:18:05+00:00\",\"dateModified\":\"2026-01-06T04:27:38+00:00\",\"description\":\"V\u012brie\u0161u termojaka ar gar\u0101m piedurkn\u0113m. Izgatavota no antistatiska materi\u0101la, kas izstr\u0101d\u0101ts, izmantojot Outlast tehnolo\u0123iju.\",\"breadcrumb\":{\"@id\":\"https:\\\/\\\/gohike.lv\\\/ru\\\/produkts\\\/naturehike-outlast-viriesu-termojaka-ar-garam-piedurknem\\\/#breadcrumb\"},\"inLanguage\":\"ru-RU\",\"potentialAction\":[{\"@type\":\"ReadAction\",\"target\":[\"https:\\\/\\\/gohike.lv\\\/ru\\\/produkts\\\/naturehike-outlast-viriesu-termojaka-ar-garam-piedurknem\\\/\"]}]},{\"@type\":\"ImageObject\",\"inLanguage\":\"ru-RU\",\"@id\":\"https:\\\/\\\/gohike.lv\\\/ru\\\/produkts\\\/naturehike-outlast-viriesu-termojaka-ar-garam-piedurknem\\\/#primaryimage\",\"url\":\"https:\\\/\\\/gohike.lv\\\/wp-content\\\/uploads\\\/2024\\\/04\\\/OutlastMenLongSleeve_.webp\",\"contentUrl\":\"https:\\\/\\\/gohike.lv\\\/wp-content\\\/uploads\\\/2024\\\/04\\\/OutlastMenLongSleeve_.webp\",\"width\":800,\"height\":800},{\"@type\":\"BreadcrumbList\",\"@id\":\"https:\\\/\\\/gohike.lv\\\/ru\\\/produkts\\\/naturehike-outlast-viriesu-termojaka-ar-garam-piedurknem\\\/#breadcrumb\",\"itemListElement\":[{\"@type\":\"ListItem\",\"position\":1,\"name\":\"\u0413\u043b\u0430\u0432\u043d\u0430\u044f\",\"item\":\"https:\\\/\\\/gohike.lv\\\/ru\\\/\"},{\"@type\":\"ListItem\",\"position\":2,\"name\":\"\u041a\u0430\u0442\u0435\u0433\u043e\u0440\u0438\u0438 \u0442\u043e\u0432\u0430\u0440\u043e\u0432\",\"item\":\"https:\\\/\\\/gohike.lv\\\/%d0%ba%d0%b0%d1%82%d0%b5%d0%b3%d0%be%d1%80%d0%b8%d0%b8-%d1%82%d0%be%d0%b2%d0%b0%d1%80%d0%be%d0%b2\\\/\"},{\"@type\":\"ListItem\",\"position\":3,\"name\":\"Naturehike &#8211; OUTLAST v\u012brie\u0161u termojaka ar gar\u0101m piedurkn\u0113m\"}]},{\"@type\":\"WebSite\",\"@id\":\"https:\\\/\\\/gohike.lv\\\/ru\\\/#website\",\"url\":\"https:\\\/\\\/gohike.lv\\\/ru\\\/\",\"name\":\"GoHike\",\"description\":\"\",\"publisher\":{\"@id\":\"https:\\\/\\\/gohike.lv\\\/ru\\\/#organization\"},\"potentialAction\":[{\"@type\":\"SearchAction\",\"target\":{\"@type\":\"EntryPoint\",\"urlTemplate\":\"https:\\\/\\\/gohike.lv\\\/ru\\\/?s={search_term_string}\"},\"query-input\":{\"@type\":\"PropertyValueSpecification\",\"valueRequired\":true,\"valueName\":\"search_term_string\"}}],\"inLanguage\":\"ru-RU\"},{\"@type\":\"Organization\",\"@id\":\"https:\\\/\\\/gohike.lv\\\/ru\\\/#organization\",\"name\":\"GoHike\",\"url\":\"https:\\\/\\\/gohike.lv\\\/ru\\\/\",\"logo\":{\"@type\":\"ImageObject\",\"inLanguage\":\"ru-RU\",\"@id\":\"https:\\\/\\\/gohike.lv\\\/ru\\\/#\\\/schema\\\/logo\\\/image\\\/\",\"url\":\"https:\\\/\\\/gohike.lv\\\/wp-content\\\/uploads\\\/2023\\\/08\\\/Logo_GoHike.webp\",\"contentUrl\":\"https:\\\/\\\/gohike.lv\\\/wp-content\\\/uploads\\\/2023\\\/08\\\/Logo_GoHike.webp\",\"width\":512,\"height\":512,\"caption\":\"GoHike\"},\"image\":{\"@id\":\"https:\\\/\\\/gohike.lv\\\/ru\\\/#\\\/schema\\\/logo\\\/image\\\/\"},\"sameAs\":[\"https:\\\/\\\/www.facebook.com\\\/gohike.shop\\\/\",\"https:\\\/\\\/www.instagram.com\\\/gohike.shop\\\/\"]}]}<\/script>\n<!-- \/ Yoast SEO plugin. -->","yoast_head_json":{"title":"Naturehike - OUTLAST v\u012brie\u0161u termojaka ar gar\u0101m piedurkn\u0113m","description":"V\u012brie\u0161u termojaka ar gar\u0101m piedurkn\u0113m. Izgatavota no antistatiska materi\u0101la, kas izstr\u0101d\u0101ts, izmantojot Outlast tehnolo\u0123iju.","robots":{"index":"index","follow":"follow","max-snippet":"max-snippet:-1","max-image-preview":"max-image-preview:large","max-video-preview":"max-video-preview:-1"},"canonical":"https:\/\/gohike.lv\/ru\/produkts\/naturehike-outlast-viriesu-termojaka-ar-garam-piedurknem\/","og_locale":"ru_RU","og_type":"article","og_title":"Naturehike - OUTLAST v\u012brie\u0161u termojaka ar gar\u0101m piedurkn\u0113m","og_description":"V\u012brie\u0161u termojaka ar gar\u0101m piedurkn\u0113m. Izgatavota no antistatiska materi\u0101la, kas izstr\u0101d\u0101ts, izmantojot Outlast tehnolo\u0123iju.","og_url":"https:\/\/gohike.lv\/ru\/produkts\/naturehike-outlast-viriesu-termojaka-ar-garam-piedurknem\/","og_site_name":"GoHike","article_publisher":"https:\/\/www.facebook.com\/gohike.shop\/","article_modified_time":"2026-01-06T04:27:38+00:00","og_image":[{"width":800,"height":800,"url":"https:\/\/gohike.lv\/wp-content\/uploads\/2024\/04\/OutlastMenLongSleeve_.webp","type":"image\/webp"}],"twitter_card":"summary_large_image","twitter_title":"Naturehike - OUTLAST v\u012brie\u0161u termojaka ar gar\u0101m piedurkn\u0113m","twitter_misc":{"\u041f\u0440\u0438\u043c\u0435\u0440\u043d\u043e\u0435 \u0432\u0440\u0435\u043c\u044f \u0434\u043b\u044f \u0447\u0442\u0435\u043d\u0438\u044f":"2 \u043c\u0438\u043d\u0443\u0442\u0430"},"schema":{"@context":"https:\/\/schema.org","@graph":[{"@type":["WebPage","ItemPage"],"@id":"https:\/\/gohike.lv\/ru\/produkts\/naturehike-outlast-viriesu-termojaka-ar-garam-piedurknem\/","url":"https:\/\/gohike.lv\/ru\/produkts\/naturehike-outlast-viriesu-termojaka-ar-garam-piedurknem\/","name":"Naturehike - OUTLAST v\u012brie\u0161u termojaka ar gar\u0101m piedurkn\u0113m","isPartOf":{"@id":"https:\/\/gohike.lv\/ru\/#website"},"primaryImageOfPage":{"@id":"https:\/\/gohike.lv\/ru\/produkts\/naturehike-outlast-viriesu-termojaka-ar-garam-piedurknem\/#primaryimage"},"image":{"@id":"https:\/\/gohike.lv\/ru\/produkts\/naturehike-outlast-viriesu-termojaka-ar-garam-piedurknem\/#primaryimage"},"thumbnailUrl":"https:\/\/gohike.lv\/wp-content\/uploads\/2024\/04\/OutlastMenLongSleeve_.webp","datePublished":"2024-05-07T08:18:05+00:00","dateModified":"2026-01-06T04:27:38+00:00","description":"V\u012brie\u0161u termojaka ar gar\u0101m piedurkn\u0113m. Izgatavota no antistatiska materi\u0101la, kas izstr\u0101d\u0101ts, izmantojot Outlast tehnolo\u0123iju.","breadcrumb":{"@id":"https:\/\/gohike.lv\/ru\/produkts\/naturehike-outlast-viriesu-termojaka-ar-garam-piedurknem\/#breadcrumb"},"inLanguage":"ru-RU","potentialAction":[{"@type":"ReadAction","target":["https:\/\/gohike.lv\/ru\/produkts\/naturehike-outlast-viriesu-termojaka-ar-garam-piedurknem\/"]}]},{"@type":"ImageObject","inLanguage":"ru-RU","@id":"https:\/\/gohike.lv\/ru\/produkts\/naturehike-outlast-viriesu-termojaka-ar-garam-piedurknem\/#primaryimage","url":"https:\/\/gohike.lv\/wp-content\/uploads\/2024\/04\/OutlastMenLongSleeve_.webp","contentUrl":"https:\/\/gohike.lv\/wp-content\/uploads\/2024\/04\/OutlastMenLongSleeve_.webp","width":800,"height":800},{"@type":"BreadcrumbList","@id":"https:\/\/gohike.lv\/ru\/produkts\/naturehike-outlast-viriesu-termojaka-ar-garam-piedurknem\/#breadcrumb","itemListElement":[{"@type":"ListItem","position":1,"name":"\u0413\u043b\u0430\u0432\u043d\u0430\u044f","item":"https:\/\/gohike.lv\/ru\/"},{"@type":"ListItem","position":2,"name":"\u041a\u0430\u0442\u0435\u0433\u043e\u0440\u0438\u0438 \u0442\u043e\u0432\u0430\u0440\u043e\u0432","item":"https:\/\/gohike.lv\/%d0%ba%d0%b0%d1%82%d0%b5%d0%b3%d0%be%d1%80%d0%b8%d0%b8-%d1%82%d0%be%d0%b2%d0%b0%d1%80%d0%be%d0%b2\/"},{"@type":"ListItem","position":3,"name":"Naturehike &#8211; OUTLAST v\u012brie\u0161u termojaka ar gar\u0101m piedurkn\u0113m"}]},{"@type":"WebSite","@id":"https:\/\/gohike.lv\/ru\/#website","url":"https:\/\/gohike.lv\/ru\/","name":"GoHike","description":"","publisher":{"@id":"https:\/\/gohike.lv\/ru\/#organization"},"potentialAction":[{"@type":"SearchAction","target":{"@type":"EntryPoint","urlTemplate":"https:\/\/gohike.lv\/ru\/?s={search_term_string}"},"query-input":{"@type":"PropertyValueSpecification","valueRequired":true,"valueName":"search_term_string"}}],"inLanguage":"ru-RU"},{"@type":"Organization","@id":"https:\/\/gohike.lv\/ru\/#organization","name":"GoHike","url":"https:\/\/gohike.lv\/ru\/","logo":{"@type":"ImageObject","inLanguage":"ru-RU","@id":"https:\/\/gohike.lv\/ru\/#\/schema\/logo\/image\/","url":"https:\/\/gohike.lv\/wp-content\/uploads\/2023\/08\/Logo_GoHike.webp","contentUrl":"https:\/\/gohike.lv\/wp-content\/uploads\/2023\/08\/Logo_GoHike.webp","width":512,"height":512,"caption":"GoHike"},"image":{"@id":"https:\/\/gohike.lv\/ru\/#\/schema\/logo\/image\/"},"sameAs":["https:\/\/www.facebook.com\/gohike.shop\/","https:\/\/www.instagram.com\/gohike.shop\/"]}]}},"jetpack_sharing_enabled":true,"_links":{"self":[{"href":"https:\/\/gohike.lv\/ru\/wp-json\/wp\/v2\/product\/52642","targetHints":{"allow":["GET"]}}],"collection":[{"href":"https:\/\/gohike.lv\/ru\/wp-json\/wp\/v2\/product"}],"about":[{"href":"https:\/\/gohike.lv\/ru\/wp-json\/wp\/v2\/types\/product"}],"version-history":[{"count":0,"href":"https:\/\/gohike.lv\/ru\/wp-json\/wp\/v2\/product\/52642\/revisions"}],"wp:featuredmedia":[{"embeddable":true,"href":"https:\/\/gohike.lv\/ru\/wp-json\/wp\/v2\/media\/31955"}],"wp:attachment":[{"href":"https:\/\/gohike.lv\/ru\/wp-json\/wp\/v2\/media?parent=52642"}],"wp:term":[{"taxonomy":"product_brand","embeddable":true,"href":"https:\/\/gohike.lv\/ru\/wp-json\/wp\/v2\/product_brand?post=52642"},{"taxonomy":"product_cat","embeddable":true,"href":"https:\/\/gohike.lv\/ru\/wp-json\/wp\/v2\/product_cat?post=52642"},{"taxonomy":"product_tag","embeddable":true,"href":"https:\/\/gohike.lv\/ru\/wp-json\/wp\/v2\/product_tag?post=52642"}],"curies":[{"name":"wp","href":"https:\/\/api.w.org\/{rel}","templated":true}]}}