{"id":52634,"date":"2024-05-07T11:17:51","date_gmt":"2024-05-07T08:17:51","guid":{"rendered":"https:\/\/gohike.lv\/produkts\/naturehike-outlast-sieviesu-videji-bieza-termojaka-ar-apalu-kaklu\/"},"modified":"2026-01-16T07:34:00","modified_gmt":"2026-01-16T04:34:00","slug":"naturehike-outlast-videja-biezuma-termovela-sievietem","status":"publish","type":"product","link":"https:\/\/gohike.lv\/ru\/produkts\/naturehike-outlast-videja-biezuma-termovela-sievietem\/","title":{"rendered":"Naturehike \u2013 OUTLAST vide\u0304ja biezuma termovel\u0327a\u00a0sieviete\u0304m"},"content":{"rendered":"<p>Mode\u013ca numurs: NH22NY004\/NH22NY005\/NH22NY006;<br \/>\nNosaukums: Survive\u00ae &#8212; Vid\u0113ja biezuma termove\u013ca;<br \/>\nIzm\u0113rs: S\/M\/L (sieviet\u0113m);<br \/>\nSvars:<br \/>\n519 g (L) (v\u012brie\u0161u ar apa\u013cu kaklu);<br \/>\n415g (M) (sievie\u0161u ar apa\u013cu kaklu);<br \/>\n515 g (M) (vid\u0113ja sievie\u0161u apkakle);<br \/>\nMateri\u0101ls: 56% viskozes \u0161\u0137iedras + 30% poliakrilnitrila \u0161\u0137iedras + 14% spandekss;<br \/>\nOptim\u0101la lieto\u0161anas temperat\u016bra: -5\u2103 ~ 5\u2103;<\/p>\n","protected":false},"excerpt":{"rendered":"<p>Rudens silt\u0101 apak\u0161ve\u013ca -5\u2103~5\u2103<\/p>\n","protected":false},"featured_media":31951,"template":"","meta":[],"product_brand":[167],"product_cat":[1419,9447],"product_tag":[],"class_list":{"0":"post-52634","1":"product","2":"type-product","3":"status-publish","4":"has-post-thumbnail","6":"product_brand-naturehike-lv","7":"product_cat-apgerbs","8":"product_cat-izpardosana","9":"pa_izmers-l170-92a","10":"pa_izmers-m165-88a","11":"pa_izmers-s160-84a","12":"pa_krasa-armijas-zals","13":"pa_krasa-melns","14":"pa_produkta-tips-termovela","16":"first","17":"instock","18":"sale","19":"taxable","20":"shipping-taxable","21":"purchasable","22":"product-type-variable","23":"has-default-attributes"},"raw_content":{"name":"Naturehike \u2013 OUTLAST vide\u0304ja biezuma termovel\u0327a\u00a0sieviete\u0304m","description":"Mode\u013ca numurs: NH22NY004\/NH22NY005\/NH22NY006;\r\nNosaukums: Survive\u00ae - Vid\u0113ja biezuma termove\u013ca;\r\nIzm\u0113rs: S\/M\/L (sieviet\u0113m);\r\nSvars:\r\n519 g (L) (v\u012brie\u0161u ar apa\u013cu kaklu);\r\n415g (M) (sievie\u0161u ar apa\u013cu kaklu);\r\n515 g (M) (vid\u0113ja sievie\u0161u apkakle);\r\nMateri\u0101ls: 56% viskozes \u0161\u0137iedras + 30% poliakrilnitrila \u0161\u0137iedras + 14% spandekss;\r\nOptim\u0101la lieto\u0161anas temperat\u016bra: -5\u2103 ~ 5\u2103;\r\n","short_description":"Rudens silt\u0101 apak\u0161ve\u013ca -5\u2103~5\u2103","status":"publish","sku":"nat000128","original":52634},"wpml":{"translation_type":1,"has_translations":true,"original":52634,"duplicates":[],"translations":{"lv":52634,"en":68287,"ru":null}},"supplier_id":null,"supplier_sku":"","barcode":null,"atum_controlled":true,"out_stock_date":null,"out_stock_threshold":null,"inheritable":false,"inbound_stock":0,"stock_on_hold":0,"sold_today":0,"sales_last_days":0,"reserved_stock":0,"customer_returns":0,"warehouse_damage":0,"lost_in_post":0,"other_logs":0,"out_stock_days":0,"lost_sales":0,"has_location":false,"update_date":"2025-11-13T13:36:34","atum_locations":[],"atum_stock_status":"instock","restock_status":false,"low_stock_amount":"","sales_update_date":"2025-11-13T13:36:34","calc_backorders":null,"yoast_head":"<!-- This site is optimized with the Yoast SEO plugin v27.3 - https:\/\/yoast.com\/product\/yoast-seo-wordpress\/ -->\n<title>Naturehike \u2013 OUTLAST vide\u0304ja biezuma termovel\u0327a\u00a0sieviete\u0304m<\/title>\n<meta name=\"description\" content=\"Survive\u00ae - Vid\u0113ja biezuma termove\u013ca. Rudens silt\u0101 apak\u0161ve\u013ca -5\u2103~5\u2103\" \/>\n<meta name=\"robots\" content=\"index, follow, max-snippet:-1, max-image-preview:large, max-video-preview:-1\" \/>\n<link rel=\"canonical\" href=\"https:\/\/gohike.lv\/ru\/produkts\/naturehike-outlast-videja-biezuma-termovela-sievietem\/\" \/>\n<meta property=\"og:locale\" content=\"ru_RU\" \/>\n<meta property=\"og:type\" content=\"article\" \/>\n<meta property=\"og:title\" content=\"Naturehike - OUTLAST sievie\u0161u vid\u0113ji bieza termojaka ar apa\u013cu kaklu\" \/>\n<meta property=\"og:description\" content=\"Survive\u00ae - Vid\u0113ja biezuma termove\u013ca. Rudens silt\u0101 apak\u0161ve\u013ca -5\u2103~5\u2103\" \/>\n<meta property=\"og:url\" content=\"https:\/\/gohike.lv\/ru\/produkts\/naturehike-outlast-videja-biezuma-termovela-sievietem\/\" \/>\n<meta property=\"og:site_name\" content=\"GoHike\" \/>\n<meta property=\"article:publisher\" content=\"https:\/\/www.facebook.com\/gohike.shop\/\" \/>\n<meta property=\"article:modified_time\" content=\"2026-01-16T04:34:00+00:00\" \/>\n<meta property=\"og:image\" content=\"https:\/\/gohike.lv\/wp-content\/uploads\/2024\/04\/OutlastThermoMidRneck_black.jpeg\" \/>\n\t<meta property=\"og:image:width\" content=\"800\" \/>\n\t<meta property=\"og:image:height\" content=\"800\" \/>\n\t<meta property=\"og:image:type\" content=\"image\/jpeg\" \/>\n<meta name=\"twitter:card\" content=\"summary_large_image\" \/>\n<meta name=\"twitter:title\" content=\"Naturehike - OUTLAST sievie\u0161u vid\u0113ji bieza termojaka ar apa\u013cu kaklu\" \/>\n<meta name=\"twitter:label1\" content=\"\u041f\u0440\u0438\u043c\u0435\u0440\u043d\u043e\u0435 \u0432\u0440\u0435\u043c\u044f \u0434\u043b\u044f \u0447\u0442\u0435\u043d\u0438\u044f\" \/>\n\t<meta name=\"twitter:data1\" content=\"1 \u043c\u0438\u043d\u0443\u0442\u0430\" \/>\n<script type=\"application\/ld+json\" class=\"yoast-schema-graph\">{\"@context\":\"https:\\\/\\\/schema.org\",\"@graph\":[{\"@type\":[\"WebPage\",\"ItemPage\"],\"@id\":\"https:\\\/\\\/gohike.lv\\\/ru\\\/produkts\\\/naturehike-outlast-videja-biezuma-termovela-sievietem\\\/\",\"url\":\"https:\\\/\\\/gohike.lv\\\/ru\\\/produkts\\\/naturehike-outlast-videja-biezuma-termovela-sievietem\\\/\",\"name\":\"Naturehike \u2013 OUTLAST vide\u0304ja biezuma termovel\u0327a\u00a0sieviete\u0304m\",\"isPartOf\":{\"@id\":\"https:\\\/\\\/gohike.lv\\\/ru\\\/#website\"},\"primaryImageOfPage\":{\"@id\":\"https:\\\/\\\/gohike.lv\\\/ru\\\/produkts\\\/naturehike-outlast-videja-biezuma-termovela-sievietem\\\/#primaryimage\"},\"image\":{\"@id\":\"https:\\\/\\\/gohike.lv\\\/ru\\\/produkts\\\/naturehike-outlast-videja-biezuma-termovela-sievietem\\\/#primaryimage\"},\"thumbnailUrl\":\"https:\\\/\\\/gohike.lv\\\/wp-content\\\/uploads\\\/2024\\\/04\\\/OutlastThermoMidRneck_black.jpeg\",\"datePublished\":\"2024-05-07T08:17:51+00:00\",\"dateModified\":\"2026-01-16T04:34:00+00:00\",\"description\":\"Survive\u00ae - Vid\u0113ja biezuma termove\u013ca. Rudens silt\u0101 apak\u0161ve\u013ca -5\u2103~5\u2103\",\"breadcrumb\":{\"@id\":\"https:\\\/\\\/gohike.lv\\\/ru\\\/produkts\\\/naturehike-outlast-videja-biezuma-termovela-sievietem\\\/#breadcrumb\"},\"inLanguage\":\"ru-RU\",\"potentialAction\":[{\"@type\":\"ReadAction\",\"target\":[\"https:\\\/\\\/gohike.lv\\\/ru\\\/produkts\\\/naturehike-outlast-videja-biezuma-termovela-sievietem\\\/\"]}]},{\"@type\":\"ImageObject\",\"inLanguage\":\"ru-RU\",\"@id\":\"https:\\\/\\\/gohike.lv\\\/ru\\\/produkts\\\/naturehike-outlast-videja-biezuma-termovela-sievietem\\\/#primaryimage\",\"url\":\"https:\\\/\\\/gohike.lv\\\/wp-content\\\/uploads\\\/2024\\\/04\\\/OutlastThermoMidRneck_black.jpeg\",\"contentUrl\":\"https:\\\/\\\/gohike.lv\\\/wp-content\\\/uploads\\\/2024\\\/04\\\/OutlastThermoMidRneck_black.jpeg\",\"width\":800,\"height\":800},{\"@type\":\"BreadcrumbList\",\"@id\":\"https:\\\/\\\/gohike.lv\\\/ru\\\/produkts\\\/naturehike-outlast-videja-biezuma-termovela-sievietem\\\/#breadcrumb\",\"itemListElement\":[{\"@type\":\"ListItem\",\"position\":1,\"name\":\"\u0413\u043b\u0430\u0432\u043d\u0430\u044f\",\"item\":\"https:\\\/\\\/gohike.lv\\\/ru\\\/\"},{\"@type\":\"ListItem\",\"position\":2,\"name\":\"\u041a\u0430\u0442\u0435\u0433\u043e\u0440\u0438\u0438 \u0442\u043e\u0432\u0430\u0440\u043e\u0432\",\"item\":\"https:\\\/\\\/gohike.lv\\\/%d0%ba%d0%b0%d1%82%d0%b5%d0%b3%d0%be%d1%80%d0%b8%d0%b8-%d1%82%d0%be%d0%b2%d0%b0%d1%80%d0%be%d0%b2\\\/\"},{\"@type\":\"ListItem\",\"position\":3,\"name\":\"Naturehike \u2013 OUTLAST vide\u0304ja biezuma termovel\u0327a\u00a0sieviete\u0304m\"}]},{\"@type\":\"WebSite\",\"@id\":\"https:\\\/\\\/gohike.lv\\\/ru\\\/#website\",\"url\":\"https:\\\/\\\/gohike.lv\\\/ru\\\/\",\"name\":\"GoHike\",\"description\":\"\",\"publisher\":{\"@id\":\"https:\\\/\\\/gohike.lv\\\/ru\\\/#organization\"},\"potentialAction\":[{\"@type\":\"SearchAction\",\"target\":{\"@type\":\"EntryPoint\",\"urlTemplate\":\"https:\\\/\\\/gohike.lv\\\/ru\\\/?s={search_term_string}\"},\"query-input\":{\"@type\":\"PropertyValueSpecification\",\"valueRequired\":true,\"valueName\":\"search_term_string\"}}],\"inLanguage\":\"ru-RU\"},{\"@type\":\"Organization\",\"@id\":\"https:\\\/\\\/gohike.lv\\\/ru\\\/#organization\",\"name\":\"GoHike\",\"url\":\"https:\\\/\\\/gohike.lv\\\/ru\\\/\",\"logo\":{\"@type\":\"ImageObject\",\"inLanguage\":\"ru-RU\",\"@id\":\"https:\\\/\\\/gohike.lv\\\/ru\\\/#\\\/schema\\\/logo\\\/image\\\/\",\"url\":\"https:\\\/\\\/gohike.lv\\\/wp-content\\\/uploads\\\/2023\\\/08\\\/Logo_GoHike.webp\",\"contentUrl\":\"https:\\\/\\\/gohike.lv\\\/wp-content\\\/uploads\\\/2023\\\/08\\\/Logo_GoHike.webp\",\"width\":512,\"height\":512,\"caption\":\"GoHike\"},\"image\":{\"@id\":\"https:\\\/\\\/gohike.lv\\\/ru\\\/#\\\/schema\\\/logo\\\/image\\\/\"},\"sameAs\":[\"https:\\\/\\\/www.facebook.com\\\/gohike.shop\\\/\",\"https:\\\/\\\/www.instagram.com\\\/gohike.shop\\\/\"]}]}<\/script>\n<!-- \/ Yoast SEO plugin. -->","yoast_head_json":{"title":"Naturehike \u2013 OUTLAST vide\u0304ja biezuma termovel\u0327a\u00a0sieviete\u0304m","description":"Survive\u00ae - Vid\u0113ja biezuma termove\u013ca. Rudens silt\u0101 apak\u0161ve\u013ca -5\u2103~5\u2103","robots":{"index":"index","follow":"follow","max-snippet":"max-snippet:-1","max-image-preview":"max-image-preview:large","max-video-preview":"max-video-preview:-1"},"canonical":"https:\/\/gohike.lv\/ru\/produkts\/naturehike-outlast-videja-biezuma-termovela-sievietem\/","og_locale":"ru_RU","og_type":"article","og_title":"Naturehike - OUTLAST sievie\u0161u vid\u0113ji bieza termojaka ar apa\u013cu kaklu","og_description":"Survive\u00ae - Vid\u0113ja biezuma termove\u013ca. Rudens silt\u0101 apak\u0161ve\u013ca -5\u2103~5\u2103","og_url":"https:\/\/gohike.lv\/ru\/produkts\/naturehike-outlast-videja-biezuma-termovela-sievietem\/","og_site_name":"GoHike","article_publisher":"https:\/\/www.facebook.com\/gohike.shop\/","article_modified_time":"2026-01-16T04:34:00+00:00","og_image":[{"width":800,"height":800,"url":"https:\/\/gohike.lv\/wp-content\/uploads\/2024\/04\/OutlastThermoMidRneck_black.jpeg","type":"image\/jpeg"}],"twitter_card":"summary_large_image","twitter_title":"Naturehike - OUTLAST sievie\u0161u vid\u0113ji bieza termojaka ar apa\u013cu kaklu","twitter_misc":{"\u041f\u0440\u0438\u043c\u0435\u0440\u043d\u043e\u0435 \u0432\u0440\u0435\u043c\u044f \u0434\u043b\u044f \u0447\u0442\u0435\u043d\u0438\u044f":"1 \u043c\u0438\u043d\u0443\u0442\u0430"},"schema":{"@context":"https:\/\/schema.org","@graph":[{"@type":["WebPage","ItemPage"],"@id":"https:\/\/gohike.lv\/ru\/produkts\/naturehike-outlast-videja-biezuma-termovela-sievietem\/","url":"https:\/\/gohike.lv\/ru\/produkts\/naturehike-outlast-videja-biezuma-termovela-sievietem\/","name":"Naturehike \u2013 OUTLAST vide\u0304ja biezuma termovel\u0327a\u00a0sieviete\u0304m","isPartOf":{"@id":"https:\/\/gohike.lv\/ru\/#website"},"primaryImageOfPage":{"@id":"https:\/\/gohike.lv\/ru\/produkts\/naturehike-outlast-videja-biezuma-termovela-sievietem\/#primaryimage"},"image":{"@id":"https:\/\/gohike.lv\/ru\/produkts\/naturehike-outlast-videja-biezuma-termovela-sievietem\/#primaryimage"},"thumbnailUrl":"https:\/\/gohike.lv\/wp-content\/uploads\/2024\/04\/OutlastThermoMidRneck_black.jpeg","datePublished":"2024-05-07T08:17:51+00:00","dateModified":"2026-01-16T04:34:00+00:00","description":"Survive\u00ae - Vid\u0113ja biezuma termove\u013ca. Rudens silt\u0101 apak\u0161ve\u013ca -5\u2103~5\u2103","breadcrumb":{"@id":"https:\/\/gohike.lv\/ru\/produkts\/naturehike-outlast-videja-biezuma-termovela-sievietem\/#breadcrumb"},"inLanguage":"ru-RU","potentialAction":[{"@type":"ReadAction","target":["https:\/\/gohike.lv\/ru\/produkts\/naturehike-outlast-videja-biezuma-termovela-sievietem\/"]}]},{"@type":"ImageObject","inLanguage":"ru-RU","@id":"https:\/\/gohike.lv\/ru\/produkts\/naturehike-outlast-videja-biezuma-termovela-sievietem\/#primaryimage","url":"https:\/\/gohike.lv\/wp-content\/uploads\/2024\/04\/OutlastThermoMidRneck_black.jpeg","contentUrl":"https:\/\/gohike.lv\/wp-content\/uploads\/2024\/04\/OutlastThermoMidRneck_black.jpeg","width":800,"height":800},{"@type":"BreadcrumbList","@id":"https:\/\/gohike.lv\/ru\/produkts\/naturehike-outlast-videja-biezuma-termovela-sievietem\/#breadcrumb","itemListElement":[{"@type":"ListItem","position":1,"name":"\u0413\u043b\u0430\u0432\u043d\u0430\u044f","item":"https:\/\/gohike.lv\/ru\/"},{"@type":"ListItem","position":2,"name":"\u041a\u0430\u0442\u0435\u0433\u043e\u0440\u0438\u0438 \u0442\u043e\u0432\u0430\u0440\u043e\u0432","item":"https:\/\/gohike.lv\/%d0%ba%d0%b0%d1%82%d0%b5%d0%b3%d0%be%d1%80%d0%b8%d0%b8-%d1%82%d0%be%d0%b2%d0%b0%d1%80%d0%be%d0%b2\/"},{"@type":"ListItem","position":3,"name":"Naturehike \u2013 OUTLAST vide\u0304ja biezuma termovel\u0327a\u00a0sieviete\u0304m"}]},{"@type":"WebSite","@id":"https:\/\/gohike.lv\/ru\/#website","url":"https:\/\/gohike.lv\/ru\/","name":"GoHike","description":"","publisher":{"@id":"https:\/\/gohike.lv\/ru\/#organization"},"potentialAction":[{"@type":"SearchAction","target":{"@type":"EntryPoint","urlTemplate":"https:\/\/gohike.lv\/ru\/?s={search_term_string}"},"query-input":{"@type":"PropertyValueSpecification","valueRequired":true,"valueName":"search_term_string"}}],"inLanguage":"ru-RU"},{"@type":"Organization","@id":"https:\/\/gohike.lv\/ru\/#organization","name":"GoHike","url":"https:\/\/gohike.lv\/ru\/","logo":{"@type":"ImageObject","inLanguage":"ru-RU","@id":"https:\/\/gohike.lv\/ru\/#\/schema\/logo\/image\/","url":"https:\/\/gohike.lv\/wp-content\/uploads\/2023\/08\/Logo_GoHike.webp","contentUrl":"https:\/\/gohike.lv\/wp-content\/uploads\/2023\/08\/Logo_GoHike.webp","width":512,"height":512,"caption":"GoHike"},"image":{"@id":"https:\/\/gohike.lv\/ru\/#\/schema\/logo\/image\/"},"sameAs":["https:\/\/www.facebook.com\/gohike.shop\/","https:\/\/www.instagram.com\/gohike.shop\/"]}]}},"jetpack_sharing_enabled":true,"_links":{"self":[{"href":"https:\/\/gohike.lv\/ru\/wp-json\/wp\/v2\/product\/52634","targetHints":{"allow":["GET"]}}],"collection":[{"href":"https:\/\/gohike.lv\/ru\/wp-json\/wp\/v2\/product"}],"about":[{"href":"https:\/\/gohike.lv\/ru\/wp-json\/wp\/v2\/types\/product"}],"version-history":[{"count":0,"href":"https:\/\/gohike.lv\/ru\/wp-json\/wp\/v2\/product\/52634\/revisions"}],"wp:featuredmedia":[{"embeddable":true,"href":"https:\/\/gohike.lv\/ru\/wp-json\/wp\/v2\/media\/31951"}],"wp:attachment":[{"href":"https:\/\/gohike.lv\/ru\/wp-json\/wp\/v2\/media?parent=52634"}],"wp:term":[{"taxonomy":"product_brand","embeddable":true,"href":"https:\/\/gohike.lv\/ru\/wp-json\/wp\/v2\/product_brand?post=52634"},{"taxonomy":"product_cat","embeddable":true,"href":"https:\/\/gohike.lv\/ru\/wp-json\/wp\/v2\/product_cat?post=52634"},{"taxonomy":"product_tag","embeddable":true,"href":"https:\/\/gohike.lv\/ru\/wp-json\/wp\/v2\/product_tag?post=52634"}],"curies":[{"name":"wp","href":"https:\/\/api.w.org\/{rel}","templated":true}]}}