{"id":52603,"date":"2024-05-07T11:16:53","date_gmt":"2024-05-07T08:16:53","guid":{"rendered":"https:\/\/gohike.lv\/produkts\/naturehike-outlast-viriesu-termovela-plana\/"},"modified":"2026-03-14T08:34:37","modified_gmt":"2026-03-14T05:34:37","slug":"naturehike-outlast-viriesu-termovela-plana","status":"publish","type":"product","link":"https:\/\/gohike.lv\/ru\/produkts\/naturehike-outlast-viriesu-termovela-plana\/","title":{"rendered":"Naturehike &#8212; OUTLAST v\u012brie\u0161u termove\u013ca (pl\u0101na)"},"content":{"rendered":"<p>Naturehike termove\u013cai ir siltumizol\u0101cijas un mitrumu uzs\u016bco\u0161as \u012bpa\u0161\u012bbas, nodro\u0161inot maksim\u0101lu komfortu akt\u012bv\u0101s atp\u016btas un sporta laik\u0101 starpsezon\u0101.<br \/>\nAudums ir antistatisks un ir paz\u012bstams k\u0101 &#171;sint\u0113tisk\u0101 vilna&#187;, kas saglab\u0101 dabisko siltumu efekt\u012bv\u0101k nek\u0101 dab\u012bgais materi\u0101ls.<br \/>\nAugst\u0101 \u0161\u0137iedru iztur\u012bba ne\u013cauj audumam nodilst regul\u0101ras lieto\u0161anas gad\u012bjum\u0101. Ve\u013cu var mazg\u0101t ve\u013casma\u0161\u012bn\u0101.<br \/>\n\u0160\u016b\u0161anai izmantotais materi\u0101ls ir izveidots, izmantojot \u012bpa\u0161u Outlast tehnolo\u0123iju, ko NASA izgudroja, lai nodro\u0161in\u0101tu astronautu komfortu temperat\u016bras izmai\u0146u laik\u0101 kosmos\u0101.<br \/>\nPaaugstinoties \u0137erme\u0146a temperat\u016brai, audums uzs\u016bc sviedrus, un t\u0101 elpojo\u0161\u0101s \u012bpa\u0161\u012bbas ne\u013cauj \u0137ermenim p\u0101rkarst.<br \/>\nPoliakrilnitrila glud\u0101 virsma atg\u0101dina z\u012bdu un nekairina \u0101du.<br \/>\nTermisk\u0101 apak\u0161ve\u013ca nezaud\u0113 savu formu, to atk\u0101rtoti izstiepjot, un cie\u0161i piegu\u013c fig\u016brai, neierobe\u017eojot kust\u012bbas.<br \/>\nRaksturlielumi:<br \/>\nOptim\u0101l\u0101 gaisa temperat\u016bra komplekta n\u0113s\u0101\u0161anai: 5-15\u00b0C;<br \/>\nMateri\u0101ls: 63,5% poliakrilnitrils, 27,5% mod\u0101ls, 9% spandekss;<\/p>\n","protected":false},"excerpt":{"rendered":"<p>Komplekts ir \u0161\u016bts no Outlast poliakrilnitrila \u0161\u0137iedras, kas ir elast\u012bga un \u0113rti piegulo\u0161a. Materi\u0101ls pasarg\u0101 no aukstuma un v\u0113ja.<\/p>\n","protected":false},"featured_media":31909,"template":"","meta":[],"product_brand":[167],"product_cat":[1419,9447],"product_tag":[],"class_list":{"0":"post-52603","1":"product","2":"type-product","3":"status-publish","4":"has-post-thumbnail","6":"product_brand-naturehike-lv","7":"product_cat-apgerbs","8":"product_cat-izpardosana","9":"pa_izmers-l175-92a","10":"pa_izmers-m170-88a","11":"pa_izmers-xl180-96a","12":"pa_krasa-armijas-zals","13":"pa_krasa-melns","14":"pa_produkta-tips-termovela","16":"first","17":"instock","18":"sale","19":"taxable","20":"shipping-taxable","21":"purchasable","22":"product-type-variable","23":"has-default-attributes"},"raw_content":{"name":"Naturehike - OUTLAST v\u012brie\u0161u termove\u013ca (pl\u0101na)","description":"Naturehike termove\u013cai ir siltumizol\u0101cijas un mitrumu uzs\u016bco\u0161as \u012bpa\u0161\u012bbas, nodro\u0161inot maksim\u0101lu komfortu akt\u012bv\u0101s atp\u016btas un sporta laik\u0101 starpsezon\u0101.\r\nAudums ir antistatisks un ir paz\u012bstams k\u0101 \"sint\u0113tisk\u0101 vilna\", kas saglab\u0101 dabisko siltumu efekt\u012bv\u0101k nek\u0101 dab\u012bgais materi\u0101ls.\r\nAugst\u0101 \u0161\u0137iedru iztur\u012bba ne\u013cauj audumam nodilst regul\u0101ras lieto\u0161anas gad\u012bjum\u0101. Ve\u013cu var mazg\u0101t ve\u013casma\u0161\u012bn\u0101.\r\n\u0160\u016b\u0161anai izmantotais materi\u0101ls ir izveidots, izmantojot \u012bpa\u0161u Outlast tehnolo\u0123iju, ko NASA izgudroja, lai nodro\u0161in\u0101tu astronautu komfortu temperat\u016bras izmai\u0146u laik\u0101 kosmos\u0101.\r\nPaaugstinoties \u0137erme\u0146a temperat\u016brai, audums uzs\u016bc sviedrus, un t\u0101 elpojo\u0161\u0101s \u012bpa\u0161\u012bbas ne\u013cauj \u0137ermenim p\u0101rkarst.\r\nPoliakrilnitrila glud\u0101 virsma atg\u0101dina z\u012bdu un nekairina \u0101du.\r\nTermisk\u0101 apak\u0161ve\u013ca nezaud\u0113 savu formu, to atk\u0101rtoti izstiepjot, un cie\u0161i piegu\u013c fig\u016brai, neierobe\u017eojot kust\u012bbas.\r\nRaksturlielumi:\r\nOptim\u0101l\u0101 gaisa temperat\u016bra komplekta n\u0113s\u0101\u0161anai: 5-15\u00b0C;\r\nMateri\u0101ls: 63,5% poliakrilnitrils, 27,5% mod\u0101ls, 9% spandekss;","short_description":"Komplekts ir \u0161\u016bts no Outlast poliakrilnitrila \u0161\u0137iedras, kas ir elast\u012bga un \u0113rti piegulo\u0161a. Materi\u0101ls pasarg\u0101 no aukstuma un v\u0113ja.","status":"publish","sku":"nat000124","original":52603},"wpml":{"translation_type":1,"has_translations":true,"original":52603,"duplicates":[],"translations":{"lv":52603,"en":68244,"ru":null}},"supplier_id":null,"supplier_sku":"","barcode":null,"atum_controlled":true,"out_stock_date":null,"out_stock_threshold":null,"inheritable":true,"inbound_stock":0,"stock_on_hold":0,"sold_today":0,"sales_last_days":0,"reserved_stock":0,"customer_returns":0,"warehouse_damage":0,"lost_in_post":0,"other_logs":0,"out_stock_days":0,"lost_sales":0,"has_location":false,"update_date":"2025-11-13T13:36:33","atum_locations":[],"atum_stock_status":"instock","restock_status":false,"low_stock_amount":"","sales_update_date":"2025-11-13T13:36:33","calc_backorders":null,"yoast_head":"<!-- This site is optimized with the Yoast SEO plugin v27.3 - https:\/\/yoast.com\/product\/yoast-seo-wordpress\/ -->\n<title>Naturehike - OUTLAST v\u012brie\u0161u termove\u013ca (pl\u0101na)<\/title>\n<meta name=\"description\" content=\"Komplekts ir \u0161\u016bts no Outlast poliakrilnitrila \u0161\u0137iedras, kas ir elast\u012bga un \u0113rti piegulo\u0161a. Materi\u0101ls pasarg\u0101 no aukstuma un v\u0113ja.\" \/>\n<meta name=\"robots\" content=\"index, follow, max-snippet:-1, max-image-preview:large, max-video-preview:-1\" \/>\n<link rel=\"canonical\" href=\"https:\/\/gohike.lv\/ru\/produkts\/naturehike-outlast-viriesu-termovela-plana\/\" \/>\n<meta property=\"og:locale\" content=\"ru_RU\" \/>\n<meta property=\"og:type\" content=\"article\" \/>\n<meta property=\"og:title\" content=\"Naturehike - OUTLAST v\u012brie\u0161u termove\u013ca (pl\u0101na)\" \/>\n<meta property=\"og:description\" content=\"Komplekts ir \u0161\u016bts no Outlast poliakrilnitrila \u0161\u0137iedras, kas ir elast\u012bga un \u0113rti piegulo\u0161a. Materi\u0101ls pasarg\u0101 no aukstuma un v\u0113ja.\" \/>\n<meta property=\"og:url\" content=\"https:\/\/gohike.lv\/ru\/produkts\/naturehike-outlast-viriesu-termovela-plana\/\" \/>\n<meta property=\"og:site_name\" content=\"GoHike\" \/>\n<meta property=\"article:publisher\" content=\"https:\/\/www.facebook.com\/gohike.shop\/\" \/>\n<meta property=\"article:modified_time\" content=\"2026-03-14T05:34:37+00:00\" \/>\n<meta property=\"og:image\" content=\"https:\/\/gohike.lv\/wp-content\/uploads\/2024\/04\/OutlastThermo_black.webp\" \/>\n\t<meta property=\"og:image:width\" content=\"970\" \/>\n\t<meta property=\"og:image:height\" content=\"970\" \/>\n\t<meta property=\"og:image:type\" content=\"image\/webp\" \/>\n<meta name=\"twitter:card\" content=\"summary_large_image\" \/>\n<meta name=\"twitter:title\" content=\"Naturehike - OUTLAST v\u012brie\u0161u termove\u013ca (pl\u0101na)\" \/>\n<meta name=\"twitter:label1\" content=\"\u041f\u0440\u0438\u043c\u0435\u0440\u043d\u043e\u0435 \u0432\u0440\u0435\u043c\u044f \u0434\u043b\u044f \u0447\u0442\u0435\u043d\u0438\u044f\" \/>\n\t<meta name=\"twitter:data1\" content=\"1 \u043c\u0438\u043d\u0443\u0442\u0430\" \/>\n<script type=\"application\/ld+json\" class=\"yoast-schema-graph\">{\"@context\":\"https:\\\/\\\/schema.org\",\"@graph\":[{\"@type\":[\"WebPage\",\"ItemPage\"],\"@id\":\"https:\\\/\\\/gohike.lv\\\/ru\\\/produkts\\\/naturehike-outlast-viriesu-termovela-plana\\\/\",\"url\":\"https:\\\/\\\/gohike.lv\\\/ru\\\/produkts\\\/naturehike-outlast-viriesu-termovela-plana\\\/\",\"name\":\"Naturehike - OUTLAST v\u012brie\u0161u termove\u013ca (pl\u0101na)\",\"isPartOf\":{\"@id\":\"https:\\\/\\\/gohike.lv\\\/ru\\\/#website\"},\"primaryImageOfPage\":{\"@id\":\"https:\\\/\\\/gohike.lv\\\/ru\\\/produkts\\\/naturehike-outlast-viriesu-termovela-plana\\\/#primaryimage\"},\"image\":{\"@id\":\"https:\\\/\\\/gohike.lv\\\/ru\\\/produkts\\\/naturehike-outlast-viriesu-termovela-plana\\\/#primaryimage\"},\"thumbnailUrl\":\"https:\\\/\\\/gohike.lv\\\/wp-content\\\/uploads\\\/2024\\\/04\\\/OutlastThermo_black.webp\",\"datePublished\":\"2024-05-07T08:16:53+00:00\",\"dateModified\":\"2026-03-14T05:34:37+00:00\",\"description\":\"Komplekts ir \u0161\u016bts no Outlast poliakrilnitrila \u0161\u0137iedras, kas ir elast\u012bga un \u0113rti piegulo\u0161a. Materi\u0101ls pasarg\u0101 no aukstuma un v\u0113ja.\",\"breadcrumb\":{\"@id\":\"https:\\\/\\\/gohike.lv\\\/ru\\\/produkts\\\/naturehike-outlast-viriesu-termovela-plana\\\/#breadcrumb\"},\"inLanguage\":\"ru-RU\",\"potentialAction\":[{\"@type\":\"ReadAction\",\"target\":[\"https:\\\/\\\/gohike.lv\\\/ru\\\/produkts\\\/naturehike-outlast-viriesu-termovela-plana\\\/\"]}]},{\"@type\":\"ImageObject\",\"inLanguage\":\"ru-RU\",\"@id\":\"https:\\\/\\\/gohike.lv\\\/ru\\\/produkts\\\/naturehike-outlast-viriesu-termovela-plana\\\/#primaryimage\",\"url\":\"https:\\\/\\\/gohike.lv\\\/wp-content\\\/uploads\\\/2024\\\/04\\\/OutlastThermo_black.webp\",\"contentUrl\":\"https:\\\/\\\/gohike.lv\\\/wp-content\\\/uploads\\\/2024\\\/04\\\/OutlastThermo_black.webp\",\"width\":970,\"height\":970},{\"@type\":\"BreadcrumbList\",\"@id\":\"https:\\\/\\\/gohike.lv\\\/ru\\\/produkts\\\/naturehike-outlast-viriesu-termovela-plana\\\/#breadcrumb\",\"itemListElement\":[{\"@type\":\"ListItem\",\"position\":1,\"name\":\"\u0413\u043b\u0430\u0432\u043d\u0430\u044f\",\"item\":\"https:\\\/\\\/gohike.lv\\\/ru\\\/\"},{\"@type\":\"ListItem\",\"position\":2,\"name\":\"\u041a\u0430\u0442\u0435\u0433\u043e\u0440\u0438\u0438 \u0442\u043e\u0432\u0430\u0440\u043e\u0432\",\"item\":\"https:\\\/\\\/gohike.lv\\\/%d0%ba%d0%b0%d1%82%d0%b5%d0%b3%d0%be%d1%80%d0%b8%d0%b8-%d1%82%d0%be%d0%b2%d0%b0%d1%80%d0%be%d0%b2\\\/\"},{\"@type\":\"ListItem\",\"position\":3,\"name\":\"Naturehike &#8211; OUTLAST v\u012brie\u0161u termove\u013ca (pl\u0101na)\"}]},{\"@type\":\"WebSite\",\"@id\":\"https:\\\/\\\/gohike.lv\\\/ru\\\/#website\",\"url\":\"https:\\\/\\\/gohike.lv\\\/ru\\\/\",\"name\":\"GoHike\",\"description\":\"\",\"publisher\":{\"@id\":\"https:\\\/\\\/gohike.lv\\\/ru\\\/#organization\"},\"potentialAction\":[{\"@type\":\"SearchAction\",\"target\":{\"@type\":\"EntryPoint\",\"urlTemplate\":\"https:\\\/\\\/gohike.lv\\\/ru\\\/?s={search_term_string}\"},\"query-input\":{\"@type\":\"PropertyValueSpecification\",\"valueRequired\":true,\"valueName\":\"search_term_string\"}}],\"inLanguage\":\"ru-RU\"},{\"@type\":\"Organization\",\"@id\":\"https:\\\/\\\/gohike.lv\\\/ru\\\/#organization\",\"name\":\"GoHike\",\"url\":\"https:\\\/\\\/gohike.lv\\\/ru\\\/\",\"logo\":{\"@type\":\"ImageObject\",\"inLanguage\":\"ru-RU\",\"@id\":\"https:\\\/\\\/gohike.lv\\\/ru\\\/#\\\/schema\\\/logo\\\/image\\\/\",\"url\":\"https:\\\/\\\/gohike.lv\\\/wp-content\\\/uploads\\\/2023\\\/08\\\/Logo_GoHike.webp\",\"contentUrl\":\"https:\\\/\\\/gohike.lv\\\/wp-content\\\/uploads\\\/2023\\\/08\\\/Logo_GoHike.webp\",\"width\":512,\"height\":512,\"caption\":\"GoHike\"},\"image\":{\"@id\":\"https:\\\/\\\/gohike.lv\\\/ru\\\/#\\\/schema\\\/logo\\\/image\\\/\"},\"sameAs\":[\"https:\\\/\\\/www.facebook.com\\\/gohike.shop\\\/\",\"https:\\\/\\\/www.instagram.com\\\/gohike.shop\\\/\"]}]}<\/script>\n<!-- \/ Yoast SEO plugin. -->","yoast_head_json":{"title":"Naturehike - OUTLAST v\u012brie\u0161u termove\u013ca (pl\u0101na)","description":"Komplekts ir \u0161\u016bts no Outlast poliakrilnitrila \u0161\u0137iedras, kas ir elast\u012bga un \u0113rti piegulo\u0161a. Materi\u0101ls pasarg\u0101 no aukstuma un v\u0113ja.","robots":{"index":"index","follow":"follow","max-snippet":"max-snippet:-1","max-image-preview":"max-image-preview:large","max-video-preview":"max-video-preview:-1"},"canonical":"https:\/\/gohike.lv\/ru\/produkts\/naturehike-outlast-viriesu-termovela-plana\/","og_locale":"ru_RU","og_type":"article","og_title":"Naturehike - OUTLAST v\u012brie\u0161u termove\u013ca (pl\u0101na)","og_description":"Komplekts ir \u0161\u016bts no Outlast poliakrilnitrila \u0161\u0137iedras, kas ir elast\u012bga un \u0113rti piegulo\u0161a. Materi\u0101ls pasarg\u0101 no aukstuma un v\u0113ja.","og_url":"https:\/\/gohike.lv\/ru\/produkts\/naturehike-outlast-viriesu-termovela-plana\/","og_site_name":"GoHike","article_publisher":"https:\/\/www.facebook.com\/gohike.shop\/","article_modified_time":"2026-03-14T05:34:37+00:00","og_image":[{"width":970,"height":970,"url":"https:\/\/gohike.lv\/wp-content\/uploads\/2024\/04\/OutlastThermo_black.webp","type":"image\/webp"}],"twitter_card":"summary_large_image","twitter_title":"Naturehike - OUTLAST v\u012brie\u0161u termove\u013ca (pl\u0101na)","twitter_misc":{"\u041f\u0440\u0438\u043c\u0435\u0440\u043d\u043e\u0435 \u0432\u0440\u0435\u043c\u044f \u0434\u043b\u044f \u0447\u0442\u0435\u043d\u0438\u044f":"1 \u043c\u0438\u043d\u0443\u0442\u0430"},"schema":{"@context":"https:\/\/schema.org","@graph":[{"@type":["WebPage","ItemPage"],"@id":"https:\/\/gohike.lv\/ru\/produkts\/naturehike-outlast-viriesu-termovela-plana\/","url":"https:\/\/gohike.lv\/ru\/produkts\/naturehike-outlast-viriesu-termovela-plana\/","name":"Naturehike - OUTLAST v\u012brie\u0161u termove\u013ca (pl\u0101na)","isPartOf":{"@id":"https:\/\/gohike.lv\/ru\/#website"},"primaryImageOfPage":{"@id":"https:\/\/gohike.lv\/ru\/produkts\/naturehike-outlast-viriesu-termovela-plana\/#primaryimage"},"image":{"@id":"https:\/\/gohike.lv\/ru\/produkts\/naturehike-outlast-viriesu-termovela-plana\/#primaryimage"},"thumbnailUrl":"https:\/\/gohike.lv\/wp-content\/uploads\/2024\/04\/OutlastThermo_black.webp","datePublished":"2024-05-07T08:16:53+00:00","dateModified":"2026-03-14T05:34:37+00:00","description":"Komplekts ir \u0161\u016bts no Outlast poliakrilnitrila \u0161\u0137iedras, kas ir elast\u012bga un \u0113rti piegulo\u0161a. Materi\u0101ls pasarg\u0101 no aukstuma un v\u0113ja.","breadcrumb":{"@id":"https:\/\/gohike.lv\/ru\/produkts\/naturehike-outlast-viriesu-termovela-plana\/#breadcrumb"},"inLanguage":"ru-RU","potentialAction":[{"@type":"ReadAction","target":["https:\/\/gohike.lv\/ru\/produkts\/naturehike-outlast-viriesu-termovela-plana\/"]}]},{"@type":"ImageObject","inLanguage":"ru-RU","@id":"https:\/\/gohike.lv\/ru\/produkts\/naturehike-outlast-viriesu-termovela-plana\/#primaryimage","url":"https:\/\/gohike.lv\/wp-content\/uploads\/2024\/04\/OutlastThermo_black.webp","contentUrl":"https:\/\/gohike.lv\/wp-content\/uploads\/2024\/04\/OutlastThermo_black.webp","width":970,"height":970},{"@type":"BreadcrumbList","@id":"https:\/\/gohike.lv\/ru\/produkts\/naturehike-outlast-viriesu-termovela-plana\/#breadcrumb","itemListElement":[{"@type":"ListItem","position":1,"name":"\u0413\u043b\u0430\u0432\u043d\u0430\u044f","item":"https:\/\/gohike.lv\/ru\/"},{"@type":"ListItem","position":2,"name":"\u041a\u0430\u0442\u0435\u0433\u043e\u0440\u0438\u0438 \u0442\u043e\u0432\u0430\u0440\u043e\u0432","item":"https:\/\/gohike.lv\/%d0%ba%d0%b0%d1%82%d0%b5%d0%b3%d0%be%d1%80%d0%b8%d0%b8-%d1%82%d0%be%d0%b2%d0%b0%d1%80%d0%be%d0%b2\/"},{"@type":"ListItem","position":3,"name":"Naturehike &#8211; OUTLAST v\u012brie\u0161u termove\u013ca (pl\u0101na)"}]},{"@type":"WebSite","@id":"https:\/\/gohike.lv\/ru\/#website","url":"https:\/\/gohike.lv\/ru\/","name":"GoHike","description":"","publisher":{"@id":"https:\/\/gohike.lv\/ru\/#organization"},"potentialAction":[{"@type":"SearchAction","target":{"@type":"EntryPoint","urlTemplate":"https:\/\/gohike.lv\/ru\/?s={search_term_string}"},"query-input":{"@type":"PropertyValueSpecification","valueRequired":true,"valueName":"search_term_string"}}],"inLanguage":"ru-RU"},{"@type":"Organization","@id":"https:\/\/gohike.lv\/ru\/#organization","name":"GoHike","url":"https:\/\/gohike.lv\/ru\/","logo":{"@type":"ImageObject","inLanguage":"ru-RU","@id":"https:\/\/gohike.lv\/ru\/#\/schema\/logo\/image\/","url":"https:\/\/gohike.lv\/wp-content\/uploads\/2023\/08\/Logo_GoHike.webp","contentUrl":"https:\/\/gohike.lv\/wp-content\/uploads\/2023\/08\/Logo_GoHike.webp","width":512,"height":512,"caption":"GoHike"},"image":{"@id":"https:\/\/gohike.lv\/ru\/#\/schema\/logo\/image\/"},"sameAs":["https:\/\/www.facebook.com\/gohike.shop\/","https:\/\/www.instagram.com\/gohike.shop\/"]}]}},"jetpack_sharing_enabled":true,"_links":{"self":[{"href":"https:\/\/gohike.lv\/ru\/wp-json\/wp\/v2\/product\/52603","targetHints":{"allow":["GET"]}}],"collection":[{"href":"https:\/\/gohike.lv\/ru\/wp-json\/wp\/v2\/product"}],"about":[{"href":"https:\/\/gohike.lv\/ru\/wp-json\/wp\/v2\/types\/product"}],"version-history":[{"count":0,"href":"https:\/\/gohike.lv\/ru\/wp-json\/wp\/v2\/product\/52603\/revisions"}],"wp:featuredmedia":[{"embeddable":true,"href":"https:\/\/gohike.lv\/ru\/wp-json\/wp\/v2\/media\/31909"}],"wp:attachment":[{"href":"https:\/\/gohike.lv\/ru\/wp-json\/wp\/v2\/media?parent=52603"}],"wp:term":[{"taxonomy":"product_brand","embeddable":true,"href":"https:\/\/gohike.lv\/ru\/wp-json\/wp\/v2\/product_brand?post=52603"},{"taxonomy":"product_cat","embeddable":true,"href":"https:\/\/gohike.lv\/ru\/wp-json\/wp\/v2\/product_cat?post=52603"},{"taxonomy":"product_tag","embeddable":true,"href":"https:\/\/gohike.lv\/ru\/wp-json\/wp\/v2\/product_tag?post=52603"}],"curies":[{"name":"wp","href":"https:\/\/api.w.org\/{rel}","templated":true}]}}