{"id":52590,"date":"2024-05-07T11:15:48","date_gmt":"2024-05-07T08:15:48","guid":{"rendered":"https:\/\/gohike.lv\/produkts\/naturehike-triecienu-absorbejosas-merino-vilnas-zekes\/"},"modified":"2025-12-30T17:10:20","modified_gmt":"2025-12-30T14:10:20","slug":"naturehike-trekinga-absorbejosas-merino-vilnas-zekes","status":"publish","type":"product","link":"https:\/\/gohike.lv\/ru\/produkts\/naturehike-trekinga-absorbejosas-merino-vilnas-zekes\/","title":{"rendered":"Naturehike &#8212; Absorb\u0113jo\u0161as trekinga ze\u0137es ar Merino vilnu"},"content":{"rendered":"<p>Merino ir vilnas nosaukums, kas ieg\u016bta no Merino ait\u0101m, kuru izcelsme ir Sp\u0101nija.<br \/>\nMerino vilna no citiem vilnas veidiem at\u0161\u0137iras ar augstu m\u012bkstuma l\u012bmeni un smalk\u0101m \u0161\u0137iedr\u0101m.<br \/>\nTo uzskata par \u012bpa\u0161i v\u0113rt\u012bgu ap\u0123\u0113rbu ra\u017eo\u0161an\u0101.<br \/>\nT\u0101s \u012bpa\u0161\u012bbas ir termiska izol\u0101cija, pateicoties t\u0101 augstajam bl\u012bvumam un maigumam.<br \/>\nRaksturlielumi:<br \/>\nMateri\u0101ls: merino vilna, neilons, likra;<br \/>\nSvars: 96g.<\/p>\n","protected":false},"excerpt":{"rendered":"<p>Naturehike Merino Wool ze\u0137es no dab\u012bgas, pl\u0101nas un m\u012bkstas merino vilnas. Merino vilna nodro\u0161ina siltumu un elpojo\u0161a, nov\u0113r\u0161ot nepat\u012bkamas smakas.<\/p>\n","protected":false},"featured_media":31881,"template":"","meta":[],"product_brand":[167],"product_cat":[1419],"product_tag":[],"class_list":{"0":"post-52590","1":"product","2":"type-product","3":"status-publish","4":"has-post-thumbnail","6":"product_brand-naturehike-lv","7":"product_cat-apgerbs","8":"pa_izmers-l-40-43","9":"pa_izmers-m-36-39","10":"pa_produkta-tips-zekes","12":"first","13":"instock","14":"taxable","15":"shipping-taxable","16":"purchasable","17":"product-type-variable","18":"has-default-attributes"},"raw_content":{"name":"Naturehike - Absorb\u0113jo\u0161as trekinga ze\u0137es ar Merino vilnu","description":"Merino ir vilnas nosaukums, kas ieg\u016bta no Merino ait\u0101m, kuru izcelsme ir Sp\u0101nija.\nMerino vilna no citiem vilnas veidiem at\u0161\u0137iras ar augstu m\u012bkstuma l\u012bmeni un smalk\u0101m \u0161\u0137iedr\u0101m.\nTo uzskata par \u012bpa\u0161i v\u0113rt\u012bgu ap\u0123\u0113rbu ra\u017eo\u0161an\u0101.\nT\u0101s \u012bpa\u0161\u012bbas ir termiska izol\u0101cija, pateicoties t\u0101 augstajam bl\u012bvumam un maigumam.\nRaksturlielumi:\nMateri\u0101ls: merino vilna, neilons, likra;\nSvars: 96g.","short_description":"Naturehike Merino Wool ze\u0137es no dab\u012bgas, pl\u0101nas un m\u012bkstas merino vilnas. Merino vilna nodro\u0161ina siltumu un elpojo\u0161a, nov\u0113r\u0161ot nepat\u012bkamas smakas.","status":"publish","sku":"nat000121","original":52590},"wpml":{"translation_type":1,"has_translations":true,"original":52590,"duplicates":[],"translations":{"lv":52590,"en":68266,"ru":null}},"supplier_id":null,"supplier_sku":"","barcode":null,"atum_controlled":true,"out_stock_date":null,"out_stock_threshold":null,"inheritable":false,"inbound_stock":0,"stock_on_hold":0,"sold_today":0,"sales_last_days":0,"reserved_stock":0,"customer_returns":0,"warehouse_damage":0,"lost_in_post":0,"other_logs":0,"out_stock_days":0,"lost_sales":0,"has_location":false,"update_date":"2025-12-30T14:13:30","atum_locations":[],"atum_stock_status":"instock","restock_status":false,"low_stock_amount":"","sales_update_date":"2025-11-13T13:36:33","calc_backorders":null,"yoast_head":"<!-- This site is optimized with the Yoast SEO plugin v27.3 - https:\/\/yoast.com\/product\/yoast-seo-wordpress\/ -->\n<title>Naturehike - Absorb\u0113jo\u0161as trekinga ze\u0137es ar Merino vilnu<\/title>\n<meta name=\"description\" content=\"Naturehike Merino Wool ze\u0137es no dab\u012bgas, pl\u0101nas un m\u012bkstas merino vilnas. Merino vilna nodro\u0161ina siltumu un elpojo\u0161a, nov\u0113r\u0161ot nepat\u012bkamas smakas.\" \/>\n<meta name=\"robots\" content=\"index, follow, max-snippet:-1, max-image-preview:large, max-video-preview:-1\" \/>\n<link rel=\"canonical\" href=\"https:\/\/gohike.lv\/ru\/produkts\/naturehike-trekinga-absorbejosas-merino-vilnas-zekes\/\" \/>\n<meta property=\"og:locale\" content=\"ru_RU\" \/>\n<meta property=\"og:type\" content=\"article\" \/>\n<meta property=\"og:title\" content=\"Naturehike - Triecienu absorb\u0113jo\u0161as Merino vilnas ze\u0137es\" \/>\n<meta property=\"og:description\" content=\"Naturehike Merino Wool ze\u0137es no dab\u012bgas, pl\u0101nas un m\u012bkstas merino vilnas. Merino vilna nodro\u0161ina siltumu un elpojo\u0161a, nov\u0113r\u0161ot nepat\u012bkamas smakas.\" \/>\n<meta property=\"og:url\" content=\"https:\/\/gohike.lv\/ru\/produkts\/naturehike-trekinga-absorbejosas-merino-vilnas-zekes\/\" \/>\n<meta property=\"og:site_name\" content=\"GoHike\" \/>\n<meta property=\"article:publisher\" content=\"https:\/\/www.facebook.com\/gohike.shop\/\" \/>\n<meta property=\"article:modified_time\" content=\"2025-12-30T14:10:20+00:00\" \/>\n<meta property=\"og:image\" content=\"https:\/\/gohike.lv\/wp-content\/uploads\/2024\/04\/ShockWoolSocks_.webp\" \/>\n\t<meta property=\"og:image:width\" content=\"630\" \/>\n\t<meta property=\"og:image:height\" content=\"630\" \/>\n\t<meta property=\"og:image:type\" content=\"image\/webp\" \/>\n<meta name=\"twitter:card\" content=\"summary_large_image\" \/>\n<meta name=\"twitter:title\" content=\"Naturehike - Triecienu absorb\u0113jo\u0161as Merino vilnas ze\u0137es\" \/>\n<meta name=\"twitter:label1\" content=\"\u041f\u0440\u0438\u043c\u0435\u0440\u043d\u043e\u0435 \u0432\u0440\u0435\u043c\u044f \u0434\u043b\u044f \u0447\u0442\u0435\u043d\u0438\u044f\" \/>\n\t<meta name=\"twitter:data1\" content=\"1 \u043c\u0438\u043d\u0443\u0442\u0430\" \/>\n<script type=\"application\/ld+json\" class=\"yoast-schema-graph\">{\"@context\":\"https:\\\/\\\/schema.org\",\"@graph\":[{\"@type\":[\"WebPage\",\"ItemPage\"],\"@id\":\"https:\\\/\\\/gohike.lv\\\/ru\\\/produkts\\\/naturehike-trekinga-absorbejosas-merino-vilnas-zekes\\\/\",\"url\":\"https:\\\/\\\/gohike.lv\\\/ru\\\/produkts\\\/naturehike-trekinga-absorbejosas-merino-vilnas-zekes\\\/\",\"name\":\"Naturehike - Absorb\u0113jo\u0161as trekinga ze\u0137es ar Merino vilnu\",\"isPartOf\":{\"@id\":\"https:\\\/\\\/gohike.lv\\\/ru\\\/#website\"},\"primaryImageOfPage\":{\"@id\":\"https:\\\/\\\/gohike.lv\\\/ru\\\/produkts\\\/naturehike-trekinga-absorbejosas-merino-vilnas-zekes\\\/#primaryimage\"},\"image\":{\"@id\":\"https:\\\/\\\/gohike.lv\\\/ru\\\/produkts\\\/naturehike-trekinga-absorbejosas-merino-vilnas-zekes\\\/#primaryimage\"},\"thumbnailUrl\":\"https:\\\/\\\/gohike.lv\\\/wp-content\\\/uploads\\\/2024\\\/04\\\/ShockWoolSocks_.webp\",\"datePublished\":\"2024-05-07T08:15:48+00:00\",\"dateModified\":\"2025-12-30T14:10:20+00:00\",\"description\":\"Naturehike Merino Wool ze\u0137es no dab\u012bgas, pl\u0101nas un m\u012bkstas merino vilnas. Merino vilna nodro\u0161ina siltumu un elpojo\u0161a, nov\u0113r\u0161ot nepat\u012bkamas smakas.\",\"breadcrumb\":{\"@id\":\"https:\\\/\\\/gohike.lv\\\/ru\\\/produkts\\\/naturehike-trekinga-absorbejosas-merino-vilnas-zekes\\\/#breadcrumb\"},\"inLanguage\":\"ru-RU\",\"potentialAction\":[{\"@type\":\"ReadAction\",\"target\":[\"https:\\\/\\\/gohike.lv\\\/ru\\\/produkts\\\/naturehike-trekinga-absorbejosas-merino-vilnas-zekes\\\/\"]}]},{\"@type\":\"ImageObject\",\"inLanguage\":\"ru-RU\",\"@id\":\"https:\\\/\\\/gohike.lv\\\/ru\\\/produkts\\\/naturehike-trekinga-absorbejosas-merino-vilnas-zekes\\\/#primaryimage\",\"url\":\"https:\\\/\\\/gohike.lv\\\/wp-content\\\/uploads\\\/2024\\\/04\\\/ShockWoolSocks_.webp\",\"contentUrl\":\"https:\\\/\\\/gohike.lv\\\/wp-content\\\/uploads\\\/2024\\\/04\\\/ShockWoolSocks_.webp\",\"width\":630,\"height\":630},{\"@type\":\"BreadcrumbList\",\"@id\":\"https:\\\/\\\/gohike.lv\\\/ru\\\/produkts\\\/naturehike-trekinga-absorbejosas-merino-vilnas-zekes\\\/#breadcrumb\",\"itemListElement\":[{\"@type\":\"ListItem\",\"position\":1,\"name\":\"\u0413\u043b\u0430\u0432\u043d\u0430\u044f\",\"item\":\"https:\\\/\\\/gohike.lv\\\/ru\\\/\"},{\"@type\":\"ListItem\",\"position\":2,\"name\":\"\u041a\u0430\u0442\u0435\u0433\u043e\u0440\u0438\u0438 \u0442\u043e\u0432\u0430\u0440\u043e\u0432\",\"item\":\"https:\\\/\\\/gohike.lv\\\/%d0%ba%d0%b0%d1%82%d0%b5%d0%b3%d0%be%d1%80%d0%b8%d0%b8-%d1%82%d0%be%d0%b2%d0%b0%d1%80%d0%be%d0%b2\\\/\"},{\"@type\":\"ListItem\",\"position\":3,\"name\":\"Naturehike &#8211; Absorb\u0113jo\u0161as trekinga ze\u0137es ar Merino vilnu\"}]},{\"@type\":\"WebSite\",\"@id\":\"https:\\\/\\\/gohike.lv\\\/ru\\\/#website\",\"url\":\"https:\\\/\\\/gohike.lv\\\/ru\\\/\",\"name\":\"GoHike\",\"description\":\"\",\"publisher\":{\"@id\":\"https:\\\/\\\/gohike.lv\\\/ru\\\/#organization\"},\"potentialAction\":[{\"@type\":\"SearchAction\",\"target\":{\"@type\":\"EntryPoint\",\"urlTemplate\":\"https:\\\/\\\/gohike.lv\\\/ru\\\/?s={search_term_string}\"},\"query-input\":{\"@type\":\"PropertyValueSpecification\",\"valueRequired\":true,\"valueName\":\"search_term_string\"}}],\"inLanguage\":\"ru-RU\"},{\"@type\":\"Organization\",\"@id\":\"https:\\\/\\\/gohike.lv\\\/ru\\\/#organization\",\"name\":\"GoHike\",\"url\":\"https:\\\/\\\/gohike.lv\\\/ru\\\/\",\"logo\":{\"@type\":\"ImageObject\",\"inLanguage\":\"ru-RU\",\"@id\":\"https:\\\/\\\/gohike.lv\\\/ru\\\/#\\\/schema\\\/logo\\\/image\\\/\",\"url\":\"https:\\\/\\\/gohike.lv\\\/wp-content\\\/uploads\\\/2023\\\/08\\\/Logo_GoHike.webp\",\"contentUrl\":\"https:\\\/\\\/gohike.lv\\\/wp-content\\\/uploads\\\/2023\\\/08\\\/Logo_GoHike.webp\",\"width\":512,\"height\":512,\"caption\":\"GoHike\"},\"image\":{\"@id\":\"https:\\\/\\\/gohike.lv\\\/ru\\\/#\\\/schema\\\/logo\\\/image\\\/\"},\"sameAs\":[\"https:\\\/\\\/www.facebook.com\\\/gohike.shop\\\/\",\"https:\\\/\\\/www.instagram.com\\\/gohike.shop\\\/\"]}]}<\/script>\n<!-- \/ Yoast SEO plugin. -->","yoast_head_json":{"title":"Naturehike - Absorb\u0113jo\u0161as trekinga ze\u0137es ar Merino vilnu","description":"Naturehike Merino Wool ze\u0137es no dab\u012bgas, pl\u0101nas un m\u012bkstas merino vilnas. Merino vilna nodro\u0161ina siltumu un elpojo\u0161a, nov\u0113r\u0161ot nepat\u012bkamas smakas.","robots":{"index":"index","follow":"follow","max-snippet":"max-snippet:-1","max-image-preview":"max-image-preview:large","max-video-preview":"max-video-preview:-1"},"canonical":"https:\/\/gohike.lv\/ru\/produkts\/naturehike-trekinga-absorbejosas-merino-vilnas-zekes\/","og_locale":"ru_RU","og_type":"article","og_title":"Naturehike - Triecienu absorb\u0113jo\u0161as Merino vilnas ze\u0137es","og_description":"Naturehike Merino Wool ze\u0137es no dab\u012bgas, pl\u0101nas un m\u012bkstas merino vilnas. Merino vilna nodro\u0161ina siltumu un elpojo\u0161a, nov\u0113r\u0161ot nepat\u012bkamas smakas.","og_url":"https:\/\/gohike.lv\/ru\/produkts\/naturehike-trekinga-absorbejosas-merino-vilnas-zekes\/","og_site_name":"GoHike","article_publisher":"https:\/\/www.facebook.com\/gohike.shop\/","article_modified_time":"2025-12-30T14:10:20+00:00","og_image":[{"width":630,"height":630,"url":"https:\/\/gohike.lv\/wp-content\/uploads\/2024\/04\/ShockWoolSocks_.webp","type":"image\/webp"}],"twitter_card":"summary_large_image","twitter_title":"Naturehike - Triecienu absorb\u0113jo\u0161as Merino vilnas ze\u0137es","twitter_misc":{"\u041f\u0440\u0438\u043c\u0435\u0440\u043d\u043e\u0435 \u0432\u0440\u0435\u043c\u044f \u0434\u043b\u044f \u0447\u0442\u0435\u043d\u0438\u044f":"1 \u043c\u0438\u043d\u0443\u0442\u0430"},"schema":{"@context":"https:\/\/schema.org","@graph":[{"@type":["WebPage","ItemPage"],"@id":"https:\/\/gohike.lv\/ru\/produkts\/naturehike-trekinga-absorbejosas-merino-vilnas-zekes\/","url":"https:\/\/gohike.lv\/ru\/produkts\/naturehike-trekinga-absorbejosas-merino-vilnas-zekes\/","name":"Naturehike - Absorb\u0113jo\u0161as trekinga ze\u0137es ar Merino vilnu","isPartOf":{"@id":"https:\/\/gohike.lv\/ru\/#website"},"primaryImageOfPage":{"@id":"https:\/\/gohike.lv\/ru\/produkts\/naturehike-trekinga-absorbejosas-merino-vilnas-zekes\/#primaryimage"},"image":{"@id":"https:\/\/gohike.lv\/ru\/produkts\/naturehike-trekinga-absorbejosas-merino-vilnas-zekes\/#primaryimage"},"thumbnailUrl":"https:\/\/gohike.lv\/wp-content\/uploads\/2024\/04\/ShockWoolSocks_.webp","datePublished":"2024-05-07T08:15:48+00:00","dateModified":"2025-12-30T14:10:20+00:00","description":"Naturehike Merino Wool ze\u0137es no dab\u012bgas, pl\u0101nas un m\u012bkstas merino vilnas. Merino vilna nodro\u0161ina siltumu un elpojo\u0161a, nov\u0113r\u0161ot nepat\u012bkamas smakas.","breadcrumb":{"@id":"https:\/\/gohike.lv\/ru\/produkts\/naturehike-trekinga-absorbejosas-merino-vilnas-zekes\/#breadcrumb"},"inLanguage":"ru-RU","potentialAction":[{"@type":"ReadAction","target":["https:\/\/gohike.lv\/ru\/produkts\/naturehike-trekinga-absorbejosas-merino-vilnas-zekes\/"]}]},{"@type":"ImageObject","inLanguage":"ru-RU","@id":"https:\/\/gohike.lv\/ru\/produkts\/naturehike-trekinga-absorbejosas-merino-vilnas-zekes\/#primaryimage","url":"https:\/\/gohike.lv\/wp-content\/uploads\/2024\/04\/ShockWoolSocks_.webp","contentUrl":"https:\/\/gohike.lv\/wp-content\/uploads\/2024\/04\/ShockWoolSocks_.webp","width":630,"height":630},{"@type":"BreadcrumbList","@id":"https:\/\/gohike.lv\/ru\/produkts\/naturehike-trekinga-absorbejosas-merino-vilnas-zekes\/#breadcrumb","itemListElement":[{"@type":"ListItem","position":1,"name":"\u0413\u043b\u0430\u0432\u043d\u0430\u044f","item":"https:\/\/gohike.lv\/ru\/"},{"@type":"ListItem","position":2,"name":"\u041a\u0430\u0442\u0435\u0433\u043e\u0440\u0438\u0438 \u0442\u043e\u0432\u0430\u0440\u043e\u0432","item":"https:\/\/gohike.lv\/%d0%ba%d0%b0%d1%82%d0%b5%d0%b3%d0%be%d1%80%d0%b8%d0%b8-%d1%82%d0%be%d0%b2%d0%b0%d1%80%d0%be%d0%b2\/"},{"@type":"ListItem","position":3,"name":"Naturehike &#8211; Absorb\u0113jo\u0161as trekinga ze\u0137es ar Merino vilnu"}]},{"@type":"WebSite","@id":"https:\/\/gohike.lv\/ru\/#website","url":"https:\/\/gohike.lv\/ru\/","name":"GoHike","description":"","publisher":{"@id":"https:\/\/gohike.lv\/ru\/#organization"},"potentialAction":[{"@type":"SearchAction","target":{"@type":"EntryPoint","urlTemplate":"https:\/\/gohike.lv\/ru\/?s={search_term_string}"},"query-input":{"@type":"PropertyValueSpecification","valueRequired":true,"valueName":"search_term_string"}}],"inLanguage":"ru-RU"},{"@type":"Organization","@id":"https:\/\/gohike.lv\/ru\/#organization","name":"GoHike","url":"https:\/\/gohike.lv\/ru\/","logo":{"@type":"ImageObject","inLanguage":"ru-RU","@id":"https:\/\/gohike.lv\/ru\/#\/schema\/logo\/image\/","url":"https:\/\/gohike.lv\/wp-content\/uploads\/2023\/08\/Logo_GoHike.webp","contentUrl":"https:\/\/gohike.lv\/wp-content\/uploads\/2023\/08\/Logo_GoHike.webp","width":512,"height":512,"caption":"GoHike"},"image":{"@id":"https:\/\/gohike.lv\/ru\/#\/schema\/logo\/image\/"},"sameAs":["https:\/\/www.facebook.com\/gohike.shop\/","https:\/\/www.instagram.com\/gohike.shop\/"]}]}},"jetpack_sharing_enabled":true,"_links":{"self":[{"href":"https:\/\/gohike.lv\/ru\/wp-json\/wp\/v2\/product\/52590","targetHints":{"allow":["GET"]}}],"collection":[{"href":"https:\/\/gohike.lv\/ru\/wp-json\/wp\/v2\/product"}],"about":[{"href":"https:\/\/gohike.lv\/ru\/wp-json\/wp\/v2\/types\/product"}],"version-history":[{"count":0,"href":"https:\/\/gohike.lv\/ru\/wp-json\/wp\/v2\/product\/52590\/revisions"}],"wp:featuredmedia":[{"embeddable":true,"href":"https:\/\/gohike.lv\/ru\/wp-json\/wp\/v2\/media\/31881"}],"wp:attachment":[{"href":"https:\/\/gohike.lv\/ru\/wp-json\/wp\/v2\/media?parent=52590"}],"wp:term":[{"taxonomy":"product_brand","embeddable":true,"href":"https:\/\/gohike.lv\/ru\/wp-json\/wp\/v2\/product_brand?post=52590"},{"taxonomy":"product_cat","embeddable":true,"href":"https:\/\/gohike.lv\/ru\/wp-json\/wp\/v2\/product_cat?post=52590"},{"taxonomy":"product_tag","embeddable":true,"href":"https:\/\/gohike.lv\/ru\/wp-json\/wp\/v2\/product_tag?post=52590"}],"curies":[{"name":"wp","href":"https:\/\/api.w.org\/{rel}","templated":true}]}}