{"id":52578,"date":"2024-05-07T11:14:00","date_gmt":"2024-05-07T08:14:00","guid":{"rendered":"https:\/\/gohike.lv\/produkts\/naturehike-sieviesu-atri-zustosas-zekes-ar-augstu-augsdalu\/"},"modified":"2025-12-30T17:10:20","modified_gmt":"2025-12-30T14:10:20","slug":"naturehike-sieviesu-atri-zustosas-zekes-ar-augstu-augsdalu","status":"publish","type":"product","link":"https:\/\/gohike.lv\/ru\/produkts\/naturehike-sieviesu-atri-zustosas-zekes-ar-augstu-augsdalu\/","title":{"rendered":"Naturehike &#8212; Sievie\u0161u \u0101tri \u017e\u016bsto\u0161\u0101s ze\u0137es ar augstu aug\u0161da\u013cu"},"content":{"rendered":"<p>Naturehike ze\u0137es paredz\u0113tas \u0101ra aktivit\u0101t\u0113m v\u0113s\u0101 laik\u0101 &#8212; sportam, t\u016brismam, alp\u012bnismam.<br \/>\n\u0160\u012bm ze\u0137\u0113m ir unik\u0101las \u012bpa\u0161\u012bbas, kas izstr\u0101d\u0101tas, lai apmierin\u0101tu akt\u012bva dz\u012bvesveida entuziastu vajadz\u012bbas.<br \/>\nViena no galvenaj\u0101m priek\u0161roc\u012bb\u0101m ir pastiprin\u0101ta pap\u0113\u017eu aizsardz\u012bba, kas nov\u0113r\u0161 p\u0113das berzi un nodro\u0161ina atbalstu Ahileja c\u012bpslai.<br \/>\nPla\u0161ais purngals ir ide\u0101li piem\u0113rots da\u017e\u0101diem p\u0113du tipiem, nodro\u0161inot komfortu da\u017e\u0101dos apst\u0101k\u013cos.<br \/>\nZe\u0137u iek\u0161puse ir apr\u012bkota ar silikona iegriezumiem, kas nov\u0113r\u0161 sl\u012bd\u0113\u0161anu.<br \/>\nIeteicamais L izm\u0113rs garant\u0113 komfortu. Izol\u0101cija galvenaj\u0101s zon\u0101s mazina musku\u013cu nogurumu un absorb\u0113 triecienus.<br \/>\nZe\u0137u kop\u0161ana ir vienk\u0101r\u0161a: mazg\u0101t ar rok\u0101m vai ve\u013cas ma\u0161\u012bn\u0101 l\u012bdz 40\u00b0C temperat\u016br\u0101, p\u0113c mazg\u0101\u0161anas noskalot ar t\u012bru \u016bdeni. Ne\u017e\u0101v\u0113t ve\u013cas \u017e\u0101v\u0113t\u0101j\u0101 un negludin\u0101t, neizmantot kondicionieri, balin\u0101t\u0101ju.<br \/>\nSast\u0101vs: 52% neilons, 25,1% akrils, 18,7% vilna, 4,2% spandekss.<\/p>\n","protected":false},"excerpt":{"rendered":"<p>Naturehike pied\u0101v\u0101 izol\u0113tas ze\u0137es ar uzlabotu pap\u0113\u017ea aizsardz\u012bbu, kas ir ide\u0101li piem\u0113rotas p\u0101rg\u0101jieniem, alp\u012bnismam un kempingiem<\/p>\n","protected":false},"featured_media":31859,"template":"","meta":[],"product_brand":[167],"product_cat":[1419],"product_tag":[],"class_list":{"0":"post-52578","1":"product","2":"type-product","3":"status-publish","4":"has-post-thumbnail","6":"product_brand-naturehike-lv","7":"product_cat-apgerbs","8":"pa_izmers-l-40-43","9":"pa_izmers-m-36-39","10":"pa_produkta-tips-zekes","11":"pa_spalva-bess","13":"first","14":"outofstock","15":"taxable","16":"shipping-taxable","17":"purchasable","18":"product-type-variable","19":"has-default-attributes"},"raw_content":{"name":"Naturehike - Sievie\u0161u \u0101tri \u017e\u016bsto\u0161\u0101s ze\u0137es ar augstu aug\u0161da\u013cu","description":"Naturehike ze\u0137es paredz\u0113tas \u0101ra aktivit\u0101t\u0113m v\u0113s\u0101 laik\u0101 - sportam, t\u016brismam, alp\u012bnismam.\n\u0160\u012bm ze\u0137\u0113m ir unik\u0101las \u012bpa\u0161\u012bbas, kas izstr\u0101d\u0101tas, lai apmierin\u0101tu akt\u012bva dz\u012bvesveida entuziastu vajadz\u012bbas.\nViena no galvenaj\u0101m priek\u0161roc\u012bb\u0101m ir pastiprin\u0101ta pap\u0113\u017eu aizsardz\u012bba, kas nov\u0113r\u0161 p\u0113das berzi un nodro\u0161ina atbalstu Ahileja c\u012bpslai.\nPla\u0161ais purngals ir ide\u0101li piem\u0113rots da\u017e\u0101diem p\u0113du tipiem, nodro\u0161inot komfortu da\u017e\u0101dos apst\u0101k\u013cos.\nZe\u0137u iek\u0161puse ir apr\u012bkota ar silikona iegriezumiem, kas nov\u0113r\u0161 sl\u012bd\u0113\u0161anu.\nIeteicamais L izm\u0113rs garant\u0113 komfortu. Izol\u0101cija galvenaj\u0101s zon\u0101s mazina musku\u013cu nogurumu un absorb\u0113 triecienus.\nZe\u0137u kop\u0161ana ir vienk\u0101r\u0161a: mazg\u0101t ar rok\u0101m vai ve\u013cas ma\u0161\u012bn\u0101 l\u012bdz 40\u00b0C temperat\u016br\u0101, p\u0113c mazg\u0101\u0161anas noskalot ar t\u012bru \u016bdeni. Ne\u017e\u0101v\u0113t ve\u013cas \u017e\u0101v\u0113t\u0101j\u0101 un negludin\u0101t, neizmantot kondicionieri, balin\u0101t\u0101ju.\nSast\u0101vs: 52% neilons, 25,1% akrils, 18,7% vilna, 4,2% spandekss.","short_description":"Naturehike pied\u0101v\u0101 izol\u0113tas ze\u0137es ar uzlabotu pap\u0113\u017ea aizsardz\u012bbu, kas ir ide\u0101li piem\u0113rotas p\u0101rg\u0101jieniem, alp\u012bnismam un kempingiem","status":"publish","sku":"nat000118","original":52578},"wpml":{"translation_type":1,"has_translations":true,"original":52578,"duplicates":[],"translations":{"lv":52578,"en":68240,"ru":null}},"supplier_id":null,"supplier_sku":"","barcode":null,"atum_controlled":true,"out_stock_date":null,"out_stock_threshold":null,"inheritable":false,"inbound_stock":0,"stock_on_hold":0,"sold_today":0,"sales_last_days":0,"reserved_stock":0,"customer_returns":0,"warehouse_damage":0,"lost_in_post":0,"other_logs":0,"out_stock_days":0,"lost_sales":0,"has_location":null,"update_date":"2025-12-30T14:13:30","atum_locations":[],"atum_stock_status":"outofstock","restock_status":false,"low_stock_amount":"","sales_update_date":"2025-11-13T14:07:24","calc_backorders":null,"yoast_head":"<!-- This site is optimized with the Yoast SEO plugin v27.3 - https:\/\/yoast.com\/product\/yoast-seo-wordpress\/ -->\n<title>Naturehike - Sievie\u0161u \u0101tri \u017e\u016bsto\u0161\u0101s ze\u0137es ar augstu aug\u0161da\u013cu<\/title>\n<meta name=\"description\" content=\"Naturehike pied\u0101v\u0101 izol\u0113tas ze\u0137es ar uzlabotu pap\u0113\u017ea aizsardz\u012bbu, kas ir ide\u0101li piem\u0113rotas p\u0101rg\u0101jieniem, alp\u012bnismam un kempingiem\" \/>\n<meta name=\"robots\" content=\"index, follow, max-snippet:-1, max-image-preview:large, max-video-preview:-1\" \/>\n<link rel=\"canonical\" href=\"https:\/\/gohike.lv\/ru\/produkts\/naturehike-sieviesu-atri-zustosas-zekes-ar-augstu-augsdalu\/\" \/>\n<meta property=\"og:locale\" content=\"ru_RU\" \/>\n<meta property=\"og:type\" content=\"article\" \/>\n<meta property=\"og:title\" content=\"Naturehike - Sievie\u0161u \u0101tri \u017e\u016bsto\u0161\u0101s ze\u0137es ar augstu aug\u0161da\u013cu\" \/>\n<meta property=\"og:description\" content=\"Naturehike pied\u0101v\u0101 izol\u0113tas ze\u0137es ar uzlabotu pap\u0113\u017ea aizsardz\u012bbu, kas ir ide\u0101li piem\u0113rotas p\u0101rg\u0101jieniem, alp\u012bnismam un kempingiem\" \/>\n<meta property=\"og:url\" content=\"https:\/\/gohike.lv\/ru\/produkts\/naturehike-sieviesu-atri-zustosas-zekes-ar-augstu-augsdalu\/\" \/>\n<meta property=\"og:site_name\" content=\"GoHike\" \/>\n<meta property=\"article:publisher\" content=\"https:\/\/www.facebook.com\/gohike.shop\/\" \/>\n<meta property=\"article:modified_time\" content=\"2025-12-30T14:10:20+00:00\" \/>\n<meta property=\"og:image\" content=\"https:\/\/gohike.lv\/wp-content\/uploads\/2024\/04\/WomenQuickDrySocks_.webp\" \/>\n\t<meta property=\"og:image:width\" content=\"800\" \/>\n\t<meta property=\"og:image:height\" content=\"800\" \/>\n\t<meta property=\"og:image:type\" content=\"image\/webp\" \/>\n<meta name=\"twitter:card\" content=\"summary_large_image\" \/>\n<meta name=\"twitter:title\" content=\"Naturehike - Sievie\u0161u \u0101tri \u017e\u016bsto\u0161\u0101s ze\u0137es ar augstu aug\u0161da\u013cu\" \/>\n<meta name=\"twitter:label1\" content=\"\u041f\u0440\u0438\u043c\u0435\u0440\u043d\u043e\u0435 \u0432\u0440\u0435\u043c\u044f \u0434\u043b\u044f \u0447\u0442\u0435\u043d\u0438\u044f\" \/>\n\t<meta name=\"twitter:data1\" content=\"1 \u043c\u0438\u043d\u0443\u0442\u0430\" \/>\n<script type=\"application\/ld+json\" class=\"yoast-schema-graph\">{\"@context\":\"https:\\\/\\\/schema.org\",\"@graph\":[{\"@type\":[\"WebPage\",\"ItemPage\"],\"@id\":\"https:\\\/\\\/gohike.lv\\\/ru\\\/produkts\\\/naturehike-sieviesu-atri-zustosas-zekes-ar-augstu-augsdalu\\\/\",\"url\":\"https:\\\/\\\/gohike.lv\\\/ru\\\/produkts\\\/naturehike-sieviesu-atri-zustosas-zekes-ar-augstu-augsdalu\\\/\",\"name\":\"Naturehike - Sievie\u0161u \u0101tri \u017e\u016bsto\u0161\u0101s ze\u0137es ar augstu aug\u0161da\u013cu\",\"isPartOf\":{\"@id\":\"https:\\\/\\\/gohike.lv\\\/ru\\\/#website\"},\"primaryImageOfPage\":{\"@id\":\"https:\\\/\\\/gohike.lv\\\/ru\\\/produkts\\\/naturehike-sieviesu-atri-zustosas-zekes-ar-augstu-augsdalu\\\/#primaryimage\"},\"image\":{\"@id\":\"https:\\\/\\\/gohike.lv\\\/ru\\\/produkts\\\/naturehike-sieviesu-atri-zustosas-zekes-ar-augstu-augsdalu\\\/#primaryimage\"},\"thumbnailUrl\":\"https:\\\/\\\/gohike.lv\\\/wp-content\\\/uploads\\\/2024\\\/04\\\/WomenQuickDrySocks_.webp\",\"datePublished\":\"2024-05-07T08:14:00+00:00\",\"dateModified\":\"2025-12-30T14:10:20+00:00\",\"description\":\"Naturehike pied\u0101v\u0101 izol\u0113tas ze\u0137es ar uzlabotu pap\u0113\u017ea aizsardz\u012bbu, kas ir ide\u0101li piem\u0113rotas p\u0101rg\u0101jieniem, alp\u012bnismam un kempingiem\",\"breadcrumb\":{\"@id\":\"https:\\\/\\\/gohike.lv\\\/ru\\\/produkts\\\/naturehike-sieviesu-atri-zustosas-zekes-ar-augstu-augsdalu\\\/#breadcrumb\"},\"inLanguage\":\"ru-RU\",\"potentialAction\":[{\"@type\":\"ReadAction\",\"target\":[\"https:\\\/\\\/gohike.lv\\\/ru\\\/produkts\\\/naturehike-sieviesu-atri-zustosas-zekes-ar-augstu-augsdalu\\\/\"]}]},{\"@type\":\"ImageObject\",\"inLanguage\":\"ru-RU\",\"@id\":\"https:\\\/\\\/gohike.lv\\\/ru\\\/produkts\\\/naturehike-sieviesu-atri-zustosas-zekes-ar-augstu-augsdalu\\\/#primaryimage\",\"url\":\"https:\\\/\\\/gohike.lv\\\/wp-content\\\/uploads\\\/2024\\\/04\\\/WomenQuickDrySocks_.webp\",\"contentUrl\":\"https:\\\/\\\/gohike.lv\\\/wp-content\\\/uploads\\\/2024\\\/04\\\/WomenQuickDrySocks_.webp\",\"width\":800,\"height\":800},{\"@type\":\"BreadcrumbList\",\"@id\":\"https:\\\/\\\/gohike.lv\\\/ru\\\/produkts\\\/naturehike-sieviesu-atri-zustosas-zekes-ar-augstu-augsdalu\\\/#breadcrumb\",\"itemListElement\":[{\"@type\":\"ListItem\",\"position\":1,\"name\":\"\u0413\u043b\u0430\u0432\u043d\u0430\u044f\",\"item\":\"https:\\\/\\\/gohike.lv\\\/ru\\\/\"},{\"@type\":\"ListItem\",\"position\":2,\"name\":\"\u041a\u0430\u0442\u0435\u0433\u043e\u0440\u0438\u0438 \u0442\u043e\u0432\u0430\u0440\u043e\u0432\",\"item\":\"https:\\\/\\\/gohike.lv\\\/%d0%ba%d0%b0%d1%82%d0%b5%d0%b3%d0%be%d1%80%d0%b8%d0%b8-%d1%82%d0%be%d0%b2%d0%b0%d1%80%d0%be%d0%b2\\\/\"},{\"@type\":\"ListItem\",\"position\":3,\"name\":\"Naturehike &#8211; Sievie\u0161u \u0101tri \u017e\u016bsto\u0161\u0101s ze\u0137es ar augstu aug\u0161da\u013cu\"}]},{\"@type\":\"WebSite\",\"@id\":\"https:\\\/\\\/gohike.lv\\\/ru\\\/#website\",\"url\":\"https:\\\/\\\/gohike.lv\\\/ru\\\/\",\"name\":\"GoHike\",\"description\":\"\",\"publisher\":{\"@id\":\"https:\\\/\\\/gohike.lv\\\/ru\\\/#organization\"},\"potentialAction\":[{\"@type\":\"SearchAction\",\"target\":{\"@type\":\"EntryPoint\",\"urlTemplate\":\"https:\\\/\\\/gohike.lv\\\/ru\\\/?s={search_term_string}\"},\"query-input\":{\"@type\":\"PropertyValueSpecification\",\"valueRequired\":true,\"valueName\":\"search_term_string\"}}],\"inLanguage\":\"ru-RU\"},{\"@type\":\"Organization\",\"@id\":\"https:\\\/\\\/gohike.lv\\\/ru\\\/#organization\",\"name\":\"GoHike\",\"url\":\"https:\\\/\\\/gohike.lv\\\/ru\\\/\",\"logo\":{\"@type\":\"ImageObject\",\"inLanguage\":\"ru-RU\",\"@id\":\"https:\\\/\\\/gohike.lv\\\/ru\\\/#\\\/schema\\\/logo\\\/image\\\/\",\"url\":\"https:\\\/\\\/gohike.lv\\\/wp-content\\\/uploads\\\/2023\\\/08\\\/Logo_GoHike.webp\",\"contentUrl\":\"https:\\\/\\\/gohike.lv\\\/wp-content\\\/uploads\\\/2023\\\/08\\\/Logo_GoHike.webp\",\"width\":512,\"height\":512,\"caption\":\"GoHike\"},\"image\":{\"@id\":\"https:\\\/\\\/gohike.lv\\\/ru\\\/#\\\/schema\\\/logo\\\/image\\\/\"},\"sameAs\":[\"https:\\\/\\\/www.facebook.com\\\/gohike.shop\\\/\",\"https:\\\/\\\/www.instagram.com\\\/gohike.shop\\\/\"]}]}<\/script>\n<!-- \/ Yoast SEO plugin. -->","yoast_head_json":{"title":"Naturehike - Sievie\u0161u \u0101tri \u017e\u016bsto\u0161\u0101s ze\u0137es ar augstu aug\u0161da\u013cu","description":"Naturehike pied\u0101v\u0101 izol\u0113tas ze\u0137es ar uzlabotu pap\u0113\u017ea aizsardz\u012bbu, kas ir ide\u0101li piem\u0113rotas p\u0101rg\u0101jieniem, alp\u012bnismam un kempingiem","robots":{"index":"index","follow":"follow","max-snippet":"max-snippet:-1","max-image-preview":"max-image-preview:large","max-video-preview":"max-video-preview:-1"},"canonical":"https:\/\/gohike.lv\/ru\/produkts\/naturehike-sieviesu-atri-zustosas-zekes-ar-augstu-augsdalu\/","og_locale":"ru_RU","og_type":"article","og_title":"Naturehike - Sievie\u0161u \u0101tri \u017e\u016bsto\u0161\u0101s ze\u0137es ar augstu aug\u0161da\u013cu","og_description":"Naturehike pied\u0101v\u0101 izol\u0113tas ze\u0137es ar uzlabotu pap\u0113\u017ea aizsardz\u012bbu, kas ir ide\u0101li piem\u0113rotas p\u0101rg\u0101jieniem, alp\u012bnismam un kempingiem","og_url":"https:\/\/gohike.lv\/ru\/produkts\/naturehike-sieviesu-atri-zustosas-zekes-ar-augstu-augsdalu\/","og_site_name":"GoHike","article_publisher":"https:\/\/www.facebook.com\/gohike.shop\/","article_modified_time":"2025-12-30T14:10:20+00:00","og_image":[{"width":800,"height":800,"url":"https:\/\/gohike.lv\/wp-content\/uploads\/2024\/04\/WomenQuickDrySocks_.webp","type":"image\/webp"}],"twitter_card":"summary_large_image","twitter_title":"Naturehike - Sievie\u0161u \u0101tri \u017e\u016bsto\u0161\u0101s ze\u0137es ar augstu aug\u0161da\u013cu","twitter_misc":{"\u041f\u0440\u0438\u043c\u0435\u0440\u043d\u043e\u0435 \u0432\u0440\u0435\u043c\u044f \u0434\u043b\u044f \u0447\u0442\u0435\u043d\u0438\u044f":"1 \u043c\u0438\u043d\u0443\u0442\u0430"},"schema":{"@context":"https:\/\/schema.org","@graph":[{"@type":["WebPage","ItemPage"],"@id":"https:\/\/gohike.lv\/ru\/produkts\/naturehike-sieviesu-atri-zustosas-zekes-ar-augstu-augsdalu\/","url":"https:\/\/gohike.lv\/ru\/produkts\/naturehike-sieviesu-atri-zustosas-zekes-ar-augstu-augsdalu\/","name":"Naturehike - Sievie\u0161u \u0101tri \u017e\u016bsto\u0161\u0101s ze\u0137es ar augstu aug\u0161da\u013cu","isPartOf":{"@id":"https:\/\/gohike.lv\/ru\/#website"},"primaryImageOfPage":{"@id":"https:\/\/gohike.lv\/ru\/produkts\/naturehike-sieviesu-atri-zustosas-zekes-ar-augstu-augsdalu\/#primaryimage"},"image":{"@id":"https:\/\/gohike.lv\/ru\/produkts\/naturehike-sieviesu-atri-zustosas-zekes-ar-augstu-augsdalu\/#primaryimage"},"thumbnailUrl":"https:\/\/gohike.lv\/wp-content\/uploads\/2024\/04\/WomenQuickDrySocks_.webp","datePublished":"2024-05-07T08:14:00+00:00","dateModified":"2025-12-30T14:10:20+00:00","description":"Naturehike pied\u0101v\u0101 izol\u0113tas ze\u0137es ar uzlabotu pap\u0113\u017ea aizsardz\u012bbu, kas ir ide\u0101li piem\u0113rotas p\u0101rg\u0101jieniem, alp\u012bnismam un kempingiem","breadcrumb":{"@id":"https:\/\/gohike.lv\/ru\/produkts\/naturehike-sieviesu-atri-zustosas-zekes-ar-augstu-augsdalu\/#breadcrumb"},"inLanguage":"ru-RU","potentialAction":[{"@type":"ReadAction","target":["https:\/\/gohike.lv\/ru\/produkts\/naturehike-sieviesu-atri-zustosas-zekes-ar-augstu-augsdalu\/"]}]},{"@type":"ImageObject","inLanguage":"ru-RU","@id":"https:\/\/gohike.lv\/ru\/produkts\/naturehike-sieviesu-atri-zustosas-zekes-ar-augstu-augsdalu\/#primaryimage","url":"https:\/\/gohike.lv\/wp-content\/uploads\/2024\/04\/WomenQuickDrySocks_.webp","contentUrl":"https:\/\/gohike.lv\/wp-content\/uploads\/2024\/04\/WomenQuickDrySocks_.webp","width":800,"height":800},{"@type":"BreadcrumbList","@id":"https:\/\/gohike.lv\/ru\/produkts\/naturehike-sieviesu-atri-zustosas-zekes-ar-augstu-augsdalu\/#breadcrumb","itemListElement":[{"@type":"ListItem","position":1,"name":"\u0413\u043b\u0430\u0432\u043d\u0430\u044f","item":"https:\/\/gohike.lv\/ru\/"},{"@type":"ListItem","position":2,"name":"\u041a\u0430\u0442\u0435\u0433\u043e\u0440\u0438\u0438 \u0442\u043e\u0432\u0430\u0440\u043e\u0432","item":"https:\/\/gohike.lv\/%d0%ba%d0%b0%d1%82%d0%b5%d0%b3%d0%be%d1%80%d0%b8%d0%b8-%d1%82%d0%be%d0%b2%d0%b0%d1%80%d0%be%d0%b2\/"},{"@type":"ListItem","position":3,"name":"Naturehike &#8211; Sievie\u0161u \u0101tri \u017e\u016bsto\u0161\u0101s ze\u0137es ar augstu aug\u0161da\u013cu"}]},{"@type":"WebSite","@id":"https:\/\/gohike.lv\/ru\/#website","url":"https:\/\/gohike.lv\/ru\/","name":"GoHike","description":"","publisher":{"@id":"https:\/\/gohike.lv\/ru\/#organization"},"potentialAction":[{"@type":"SearchAction","target":{"@type":"EntryPoint","urlTemplate":"https:\/\/gohike.lv\/ru\/?s={search_term_string}"},"query-input":{"@type":"PropertyValueSpecification","valueRequired":true,"valueName":"search_term_string"}}],"inLanguage":"ru-RU"},{"@type":"Organization","@id":"https:\/\/gohike.lv\/ru\/#organization","name":"GoHike","url":"https:\/\/gohike.lv\/ru\/","logo":{"@type":"ImageObject","inLanguage":"ru-RU","@id":"https:\/\/gohike.lv\/ru\/#\/schema\/logo\/image\/","url":"https:\/\/gohike.lv\/wp-content\/uploads\/2023\/08\/Logo_GoHike.webp","contentUrl":"https:\/\/gohike.lv\/wp-content\/uploads\/2023\/08\/Logo_GoHike.webp","width":512,"height":512,"caption":"GoHike"},"image":{"@id":"https:\/\/gohike.lv\/ru\/#\/schema\/logo\/image\/"},"sameAs":["https:\/\/www.facebook.com\/gohike.shop\/","https:\/\/www.instagram.com\/gohike.shop\/"]}]}},"jetpack_sharing_enabled":true,"_links":{"self":[{"href":"https:\/\/gohike.lv\/ru\/wp-json\/wp\/v2\/product\/52578","targetHints":{"allow":["GET"]}}],"collection":[{"href":"https:\/\/gohike.lv\/ru\/wp-json\/wp\/v2\/product"}],"about":[{"href":"https:\/\/gohike.lv\/ru\/wp-json\/wp\/v2\/types\/product"}],"version-history":[{"count":0,"href":"https:\/\/gohike.lv\/ru\/wp-json\/wp\/v2\/product\/52578\/revisions"}],"wp:featuredmedia":[{"embeddable":true,"href":"https:\/\/gohike.lv\/ru\/wp-json\/wp\/v2\/media\/31859"}],"wp:attachment":[{"href":"https:\/\/gohike.lv\/ru\/wp-json\/wp\/v2\/media?parent=52578"}],"wp:term":[{"taxonomy":"product_brand","embeddable":true,"href":"https:\/\/gohike.lv\/ru\/wp-json\/wp\/v2\/product_brand?post=52578"},{"taxonomy":"product_cat","embeddable":true,"href":"https:\/\/gohike.lv\/ru\/wp-json\/wp\/v2\/product_cat?post=52578"},{"taxonomy":"product_tag","embeddable":true,"href":"https:\/\/gohike.lv\/ru\/wp-json\/wp\/v2\/product_tag?post=52578"}],"curies":[{"name":"wp","href":"https:\/\/api.w.org\/{rel}","templated":true}]}}