{"id":52572,"date":"2024-05-07T11:13:38","date_gmt":"2024-05-07T08:13:38","guid":{"rendered":"https:\/\/gohike.lv\/produkts\/naturehike-coolmax-trekinga-zekes\/"},"modified":"2026-02-08T08:13:08","modified_gmt":"2026-02-08T05:13:08","slug":"naturehike-coolmax-trekinga-zekes","status":"publish","type":"product","link":"https:\/\/gohike.lv\/ru\/produkts\/naturehike-coolmax-trekinga-zekes\/","title":{"rendered":"Naturehike &#8212; Coolmax trekinga ze\u0137es"},"content":{"rendered":"<p>Naturehike pied\u0101v\u0101 ze\u0137es, kas paredz\u0113tas, lai nodro\u0161in\u0101tu maksim\u0101lu komfortu da\u017e\u0101dos apst\u0101k\u013cos.<br \/>\nIzgatavotas no Coolmax auduma.<br \/>\nPateicoties \u0101tri \u017eusto\u0161am materi\u0101lam, ze\u0137es nov\u0113r\u0161 nepat\u012bkamu smaku un saglab\u0101 k\u0101jas sausas.<br \/>\n\u012apa\u0161a uzman\u012bba tiek piev\u0113rsta pastiprin\u0101tai pap\u0113\u017eu aizsardz\u012bbai, kas nov\u0113r\u0161 berzi un nodro\u0161ina papildu atbalstu Ahileja c\u012bpslai.<br \/>\nNaturehike ze\u0137es ir \u013coti iztur\u012bgas pateicoties stingram pinumam. Tas garant\u0113 ilgu kalpo\u0161anas laiku pat intens\u012bvi lietojot \u0101rpus telp\u0101m.<br \/>\nZe\u0137es mazg\u0101t ar rok\u0101m vai ve\u013cas ma\u0161\u012bn\u0101 temperat\u016br\u0101 l\u012bdz 30\u00b0C un izvairieties no balin\u0101t\u0101ja, gludin\u0101\u0161anas vai \u0137\u012bmisk\u0101s t\u012br\u012b\u0161anas.<br \/>\n\u0160\u012bs vienk\u0101r\u0161\u0101s darb\u012bbas pal\u012bdz\u0113s saglab\u0101t ze\u0137u kvalit\u0101ti un funkcionalit\u0101ti ilgu laiku.<\/p>\n","protected":false},"excerpt":{"rendered":"<p>Naturehike ze\u0137es ar Coolmax audumu.<\/p>\n","protected":false},"featured_media":31843,"template":"","meta":[],"product_brand":[167],"product_cat":[1419],"product_tag":[],"class_list":{"0":"post-52572","1":"product","2":"type-product","3":"status-publish","4":"has-post-thumbnail","6":"product_brand-naturehike-lv","7":"product_cat-apgerbs","8":"pa_izmers-l-40-43","9":"pa_izmers-m-36-39","10":"pa_produkta-tips-zekes","11":"pa_spalva-peleks","12":"pa_spalva-tumsi-peleks","13":"pa_spalva-zals","15":"first","16":"instock","17":"taxable","18":"shipping-taxable","19":"purchasable","20":"product-type-variable","21":"has-default-attributes"},"raw_content":{"name":"Naturehike - Coolmax trekinga ze\u0137es","description":"Naturehike pied\u0101v\u0101 ze\u0137es, kas paredz\u0113tas, lai nodro\u0161in\u0101tu maksim\u0101lu komfortu da\u017e\u0101dos apst\u0101k\u013cos.\nIzgatavotas no Coolmax auduma.\nPateicoties \u0101tri \u017eusto\u0161am materi\u0101lam, ze\u0137es nov\u0113r\u0161 nepat\u012bkamu smaku un saglab\u0101 k\u0101jas sausas.\n\u012apa\u0161a uzman\u012bba tiek piev\u0113rsta pastiprin\u0101tai pap\u0113\u017eu aizsardz\u012bbai, kas nov\u0113r\u0161 berzi un nodro\u0161ina papildu atbalstu Ahileja c\u012bpslai.\nNaturehike ze\u0137es ir \u013coti iztur\u012bgas pateicoties stingram pinumam. Tas garant\u0113 ilgu kalpo\u0161anas laiku pat intens\u012bvi lietojot \u0101rpus telp\u0101m.\nZe\u0137es mazg\u0101t ar rok\u0101m vai ve\u013cas ma\u0161\u012bn\u0101 temperat\u016br\u0101 l\u012bdz 30\u00b0C un izvairieties no balin\u0101t\u0101ja, gludin\u0101\u0161anas vai \u0137\u012bmisk\u0101s t\u012br\u012b\u0161anas.\n\u0160\u012bs vienk\u0101r\u0161\u0101s darb\u012bbas pal\u012bdz\u0113s saglab\u0101t ze\u0137u kvalit\u0101ti un funkcionalit\u0101ti ilgu laiku.","short_description":"Naturehike ze\u0137es ar Coolmax audumu.","status":"publish","sku":"nat000117","original":52572},"wpml":{"translation_type":1,"has_translations":true,"original":52572,"duplicates":[],"translations":{"lv":52572,"en":68230,"ru":null}},"supplier_id":null,"supplier_sku":"","barcode":null,"atum_controlled":true,"out_stock_date":null,"out_stock_threshold":null,"inheritable":false,"inbound_stock":0,"stock_on_hold":0,"sold_today":0,"sales_last_days":0,"reserved_stock":0,"customer_returns":0,"warehouse_damage":0,"lost_in_post":0,"other_logs":0,"out_stock_days":0,"lost_sales":0,"has_location":false,"update_date":"2025-12-30T14:13:30","atum_locations":[],"atum_stock_status":"instock","restock_status":false,"low_stock_amount":"","sales_update_date":"2025-11-13T13:36:33","calc_backorders":null,"yoast_head":"<!-- This site is optimized with the Yoast SEO plugin v27.3 - https:\/\/yoast.com\/product\/yoast-seo-wordpress\/ -->\n<title>Naturehike - Coolmax trekinga ze\u0137es<\/title>\n<meta name=\"description\" content=\"Naturehike ze\u0137es ar Coolmax audumu. Nodro\u0161ina maksim\u0101lu komfortu da\u017e\u0101dos apst\u0101k\u013cos.\" \/>\n<meta name=\"robots\" content=\"index, follow, max-snippet:-1, max-image-preview:large, max-video-preview:-1\" \/>\n<link rel=\"canonical\" href=\"https:\/\/gohike.lv\/ru\/produkts\/naturehike-coolmax-trekinga-zekes\/\" \/>\n<meta property=\"og:locale\" content=\"ru_RU\" \/>\n<meta property=\"og:type\" content=\"article\" \/>\n<meta property=\"og:title\" content=\"Naturehike - Coolmax trekinga ze\u0137es\" \/>\n<meta property=\"og:description\" content=\"Naturehike ze\u0137es ar Coolmax audumu. Nodro\u0161ina maksim\u0101lu komfortu da\u017e\u0101dos apst\u0101k\u013cos.\" \/>\n<meta property=\"og:url\" content=\"https:\/\/gohike.lv\/ru\/produkts\/naturehike-coolmax-trekinga-zekes\/\" \/>\n<meta property=\"og:site_name\" content=\"GoHike\" \/>\n<meta property=\"article:publisher\" content=\"https:\/\/www.facebook.com\/gohike.shop\/\" \/>\n<meta property=\"article:modified_time\" content=\"2026-02-08T05:13:08+00:00\" \/>\n<meta property=\"og:image\" content=\"https:\/\/gohike.lv\/wp-content\/uploads\/2024\/04\/CoolmaxSocks_.webp\" \/>\n\t<meta property=\"og:image:width\" content=\"720\" \/>\n\t<meta property=\"og:image:height\" content=\"720\" \/>\n\t<meta property=\"og:image:type\" content=\"image\/webp\" \/>\n<meta name=\"twitter:card\" content=\"summary_large_image\" \/>\n<meta name=\"twitter:title\" content=\"Naturehike - Coolmax trekinga ze\u0137es\" \/>\n<meta name=\"twitter:label1\" content=\"\u041f\u0440\u0438\u043c\u0435\u0440\u043d\u043e\u0435 \u0432\u0440\u0435\u043c\u044f \u0434\u043b\u044f \u0447\u0442\u0435\u043d\u0438\u044f\" \/>\n\t<meta name=\"twitter:data1\" content=\"1 \u043c\u0438\u043d\u0443\u0442\u0430\" \/>\n<script type=\"application\/ld+json\" class=\"yoast-schema-graph\">{\"@context\":\"https:\\\/\\\/schema.org\",\"@graph\":[{\"@type\":[\"WebPage\",\"ItemPage\"],\"@id\":\"https:\\\/\\\/gohike.lv\\\/ru\\\/produkts\\\/naturehike-coolmax-trekinga-zekes\\\/\",\"url\":\"https:\\\/\\\/gohike.lv\\\/ru\\\/produkts\\\/naturehike-coolmax-trekinga-zekes\\\/\",\"name\":\"Naturehike - Coolmax trekinga ze\u0137es\",\"isPartOf\":{\"@id\":\"https:\\\/\\\/gohike.lv\\\/ru\\\/#website\"},\"primaryImageOfPage\":{\"@id\":\"https:\\\/\\\/gohike.lv\\\/ru\\\/produkts\\\/naturehike-coolmax-trekinga-zekes\\\/#primaryimage\"},\"image\":{\"@id\":\"https:\\\/\\\/gohike.lv\\\/ru\\\/produkts\\\/naturehike-coolmax-trekinga-zekes\\\/#primaryimage\"},\"thumbnailUrl\":\"https:\\\/\\\/gohike.lv\\\/wp-content\\\/uploads\\\/2024\\\/04\\\/CoolmaxSocks_.webp\",\"datePublished\":\"2024-05-07T08:13:38+00:00\",\"dateModified\":\"2026-02-08T05:13:08+00:00\",\"description\":\"Naturehike ze\u0137es ar Coolmax audumu. Nodro\u0161ina maksim\u0101lu komfortu da\u017e\u0101dos apst\u0101k\u013cos.\",\"breadcrumb\":{\"@id\":\"https:\\\/\\\/gohike.lv\\\/ru\\\/produkts\\\/naturehike-coolmax-trekinga-zekes\\\/#breadcrumb\"},\"inLanguage\":\"ru-RU\",\"potentialAction\":[{\"@type\":\"ReadAction\",\"target\":[\"https:\\\/\\\/gohike.lv\\\/ru\\\/produkts\\\/naturehike-coolmax-trekinga-zekes\\\/\"]}]},{\"@type\":\"ImageObject\",\"inLanguage\":\"ru-RU\",\"@id\":\"https:\\\/\\\/gohike.lv\\\/ru\\\/produkts\\\/naturehike-coolmax-trekinga-zekes\\\/#primaryimage\",\"url\":\"https:\\\/\\\/gohike.lv\\\/wp-content\\\/uploads\\\/2024\\\/04\\\/CoolmaxSocks_.webp\",\"contentUrl\":\"https:\\\/\\\/gohike.lv\\\/wp-content\\\/uploads\\\/2024\\\/04\\\/CoolmaxSocks_.webp\",\"width\":720,\"height\":720},{\"@type\":\"BreadcrumbList\",\"@id\":\"https:\\\/\\\/gohike.lv\\\/ru\\\/produkts\\\/naturehike-coolmax-trekinga-zekes\\\/#breadcrumb\",\"itemListElement\":[{\"@type\":\"ListItem\",\"position\":1,\"name\":\"\u0413\u043b\u0430\u0432\u043d\u0430\u044f\",\"item\":\"https:\\\/\\\/gohike.lv\\\/ru\\\/\"},{\"@type\":\"ListItem\",\"position\":2,\"name\":\"\u041a\u0430\u0442\u0435\u0433\u043e\u0440\u0438\u0438 \u0442\u043e\u0432\u0430\u0440\u043e\u0432\",\"item\":\"https:\\\/\\\/gohike.lv\\\/%d0%ba%d0%b0%d1%82%d0%b5%d0%b3%d0%be%d1%80%d0%b8%d0%b8-%d1%82%d0%be%d0%b2%d0%b0%d1%80%d0%be%d0%b2\\\/\"},{\"@type\":\"ListItem\",\"position\":3,\"name\":\"Naturehike &#8211; Coolmax trekinga ze\u0137es\"}]},{\"@type\":\"WebSite\",\"@id\":\"https:\\\/\\\/gohike.lv\\\/ru\\\/#website\",\"url\":\"https:\\\/\\\/gohike.lv\\\/ru\\\/\",\"name\":\"GoHike\",\"description\":\"\",\"publisher\":{\"@id\":\"https:\\\/\\\/gohike.lv\\\/ru\\\/#organization\"},\"potentialAction\":[{\"@type\":\"SearchAction\",\"target\":{\"@type\":\"EntryPoint\",\"urlTemplate\":\"https:\\\/\\\/gohike.lv\\\/ru\\\/?s={search_term_string}\"},\"query-input\":{\"@type\":\"PropertyValueSpecification\",\"valueRequired\":true,\"valueName\":\"search_term_string\"}}],\"inLanguage\":\"ru-RU\"},{\"@type\":\"Organization\",\"@id\":\"https:\\\/\\\/gohike.lv\\\/ru\\\/#organization\",\"name\":\"GoHike\",\"url\":\"https:\\\/\\\/gohike.lv\\\/ru\\\/\",\"logo\":{\"@type\":\"ImageObject\",\"inLanguage\":\"ru-RU\",\"@id\":\"https:\\\/\\\/gohike.lv\\\/ru\\\/#\\\/schema\\\/logo\\\/image\\\/\",\"url\":\"https:\\\/\\\/gohike.lv\\\/wp-content\\\/uploads\\\/2023\\\/08\\\/Logo_GoHike.webp\",\"contentUrl\":\"https:\\\/\\\/gohike.lv\\\/wp-content\\\/uploads\\\/2023\\\/08\\\/Logo_GoHike.webp\",\"width\":512,\"height\":512,\"caption\":\"GoHike\"},\"image\":{\"@id\":\"https:\\\/\\\/gohike.lv\\\/ru\\\/#\\\/schema\\\/logo\\\/image\\\/\"},\"sameAs\":[\"https:\\\/\\\/www.facebook.com\\\/gohike.shop\\\/\",\"https:\\\/\\\/www.instagram.com\\\/gohike.shop\\\/\"]}]}<\/script>\n<!-- \/ Yoast SEO plugin. -->","yoast_head_json":{"title":"Naturehike - Coolmax trekinga ze\u0137es","description":"Naturehike ze\u0137es ar Coolmax audumu. Nodro\u0161ina maksim\u0101lu komfortu da\u017e\u0101dos apst\u0101k\u013cos.","robots":{"index":"index","follow":"follow","max-snippet":"max-snippet:-1","max-image-preview":"max-image-preview:large","max-video-preview":"max-video-preview:-1"},"canonical":"https:\/\/gohike.lv\/ru\/produkts\/naturehike-coolmax-trekinga-zekes\/","og_locale":"ru_RU","og_type":"article","og_title":"Naturehike - Coolmax trekinga ze\u0137es","og_description":"Naturehike ze\u0137es ar Coolmax audumu. Nodro\u0161ina maksim\u0101lu komfortu da\u017e\u0101dos apst\u0101k\u013cos.","og_url":"https:\/\/gohike.lv\/ru\/produkts\/naturehike-coolmax-trekinga-zekes\/","og_site_name":"GoHike","article_publisher":"https:\/\/www.facebook.com\/gohike.shop\/","article_modified_time":"2026-02-08T05:13:08+00:00","og_image":[{"width":720,"height":720,"url":"https:\/\/gohike.lv\/wp-content\/uploads\/2024\/04\/CoolmaxSocks_.webp","type":"image\/webp"}],"twitter_card":"summary_large_image","twitter_title":"Naturehike - Coolmax trekinga ze\u0137es","twitter_misc":{"\u041f\u0440\u0438\u043c\u0435\u0440\u043d\u043e\u0435 \u0432\u0440\u0435\u043c\u044f \u0434\u043b\u044f \u0447\u0442\u0435\u043d\u0438\u044f":"1 \u043c\u0438\u043d\u0443\u0442\u0430"},"schema":{"@context":"https:\/\/schema.org","@graph":[{"@type":["WebPage","ItemPage"],"@id":"https:\/\/gohike.lv\/ru\/produkts\/naturehike-coolmax-trekinga-zekes\/","url":"https:\/\/gohike.lv\/ru\/produkts\/naturehike-coolmax-trekinga-zekes\/","name":"Naturehike - Coolmax trekinga ze\u0137es","isPartOf":{"@id":"https:\/\/gohike.lv\/ru\/#website"},"primaryImageOfPage":{"@id":"https:\/\/gohike.lv\/ru\/produkts\/naturehike-coolmax-trekinga-zekes\/#primaryimage"},"image":{"@id":"https:\/\/gohike.lv\/ru\/produkts\/naturehike-coolmax-trekinga-zekes\/#primaryimage"},"thumbnailUrl":"https:\/\/gohike.lv\/wp-content\/uploads\/2024\/04\/CoolmaxSocks_.webp","datePublished":"2024-05-07T08:13:38+00:00","dateModified":"2026-02-08T05:13:08+00:00","description":"Naturehike ze\u0137es ar Coolmax audumu. Nodro\u0161ina maksim\u0101lu komfortu da\u017e\u0101dos apst\u0101k\u013cos.","breadcrumb":{"@id":"https:\/\/gohike.lv\/ru\/produkts\/naturehike-coolmax-trekinga-zekes\/#breadcrumb"},"inLanguage":"ru-RU","potentialAction":[{"@type":"ReadAction","target":["https:\/\/gohike.lv\/ru\/produkts\/naturehike-coolmax-trekinga-zekes\/"]}]},{"@type":"ImageObject","inLanguage":"ru-RU","@id":"https:\/\/gohike.lv\/ru\/produkts\/naturehike-coolmax-trekinga-zekes\/#primaryimage","url":"https:\/\/gohike.lv\/wp-content\/uploads\/2024\/04\/CoolmaxSocks_.webp","contentUrl":"https:\/\/gohike.lv\/wp-content\/uploads\/2024\/04\/CoolmaxSocks_.webp","width":720,"height":720},{"@type":"BreadcrumbList","@id":"https:\/\/gohike.lv\/ru\/produkts\/naturehike-coolmax-trekinga-zekes\/#breadcrumb","itemListElement":[{"@type":"ListItem","position":1,"name":"\u0413\u043b\u0430\u0432\u043d\u0430\u044f","item":"https:\/\/gohike.lv\/ru\/"},{"@type":"ListItem","position":2,"name":"\u041a\u0430\u0442\u0435\u0433\u043e\u0440\u0438\u0438 \u0442\u043e\u0432\u0430\u0440\u043e\u0432","item":"https:\/\/gohike.lv\/%d0%ba%d0%b0%d1%82%d0%b5%d0%b3%d0%be%d1%80%d0%b8%d0%b8-%d1%82%d0%be%d0%b2%d0%b0%d1%80%d0%be%d0%b2\/"},{"@type":"ListItem","position":3,"name":"Naturehike &#8211; Coolmax trekinga ze\u0137es"}]},{"@type":"WebSite","@id":"https:\/\/gohike.lv\/ru\/#website","url":"https:\/\/gohike.lv\/ru\/","name":"GoHike","description":"","publisher":{"@id":"https:\/\/gohike.lv\/ru\/#organization"},"potentialAction":[{"@type":"SearchAction","target":{"@type":"EntryPoint","urlTemplate":"https:\/\/gohike.lv\/ru\/?s={search_term_string}"},"query-input":{"@type":"PropertyValueSpecification","valueRequired":true,"valueName":"search_term_string"}}],"inLanguage":"ru-RU"},{"@type":"Organization","@id":"https:\/\/gohike.lv\/ru\/#organization","name":"GoHike","url":"https:\/\/gohike.lv\/ru\/","logo":{"@type":"ImageObject","inLanguage":"ru-RU","@id":"https:\/\/gohike.lv\/ru\/#\/schema\/logo\/image\/","url":"https:\/\/gohike.lv\/wp-content\/uploads\/2023\/08\/Logo_GoHike.webp","contentUrl":"https:\/\/gohike.lv\/wp-content\/uploads\/2023\/08\/Logo_GoHike.webp","width":512,"height":512,"caption":"GoHike"},"image":{"@id":"https:\/\/gohike.lv\/ru\/#\/schema\/logo\/image\/"},"sameAs":["https:\/\/www.facebook.com\/gohike.shop\/","https:\/\/www.instagram.com\/gohike.shop\/"]}]}},"jetpack_sharing_enabled":true,"_links":{"self":[{"href":"https:\/\/gohike.lv\/ru\/wp-json\/wp\/v2\/product\/52572","targetHints":{"allow":["GET"]}}],"collection":[{"href":"https:\/\/gohike.lv\/ru\/wp-json\/wp\/v2\/product"}],"about":[{"href":"https:\/\/gohike.lv\/ru\/wp-json\/wp\/v2\/types\/product"}],"version-history":[{"count":0,"href":"https:\/\/gohike.lv\/ru\/wp-json\/wp\/v2\/product\/52572\/revisions"}],"wp:featuredmedia":[{"embeddable":true,"href":"https:\/\/gohike.lv\/ru\/wp-json\/wp\/v2\/media\/31843"}],"wp:attachment":[{"href":"https:\/\/gohike.lv\/ru\/wp-json\/wp\/v2\/media?parent=52572"}],"wp:term":[{"taxonomy":"product_brand","embeddable":true,"href":"https:\/\/gohike.lv\/ru\/wp-json\/wp\/v2\/product_brand?post=52572"},{"taxonomy":"product_cat","embeddable":true,"href":"https:\/\/gohike.lv\/ru\/wp-json\/wp\/v2\/product_cat?post=52572"},{"taxonomy":"product_tag","embeddable":true,"href":"https:\/\/gohike.lv\/ru\/wp-json\/wp\/v2\/product_tag?post=52572"}],"curies":[{"name":"wp","href":"https:\/\/api.w.org\/{rel}","templated":true}]}}