{"id":52555,"date":"2024-05-07T11:11:56","date_gmt":"2024-05-07T08:11:56","guid":{"rendered":"https:\/\/gohike.lv\/produkts\/naturehike-cepure-ar-nagu-un-saules-aizsardzibu\/"},"modified":"2026-02-03T20:00:55","modified_gmt":"2026-02-03T17:00:55","slug":"naturehike-cepure-ar-nagu-un-saules-aizsardzibu","status":"publish","type":"product","link":"https:\/\/gohike.lv\/ru\/produkts\/naturehike-cepure-ar-nagu-un-saules-aizsardzibu\/","title":{"rendered":"Naturehike &#8212; Cepure ar nagu un saules aizsardz\u012bbu"},"content":{"rendered":"<p>Termisk\u0101s aizsardz\u012bbas standarts UPF50+. \u016adensiztur\u012bga: PU1000mm.<br \/>\nT\u012bkla audums ir elpojo\u0161s un \u0101tri izvada mitrumu un sviedrus treni\u0146u laik\u0101.<br \/>\nPoliam\u012bda audums ir \u016bdensiztur\u012bgs, \u0101tri \u017e\u016bst un neuzs\u016bc smakas.<br \/>\nKakla atloku var elast\u012bgi piestiprin\u0101t vai no\u0146emt.<br \/>\nVienk\u0101r\u0161s, moderns dizains pla\u0161am pielietojumam.<br \/>\nRaksturlielumi:<br \/>\nIzm\u0113ri:<br \/>\nGalvas r\u0101diuss: 58 cm;<br \/>\nAsmens garums: 7,5 cm;<br \/>\nSaules nojume iek\u0161pus\u0113: 36 x 54 cm.<\/p>\n","protected":false},"excerpt":{"rendered":"<p>Naturehike piknika cepure v\u012brie\u0161iem un sieviet\u0113m.<\/p>\n","protected":false},"featured_media":29286,"template":"","meta":[],"product_brand":[167],"product_cat":[1419],"product_tag":[],"class_list":{"0":"post-52555","1":"product","2":"type-product","3":"status-publish","4":"has-post-thumbnail","6":"product_brand-naturehike-lv","7":"product_cat-apgerbs","8":"pa_produkta-tips-cepures","9":"pa_spalva-balts","10":"pa_spalva-melns","12":"first","13":"instock","14":"taxable","15":"shipping-taxable","16":"purchasable","17":"product-type-variable","18":"has-default-attributes"},"raw_content":{"name":"Naturehike - Cepure ar nagu un saules aizsardz\u012bbu","description":"Termisk\u0101s aizsardz\u012bbas standarts UPF50+. \u016adensiztur\u012bga: PU1000mm.\nT\u012bkla audums ir elpojo\u0161s un \u0101tri izvada mitrumu un sviedrus treni\u0146u laik\u0101.\nPoliam\u012bda audums ir \u016bdensiztur\u012bgs, \u0101tri \u017e\u016bst un neuzs\u016bc smakas.\nKakla atloku var elast\u012bgi piestiprin\u0101t vai no\u0146emt.\nVienk\u0101r\u0161s, moderns dizains pla\u0161am pielietojumam.\nRaksturlielumi:\nIzm\u0113ri:\nGalvas r\u0101diuss: 58 cm;\nAsmens garums: 7,5 cm;\nSaules nojume iek\u0161pus\u0113: 36 x 54 cm.","short_description":"Naturehike piknika cepure v\u012brie\u0161iem un sieviet\u0113m.","status":"publish","sku":"nat000113","original":52555},"wpml":{"translation_type":1,"has_translations":true,"original":52555,"duplicates":[],"translations":{"lv":52555,"en":68238,"ru":null}},"supplier_id":null,"supplier_sku":"","barcode":null,"atum_controlled":true,"out_stock_date":null,"out_stock_threshold":null,"inheritable":false,"inbound_stock":0,"stock_on_hold":0,"sold_today":0,"sales_last_days":0,"reserved_stock":0,"customer_returns":0,"warehouse_damage":0,"lost_in_post":0,"other_logs":0,"out_stock_days":0,"lost_sales":0,"has_location":false,"update_date":"2025-12-30T14:13:30","atum_locations":[],"atum_stock_status":"instock","restock_status":false,"low_stock_amount":"","sales_update_date":"2025-11-13T13:36:33","calc_backorders":null,"yoast_head":"<!-- This site is optimized with the Yoast SEO plugin v27.3 - https:\/\/yoast.com\/product\/yoast-seo-wordpress\/ -->\n<title>Naturehike - Cepure ar nagu un saules aizsardz\u012bbu<\/title>\n<meta name=\"description\" content=\"Naturehike piknika cepure v\u012brie\u0161iem un sieviet\u0113m. Termisk\u0101s aizsardz\u012bbas standarts UPF50+. \u016adensiztur\u012bgums: PU1000mm.\" \/>\n<meta name=\"robots\" content=\"index, follow, max-snippet:-1, max-image-preview:large, max-video-preview:-1\" \/>\n<link rel=\"canonical\" href=\"https:\/\/gohike.lv\/ru\/produkts\/naturehike-cepure-ar-nagu-un-saules-aizsardzibu\/\" \/>\n<meta property=\"og:locale\" content=\"ru_RU\" \/>\n<meta property=\"og:type\" content=\"article\" \/>\n<meta property=\"og:title\" content=\"Naturehike - Cepure ar nagu un saules aizsardz\u012bbu\" \/>\n<meta property=\"og:description\" content=\"Naturehike piknika cepure v\u012brie\u0161iem un sieviet\u0113m. Termisk\u0101s aizsardz\u012bbas standarts UPF50+. \u016adensiztur\u012bgums: PU1000mm.\" \/>\n<meta property=\"og:url\" content=\"https:\/\/gohike.lv\/ru\/produkts\/naturehike-cepure-ar-nagu-un-saules-aizsardzibu\/\" \/>\n<meta property=\"og:site_name\" content=\"GoHike\" \/>\n<meta property=\"article:publisher\" content=\"https:\/\/www.facebook.com\/gohike.shop\/\" \/>\n<meta property=\"article:modified_time\" content=\"2026-02-03T17:00:55+00:00\" \/>\n<meta property=\"og:image\" content=\"https:\/\/gohike.lv\/wp-content\/uploads\/2024\/04\/SunscreenCap_black.jpeg\" \/>\n\t<meta property=\"og:image:width\" content=\"800\" \/>\n\t<meta property=\"og:image:height\" content=\"800\" \/>\n\t<meta property=\"og:image:type\" content=\"image\/jpeg\" \/>\n<meta name=\"twitter:card\" content=\"summary_large_image\" \/>\n<meta name=\"twitter:title\" content=\"Naturehike - Cepure ar nagu un saules aizsardz\u012bbu\" \/>\n<meta name=\"twitter:label1\" content=\"\u041f\u0440\u0438\u043c\u0435\u0440\u043d\u043e\u0435 \u0432\u0440\u0435\u043c\u044f \u0434\u043b\u044f \u0447\u0442\u0435\u043d\u0438\u044f\" \/>\n\t<meta name=\"twitter:data1\" content=\"1 \u043c\u0438\u043d\u0443\u0442\u0430\" \/>\n<script type=\"application\/ld+json\" class=\"yoast-schema-graph\">{\"@context\":\"https:\\\/\\\/schema.org\",\"@graph\":[{\"@type\":[\"WebPage\",\"ItemPage\"],\"@id\":\"https:\\\/\\\/gohike.lv\\\/ru\\\/produkts\\\/naturehike-cepure-ar-nagu-un-saules-aizsardzibu\\\/\",\"url\":\"https:\\\/\\\/gohike.lv\\\/ru\\\/produkts\\\/naturehike-cepure-ar-nagu-un-saules-aizsardzibu\\\/\",\"name\":\"Naturehike - Cepure ar nagu un saules aizsardz\u012bbu\",\"isPartOf\":{\"@id\":\"https:\\\/\\\/gohike.lv\\\/ru\\\/#website\"},\"primaryImageOfPage\":{\"@id\":\"https:\\\/\\\/gohike.lv\\\/ru\\\/produkts\\\/naturehike-cepure-ar-nagu-un-saules-aizsardzibu\\\/#primaryimage\"},\"image\":{\"@id\":\"https:\\\/\\\/gohike.lv\\\/ru\\\/produkts\\\/naturehike-cepure-ar-nagu-un-saules-aizsardzibu\\\/#primaryimage\"},\"thumbnailUrl\":\"https:\\\/\\\/gohike.lv\\\/wp-content\\\/uploads\\\/2024\\\/04\\\/SunscreenCap_black.jpeg\",\"datePublished\":\"2024-05-07T08:11:56+00:00\",\"dateModified\":\"2026-02-03T17:00:55+00:00\",\"description\":\"Naturehike piknika cepure v\u012brie\u0161iem un sieviet\u0113m. Termisk\u0101s aizsardz\u012bbas standarts UPF50+. \u016adensiztur\u012bgums: PU1000mm.\",\"breadcrumb\":{\"@id\":\"https:\\\/\\\/gohike.lv\\\/ru\\\/produkts\\\/naturehike-cepure-ar-nagu-un-saules-aizsardzibu\\\/#breadcrumb\"},\"inLanguage\":\"ru-RU\",\"potentialAction\":[{\"@type\":\"ReadAction\",\"target\":[\"https:\\\/\\\/gohike.lv\\\/ru\\\/produkts\\\/naturehike-cepure-ar-nagu-un-saules-aizsardzibu\\\/\"]}]},{\"@type\":\"ImageObject\",\"inLanguage\":\"ru-RU\",\"@id\":\"https:\\\/\\\/gohike.lv\\\/ru\\\/produkts\\\/naturehike-cepure-ar-nagu-un-saules-aizsardzibu\\\/#primaryimage\",\"url\":\"https:\\\/\\\/gohike.lv\\\/wp-content\\\/uploads\\\/2024\\\/04\\\/SunscreenCap_black.jpeg\",\"contentUrl\":\"https:\\\/\\\/gohike.lv\\\/wp-content\\\/uploads\\\/2024\\\/04\\\/SunscreenCap_black.jpeg\",\"width\":800,\"height\":800},{\"@type\":\"BreadcrumbList\",\"@id\":\"https:\\\/\\\/gohike.lv\\\/ru\\\/produkts\\\/naturehike-cepure-ar-nagu-un-saules-aizsardzibu\\\/#breadcrumb\",\"itemListElement\":[{\"@type\":\"ListItem\",\"position\":1,\"name\":\"\u0413\u043b\u0430\u0432\u043d\u0430\u044f\",\"item\":\"https:\\\/\\\/gohike.lv\\\/ru\\\/\"},{\"@type\":\"ListItem\",\"position\":2,\"name\":\"\u041a\u0430\u0442\u0435\u0433\u043e\u0440\u0438\u0438 \u0442\u043e\u0432\u0430\u0440\u043e\u0432\",\"item\":\"https:\\\/\\\/gohike.lv\\\/%d0%ba%d0%b0%d1%82%d0%b5%d0%b3%d0%be%d1%80%d0%b8%d0%b8-%d1%82%d0%be%d0%b2%d0%b0%d1%80%d0%be%d0%b2\\\/\"},{\"@type\":\"ListItem\",\"position\":3,\"name\":\"Naturehike &#8211; Cepure ar nagu un saules aizsardz\u012bbu\"}]},{\"@type\":\"WebSite\",\"@id\":\"https:\\\/\\\/gohike.lv\\\/ru\\\/#website\",\"url\":\"https:\\\/\\\/gohike.lv\\\/ru\\\/\",\"name\":\"GoHike\",\"description\":\"\",\"publisher\":{\"@id\":\"https:\\\/\\\/gohike.lv\\\/ru\\\/#organization\"},\"potentialAction\":[{\"@type\":\"SearchAction\",\"target\":{\"@type\":\"EntryPoint\",\"urlTemplate\":\"https:\\\/\\\/gohike.lv\\\/ru\\\/?s={search_term_string}\"},\"query-input\":{\"@type\":\"PropertyValueSpecification\",\"valueRequired\":true,\"valueName\":\"search_term_string\"}}],\"inLanguage\":\"ru-RU\"},{\"@type\":\"Organization\",\"@id\":\"https:\\\/\\\/gohike.lv\\\/ru\\\/#organization\",\"name\":\"GoHike\",\"url\":\"https:\\\/\\\/gohike.lv\\\/ru\\\/\",\"logo\":{\"@type\":\"ImageObject\",\"inLanguage\":\"ru-RU\",\"@id\":\"https:\\\/\\\/gohike.lv\\\/ru\\\/#\\\/schema\\\/logo\\\/image\\\/\",\"url\":\"https:\\\/\\\/gohike.lv\\\/wp-content\\\/uploads\\\/2023\\\/08\\\/Logo_GoHike.webp\",\"contentUrl\":\"https:\\\/\\\/gohike.lv\\\/wp-content\\\/uploads\\\/2023\\\/08\\\/Logo_GoHike.webp\",\"width\":512,\"height\":512,\"caption\":\"GoHike\"},\"image\":{\"@id\":\"https:\\\/\\\/gohike.lv\\\/ru\\\/#\\\/schema\\\/logo\\\/image\\\/\"},\"sameAs\":[\"https:\\\/\\\/www.facebook.com\\\/gohike.shop\\\/\",\"https:\\\/\\\/www.instagram.com\\\/gohike.shop\\\/\"]}]}<\/script>\n<!-- \/ Yoast SEO plugin. -->","yoast_head_json":{"title":"Naturehike - Cepure ar nagu un saules aizsardz\u012bbu","description":"Naturehike piknika cepure v\u012brie\u0161iem un sieviet\u0113m. Termisk\u0101s aizsardz\u012bbas standarts UPF50+. \u016adensiztur\u012bgums: PU1000mm.","robots":{"index":"index","follow":"follow","max-snippet":"max-snippet:-1","max-image-preview":"max-image-preview:large","max-video-preview":"max-video-preview:-1"},"canonical":"https:\/\/gohike.lv\/ru\/produkts\/naturehike-cepure-ar-nagu-un-saules-aizsardzibu\/","og_locale":"ru_RU","og_type":"article","og_title":"Naturehike - Cepure ar nagu un saules aizsardz\u012bbu","og_description":"Naturehike piknika cepure v\u012brie\u0161iem un sieviet\u0113m. Termisk\u0101s aizsardz\u012bbas standarts UPF50+. \u016adensiztur\u012bgums: PU1000mm.","og_url":"https:\/\/gohike.lv\/ru\/produkts\/naturehike-cepure-ar-nagu-un-saules-aizsardzibu\/","og_site_name":"GoHike","article_publisher":"https:\/\/www.facebook.com\/gohike.shop\/","article_modified_time":"2026-02-03T17:00:55+00:00","og_image":[{"width":800,"height":800,"url":"https:\/\/gohike.lv\/wp-content\/uploads\/2024\/04\/SunscreenCap_black.jpeg","type":"image\/jpeg"}],"twitter_card":"summary_large_image","twitter_title":"Naturehike - Cepure ar nagu un saules aizsardz\u012bbu","twitter_misc":{"\u041f\u0440\u0438\u043c\u0435\u0440\u043d\u043e\u0435 \u0432\u0440\u0435\u043c\u044f \u0434\u043b\u044f \u0447\u0442\u0435\u043d\u0438\u044f":"1 \u043c\u0438\u043d\u0443\u0442\u0430"},"schema":{"@context":"https:\/\/schema.org","@graph":[{"@type":["WebPage","ItemPage"],"@id":"https:\/\/gohike.lv\/ru\/produkts\/naturehike-cepure-ar-nagu-un-saules-aizsardzibu\/","url":"https:\/\/gohike.lv\/ru\/produkts\/naturehike-cepure-ar-nagu-un-saules-aizsardzibu\/","name":"Naturehike - Cepure ar nagu un saules aizsardz\u012bbu","isPartOf":{"@id":"https:\/\/gohike.lv\/ru\/#website"},"primaryImageOfPage":{"@id":"https:\/\/gohike.lv\/ru\/produkts\/naturehike-cepure-ar-nagu-un-saules-aizsardzibu\/#primaryimage"},"image":{"@id":"https:\/\/gohike.lv\/ru\/produkts\/naturehike-cepure-ar-nagu-un-saules-aizsardzibu\/#primaryimage"},"thumbnailUrl":"https:\/\/gohike.lv\/wp-content\/uploads\/2024\/04\/SunscreenCap_black.jpeg","datePublished":"2024-05-07T08:11:56+00:00","dateModified":"2026-02-03T17:00:55+00:00","description":"Naturehike piknika cepure v\u012brie\u0161iem un sieviet\u0113m. Termisk\u0101s aizsardz\u012bbas standarts UPF50+. \u016adensiztur\u012bgums: PU1000mm.","breadcrumb":{"@id":"https:\/\/gohike.lv\/ru\/produkts\/naturehike-cepure-ar-nagu-un-saules-aizsardzibu\/#breadcrumb"},"inLanguage":"ru-RU","potentialAction":[{"@type":"ReadAction","target":["https:\/\/gohike.lv\/ru\/produkts\/naturehike-cepure-ar-nagu-un-saules-aizsardzibu\/"]}]},{"@type":"ImageObject","inLanguage":"ru-RU","@id":"https:\/\/gohike.lv\/ru\/produkts\/naturehike-cepure-ar-nagu-un-saules-aizsardzibu\/#primaryimage","url":"https:\/\/gohike.lv\/wp-content\/uploads\/2024\/04\/SunscreenCap_black.jpeg","contentUrl":"https:\/\/gohike.lv\/wp-content\/uploads\/2024\/04\/SunscreenCap_black.jpeg","width":800,"height":800},{"@type":"BreadcrumbList","@id":"https:\/\/gohike.lv\/ru\/produkts\/naturehike-cepure-ar-nagu-un-saules-aizsardzibu\/#breadcrumb","itemListElement":[{"@type":"ListItem","position":1,"name":"\u0413\u043b\u0430\u0432\u043d\u0430\u044f","item":"https:\/\/gohike.lv\/ru\/"},{"@type":"ListItem","position":2,"name":"\u041a\u0430\u0442\u0435\u0433\u043e\u0440\u0438\u0438 \u0442\u043e\u0432\u0430\u0440\u043e\u0432","item":"https:\/\/gohike.lv\/%d0%ba%d0%b0%d1%82%d0%b5%d0%b3%d0%be%d1%80%d0%b8%d0%b8-%d1%82%d0%be%d0%b2%d0%b0%d1%80%d0%be%d0%b2\/"},{"@type":"ListItem","position":3,"name":"Naturehike &#8211; Cepure ar nagu un saules aizsardz\u012bbu"}]},{"@type":"WebSite","@id":"https:\/\/gohike.lv\/ru\/#website","url":"https:\/\/gohike.lv\/ru\/","name":"GoHike","description":"","publisher":{"@id":"https:\/\/gohike.lv\/ru\/#organization"},"potentialAction":[{"@type":"SearchAction","target":{"@type":"EntryPoint","urlTemplate":"https:\/\/gohike.lv\/ru\/?s={search_term_string}"},"query-input":{"@type":"PropertyValueSpecification","valueRequired":true,"valueName":"search_term_string"}}],"inLanguage":"ru-RU"},{"@type":"Organization","@id":"https:\/\/gohike.lv\/ru\/#organization","name":"GoHike","url":"https:\/\/gohike.lv\/ru\/","logo":{"@type":"ImageObject","inLanguage":"ru-RU","@id":"https:\/\/gohike.lv\/ru\/#\/schema\/logo\/image\/","url":"https:\/\/gohike.lv\/wp-content\/uploads\/2023\/08\/Logo_GoHike.webp","contentUrl":"https:\/\/gohike.lv\/wp-content\/uploads\/2023\/08\/Logo_GoHike.webp","width":512,"height":512,"caption":"GoHike"},"image":{"@id":"https:\/\/gohike.lv\/ru\/#\/schema\/logo\/image\/"},"sameAs":["https:\/\/www.facebook.com\/gohike.shop\/","https:\/\/www.instagram.com\/gohike.shop\/"]}]}},"jetpack_sharing_enabled":true,"_links":{"self":[{"href":"https:\/\/gohike.lv\/ru\/wp-json\/wp\/v2\/product\/52555","targetHints":{"allow":["GET"]}}],"collection":[{"href":"https:\/\/gohike.lv\/ru\/wp-json\/wp\/v2\/product"}],"about":[{"href":"https:\/\/gohike.lv\/ru\/wp-json\/wp\/v2\/types\/product"}],"version-history":[{"count":0,"href":"https:\/\/gohike.lv\/ru\/wp-json\/wp\/v2\/product\/52555\/revisions"}],"wp:featuredmedia":[{"embeddable":true,"href":"https:\/\/gohike.lv\/ru\/wp-json\/wp\/v2\/media\/29286"}],"wp:attachment":[{"href":"https:\/\/gohike.lv\/ru\/wp-json\/wp\/v2\/media?parent=52555"}],"wp:term":[{"taxonomy":"product_brand","embeddable":true,"href":"https:\/\/gohike.lv\/ru\/wp-json\/wp\/v2\/product_brand?post=52555"},{"taxonomy":"product_cat","embeddable":true,"href":"https:\/\/gohike.lv\/ru\/wp-json\/wp\/v2\/product_cat?post=52555"},{"taxonomy":"product_tag","embeddable":true,"href":"https:\/\/gohike.lv\/ru\/wp-json\/wp\/v2\/product_tag?post=52555"}],"curies":[{"name":"wp","href":"https:\/\/api.w.org\/{rel}","templated":true}]}}