{"id":52513,"date":"2024-05-07T11:09:39","date_gmt":"2024-05-07T08:09:39","guid":{"rendered":"https:\/\/gohike.lv\/produkts\/naturehike-gl09-t-viegli-pretslides-cimdi\/"},"modified":"2025-12-30T17:10:21","modified_gmt":"2025-12-30T14:10:21","slug":"naturehike-gl09-t-viegli-pretslides-cimdi","status":"publish","type":"product","link":"https:\/\/gohike.lv\/ru\/produkts\/naturehike-gl09-t-viegli-pretslides-cimdi\/","title":{"rendered":"Naturehike &#8212; GL09-T Viegli, nesl\u012bdo\u0161i cimdi"},"content":{"rendered":"<p>Vis\u0101 plaukst\u0101 ir silikons, kas padara \u0161os cimdus nesl\u012bdo\u0161us un \u013cauj lietot mobilo t\u0101lruni, nenovelkot cimdus.<br \/>\nCimdi ir elast\u012bgi un izgatavoti no\u00a0m\u012bksta un viegli t\u012br\u0101ma materi\u0101la, kam ir UV aizsardz\u012bba l\u012bdz UPF 50+.<br \/>\nElast\u012bga josta uz plaukstas loc\u012btavas.<br \/>\nKr\u0101sa: pel\u0113ka, tum\u0161i zila;<br \/>\nMateri\u0101ls: 92% poliesters, 8% spandekss;<br \/>\nIzm\u0113rs: M, L, XL (izm\u0113ru tabula redzama preces fotoatt\u0113l\u0101);<br \/>\nSvars: 22g (neto svars).<\/p>\n","protected":false},"excerpt":{"rendered":"<p>Daudzfunkcion\u0101li UV aizsardz\u012bbas cimdi no elast\u012bga auduma, piem\u0113roti vis\u0101m aktivit\u0101t\u0113m, piem\u0113ram, rite\u0146brauk\u0161anai vai p\u0101rg\u0101jieniem.<\/p>\n","protected":false},"featured_media":29141,"template":"","meta":[],"product_brand":[13432],"product_cat":[12737],"product_tag":[],"class_list":{"0":"post-52513","1":"product","2":"type-product","3":"status-publish","4":"has-post-thumbnail","6":"product_brand-naturehike-ru","7":"product_cat-12737","8":"pa_izmers-m-ru","9":"pa_izmers-xl","10":"pa_produkta-tips-12732","11":"pa_spalva-peleks","12":"pa_spalva-tumsi-zils","14":"first","15":"outofstock","16":"taxable","17":"shipping-taxable","18":"purchasable","19":"product-type-variable","20":"has-default-attributes"},"raw_content":{"name":"Naturehike - GL09-T Viegli, nesl\u012bdo\u0161i cimdi","description":"Vis\u0101 plaukst\u0101 ir silikons, kas padara \u0161os cimdus nesl\u012bdo\u0161us un \u013cauj lietot mobilo t\u0101lruni, nenovelkot cimdus.\nCimdi ir elast\u012bgi un izgatavoti no\u00a0m\u012bksta un viegli t\u012br\u0101ma materi\u0101la, kam ir UV aizsardz\u012bba l\u012bdz UPF 50+.\nElast\u012bga josta uz plaukstas loc\u012btavas.\nKr\u0101sa: pel\u0113ka, tum\u0161i zila;\nMateri\u0101ls: 92% poliesters, 8% spandekss;\nIzm\u0113rs: M, L, XL (izm\u0113ru tabula redzama preces fotoatt\u0113l\u0101);\nSvars: 22g (neto svars).","short_description":"Daudzfunkcion\u0101li UV aizsardz\u012bbas cimdi no elast\u012bga auduma, piem\u0113roti vis\u0101m aktivit\u0101t\u0113m, piem\u0113ram, rite\u0146brauk\u0161anai vai p\u0101rg\u0101jieniem.","status":"publish","sku":"nat000105","original":52513},"wpml":{"translation_type":1,"has_translations":true,"original":52513,"duplicates":[],"translations":{"lv":52513,"en":68178,"ru":null}},"supplier_id":null,"supplier_sku":"","barcode":null,"atum_controlled":true,"out_stock_date":null,"out_stock_threshold":null,"inheritable":false,"inbound_stock":0,"stock_on_hold":0,"sold_today":0,"sales_last_days":0,"reserved_stock":0,"customer_returns":0,"warehouse_damage":0,"lost_in_post":0,"other_logs":0,"out_stock_days":0,"lost_sales":0,"has_location":null,"update_date":"2025-12-30T14:13:31","atum_locations":[],"atum_stock_status":"outofstock","restock_status":false,"low_stock_amount":"","sales_update_date":"2025-11-13T14:07:38","calc_backorders":null,"yoast_head":"<!-- This site is optimized with the Yoast SEO plugin v27.3 - https:\/\/yoast.com\/product\/yoast-seo-wordpress\/ -->\n<title>Naturehike - GL09-T Viegli, nesl\u012bdo\u0161i cimdi<\/title>\n<meta name=\"description\" content=\"Daudzfunkcion\u0101li UV aizsardz\u012bbas cimdi no elast\u012bga auduma, piem\u0113roti vis\u0101m aktivit\u0101t\u0113m, piem\u0113ram, rite\u0146brauk\u0161anai vai p\u0101rg\u0101jieniem.\" \/>\n<meta name=\"robots\" content=\"index, follow, max-snippet:-1, max-image-preview:large, max-video-preview:-1\" \/>\n<link rel=\"canonical\" href=\"https:\/\/gohike.lv\/ru\/produkts\/naturehike-gl09-t-viegli-pretslides-cimdi\/\" \/>\n<meta property=\"og:locale\" content=\"ru_RU\" \/>\n<meta property=\"og:type\" content=\"article\" \/>\n<meta property=\"og:title\" content=\"Naturehike - GL09-T Viegli pretsl\u012bdes cimdi\" \/>\n<meta property=\"og:description\" content=\"Daudzfunkcion\u0101li UV aizsardz\u012bbas cimdi no elast\u012bga auduma, piem\u0113roti vis\u0101m aktivit\u0101t\u0113m, piem\u0113ram, rite\u0146brauk\u0161anai vai p\u0101rg\u0101jieniem.\" \/>\n<meta property=\"og:url\" content=\"https:\/\/gohike.lv\/ru\/produkts\/naturehike-gl09-t-viegli-pretslides-cimdi\/\" \/>\n<meta property=\"og:site_name\" content=\"GoHike\" \/>\n<meta property=\"article:publisher\" content=\"https:\/\/www.facebook.com\/gohike.shop\/\" \/>\n<meta property=\"article:modified_time\" content=\"2025-12-30T14:10:21+00:00\" \/>\n<meta property=\"og:image\" content=\"https:\/\/gohike.lv\/wp-content\/uploads\/2024\/04\/GL09T_grey.webp\" \/>\n\t<meta property=\"og:image:width\" content=\"970\" \/>\n\t<meta property=\"og:image:height\" content=\"970\" \/>\n\t<meta property=\"og:image:type\" content=\"image\/webp\" \/>\n<meta name=\"twitter:card\" content=\"summary_large_image\" \/>\n<meta name=\"twitter:title\" content=\"Naturehike - GL09-T Viegli pretsl\u012bdes cimdi\" \/>\n<meta name=\"twitter:label1\" content=\"\u041f\u0440\u0438\u043c\u0435\u0440\u043d\u043e\u0435 \u0432\u0440\u0435\u043c\u044f \u0434\u043b\u044f \u0447\u0442\u0435\u043d\u0438\u044f\" \/>\n\t<meta name=\"twitter:data1\" content=\"1 \u043c\u0438\u043d\u0443\u0442\u0430\" \/>\n<script type=\"application\/ld+json\" class=\"yoast-schema-graph\">{\"@context\":\"https:\\\/\\\/schema.org\",\"@graph\":[{\"@type\":[\"WebPage\",\"ItemPage\"],\"@id\":\"https:\\\/\\\/gohike.lv\\\/ru\\\/produkts\\\/naturehike-gl09-t-viegli-pretslides-cimdi\\\/\",\"url\":\"https:\\\/\\\/gohike.lv\\\/ru\\\/produkts\\\/naturehike-gl09-t-viegli-pretslides-cimdi\\\/\",\"name\":\"Naturehike - GL09-T Viegli, nesl\u012bdo\u0161i cimdi\",\"isPartOf\":{\"@id\":\"https:\\\/\\\/gohike.lv\\\/ru\\\/#website\"},\"primaryImageOfPage\":{\"@id\":\"https:\\\/\\\/gohike.lv\\\/ru\\\/produkts\\\/naturehike-gl09-t-viegli-pretslides-cimdi\\\/#primaryimage\"},\"image\":{\"@id\":\"https:\\\/\\\/gohike.lv\\\/ru\\\/produkts\\\/naturehike-gl09-t-viegli-pretslides-cimdi\\\/#primaryimage\"},\"thumbnailUrl\":\"https:\\\/\\\/gohike.lv\\\/wp-content\\\/uploads\\\/2024\\\/04\\\/GL09T_grey.webp\",\"datePublished\":\"2024-05-07T08:09:39+00:00\",\"dateModified\":\"2025-12-30T14:10:21+00:00\",\"description\":\"Daudzfunkcion\u0101li UV aizsardz\u012bbas cimdi no elast\u012bga auduma, piem\u0113roti vis\u0101m aktivit\u0101t\u0113m, piem\u0113ram, rite\u0146brauk\u0161anai vai p\u0101rg\u0101jieniem.\",\"breadcrumb\":{\"@id\":\"https:\\\/\\\/gohike.lv\\\/ru\\\/produkts\\\/naturehike-gl09-t-viegli-pretslides-cimdi\\\/#breadcrumb\"},\"inLanguage\":\"ru-RU\",\"potentialAction\":[{\"@type\":\"ReadAction\",\"target\":[\"https:\\\/\\\/gohike.lv\\\/ru\\\/produkts\\\/naturehike-gl09-t-viegli-pretslides-cimdi\\\/\"]}]},{\"@type\":\"ImageObject\",\"inLanguage\":\"ru-RU\",\"@id\":\"https:\\\/\\\/gohike.lv\\\/ru\\\/produkts\\\/naturehike-gl09-t-viegli-pretslides-cimdi\\\/#primaryimage\",\"url\":\"https:\\\/\\\/gohike.lv\\\/wp-content\\\/uploads\\\/2024\\\/04\\\/GL09T_grey.webp\",\"contentUrl\":\"https:\\\/\\\/gohike.lv\\\/wp-content\\\/uploads\\\/2024\\\/04\\\/GL09T_grey.webp\",\"width\":970,\"height\":970},{\"@type\":\"BreadcrumbList\",\"@id\":\"https:\\\/\\\/gohike.lv\\\/ru\\\/produkts\\\/naturehike-gl09-t-viegli-pretslides-cimdi\\\/#breadcrumb\",\"itemListElement\":[{\"@type\":\"ListItem\",\"position\":1,\"name\":\"\u0413\u043b\u0430\u0432\u043d\u0430\u044f\",\"item\":\"https:\\\/\\\/gohike.lv\\\/ru\\\/\"},{\"@type\":\"ListItem\",\"position\":2,\"name\":\"\u041a\u0430\u0442\u0435\u0433\u043e\u0440\u0438\u0438 \u0442\u043e\u0432\u0430\u0440\u043e\u0432\",\"item\":\"https:\\\/\\\/gohike.lv\\\/%d0%ba%d0%b0%d1%82%d0%b5%d0%b3%d0%be%d1%80%d0%b8%d0%b8-%d1%82%d0%be%d0%b2%d0%b0%d1%80%d0%be%d0%b2\\\/\"},{\"@type\":\"ListItem\",\"position\":3,\"name\":\"Naturehike &#8211; GL09-T Viegli, nesl\u012bdo\u0161i cimdi\"}]},{\"@type\":\"WebSite\",\"@id\":\"https:\\\/\\\/gohike.lv\\\/ru\\\/#website\",\"url\":\"https:\\\/\\\/gohike.lv\\\/ru\\\/\",\"name\":\"GoHike\",\"description\":\"\",\"publisher\":{\"@id\":\"https:\\\/\\\/gohike.lv\\\/ru\\\/#organization\"},\"potentialAction\":[{\"@type\":\"SearchAction\",\"target\":{\"@type\":\"EntryPoint\",\"urlTemplate\":\"https:\\\/\\\/gohike.lv\\\/ru\\\/?s={search_term_string}\"},\"query-input\":{\"@type\":\"PropertyValueSpecification\",\"valueRequired\":true,\"valueName\":\"search_term_string\"}}],\"inLanguage\":\"ru-RU\"},{\"@type\":\"Organization\",\"@id\":\"https:\\\/\\\/gohike.lv\\\/ru\\\/#organization\",\"name\":\"GoHike\",\"url\":\"https:\\\/\\\/gohike.lv\\\/ru\\\/\",\"logo\":{\"@type\":\"ImageObject\",\"inLanguage\":\"ru-RU\",\"@id\":\"https:\\\/\\\/gohike.lv\\\/ru\\\/#\\\/schema\\\/logo\\\/image\\\/\",\"url\":\"https:\\\/\\\/gohike.lv\\\/wp-content\\\/uploads\\\/2023\\\/08\\\/Logo_GoHike.webp\",\"contentUrl\":\"https:\\\/\\\/gohike.lv\\\/wp-content\\\/uploads\\\/2023\\\/08\\\/Logo_GoHike.webp\",\"width\":512,\"height\":512,\"caption\":\"GoHike\"},\"image\":{\"@id\":\"https:\\\/\\\/gohike.lv\\\/ru\\\/#\\\/schema\\\/logo\\\/image\\\/\"},\"sameAs\":[\"https:\\\/\\\/www.facebook.com\\\/gohike.shop\\\/\",\"https:\\\/\\\/www.instagram.com\\\/gohike.shop\\\/\"]}]}<\/script>\n<!-- \/ Yoast SEO plugin. -->","yoast_head_json":{"title":"Naturehike - GL09-T Viegli, nesl\u012bdo\u0161i cimdi","description":"Daudzfunkcion\u0101li UV aizsardz\u012bbas cimdi no elast\u012bga auduma, piem\u0113roti vis\u0101m aktivit\u0101t\u0113m, piem\u0113ram, rite\u0146brauk\u0161anai vai p\u0101rg\u0101jieniem.","robots":{"index":"index","follow":"follow","max-snippet":"max-snippet:-1","max-image-preview":"max-image-preview:large","max-video-preview":"max-video-preview:-1"},"canonical":"https:\/\/gohike.lv\/ru\/produkts\/naturehike-gl09-t-viegli-pretslides-cimdi\/","og_locale":"ru_RU","og_type":"article","og_title":"Naturehike - GL09-T Viegli pretsl\u012bdes cimdi","og_description":"Daudzfunkcion\u0101li UV aizsardz\u012bbas cimdi no elast\u012bga auduma, piem\u0113roti vis\u0101m aktivit\u0101t\u0113m, piem\u0113ram, rite\u0146brauk\u0161anai vai p\u0101rg\u0101jieniem.","og_url":"https:\/\/gohike.lv\/ru\/produkts\/naturehike-gl09-t-viegli-pretslides-cimdi\/","og_site_name":"GoHike","article_publisher":"https:\/\/www.facebook.com\/gohike.shop\/","article_modified_time":"2025-12-30T14:10:21+00:00","og_image":[{"width":970,"height":970,"url":"https:\/\/gohike.lv\/wp-content\/uploads\/2024\/04\/GL09T_grey.webp","type":"image\/webp"}],"twitter_card":"summary_large_image","twitter_title":"Naturehike - GL09-T Viegli pretsl\u012bdes cimdi","twitter_misc":{"\u041f\u0440\u0438\u043c\u0435\u0440\u043d\u043e\u0435 \u0432\u0440\u0435\u043c\u044f \u0434\u043b\u044f \u0447\u0442\u0435\u043d\u0438\u044f":"1 \u043c\u0438\u043d\u0443\u0442\u0430"},"schema":{"@context":"https:\/\/schema.org","@graph":[{"@type":["WebPage","ItemPage"],"@id":"https:\/\/gohike.lv\/ru\/produkts\/naturehike-gl09-t-viegli-pretslides-cimdi\/","url":"https:\/\/gohike.lv\/ru\/produkts\/naturehike-gl09-t-viegli-pretslides-cimdi\/","name":"Naturehike - GL09-T Viegli, nesl\u012bdo\u0161i cimdi","isPartOf":{"@id":"https:\/\/gohike.lv\/ru\/#website"},"primaryImageOfPage":{"@id":"https:\/\/gohike.lv\/ru\/produkts\/naturehike-gl09-t-viegli-pretslides-cimdi\/#primaryimage"},"image":{"@id":"https:\/\/gohike.lv\/ru\/produkts\/naturehike-gl09-t-viegli-pretslides-cimdi\/#primaryimage"},"thumbnailUrl":"https:\/\/gohike.lv\/wp-content\/uploads\/2024\/04\/GL09T_grey.webp","datePublished":"2024-05-07T08:09:39+00:00","dateModified":"2025-12-30T14:10:21+00:00","description":"Daudzfunkcion\u0101li UV aizsardz\u012bbas cimdi no elast\u012bga auduma, piem\u0113roti vis\u0101m aktivit\u0101t\u0113m, piem\u0113ram, rite\u0146brauk\u0161anai vai p\u0101rg\u0101jieniem.","breadcrumb":{"@id":"https:\/\/gohike.lv\/ru\/produkts\/naturehike-gl09-t-viegli-pretslides-cimdi\/#breadcrumb"},"inLanguage":"ru-RU","potentialAction":[{"@type":"ReadAction","target":["https:\/\/gohike.lv\/ru\/produkts\/naturehike-gl09-t-viegli-pretslides-cimdi\/"]}]},{"@type":"ImageObject","inLanguage":"ru-RU","@id":"https:\/\/gohike.lv\/ru\/produkts\/naturehike-gl09-t-viegli-pretslides-cimdi\/#primaryimage","url":"https:\/\/gohike.lv\/wp-content\/uploads\/2024\/04\/GL09T_grey.webp","contentUrl":"https:\/\/gohike.lv\/wp-content\/uploads\/2024\/04\/GL09T_grey.webp","width":970,"height":970},{"@type":"BreadcrumbList","@id":"https:\/\/gohike.lv\/ru\/produkts\/naturehike-gl09-t-viegli-pretslides-cimdi\/#breadcrumb","itemListElement":[{"@type":"ListItem","position":1,"name":"\u0413\u043b\u0430\u0432\u043d\u0430\u044f","item":"https:\/\/gohike.lv\/ru\/"},{"@type":"ListItem","position":2,"name":"\u041a\u0430\u0442\u0435\u0433\u043e\u0440\u0438\u0438 \u0442\u043e\u0432\u0430\u0440\u043e\u0432","item":"https:\/\/gohike.lv\/%d0%ba%d0%b0%d1%82%d0%b5%d0%b3%d0%be%d1%80%d0%b8%d0%b8-%d1%82%d0%be%d0%b2%d0%b0%d1%80%d0%be%d0%b2\/"},{"@type":"ListItem","position":3,"name":"Naturehike &#8211; GL09-T Viegli, nesl\u012bdo\u0161i cimdi"}]},{"@type":"WebSite","@id":"https:\/\/gohike.lv\/ru\/#website","url":"https:\/\/gohike.lv\/ru\/","name":"GoHike","description":"","publisher":{"@id":"https:\/\/gohike.lv\/ru\/#organization"},"potentialAction":[{"@type":"SearchAction","target":{"@type":"EntryPoint","urlTemplate":"https:\/\/gohike.lv\/ru\/?s={search_term_string}"},"query-input":{"@type":"PropertyValueSpecification","valueRequired":true,"valueName":"search_term_string"}}],"inLanguage":"ru-RU"},{"@type":"Organization","@id":"https:\/\/gohike.lv\/ru\/#organization","name":"GoHike","url":"https:\/\/gohike.lv\/ru\/","logo":{"@type":"ImageObject","inLanguage":"ru-RU","@id":"https:\/\/gohike.lv\/ru\/#\/schema\/logo\/image\/","url":"https:\/\/gohike.lv\/wp-content\/uploads\/2023\/08\/Logo_GoHike.webp","contentUrl":"https:\/\/gohike.lv\/wp-content\/uploads\/2023\/08\/Logo_GoHike.webp","width":512,"height":512,"caption":"GoHike"},"image":{"@id":"https:\/\/gohike.lv\/ru\/#\/schema\/logo\/image\/"},"sameAs":["https:\/\/www.facebook.com\/gohike.shop\/","https:\/\/www.instagram.com\/gohike.shop\/"]}]}},"jetpack_sharing_enabled":true,"_links":{"self":[{"href":"https:\/\/gohike.lv\/ru\/wp-json\/wp\/v2\/product\/52513","targetHints":{"allow":["GET"]}}],"collection":[{"href":"https:\/\/gohike.lv\/ru\/wp-json\/wp\/v2\/product"}],"about":[{"href":"https:\/\/gohike.lv\/ru\/wp-json\/wp\/v2\/types\/product"}],"version-history":[{"count":0,"href":"https:\/\/gohike.lv\/ru\/wp-json\/wp\/v2\/product\/52513\/revisions"}],"wp:featuredmedia":[{"embeddable":true,"href":"https:\/\/gohike.lv\/ru\/wp-json\/wp\/v2\/media\/29141"}],"wp:attachment":[{"href":"https:\/\/gohike.lv\/ru\/wp-json\/wp\/v2\/media?parent=52513"}],"wp:term":[{"taxonomy":"product_brand","embeddable":true,"href":"https:\/\/gohike.lv\/ru\/wp-json\/wp\/v2\/product_brand?post=52513"},{"taxonomy":"product_cat","embeddable":true,"href":"https:\/\/gohike.lv\/ru\/wp-json\/wp\/v2\/product_cat?post=52513"},{"taxonomy":"product_tag","embeddable":true,"href":"https:\/\/gohike.lv\/ru\/wp-json\/wp\/v2\/product_tag?post=52513"}],"curies":[{"name":"wp","href":"https:\/\/api.w.org\/{rel}","templated":true}]}}