{"id":52497,"date":"2024-05-07T11:09:17","date_gmt":"2024-05-07T08:09:17","guid":{"rendered":"https:\/\/gohike.lv\/produkts\/naturehike-xjc07-saliekama-kempinga-gulta\/"},"modified":"2025-09-17T09:46:00","modified_gmt":"2025-09-17T09:46:00","slug":"naturehike-xjc07-saliekama-kempinga-gulta","status":"publish","type":"product","link":"https:\/\/gohike.lv\/ru\/produkts\/naturehike-xjc07-saliekama-kempinga-gulta\/","title":{"rendered":"Naturehike &#8212; XJC07 Saliekam\u0101 kempinga gulta"},"content":{"rendered":"<p>Vienk\u0101r\u0161a uzst\u0101d\u012b\u0161ana un demont\u0101\u017ea &#8212; ar sviras blo\u0137\u0113\u0161anas konstrukciju \u0161o saliekamo gultu ir viegli uzst\u0101d\u012bt un salikt.<br \/>\nGulta ir izgatavota no 300D augsta bl\u012bvuma elast\u012bga Oksfordas z\u012bda auduma un t\u0101 nodro\u0161ina optim\u0101lu komfortu.<br \/>\nAuduma elast\u012bba nodro\u0161ina vienm\u0113r\u012bgu \u0137erme\u0146a atbalstu.<br \/>\nGulta izgatavota no 7075 alum\u012bnija sakaus\u0113juma un nodro\u0161ina izcilu stabilit\u0101ti un dro\u0161\u012bbu.<br \/>\nGulta izgatavota no avi\u0101cij\u0101 un kosmos\u0101 izmantotajiem alum\u012bnija materi\u0101liem, kas nodro\u0161ina kvalit\u0101ti un ilgm\u016b\u017e\u012bbu.<\/p>\n","protected":false},"excerpt":{"rendered":"<p>Naturehike salok\u0101mo gultu ir viegli uzglab\u0101t un p\u0101rn\u0113s\u0101t. Gultas k\u0101jas ir no\u0146emamas un iztur\u012bgas ar moderniz\u0113tu sviras blo\u0137\u0113\u0161anas sist\u0113mu, kas ir dro\u0161a lieto\u0161anai pieaugu\u0161ajiem un iztur slodzi l\u012bdz 120 kg.<\/p>\n","protected":false},"featured_media":28550,"template":"","meta":[],"product_brand":[167],"product_cat":[9447,2493],"product_tag":[],"class_list":{"0":"post-52497","1":"product","2":"type-product","3":"status-publish","4":"has-post-thumbnail","6":"product_brand-naturehike-lv","7":"product_cat-izpardosana","8":"product_cat-kempinga-mebeles","9":"pa_krasa-armijas-zals","10":"pa_krasa-haki","11":"pa_produkta-tips-gultas","13":"first","14":"instock","15":"sale","16":"taxable","17":"shipping-taxable","18":"purchasable","19":"product-type-variable","20":"has-default-attributes"},"raw_content":{"name":"Naturehike - XJC07 Saliekam\u0101 kempinga gulta","description":"Vienk\u0101r\u0161a uzst\u0101d\u012b\u0161ana un demont\u0101\u017ea - ar sviras blo\u0137\u0113\u0161anas konstrukciju \u0161o saliekamo gultu ir viegli uzst\u0101d\u012bt un salikt.\r\nGulta ir izgatavota no 300D augsta bl\u012bvuma elast\u012bga Oksfordas z\u012bda auduma un t\u0101 nodro\u0161ina optim\u0101lu komfortu.\r\nAuduma elast\u012bba nodro\u0161ina vienm\u0113r\u012bgu \u0137erme\u0146a atbalstu.\r\nGulta izgatavota no 7075 alum\u012bnija sakaus\u0113juma un nodro\u0161ina izcilu stabilit\u0101ti un dro\u0161\u012bbu.\r\nGulta izgatavota no avi\u0101cij\u0101 un kosmos\u0101 izmantotajiem alum\u012bnija materi\u0101liem, kas nodro\u0161ina kvalit\u0101ti un ilgm\u016b\u017e\u012bbu.","short_description":"Naturehike salok\u0101mo gultu ir viegli uzglab\u0101t un p\u0101rn\u0113s\u0101t. Gultas k\u0101jas ir no\u0146emamas un iztur\u012bgas ar moderniz\u0113tu sviras blo\u0137\u0113\u0161anas sist\u0113mu, kas ir dro\u0161a lieto\u0161anai pieaugu\u0161ajiem un iztur slodzi l\u012bdz 120 kg.","status":"publish","sku":"nat000101","original":52497},"wpml":{"translation_type":1,"has_translations":true,"original":52497,"duplicates":[],"translations":{"lv":52497,"en":68185,"ru":null}},"supplier_id":null,"supplier_sku":"","barcode":null,"atum_controlled":true,"out_stock_date":null,"out_stock_threshold":null,"inheritable":true,"inbound_stock":0,"stock_on_hold":0,"sold_today":0,"sales_last_days":0,"reserved_stock":0,"customer_returns":0,"warehouse_damage":0,"lost_in_post":0,"other_logs":0,"out_stock_days":0,"lost_sales":0,"has_location":false,"update_date":"2025-11-13T13:36:32","atum_locations":[],"atum_stock_status":"instock","restock_status":false,"low_stock_amount":"","sales_update_date":"2025-11-13T13:36:32","calc_backorders":null,"yoast_head":"<!-- This site is optimized with the Yoast SEO plugin v27.3 - https:\/\/yoast.com\/product\/yoast-seo-wordpress\/ -->\n<title>Naturehike - XJC07 Saliekam\u0101 kempinga gulta<\/title>\n<meta name=\"description\" content=\"Naturehike salok\u0101mo gultu ir viegli uzglab\u0101t un p\u0101rn\u0113s\u0101t. Gultas k\u0101jas ir no\u0146emamas un iztur\u012bgas ar moderniz\u0113tu sviras blo\u0137\u0113\u0161anas sist\u0113mu, dro\u0161a lieto\u0161anai pieaugu\u0161ajiem un iztur slodzi l\u012bdz 120 kg.\" \/>\n<meta name=\"robots\" content=\"index, follow, max-snippet:-1, max-image-preview:large, max-video-preview:-1\" \/>\n<link rel=\"canonical\" href=\"https:\/\/gohike.lv\/ru\/produkts\/naturehike-xjc07-saliekama-kempinga-gulta\/\" \/>\n<meta property=\"og:locale\" content=\"ru_RU\" \/>\n<meta property=\"og:type\" content=\"article\" \/>\n<meta property=\"og:title\" content=\"Naturehike - XJC07 Saliekam\u0101 kempinga gulta\" \/>\n<meta property=\"og:description\" content=\"Naturehike salok\u0101mo gultu ir viegli uzglab\u0101t un p\u0101rn\u0113s\u0101t. Gultas k\u0101jas ir no\u0146emamas un iztur\u012bgas ar moderniz\u0113tu sviras blo\u0137\u0113\u0161anas sist\u0113mu, dro\u0161a lieto\u0161anai pieaugu\u0161ajiem un iztur slodzi l\u012bdz 120 kg.\" \/>\n<meta property=\"og:url\" content=\"https:\/\/gohike.lv\/ru\/produkts\/naturehike-xjc07-saliekama-kempinga-gulta\/\" \/>\n<meta property=\"og:site_name\" content=\"GoHike\" \/>\n<meta property=\"article:publisher\" content=\"https:\/\/www.facebook.com\/gohike.shop\/\" \/>\n<meta property=\"article:modified_time\" content=\"2025-09-17T09:46:00+00:00\" \/>\n<meta property=\"og:image\" content=\"https:\/\/gohike.lv\/wp-content\/uploads\/2024\/04\/XJC07foldableCot_khaki.webp\" \/>\n\t<meta property=\"og:image:width\" content=\"720\" \/>\n\t<meta property=\"og:image:height\" content=\"720\" \/>\n\t<meta property=\"og:image:type\" content=\"image\/webp\" \/>\n<meta name=\"twitter:card\" content=\"summary_large_image\" \/>\n<meta name=\"twitter:title\" content=\"Naturehike - XJC07 Saliekam\u0101 kempinga gulta\" \/>\n<meta name=\"twitter:label1\" content=\"\u041f\u0440\u0438\u043c\u0435\u0440\u043d\u043e\u0435 \u0432\u0440\u0435\u043c\u044f \u0434\u043b\u044f \u0447\u0442\u0435\u043d\u0438\u044f\" \/>\n\t<meta name=\"twitter:data1\" content=\"1 \u043c\u0438\u043d\u0443\u0442\u0430\" \/>\n<script type=\"application\/ld+json\" class=\"yoast-schema-graph\">{\"@context\":\"https:\\\/\\\/schema.org\",\"@graph\":[{\"@type\":[\"WebPage\",\"ItemPage\"],\"@id\":\"https:\\\/\\\/gohike.lv\\\/ru\\\/produkts\\\/naturehike-xjc07-saliekama-kempinga-gulta\\\/\",\"url\":\"https:\\\/\\\/gohike.lv\\\/ru\\\/produkts\\\/naturehike-xjc07-saliekama-kempinga-gulta\\\/\",\"name\":\"Naturehike - XJC07 Saliekam\u0101 kempinga gulta\",\"isPartOf\":{\"@id\":\"https:\\\/\\\/gohike.lv\\\/ru\\\/#website\"},\"primaryImageOfPage\":{\"@id\":\"https:\\\/\\\/gohike.lv\\\/ru\\\/produkts\\\/naturehike-xjc07-saliekama-kempinga-gulta\\\/#primaryimage\"},\"image\":{\"@id\":\"https:\\\/\\\/gohike.lv\\\/ru\\\/produkts\\\/naturehike-xjc07-saliekama-kempinga-gulta\\\/#primaryimage\"},\"thumbnailUrl\":\"https:\\\/\\\/gohike.lv\\\/wp-content\\\/uploads\\\/2024\\\/04\\\/XJC07foldableCot_khaki.webp\",\"datePublished\":\"2024-05-07T08:09:17+00:00\",\"dateModified\":\"2025-09-17T09:46:00+00:00\",\"description\":\"Naturehike salok\u0101mo gultu ir viegli uzglab\u0101t un p\u0101rn\u0113s\u0101t. Gultas k\u0101jas ir no\u0146emamas un iztur\u012bgas ar moderniz\u0113tu sviras blo\u0137\u0113\u0161anas sist\u0113mu, dro\u0161a lieto\u0161anai pieaugu\u0161ajiem un iztur slodzi l\u012bdz 120 kg.\",\"breadcrumb\":{\"@id\":\"https:\\\/\\\/gohike.lv\\\/ru\\\/produkts\\\/naturehike-xjc07-saliekama-kempinga-gulta\\\/#breadcrumb\"},\"inLanguage\":\"ru-RU\",\"potentialAction\":[{\"@type\":\"ReadAction\",\"target\":[\"https:\\\/\\\/gohike.lv\\\/ru\\\/produkts\\\/naturehike-xjc07-saliekama-kempinga-gulta\\\/\"]}]},{\"@type\":\"ImageObject\",\"inLanguage\":\"ru-RU\",\"@id\":\"https:\\\/\\\/gohike.lv\\\/ru\\\/produkts\\\/naturehike-xjc07-saliekama-kempinga-gulta\\\/#primaryimage\",\"url\":\"https:\\\/\\\/gohike.lv\\\/wp-content\\\/uploads\\\/2024\\\/04\\\/XJC07foldableCot_khaki.webp\",\"contentUrl\":\"https:\\\/\\\/gohike.lv\\\/wp-content\\\/uploads\\\/2024\\\/04\\\/XJC07foldableCot_khaki.webp\",\"width\":720,\"height\":720},{\"@type\":\"BreadcrumbList\",\"@id\":\"https:\\\/\\\/gohike.lv\\\/ru\\\/produkts\\\/naturehike-xjc07-saliekama-kempinga-gulta\\\/#breadcrumb\",\"itemListElement\":[{\"@type\":\"ListItem\",\"position\":1,\"name\":\"\u0413\u043b\u0430\u0432\u043d\u0430\u044f\",\"item\":\"https:\\\/\\\/gohike.lv\\\/ru\\\/\"},{\"@type\":\"ListItem\",\"position\":2,\"name\":\"\u041a\u0430\u0442\u0435\u0433\u043e\u0440\u0438\u0438 \u0442\u043e\u0432\u0430\u0440\u043e\u0432\",\"item\":\"https:\\\/\\\/gohike.lv\\\/%d0%ba%d0%b0%d1%82%d0%b5%d0%b3%d0%be%d1%80%d0%b8%d0%b8-%d1%82%d0%be%d0%b2%d0%b0%d1%80%d0%be%d0%b2\\\/\"},{\"@type\":\"ListItem\",\"position\":3,\"name\":\"Naturehike &#8211; XJC07 Saliekam\u0101 kempinga gulta\"}]},{\"@type\":\"WebSite\",\"@id\":\"https:\\\/\\\/gohike.lv\\\/ru\\\/#website\",\"url\":\"https:\\\/\\\/gohike.lv\\\/ru\\\/\",\"name\":\"GoHike\",\"description\":\"\",\"publisher\":{\"@id\":\"https:\\\/\\\/gohike.lv\\\/ru\\\/#organization\"},\"potentialAction\":[{\"@type\":\"SearchAction\",\"target\":{\"@type\":\"EntryPoint\",\"urlTemplate\":\"https:\\\/\\\/gohike.lv\\\/ru\\\/?s={search_term_string}\"},\"query-input\":{\"@type\":\"PropertyValueSpecification\",\"valueRequired\":true,\"valueName\":\"search_term_string\"}}],\"inLanguage\":\"ru-RU\"},{\"@type\":\"Organization\",\"@id\":\"https:\\\/\\\/gohike.lv\\\/ru\\\/#organization\",\"name\":\"GoHike\",\"url\":\"https:\\\/\\\/gohike.lv\\\/ru\\\/\",\"logo\":{\"@type\":\"ImageObject\",\"inLanguage\":\"ru-RU\",\"@id\":\"https:\\\/\\\/gohike.lv\\\/ru\\\/#\\\/schema\\\/logo\\\/image\\\/\",\"url\":\"https:\\\/\\\/gohike.lv\\\/wp-content\\\/uploads\\\/2023\\\/08\\\/Logo_GoHike.webp\",\"contentUrl\":\"https:\\\/\\\/gohike.lv\\\/wp-content\\\/uploads\\\/2023\\\/08\\\/Logo_GoHike.webp\",\"width\":512,\"height\":512,\"caption\":\"GoHike\"},\"image\":{\"@id\":\"https:\\\/\\\/gohike.lv\\\/ru\\\/#\\\/schema\\\/logo\\\/image\\\/\"},\"sameAs\":[\"https:\\\/\\\/www.facebook.com\\\/gohike.shop\\\/\",\"https:\\\/\\\/www.instagram.com\\\/gohike.shop\\\/\"]}]}<\/script>\n<!-- \/ Yoast SEO plugin. -->","yoast_head_json":{"title":"Naturehike - XJC07 Saliekam\u0101 kempinga gulta","description":"Naturehike salok\u0101mo gultu ir viegli uzglab\u0101t un p\u0101rn\u0113s\u0101t. Gultas k\u0101jas ir no\u0146emamas un iztur\u012bgas ar moderniz\u0113tu sviras blo\u0137\u0113\u0161anas sist\u0113mu, dro\u0161a lieto\u0161anai pieaugu\u0161ajiem un iztur slodzi l\u012bdz 120 kg.","robots":{"index":"index","follow":"follow","max-snippet":"max-snippet:-1","max-image-preview":"max-image-preview:large","max-video-preview":"max-video-preview:-1"},"canonical":"https:\/\/gohike.lv\/ru\/produkts\/naturehike-xjc07-saliekama-kempinga-gulta\/","og_locale":"ru_RU","og_type":"article","og_title":"Naturehike - XJC07 Saliekam\u0101 kempinga gulta","og_description":"Naturehike salok\u0101mo gultu ir viegli uzglab\u0101t un p\u0101rn\u0113s\u0101t. Gultas k\u0101jas ir no\u0146emamas un iztur\u012bgas ar moderniz\u0113tu sviras blo\u0137\u0113\u0161anas sist\u0113mu, dro\u0161a lieto\u0161anai pieaugu\u0161ajiem un iztur slodzi l\u012bdz 120 kg.","og_url":"https:\/\/gohike.lv\/ru\/produkts\/naturehike-xjc07-saliekama-kempinga-gulta\/","og_site_name":"GoHike","article_publisher":"https:\/\/www.facebook.com\/gohike.shop\/","article_modified_time":"2025-09-17T09:46:00+00:00","og_image":[{"width":720,"height":720,"url":"https:\/\/gohike.lv\/wp-content\/uploads\/2024\/04\/XJC07foldableCot_khaki.webp","type":"image\/webp"}],"twitter_card":"summary_large_image","twitter_title":"Naturehike - XJC07 Saliekam\u0101 kempinga gulta","twitter_misc":{"\u041f\u0440\u0438\u043c\u0435\u0440\u043d\u043e\u0435 \u0432\u0440\u0435\u043c\u044f \u0434\u043b\u044f \u0447\u0442\u0435\u043d\u0438\u044f":"1 \u043c\u0438\u043d\u0443\u0442\u0430"},"schema":{"@context":"https:\/\/schema.org","@graph":[{"@type":["WebPage","ItemPage"],"@id":"https:\/\/gohike.lv\/ru\/produkts\/naturehike-xjc07-saliekama-kempinga-gulta\/","url":"https:\/\/gohike.lv\/ru\/produkts\/naturehike-xjc07-saliekama-kempinga-gulta\/","name":"Naturehike - XJC07 Saliekam\u0101 kempinga gulta","isPartOf":{"@id":"https:\/\/gohike.lv\/ru\/#website"},"primaryImageOfPage":{"@id":"https:\/\/gohike.lv\/ru\/produkts\/naturehike-xjc07-saliekama-kempinga-gulta\/#primaryimage"},"image":{"@id":"https:\/\/gohike.lv\/ru\/produkts\/naturehike-xjc07-saliekama-kempinga-gulta\/#primaryimage"},"thumbnailUrl":"https:\/\/gohike.lv\/wp-content\/uploads\/2024\/04\/XJC07foldableCot_khaki.webp","datePublished":"2024-05-07T08:09:17+00:00","dateModified":"2025-09-17T09:46:00+00:00","description":"Naturehike salok\u0101mo gultu ir viegli uzglab\u0101t un p\u0101rn\u0113s\u0101t. Gultas k\u0101jas ir no\u0146emamas un iztur\u012bgas ar moderniz\u0113tu sviras blo\u0137\u0113\u0161anas sist\u0113mu, dro\u0161a lieto\u0161anai pieaugu\u0161ajiem un iztur slodzi l\u012bdz 120 kg.","breadcrumb":{"@id":"https:\/\/gohike.lv\/ru\/produkts\/naturehike-xjc07-saliekama-kempinga-gulta\/#breadcrumb"},"inLanguage":"ru-RU","potentialAction":[{"@type":"ReadAction","target":["https:\/\/gohike.lv\/ru\/produkts\/naturehike-xjc07-saliekama-kempinga-gulta\/"]}]},{"@type":"ImageObject","inLanguage":"ru-RU","@id":"https:\/\/gohike.lv\/ru\/produkts\/naturehike-xjc07-saliekama-kempinga-gulta\/#primaryimage","url":"https:\/\/gohike.lv\/wp-content\/uploads\/2024\/04\/XJC07foldableCot_khaki.webp","contentUrl":"https:\/\/gohike.lv\/wp-content\/uploads\/2024\/04\/XJC07foldableCot_khaki.webp","width":720,"height":720},{"@type":"BreadcrumbList","@id":"https:\/\/gohike.lv\/ru\/produkts\/naturehike-xjc07-saliekama-kempinga-gulta\/#breadcrumb","itemListElement":[{"@type":"ListItem","position":1,"name":"\u0413\u043b\u0430\u0432\u043d\u0430\u044f","item":"https:\/\/gohike.lv\/ru\/"},{"@type":"ListItem","position":2,"name":"\u041a\u0430\u0442\u0435\u0433\u043e\u0440\u0438\u0438 \u0442\u043e\u0432\u0430\u0440\u043e\u0432","item":"https:\/\/gohike.lv\/%d0%ba%d0%b0%d1%82%d0%b5%d0%b3%d0%be%d1%80%d0%b8%d0%b8-%d1%82%d0%be%d0%b2%d0%b0%d1%80%d0%be%d0%b2\/"},{"@type":"ListItem","position":3,"name":"Naturehike &#8211; XJC07 Saliekam\u0101 kempinga gulta"}]},{"@type":"WebSite","@id":"https:\/\/gohike.lv\/ru\/#website","url":"https:\/\/gohike.lv\/ru\/","name":"GoHike","description":"","publisher":{"@id":"https:\/\/gohike.lv\/ru\/#organization"},"potentialAction":[{"@type":"SearchAction","target":{"@type":"EntryPoint","urlTemplate":"https:\/\/gohike.lv\/ru\/?s={search_term_string}"},"query-input":{"@type":"PropertyValueSpecification","valueRequired":true,"valueName":"search_term_string"}}],"inLanguage":"ru-RU"},{"@type":"Organization","@id":"https:\/\/gohike.lv\/ru\/#organization","name":"GoHike","url":"https:\/\/gohike.lv\/ru\/","logo":{"@type":"ImageObject","inLanguage":"ru-RU","@id":"https:\/\/gohike.lv\/ru\/#\/schema\/logo\/image\/","url":"https:\/\/gohike.lv\/wp-content\/uploads\/2023\/08\/Logo_GoHike.webp","contentUrl":"https:\/\/gohike.lv\/wp-content\/uploads\/2023\/08\/Logo_GoHike.webp","width":512,"height":512,"caption":"GoHike"},"image":{"@id":"https:\/\/gohike.lv\/ru\/#\/schema\/logo\/image\/"},"sameAs":["https:\/\/www.facebook.com\/gohike.shop\/","https:\/\/www.instagram.com\/gohike.shop\/"]}]}},"jetpack_sharing_enabled":true,"_links":{"self":[{"href":"https:\/\/gohike.lv\/ru\/wp-json\/wp\/v2\/product\/52497","targetHints":{"allow":["GET"]}}],"collection":[{"href":"https:\/\/gohike.lv\/ru\/wp-json\/wp\/v2\/product"}],"about":[{"href":"https:\/\/gohike.lv\/ru\/wp-json\/wp\/v2\/types\/product"}],"version-history":[{"count":0,"href":"https:\/\/gohike.lv\/ru\/wp-json\/wp\/v2\/product\/52497\/revisions"}],"wp:featuredmedia":[{"embeddable":true,"href":"https:\/\/gohike.lv\/ru\/wp-json\/wp\/v2\/media\/28550"}],"wp:attachment":[{"href":"https:\/\/gohike.lv\/ru\/wp-json\/wp\/v2\/media?parent=52497"}],"wp:term":[{"taxonomy":"product_brand","embeddable":true,"href":"https:\/\/gohike.lv\/ru\/wp-json\/wp\/v2\/product_brand?post=52497"},{"taxonomy":"product_cat","embeddable":true,"href":"https:\/\/gohike.lv\/ru\/wp-json\/wp\/v2\/product_cat?post=52497"},{"taxonomy":"product_tag","embeddable":true,"href":"https:\/\/gohike.lv\/ru\/wp-json\/wp\/v2\/product_tag?post=52497"}],"curies":[{"name":"wp","href":"https:\/\/api.w.org\/{rel}","templated":true}]}}