{"id":52493,"date":"2024-05-07T11:09:11","date_gmt":"2024-05-07T08:09:11","guid":{"rendered":"https:\/\/gohike.lv\/produkts\/naturehike-xjc04-ipasi-viegla-saliekama-kempinga-gulta\/"},"modified":"2025-10-08T09:10:04","modified_gmt":"2025-10-08T06:10:04","slug":"naturehike-xjc04-ipasi-viegla-saliekama-kempinga-gulta","status":"publish","type":"product","link":"https:\/\/gohike.lv\/ru\/produkts\/naturehike-xjc04-ipasi-viegla-saliekama-kempinga-gulta\/","title":{"rendered":"Naturehike &#8212; XJC04 \u012apa\u0161i viegla, saliekama kempinga gulta"},"content":{"rendered":"<p>Viena no svar\u012bg\u0101kaj\u0101m gultas priek\u0161roc\u012bb\u0101m ir iesp\u0113ja regul\u0113t augstumu no 17 l\u012bdz 38cm.<br \/>\nR\u0101mis ir izgatavots no alum\u012bnija sakaus\u0113juma, kas ir viegls un iztur\u012bgs.<br \/>\nKomplekt\u0101 ietilpst uzglab\u0101\u0161anas soma, kas aizsarg\u0101 gultas virsmu no net\u012brumiem un boj\u0101jumiem.<br \/>\nGultas virsma ir izgatavota no \u016bdensnecaurlaid\u012bga materi\u0101la, kas nodro\u0161ina gaisa cirkul\u0101ciju.<br \/>\nNeilons ir \u012bpa\u0161i iztur\u012bgs pret pl\u012bsumiem.<br \/>\nRaksturlielumi:<br \/>\nGultas virsma: 600D neilons;<br \/>\nViegls un iztur\u012bgs alum\u012bnija r\u0101mis;<br \/>\nSvars: 2,3kg;<br \/>\nRegul\u0113jams gultas augstums;<br \/>\nIzm\u0113rs nesaloc\u012bt\u0101 veid\u0101: 190 x 65 x 38 cm;<br \/>\nIzm\u0113rs saloc\u012bt\u0101 veid\u0101: 52 x 20 cm;<br \/>\nMaksim\u0101l\u0101 slodze l\u012bdz 150kg.<\/p>\n","protected":false},"excerpt":{"rendered":"<p>Naturehike gultai ir \u012bpa\u0161s dizains, t\u0101p\u0113c t\u0101 ir funkcion\u0101la un \u012bpa\u0161i viegla.<\/p>\n","protected":false},"featured_media":28522,"template":"","meta":[],"product_brand":[13432],"product_cat":[9447,2493],"product_tag":[],"class_list":{"0":"post-52493","1":"product","2":"type-product","3":"status-publish","4":"has-post-thumbnail","6":"product_brand-naturehike-ru","7":"product_cat-izpardosana","8":"product_cat-kempinga-mebeles","9":"pa_krasa-haki","10":"pa_krasa-13429","11":"pa_produkta-tips-gultas","13":"first","14":"outofstock","15":"sale","16":"taxable","17":"shipping-taxable","18":"purchasable","19":"product-type-variable","20":"has-default-attributes"},"raw_content":{"name":"Naturehike - XJC04 \u012apa\u0161i viegla, saliekama kempinga gulta","description":"Viena no svar\u012bg\u0101kaj\u0101m gultas priek\u0161roc\u012bb\u0101m ir iesp\u0113ja regul\u0113t augstumu no 17 l\u012bdz 38cm.\r\nR\u0101mis ir izgatavots no alum\u012bnija sakaus\u0113juma, kas ir viegls un iztur\u012bgs.\r\nKomplekt\u0101 ietilpst uzglab\u0101\u0161anas soma, kas aizsarg\u0101 gultas virsmu no net\u012brumiem un boj\u0101jumiem.\r\nGultas virsma ir izgatavota no \u016bdensnecaurlaid\u012bga materi\u0101la, kas nodro\u0161ina gaisa cirkul\u0101ciju.\r\nNeilons ir \u012bpa\u0161i iztur\u012bgs pret pl\u012bsumiem.\r\nRaksturlielumi:\r\nGultas virsma: 600D neilons;\r\nViegls un iztur\u012bgs alum\u012bnija r\u0101mis;\r\nSvars: 2,3kg;\r\nRegul\u0113jams gultas augstums;\r\nIzm\u0113rs nesaloc\u012bt\u0101 veid\u0101: 190 x 65 x 38 cm;\r\nIzm\u0113rs saloc\u012bt\u0101 veid\u0101: 52 x 20 cm;\r\nMaksim\u0101l\u0101 slodze l\u012bdz 150kg.","short_description":"Naturehike gultai ir \u012bpa\u0161s dizains, t\u0101p\u0113c t\u0101 ir funkcion\u0101la un \u012bpa\u0161i viegla.","status":"publish","sku":"nat000100","original":52493},"wpml":{"translation_type":1,"has_translations":true,"original":52493,"duplicates":[],"translations":{"lv":52493,"en":68177,"ru":null}},"supplier_id":null,"supplier_sku":"","barcode":null,"atum_controlled":true,"out_stock_date":null,"out_stock_threshold":null,"inheritable":true,"inbound_stock":0,"stock_on_hold":0,"sold_today":0,"sales_last_days":0,"reserved_stock":0,"customer_returns":0,"warehouse_damage":0,"lost_in_post":0,"other_logs":0,"out_stock_days":0,"lost_sales":0,"has_location":false,"update_date":"2025-11-13T14:08:27","atum_locations":[],"atum_stock_status":"outofstock","restock_status":false,"low_stock_amount":"","sales_update_date":"2025-11-13T14:07:21","calc_backorders":null,"yoast_head":"<!-- This site is optimized with the Yoast SEO plugin v27.3 - https:\/\/yoast.com\/product\/yoast-seo-wordpress\/ -->\n<title>Naturehike - XJC04 \u012apa\u0161i viegla, saliekama kempinga gulta<\/title>\n<meta name=\"description\" content=\"Naturehike gultai ir \u012bpa\u0161s dizains, t\u0101p\u0113c t\u0101 ir funkcion\u0101la un \u012bpa\u0161i viegla. Virsma ir izgatavota no \u016bdensnecaurlaid\u012bga materi\u0101la.\" \/>\n<meta name=\"robots\" content=\"index, follow, max-snippet:-1, max-image-preview:large, max-video-preview:-1\" \/>\n<link rel=\"canonical\" href=\"https:\/\/gohike.lv\/ru\/produkts\/naturehike-xjc04-ipasi-viegla-saliekama-kempinga-gulta\/\" \/>\n<meta property=\"og:locale\" content=\"ru_RU\" \/>\n<meta property=\"og:type\" content=\"article\" \/>\n<meta property=\"og:title\" content=\"Naturehike - XJC04 \u012apa\u0161i viegla saliekam\u0101 kempinga gulta\" \/>\n<meta property=\"og:description\" content=\"Naturehike gultai ir \u012bpa\u0161s dizains, t\u0101p\u0113c t\u0101 ir funkcion\u0101la un \u012bpa\u0161i viegla. Virsma ir izgatavota no \u016bdensnecaurlaid\u012bga materi\u0101la.\" \/>\n<meta property=\"og:url\" content=\"https:\/\/gohike.lv\/ru\/produkts\/naturehike-xjc04-ipasi-viegla-saliekama-kempinga-gulta\/\" \/>\n<meta property=\"og:site_name\" content=\"GoHike\" \/>\n<meta property=\"article:publisher\" content=\"https:\/\/www.facebook.com\/gohike.shop\/\" \/>\n<meta property=\"article:modified_time\" content=\"2025-10-08T06:10:04+00:00\" \/>\n<meta property=\"og:image\" content=\"https:\/\/gohike.lv\/wp-content\/uploads\/2024\/04\/FoldableCampingCot_black.png\" \/>\n\t<meta property=\"og:image:width\" content=\"720\" \/>\n\t<meta property=\"og:image:height\" content=\"720\" \/>\n\t<meta property=\"og:image:type\" content=\"image\/png\" \/>\n<meta name=\"twitter:card\" content=\"summary_large_image\" \/>\n<meta name=\"twitter:title\" content=\"Naturehike - XJC04 \u012apa\u0161i viegla saliekam\u0101 kempinga gulta\" \/>\n<meta name=\"twitter:label1\" content=\"\u041f\u0440\u0438\u043c\u0435\u0440\u043d\u043e\u0435 \u0432\u0440\u0435\u043c\u044f \u0434\u043b\u044f \u0447\u0442\u0435\u043d\u0438\u044f\" \/>\n\t<meta name=\"twitter:data1\" content=\"1 \u043c\u0438\u043d\u0443\u0442\u0430\" \/>\n<script type=\"application\/ld+json\" class=\"yoast-schema-graph\">{\"@context\":\"https:\\\/\\\/schema.org\",\"@graph\":[{\"@type\":[\"WebPage\",\"ItemPage\"],\"@id\":\"https:\\\/\\\/gohike.lv\\\/ru\\\/produkts\\\/naturehike-xjc04-ipasi-viegla-saliekama-kempinga-gulta\\\/\",\"url\":\"https:\\\/\\\/gohike.lv\\\/ru\\\/produkts\\\/naturehike-xjc04-ipasi-viegla-saliekama-kempinga-gulta\\\/\",\"name\":\"Naturehike - XJC04 \u012apa\u0161i viegla, saliekama kempinga gulta\",\"isPartOf\":{\"@id\":\"https:\\\/\\\/gohike.lv\\\/ru\\\/#website\"},\"primaryImageOfPage\":{\"@id\":\"https:\\\/\\\/gohike.lv\\\/ru\\\/produkts\\\/naturehike-xjc04-ipasi-viegla-saliekama-kempinga-gulta\\\/#primaryimage\"},\"image\":{\"@id\":\"https:\\\/\\\/gohike.lv\\\/ru\\\/produkts\\\/naturehike-xjc04-ipasi-viegla-saliekama-kempinga-gulta\\\/#primaryimage\"},\"thumbnailUrl\":\"https:\\\/\\\/gohike.lv\\\/wp-content\\\/uploads\\\/2024\\\/04\\\/FoldableCampingCot_black.png\",\"datePublished\":\"2024-05-07T08:09:11+00:00\",\"dateModified\":\"2025-10-08T06:10:04+00:00\",\"description\":\"Naturehike gultai ir \u012bpa\u0161s dizains, t\u0101p\u0113c t\u0101 ir funkcion\u0101la un \u012bpa\u0161i viegla. Virsma ir izgatavota no \u016bdensnecaurlaid\u012bga materi\u0101la.\",\"breadcrumb\":{\"@id\":\"https:\\\/\\\/gohike.lv\\\/ru\\\/produkts\\\/naturehike-xjc04-ipasi-viegla-saliekama-kempinga-gulta\\\/#breadcrumb\"},\"inLanguage\":\"ru-RU\",\"potentialAction\":[{\"@type\":\"ReadAction\",\"target\":[\"https:\\\/\\\/gohike.lv\\\/ru\\\/produkts\\\/naturehike-xjc04-ipasi-viegla-saliekama-kempinga-gulta\\\/\"]}]},{\"@type\":\"ImageObject\",\"inLanguage\":\"ru-RU\",\"@id\":\"https:\\\/\\\/gohike.lv\\\/ru\\\/produkts\\\/naturehike-xjc04-ipasi-viegla-saliekama-kempinga-gulta\\\/#primaryimage\",\"url\":\"https:\\\/\\\/gohike.lv\\\/wp-content\\\/uploads\\\/2024\\\/04\\\/FoldableCampingCot_black.png\",\"contentUrl\":\"https:\\\/\\\/gohike.lv\\\/wp-content\\\/uploads\\\/2024\\\/04\\\/FoldableCampingCot_black.png\",\"width\":720,\"height\":720},{\"@type\":\"BreadcrumbList\",\"@id\":\"https:\\\/\\\/gohike.lv\\\/ru\\\/produkts\\\/naturehike-xjc04-ipasi-viegla-saliekama-kempinga-gulta\\\/#breadcrumb\",\"itemListElement\":[{\"@type\":\"ListItem\",\"position\":1,\"name\":\"\u0413\u043b\u0430\u0432\u043d\u0430\u044f\",\"item\":\"https:\\\/\\\/gohike.lv\\\/ru\\\/\"},{\"@type\":\"ListItem\",\"position\":2,\"name\":\"\u041a\u0430\u0442\u0435\u0433\u043e\u0440\u0438\u0438 \u0442\u043e\u0432\u0430\u0440\u043e\u0432\",\"item\":\"https:\\\/\\\/gohike.lv\\\/%d0%ba%d0%b0%d1%82%d0%b5%d0%b3%d0%be%d1%80%d0%b8%d0%b8-%d1%82%d0%be%d0%b2%d0%b0%d1%80%d0%be%d0%b2\\\/\"},{\"@type\":\"ListItem\",\"position\":3,\"name\":\"Naturehike &#8211; XJC04 \u012apa\u0161i viegla, saliekama kempinga gulta\"}]},{\"@type\":\"WebSite\",\"@id\":\"https:\\\/\\\/gohike.lv\\\/ru\\\/#website\",\"url\":\"https:\\\/\\\/gohike.lv\\\/ru\\\/\",\"name\":\"GoHike\",\"description\":\"\",\"publisher\":{\"@id\":\"https:\\\/\\\/gohike.lv\\\/ru\\\/#organization\"},\"potentialAction\":[{\"@type\":\"SearchAction\",\"target\":{\"@type\":\"EntryPoint\",\"urlTemplate\":\"https:\\\/\\\/gohike.lv\\\/ru\\\/?s={search_term_string}\"},\"query-input\":{\"@type\":\"PropertyValueSpecification\",\"valueRequired\":true,\"valueName\":\"search_term_string\"}}],\"inLanguage\":\"ru-RU\"},{\"@type\":\"Organization\",\"@id\":\"https:\\\/\\\/gohike.lv\\\/ru\\\/#organization\",\"name\":\"GoHike\",\"url\":\"https:\\\/\\\/gohike.lv\\\/ru\\\/\",\"logo\":{\"@type\":\"ImageObject\",\"inLanguage\":\"ru-RU\",\"@id\":\"https:\\\/\\\/gohike.lv\\\/ru\\\/#\\\/schema\\\/logo\\\/image\\\/\",\"url\":\"https:\\\/\\\/gohike.lv\\\/wp-content\\\/uploads\\\/2023\\\/08\\\/Logo_GoHike.webp\",\"contentUrl\":\"https:\\\/\\\/gohike.lv\\\/wp-content\\\/uploads\\\/2023\\\/08\\\/Logo_GoHike.webp\",\"width\":512,\"height\":512,\"caption\":\"GoHike\"},\"image\":{\"@id\":\"https:\\\/\\\/gohike.lv\\\/ru\\\/#\\\/schema\\\/logo\\\/image\\\/\"},\"sameAs\":[\"https:\\\/\\\/www.facebook.com\\\/gohike.shop\\\/\",\"https:\\\/\\\/www.instagram.com\\\/gohike.shop\\\/\"]}]}<\/script>\n<!-- \/ Yoast SEO plugin. -->","yoast_head_json":{"title":"Naturehike - XJC04 \u012apa\u0161i viegla, saliekama kempinga gulta","description":"Naturehike gultai ir \u012bpa\u0161s dizains, t\u0101p\u0113c t\u0101 ir funkcion\u0101la un \u012bpa\u0161i viegla. Virsma ir izgatavota no \u016bdensnecaurlaid\u012bga materi\u0101la.","robots":{"index":"index","follow":"follow","max-snippet":"max-snippet:-1","max-image-preview":"max-image-preview:large","max-video-preview":"max-video-preview:-1"},"canonical":"https:\/\/gohike.lv\/ru\/produkts\/naturehike-xjc04-ipasi-viegla-saliekama-kempinga-gulta\/","og_locale":"ru_RU","og_type":"article","og_title":"Naturehike - XJC04 \u012apa\u0161i viegla saliekam\u0101 kempinga gulta","og_description":"Naturehike gultai ir \u012bpa\u0161s dizains, t\u0101p\u0113c t\u0101 ir funkcion\u0101la un \u012bpa\u0161i viegla. Virsma ir izgatavota no \u016bdensnecaurlaid\u012bga materi\u0101la.","og_url":"https:\/\/gohike.lv\/ru\/produkts\/naturehike-xjc04-ipasi-viegla-saliekama-kempinga-gulta\/","og_site_name":"GoHike","article_publisher":"https:\/\/www.facebook.com\/gohike.shop\/","article_modified_time":"2025-10-08T06:10:04+00:00","og_image":[{"width":720,"height":720,"url":"https:\/\/gohike.lv\/wp-content\/uploads\/2024\/04\/FoldableCampingCot_black.png","type":"image\/png"}],"twitter_card":"summary_large_image","twitter_title":"Naturehike - XJC04 \u012apa\u0161i viegla saliekam\u0101 kempinga gulta","twitter_misc":{"\u041f\u0440\u0438\u043c\u0435\u0440\u043d\u043e\u0435 \u0432\u0440\u0435\u043c\u044f \u0434\u043b\u044f \u0447\u0442\u0435\u043d\u0438\u044f":"1 \u043c\u0438\u043d\u0443\u0442\u0430"},"schema":{"@context":"https:\/\/schema.org","@graph":[{"@type":["WebPage","ItemPage"],"@id":"https:\/\/gohike.lv\/ru\/produkts\/naturehike-xjc04-ipasi-viegla-saliekama-kempinga-gulta\/","url":"https:\/\/gohike.lv\/ru\/produkts\/naturehike-xjc04-ipasi-viegla-saliekama-kempinga-gulta\/","name":"Naturehike - XJC04 \u012apa\u0161i viegla, saliekama kempinga gulta","isPartOf":{"@id":"https:\/\/gohike.lv\/ru\/#website"},"primaryImageOfPage":{"@id":"https:\/\/gohike.lv\/ru\/produkts\/naturehike-xjc04-ipasi-viegla-saliekama-kempinga-gulta\/#primaryimage"},"image":{"@id":"https:\/\/gohike.lv\/ru\/produkts\/naturehike-xjc04-ipasi-viegla-saliekama-kempinga-gulta\/#primaryimage"},"thumbnailUrl":"https:\/\/gohike.lv\/wp-content\/uploads\/2024\/04\/FoldableCampingCot_black.png","datePublished":"2024-05-07T08:09:11+00:00","dateModified":"2025-10-08T06:10:04+00:00","description":"Naturehike gultai ir \u012bpa\u0161s dizains, t\u0101p\u0113c t\u0101 ir funkcion\u0101la un \u012bpa\u0161i viegla. Virsma ir izgatavota no \u016bdensnecaurlaid\u012bga materi\u0101la.","breadcrumb":{"@id":"https:\/\/gohike.lv\/ru\/produkts\/naturehike-xjc04-ipasi-viegla-saliekama-kempinga-gulta\/#breadcrumb"},"inLanguage":"ru-RU","potentialAction":[{"@type":"ReadAction","target":["https:\/\/gohike.lv\/ru\/produkts\/naturehike-xjc04-ipasi-viegla-saliekama-kempinga-gulta\/"]}]},{"@type":"ImageObject","inLanguage":"ru-RU","@id":"https:\/\/gohike.lv\/ru\/produkts\/naturehike-xjc04-ipasi-viegla-saliekama-kempinga-gulta\/#primaryimage","url":"https:\/\/gohike.lv\/wp-content\/uploads\/2024\/04\/FoldableCampingCot_black.png","contentUrl":"https:\/\/gohike.lv\/wp-content\/uploads\/2024\/04\/FoldableCampingCot_black.png","width":720,"height":720},{"@type":"BreadcrumbList","@id":"https:\/\/gohike.lv\/ru\/produkts\/naturehike-xjc04-ipasi-viegla-saliekama-kempinga-gulta\/#breadcrumb","itemListElement":[{"@type":"ListItem","position":1,"name":"\u0413\u043b\u0430\u0432\u043d\u0430\u044f","item":"https:\/\/gohike.lv\/ru\/"},{"@type":"ListItem","position":2,"name":"\u041a\u0430\u0442\u0435\u0433\u043e\u0440\u0438\u0438 \u0442\u043e\u0432\u0430\u0440\u043e\u0432","item":"https:\/\/gohike.lv\/%d0%ba%d0%b0%d1%82%d0%b5%d0%b3%d0%be%d1%80%d0%b8%d0%b8-%d1%82%d0%be%d0%b2%d0%b0%d1%80%d0%be%d0%b2\/"},{"@type":"ListItem","position":3,"name":"Naturehike &#8211; XJC04 \u012apa\u0161i viegla, saliekama kempinga gulta"}]},{"@type":"WebSite","@id":"https:\/\/gohike.lv\/ru\/#website","url":"https:\/\/gohike.lv\/ru\/","name":"GoHike","description":"","publisher":{"@id":"https:\/\/gohike.lv\/ru\/#organization"},"potentialAction":[{"@type":"SearchAction","target":{"@type":"EntryPoint","urlTemplate":"https:\/\/gohike.lv\/ru\/?s={search_term_string}"},"query-input":{"@type":"PropertyValueSpecification","valueRequired":true,"valueName":"search_term_string"}}],"inLanguage":"ru-RU"},{"@type":"Organization","@id":"https:\/\/gohike.lv\/ru\/#organization","name":"GoHike","url":"https:\/\/gohike.lv\/ru\/","logo":{"@type":"ImageObject","inLanguage":"ru-RU","@id":"https:\/\/gohike.lv\/ru\/#\/schema\/logo\/image\/","url":"https:\/\/gohike.lv\/wp-content\/uploads\/2023\/08\/Logo_GoHike.webp","contentUrl":"https:\/\/gohike.lv\/wp-content\/uploads\/2023\/08\/Logo_GoHike.webp","width":512,"height":512,"caption":"GoHike"},"image":{"@id":"https:\/\/gohike.lv\/ru\/#\/schema\/logo\/image\/"},"sameAs":["https:\/\/www.facebook.com\/gohike.shop\/","https:\/\/www.instagram.com\/gohike.shop\/"]}]}},"jetpack_sharing_enabled":true,"_links":{"self":[{"href":"https:\/\/gohike.lv\/ru\/wp-json\/wp\/v2\/product\/52493","targetHints":{"allow":["GET"]}}],"collection":[{"href":"https:\/\/gohike.lv\/ru\/wp-json\/wp\/v2\/product"}],"about":[{"href":"https:\/\/gohike.lv\/ru\/wp-json\/wp\/v2\/types\/product"}],"version-history":[{"count":0,"href":"https:\/\/gohike.lv\/ru\/wp-json\/wp\/v2\/product\/52493\/revisions"}],"wp:featuredmedia":[{"embeddable":true,"href":"https:\/\/gohike.lv\/ru\/wp-json\/wp\/v2\/media\/28522"}],"wp:attachment":[{"href":"https:\/\/gohike.lv\/ru\/wp-json\/wp\/v2\/media?parent=52493"}],"wp:term":[{"taxonomy":"product_brand","embeddable":true,"href":"https:\/\/gohike.lv\/ru\/wp-json\/wp\/v2\/product_brand?post=52493"},{"taxonomy":"product_cat","embeddable":true,"href":"https:\/\/gohike.lv\/ru\/wp-json\/wp\/v2\/product_cat?post=52493"},{"taxonomy":"product_tag","embeddable":true,"href":"https:\/\/gohike.lv\/ru\/wp-json\/wp\/v2\/product_tag?post=52493"}],"curies":[{"name":"wp","href":"https:\/\/api.w.org\/{rel}","templated":true}]}}