{"id":52476,"date":"2024-05-07T11:07:58","date_gmt":"2024-05-07T08:07:58","guid":{"rendered":"https:\/\/gohike.lv\/produkts\/naturehike-ipasi-viegla-salokama-soma-yunqian-jauna-versija\/"},"modified":"2026-02-02T19:57:08","modified_gmt":"2026-02-02T16:57:08","slug":"naturehike-ipasi-viegla-salokama-soma-yunqian-uzlabota-versija","status":"publish","type":"product","link":"https:\/\/gohike.lv\/ru\/produkts\/naturehike-ipasi-viegla-salokama-soma-yunqian-uzlabota-versija\/","title":{"rendered":"Naturehike &#8212; \u012apa\u0161i viegla, salok\u0101ma soma 22L"},"content":{"rendered":"<p>\u012apa\u0161i kompakta soma.<br \/>\nIde\u0101li piem\u0113rota rite\u0146brauk\u0161anai un cit\u0101m \u0101ra aktivit\u0101t\u0113m.<br \/>\nKompakta un viegla.<br \/>\nM\u012bksts materi\u0101ls.<br \/>\nModelis: NH17A017-B;<br \/>\nSvars: 170 g;<br \/>\nTilpums: 22l;<br \/>\nMateri\u0101ls: Neilons 30D, \u016bdensiztur\u012bgs.<\/p>\n","protected":false},"excerpt":{"rendered":"<p>\u012apa\u0161i viegla un kompakta salok\u0101ma mugursoma. Izgatavota no m\u012bksta 2000+ \u016bdensnecaurlaid\u012bga auduma un \u016bdensiztur\u012bga YKK r\u0101v\u0113jsl\u0113dz\u0113ja.<\/p>\n","protected":false},"featured_media":31787,"template":"","meta":[],"product_brand":[13432],"product_cat":[13404],"product_tag":[],"class_list":{"0":"post-52476","1":"product","2":"type-product","3":"status-publish","4":"has-post-thumbnail","6":"product_brand-naturehike-ru","7":"product_cat-13404","8":"pa_izmers-22l","9":"pa_produkta-tips-pilsetas-mugursomas","10":"pa_spalva-melns","11":"pa_spalva-peleks","12":"pa_spalva-zils","14":"first","15":"outofstock","16":"taxable","17":"shipping-taxable","18":"purchasable","19":"product-type-variable","20":"has-default-attributes"},"raw_content":{"name":"Naturehike - \u012apa\u0161i viegla, salok\u0101ma soma 22L","description":"\u012apa\u0161i kompakta soma.\nIde\u0101li piem\u0113rota rite\u0146brauk\u0161anai un cit\u0101m \u0101ra aktivit\u0101t\u0113m.\nKompakta un viegla.\nM\u012bksts materi\u0101ls.\nModelis: NH17A017-B;\nSvars: 170 g;\nTilpums: 22l;\nMateri\u0101ls: Neilons 30D, \u016bdensiztur\u012bgs.","short_description":"\u012apa\u0161i viegla un kompakta salok\u0101ma mugursoma. Izgatavota no m\u012bksta 2000+ \u016bdensnecaurlaid\u012bga auduma un \u016bdensiztur\u012bga YKK r\u0101v\u0113jsl\u0113dz\u0113ja.","status":"publish","sku":"nat000096","original":52476},"wpml":{"translation_type":1,"has_translations":true,"original":52476,"duplicates":[],"translations":{"lv":52476,"en":68153,"ru":null}},"supplier_id":null,"supplier_sku":"","barcode":null,"atum_controlled":true,"out_stock_date":null,"out_stock_threshold":null,"inheritable":false,"inbound_stock":0,"stock_on_hold":0,"sold_today":0,"sales_last_days":1,"reserved_stock":0,"customer_returns":0,"warehouse_damage":0,"lost_in_post":0,"other_logs":0,"out_stock_days":0,"lost_sales":0,"has_location":false,"update_date":"2026-02-03T08:31:57","atum_locations":[],"atum_stock_status":"instock","restock_status":false,"low_stock_amount":"","sales_update_date":"2025-11-13T13:36:31","calc_backorders":null,"yoast_head":"<!-- This site is optimized with the Yoast SEO plugin v27.3 - https:\/\/yoast.com\/product\/yoast-seo-wordpress\/ -->\n<title>Naturehike - \u012apa\u0161i viegla, salok\u0101ma soma (Uzlabota versija)<\/title>\n<meta name=\"description\" content=\"\u012apa\u0161i viegla un kompakta salok\u0101ma mugursoma. Izgatavota no m\u012bksta 2000+ \u016bdensnecaurlaid\u012bga auduma un \u016bdensiztur\u012bga YKK r\u0101v\u0113jsl\u0113dz\u0113ja.\" \/>\n<meta name=\"robots\" content=\"index, follow, max-snippet:-1, max-image-preview:large, max-video-preview:-1\" \/>\n<link rel=\"canonical\" href=\"https:\/\/gohike.lv\/ru\/produkts\/naturehike-ipasi-viegla-salokama-soma-yunqian-uzlabota-versija\/\" \/>\n<meta property=\"og:locale\" content=\"ru_RU\" \/>\n<meta property=\"og:type\" content=\"article\" \/>\n<meta property=\"og:title\" content=\"Naturehike - \u012apa\u0161i viegla salok\u0101ma soma (yunqian) jaun\u0101 versija\" \/>\n<meta property=\"og:description\" content=\"\u012apa\u0161i viegla un kompakta salok\u0101ma mugursoma. Izgatavota no m\u012bksta 2000+ \u016bdensnecaurlaid\u012bga auduma un \u016bdensiztur\u012bga YKK r\u0101v\u0113jsl\u0113dz\u0113ja.\" \/>\n<meta property=\"og:url\" content=\"https:\/\/gohike.lv\/ru\/produkts\/naturehike-ipasi-viegla-salokama-soma-yunqian-uzlabota-versija\/\" \/>\n<meta property=\"og:site_name\" content=\"GoHike\" \/>\n<meta property=\"article:publisher\" content=\"https:\/\/www.facebook.com\/gohike.shop\/\" \/>\n<meta property=\"article:modified_time\" content=\"2026-02-02T16:57:08+00:00\" \/>\n<meta property=\"og:image\" content=\"https:\/\/gohike.lv\/wp-content\/uploads\/2024\/04\/UltraLightFoldingCarryBag_grey.webp\" \/>\n\t<meta property=\"og:image:width\" content=\"640\" \/>\n\t<meta property=\"og:image:height\" content=\"640\" \/>\n\t<meta property=\"og:image:type\" content=\"image\/webp\" \/>\n<meta name=\"twitter:card\" content=\"summary_large_image\" \/>\n<meta name=\"twitter:title\" content=\"Naturehike - \u012apa\u0161i viegla salok\u0101ma soma (yunqian) jaun\u0101 versija\" \/>\n<meta name=\"twitter:label1\" content=\"\u041f\u0440\u0438\u043c\u0435\u0440\u043d\u043e\u0435 \u0432\u0440\u0435\u043c\u044f \u0434\u043b\u044f \u0447\u0442\u0435\u043d\u0438\u044f\" \/>\n\t<meta name=\"twitter:data1\" content=\"1 \u043c\u0438\u043d\u0443\u0442\u0430\" \/>\n<script type=\"application\/ld+json\" class=\"yoast-schema-graph\">{\"@context\":\"https:\\\/\\\/schema.org\",\"@graph\":[{\"@type\":[\"WebPage\",\"ItemPage\"],\"@id\":\"https:\\\/\\\/gohike.lv\\\/ru\\\/produkts\\\/naturehike-ipasi-viegla-salokama-soma-yunqian-uzlabota-versija\\\/\",\"url\":\"https:\\\/\\\/gohike.lv\\\/ru\\\/produkts\\\/naturehike-ipasi-viegla-salokama-soma-yunqian-uzlabota-versija\\\/\",\"name\":\"Naturehike - \u012apa\u0161i viegla, salok\u0101ma soma (Uzlabota versija)\",\"isPartOf\":{\"@id\":\"https:\\\/\\\/gohike.lv\\\/ru\\\/#website\"},\"primaryImageOfPage\":{\"@id\":\"https:\\\/\\\/gohike.lv\\\/ru\\\/produkts\\\/naturehike-ipasi-viegla-salokama-soma-yunqian-uzlabota-versija\\\/#primaryimage\"},\"image\":{\"@id\":\"https:\\\/\\\/gohike.lv\\\/ru\\\/produkts\\\/naturehike-ipasi-viegla-salokama-soma-yunqian-uzlabota-versija\\\/#primaryimage\"},\"thumbnailUrl\":\"https:\\\/\\\/gohike.lv\\\/wp-content\\\/uploads\\\/2024\\\/04\\\/UltraLightFoldingCarryBag_grey.webp\",\"datePublished\":\"2024-05-07T08:07:58+00:00\",\"dateModified\":\"2026-02-02T16:57:08+00:00\",\"description\":\"\u012apa\u0161i viegla un kompakta salok\u0101ma mugursoma. Izgatavota no m\u012bksta 2000+ \u016bdensnecaurlaid\u012bga auduma un \u016bdensiztur\u012bga YKK r\u0101v\u0113jsl\u0113dz\u0113ja.\",\"breadcrumb\":{\"@id\":\"https:\\\/\\\/gohike.lv\\\/ru\\\/produkts\\\/naturehike-ipasi-viegla-salokama-soma-yunqian-uzlabota-versija\\\/#breadcrumb\"},\"inLanguage\":\"ru-RU\",\"potentialAction\":[{\"@type\":\"ReadAction\",\"target\":[\"https:\\\/\\\/gohike.lv\\\/ru\\\/produkts\\\/naturehike-ipasi-viegla-salokama-soma-yunqian-uzlabota-versija\\\/\"]}]},{\"@type\":\"ImageObject\",\"inLanguage\":\"ru-RU\",\"@id\":\"https:\\\/\\\/gohike.lv\\\/ru\\\/produkts\\\/naturehike-ipasi-viegla-salokama-soma-yunqian-uzlabota-versija\\\/#primaryimage\",\"url\":\"https:\\\/\\\/gohike.lv\\\/wp-content\\\/uploads\\\/2024\\\/04\\\/UltraLightFoldingCarryBag_grey.webp\",\"contentUrl\":\"https:\\\/\\\/gohike.lv\\\/wp-content\\\/uploads\\\/2024\\\/04\\\/UltraLightFoldingCarryBag_grey.webp\",\"width\":640,\"height\":640},{\"@type\":\"BreadcrumbList\",\"@id\":\"https:\\\/\\\/gohike.lv\\\/ru\\\/produkts\\\/naturehike-ipasi-viegla-salokama-soma-yunqian-uzlabota-versija\\\/#breadcrumb\",\"itemListElement\":[{\"@type\":\"ListItem\",\"position\":1,\"name\":\"\u0413\u043b\u0430\u0432\u043d\u0430\u044f\",\"item\":\"https:\\\/\\\/gohike.lv\\\/ru\\\/\"},{\"@type\":\"ListItem\",\"position\":2,\"name\":\"\u041a\u0430\u0442\u0435\u0433\u043e\u0440\u0438\u0438 \u0442\u043e\u0432\u0430\u0440\u043e\u0432\",\"item\":\"https:\\\/\\\/gohike.lv\\\/%d0%ba%d0%b0%d1%82%d0%b5%d0%b3%d0%be%d1%80%d0%b8%d0%b8-%d1%82%d0%be%d0%b2%d0%b0%d1%80%d0%be%d0%b2\\\/\"},{\"@type\":\"ListItem\",\"position\":3,\"name\":\"Naturehike &#8211; \u012apa\u0161i viegla, salok\u0101ma soma 22L\"}]},{\"@type\":\"WebSite\",\"@id\":\"https:\\\/\\\/gohike.lv\\\/ru\\\/#website\",\"url\":\"https:\\\/\\\/gohike.lv\\\/ru\\\/\",\"name\":\"GoHike\",\"description\":\"\",\"publisher\":{\"@id\":\"https:\\\/\\\/gohike.lv\\\/ru\\\/#organization\"},\"potentialAction\":[{\"@type\":\"SearchAction\",\"target\":{\"@type\":\"EntryPoint\",\"urlTemplate\":\"https:\\\/\\\/gohike.lv\\\/ru\\\/?s={search_term_string}\"},\"query-input\":{\"@type\":\"PropertyValueSpecification\",\"valueRequired\":true,\"valueName\":\"search_term_string\"}}],\"inLanguage\":\"ru-RU\"},{\"@type\":\"Organization\",\"@id\":\"https:\\\/\\\/gohike.lv\\\/ru\\\/#organization\",\"name\":\"GoHike\",\"url\":\"https:\\\/\\\/gohike.lv\\\/ru\\\/\",\"logo\":{\"@type\":\"ImageObject\",\"inLanguage\":\"ru-RU\",\"@id\":\"https:\\\/\\\/gohike.lv\\\/ru\\\/#\\\/schema\\\/logo\\\/image\\\/\",\"url\":\"https:\\\/\\\/gohike.lv\\\/wp-content\\\/uploads\\\/2023\\\/08\\\/Logo_GoHike.webp\",\"contentUrl\":\"https:\\\/\\\/gohike.lv\\\/wp-content\\\/uploads\\\/2023\\\/08\\\/Logo_GoHike.webp\",\"width\":512,\"height\":512,\"caption\":\"GoHike\"},\"image\":{\"@id\":\"https:\\\/\\\/gohike.lv\\\/ru\\\/#\\\/schema\\\/logo\\\/image\\\/\"},\"sameAs\":[\"https:\\\/\\\/www.facebook.com\\\/gohike.shop\\\/\",\"https:\\\/\\\/www.instagram.com\\\/gohike.shop\\\/\"]}]}<\/script>\n<!-- \/ Yoast SEO plugin. -->","yoast_head_json":{"title":"Naturehike - \u012apa\u0161i viegla, salok\u0101ma soma (Uzlabota versija)","description":"\u012apa\u0161i viegla un kompakta salok\u0101ma mugursoma. Izgatavota no m\u012bksta 2000+ \u016bdensnecaurlaid\u012bga auduma un \u016bdensiztur\u012bga YKK r\u0101v\u0113jsl\u0113dz\u0113ja.","robots":{"index":"index","follow":"follow","max-snippet":"max-snippet:-1","max-image-preview":"max-image-preview:large","max-video-preview":"max-video-preview:-1"},"canonical":"https:\/\/gohike.lv\/ru\/produkts\/naturehike-ipasi-viegla-salokama-soma-yunqian-uzlabota-versija\/","og_locale":"ru_RU","og_type":"article","og_title":"Naturehike - \u012apa\u0161i viegla salok\u0101ma soma (yunqian) jaun\u0101 versija","og_description":"\u012apa\u0161i viegla un kompakta salok\u0101ma mugursoma. Izgatavota no m\u012bksta 2000+ \u016bdensnecaurlaid\u012bga auduma un \u016bdensiztur\u012bga YKK r\u0101v\u0113jsl\u0113dz\u0113ja.","og_url":"https:\/\/gohike.lv\/ru\/produkts\/naturehike-ipasi-viegla-salokama-soma-yunqian-uzlabota-versija\/","og_site_name":"GoHike","article_publisher":"https:\/\/www.facebook.com\/gohike.shop\/","article_modified_time":"2026-02-02T16:57:08+00:00","og_image":[{"width":640,"height":640,"url":"https:\/\/gohike.lv\/wp-content\/uploads\/2024\/04\/UltraLightFoldingCarryBag_grey.webp","type":"image\/webp"}],"twitter_card":"summary_large_image","twitter_title":"Naturehike - \u012apa\u0161i viegla salok\u0101ma soma (yunqian) jaun\u0101 versija","twitter_misc":{"\u041f\u0440\u0438\u043c\u0435\u0440\u043d\u043e\u0435 \u0432\u0440\u0435\u043c\u044f \u0434\u043b\u044f \u0447\u0442\u0435\u043d\u0438\u044f":"1 \u043c\u0438\u043d\u0443\u0442\u0430"},"schema":{"@context":"https:\/\/schema.org","@graph":[{"@type":["WebPage","ItemPage"],"@id":"https:\/\/gohike.lv\/ru\/produkts\/naturehike-ipasi-viegla-salokama-soma-yunqian-uzlabota-versija\/","url":"https:\/\/gohike.lv\/ru\/produkts\/naturehike-ipasi-viegla-salokama-soma-yunqian-uzlabota-versija\/","name":"Naturehike - \u012apa\u0161i viegla, salok\u0101ma soma (Uzlabota versija)","isPartOf":{"@id":"https:\/\/gohike.lv\/ru\/#website"},"primaryImageOfPage":{"@id":"https:\/\/gohike.lv\/ru\/produkts\/naturehike-ipasi-viegla-salokama-soma-yunqian-uzlabota-versija\/#primaryimage"},"image":{"@id":"https:\/\/gohike.lv\/ru\/produkts\/naturehike-ipasi-viegla-salokama-soma-yunqian-uzlabota-versija\/#primaryimage"},"thumbnailUrl":"https:\/\/gohike.lv\/wp-content\/uploads\/2024\/04\/UltraLightFoldingCarryBag_grey.webp","datePublished":"2024-05-07T08:07:58+00:00","dateModified":"2026-02-02T16:57:08+00:00","description":"\u012apa\u0161i viegla un kompakta salok\u0101ma mugursoma. Izgatavota no m\u012bksta 2000+ \u016bdensnecaurlaid\u012bga auduma un \u016bdensiztur\u012bga YKK r\u0101v\u0113jsl\u0113dz\u0113ja.","breadcrumb":{"@id":"https:\/\/gohike.lv\/ru\/produkts\/naturehike-ipasi-viegla-salokama-soma-yunqian-uzlabota-versija\/#breadcrumb"},"inLanguage":"ru-RU","potentialAction":[{"@type":"ReadAction","target":["https:\/\/gohike.lv\/ru\/produkts\/naturehike-ipasi-viegla-salokama-soma-yunqian-uzlabota-versija\/"]}]},{"@type":"ImageObject","inLanguage":"ru-RU","@id":"https:\/\/gohike.lv\/ru\/produkts\/naturehike-ipasi-viegla-salokama-soma-yunqian-uzlabota-versija\/#primaryimage","url":"https:\/\/gohike.lv\/wp-content\/uploads\/2024\/04\/UltraLightFoldingCarryBag_grey.webp","contentUrl":"https:\/\/gohike.lv\/wp-content\/uploads\/2024\/04\/UltraLightFoldingCarryBag_grey.webp","width":640,"height":640},{"@type":"BreadcrumbList","@id":"https:\/\/gohike.lv\/ru\/produkts\/naturehike-ipasi-viegla-salokama-soma-yunqian-uzlabota-versija\/#breadcrumb","itemListElement":[{"@type":"ListItem","position":1,"name":"\u0413\u043b\u0430\u0432\u043d\u0430\u044f","item":"https:\/\/gohike.lv\/ru\/"},{"@type":"ListItem","position":2,"name":"\u041a\u0430\u0442\u0435\u0433\u043e\u0440\u0438\u0438 \u0442\u043e\u0432\u0430\u0440\u043e\u0432","item":"https:\/\/gohike.lv\/%d0%ba%d0%b0%d1%82%d0%b5%d0%b3%d0%be%d1%80%d0%b8%d0%b8-%d1%82%d0%be%d0%b2%d0%b0%d1%80%d0%be%d0%b2\/"},{"@type":"ListItem","position":3,"name":"Naturehike &#8211; \u012apa\u0161i viegla, salok\u0101ma soma 22L"}]},{"@type":"WebSite","@id":"https:\/\/gohike.lv\/ru\/#website","url":"https:\/\/gohike.lv\/ru\/","name":"GoHike","description":"","publisher":{"@id":"https:\/\/gohike.lv\/ru\/#organization"},"potentialAction":[{"@type":"SearchAction","target":{"@type":"EntryPoint","urlTemplate":"https:\/\/gohike.lv\/ru\/?s={search_term_string}"},"query-input":{"@type":"PropertyValueSpecification","valueRequired":true,"valueName":"search_term_string"}}],"inLanguage":"ru-RU"},{"@type":"Organization","@id":"https:\/\/gohike.lv\/ru\/#organization","name":"GoHike","url":"https:\/\/gohike.lv\/ru\/","logo":{"@type":"ImageObject","inLanguage":"ru-RU","@id":"https:\/\/gohike.lv\/ru\/#\/schema\/logo\/image\/","url":"https:\/\/gohike.lv\/wp-content\/uploads\/2023\/08\/Logo_GoHike.webp","contentUrl":"https:\/\/gohike.lv\/wp-content\/uploads\/2023\/08\/Logo_GoHike.webp","width":512,"height":512,"caption":"GoHike"},"image":{"@id":"https:\/\/gohike.lv\/ru\/#\/schema\/logo\/image\/"},"sameAs":["https:\/\/www.facebook.com\/gohike.shop\/","https:\/\/www.instagram.com\/gohike.shop\/"]}]}},"jetpack_sharing_enabled":true,"_links":{"self":[{"href":"https:\/\/gohike.lv\/ru\/wp-json\/wp\/v2\/product\/52476","targetHints":{"allow":["GET"]}}],"collection":[{"href":"https:\/\/gohike.lv\/ru\/wp-json\/wp\/v2\/product"}],"about":[{"href":"https:\/\/gohike.lv\/ru\/wp-json\/wp\/v2\/types\/product"}],"version-history":[{"count":0,"href":"https:\/\/gohike.lv\/ru\/wp-json\/wp\/v2\/product\/52476\/revisions"}],"wp:featuredmedia":[{"embeddable":true,"href":"https:\/\/gohike.lv\/ru\/wp-json\/wp\/v2\/media\/31787"}],"wp:attachment":[{"href":"https:\/\/gohike.lv\/ru\/wp-json\/wp\/v2\/media?parent=52476"}],"wp:term":[{"taxonomy":"product_brand","embeddable":true,"href":"https:\/\/gohike.lv\/ru\/wp-json\/wp\/v2\/product_brand?post=52476"},{"taxonomy":"product_cat","embeddable":true,"href":"https:\/\/gohike.lv\/ru\/wp-json\/wp\/v2\/product_cat?post=52476"},{"taxonomy":"product_tag","embeddable":true,"href":"https:\/\/gohike.lv\/ru\/wp-json\/wp\/v2\/product_tag?post=52476"}],"curies":[{"name":"wp","href":"https:\/\/api.w.org\/{rel}","templated":true}]}}