{"id":52472,"date":"2024-05-07T11:07:52","date_gmt":"2024-05-07T08:07:52","guid":{"rendered":"https:\/\/gohike.lv\/produkts\/naturehike-ipasi-viegla-salokama-mugursoma\/"},"modified":"2026-02-08T08:10:41","modified_gmt":"2026-02-08T05:10:41","slug":"naturehike-ipasi-viegla-salokama-mugursoma","status":"publish","type":"product","link":"https:\/\/gohike.lv\/ru\/produkts\/naturehike-ipasi-viegla-salokama-mugursoma\/","title":{"rendered":"Naturehike &#8212; \u012apa\u0161i viegla, salok\u0101ma mugursoma 18L"},"content":{"rendered":"<p>Praktisks dizains un \u0113rtas siksnas.<br \/>\nStil\u012bgajai, ergonomiskajai mugursomai ir sieta siksnas, caur kur\u0101m br\u012bvi pl\u016bst gaiss.<br \/>\nAugstas kvalit\u0101tes r\u0101v\u0113jsl\u0113dz\u0113ji pasarg\u0101 no mitruma.<br \/>\nRaksturlielumi:<br \/>\nTilpums: 18 litri;<br \/>\nKr\u0101sas: zila, melna;<br \/>\nErgonomisks dizains, \u0113rtas siksnas;<br \/>\nIzm\u0113ri: 42*23*17 cm;<br \/>\nIzm\u0113ri saloc\u012bt\u0101 veid\u0101: 12*7 cm.<\/p>\n","protected":false},"excerpt":{"rendered":"<p>Kompakta mugursoma t\u016brismam un akt\u012bvai atp\u016btai.<\/p>\n","protected":false},"featured_media":31773,"template":"","meta":[],"product_brand":[167],"product_cat":[1827],"product_tag":[],"class_list":{"0":"post-52472","1":"product","2":"type-product","3":"status-publish","4":"has-post-thumbnail","6":"product_brand-naturehike-lv","7":"product_cat-mugursomas","8":"pa_produkta-tips-pilsetas-mugursomas","9":"pa_spalva-melns","10":"pa_spalva-zals","11":"pa_spalva-zils","13":"first","14":"instock","15":"taxable","16":"shipping-taxable","17":"purchasable","18":"product-type-variable","19":"has-default-attributes"},"raw_content":{"name":"Naturehike - \u012apa\u0161i viegla, salok\u0101ma mugursoma 18L","description":"Praktisks dizains un \u0113rtas siksnas.\nStil\u012bgajai, ergonomiskajai mugursomai ir sieta siksnas, caur kur\u0101m br\u012bvi pl\u016bst gaiss.\nAugstas kvalit\u0101tes r\u0101v\u0113jsl\u0113dz\u0113ji pasarg\u0101 no mitruma.\nRaksturlielumi:\nTilpums: 18 litri;\nKr\u0101sas: zila, melna;\nErgonomisks dizains, \u0113rtas siksnas;\nIzm\u0113ri: 42*23*17 cm;\nIzm\u0113ri saloc\u012bt\u0101 veid\u0101: 12*7 cm.","short_description":"Kompakta mugursoma t\u016brismam un akt\u012bvai atp\u016btai.","status":"publish","sku":"nat000095","original":52472},"wpml":{"translation_type":1,"has_translations":true,"original":52472,"duplicates":[],"translations":{"lv":52472,"en":68146,"ru":null}},"supplier_id":null,"supplier_sku":"","barcode":null,"atum_controlled":true,"out_stock_date":null,"out_stock_threshold":null,"inheritable":true,"inbound_stock":0,"stock_on_hold":0,"sold_today":0,"sales_last_days":0,"reserved_stock":0,"customer_returns":0,"warehouse_damage":0,"lost_in_post":0,"other_logs":0,"out_stock_days":0,"lost_sales":0,"has_location":false,"update_date":"2025-12-30T14:30:40","atum_locations":[],"atum_stock_status":"instock","restock_status":false,"low_stock_amount":"","sales_update_date":"2025-11-13T13:36:31","calc_backorders":null,"yoast_head":"<!-- This site is optimized with the Yoast SEO plugin v27.3 - https:\/\/yoast.com\/product\/yoast-seo-wordpress\/ -->\n<title>Naturehike - \u012apa\u0161i viegla, salok\u0101ma mugursoma<\/title>\n<meta name=\"description\" content=\"Kompakta mugursoma t\u016brismam un akt\u012bvai atp\u016btai. Praktisks dizains un \u0113rtas siksnas.\" \/>\n<meta name=\"robots\" content=\"index, follow, max-snippet:-1, max-image-preview:large, max-video-preview:-1\" \/>\n<link rel=\"canonical\" href=\"https:\/\/gohike.lv\/ru\/produkts\/naturehike-ipasi-viegla-salokama-mugursoma\/\" \/>\n<meta property=\"og:locale\" content=\"ru_RU\" \/>\n<meta property=\"og:type\" content=\"article\" \/>\n<meta property=\"og:title\" content=\"Naturehike - \u012apa\u0161i viegla salok\u0101ma mugursoma\" \/>\n<meta property=\"og:description\" content=\"Kompakta mugursoma t\u016brismam un akt\u012bvai atp\u016btai. Praktisks dizains un \u0113rtas siksnas.\" \/>\n<meta property=\"og:url\" content=\"https:\/\/gohike.lv\/ru\/produkts\/naturehike-ipasi-viegla-salokama-mugursoma\/\" \/>\n<meta property=\"og:site_name\" content=\"GoHike\" \/>\n<meta property=\"article:publisher\" content=\"https:\/\/www.facebook.com\/gohike.shop\/\" \/>\n<meta property=\"article:modified_time\" content=\"2026-02-08T05:10:41+00:00\" \/>\n<meta property=\"og:image\" content=\"https:\/\/gohike.lv\/wp-content\/uploads\/2024\/04\/UltralightFoldingBackpack_black.webp\" \/>\n\t<meta property=\"og:image:width\" content=\"800\" \/>\n\t<meta property=\"og:image:height\" content=\"800\" \/>\n\t<meta property=\"og:image:type\" content=\"image\/webp\" \/>\n<meta name=\"twitter:card\" content=\"summary_large_image\" \/>\n<meta name=\"twitter:title\" content=\"Naturehike - \u012apa\u0161i viegla salok\u0101ma mugursoma\" \/>\n<meta name=\"twitter:label1\" content=\"\u041f\u0440\u0438\u043c\u0435\u0440\u043d\u043e\u0435 \u0432\u0440\u0435\u043c\u044f \u0434\u043b\u044f \u0447\u0442\u0435\u043d\u0438\u044f\" \/>\n\t<meta name=\"twitter:data1\" content=\"1 \u043c\u0438\u043d\u0443\u0442\u0430\" \/>\n<script type=\"application\/ld+json\" class=\"yoast-schema-graph\">{\"@context\":\"https:\\\/\\\/schema.org\",\"@graph\":[{\"@type\":[\"WebPage\",\"ItemPage\"],\"@id\":\"https:\\\/\\\/gohike.lv\\\/ru\\\/produkts\\\/naturehike-ipasi-viegla-salokama-mugursoma\\\/\",\"url\":\"https:\\\/\\\/gohike.lv\\\/ru\\\/produkts\\\/naturehike-ipasi-viegla-salokama-mugursoma\\\/\",\"name\":\"Naturehike - \u012apa\u0161i viegla, salok\u0101ma mugursoma\",\"isPartOf\":{\"@id\":\"https:\\\/\\\/gohike.lv\\\/ru\\\/#website\"},\"primaryImageOfPage\":{\"@id\":\"https:\\\/\\\/gohike.lv\\\/ru\\\/produkts\\\/naturehike-ipasi-viegla-salokama-mugursoma\\\/#primaryimage\"},\"image\":{\"@id\":\"https:\\\/\\\/gohike.lv\\\/ru\\\/produkts\\\/naturehike-ipasi-viegla-salokama-mugursoma\\\/#primaryimage\"},\"thumbnailUrl\":\"https:\\\/\\\/gohike.lv\\\/wp-content\\\/uploads\\\/2024\\\/04\\\/UltralightFoldingBackpack_black.webp\",\"datePublished\":\"2024-05-07T08:07:52+00:00\",\"dateModified\":\"2026-02-08T05:10:41+00:00\",\"description\":\"Kompakta mugursoma t\u016brismam un akt\u012bvai atp\u016btai. Praktisks dizains un \u0113rtas siksnas.\",\"breadcrumb\":{\"@id\":\"https:\\\/\\\/gohike.lv\\\/ru\\\/produkts\\\/naturehike-ipasi-viegla-salokama-mugursoma\\\/#breadcrumb\"},\"inLanguage\":\"ru-RU\",\"potentialAction\":[{\"@type\":\"ReadAction\",\"target\":[\"https:\\\/\\\/gohike.lv\\\/ru\\\/produkts\\\/naturehike-ipasi-viegla-salokama-mugursoma\\\/\"]}]},{\"@type\":\"ImageObject\",\"inLanguage\":\"ru-RU\",\"@id\":\"https:\\\/\\\/gohike.lv\\\/ru\\\/produkts\\\/naturehike-ipasi-viegla-salokama-mugursoma\\\/#primaryimage\",\"url\":\"https:\\\/\\\/gohike.lv\\\/wp-content\\\/uploads\\\/2024\\\/04\\\/UltralightFoldingBackpack_black.webp\",\"contentUrl\":\"https:\\\/\\\/gohike.lv\\\/wp-content\\\/uploads\\\/2024\\\/04\\\/UltralightFoldingBackpack_black.webp\",\"width\":800,\"height\":800},{\"@type\":\"BreadcrumbList\",\"@id\":\"https:\\\/\\\/gohike.lv\\\/ru\\\/produkts\\\/naturehike-ipasi-viegla-salokama-mugursoma\\\/#breadcrumb\",\"itemListElement\":[{\"@type\":\"ListItem\",\"position\":1,\"name\":\"\u0413\u043b\u0430\u0432\u043d\u0430\u044f\",\"item\":\"https:\\\/\\\/gohike.lv\\\/ru\\\/\"},{\"@type\":\"ListItem\",\"position\":2,\"name\":\"\u041a\u0430\u0442\u0435\u0433\u043e\u0440\u0438\u0438 \u0442\u043e\u0432\u0430\u0440\u043e\u0432\",\"item\":\"https:\\\/\\\/gohike.lv\\\/%d0%ba%d0%b0%d1%82%d0%b5%d0%b3%d0%be%d1%80%d0%b8%d0%b8-%d1%82%d0%be%d0%b2%d0%b0%d1%80%d0%be%d0%b2\\\/\"},{\"@type\":\"ListItem\",\"position\":3,\"name\":\"Naturehike &#8211; \u012apa\u0161i viegla, salok\u0101ma mugursoma 18L\"}]},{\"@type\":\"WebSite\",\"@id\":\"https:\\\/\\\/gohike.lv\\\/ru\\\/#website\",\"url\":\"https:\\\/\\\/gohike.lv\\\/ru\\\/\",\"name\":\"GoHike\",\"description\":\"\",\"publisher\":{\"@id\":\"https:\\\/\\\/gohike.lv\\\/ru\\\/#organization\"},\"potentialAction\":[{\"@type\":\"SearchAction\",\"target\":{\"@type\":\"EntryPoint\",\"urlTemplate\":\"https:\\\/\\\/gohike.lv\\\/ru\\\/?s={search_term_string}\"},\"query-input\":{\"@type\":\"PropertyValueSpecification\",\"valueRequired\":true,\"valueName\":\"search_term_string\"}}],\"inLanguage\":\"ru-RU\"},{\"@type\":\"Organization\",\"@id\":\"https:\\\/\\\/gohike.lv\\\/ru\\\/#organization\",\"name\":\"GoHike\",\"url\":\"https:\\\/\\\/gohike.lv\\\/ru\\\/\",\"logo\":{\"@type\":\"ImageObject\",\"inLanguage\":\"ru-RU\",\"@id\":\"https:\\\/\\\/gohike.lv\\\/ru\\\/#\\\/schema\\\/logo\\\/image\\\/\",\"url\":\"https:\\\/\\\/gohike.lv\\\/wp-content\\\/uploads\\\/2023\\\/08\\\/Logo_GoHike.webp\",\"contentUrl\":\"https:\\\/\\\/gohike.lv\\\/wp-content\\\/uploads\\\/2023\\\/08\\\/Logo_GoHike.webp\",\"width\":512,\"height\":512,\"caption\":\"GoHike\"},\"image\":{\"@id\":\"https:\\\/\\\/gohike.lv\\\/ru\\\/#\\\/schema\\\/logo\\\/image\\\/\"},\"sameAs\":[\"https:\\\/\\\/www.facebook.com\\\/gohike.shop\\\/\",\"https:\\\/\\\/www.instagram.com\\\/gohike.shop\\\/\"]}]}<\/script>\n<!-- \/ Yoast SEO plugin. -->","yoast_head_json":{"title":"Naturehike - \u012apa\u0161i viegla, salok\u0101ma mugursoma","description":"Kompakta mugursoma t\u016brismam un akt\u012bvai atp\u016btai. Praktisks dizains un \u0113rtas siksnas.","robots":{"index":"index","follow":"follow","max-snippet":"max-snippet:-1","max-image-preview":"max-image-preview:large","max-video-preview":"max-video-preview:-1"},"canonical":"https:\/\/gohike.lv\/ru\/produkts\/naturehike-ipasi-viegla-salokama-mugursoma\/","og_locale":"ru_RU","og_type":"article","og_title":"Naturehike - \u012apa\u0161i viegla salok\u0101ma mugursoma","og_description":"Kompakta mugursoma t\u016brismam un akt\u012bvai atp\u016btai. Praktisks dizains un \u0113rtas siksnas.","og_url":"https:\/\/gohike.lv\/ru\/produkts\/naturehike-ipasi-viegla-salokama-mugursoma\/","og_site_name":"GoHike","article_publisher":"https:\/\/www.facebook.com\/gohike.shop\/","article_modified_time":"2026-02-08T05:10:41+00:00","og_image":[{"width":800,"height":800,"url":"https:\/\/gohike.lv\/wp-content\/uploads\/2024\/04\/UltralightFoldingBackpack_black.webp","type":"image\/webp"}],"twitter_card":"summary_large_image","twitter_title":"Naturehike - \u012apa\u0161i viegla salok\u0101ma mugursoma","twitter_misc":{"\u041f\u0440\u0438\u043c\u0435\u0440\u043d\u043e\u0435 \u0432\u0440\u0435\u043c\u044f \u0434\u043b\u044f \u0447\u0442\u0435\u043d\u0438\u044f":"1 \u043c\u0438\u043d\u0443\u0442\u0430"},"schema":{"@context":"https:\/\/schema.org","@graph":[{"@type":["WebPage","ItemPage"],"@id":"https:\/\/gohike.lv\/ru\/produkts\/naturehike-ipasi-viegla-salokama-mugursoma\/","url":"https:\/\/gohike.lv\/ru\/produkts\/naturehike-ipasi-viegla-salokama-mugursoma\/","name":"Naturehike - \u012apa\u0161i viegla, salok\u0101ma mugursoma","isPartOf":{"@id":"https:\/\/gohike.lv\/ru\/#website"},"primaryImageOfPage":{"@id":"https:\/\/gohike.lv\/ru\/produkts\/naturehike-ipasi-viegla-salokama-mugursoma\/#primaryimage"},"image":{"@id":"https:\/\/gohike.lv\/ru\/produkts\/naturehike-ipasi-viegla-salokama-mugursoma\/#primaryimage"},"thumbnailUrl":"https:\/\/gohike.lv\/wp-content\/uploads\/2024\/04\/UltralightFoldingBackpack_black.webp","datePublished":"2024-05-07T08:07:52+00:00","dateModified":"2026-02-08T05:10:41+00:00","description":"Kompakta mugursoma t\u016brismam un akt\u012bvai atp\u016btai. Praktisks dizains un \u0113rtas siksnas.","breadcrumb":{"@id":"https:\/\/gohike.lv\/ru\/produkts\/naturehike-ipasi-viegla-salokama-mugursoma\/#breadcrumb"},"inLanguage":"ru-RU","potentialAction":[{"@type":"ReadAction","target":["https:\/\/gohike.lv\/ru\/produkts\/naturehike-ipasi-viegla-salokama-mugursoma\/"]}]},{"@type":"ImageObject","inLanguage":"ru-RU","@id":"https:\/\/gohike.lv\/ru\/produkts\/naturehike-ipasi-viegla-salokama-mugursoma\/#primaryimage","url":"https:\/\/gohike.lv\/wp-content\/uploads\/2024\/04\/UltralightFoldingBackpack_black.webp","contentUrl":"https:\/\/gohike.lv\/wp-content\/uploads\/2024\/04\/UltralightFoldingBackpack_black.webp","width":800,"height":800},{"@type":"BreadcrumbList","@id":"https:\/\/gohike.lv\/ru\/produkts\/naturehike-ipasi-viegla-salokama-mugursoma\/#breadcrumb","itemListElement":[{"@type":"ListItem","position":1,"name":"\u0413\u043b\u0430\u0432\u043d\u0430\u044f","item":"https:\/\/gohike.lv\/ru\/"},{"@type":"ListItem","position":2,"name":"\u041a\u0430\u0442\u0435\u0433\u043e\u0440\u0438\u0438 \u0442\u043e\u0432\u0430\u0440\u043e\u0432","item":"https:\/\/gohike.lv\/%d0%ba%d0%b0%d1%82%d0%b5%d0%b3%d0%be%d1%80%d0%b8%d0%b8-%d1%82%d0%be%d0%b2%d0%b0%d1%80%d0%be%d0%b2\/"},{"@type":"ListItem","position":3,"name":"Naturehike &#8211; \u012apa\u0161i viegla, salok\u0101ma mugursoma 18L"}]},{"@type":"WebSite","@id":"https:\/\/gohike.lv\/ru\/#website","url":"https:\/\/gohike.lv\/ru\/","name":"GoHike","description":"","publisher":{"@id":"https:\/\/gohike.lv\/ru\/#organization"},"potentialAction":[{"@type":"SearchAction","target":{"@type":"EntryPoint","urlTemplate":"https:\/\/gohike.lv\/ru\/?s={search_term_string}"},"query-input":{"@type":"PropertyValueSpecification","valueRequired":true,"valueName":"search_term_string"}}],"inLanguage":"ru-RU"},{"@type":"Organization","@id":"https:\/\/gohike.lv\/ru\/#organization","name":"GoHike","url":"https:\/\/gohike.lv\/ru\/","logo":{"@type":"ImageObject","inLanguage":"ru-RU","@id":"https:\/\/gohike.lv\/ru\/#\/schema\/logo\/image\/","url":"https:\/\/gohike.lv\/wp-content\/uploads\/2023\/08\/Logo_GoHike.webp","contentUrl":"https:\/\/gohike.lv\/wp-content\/uploads\/2023\/08\/Logo_GoHike.webp","width":512,"height":512,"caption":"GoHike"},"image":{"@id":"https:\/\/gohike.lv\/ru\/#\/schema\/logo\/image\/"},"sameAs":["https:\/\/www.facebook.com\/gohike.shop\/","https:\/\/www.instagram.com\/gohike.shop\/"]}]}},"jetpack_sharing_enabled":true,"_links":{"self":[{"href":"https:\/\/gohike.lv\/ru\/wp-json\/wp\/v2\/product\/52472","targetHints":{"allow":["GET"]}}],"collection":[{"href":"https:\/\/gohike.lv\/ru\/wp-json\/wp\/v2\/product"}],"about":[{"href":"https:\/\/gohike.lv\/ru\/wp-json\/wp\/v2\/types\/product"}],"version-history":[{"count":0,"href":"https:\/\/gohike.lv\/ru\/wp-json\/wp\/v2\/product\/52472\/revisions"}],"wp:featuredmedia":[{"embeddable":true,"href":"https:\/\/gohike.lv\/ru\/wp-json\/wp\/v2\/media\/31773"}],"wp:attachment":[{"href":"https:\/\/gohike.lv\/ru\/wp-json\/wp\/v2\/media?parent=52472"}],"wp:term":[{"taxonomy":"product_brand","embeddable":true,"href":"https:\/\/gohike.lv\/ru\/wp-json\/wp\/v2\/product_brand?post=52472"},{"taxonomy":"product_cat","embeddable":true,"href":"https:\/\/gohike.lv\/ru\/wp-json\/wp\/v2\/product_cat?post=52472"},{"taxonomy":"product_tag","embeddable":true,"href":"https:\/\/gohike.lv\/ru\/wp-json\/wp\/v2\/product_tag?post=52472"}],"curies":[{"name":"wp","href":"https:\/\/api.w.org\/{rel}","templated":true}]}}