{"id":52448,"date":"2024-05-07T11:07:04","date_gmt":"2024-05-07T08:07:04","guid":{"rendered":"https:\/\/gohike.lv\/produkts\/naturehike-pargajienu-mugursoma-70l-5l\/"},"modified":"2025-12-30T17:25:05","modified_gmt":"2025-12-30T14:25:05","slug":"naturehike-pargajienu-mugursoma-70l-5l","status":"publish","type":"product","link":"https:\/\/gohike.lv\/ru\/produkts\/naturehike-pargajienu-mugursoma-70l-5l\/","title":{"rendered":"Naturehike &#8212; P\u0101rg\u0101jienu mugursoma 70l+5l"},"content":{"rendered":"<p>Lieliska stabilit\u0101te, pateicoties CR gult\u0146u sist\u0113mai, kas nodro\u0161ina labu svara p\u0101rnesi.<br \/>\nV-veida dizains \u013cauj br\u012bvi griezties, samazinot \u0137erme\u0146a kust\u012bbas ierobe\u017eojumus.<br \/>\nIntegr\u0113t\u0101 lidma\u0161\u012bnas alum\u012bnija dubult\u0101 josta samazina svaru un palielina kravnes\u012bbu.<br \/>\nIde\u0101li piem\u0113rots k\u0101p\u0161anai, p\u0101rg\u0101jieniem un kempingiem.<br \/>\nPla\u0161a jostasvietas regul\u0113\u0161ana liel\u0101kam komfortam.<br \/>\nVair\u0101kas \u0101r\u0113j\u0101s siksnas da\u017e\u0101du priek\u0161metu nostiprin\u0101\u0161anai.<br \/>\nSvars tiek sadal\u012bts uz gurniem.<br \/>\nAugstas kvalit\u0101tes YKK r\u0101v\u0113jsl\u0113dz\u0113js.<br \/>\nIek\u013cauts augstas kvalit\u0101tes YNS.<br \/>\nModelis: NH70B070-B;<br \/>\nIzm\u0113rs: 75 x 33 x 27 cm;<br \/>\nSvars: 1810 g;<br \/>\nKr\u0101sa: zila\/oran\u017ea\/melna;<br \/>\nTilpums: 70l plus v\u0113l 5l;<br \/>\nMateri\u0101ls: neilons.<\/p>\n","protected":false},"excerpt":{"rendered":"<p>Augstas kvalit\u0101tes mugursoma ar dubult\u0101m \u0161uv\u0113m. Izgatavota no viegla un iztur\u012bga auduma.<\/p>\n","protected":false},"featured_media":28191,"template":"","meta":[],"product_brand":[167],"product_cat":[1827],"product_tag":[],"class_list":{"0":"post-52448","1":"product","2":"type-product","3":"status-publish","4":"has-post-thumbnail","6":"product_brand-naturehike-lv","7":"product_cat-mugursomas","8":"pa_produkta-tips-pargajienu-mugursomas","9":"pa_spalva-bruns","10":"pa_spalva-melns","11":"pa_spalva-oranzs","12":"pa_spalva-zils","14":"first","15":"instock","16":"taxable","17":"shipping-taxable","18":"purchasable","19":"product-type-variable","20":"has-default-attributes"},"raw_content":{"name":"Naturehike - P\u0101rg\u0101jienu mugursoma 70l+5l","description":"Lieliska stabilit\u0101te, pateicoties CR gult\u0146u sist\u0113mai, kas nodro\u0161ina labu svara p\u0101rnesi.\nV-veida dizains \u013cauj br\u012bvi griezties, samazinot \u0137erme\u0146a kust\u012bbas ierobe\u017eojumus.\nIntegr\u0113t\u0101 lidma\u0161\u012bnas alum\u012bnija dubult\u0101 josta samazina svaru un palielina kravnes\u012bbu.\nIde\u0101li piem\u0113rots k\u0101p\u0161anai, p\u0101rg\u0101jieniem un kempingiem.\nPla\u0161a jostasvietas regul\u0113\u0161ana liel\u0101kam komfortam.\nVair\u0101kas \u0101r\u0113j\u0101s siksnas da\u017e\u0101du priek\u0161metu nostiprin\u0101\u0161anai.\nSvars tiek sadal\u012bts uz gurniem.\nAugstas kvalit\u0101tes YKK r\u0101v\u0113jsl\u0113dz\u0113js.\nIek\u013cauts augstas kvalit\u0101tes YNS.\nModelis: NH70B070-B;\nIzm\u0113rs: 75 x 33 x 27 cm;\nSvars: 1810 g;\nKr\u0101sa: zila\/oran\u017ea\/melna;\nTilpums: 70l plus v\u0113l 5l;\nMateri\u0101ls: neilons.","short_description":"Augstas kvalit\u0101tes mugursoma ar dubult\u0101m \u0161uv\u0113m. Izgatavota no viegla un iztur\u012bga auduma.","status":"publish","sku":"nat000090","original":52448},"wpml":{"translation_type":1,"has_translations":true,"original":52448,"duplicates":[],"translations":{"lv":52448,"en":68143,"ru":null}},"supplier_id":null,"supplier_sku":"","barcode":null,"atum_controlled":true,"out_stock_date":null,"out_stock_threshold":null,"inheritable":true,"inbound_stock":0,"stock_on_hold":0,"sold_today":0,"sales_last_days":0,"reserved_stock":0,"customer_returns":0,"warehouse_damage":0,"lost_in_post":0,"other_logs":0,"out_stock_days":0,"lost_sales":0,"has_location":false,"update_date":"2025-12-30T14:30:40","atum_locations":[],"atum_stock_status":"instock","restock_status":false,"low_stock_amount":"","sales_update_date":"2025-11-13T13:36:31","calc_backorders":null,"yoast_head":"<!-- This site is optimized with the Yoast SEO plugin v27.3 - https:\/\/yoast.com\/product\/yoast-seo-wordpress\/ -->\n<title>Naturehike - P\u0101rg\u0101jienu mugursoma 70l+5l<\/title>\n<meta name=\"description\" content=\"Augstas kvalit\u0101tes mugursoma ar dubult\u0101m \u0161uv\u0113m. Izgatavota no viegla un iztur\u012bga auduma.\" \/>\n<meta name=\"robots\" content=\"index, follow, max-snippet:-1, max-image-preview:large, max-video-preview:-1\" \/>\n<link rel=\"canonical\" href=\"https:\/\/gohike.lv\/ru\/produkts\/naturehike-pargajienu-mugursoma-70l-5l\/\" \/>\n<meta property=\"og:locale\" content=\"ru_RU\" \/>\n<meta property=\"og:type\" content=\"article\" \/>\n<meta property=\"og:title\" content=\"Naturehike - P\u0101rg\u0101jienu mugursoma 70l +5l\" \/>\n<meta property=\"og:description\" content=\"Augstas kvalit\u0101tes mugursoma ar dubult\u0101m \u0161uv\u0113m. Izgatavota no viegla un iztur\u012bga auduma.\" \/>\n<meta property=\"og:url\" content=\"https:\/\/gohike.lv\/ru\/produkts\/naturehike-pargajienu-mugursoma-70l-5l\/\" \/>\n<meta property=\"og:site_name\" content=\"GoHike\" \/>\n<meta property=\"article:publisher\" content=\"https:\/\/www.facebook.com\/gohike.shop\/\" \/>\n<meta property=\"article:modified_time\" content=\"2025-12-30T14:25:05+00:00\" \/>\n<meta property=\"og:image\" content=\"https:\/\/gohike.lv\/wp-content\/uploads\/2024\/04\/70Lbackpack_black.jpg\" \/>\n\t<meta property=\"og:image:width\" content=\"800\" \/>\n\t<meta property=\"og:image:height\" content=\"800\" \/>\n\t<meta property=\"og:image:type\" content=\"image\/jpeg\" \/>\n<meta name=\"twitter:card\" content=\"summary_large_image\" \/>\n<meta name=\"twitter:title\" content=\"Naturehike - P\u0101rg\u0101jienu mugursoma 70l +5l\" \/>\n<meta name=\"twitter:label1\" content=\"\u041f\u0440\u0438\u043c\u0435\u0440\u043d\u043e\u0435 \u0432\u0440\u0435\u043c\u044f \u0434\u043b\u044f \u0447\u0442\u0435\u043d\u0438\u044f\" \/>\n\t<meta name=\"twitter:data1\" content=\"1 \u043c\u0438\u043d\u0443\u0442\u0430\" \/>\n<script type=\"application\/ld+json\" class=\"yoast-schema-graph\">{\"@context\":\"https:\\\/\\\/schema.org\",\"@graph\":[{\"@type\":[\"WebPage\",\"ItemPage\"],\"@id\":\"https:\\\/\\\/gohike.lv\\\/ru\\\/produkts\\\/naturehike-pargajienu-mugursoma-70l-5l\\\/\",\"url\":\"https:\\\/\\\/gohike.lv\\\/ru\\\/produkts\\\/naturehike-pargajienu-mugursoma-70l-5l\\\/\",\"name\":\"Naturehike - P\u0101rg\u0101jienu mugursoma 70l+5l\",\"isPartOf\":{\"@id\":\"https:\\\/\\\/gohike.lv\\\/ru\\\/#website\"},\"primaryImageOfPage\":{\"@id\":\"https:\\\/\\\/gohike.lv\\\/ru\\\/produkts\\\/naturehike-pargajienu-mugursoma-70l-5l\\\/#primaryimage\"},\"image\":{\"@id\":\"https:\\\/\\\/gohike.lv\\\/ru\\\/produkts\\\/naturehike-pargajienu-mugursoma-70l-5l\\\/#primaryimage\"},\"thumbnailUrl\":\"https:\\\/\\\/gohike.lv\\\/wp-content\\\/uploads\\\/2024\\\/04\\\/70Lbackpack_black.jpg\",\"datePublished\":\"2024-05-07T08:07:04+00:00\",\"dateModified\":\"2025-12-30T14:25:05+00:00\",\"description\":\"Augstas kvalit\u0101tes mugursoma ar dubult\u0101m \u0161uv\u0113m. Izgatavota no viegla un iztur\u012bga auduma.\",\"breadcrumb\":{\"@id\":\"https:\\\/\\\/gohike.lv\\\/ru\\\/produkts\\\/naturehike-pargajienu-mugursoma-70l-5l\\\/#breadcrumb\"},\"inLanguage\":\"ru-RU\",\"potentialAction\":[{\"@type\":\"ReadAction\",\"target\":[\"https:\\\/\\\/gohike.lv\\\/ru\\\/produkts\\\/naturehike-pargajienu-mugursoma-70l-5l\\\/\"]}]},{\"@type\":\"ImageObject\",\"inLanguage\":\"ru-RU\",\"@id\":\"https:\\\/\\\/gohike.lv\\\/ru\\\/produkts\\\/naturehike-pargajienu-mugursoma-70l-5l\\\/#primaryimage\",\"url\":\"https:\\\/\\\/gohike.lv\\\/wp-content\\\/uploads\\\/2024\\\/04\\\/70Lbackpack_black.jpg\",\"contentUrl\":\"https:\\\/\\\/gohike.lv\\\/wp-content\\\/uploads\\\/2024\\\/04\\\/70Lbackpack_black.jpg\",\"width\":800,\"height\":800},{\"@type\":\"BreadcrumbList\",\"@id\":\"https:\\\/\\\/gohike.lv\\\/ru\\\/produkts\\\/naturehike-pargajienu-mugursoma-70l-5l\\\/#breadcrumb\",\"itemListElement\":[{\"@type\":\"ListItem\",\"position\":1,\"name\":\"\u0413\u043b\u0430\u0432\u043d\u0430\u044f\",\"item\":\"https:\\\/\\\/gohike.lv\\\/ru\\\/\"},{\"@type\":\"ListItem\",\"position\":2,\"name\":\"\u041a\u0430\u0442\u0435\u0433\u043e\u0440\u0438\u0438 \u0442\u043e\u0432\u0430\u0440\u043e\u0432\",\"item\":\"https:\\\/\\\/gohike.lv\\\/%d0%ba%d0%b0%d1%82%d0%b5%d0%b3%d0%be%d1%80%d0%b8%d0%b8-%d1%82%d0%be%d0%b2%d0%b0%d1%80%d0%be%d0%b2\\\/\"},{\"@type\":\"ListItem\",\"position\":3,\"name\":\"Naturehike &#8211; P\u0101rg\u0101jienu mugursoma 70l+5l\"}]},{\"@type\":\"WebSite\",\"@id\":\"https:\\\/\\\/gohike.lv\\\/ru\\\/#website\",\"url\":\"https:\\\/\\\/gohike.lv\\\/ru\\\/\",\"name\":\"GoHike\",\"description\":\"\",\"publisher\":{\"@id\":\"https:\\\/\\\/gohike.lv\\\/ru\\\/#organization\"},\"potentialAction\":[{\"@type\":\"SearchAction\",\"target\":{\"@type\":\"EntryPoint\",\"urlTemplate\":\"https:\\\/\\\/gohike.lv\\\/ru\\\/?s={search_term_string}\"},\"query-input\":{\"@type\":\"PropertyValueSpecification\",\"valueRequired\":true,\"valueName\":\"search_term_string\"}}],\"inLanguage\":\"ru-RU\"},{\"@type\":\"Organization\",\"@id\":\"https:\\\/\\\/gohike.lv\\\/ru\\\/#organization\",\"name\":\"GoHike\",\"url\":\"https:\\\/\\\/gohike.lv\\\/ru\\\/\",\"logo\":{\"@type\":\"ImageObject\",\"inLanguage\":\"ru-RU\",\"@id\":\"https:\\\/\\\/gohike.lv\\\/ru\\\/#\\\/schema\\\/logo\\\/image\\\/\",\"url\":\"https:\\\/\\\/gohike.lv\\\/wp-content\\\/uploads\\\/2023\\\/08\\\/Logo_GoHike.webp\",\"contentUrl\":\"https:\\\/\\\/gohike.lv\\\/wp-content\\\/uploads\\\/2023\\\/08\\\/Logo_GoHike.webp\",\"width\":512,\"height\":512,\"caption\":\"GoHike\"},\"image\":{\"@id\":\"https:\\\/\\\/gohike.lv\\\/ru\\\/#\\\/schema\\\/logo\\\/image\\\/\"},\"sameAs\":[\"https:\\\/\\\/www.facebook.com\\\/gohike.shop\\\/\",\"https:\\\/\\\/www.instagram.com\\\/gohike.shop\\\/\"]}]}<\/script>\n<!-- \/ Yoast SEO plugin. -->","yoast_head_json":{"title":"Naturehike - P\u0101rg\u0101jienu mugursoma 70l+5l","description":"Augstas kvalit\u0101tes mugursoma ar dubult\u0101m \u0161uv\u0113m. Izgatavota no viegla un iztur\u012bga auduma.","robots":{"index":"index","follow":"follow","max-snippet":"max-snippet:-1","max-image-preview":"max-image-preview:large","max-video-preview":"max-video-preview:-1"},"canonical":"https:\/\/gohike.lv\/ru\/produkts\/naturehike-pargajienu-mugursoma-70l-5l\/","og_locale":"ru_RU","og_type":"article","og_title":"Naturehike - P\u0101rg\u0101jienu mugursoma 70l +5l","og_description":"Augstas kvalit\u0101tes mugursoma ar dubult\u0101m \u0161uv\u0113m. Izgatavota no viegla un iztur\u012bga auduma.","og_url":"https:\/\/gohike.lv\/ru\/produkts\/naturehike-pargajienu-mugursoma-70l-5l\/","og_site_name":"GoHike","article_publisher":"https:\/\/www.facebook.com\/gohike.shop\/","article_modified_time":"2025-12-30T14:25:05+00:00","og_image":[{"width":800,"height":800,"url":"https:\/\/gohike.lv\/wp-content\/uploads\/2024\/04\/70Lbackpack_black.jpg","type":"image\/jpeg"}],"twitter_card":"summary_large_image","twitter_title":"Naturehike - P\u0101rg\u0101jienu mugursoma 70l +5l","twitter_misc":{"\u041f\u0440\u0438\u043c\u0435\u0440\u043d\u043e\u0435 \u0432\u0440\u0435\u043c\u044f \u0434\u043b\u044f \u0447\u0442\u0435\u043d\u0438\u044f":"1 \u043c\u0438\u043d\u0443\u0442\u0430"},"schema":{"@context":"https:\/\/schema.org","@graph":[{"@type":["WebPage","ItemPage"],"@id":"https:\/\/gohike.lv\/ru\/produkts\/naturehike-pargajienu-mugursoma-70l-5l\/","url":"https:\/\/gohike.lv\/ru\/produkts\/naturehike-pargajienu-mugursoma-70l-5l\/","name":"Naturehike - P\u0101rg\u0101jienu mugursoma 70l+5l","isPartOf":{"@id":"https:\/\/gohike.lv\/ru\/#website"},"primaryImageOfPage":{"@id":"https:\/\/gohike.lv\/ru\/produkts\/naturehike-pargajienu-mugursoma-70l-5l\/#primaryimage"},"image":{"@id":"https:\/\/gohike.lv\/ru\/produkts\/naturehike-pargajienu-mugursoma-70l-5l\/#primaryimage"},"thumbnailUrl":"https:\/\/gohike.lv\/wp-content\/uploads\/2024\/04\/70Lbackpack_black.jpg","datePublished":"2024-05-07T08:07:04+00:00","dateModified":"2025-12-30T14:25:05+00:00","description":"Augstas kvalit\u0101tes mugursoma ar dubult\u0101m \u0161uv\u0113m. Izgatavota no viegla un iztur\u012bga auduma.","breadcrumb":{"@id":"https:\/\/gohike.lv\/ru\/produkts\/naturehike-pargajienu-mugursoma-70l-5l\/#breadcrumb"},"inLanguage":"ru-RU","potentialAction":[{"@type":"ReadAction","target":["https:\/\/gohike.lv\/ru\/produkts\/naturehike-pargajienu-mugursoma-70l-5l\/"]}]},{"@type":"ImageObject","inLanguage":"ru-RU","@id":"https:\/\/gohike.lv\/ru\/produkts\/naturehike-pargajienu-mugursoma-70l-5l\/#primaryimage","url":"https:\/\/gohike.lv\/wp-content\/uploads\/2024\/04\/70Lbackpack_black.jpg","contentUrl":"https:\/\/gohike.lv\/wp-content\/uploads\/2024\/04\/70Lbackpack_black.jpg","width":800,"height":800},{"@type":"BreadcrumbList","@id":"https:\/\/gohike.lv\/ru\/produkts\/naturehike-pargajienu-mugursoma-70l-5l\/#breadcrumb","itemListElement":[{"@type":"ListItem","position":1,"name":"\u0413\u043b\u0430\u0432\u043d\u0430\u044f","item":"https:\/\/gohike.lv\/ru\/"},{"@type":"ListItem","position":2,"name":"\u041a\u0430\u0442\u0435\u0433\u043e\u0440\u0438\u0438 \u0442\u043e\u0432\u0430\u0440\u043e\u0432","item":"https:\/\/gohike.lv\/%d0%ba%d0%b0%d1%82%d0%b5%d0%b3%d0%be%d1%80%d0%b8%d0%b8-%d1%82%d0%be%d0%b2%d0%b0%d1%80%d0%be%d0%b2\/"},{"@type":"ListItem","position":3,"name":"Naturehike &#8211; P\u0101rg\u0101jienu mugursoma 70l+5l"}]},{"@type":"WebSite","@id":"https:\/\/gohike.lv\/ru\/#website","url":"https:\/\/gohike.lv\/ru\/","name":"GoHike","description":"","publisher":{"@id":"https:\/\/gohike.lv\/ru\/#organization"},"potentialAction":[{"@type":"SearchAction","target":{"@type":"EntryPoint","urlTemplate":"https:\/\/gohike.lv\/ru\/?s={search_term_string}"},"query-input":{"@type":"PropertyValueSpecification","valueRequired":true,"valueName":"search_term_string"}}],"inLanguage":"ru-RU"},{"@type":"Organization","@id":"https:\/\/gohike.lv\/ru\/#organization","name":"GoHike","url":"https:\/\/gohike.lv\/ru\/","logo":{"@type":"ImageObject","inLanguage":"ru-RU","@id":"https:\/\/gohike.lv\/ru\/#\/schema\/logo\/image\/","url":"https:\/\/gohike.lv\/wp-content\/uploads\/2023\/08\/Logo_GoHike.webp","contentUrl":"https:\/\/gohike.lv\/wp-content\/uploads\/2023\/08\/Logo_GoHike.webp","width":512,"height":512,"caption":"GoHike"},"image":{"@id":"https:\/\/gohike.lv\/ru\/#\/schema\/logo\/image\/"},"sameAs":["https:\/\/www.facebook.com\/gohike.shop\/","https:\/\/www.instagram.com\/gohike.shop\/"]}]}},"jetpack_sharing_enabled":true,"_links":{"self":[{"href":"https:\/\/gohike.lv\/ru\/wp-json\/wp\/v2\/product\/52448","targetHints":{"allow":["GET"]}}],"collection":[{"href":"https:\/\/gohike.lv\/ru\/wp-json\/wp\/v2\/product"}],"about":[{"href":"https:\/\/gohike.lv\/ru\/wp-json\/wp\/v2\/types\/product"}],"version-history":[{"count":0,"href":"https:\/\/gohike.lv\/ru\/wp-json\/wp\/v2\/product\/52448\/revisions"}],"wp:featuredmedia":[{"embeddable":true,"href":"https:\/\/gohike.lv\/ru\/wp-json\/wp\/v2\/media\/28191"}],"wp:attachment":[{"href":"https:\/\/gohike.lv\/ru\/wp-json\/wp\/v2\/media?parent=52448"}],"wp:term":[{"taxonomy":"product_brand","embeddable":true,"href":"https:\/\/gohike.lv\/ru\/wp-json\/wp\/v2\/product_brand?post=52448"},{"taxonomy":"product_cat","embeddable":true,"href":"https:\/\/gohike.lv\/ru\/wp-json\/wp\/v2\/product_cat?post=52448"},{"taxonomy":"product_tag","embeddable":true,"href":"https:\/\/gohike.lv\/ru\/wp-json\/wp\/v2\/product_tag?post=52448"}],"curies":[{"name":"wp","href":"https:\/\/api.w.org\/{rel}","templated":true}]}}