{"id":52392,"date":"2024-05-07T11:04:30","date_gmt":"2024-05-07T08:04:30","guid":{"rendered":"https:\/\/gohike.lv\/produkts\/naturehike-saliekams-grils\/"},"modified":"2025-12-30T17:10:21","modified_gmt":"2025-12-30T14:10:21","slug":"naturehike-saliekams-grils","status":"publish","type":"product","link":"https:\/\/gohike.lv\/ru\/produkts\/naturehike-saliekams-grils\/","title":{"rendered":"Naturehike &#8212; Saliekams grils"},"content":{"rendered":"<p>Pamata komplekt\u0101cij\u0101 ietilpst: BBQ grils + cep\u0161anas re\u017e\u0123is + uzglab\u0101\u0161anas soma.<br \/>\nProdukta \u012bpa\u0161\u012bbas:<br \/>\n*Grila korpuss ir izgatavots no iztur\u012bga un viegli t\u012br\u0101ma dzelzs;<br \/>\n*Grilla reste ir izgatavota no 304 ner\u016bs\u0113jo\u0161\u0101 t\u0113rauda, \u200b\u200bdro\u0161i lietojama;<br \/>\n*No\u0146emami rokturi;<br \/>\n*No\u0146emamas grila k\u0101jas;<br \/>\n*Cep\u0161anas re\u017e\u0123a rokturi izgatavoti no koka;<br \/>\n*Temperat\u016bras regulators;<br \/>\n*Grila re\u017e\u0123i var izjaukt, lai atvieglotu t\u012br\u012b\u0161anu.<\/p>\n","protected":false},"excerpt":{"rendered":"<p><span style=\"font-family: Poppins, Arial, Helvetica, sans-serif; font-size: 14px;\">Naturehike grila cepe\u0161kr\u0101sns ir izgatavota no cinkota dzelzs. Tas \u013cauj gatavot \u0113dienu, izmantojot malku vai ogles, lai \u0113diens gar\u0161otu un smar\u017eotu lab\u0101k nek\u0101 izmantojot g\u0101zes degvielu. Apr\u012bkots ar tr\u012bs deg\u0161anas temperat\u016bras regul\u0113\u0161anas iesp\u0113j\u0101m.<\/span><\/p>\n","protected":false},"featured_media":31182,"template":"","meta":[],"product_brand":[167],"product_cat":[1099],"product_tag":[],"class_list":{"0":"post-52392","1":"product","2":"type-product","3":"status-publish","4":"has-post-thumbnail","6":"product_brand-naturehike-lv","7":"product_cat-gatavosana-uz-uguns","8":"pa_izmers-baze","9":"pa_izmers-standarta","10":"pa_produkta-tips-turistu-grili","11":"pa_spalva-peleks","13":"first","14":"instock","15":"taxable","16":"shipping-taxable","17":"purchasable","18":"product-type-variable","19":"has-default-attributes"},"raw_content":{"name":"Naturehike - Saliekams grils","description":"Pamata komplekt\u0101cij\u0101 ietilpst: BBQ grils + cep\u0161anas re\u017e\u0123is + uzglab\u0101\u0161anas soma.\nProdukta \u012bpa\u0161\u012bbas:\n*Grila korpuss ir izgatavots no iztur\u012bga un viegli t\u012br\u0101ma dzelzs;\n*Grilla reste ir izgatavota no 304 ner\u016bs\u0113jo\u0161\u0101 t\u0113rauda, \u200b\u200bdro\u0161i lietojama;\n*No\u0146emami rokturi;\n*No\u0146emamas grila k\u0101jas;\n*Cep\u0161anas re\u017e\u0123a rokturi izgatavoti no koka;\n*Temperat\u016bras regulators;\n*Grila re\u017e\u0123i var izjaukt, lai atvieglotu t\u012br\u012b\u0161anu.","short_description":"<span style=\"font-family: Poppins, Arial, Helvetica, sans-serif; font-size: 14px;\">Naturehike grila cepe\u0161kr\u0101sns ir izgatavota no cinkota dzelzs. Tas \u013cauj gatavot \u0113dienu, izmantojot malku vai ogles, lai \u0113diens gar\u0161otu un smar\u017eotu lab\u0101k nek\u0101 izmantojot g\u0101zes degvielu. Apr\u012bkots ar tr\u012bs deg\u0161anas temperat\u016bras regul\u0113\u0161anas iesp\u0113j\u0101m.<\/span>","status":"publish","sku":"nat000080","original":52392},"wpml":{"translation_type":1,"has_translations":true,"original":52392,"duplicates":[],"translations":{"lv":52392,"en":68095,"ru":null}},"supplier_id":null,"supplier_sku":"","barcode":null,"atum_controlled":true,"out_stock_date":null,"out_stock_threshold":null,"inheritable":false,"inbound_stock":0,"stock_on_hold":0,"sold_today":0,"sales_last_days":0,"reserved_stock":0,"customer_returns":0,"warehouse_damage":0,"lost_in_post":0,"other_logs":0,"out_stock_days":0,"lost_sales":0,"has_location":false,"update_date":"2025-12-30T14:13:31","atum_locations":[],"atum_stock_status":"instock","restock_status":false,"low_stock_amount":"","sales_update_date":"2025-11-13T13:36:30","calc_backorders":null,"yoast_head":"<!-- This site is optimized with the Yoast SEO plugin v27.3 - https:\/\/yoast.com\/product\/yoast-seo-wordpress\/ -->\n<title>Naturehike - Saliekams grils<\/title>\n<meta name=\"description\" content=\"Naturehike grila cepe\u0161kr\u0101sns ir izgatavota no cinkota dzelzs. Tas \u013cauj gatavot \u0113dienu, izmantojot malku vai ogles, lai \u0113diens gar\u0161otu un smar\u017eotu lab\u0101k nek\u0101 izmantojot g\u0101zes degvielu. Apr\u012bkots ar tr\u012bs deg\u0161anas temperat\u016bras regul\u0113\u0161anas iesp\u0113j\u0101m.\" \/>\n<meta name=\"robots\" content=\"index, follow, max-snippet:-1, max-image-preview:large, max-video-preview:-1\" \/>\n<link rel=\"canonical\" href=\"https:\/\/gohike.lv\/ru\/produkts\/naturehike-saliekams-grils\/\" \/>\n<meta property=\"og:locale\" content=\"ru_RU\" \/>\n<meta property=\"og:type\" content=\"article\" \/>\n<meta property=\"og:title\" content=\"Naturehike - Saliekams grils\" \/>\n<meta property=\"og:description\" content=\"Naturehike grila cepe\u0161kr\u0101sns ir izgatavota no cinkota dzelzs. Tas \u013cauj gatavot \u0113dienu, izmantojot malku vai ogles, lai \u0113diens gar\u0161otu un smar\u017eotu lab\u0101k nek\u0101 izmantojot g\u0101zes degvielu. Apr\u012bkots ar tr\u012bs deg\u0161anas temperat\u016bras regul\u0113\u0161anas iesp\u0113j\u0101m.\" \/>\n<meta property=\"og:url\" content=\"https:\/\/gohike.lv\/ru\/produkts\/naturehike-saliekams-grils\/\" \/>\n<meta property=\"og:site_name\" content=\"GoHike\" \/>\n<meta property=\"article:publisher\" content=\"https:\/\/www.facebook.com\/gohike.shop\/\" \/>\n<meta property=\"article:modified_time\" content=\"2025-12-30T14:10:21+00:00\" \/>\n<meta property=\"og:image\" content=\"https:\/\/gohike.lv\/wp-content\/uploads\/2024\/04\/FoldinBBQgrill_.jpg\" \/>\n\t<meta property=\"og:image:width\" content=\"800\" \/>\n\t<meta property=\"og:image:height\" content=\"800\" \/>\n\t<meta property=\"og:image:type\" content=\"image\/jpeg\" \/>\n<meta name=\"twitter:card\" content=\"summary_large_image\" \/>\n<meta name=\"twitter:title\" content=\"Naturehike - Saliekams grils\" \/>\n<meta name=\"twitter:label1\" content=\"\u041f\u0440\u0438\u043c\u0435\u0440\u043d\u043e\u0435 \u0432\u0440\u0435\u043c\u044f \u0434\u043b\u044f \u0447\u0442\u0435\u043d\u0438\u044f\" \/>\n\t<meta name=\"twitter:data1\" content=\"1 \u043c\u0438\u043d\u0443\u0442\u0430\" \/>\n<script type=\"application\/ld+json\" class=\"yoast-schema-graph\">{\"@context\":\"https:\\\/\\\/schema.org\",\"@graph\":[{\"@type\":[\"WebPage\",\"ItemPage\"],\"@id\":\"https:\\\/\\\/gohike.lv\\\/ru\\\/produkts\\\/naturehike-saliekams-grils\\\/\",\"url\":\"https:\\\/\\\/gohike.lv\\\/ru\\\/produkts\\\/naturehike-saliekams-grils\\\/\",\"name\":\"Naturehike - Saliekams grils\",\"isPartOf\":{\"@id\":\"https:\\\/\\\/gohike.lv\\\/ru\\\/#website\"},\"primaryImageOfPage\":{\"@id\":\"https:\\\/\\\/gohike.lv\\\/ru\\\/produkts\\\/naturehike-saliekams-grils\\\/#primaryimage\"},\"image\":{\"@id\":\"https:\\\/\\\/gohike.lv\\\/ru\\\/produkts\\\/naturehike-saliekams-grils\\\/#primaryimage\"},\"thumbnailUrl\":\"https:\\\/\\\/gohike.lv\\\/wp-content\\\/uploads\\\/2024\\\/04\\\/FoldinBBQgrill_.jpg\",\"datePublished\":\"2024-05-07T08:04:30+00:00\",\"dateModified\":\"2025-12-30T14:10:21+00:00\",\"description\":\"Naturehike grila cepe\u0161kr\u0101sns ir izgatavota no cinkota dzelzs. Tas \u013cauj gatavot \u0113dienu, izmantojot malku vai ogles, lai \u0113diens gar\u0161otu un smar\u017eotu lab\u0101k nek\u0101 izmantojot g\u0101zes degvielu. Apr\u012bkots ar tr\u012bs deg\u0161anas temperat\u016bras regul\u0113\u0161anas iesp\u0113j\u0101m.\",\"breadcrumb\":{\"@id\":\"https:\\\/\\\/gohike.lv\\\/ru\\\/produkts\\\/naturehike-saliekams-grils\\\/#breadcrumb\"},\"inLanguage\":\"ru-RU\",\"potentialAction\":[{\"@type\":\"ReadAction\",\"target\":[\"https:\\\/\\\/gohike.lv\\\/ru\\\/produkts\\\/naturehike-saliekams-grils\\\/\"]}]},{\"@type\":\"ImageObject\",\"inLanguage\":\"ru-RU\",\"@id\":\"https:\\\/\\\/gohike.lv\\\/ru\\\/produkts\\\/naturehike-saliekams-grils\\\/#primaryimage\",\"url\":\"https:\\\/\\\/gohike.lv\\\/wp-content\\\/uploads\\\/2024\\\/04\\\/FoldinBBQgrill_.jpg\",\"contentUrl\":\"https:\\\/\\\/gohike.lv\\\/wp-content\\\/uploads\\\/2024\\\/04\\\/FoldinBBQgrill_.jpg\",\"width\":800,\"height\":800},{\"@type\":\"BreadcrumbList\",\"@id\":\"https:\\\/\\\/gohike.lv\\\/ru\\\/produkts\\\/naturehike-saliekams-grils\\\/#breadcrumb\",\"itemListElement\":[{\"@type\":\"ListItem\",\"position\":1,\"name\":\"\u0413\u043b\u0430\u0432\u043d\u0430\u044f\",\"item\":\"https:\\\/\\\/gohike.lv\\\/ru\\\/\"},{\"@type\":\"ListItem\",\"position\":2,\"name\":\"\u041a\u0430\u0442\u0435\u0433\u043e\u0440\u0438\u0438 \u0442\u043e\u0432\u0430\u0440\u043e\u0432\",\"item\":\"https:\\\/\\\/gohike.lv\\\/%d0%ba%d0%b0%d1%82%d0%b5%d0%b3%d0%be%d1%80%d0%b8%d0%b8-%d1%82%d0%be%d0%b2%d0%b0%d1%80%d0%be%d0%b2\\\/\"},{\"@type\":\"ListItem\",\"position\":3,\"name\":\"Naturehike &#8211; Saliekams grils\"}]},{\"@type\":\"WebSite\",\"@id\":\"https:\\\/\\\/gohike.lv\\\/ru\\\/#website\",\"url\":\"https:\\\/\\\/gohike.lv\\\/ru\\\/\",\"name\":\"GoHike\",\"description\":\"\",\"publisher\":{\"@id\":\"https:\\\/\\\/gohike.lv\\\/ru\\\/#organization\"},\"potentialAction\":[{\"@type\":\"SearchAction\",\"target\":{\"@type\":\"EntryPoint\",\"urlTemplate\":\"https:\\\/\\\/gohike.lv\\\/ru\\\/?s={search_term_string}\"},\"query-input\":{\"@type\":\"PropertyValueSpecification\",\"valueRequired\":true,\"valueName\":\"search_term_string\"}}],\"inLanguage\":\"ru-RU\"},{\"@type\":\"Organization\",\"@id\":\"https:\\\/\\\/gohike.lv\\\/ru\\\/#organization\",\"name\":\"GoHike\",\"url\":\"https:\\\/\\\/gohike.lv\\\/ru\\\/\",\"logo\":{\"@type\":\"ImageObject\",\"inLanguage\":\"ru-RU\",\"@id\":\"https:\\\/\\\/gohike.lv\\\/ru\\\/#\\\/schema\\\/logo\\\/image\\\/\",\"url\":\"https:\\\/\\\/gohike.lv\\\/wp-content\\\/uploads\\\/2023\\\/08\\\/Logo_GoHike.webp\",\"contentUrl\":\"https:\\\/\\\/gohike.lv\\\/wp-content\\\/uploads\\\/2023\\\/08\\\/Logo_GoHike.webp\",\"width\":512,\"height\":512,\"caption\":\"GoHike\"},\"image\":{\"@id\":\"https:\\\/\\\/gohike.lv\\\/ru\\\/#\\\/schema\\\/logo\\\/image\\\/\"},\"sameAs\":[\"https:\\\/\\\/www.facebook.com\\\/gohike.shop\\\/\",\"https:\\\/\\\/www.instagram.com\\\/gohike.shop\\\/\"]}]}<\/script>\n<!-- \/ Yoast SEO plugin. -->","yoast_head_json":{"title":"Naturehike - Saliekams grils","description":"Naturehike grila cepe\u0161kr\u0101sns ir izgatavota no cinkota dzelzs. Tas \u013cauj gatavot \u0113dienu, izmantojot malku vai ogles, lai \u0113diens gar\u0161otu un smar\u017eotu lab\u0101k nek\u0101 izmantojot g\u0101zes degvielu. Apr\u012bkots ar tr\u012bs deg\u0161anas temperat\u016bras regul\u0113\u0161anas iesp\u0113j\u0101m.","robots":{"index":"index","follow":"follow","max-snippet":"max-snippet:-1","max-image-preview":"max-image-preview:large","max-video-preview":"max-video-preview:-1"},"canonical":"https:\/\/gohike.lv\/ru\/produkts\/naturehike-saliekams-grils\/","og_locale":"ru_RU","og_type":"article","og_title":"Naturehike - Saliekams grils","og_description":"Naturehike grila cepe\u0161kr\u0101sns ir izgatavota no cinkota dzelzs. Tas \u013cauj gatavot \u0113dienu, izmantojot malku vai ogles, lai \u0113diens gar\u0161otu un smar\u017eotu lab\u0101k nek\u0101 izmantojot g\u0101zes degvielu. Apr\u012bkots ar tr\u012bs deg\u0161anas temperat\u016bras regul\u0113\u0161anas iesp\u0113j\u0101m.","og_url":"https:\/\/gohike.lv\/ru\/produkts\/naturehike-saliekams-grils\/","og_site_name":"GoHike","article_publisher":"https:\/\/www.facebook.com\/gohike.shop\/","article_modified_time":"2025-12-30T14:10:21+00:00","og_image":[{"width":800,"height":800,"url":"https:\/\/gohike.lv\/wp-content\/uploads\/2024\/04\/FoldinBBQgrill_.jpg","type":"image\/jpeg"}],"twitter_card":"summary_large_image","twitter_title":"Naturehike - Saliekams grils","twitter_misc":{"\u041f\u0440\u0438\u043c\u0435\u0440\u043d\u043e\u0435 \u0432\u0440\u0435\u043c\u044f \u0434\u043b\u044f \u0447\u0442\u0435\u043d\u0438\u044f":"1 \u043c\u0438\u043d\u0443\u0442\u0430"},"schema":{"@context":"https:\/\/schema.org","@graph":[{"@type":["WebPage","ItemPage"],"@id":"https:\/\/gohike.lv\/ru\/produkts\/naturehike-saliekams-grils\/","url":"https:\/\/gohike.lv\/ru\/produkts\/naturehike-saliekams-grils\/","name":"Naturehike - Saliekams grils","isPartOf":{"@id":"https:\/\/gohike.lv\/ru\/#website"},"primaryImageOfPage":{"@id":"https:\/\/gohike.lv\/ru\/produkts\/naturehike-saliekams-grils\/#primaryimage"},"image":{"@id":"https:\/\/gohike.lv\/ru\/produkts\/naturehike-saliekams-grils\/#primaryimage"},"thumbnailUrl":"https:\/\/gohike.lv\/wp-content\/uploads\/2024\/04\/FoldinBBQgrill_.jpg","datePublished":"2024-05-07T08:04:30+00:00","dateModified":"2025-12-30T14:10:21+00:00","description":"Naturehike grila cepe\u0161kr\u0101sns ir izgatavota no cinkota dzelzs. Tas \u013cauj gatavot \u0113dienu, izmantojot malku vai ogles, lai \u0113diens gar\u0161otu un smar\u017eotu lab\u0101k nek\u0101 izmantojot g\u0101zes degvielu. Apr\u012bkots ar tr\u012bs deg\u0161anas temperat\u016bras regul\u0113\u0161anas iesp\u0113j\u0101m.","breadcrumb":{"@id":"https:\/\/gohike.lv\/ru\/produkts\/naturehike-saliekams-grils\/#breadcrumb"},"inLanguage":"ru-RU","potentialAction":[{"@type":"ReadAction","target":["https:\/\/gohike.lv\/ru\/produkts\/naturehike-saliekams-grils\/"]}]},{"@type":"ImageObject","inLanguage":"ru-RU","@id":"https:\/\/gohike.lv\/ru\/produkts\/naturehike-saliekams-grils\/#primaryimage","url":"https:\/\/gohike.lv\/wp-content\/uploads\/2024\/04\/FoldinBBQgrill_.jpg","contentUrl":"https:\/\/gohike.lv\/wp-content\/uploads\/2024\/04\/FoldinBBQgrill_.jpg","width":800,"height":800},{"@type":"BreadcrumbList","@id":"https:\/\/gohike.lv\/ru\/produkts\/naturehike-saliekams-grils\/#breadcrumb","itemListElement":[{"@type":"ListItem","position":1,"name":"\u0413\u043b\u0430\u0432\u043d\u0430\u044f","item":"https:\/\/gohike.lv\/ru\/"},{"@type":"ListItem","position":2,"name":"\u041a\u0430\u0442\u0435\u0433\u043e\u0440\u0438\u0438 \u0442\u043e\u0432\u0430\u0440\u043e\u0432","item":"https:\/\/gohike.lv\/%d0%ba%d0%b0%d1%82%d0%b5%d0%b3%d0%be%d1%80%d0%b8%d0%b8-%d1%82%d0%be%d0%b2%d0%b0%d1%80%d0%be%d0%b2\/"},{"@type":"ListItem","position":3,"name":"Naturehike &#8211; Saliekams grils"}]},{"@type":"WebSite","@id":"https:\/\/gohike.lv\/ru\/#website","url":"https:\/\/gohike.lv\/ru\/","name":"GoHike","description":"","publisher":{"@id":"https:\/\/gohike.lv\/ru\/#organization"},"potentialAction":[{"@type":"SearchAction","target":{"@type":"EntryPoint","urlTemplate":"https:\/\/gohike.lv\/ru\/?s={search_term_string}"},"query-input":{"@type":"PropertyValueSpecification","valueRequired":true,"valueName":"search_term_string"}}],"inLanguage":"ru-RU"},{"@type":"Organization","@id":"https:\/\/gohike.lv\/ru\/#organization","name":"GoHike","url":"https:\/\/gohike.lv\/ru\/","logo":{"@type":"ImageObject","inLanguage":"ru-RU","@id":"https:\/\/gohike.lv\/ru\/#\/schema\/logo\/image\/","url":"https:\/\/gohike.lv\/wp-content\/uploads\/2023\/08\/Logo_GoHike.webp","contentUrl":"https:\/\/gohike.lv\/wp-content\/uploads\/2023\/08\/Logo_GoHike.webp","width":512,"height":512,"caption":"GoHike"},"image":{"@id":"https:\/\/gohike.lv\/ru\/#\/schema\/logo\/image\/"},"sameAs":["https:\/\/www.facebook.com\/gohike.shop\/","https:\/\/www.instagram.com\/gohike.shop\/"]}]}},"jetpack_sharing_enabled":true,"_links":{"self":[{"href":"https:\/\/gohike.lv\/ru\/wp-json\/wp\/v2\/product\/52392","targetHints":{"allow":["GET"]}}],"collection":[{"href":"https:\/\/gohike.lv\/ru\/wp-json\/wp\/v2\/product"}],"about":[{"href":"https:\/\/gohike.lv\/ru\/wp-json\/wp\/v2\/types\/product"}],"version-history":[{"count":0,"href":"https:\/\/gohike.lv\/ru\/wp-json\/wp\/v2\/product\/52392\/revisions"}],"wp:featuredmedia":[{"embeddable":true,"href":"https:\/\/gohike.lv\/ru\/wp-json\/wp\/v2\/media\/31182"}],"wp:attachment":[{"href":"https:\/\/gohike.lv\/ru\/wp-json\/wp\/v2\/media?parent=52392"}],"wp:term":[{"taxonomy":"product_brand","embeddable":true,"href":"https:\/\/gohike.lv\/ru\/wp-json\/wp\/v2\/product_brand?post=52392"},{"taxonomy":"product_cat","embeddable":true,"href":"https:\/\/gohike.lv\/ru\/wp-json\/wp\/v2\/product_cat?post=52392"},{"taxonomy":"product_tag","embeddable":true,"href":"https:\/\/gohike.lv\/ru\/wp-json\/wp\/v2\/product_tag?post=52392"}],"curies":[{"name":"wp","href":"https:\/\/api.w.org\/{rel}","templated":true}]}}