{"id":52384,"date":"2024-05-07T11:04:12","date_gmt":"2024-05-07T08:04:12","guid":{"rendered":"https:\/\/gohike.lv\/produkts\/naturehike-trauku-odere\/"},"modified":"2026-02-10T20:05:50","modified_gmt":"2026-02-10T17:05:50","slug":"naturehike-trauku-odere","status":"publish","type":"product","link":"https:\/\/gohike.lv\/ru\/produkts\/naturehike-trauku-odere\/","title":{"rendered":"Naturehike &#8212; Trauku pakl\u0101ji\u0146i"},"content":{"rendered":"<p>Mode\u013ca numurs: NH21PS004.<br \/>\nKr\u0101sa: Br\u016bna<br \/>\nMateri\u0101ls 12A ir biezs un iztur\u012bgs audekls;<br \/>\nIzm\u0113rs:<br \/>\nKatla pakl\u0101ji\u0146\u0161: 24 x 24 cm;<br \/>\n\u0160\u0137\u012bvja pakl\u0101ji\u0146\u0161: 17 x 17 cm;<br \/>\nKr\u016bzes pakl\u0101ji\u0146\u0161: 10 x 10 cm;<br \/>\nSvars: 78g \/\/ 80g \/\/ 30g;<br \/>\nIr siksni\u0146a pakl\u0101ji\u0146a \u017e\u0101v\u0113\u0161anai;<br \/>\nViegli t\u012br\u0101ms;<br \/>\nPiem\u0113rots kempingam\/glampingam vai ikdienas lieto\u0161anai.<\/p>\n","protected":false},"excerpt":{"rendered":"<p>Naturehike galda pamatne\/pakl\u0101ji\u0146\u0161 ir izgatavota no 12A \u016bdensnecaurlaid\u012bga auduma.<br \/>\nIr siksni\u0146a pamatnes \u017e\u0101v\u0113\u0161anai.<\/p>\n","protected":false},"featured_media":31146,"template":"","meta":[],"product_brand":[167],"product_cat":[9447,1012],"product_tag":[],"class_list":{"0":"post-52384","1":"product","2":"type-product","3":"status-publish","4":"has-post-thumbnail","6":"product_brand-naturehike-lv","7":"product_cat-izpardosana","8":"product_cat-virtuves-piederumi","9":"pa_izmers-katlam","10":"pa_izmers-traukiem-2-gab","11":"pa_spalva-bruns","13":"first","14":"instock","15":"sale","16":"taxable","17":"shipping-taxable","18":"purchasable","19":"product-type-variable","20":"has-default-attributes"},"raw_content":{"name":"Naturehike - Trauku pakl\u0101ji\u0146i","description":"Mode\u013ca numurs: NH21PS004.\nKr\u0101sa: Br\u016bna\nMateri\u0101ls 12A ir biezs un iztur\u012bgs audekls;\nIzm\u0113rs:\nKatla pakl\u0101ji\u0146\u0161: 24 x 24 cm;\n\u0160\u0137\u012bvja pakl\u0101ji\u0146\u0161: 17 x 17 cm;\nKr\u016bzes pakl\u0101ji\u0146\u0161: 10 x 10 cm;\nSvars: 78g \/\/ 80g \/\/ 30g;\nIr siksni\u0146a pakl\u0101ji\u0146a \u017e\u0101v\u0113\u0161anai;\nViegli t\u012br\u0101ms;\nPiem\u0113rots kempingam\/glampingam vai ikdienas lieto\u0161anai.","short_description":"Naturehike galda pamatne\/pakl\u0101ji\u0146\u0161 ir izgatavota no 12A \u016bdensnecaurlaid\u012bga auduma.\r\nIr siksni\u0146a pamatnes \u017e\u0101v\u0113\u0161anai.","status":"publish","sku":"nat000078","original":52384},"wpml":{"translation_type":1,"has_translations":true,"original":52384,"duplicates":[],"translations":{"lv":52384,"en":68080,"ru":null}},"supplier_id":null,"supplier_sku":"","barcode":null,"atum_controlled":true,"out_stock_date":null,"out_stock_threshold":null,"inheritable":false,"inbound_stock":0,"stock_on_hold":0,"sold_today":0,"sales_last_days":2,"reserved_stock":0,"customer_returns":0,"warehouse_damage":0,"lost_in_post":0,"other_logs":0,"out_stock_days":0,"lost_sales":0,"has_location":false,"update_date":"2026-02-11T08:27:53","atum_locations":[],"atum_stock_status":"instock","restock_status":false,"low_stock_amount":"","sales_update_date":"2025-11-13T13:36:30","calc_backorders":null,"yoast_head":"<!-- This site is optimized with the Yoast SEO plugin v27.3 - https:\/\/yoast.com\/product\/yoast-seo-wordpress\/ -->\n<title>Naturehike - Trauku pakl\u0101ji\u0146i<\/title>\n<meta name=\"description\" content=\"Naturehike galda pamatne\/pakl\u0101ji\u0146\u0161 ir izgatavota no 12A \u016bdensnecaurlaid\u012bga auduma. Ir siksni\u0146a pamatnes \u017e\u0101v\u0113\u0161anai.\" \/>\n<meta name=\"robots\" content=\"index, follow, max-snippet:-1, max-image-preview:large, max-video-preview:-1\" \/>\n<link rel=\"canonical\" href=\"https:\/\/gohike.lv\/ru\/produkts\/naturehike-trauku-odere\/\" \/>\n<meta property=\"og:locale\" content=\"ru_RU\" \/>\n<meta property=\"og:type\" content=\"article\" \/>\n<meta property=\"og:title\" content=\"Naturehike - Trauku odere\" \/>\n<meta property=\"og:description\" content=\"Naturehike galda pamatne\/pakl\u0101ji\u0146\u0161 ir izgatavota no 12A \u016bdensnecaurlaid\u012bga auduma. Ir siksni\u0146a pamatnes \u017e\u0101v\u0113\u0161anai.\" \/>\n<meta property=\"og:url\" content=\"https:\/\/gohike.lv\/ru\/produkts\/naturehike-trauku-odere\/\" \/>\n<meta property=\"og:site_name\" content=\"GoHike\" \/>\n<meta property=\"article:publisher\" content=\"https:\/\/www.facebook.com\/gohike.shop\/\" \/>\n<meta property=\"article:modified_time\" content=\"2026-02-10T17:05:50+00:00\" \/>\n<meta property=\"og:image\" content=\"https:\/\/gohike.lv\/wp-content\/uploads\/2024\/04\/InselationPad_.jpg\" \/>\n\t<meta property=\"og:image:width\" content=\"900\" \/>\n\t<meta property=\"og:image:height\" content=\"900\" \/>\n\t<meta property=\"og:image:type\" content=\"image\/jpeg\" \/>\n<meta name=\"twitter:card\" content=\"summary_large_image\" \/>\n<meta name=\"twitter:title\" content=\"Naturehike - Trauku odere\" \/>\n<meta name=\"twitter:label1\" content=\"\u041f\u0440\u0438\u043c\u0435\u0440\u043d\u043e\u0435 \u0432\u0440\u0435\u043c\u044f \u0434\u043b\u044f \u0447\u0442\u0435\u043d\u0438\u044f\" \/>\n\t<meta name=\"twitter:data1\" content=\"1 \u043c\u0438\u043d\u0443\u0442\u0430\" \/>\n<script type=\"application\/ld+json\" class=\"yoast-schema-graph\">{\"@context\":\"https:\\\/\\\/schema.org\",\"@graph\":[{\"@type\":[\"WebPage\",\"ItemPage\"],\"@id\":\"https:\\\/\\\/gohike.lv\\\/ru\\\/produkts\\\/naturehike-trauku-odere\\\/\",\"url\":\"https:\\\/\\\/gohike.lv\\\/ru\\\/produkts\\\/naturehike-trauku-odere\\\/\",\"name\":\"Naturehike - Trauku pakl\u0101ji\u0146i\",\"isPartOf\":{\"@id\":\"https:\\\/\\\/gohike.lv\\\/ru\\\/#website\"},\"primaryImageOfPage\":{\"@id\":\"https:\\\/\\\/gohike.lv\\\/ru\\\/produkts\\\/naturehike-trauku-odere\\\/#primaryimage\"},\"image\":{\"@id\":\"https:\\\/\\\/gohike.lv\\\/ru\\\/produkts\\\/naturehike-trauku-odere\\\/#primaryimage\"},\"thumbnailUrl\":\"https:\\\/\\\/gohike.lv\\\/wp-content\\\/uploads\\\/2024\\\/04\\\/InselationPad_.jpg\",\"datePublished\":\"2024-05-07T08:04:12+00:00\",\"dateModified\":\"2026-02-10T17:05:50+00:00\",\"description\":\"Naturehike galda pamatne\\\/pakl\u0101ji\u0146\u0161 ir izgatavota no 12A \u016bdensnecaurlaid\u012bga auduma. Ir siksni\u0146a pamatnes \u017e\u0101v\u0113\u0161anai.\",\"breadcrumb\":{\"@id\":\"https:\\\/\\\/gohike.lv\\\/ru\\\/produkts\\\/naturehike-trauku-odere\\\/#breadcrumb\"},\"inLanguage\":\"ru-RU\",\"potentialAction\":[{\"@type\":\"ReadAction\",\"target\":[\"https:\\\/\\\/gohike.lv\\\/ru\\\/produkts\\\/naturehike-trauku-odere\\\/\"]}]},{\"@type\":\"ImageObject\",\"inLanguage\":\"ru-RU\",\"@id\":\"https:\\\/\\\/gohike.lv\\\/ru\\\/produkts\\\/naturehike-trauku-odere\\\/#primaryimage\",\"url\":\"https:\\\/\\\/gohike.lv\\\/wp-content\\\/uploads\\\/2024\\\/04\\\/InselationPad_.jpg\",\"contentUrl\":\"https:\\\/\\\/gohike.lv\\\/wp-content\\\/uploads\\\/2024\\\/04\\\/InselationPad_.jpg\",\"width\":900,\"height\":900},{\"@type\":\"BreadcrumbList\",\"@id\":\"https:\\\/\\\/gohike.lv\\\/ru\\\/produkts\\\/naturehike-trauku-odere\\\/#breadcrumb\",\"itemListElement\":[{\"@type\":\"ListItem\",\"position\":1,\"name\":\"\u0413\u043b\u0430\u0432\u043d\u0430\u044f\",\"item\":\"https:\\\/\\\/gohike.lv\\\/ru\\\/\"},{\"@type\":\"ListItem\",\"position\":2,\"name\":\"\u041a\u0430\u0442\u0435\u0433\u043e\u0440\u0438\u0438 \u0442\u043e\u0432\u0430\u0440\u043e\u0432\",\"item\":\"https:\\\/\\\/gohike.lv\\\/%d0%ba%d0%b0%d1%82%d0%b5%d0%b3%d0%be%d1%80%d0%b8%d0%b8-%d1%82%d0%be%d0%b2%d0%b0%d1%80%d0%be%d0%b2\\\/\"},{\"@type\":\"ListItem\",\"position\":3,\"name\":\"Naturehike &#8211; Trauku pakl\u0101ji\u0146i\"}]},{\"@type\":\"WebSite\",\"@id\":\"https:\\\/\\\/gohike.lv\\\/ru\\\/#website\",\"url\":\"https:\\\/\\\/gohike.lv\\\/ru\\\/\",\"name\":\"GoHike\",\"description\":\"\",\"publisher\":{\"@id\":\"https:\\\/\\\/gohike.lv\\\/ru\\\/#organization\"},\"potentialAction\":[{\"@type\":\"SearchAction\",\"target\":{\"@type\":\"EntryPoint\",\"urlTemplate\":\"https:\\\/\\\/gohike.lv\\\/ru\\\/?s={search_term_string}\"},\"query-input\":{\"@type\":\"PropertyValueSpecification\",\"valueRequired\":true,\"valueName\":\"search_term_string\"}}],\"inLanguage\":\"ru-RU\"},{\"@type\":\"Organization\",\"@id\":\"https:\\\/\\\/gohike.lv\\\/ru\\\/#organization\",\"name\":\"GoHike\",\"url\":\"https:\\\/\\\/gohike.lv\\\/ru\\\/\",\"logo\":{\"@type\":\"ImageObject\",\"inLanguage\":\"ru-RU\",\"@id\":\"https:\\\/\\\/gohike.lv\\\/ru\\\/#\\\/schema\\\/logo\\\/image\\\/\",\"url\":\"https:\\\/\\\/gohike.lv\\\/wp-content\\\/uploads\\\/2023\\\/08\\\/Logo_GoHike.webp\",\"contentUrl\":\"https:\\\/\\\/gohike.lv\\\/wp-content\\\/uploads\\\/2023\\\/08\\\/Logo_GoHike.webp\",\"width\":512,\"height\":512,\"caption\":\"GoHike\"},\"image\":{\"@id\":\"https:\\\/\\\/gohike.lv\\\/ru\\\/#\\\/schema\\\/logo\\\/image\\\/\"},\"sameAs\":[\"https:\\\/\\\/www.facebook.com\\\/gohike.shop\\\/\",\"https:\\\/\\\/www.instagram.com\\\/gohike.shop\\\/\"]}]}<\/script>\n<!-- \/ Yoast SEO plugin. -->","yoast_head_json":{"title":"Naturehike - Trauku pakl\u0101ji\u0146i","description":"Naturehike galda pamatne\/pakl\u0101ji\u0146\u0161 ir izgatavota no 12A \u016bdensnecaurlaid\u012bga auduma. Ir siksni\u0146a pamatnes \u017e\u0101v\u0113\u0161anai.","robots":{"index":"index","follow":"follow","max-snippet":"max-snippet:-1","max-image-preview":"max-image-preview:large","max-video-preview":"max-video-preview:-1"},"canonical":"https:\/\/gohike.lv\/ru\/produkts\/naturehike-trauku-odere\/","og_locale":"ru_RU","og_type":"article","og_title":"Naturehike - Trauku odere","og_description":"Naturehike galda pamatne\/pakl\u0101ji\u0146\u0161 ir izgatavota no 12A \u016bdensnecaurlaid\u012bga auduma. Ir siksni\u0146a pamatnes \u017e\u0101v\u0113\u0161anai.","og_url":"https:\/\/gohike.lv\/ru\/produkts\/naturehike-trauku-odere\/","og_site_name":"GoHike","article_publisher":"https:\/\/www.facebook.com\/gohike.shop\/","article_modified_time":"2026-02-10T17:05:50+00:00","og_image":[{"width":900,"height":900,"url":"https:\/\/gohike.lv\/wp-content\/uploads\/2024\/04\/InselationPad_.jpg","type":"image\/jpeg"}],"twitter_card":"summary_large_image","twitter_title":"Naturehike - Trauku odere","twitter_misc":{"\u041f\u0440\u0438\u043c\u0435\u0440\u043d\u043e\u0435 \u0432\u0440\u0435\u043c\u044f \u0434\u043b\u044f \u0447\u0442\u0435\u043d\u0438\u044f":"1 \u043c\u0438\u043d\u0443\u0442\u0430"},"schema":{"@context":"https:\/\/schema.org","@graph":[{"@type":["WebPage","ItemPage"],"@id":"https:\/\/gohike.lv\/ru\/produkts\/naturehike-trauku-odere\/","url":"https:\/\/gohike.lv\/ru\/produkts\/naturehike-trauku-odere\/","name":"Naturehike - Trauku pakl\u0101ji\u0146i","isPartOf":{"@id":"https:\/\/gohike.lv\/ru\/#website"},"primaryImageOfPage":{"@id":"https:\/\/gohike.lv\/ru\/produkts\/naturehike-trauku-odere\/#primaryimage"},"image":{"@id":"https:\/\/gohike.lv\/ru\/produkts\/naturehike-trauku-odere\/#primaryimage"},"thumbnailUrl":"https:\/\/gohike.lv\/wp-content\/uploads\/2024\/04\/InselationPad_.jpg","datePublished":"2024-05-07T08:04:12+00:00","dateModified":"2026-02-10T17:05:50+00:00","description":"Naturehike galda pamatne\/pakl\u0101ji\u0146\u0161 ir izgatavota no 12A \u016bdensnecaurlaid\u012bga auduma. Ir siksni\u0146a pamatnes \u017e\u0101v\u0113\u0161anai.","breadcrumb":{"@id":"https:\/\/gohike.lv\/ru\/produkts\/naturehike-trauku-odere\/#breadcrumb"},"inLanguage":"ru-RU","potentialAction":[{"@type":"ReadAction","target":["https:\/\/gohike.lv\/ru\/produkts\/naturehike-trauku-odere\/"]}]},{"@type":"ImageObject","inLanguage":"ru-RU","@id":"https:\/\/gohike.lv\/ru\/produkts\/naturehike-trauku-odere\/#primaryimage","url":"https:\/\/gohike.lv\/wp-content\/uploads\/2024\/04\/InselationPad_.jpg","contentUrl":"https:\/\/gohike.lv\/wp-content\/uploads\/2024\/04\/InselationPad_.jpg","width":900,"height":900},{"@type":"BreadcrumbList","@id":"https:\/\/gohike.lv\/ru\/produkts\/naturehike-trauku-odere\/#breadcrumb","itemListElement":[{"@type":"ListItem","position":1,"name":"\u0413\u043b\u0430\u0432\u043d\u0430\u044f","item":"https:\/\/gohike.lv\/ru\/"},{"@type":"ListItem","position":2,"name":"\u041a\u0430\u0442\u0435\u0433\u043e\u0440\u0438\u0438 \u0442\u043e\u0432\u0430\u0440\u043e\u0432","item":"https:\/\/gohike.lv\/%d0%ba%d0%b0%d1%82%d0%b5%d0%b3%d0%be%d1%80%d0%b8%d0%b8-%d1%82%d0%be%d0%b2%d0%b0%d1%80%d0%be%d0%b2\/"},{"@type":"ListItem","position":3,"name":"Naturehike &#8211; Trauku pakl\u0101ji\u0146i"}]},{"@type":"WebSite","@id":"https:\/\/gohike.lv\/ru\/#website","url":"https:\/\/gohike.lv\/ru\/","name":"GoHike","description":"","publisher":{"@id":"https:\/\/gohike.lv\/ru\/#organization"},"potentialAction":[{"@type":"SearchAction","target":{"@type":"EntryPoint","urlTemplate":"https:\/\/gohike.lv\/ru\/?s={search_term_string}"},"query-input":{"@type":"PropertyValueSpecification","valueRequired":true,"valueName":"search_term_string"}}],"inLanguage":"ru-RU"},{"@type":"Organization","@id":"https:\/\/gohike.lv\/ru\/#organization","name":"GoHike","url":"https:\/\/gohike.lv\/ru\/","logo":{"@type":"ImageObject","inLanguage":"ru-RU","@id":"https:\/\/gohike.lv\/ru\/#\/schema\/logo\/image\/","url":"https:\/\/gohike.lv\/wp-content\/uploads\/2023\/08\/Logo_GoHike.webp","contentUrl":"https:\/\/gohike.lv\/wp-content\/uploads\/2023\/08\/Logo_GoHike.webp","width":512,"height":512,"caption":"GoHike"},"image":{"@id":"https:\/\/gohike.lv\/ru\/#\/schema\/logo\/image\/"},"sameAs":["https:\/\/www.facebook.com\/gohike.shop\/","https:\/\/www.instagram.com\/gohike.shop\/"]}]}},"jetpack_sharing_enabled":true,"_links":{"self":[{"href":"https:\/\/gohike.lv\/ru\/wp-json\/wp\/v2\/product\/52384","targetHints":{"allow":["GET"]}}],"collection":[{"href":"https:\/\/gohike.lv\/ru\/wp-json\/wp\/v2\/product"}],"about":[{"href":"https:\/\/gohike.lv\/ru\/wp-json\/wp\/v2\/types\/product"}],"version-history":[{"count":0,"href":"https:\/\/gohike.lv\/ru\/wp-json\/wp\/v2\/product\/52384\/revisions"}],"wp:featuredmedia":[{"embeddable":true,"href":"https:\/\/gohike.lv\/ru\/wp-json\/wp\/v2\/media\/31146"}],"wp:attachment":[{"href":"https:\/\/gohike.lv\/ru\/wp-json\/wp\/v2\/media?parent=52384"}],"wp:term":[{"taxonomy":"product_brand","embeddable":true,"href":"https:\/\/gohike.lv\/ru\/wp-json\/wp\/v2\/product_brand?post=52384"},{"taxonomy":"product_cat","embeddable":true,"href":"https:\/\/gohike.lv\/ru\/wp-json\/wp\/v2\/product_cat?post=52384"},{"taxonomy":"product_tag","embeddable":true,"href":"https:\/\/gohike.lv\/ru\/wp-json\/wp\/v2\/product_tag?post=52384"}],"curies":[{"name":"wp","href":"https:\/\/api.w.org\/{rel}","templated":true}]}}