{"id":52368,"date":"2024-05-07T11:02:59","date_gmt":"2024-05-07T08:02:59","guid":{"rendered":"https:\/\/gohike.lv\/produkts\/naturehike-veja-vairogs-deglim\/"},"modified":"2026-02-10T20:05:57","modified_gmt":"2026-02-10T17:05:57","slug":"naturehike-veja-vairogs-deglim","status":"publish","type":"product","link":"https:\/\/gohike.lv\/ru\/produkts\/naturehike-veja-vairogs-deglim\/","title":{"rendered":"Naturehike &#8212; V\u0113ja vairogs deglim"},"content":{"rendered":"<p>Dizains ir sp\u0113c\u012bgs, stabils un to var piel\u0101got atbilsto\u0161i vajadz\u012bb\u0101m.<br \/>\nZ\u012bmols: Naturehike;<br \/>\nMode\u013ca numurs:<br \/>\nNH15F008-B (8 pl\u0101ksnes);<br \/>\nNH20CJ008 (10 pl\u0101ksnes);<br \/>\nKr\u0101sa: Sudraba;<br \/>\nMateri\u0101ls: Alum\u012bnija sakaus\u0113jums;<br \/>\nIzm\u0113ri:<br \/>\nNH15F008-B = 24 x 67 cm (atv\u0113rts) \/\/ 24 x 9 cm (saloc\u012bts)<br \/>\nNH20CJ008 = 24 x 84,5 cm (atv\u0113rts) \/\/ 27 x 11,5 cm (saloc\u012bts)<br \/>\nSvars: 200g \/\/ 250g;<br \/>\nProdukta \u012bpa\u0161\u012bbas:<br \/>\nIztur\u012bgas un stabilas e\u0146\u0123es;<br \/>\nIztur\u012b\u0123as pl\u0101ksnes;<br \/>\nUzlabo sadeg\u0161anas efektivit\u0101ti, ietaupa g\u0101zi;<br \/>\nOksidat\u012bv\u0101 virsmas sl\u012bp\u0113\u0161ana nepie\u013cauj r\u016bsas veido\u0161anos;<br \/>\nAbos pl\u0101ksnes galos ir \u0101\u0137a fiksatori;<br \/>\nPiem\u0113rots izmanto\u0161anai kempingos un piknikos.<\/p>\n","protected":false},"excerpt":{"rendered":"<p>Naturehike v\u0113ja aizsargs.<\/p>\n","protected":false},"featured_media":30974,"template":"","meta":[],"product_brand":[167],"product_cat":[951],"product_tag":[],"class_list":{"0":"post-52368","1":"product","2":"type-product","3":"status-publish","4":"has-post-thumbnail","6":"product_brand-naturehike-lv","7":"product_cat-degli-un-degviela","8":"pa_izmers-10-plaksnes","9":"pa_izmers-8-plaksnes","10":"pa_spalva-sudrabs","12":"first","13":"instock","14":"taxable","15":"shipping-taxable","16":"purchasable","17":"product-type-variable","18":"has-default-attributes"},"raw_content":{"name":"Naturehike - V\u0113ja vairogs deglim","description":"Dizains ir sp\u0113c\u012bgs, stabils un to var piel\u0101got atbilsto\u0161i vajadz\u012bb\u0101m.\nZ\u012bmols: Naturehike;\nMode\u013ca numurs:\nNH15F008-B (8 pl\u0101ksnes);\nNH20CJ008 (10 pl\u0101ksnes);\nKr\u0101sa: Sudraba;\nMateri\u0101ls: Alum\u012bnija sakaus\u0113jums;\nIzm\u0113ri:\nNH15F008-B = 24 x 67 cm (atv\u0113rts) \/\/ 24 x 9 cm (saloc\u012bts)\nNH20CJ008 = 24 x 84,5 cm (atv\u0113rts) \/\/ 27 x 11,5 cm (saloc\u012bts)\nSvars: 200g \/\/ 250g;\nProdukta \u012bpa\u0161\u012bbas:\nIztur\u012bgas un stabilas e\u0146\u0123es;\nIztur\u012b\u0123as pl\u0101ksnes;\nUzlabo sadeg\u0161anas efektivit\u0101ti, ietaupa g\u0101zi;\nOksidat\u012bv\u0101 virsmas sl\u012bp\u0113\u0161ana nepie\u013cauj r\u016bsas veido\u0161anos;\nAbos pl\u0101ksnes galos ir \u0101\u0137a fiksatori;\nPiem\u0113rots izmanto\u0161anai kempingos un piknikos.","short_description":"Naturehike v\u0113ja aizsargs.","status":"publish","sku":"nat000074","original":52368},"wpml":{"translation_type":1,"has_translations":true,"original":52368,"duplicates":[],"translations":{"lv":52368,"en":68055,"ru":null}},"supplier_id":null,"supplier_sku":"","barcode":null,"atum_controlled":true,"out_stock_date":null,"out_stock_threshold":null,"inheritable":false,"inbound_stock":0,"stock_on_hold":0,"sold_today":0,"sales_last_days":1,"reserved_stock":0,"customer_returns":0,"warehouse_damage":0,"lost_in_post":0,"other_logs":0,"out_stock_days":0,"lost_sales":0,"has_location":false,"update_date":"2026-02-11T08:27:52","atum_locations":[],"atum_stock_status":"instock","restock_status":false,"low_stock_amount":"","sales_update_date":"2025-11-13T13:36:30","calc_backorders":null,"yoast_head":"<!-- This site is optimized with the Yoast SEO plugin v27.3 - https:\/\/yoast.com\/product\/yoast-seo-wordpress\/ -->\n<title>Naturehike - V\u0113ja vairogs deglim<\/title>\n<meta name=\"description\" content=\"Naturehike v\u0113ja aizsargs. Sp\u0113c\u012bgs, stabils un to var piel\u0101got atbilsto\u0161i vajadz\u012bb\u0101m.\" \/>\n<meta name=\"robots\" content=\"index, follow, max-snippet:-1, max-image-preview:large, max-video-preview:-1\" \/>\n<link rel=\"canonical\" href=\"https:\/\/gohike.lv\/ru\/produkts\/naturehike-veja-vairogs-deglim\/\" \/>\n<meta property=\"og:locale\" content=\"ru_RU\" \/>\n<meta property=\"og:type\" content=\"article\" \/>\n<meta property=\"og:title\" content=\"Naturehike - V\u0113ja vairogs deglim\" \/>\n<meta property=\"og:description\" content=\"Naturehike v\u0113ja aizsargs. Sp\u0113c\u012bgs, stabils un to var piel\u0101got atbilsto\u0161i vajadz\u012bb\u0101m.\" \/>\n<meta property=\"og:url\" content=\"https:\/\/gohike.lv\/ru\/produkts\/naturehike-veja-vairogs-deglim\/\" \/>\n<meta property=\"og:site_name\" content=\"GoHike\" \/>\n<meta property=\"article:publisher\" content=\"https:\/\/www.facebook.com\/gohike.shop\/\" \/>\n<meta property=\"article:modified_time\" content=\"2026-02-10T17:05:57+00:00\" \/>\n<meta property=\"og:image\" content=\"https:\/\/gohike.lv\/wp-content\/uploads\/2024\/04\/StoveWindshield8pcs.webp\" \/>\n\t<meta property=\"og:image:width\" content=\"720\" \/>\n\t<meta property=\"og:image:height\" content=\"720\" \/>\n\t<meta property=\"og:image:type\" content=\"image\/webp\" \/>\n<meta name=\"twitter:card\" content=\"summary_large_image\" \/>\n<meta name=\"twitter:title\" content=\"Naturehike - V\u0113ja vairogs deglim\" \/>\n<meta name=\"twitter:label1\" content=\"\u041f\u0440\u0438\u043c\u0435\u0440\u043d\u043e\u0435 \u0432\u0440\u0435\u043c\u044f \u0434\u043b\u044f \u0447\u0442\u0435\u043d\u0438\u044f\" \/>\n\t<meta name=\"twitter:data1\" content=\"1 \u043c\u0438\u043d\u0443\u0442\u0430\" \/>\n<script type=\"application\/ld+json\" class=\"yoast-schema-graph\">{\"@context\":\"https:\\\/\\\/schema.org\",\"@graph\":[{\"@type\":[\"WebPage\",\"ItemPage\"],\"@id\":\"https:\\\/\\\/gohike.lv\\\/ru\\\/produkts\\\/naturehike-veja-vairogs-deglim\\\/\",\"url\":\"https:\\\/\\\/gohike.lv\\\/ru\\\/produkts\\\/naturehike-veja-vairogs-deglim\\\/\",\"name\":\"Naturehike - V\u0113ja vairogs deglim\",\"isPartOf\":{\"@id\":\"https:\\\/\\\/gohike.lv\\\/ru\\\/#website\"},\"primaryImageOfPage\":{\"@id\":\"https:\\\/\\\/gohike.lv\\\/ru\\\/produkts\\\/naturehike-veja-vairogs-deglim\\\/#primaryimage\"},\"image\":{\"@id\":\"https:\\\/\\\/gohike.lv\\\/ru\\\/produkts\\\/naturehike-veja-vairogs-deglim\\\/#primaryimage\"},\"thumbnailUrl\":\"https:\\\/\\\/gohike.lv\\\/wp-content\\\/uploads\\\/2024\\\/04\\\/StoveWindshield8pcs.webp\",\"datePublished\":\"2024-05-07T08:02:59+00:00\",\"dateModified\":\"2026-02-10T17:05:57+00:00\",\"description\":\"Naturehike v\u0113ja aizsargs. Sp\u0113c\u012bgs, stabils un to var piel\u0101got atbilsto\u0161i vajadz\u012bb\u0101m.\",\"breadcrumb\":{\"@id\":\"https:\\\/\\\/gohike.lv\\\/ru\\\/produkts\\\/naturehike-veja-vairogs-deglim\\\/#breadcrumb\"},\"inLanguage\":\"ru-RU\",\"potentialAction\":[{\"@type\":\"ReadAction\",\"target\":[\"https:\\\/\\\/gohike.lv\\\/ru\\\/produkts\\\/naturehike-veja-vairogs-deglim\\\/\"]}]},{\"@type\":\"ImageObject\",\"inLanguage\":\"ru-RU\",\"@id\":\"https:\\\/\\\/gohike.lv\\\/ru\\\/produkts\\\/naturehike-veja-vairogs-deglim\\\/#primaryimage\",\"url\":\"https:\\\/\\\/gohike.lv\\\/wp-content\\\/uploads\\\/2024\\\/04\\\/StoveWindshield8pcs.webp\",\"contentUrl\":\"https:\\\/\\\/gohike.lv\\\/wp-content\\\/uploads\\\/2024\\\/04\\\/StoveWindshield8pcs.webp\",\"width\":720,\"height\":720},{\"@type\":\"BreadcrumbList\",\"@id\":\"https:\\\/\\\/gohike.lv\\\/ru\\\/produkts\\\/naturehike-veja-vairogs-deglim\\\/#breadcrumb\",\"itemListElement\":[{\"@type\":\"ListItem\",\"position\":1,\"name\":\"\u0413\u043b\u0430\u0432\u043d\u0430\u044f\",\"item\":\"https:\\\/\\\/gohike.lv\\\/ru\\\/\"},{\"@type\":\"ListItem\",\"position\":2,\"name\":\"\u041a\u0430\u0442\u0435\u0433\u043e\u0440\u0438\u0438 \u0442\u043e\u0432\u0430\u0440\u043e\u0432\",\"item\":\"https:\\\/\\\/gohike.lv\\\/%d0%ba%d0%b0%d1%82%d0%b5%d0%b3%d0%be%d1%80%d0%b8%d0%b8-%d1%82%d0%be%d0%b2%d0%b0%d1%80%d0%be%d0%b2\\\/\"},{\"@type\":\"ListItem\",\"position\":3,\"name\":\"Naturehike &#8211; V\u0113ja vairogs deglim\"}]},{\"@type\":\"WebSite\",\"@id\":\"https:\\\/\\\/gohike.lv\\\/ru\\\/#website\",\"url\":\"https:\\\/\\\/gohike.lv\\\/ru\\\/\",\"name\":\"GoHike\",\"description\":\"\",\"publisher\":{\"@id\":\"https:\\\/\\\/gohike.lv\\\/ru\\\/#organization\"},\"potentialAction\":[{\"@type\":\"SearchAction\",\"target\":{\"@type\":\"EntryPoint\",\"urlTemplate\":\"https:\\\/\\\/gohike.lv\\\/ru\\\/?s={search_term_string}\"},\"query-input\":{\"@type\":\"PropertyValueSpecification\",\"valueRequired\":true,\"valueName\":\"search_term_string\"}}],\"inLanguage\":\"ru-RU\"},{\"@type\":\"Organization\",\"@id\":\"https:\\\/\\\/gohike.lv\\\/ru\\\/#organization\",\"name\":\"GoHike\",\"url\":\"https:\\\/\\\/gohike.lv\\\/ru\\\/\",\"logo\":{\"@type\":\"ImageObject\",\"inLanguage\":\"ru-RU\",\"@id\":\"https:\\\/\\\/gohike.lv\\\/ru\\\/#\\\/schema\\\/logo\\\/image\\\/\",\"url\":\"https:\\\/\\\/gohike.lv\\\/wp-content\\\/uploads\\\/2023\\\/08\\\/Logo_GoHike.webp\",\"contentUrl\":\"https:\\\/\\\/gohike.lv\\\/wp-content\\\/uploads\\\/2023\\\/08\\\/Logo_GoHike.webp\",\"width\":512,\"height\":512,\"caption\":\"GoHike\"},\"image\":{\"@id\":\"https:\\\/\\\/gohike.lv\\\/ru\\\/#\\\/schema\\\/logo\\\/image\\\/\"},\"sameAs\":[\"https:\\\/\\\/www.facebook.com\\\/gohike.shop\\\/\",\"https:\\\/\\\/www.instagram.com\\\/gohike.shop\\\/\"]}]}<\/script>\n<!-- \/ Yoast SEO plugin. -->","yoast_head_json":{"title":"Naturehike - V\u0113ja vairogs deglim","description":"Naturehike v\u0113ja aizsargs. Sp\u0113c\u012bgs, stabils un to var piel\u0101got atbilsto\u0161i vajadz\u012bb\u0101m.","robots":{"index":"index","follow":"follow","max-snippet":"max-snippet:-1","max-image-preview":"max-image-preview:large","max-video-preview":"max-video-preview:-1"},"canonical":"https:\/\/gohike.lv\/ru\/produkts\/naturehike-veja-vairogs-deglim\/","og_locale":"ru_RU","og_type":"article","og_title":"Naturehike - V\u0113ja vairogs deglim","og_description":"Naturehike v\u0113ja aizsargs. Sp\u0113c\u012bgs, stabils un to var piel\u0101got atbilsto\u0161i vajadz\u012bb\u0101m.","og_url":"https:\/\/gohike.lv\/ru\/produkts\/naturehike-veja-vairogs-deglim\/","og_site_name":"GoHike","article_publisher":"https:\/\/www.facebook.com\/gohike.shop\/","article_modified_time":"2026-02-10T17:05:57+00:00","og_image":[{"width":720,"height":720,"url":"https:\/\/gohike.lv\/wp-content\/uploads\/2024\/04\/StoveWindshield8pcs.webp","type":"image\/webp"}],"twitter_card":"summary_large_image","twitter_title":"Naturehike - V\u0113ja vairogs deglim","twitter_misc":{"\u041f\u0440\u0438\u043c\u0435\u0440\u043d\u043e\u0435 \u0432\u0440\u0435\u043c\u044f \u0434\u043b\u044f \u0447\u0442\u0435\u043d\u0438\u044f":"1 \u043c\u0438\u043d\u0443\u0442\u0430"},"schema":{"@context":"https:\/\/schema.org","@graph":[{"@type":["WebPage","ItemPage"],"@id":"https:\/\/gohike.lv\/ru\/produkts\/naturehike-veja-vairogs-deglim\/","url":"https:\/\/gohike.lv\/ru\/produkts\/naturehike-veja-vairogs-deglim\/","name":"Naturehike - V\u0113ja vairogs deglim","isPartOf":{"@id":"https:\/\/gohike.lv\/ru\/#website"},"primaryImageOfPage":{"@id":"https:\/\/gohike.lv\/ru\/produkts\/naturehike-veja-vairogs-deglim\/#primaryimage"},"image":{"@id":"https:\/\/gohike.lv\/ru\/produkts\/naturehike-veja-vairogs-deglim\/#primaryimage"},"thumbnailUrl":"https:\/\/gohike.lv\/wp-content\/uploads\/2024\/04\/StoveWindshield8pcs.webp","datePublished":"2024-05-07T08:02:59+00:00","dateModified":"2026-02-10T17:05:57+00:00","description":"Naturehike v\u0113ja aizsargs. Sp\u0113c\u012bgs, stabils un to var piel\u0101got atbilsto\u0161i vajadz\u012bb\u0101m.","breadcrumb":{"@id":"https:\/\/gohike.lv\/ru\/produkts\/naturehike-veja-vairogs-deglim\/#breadcrumb"},"inLanguage":"ru-RU","potentialAction":[{"@type":"ReadAction","target":["https:\/\/gohike.lv\/ru\/produkts\/naturehike-veja-vairogs-deglim\/"]}]},{"@type":"ImageObject","inLanguage":"ru-RU","@id":"https:\/\/gohike.lv\/ru\/produkts\/naturehike-veja-vairogs-deglim\/#primaryimage","url":"https:\/\/gohike.lv\/wp-content\/uploads\/2024\/04\/StoveWindshield8pcs.webp","contentUrl":"https:\/\/gohike.lv\/wp-content\/uploads\/2024\/04\/StoveWindshield8pcs.webp","width":720,"height":720},{"@type":"BreadcrumbList","@id":"https:\/\/gohike.lv\/ru\/produkts\/naturehike-veja-vairogs-deglim\/#breadcrumb","itemListElement":[{"@type":"ListItem","position":1,"name":"\u0413\u043b\u0430\u0432\u043d\u0430\u044f","item":"https:\/\/gohike.lv\/ru\/"},{"@type":"ListItem","position":2,"name":"\u041a\u0430\u0442\u0435\u0433\u043e\u0440\u0438\u0438 \u0442\u043e\u0432\u0430\u0440\u043e\u0432","item":"https:\/\/gohike.lv\/%d0%ba%d0%b0%d1%82%d0%b5%d0%b3%d0%be%d1%80%d0%b8%d0%b8-%d1%82%d0%be%d0%b2%d0%b0%d1%80%d0%be%d0%b2\/"},{"@type":"ListItem","position":3,"name":"Naturehike &#8211; V\u0113ja vairogs deglim"}]},{"@type":"WebSite","@id":"https:\/\/gohike.lv\/ru\/#website","url":"https:\/\/gohike.lv\/ru\/","name":"GoHike","description":"","publisher":{"@id":"https:\/\/gohike.lv\/ru\/#organization"},"potentialAction":[{"@type":"SearchAction","target":{"@type":"EntryPoint","urlTemplate":"https:\/\/gohike.lv\/ru\/?s={search_term_string}"},"query-input":{"@type":"PropertyValueSpecification","valueRequired":true,"valueName":"search_term_string"}}],"inLanguage":"ru-RU"},{"@type":"Organization","@id":"https:\/\/gohike.lv\/ru\/#organization","name":"GoHike","url":"https:\/\/gohike.lv\/ru\/","logo":{"@type":"ImageObject","inLanguage":"ru-RU","@id":"https:\/\/gohike.lv\/ru\/#\/schema\/logo\/image\/","url":"https:\/\/gohike.lv\/wp-content\/uploads\/2023\/08\/Logo_GoHike.webp","contentUrl":"https:\/\/gohike.lv\/wp-content\/uploads\/2023\/08\/Logo_GoHike.webp","width":512,"height":512,"caption":"GoHike"},"image":{"@id":"https:\/\/gohike.lv\/ru\/#\/schema\/logo\/image\/"},"sameAs":["https:\/\/www.facebook.com\/gohike.shop\/","https:\/\/www.instagram.com\/gohike.shop\/"]}]}},"jetpack_sharing_enabled":true,"_links":{"self":[{"href":"https:\/\/gohike.lv\/ru\/wp-json\/wp\/v2\/product\/52368","targetHints":{"allow":["GET"]}}],"collection":[{"href":"https:\/\/gohike.lv\/ru\/wp-json\/wp\/v2\/product"}],"about":[{"href":"https:\/\/gohike.lv\/ru\/wp-json\/wp\/v2\/types\/product"}],"version-history":[{"count":0,"href":"https:\/\/gohike.lv\/ru\/wp-json\/wp\/v2\/product\/52368\/revisions"}],"wp:featuredmedia":[{"embeddable":true,"href":"https:\/\/gohike.lv\/ru\/wp-json\/wp\/v2\/media\/30974"}],"wp:attachment":[{"href":"https:\/\/gohike.lv\/ru\/wp-json\/wp\/v2\/media?parent=52368"}],"wp:term":[{"taxonomy":"product_brand","embeddable":true,"href":"https:\/\/gohike.lv\/ru\/wp-json\/wp\/v2\/product_brand?post=52368"},{"taxonomy":"product_cat","embeddable":true,"href":"https:\/\/gohike.lv\/ru\/wp-json\/wp\/v2\/product_cat?post=52368"},{"taxonomy":"product_tag","embeddable":true,"href":"https:\/\/gohike.lv\/ru\/wp-json\/wp\/v2\/product_tag?post=52368"}],"curies":[{"name":"wp","href":"https:\/\/api.w.org\/{rel}","templated":true}]}}