{"id":52355,"date":"2024-05-07T11:02:32","date_gmt":"2024-05-07T08:02:32","guid":{"rendered":"https:\/\/gohike.lv\/produkts\/naturehike-titana-bloda-ar-vaku\/"},"modified":"2025-11-29T16:41:35","modified_gmt":"2025-11-29T13:41:35","slug":"naturehike-titana-bloda-ar-vaku","status":"publish","type":"product","link":"https:\/\/gohike.lv\/ru\/produkts\/naturehike-titana-bloda-ar-vaku\/","title":{"rendered":"Naturehike &#8212; Tit\u0101na b\u013coda ar v\u0101ku"},"content":{"rendered":"<p>Viegla b\u013coda, ko var pakarin\u0101t pie somas.<br \/>\nViegli t\u012br\u0101ma. Komplekt\u0101 iek\u013cauts v\u0101ks.<br \/>\nIztur\u012bga pret augstu temperat\u016bru, sk\u0101b\u0113m un s\u0101rmiem.<br \/>\nMateri\u0101ls: tit\u0101ns.<\/p>\n","protected":false},"excerpt":{"rendered":"<p>Naturehike tit\u0101na b\u013coda ir \u013coti iztur\u012bga, dro\u0161a lieto\u0161an\u0101 un neatst\u0101j e\u013c\u013cas p\u0113das.<\/p>\n","protected":false},"featured_media":30838,"template":"","meta":[],"product_brand":[167],"product_cat":[9447,1012],"product_tag":[],"class_list":{"0":"post-52355","1":"product","2":"type-product","3":"status-publish","4":"has-post-thumbnail","6":"product_brand-naturehike-lv","7":"product_cat-izpardosana","8":"product_cat-virtuves-piederumi","9":"pa_izmers-350ml","10":"pa_izmers-520ml","11":"pa_produkta-tips-kruzes-un-blodas","13":"first","14":"instock","15":"sale","16":"taxable","17":"shipping-taxable","18":"purchasable","19":"product-type-variable","20":"has-default-attributes"},"raw_content":{"name":"Naturehike - Tit\u0101na b\u013coda ar v\u0101ku","description":"Viegla b\u013coda, ko var pakarin\u0101t pie somas.\nViegli t\u012br\u0101ma. Komplekt\u0101 iek\u013cauts v\u0101ks.\nIztur\u012bga pret augstu temperat\u016bru, sk\u0101b\u0113m un s\u0101rmiem.\nMateri\u0101ls: tit\u0101ns.","short_description":"Naturehike tit\u0101na b\u013coda ir \u013coti iztur\u012bga, dro\u0161a lieto\u0161an\u0101 un neatst\u0101j e\u013c\u013cas p\u0113das.","status":"publish","sku":"nat000071","original":52355},"wpml":{"translation_type":1,"has_translations":true,"original":52355,"duplicates":[],"translations":{"lv":52355,"en":68067,"ru":null}},"supplier_id":null,"supplier_sku":"","barcode":null,"atum_controlled":true,"out_stock_date":null,"out_stock_threshold":null,"inheritable":false,"inbound_stock":0,"stock_on_hold":0,"sold_today":0,"sales_last_days":0,"reserved_stock":0,"customer_returns":0,"warehouse_damage":0,"lost_in_post":0,"other_logs":0,"out_stock_days":0,"lost_sales":0,"has_location":false,"update_date":"2025-11-29T13:41:36","atum_locations":[],"atum_stock_status":"instock","restock_status":false,"low_stock_amount":"","sales_update_date":"2025-11-13T13:36:30","calc_backorders":null,"yoast_head":"<!-- This site is optimized with the Yoast SEO plugin v27.3 - https:\/\/yoast.com\/product\/yoast-seo-wordpress\/ -->\n<title>Naturehike - Tit\u0101na b\u013coda ar v\u0101ku<\/title>\n<meta name=\"description\" content=\"Naturehike tit\u0101na b\u013coda ir \u013coti iztur\u012bga, dro\u0161a lieto\u0161an\u0101 un neatst\u0101j e\u013c\u013cas p\u0113das.\" \/>\n<meta name=\"robots\" content=\"index, follow, max-snippet:-1, max-image-preview:large, max-video-preview:-1\" \/>\n<link rel=\"canonical\" href=\"https:\/\/gohike.lv\/ru\/produkts\/naturehike-titana-bloda-ar-vaku\/\" \/>\n<meta property=\"og:locale\" content=\"ru_RU\" \/>\n<meta property=\"og:type\" content=\"article\" \/>\n<meta property=\"og:title\" content=\"Naturehike - Tit\u0101na b\u013coda ar v\u0101ku\" \/>\n<meta property=\"og:description\" content=\"Naturehike tit\u0101na b\u013coda ir \u013coti iztur\u012bga, dro\u0161a lieto\u0161an\u0101 un neatst\u0101j e\u013c\u013cas p\u0113das.\" \/>\n<meta property=\"og:url\" content=\"https:\/\/gohike.lv\/ru\/produkts\/naturehike-titana-bloda-ar-vaku\/\" \/>\n<meta property=\"og:site_name\" content=\"GoHike\" \/>\n<meta property=\"article:publisher\" content=\"https:\/\/www.facebook.com\/gohike.shop\/\" \/>\n<meta property=\"article:modified_time\" content=\"2025-11-29T13:41:35+00:00\" \/>\n<meta property=\"og:image\" content=\"https:\/\/gohike.lv\/wp-content\/uploads\/2024\/04\/TitaniumBowlWithLid_L.webp\" \/>\n\t<meta property=\"og:image:width\" content=\"800\" \/>\n\t<meta property=\"og:image:height\" content=\"800\" \/>\n\t<meta property=\"og:image:type\" content=\"image\/webp\" \/>\n<meta name=\"twitter:card\" content=\"summary_large_image\" \/>\n<meta name=\"twitter:title\" content=\"Naturehike - Tit\u0101na b\u013coda ar v\u0101ku\" \/>\n<meta name=\"twitter:label1\" content=\"\u041f\u0440\u0438\u043c\u0435\u0440\u043d\u043e\u0435 \u0432\u0440\u0435\u043c\u044f \u0434\u043b\u044f \u0447\u0442\u0435\u043d\u0438\u044f\" \/>\n\t<meta name=\"twitter:data1\" content=\"1 \u043c\u0438\u043d\u0443\u0442\u0430\" \/>\n<script type=\"application\/ld+json\" class=\"yoast-schema-graph\">{\"@context\":\"https:\\\/\\\/schema.org\",\"@graph\":[{\"@type\":[\"WebPage\",\"ItemPage\"],\"@id\":\"https:\\\/\\\/gohike.lv\\\/ru\\\/produkts\\\/naturehike-titana-bloda-ar-vaku\\\/\",\"url\":\"https:\\\/\\\/gohike.lv\\\/ru\\\/produkts\\\/naturehike-titana-bloda-ar-vaku\\\/\",\"name\":\"Naturehike - Tit\u0101na b\u013coda ar v\u0101ku\",\"isPartOf\":{\"@id\":\"https:\\\/\\\/gohike.lv\\\/ru\\\/#website\"},\"primaryImageOfPage\":{\"@id\":\"https:\\\/\\\/gohike.lv\\\/ru\\\/produkts\\\/naturehike-titana-bloda-ar-vaku\\\/#primaryimage\"},\"image\":{\"@id\":\"https:\\\/\\\/gohike.lv\\\/ru\\\/produkts\\\/naturehike-titana-bloda-ar-vaku\\\/#primaryimage\"},\"thumbnailUrl\":\"https:\\\/\\\/gohike.lv\\\/wp-content\\\/uploads\\\/2024\\\/04\\\/TitaniumBowlWithLid_L.webp\",\"datePublished\":\"2024-05-07T08:02:32+00:00\",\"dateModified\":\"2025-11-29T13:41:35+00:00\",\"description\":\"Naturehike tit\u0101na b\u013coda ir \u013coti iztur\u012bga, dro\u0161a lieto\u0161an\u0101 un neatst\u0101j e\u013c\u013cas p\u0113das.\",\"breadcrumb\":{\"@id\":\"https:\\\/\\\/gohike.lv\\\/ru\\\/produkts\\\/naturehike-titana-bloda-ar-vaku\\\/#breadcrumb\"},\"inLanguage\":\"ru-RU\",\"potentialAction\":[{\"@type\":\"ReadAction\",\"target\":[\"https:\\\/\\\/gohike.lv\\\/ru\\\/produkts\\\/naturehike-titana-bloda-ar-vaku\\\/\"]}]},{\"@type\":\"ImageObject\",\"inLanguage\":\"ru-RU\",\"@id\":\"https:\\\/\\\/gohike.lv\\\/ru\\\/produkts\\\/naturehike-titana-bloda-ar-vaku\\\/#primaryimage\",\"url\":\"https:\\\/\\\/gohike.lv\\\/wp-content\\\/uploads\\\/2024\\\/04\\\/TitaniumBowlWithLid_L.webp\",\"contentUrl\":\"https:\\\/\\\/gohike.lv\\\/wp-content\\\/uploads\\\/2024\\\/04\\\/TitaniumBowlWithLid_L.webp\",\"width\":800,\"height\":800},{\"@type\":\"BreadcrumbList\",\"@id\":\"https:\\\/\\\/gohike.lv\\\/ru\\\/produkts\\\/naturehike-titana-bloda-ar-vaku\\\/#breadcrumb\",\"itemListElement\":[{\"@type\":\"ListItem\",\"position\":1,\"name\":\"\u0413\u043b\u0430\u0432\u043d\u0430\u044f\",\"item\":\"https:\\\/\\\/gohike.lv\\\/ru\\\/\"},{\"@type\":\"ListItem\",\"position\":2,\"name\":\"\u041a\u0430\u0442\u0435\u0433\u043e\u0440\u0438\u0438 \u0442\u043e\u0432\u0430\u0440\u043e\u0432\",\"item\":\"https:\\\/\\\/gohike.lv\\\/%d0%ba%d0%b0%d1%82%d0%b5%d0%b3%d0%be%d1%80%d0%b8%d0%b8-%d1%82%d0%be%d0%b2%d0%b0%d1%80%d0%be%d0%b2\\\/\"},{\"@type\":\"ListItem\",\"position\":3,\"name\":\"Naturehike &#8211; Tit\u0101na b\u013coda ar v\u0101ku\"}]},{\"@type\":\"WebSite\",\"@id\":\"https:\\\/\\\/gohike.lv\\\/ru\\\/#website\",\"url\":\"https:\\\/\\\/gohike.lv\\\/ru\\\/\",\"name\":\"GoHike\",\"description\":\"\",\"publisher\":{\"@id\":\"https:\\\/\\\/gohike.lv\\\/ru\\\/#organization\"},\"potentialAction\":[{\"@type\":\"SearchAction\",\"target\":{\"@type\":\"EntryPoint\",\"urlTemplate\":\"https:\\\/\\\/gohike.lv\\\/ru\\\/?s={search_term_string}\"},\"query-input\":{\"@type\":\"PropertyValueSpecification\",\"valueRequired\":true,\"valueName\":\"search_term_string\"}}],\"inLanguage\":\"ru-RU\"},{\"@type\":\"Organization\",\"@id\":\"https:\\\/\\\/gohike.lv\\\/ru\\\/#organization\",\"name\":\"GoHike\",\"url\":\"https:\\\/\\\/gohike.lv\\\/ru\\\/\",\"logo\":{\"@type\":\"ImageObject\",\"inLanguage\":\"ru-RU\",\"@id\":\"https:\\\/\\\/gohike.lv\\\/ru\\\/#\\\/schema\\\/logo\\\/image\\\/\",\"url\":\"https:\\\/\\\/gohike.lv\\\/wp-content\\\/uploads\\\/2023\\\/08\\\/Logo_GoHike.webp\",\"contentUrl\":\"https:\\\/\\\/gohike.lv\\\/wp-content\\\/uploads\\\/2023\\\/08\\\/Logo_GoHike.webp\",\"width\":512,\"height\":512,\"caption\":\"GoHike\"},\"image\":{\"@id\":\"https:\\\/\\\/gohike.lv\\\/ru\\\/#\\\/schema\\\/logo\\\/image\\\/\"},\"sameAs\":[\"https:\\\/\\\/www.facebook.com\\\/gohike.shop\\\/\",\"https:\\\/\\\/www.instagram.com\\\/gohike.shop\\\/\"]}]}<\/script>\n<!-- \/ Yoast SEO plugin. -->","yoast_head_json":{"title":"Naturehike - Tit\u0101na b\u013coda ar v\u0101ku","description":"Naturehike tit\u0101na b\u013coda ir \u013coti iztur\u012bga, dro\u0161a lieto\u0161an\u0101 un neatst\u0101j e\u013c\u013cas p\u0113das.","robots":{"index":"index","follow":"follow","max-snippet":"max-snippet:-1","max-image-preview":"max-image-preview:large","max-video-preview":"max-video-preview:-1"},"canonical":"https:\/\/gohike.lv\/ru\/produkts\/naturehike-titana-bloda-ar-vaku\/","og_locale":"ru_RU","og_type":"article","og_title":"Naturehike - Tit\u0101na b\u013coda ar v\u0101ku","og_description":"Naturehike tit\u0101na b\u013coda ir \u013coti iztur\u012bga, dro\u0161a lieto\u0161an\u0101 un neatst\u0101j e\u013c\u013cas p\u0113das.","og_url":"https:\/\/gohike.lv\/ru\/produkts\/naturehike-titana-bloda-ar-vaku\/","og_site_name":"GoHike","article_publisher":"https:\/\/www.facebook.com\/gohike.shop\/","article_modified_time":"2025-11-29T13:41:35+00:00","og_image":[{"width":800,"height":800,"url":"https:\/\/gohike.lv\/wp-content\/uploads\/2024\/04\/TitaniumBowlWithLid_L.webp","type":"image\/webp"}],"twitter_card":"summary_large_image","twitter_title":"Naturehike - Tit\u0101na b\u013coda ar v\u0101ku","twitter_misc":{"\u041f\u0440\u0438\u043c\u0435\u0440\u043d\u043e\u0435 \u0432\u0440\u0435\u043c\u044f \u0434\u043b\u044f \u0447\u0442\u0435\u043d\u0438\u044f":"1 \u043c\u0438\u043d\u0443\u0442\u0430"},"schema":{"@context":"https:\/\/schema.org","@graph":[{"@type":["WebPage","ItemPage"],"@id":"https:\/\/gohike.lv\/ru\/produkts\/naturehike-titana-bloda-ar-vaku\/","url":"https:\/\/gohike.lv\/ru\/produkts\/naturehike-titana-bloda-ar-vaku\/","name":"Naturehike - Tit\u0101na b\u013coda ar v\u0101ku","isPartOf":{"@id":"https:\/\/gohike.lv\/ru\/#website"},"primaryImageOfPage":{"@id":"https:\/\/gohike.lv\/ru\/produkts\/naturehike-titana-bloda-ar-vaku\/#primaryimage"},"image":{"@id":"https:\/\/gohike.lv\/ru\/produkts\/naturehike-titana-bloda-ar-vaku\/#primaryimage"},"thumbnailUrl":"https:\/\/gohike.lv\/wp-content\/uploads\/2024\/04\/TitaniumBowlWithLid_L.webp","datePublished":"2024-05-07T08:02:32+00:00","dateModified":"2025-11-29T13:41:35+00:00","description":"Naturehike tit\u0101na b\u013coda ir \u013coti iztur\u012bga, dro\u0161a lieto\u0161an\u0101 un neatst\u0101j e\u013c\u013cas p\u0113das.","breadcrumb":{"@id":"https:\/\/gohike.lv\/ru\/produkts\/naturehike-titana-bloda-ar-vaku\/#breadcrumb"},"inLanguage":"ru-RU","potentialAction":[{"@type":"ReadAction","target":["https:\/\/gohike.lv\/ru\/produkts\/naturehike-titana-bloda-ar-vaku\/"]}]},{"@type":"ImageObject","inLanguage":"ru-RU","@id":"https:\/\/gohike.lv\/ru\/produkts\/naturehike-titana-bloda-ar-vaku\/#primaryimage","url":"https:\/\/gohike.lv\/wp-content\/uploads\/2024\/04\/TitaniumBowlWithLid_L.webp","contentUrl":"https:\/\/gohike.lv\/wp-content\/uploads\/2024\/04\/TitaniumBowlWithLid_L.webp","width":800,"height":800},{"@type":"BreadcrumbList","@id":"https:\/\/gohike.lv\/ru\/produkts\/naturehike-titana-bloda-ar-vaku\/#breadcrumb","itemListElement":[{"@type":"ListItem","position":1,"name":"\u0413\u043b\u0430\u0432\u043d\u0430\u044f","item":"https:\/\/gohike.lv\/ru\/"},{"@type":"ListItem","position":2,"name":"\u041a\u0430\u0442\u0435\u0433\u043e\u0440\u0438\u0438 \u0442\u043e\u0432\u0430\u0440\u043e\u0432","item":"https:\/\/gohike.lv\/%d0%ba%d0%b0%d1%82%d0%b5%d0%b3%d0%be%d1%80%d0%b8%d0%b8-%d1%82%d0%be%d0%b2%d0%b0%d1%80%d0%be%d0%b2\/"},{"@type":"ListItem","position":3,"name":"Naturehike &#8211; Tit\u0101na b\u013coda ar v\u0101ku"}]},{"@type":"WebSite","@id":"https:\/\/gohike.lv\/ru\/#website","url":"https:\/\/gohike.lv\/ru\/","name":"GoHike","description":"","publisher":{"@id":"https:\/\/gohike.lv\/ru\/#organization"},"potentialAction":[{"@type":"SearchAction","target":{"@type":"EntryPoint","urlTemplate":"https:\/\/gohike.lv\/ru\/?s={search_term_string}"},"query-input":{"@type":"PropertyValueSpecification","valueRequired":true,"valueName":"search_term_string"}}],"inLanguage":"ru-RU"},{"@type":"Organization","@id":"https:\/\/gohike.lv\/ru\/#organization","name":"GoHike","url":"https:\/\/gohike.lv\/ru\/","logo":{"@type":"ImageObject","inLanguage":"ru-RU","@id":"https:\/\/gohike.lv\/ru\/#\/schema\/logo\/image\/","url":"https:\/\/gohike.lv\/wp-content\/uploads\/2023\/08\/Logo_GoHike.webp","contentUrl":"https:\/\/gohike.lv\/wp-content\/uploads\/2023\/08\/Logo_GoHike.webp","width":512,"height":512,"caption":"GoHike"},"image":{"@id":"https:\/\/gohike.lv\/ru\/#\/schema\/logo\/image\/"},"sameAs":["https:\/\/www.facebook.com\/gohike.shop\/","https:\/\/www.instagram.com\/gohike.shop\/"]}]}},"jetpack_sharing_enabled":true,"_links":{"self":[{"href":"https:\/\/gohike.lv\/ru\/wp-json\/wp\/v2\/product\/52355","targetHints":{"allow":["GET"]}}],"collection":[{"href":"https:\/\/gohike.lv\/ru\/wp-json\/wp\/v2\/product"}],"about":[{"href":"https:\/\/gohike.lv\/ru\/wp-json\/wp\/v2\/types\/product"}],"version-history":[{"count":0,"href":"https:\/\/gohike.lv\/ru\/wp-json\/wp\/v2\/product\/52355\/revisions"}],"wp:featuredmedia":[{"embeddable":true,"href":"https:\/\/gohike.lv\/ru\/wp-json\/wp\/v2\/media\/30838"}],"wp:attachment":[{"href":"https:\/\/gohike.lv\/ru\/wp-json\/wp\/v2\/media?parent=52355"}],"wp:term":[{"taxonomy":"product_brand","embeddable":true,"href":"https:\/\/gohike.lv\/ru\/wp-json\/wp\/v2\/product_brand?post=52355"},{"taxonomy":"product_cat","embeddable":true,"href":"https:\/\/gohike.lv\/ru\/wp-json\/wp\/v2\/product_cat?post=52355"},{"taxonomy":"product_tag","embeddable":true,"href":"https:\/\/gohike.lv\/ru\/wp-json\/wp\/v2\/product_tag?post=52355"}],"curies":[{"name":"wp","href":"https:\/\/api.w.org\/{rel}","templated":true}]}}