{"id":52337,"date":"2024-05-07T11:01:55","date_gmt":"2024-05-07T08:01:55","guid":{"rendered":"https:\/\/gohike.lv\/produkts\/naturehike-titana-bloda\/"},"modified":"2025-12-30T17:25:06","modified_gmt":"2025-12-30T14:25:06","slug":"naturehike-titana-bloda","status":"publish","type":"product","link":"https:\/\/gohike.lv\/ru\/produkts\/naturehike-titana-bloda\/","title":{"rendered":"Naturehike &#8212; Tit\u0101na b\u013coda"},"content":{"rendered":"<p>B\u013coda ir \u013coti viegla.<br \/>\nB\u013codas ra\u017eo\u0161an\u0101 izmantotais dro\u0161ais tit\u0101na sakaus\u0113jums neizdala kait\u012bgas vielas un neuzs\u016bc smakas.<br \/>\nAugsta karstumiztur\u012bba papla\u0161ina b\u013codas izmanto\u0161anas iesp\u0113jas, \u013caujot gatavot uz atkl\u0101tas uguns un baud\u012bt siltu \u0113dienu jebkur\u0101 laik\u0101.<br \/>\nIztur\u012bgais tit\u0101ns ne tikai padara izstr\u0101d\u0101jumu vieglu, bet ar\u012b nodro\u0161ina t\u0101 iztur\u012bbu pret koroziju.<br \/>\n\u0112rts rokturis funkcion\u0113 k\u0101 tur\u0113t\u0101js, k\u0101 ar\u012b var tikt izmantots k\u0101 \u0101\u0137is piekarin\u0101\u0161anai uz mugursomas vai gatavo\u0161anas zon\u0101. Komplekt\u0101 soma transport\u0113\u0161anai.<\/p>\n","protected":false},"excerpt":{"rendered":"<p>Naturehike tit\u0101na b\u013coda k\u013c\u016bs par neaizst\u0101jamu pal\u012bgu visda\u017e\u0101d\u0101kajos apst\u0101k\u013cos.<\/p>\n","protected":false},"featured_media":30696,"template":"","meta":[],"product_brand":[13432],"product_cat":[12743],"product_tag":[],"class_list":{"0":"post-52337","1":"product","2":"type-product","3":"status-publish","4":"has-post-thumbnail","6":"product_brand-naturehike-ru","7":"product_cat-12743","8":"pa_produkta-tips-12740","9":"pa_size-300ml","10":"pa_size-450ml","12":"first","13":"instock","14":"taxable","15":"shipping-taxable","16":"purchasable","17":"product-type-variable"},"raw_content":{"name":"Naturehike - Tit\u0101na b\u013coda","description":"B\u013coda ir \u013coti viegla.\nB\u013codas ra\u017eo\u0161an\u0101 izmantotais dro\u0161ais tit\u0101na sakaus\u0113jums neizdala kait\u012bgas vielas un neuzs\u016bc smakas.\nAugsta karstumiztur\u012bba papla\u0161ina b\u013codas izmanto\u0161anas iesp\u0113jas, \u013caujot gatavot uz atkl\u0101tas uguns un baud\u012bt siltu \u0113dienu jebkur\u0101 laik\u0101.\nIztur\u012bgais tit\u0101ns ne tikai padara izstr\u0101d\u0101jumu vieglu, bet ar\u012b nodro\u0161ina t\u0101 iztur\u012bbu pret koroziju.\n\u0112rts rokturis funkcion\u0113 k\u0101 tur\u0113t\u0101js, k\u0101 ar\u012b var tikt izmantots k\u0101 \u0101\u0137is piekarin\u0101\u0161anai uz mugursomas vai gatavo\u0161anas zon\u0101. Komplekt\u0101 soma transport\u0113\u0161anai.","short_description":"Naturehike tit\u0101na b\u013coda k\u013c\u016bs par neaizst\u0101jamu pal\u012bgu visda\u017e\u0101d\u0101kajos apst\u0101k\u013cos.","status":"publish","sku":"nat000067","original":52337},"wpml":{"translation_type":1,"has_translations":true,"original":52337,"duplicates":[],"translations":{"lv":52337,"en":68039,"ru":null}},"supplier_id":null,"supplier_sku":"","barcode":null,"atum_controlled":true,"out_stock_date":null,"out_stock_threshold":null,"inheritable":false,"inbound_stock":0,"stock_on_hold":0,"sold_today":0,"sales_last_days":0,"reserved_stock":0,"customer_returns":0,"warehouse_damage":0,"lost_in_post":0,"other_logs":0,"out_stock_days":0,"lost_sales":0,"has_location":false,"update_date":"2025-12-30T14:30:41","atum_locations":[],"atum_stock_status":"instock","restock_status":false,"low_stock_amount":"","sales_update_date":"2025-11-13T13:36:29","calc_backorders":null,"yoast_head":"<!-- This site is optimized with the Yoast SEO plugin v27.3 - https:\/\/yoast.com\/product\/yoast-seo-wordpress\/ -->\n<title>Naturehike - Tit\u0101na b\u013coda<\/title>\n<meta name=\"description\" content=\"Naturehike tit\u0101na b\u013coda k\u013c\u016bs par neaizst\u0101jamu pal\u012bgu visda\u017e\u0101d\u0101kajos apst\u0101k\u013cos.\" \/>\n<meta name=\"robots\" content=\"index, follow, max-snippet:-1, max-image-preview:large, max-video-preview:-1\" \/>\n<link rel=\"canonical\" href=\"https:\/\/gohike.lv\/ru\/produkts\/naturehike-titana-bloda\/\" \/>\n<meta property=\"og:locale\" content=\"ru_RU\" \/>\n<meta property=\"og:type\" content=\"article\" \/>\n<meta property=\"og:title\" content=\"Naturehike - Tit\u0101na b\u013coda\" \/>\n<meta property=\"og:description\" content=\"Naturehike tit\u0101na b\u013coda k\u013c\u016bs par neaizst\u0101jamu pal\u012bgu visda\u017e\u0101d\u0101kajos apst\u0101k\u013cos.\" \/>\n<meta property=\"og:url\" content=\"https:\/\/gohike.lv\/ru\/produkts\/naturehike-titana-bloda\/\" \/>\n<meta property=\"og:site_name\" content=\"GoHike\" \/>\n<meta property=\"article:publisher\" content=\"https:\/\/www.facebook.com\/gohike.shop\/\" \/>\n<meta property=\"article:modified_time\" content=\"2025-12-30T14:25:06+00:00\" \/>\n<meta property=\"og:image\" content=\"https:\/\/gohike.lv\/wp-content\/uploads\/2024\/04\/HangingTitaniumBowl300.webp\" \/>\n\t<meta property=\"og:image:width\" content=\"1024\" \/>\n\t<meta property=\"og:image:height\" content=\"1024\" \/>\n\t<meta property=\"og:image:type\" content=\"image\/webp\" \/>\n<meta name=\"twitter:card\" content=\"summary_large_image\" \/>\n<meta name=\"twitter:title\" content=\"Naturehike - Tit\u0101na b\u013coda\" \/>\n<meta name=\"twitter:label1\" content=\"\u041f\u0440\u0438\u043c\u0435\u0440\u043d\u043e\u0435 \u0432\u0440\u0435\u043c\u044f \u0434\u043b\u044f \u0447\u0442\u0435\u043d\u0438\u044f\" \/>\n\t<meta name=\"twitter:data1\" content=\"1 \u043c\u0438\u043d\u0443\u0442\u0430\" \/>\n<script type=\"application\/ld+json\" class=\"yoast-schema-graph\">{\"@context\":\"https:\\\/\\\/schema.org\",\"@graph\":[{\"@type\":[\"WebPage\",\"ItemPage\"],\"@id\":\"https:\\\/\\\/gohike.lv\\\/ru\\\/produkts\\\/naturehike-titana-bloda\\\/\",\"url\":\"https:\\\/\\\/gohike.lv\\\/ru\\\/produkts\\\/naturehike-titana-bloda\\\/\",\"name\":\"Naturehike - Tit\u0101na b\u013coda\",\"isPartOf\":{\"@id\":\"https:\\\/\\\/gohike.lv\\\/ru\\\/#website\"},\"primaryImageOfPage\":{\"@id\":\"https:\\\/\\\/gohike.lv\\\/ru\\\/produkts\\\/naturehike-titana-bloda\\\/#primaryimage\"},\"image\":{\"@id\":\"https:\\\/\\\/gohike.lv\\\/ru\\\/produkts\\\/naturehike-titana-bloda\\\/#primaryimage\"},\"thumbnailUrl\":\"https:\\\/\\\/gohike.lv\\\/wp-content\\\/uploads\\\/2024\\\/04\\\/HangingTitaniumBowl300.webp\",\"datePublished\":\"2024-05-07T08:01:55+00:00\",\"dateModified\":\"2025-12-30T14:25:06+00:00\",\"description\":\"Naturehike tit\u0101na b\u013coda k\u013c\u016bs par neaizst\u0101jamu pal\u012bgu visda\u017e\u0101d\u0101kajos apst\u0101k\u013cos.\",\"breadcrumb\":{\"@id\":\"https:\\\/\\\/gohike.lv\\\/ru\\\/produkts\\\/naturehike-titana-bloda\\\/#breadcrumb\"},\"inLanguage\":\"ru-RU\",\"potentialAction\":[{\"@type\":\"ReadAction\",\"target\":[\"https:\\\/\\\/gohike.lv\\\/ru\\\/produkts\\\/naturehike-titana-bloda\\\/\"]}]},{\"@type\":\"ImageObject\",\"inLanguage\":\"ru-RU\",\"@id\":\"https:\\\/\\\/gohike.lv\\\/ru\\\/produkts\\\/naturehike-titana-bloda\\\/#primaryimage\",\"url\":\"https:\\\/\\\/gohike.lv\\\/wp-content\\\/uploads\\\/2024\\\/04\\\/HangingTitaniumBowl300.webp\",\"contentUrl\":\"https:\\\/\\\/gohike.lv\\\/wp-content\\\/uploads\\\/2024\\\/04\\\/HangingTitaniumBowl300.webp\",\"width\":1024,\"height\":1024},{\"@type\":\"BreadcrumbList\",\"@id\":\"https:\\\/\\\/gohike.lv\\\/ru\\\/produkts\\\/naturehike-titana-bloda\\\/#breadcrumb\",\"itemListElement\":[{\"@type\":\"ListItem\",\"position\":1,\"name\":\"\u0413\u043b\u0430\u0432\u043d\u0430\u044f\",\"item\":\"https:\\\/\\\/gohike.lv\\\/ru\\\/\"},{\"@type\":\"ListItem\",\"position\":2,\"name\":\"\u041a\u0430\u0442\u0435\u0433\u043e\u0440\u0438\u0438 \u0442\u043e\u0432\u0430\u0440\u043e\u0432\",\"item\":\"https:\\\/\\\/gohike.lv\\\/%d0%ba%d0%b0%d1%82%d0%b5%d0%b3%d0%be%d1%80%d0%b8%d0%b8-%d1%82%d0%be%d0%b2%d0%b0%d1%80%d0%be%d0%b2\\\/\"},{\"@type\":\"ListItem\",\"position\":3,\"name\":\"Naturehike &#8211; Tit\u0101na b\u013coda\"}]},{\"@type\":\"WebSite\",\"@id\":\"https:\\\/\\\/gohike.lv\\\/ru\\\/#website\",\"url\":\"https:\\\/\\\/gohike.lv\\\/ru\\\/\",\"name\":\"GoHike\",\"description\":\"\",\"publisher\":{\"@id\":\"https:\\\/\\\/gohike.lv\\\/ru\\\/#organization\"},\"potentialAction\":[{\"@type\":\"SearchAction\",\"target\":{\"@type\":\"EntryPoint\",\"urlTemplate\":\"https:\\\/\\\/gohike.lv\\\/ru\\\/?s={search_term_string}\"},\"query-input\":{\"@type\":\"PropertyValueSpecification\",\"valueRequired\":true,\"valueName\":\"search_term_string\"}}],\"inLanguage\":\"ru-RU\"},{\"@type\":\"Organization\",\"@id\":\"https:\\\/\\\/gohike.lv\\\/ru\\\/#organization\",\"name\":\"GoHike\",\"url\":\"https:\\\/\\\/gohike.lv\\\/ru\\\/\",\"logo\":{\"@type\":\"ImageObject\",\"inLanguage\":\"ru-RU\",\"@id\":\"https:\\\/\\\/gohike.lv\\\/ru\\\/#\\\/schema\\\/logo\\\/image\\\/\",\"url\":\"https:\\\/\\\/gohike.lv\\\/wp-content\\\/uploads\\\/2023\\\/08\\\/Logo_GoHike.webp\",\"contentUrl\":\"https:\\\/\\\/gohike.lv\\\/wp-content\\\/uploads\\\/2023\\\/08\\\/Logo_GoHike.webp\",\"width\":512,\"height\":512,\"caption\":\"GoHike\"},\"image\":{\"@id\":\"https:\\\/\\\/gohike.lv\\\/ru\\\/#\\\/schema\\\/logo\\\/image\\\/\"},\"sameAs\":[\"https:\\\/\\\/www.facebook.com\\\/gohike.shop\\\/\",\"https:\\\/\\\/www.instagram.com\\\/gohike.shop\\\/\"]}]}<\/script>\n<!-- \/ Yoast SEO plugin. -->","yoast_head_json":{"title":"Naturehike - Tit\u0101na b\u013coda","description":"Naturehike tit\u0101na b\u013coda k\u013c\u016bs par neaizst\u0101jamu pal\u012bgu visda\u017e\u0101d\u0101kajos apst\u0101k\u013cos.","robots":{"index":"index","follow":"follow","max-snippet":"max-snippet:-1","max-image-preview":"max-image-preview:large","max-video-preview":"max-video-preview:-1"},"canonical":"https:\/\/gohike.lv\/ru\/produkts\/naturehike-titana-bloda\/","og_locale":"ru_RU","og_type":"article","og_title":"Naturehike - Tit\u0101na b\u013coda","og_description":"Naturehike tit\u0101na b\u013coda k\u013c\u016bs par neaizst\u0101jamu pal\u012bgu visda\u017e\u0101d\u0101kajos apst\u0101k\u013cos.","og_url":"https:\/\/gohike.lv\/ru\/produkts\/naturehike-titana-bloda\/","og_site_name":"GoHike","article_publisher":"https:\/\/www.facebook.com\/gohike.shop\/","article_modified_time":"2025-12-30T14:25:06+00:00","og_image":[{"width":1024,"height":1024,"url":"https:\/\/gohike.lv\/wp-content\/uploads\/2024\/04\/HangingTitaniumBowl300.webp","type":"image\/webp"}],"twitter_card":"summary_large_image","twitter_title":"Naturehike - Tit\u0101na b\u013coda","twitter_misc":{"\u041f\u0440\u0438\u043c\u0435\u0440\u043d\u043e\u0435 \u0432\u0440\u0435\u043c\u044f \u0434\u043b\u044f \u0447\u0442\u0435\u043d\u0438\u044f":"1 \u043c\u0438\u043d\u0443\u0442\u0430"},"schema":{"@context":"https:\/\/schema.org","@graph":[{"@type":["WebPage","ItemPage"],"@id":"https:\/\/gohike.lv\/ru\/produkts\/naturehike-titana-bloda\/","url":"https:\/\/gohike.lv\/ru\/produkts\/naturehike-titana-bloda\/","name":"Naturehike - Tit\u0101na b\u013coda","isPartOf":{"@id":"https:\/\/gohike.lv\/ru\/#website"},"primaryImageOfPage":{"@id":"https:\/\/gohike.lv\/ru\/produkts\/naturehike-titana-bloda\/#primaryimage"},"image":{"@id":"https:\/\/gohike.lv\/ru\/produkts\/naturehike-titana-bloda\/#primaryimage"},"thumbnailUrl":"https:\/\/gohike.lv\/wp-content\/uploads\/2024\/04\/HangingTitaniumBowl300.webp","datePublished":"2024-05-07T08:01:55+00:00","dateModified":"2025-12-30T14:25:06+00:00","description":"Naturehike tit\u0101na b\u013coda k\u013c\u016bs par neaizst\u0101jamu pal\u012bgu visda\u017e\u0101d\u0101kajos apst\u0101k\u013cos.","breadcrumb":{"@id":"https:\/\/gohike.lv\/ru\/produkts\/naturehike-titana-bloda\/#breadcrumb"},"inLanguage":"ru-RU","potentialAction":[{"@type":"ReadAction","target":["https:\/\/gohike.lv\/ru\/produkts\/naturehike-titana-bloda\/"]}]},{"@type":"ImageObject","inLanguage":"ru-RU","@id":"https:\/\/gohike.lv\/ru\/produkts\/naturehike-titana-bloda\/#primaryimage","url":"https:\/\/gohike.lv\/wp-content\/uploads\/2024\/04\/HangingTitaniumBowl300.webp","contentUrl":"https:\/\/gohike.lv\/wp-content\/uploads\/2024\/04\/HangingTitaniumBowl300.webp","width":1024,"height":1024},{"@type":"BreadcrumbList","@id":"https:\/\/gohike.lv\/ru\/produkts\/naturehike-titana-bloda\/#breadcrumb","itemListElement":[{"@type":"ListItem","position":1,"name":"\u0413\u043b\u0430\u0432\u043d\u0430\u044f","item":"https:\/\/gohike.lv\/ru\/"},{"@type":"ListItem","position":2,"name":"\u041a\u0430\u0442\u0435\u0433\u043e\u0440\u0438\u0438 \u0442\u043e\u0432\u0430\u0440\u043e\u0432","item":"https:\/\/gohike.lv\/%d0%ba%d0%b0%d1%82%d0%b5%d0%b3%d0%be%d1%80%d0%b8%d0%b8-%d1%82%d0%be%d0%b2%d0%b0%d1%80%d0%be%d0%b2\/"},{"@type":"ListItem","position":3,"name":"Naturehike &#8211; Tit\u0101na b\u013coda"}]},{"@type":"WebSite","@id":"https:\/\/gohike.lv\/ru\/#website","url":"https:\/\/gohike.lv\/ru\/","name":"GoHike","description":"","publisher":{"@id":"https:\/\/gohike.lv\/ru\/#organization"},"potentialAction":[{"@type":"SearchAction","target":{"@type":"EntryPoint","urlTemplate":"https:\/\/gohike.lv\/ru\/?s={search_term_string}"},"query-input":{"@type":"PropertyValueSpecification","valueRequired":true,"valueName":"search_term_string"}}],"inLanguage":"ru-RU"},{"@type":"Organization","@id":"https:\/\/gohike.lv\/ru\/#organization","name":"GoHike","url":"https:\/\/gohike.lv\/ru\/","logo":{"@type":"ImageObject","inLanguage":"ru-RU","@id":"https:\/\/gohike.lv\/ru\/#\/schema\/logo\/image\/","url":"https:\/\/gohike.lv\/wp-content\/uploads\/2023\/08\/Logo_GoHike.webp","contentUrl":"https:\/\/gohike.lv\/wp-content\/uploads\/2023\/08\/Logo_GoHike.webp","width":512,"height":512,"caption":"GoHike"},"image":{"@id":"https:\/\/gohike.lv\/ru\/#\/schema\/logo\/image\/"},"sameAs":["https:\/\/www.facebook.com\/gohike.shop\/","https:\/\/www.instagram.com\/gohike.shop\/"]}]}},"jetpack_sharing_enabled":true,"_links":{"self":[{"href":"https:\/\/gohike.lv\/ru\/wp-json\/wp\/v2\/product\/52337","targetHints":{"allow":["GET"]}}],"collection":[{"href":"https:\/\/gohike.lv\/ru\/wp-json\/wp\/v2\/product"}],"about":[{"href":"https:\/\/gohike.lv\/ru\/wp-json\/wp\/v2\/types\/product"}],"version-history":[{"count":0,"href":"https:\/\/gohike.lv\/ru\/wp-json\/wp\/v2\/product\/52337\/revisions"}],"wp:featuredmedia":[{"embeddable":true,"href":"https:\/\/gohike.lv\/ru\/wp-json\/wp\/v2\/media\/30696"}],"wp:attachment":[{"href":"https:\/\/gohike.lv\/ru\/wp-json\/wp\/v2\/media?parent=52337"}],"wp:term":[{"taxonomy":"product_brand","embeddable":true,"href":"https:\/\/gohike.lv\/ru\/wp-json\/wp\/v2\/product_brand?post=52337"},{"taxonomy":"product_cat","embeddable":true,"href":"https:\/\/gohike.lv\/ru\/wp-json\/wp\/v2\/product_cat?post=52337"},{"taxonomy":"product_tag","embeddable":true,"href":"https:\/\/gohike.lv\/ru\/wp-json\/wp\/v2\/product_tag?post=52337"}],"curies":[{"name":"wp","href":"https:\/\/api.w.org\/{rel}","templated":true}]}}