{"id":45878,"date":"2024-04-29T14:17:38","date_gmt":"2024-04-29T11:17:38","guid":{"rendered":"https:\/\/gohike.lv\/produkts\/naturehike-mongar-kempinga-telts-20d-2p\/"},"modified":"2025-12-30T17:25:06","modified_gmt":"2025-12-30T14:25:06","slug":"naturehike-mongar-kempinga-telts-20d-2p","status":"publish","type":"product","link":"https:\/\/gohike.lv\/ru\/produkts\/naturehike-mongar-kempinga-telts-20d-2p\/","title":{"rendered":"Naturehike &#8212; Mongar kempinga telts 20D &#8212; 2p"},"content":{"rendered":"<p>T\u0101 ir viegla, iztur\u012bga un lietus necaurlaid\u012bga.<br \/>\nViegli un \u0113rti p\u0101rn\u0113s\u0101jama, mazs, saliekams maisi\u0146\u0161 \u013cauj \u0113rti n\u0113s\u0101t l\u012bdzi ce\u013cojumos ar mugursomu.<br \/>\nAugstas kvalit\u0101tes audumi: 20D rip-stop neilons ar 7001 alum\u012bnija stieni padara \u0161o telti lietusiztur\u012bgu, v\u0113ja necaurlaid\u012bgu un elpojo\u0161u.<br \/>\nTeltij ir priek\u0161\u0113jie un aizmugur\u0113jie konvekcijas logi, k\u0101 ar\u012b aizsliet\u0146a ventil\u0101cijas logi ab\u0101s durvju pus\u0113s, veidojot ap\u013cveida ventil\u0101cijas sist\u0113mu.<br \/>\nUzlabota aizsardz\u012bba: divk\u0101r\u0161s r\u0101v\u0113jsl\u0113dz\u0113js, alum\u012bnija sakaus\u0113juma fiks\u0113ta spr\u0101dze, dubults \u0101\u0137is.<br \/>\nVienk\u0101r\u0161a uzst\u0101d\u012b\u0161ana: Y veida telts strukt\u016bra ir \u013coti vienk\u0101r\u0161a.<br \/>\nCilv\u0113ki, kuri izmanto \u0161o telti pirmo reizi, var \u0101tri uzcelt telti.<br \/>\nTeltij ir iesp\u0113jams ieg\u0101d\u0101ties papildus priek\u0161telpu mantu glab\u0101\u0161anai.<\/p>\n","protected":false},"excerpt":{"rendered":"<p>Viegla un \u016bdensnecaurlaid\u012bga telts, lai komfortabli izbaud\u012btu piedz\u012bvojumus pie dabas.<\/p>\n","protected":false},"featured_media":26627,"template":"","meta":[],"product_brand":[167],"product_cat":[1817],"product_tag":[],"class_list":{"0":"post-45878","1":"product","2":"type-product","3":"status-publish","4":"has-post-thumbnail","6":"product_brand-naturehike-lv","7":"product_cat-teltis-un-tenti","8":"pa_aksesuari-triszaru-sarkana-aluminija-slipeta-smaile-x1-veja-trose-x4","9":"pa_ieksejais-materials-20d-neilons-parklats-ar-silikonu","10":"pa_kapacitate-2-cilveki","11":"pa_produkta-tips-pargajienu-teltis","12":"pa_spalva-balts-zals","13":"pa_spalva-peleks","14":"pa_spalva-violets","15":"pa_spalva-zals","16":"pa_stabi-7001-aluminijs","17":"pa_telts-materials-20d-neilons-parklats-ar-silikonu","18":"pa_tikla-materials-b3-elpojoss-siets","20":"first","21":"instock","22":"taxable","23":"shipping-taxable","24":"purchasable","25":"product-type-variable","26":"has-default-attributes"},"raw_content":{"name":"Naturehike - Mongar kempinga telts 20D - 2p","description":"T\u0101 ir viegla, iztur\u012bga un lietus necaurlaid\u012bga.\nViegli un \u0113rti p\u0101rn\u0113s\u0101jama, mazs, saliekams maisi\u0146\u0161 \u013cauj \u0113rti n\u0113s\u0101t l\u012bdzi ce\u013cojumos ar mugursomu.\nAugstas kvalit\u0101tes audumi: 20D rip-stop neilons ar 7001 alum\u012bnija stieni padara \u0161o telti lietusiztur\u012bgu, v\u0113ja necaurlaid\u012bgu un elpojo\u0161u.\nTeltij ir priek\u0161\u0113jie un aizmugur\u0113jie konvekcijas logi, k\u0101 ar\u012b aizsliet\u0146a ventil\u0101cijas logi ab\u0101s durvju pus\u0113s, veidojot ap\u013cveida ventil\u0101cijas sist\u0113mu.\nUzlabota aizsardz\u012bba: divk\u0101r\u0161s r\u0101v\u0113jsl\u0113dz\u0113js, alum\u012bnija sakaus\u0113juma fiks\u0113ta spr\u0101dze, dubults \u0101\u0137is.\nVienk\u0101r\u0161a uzst\u0101d\u012b\u0161ana: Y veida telts strukt\u016bra ir \u013coti vienk\u0101r\u0161a.\nCilv\u0113ki, kuri izmanto \u0161o telti pirmo reizi, var \u0101tri uzcelt telti.\nTeltij ir iesp\u0113jams ieg\u0101d\u0101ties papildus priek\u0161telpu mantu glab\u0101\u0161anai.","short_description":"Viegla un \u016bdensnecaurlaid\u012bga telts, lai komfortabli izbaud\u012btu piedz\u012bvojumus pie dabas.","status":"publish","sku":"nat000050","original":45878},"wpml":{"translation_type":1,"has_translations":true,"original":45878,"duplicates":[],"translations":{"lv":45878,"en":68033,"ru":null}},"supplier_id":null,"supplier_sku":"","barcode":null,"atum_controlled":true,"out_stock_date":null,"out_stock_threshold":null,"inheritable":false,"inbound_stock":0,"stock_on_hold":0,"sold_today":0,"sales_last_days":0,"reserved_stock":0,"customer_returns":0,"warehouse_damage":0,"lost_in_post":0,"other_logs":0,"out_stock_days":0,"lost_sales":0,"has_location":false,"update_date":"2025-12-30T14:30:41","atum_locations":[],"atum_stock_status":"instock","restock_status":false,"low_stock_amount":"","sales_update_date":"2025-11-13T13:36:29","calc_backorders":null,"yoast_head":"<!-- This site is optimized with the Yoast SEO plugin v27.3 - https:\/\/yoast.com\/product\/yoast-seo-wordpress\/ -->\n<title>Naturehike - Mongar kempinga telts 20D - 2p<\/title>\n<meta name=\"description\" content=\"Viegla un \u016bdensnecaurlaid\u012bga telts, lai komfortabli izbaud\u012btu piedz\u012bvojumus pie dabas.\" \/>\n<meta name=\"robots\" content=\"index, follow, max-snippet:-1, max-image-preview:large, max-video-preview:-1\" \/>\n<link rel=\"canonical\" href=\"https:\/\/gohike.lv\/ru\/produkts\/naturehike-mongar-kempinga-telts-20d-2p\/\" \/>\n<meta property=\"og:locale\" content=\"ru_RU\" \/>\n<meta property=\"og:type\" content=\"article\" \/>\n<meta property=\"og:title\" content=\"Naturehike -\" \/>\n<meta property=\"og:description\" content=\"Viegla un \u016bdensnecaurlaid\u012bga telts, lai komfortabli izbaud\u012btu piedz\u012bvojumus pie dabas.\" \/>\n<meta property=\"og:url\" content=\"https:\/\/gohike.lv\/ru\/produkts\/naturehike-mongar-kempinga-telts-20d-2p\/\" \/>\n<meta property=\"og:site_name\" content=\"GoHike\" \/>\n<meta property=\"article:publisher\" content=\"https:\/\/www.facebook.com\/gohike.shop\/\" \/>\n<meta property=\"article:modified_time\" content=\"2025-12-30T14:25:06+00:00\" \/>\n<meta property=\"og:image\" content=\"https:\/\/gohike.lv\/wp-content\/uploads\/2024\/03\/Mongar_2people_Camp_grey.webp\" \/>\n\t<meta property=\"og:image:width\" content=\"800\" \/>\n\t<meta property=\"og:image:height\" content=\"800\" \/>\n\t<meta property=\"og:image:type\" content=\"image\/webp\" \/>\n<meta name=\"twitter:card\" content=\"summary_large_image\" \/>\n<meta name=\"twitter:title\" content=\"Naturehike -\" \/>\n<meta name=\"twitter:label1\" content=\"\u041f\u0440\u0438\u043c\u0435\u0440\u043d\u043e\u0435 \u0432\u0440\u0435\u043c\u044f \u0434\u043b\u044f \u0447\u0442\u0435\u043d\u0438\u044f\" \/>\n\t<meta name=\"twitter:data1\" content=\"1 \u043c\u0438\u043d\u0443\u0442\u0430\" \/>\n<script type=\"application\/ld+json\" class=\"yoast-schema-graph\">{\"@context\":\"https:\\\/\\\/schema.org\",\"@graph\":[{\"@type\":[\"WebPage\",\"ItemPage\"],\"@id\":\"https:\\\/\\\/gohike.lv\\\/ru\\\/produkts\\\/naturehike-mongar-kempinga-telts-20d-2p\\\/\",\"url\":\"https:\\\/\\\/gohike.lv\\\/ru\\\/produkts\\\/naturehike-mongar-kempinga-telts-20d-2p\\\/\",\"name\":\"Naturehike - Mongar kempinga telts 20D - 2p\",\"isPartOf\":{\"@id\":\"https:\\\/\\\/gohike.lv\\\/ru\\\/#website\"},\"primaryImageOfPage\":{\"@id\":\"https:\\\/\\\/gohike.lv\\\/ru\\\/produkts\\\/naturehike-mongar-kempinga-telts-20d-2p\\\/#primaryimage\"},\"image\":{\"@id\":\"https:\\\/\\\/gohike.lv\\\/ru\\\/produkts\\\/naturehike-mongar-kempinga-telts-20d-2p\\\/#primaryimage\"},\"thumbnailUrl\":\"https:\\\/\\\/gohike.lv\\\/wp-content\\\/uploads\\\/2024\\\/03\\\/Mongar_2people_Camp_grey.webp\",\"datePublished\":\"2024-04-29T11:17:38+00:00\",\"dateModified\":\"2025-12-30T14:25:06+00:00\",\"description\":\"Viegla un \u016bdensnecaurlaid\u012bga telts, lai komfortabli izbaud\u012btu piedz\u012bvojumus pie dabas.\",\"breadcrumb\":{\"@id\":\"https:\\\/\\\/gohike.lv\\\/ru\\\/produkts\\\/naturehike-mongar-kempinga-telts-20d-2p\\\/#breadcrumb\"},\"inLanguage\":\"ru-RU\",\"potentialAction\":[{\"@type\":\"ReadAction\",\"target\":[\"https:\\\/\\\/gohike.lv\\\/ru\\\/produkts\\\/naturehike-mongar-kempinga-telts-20d-2p\\\/\"]}]},{\"@type\":\"ImageObject\",\"inLanguage\":\"ru-RU\",\"@id\":\"https:\\\/\\\/gohike.lv\\\/ru\\\/produkts\\\/naturehike-mongar-kempinga-telts-20d-2p\\\/#primaryimage\",\"url\":\"https:\\\/\\\/gohike.lv\\\/wp-content\\\/uploads\\\/2024\\\/03\\\/Mongar_2people_Camp_grey.webp\",\"contentUrl\":\"https:\\\/\\\/gohike.lv\\\/wp-content\\\/uploads\\\/2024\\\/03\\\/Mongar_2people_Camp_grey.webp\",\"width\":800,\"height\":800},{\"@type\":\"BreadcrumbList\",\"@id\":\"https:\\\/\\\/gohike.lv\\\/ru\\\/produkts\\\/naturehike-mongar-kempinga-telts-20d-2p\\\/#breadcrumb\",\"itemListElement\":[{\"@type\":\"ListItem\",\"position\":1,\"name\":\"\u0413\u043b\u0430\u0432\u043d\u0430\u044f\",\"item\":\"https:\\\/\\\/gohike.lv\\\/ru\\\/\"},{\"@type\":\"ListItem\",\"position\":2,\"name\":\"\u041a\u0430\u0442\u0435\u0433\u043e\u0440\u0438\u0438 \u0442\u043e\u0432\u0430\u0440\u043e\u0432\",\"item\":\"https:\\\/\\\/gohike.lv\\\/%d0%ba%d0%b0%d1%82%d0%b5%d0%b3%d0%be%d1%80%d0%b8%d0%b8-%d1%82%d0%be%d0%b2%d0%b0%d1%80%d0%be%d0%b2\\\/\"},{\"@type\":\"ListItem\",\"position\":3,\"name\":\"Naturehike &#8211; Mongar kempinga telts 20D &#8211; 2p\"}]},{\"@type\":\"WebSite\",\"@id\":\"https:\\\/\\\/gohike.lv\\\/ru\\\/#website\",\"url\":\"https:\\\/\\\/gohike.lv\\\/ru\\\/\",\"name\":\"GoHike\",\"description\":\"\",\"publisher\":{\"@id\":\"https:\\\/\\\/gohike.lv\\\/ru\\\/#organization\"},\"potentialAction\":[{\"@type\":\"SearchAction\",\"target\":{\"@type\":\"EntryPoint\",\"urlTemplate\":\"https:\\\/\\\/gohike.lv\\\/ru\\\/?s={search_term_string}\"},\"query-input\":{\"@type\":\"PropertyValueSpecification\",\"valueRequired\":true,\"valueName\":\"search_term_string\"}}],\"inLanguage\":\"ru-RU\"},{\"@type\":\"Organization\",\"@id\":\"https:\\\/\\\/gohike.lv\\\/ru\\\/#organization\",\"name\":\"GoHike\",\"url\":\"https:\\\/\\\/gohike.lv\\\/ru\\\/\",\"logo\":{\"@type\":\"ImageObject\",\"inLanguage\":\"ru-RU\",\"@id\":\"https:\\\/\\\/gohike.lv\\\/ru\\\/#\\\/schema\\\/logo\\\/image\\\/\",\"url\":\"https:\\\/\\\/gohike.lv\\\/wp-content\\\/uploads\\\/2023\\\/08\\\/Logo_GoHike.webp\",\"contentUrl\":\"https:\\\/\\\/gohike.lv\\\/wp-content\\\/uploads\\\/2023\\\/08\\\/Logo_GoHike.webp\",\"width\":512,\"height\":512,\"caption\":\"GoHike\"},\"image\":{\"@id\":\"https:\\\/\\\/gohike.lv\\\/ru\\\/#\\\/schema\\\/logo\\\/image\\\/\"},\"sameAs\":[\"https:\\\/\\\/www.facebook.com\\\/gohike.shop\\\/\",\"https:\\\/\\\/www.instagram.com\\\/gohike.shop\\\/\"]}]}<\/script>\n<!-- \/ Yoast SEO plugin. -->","yoast_head_json":{"title":"Naturehike - Mongar kempinga telts 20D - 2p","description":"Viegla un \u016bdensnecaurlaid\u012bga telts, lai komfortabli izbaud\u012btu piedz\u012bvojumus pie dabas.","robots":{"index":"index","follow":"follow","max-snippet":"max-snippet:-1","max-image-preview":"max-image-preview:large","max-video-preview":"max-video-preview:-1"},"canonical":"https:\/\/gohike.lv\/ru\/produkts\/naturehike-mongar-kempinga-telts-20d-2p\/","og_locale":"ru_RU","og_type":"article","og_title":"Naturehike -","og_description":"Viegla un \u016bdensnecaurlaid\u012bga telts, lai komfortabli izbaud\u012btu piedz\u012bvojumus pie dabas.","og_url":"https:\/\/gohike.lv\/ru\/produkts\/naturehike-mongar-kempinga-telts-20d-2p\/","og_site_name":"GoHike","article_publisher":"https:\/\/www.facebook.com\/gohike.shop\/","article_modified_time":"2025-12-30T14:25:06+00:00","og_image":[{"width":800,"height":800,"url":"https:\/\/gohike.lv\/wp-content\/uploads\/2024\/03\/Mongar_2people_Camp_grey.webp","type":"image\/webp"}],"twitter_card":"summary_large_image","twitter_title":"Naturehike -","twitter_misc":{"\u041f\u0440\u0438\u043c\u0435\u0440\u043d\u043e\u0435 \u0432\u0440\u0435\u043c\u044f \u0434\u043b\u044f \u0447\u0442\u0435\u043d\u0438\u044f":"1 \u043c\u0438\u043d\u0443\u0442\u0430"},"schema":{"@context":"https:\/\/schema.org","@graph":[{"@type":["WebPage","ItemPage"],"@id":"https:\/\/gohike.lv\/ru\/produkts\/naturehike-mongar-kempinga-telts-20d-2p\/","url":"https:\/\/gohike.lv\/ru\/produkts\/naturehike-mongar-kempinga-telts-20d-2p\/","name":"Naturehike - Mongar kempinga telts 20D - 2p","isPartOf":{"@id":"https:\/\/gohike.lv\/ru\/#website"},"primaryImageOfPage":{"@id":"https:\/\/gohike.lv\/ru\/produkts\/naturehike-mongar-kempinga-telts-20d-2p\/#primaryimage"},"image":{"@id":"https:\/\/gohike.lv\/ru\/produkts\/naturehike-mongar-kempinga-telts-20d-2p\/#primaryimage"},"thumbnailUrl":"https:\/\/gohike.lv\/wp-content\/uploads\/2024\/03\/Mongar_2people_Camp_grey.webp","datePublished":"2024-04-29T11:17:38+00:00","dateModified":"2025-12-30T14:25:06+00:00","description":"Viegla un \u016bdensnecaurlaid\u012bga telts, lai komfortabli izbaud\u012btu piedz\u012bvojumus pie dabas.","breadcrumb":{"@id":"https:\/\/gohike.lv\/ru\/produkts\/naturehike-mongar-kempinga-telts-20d-2p\/#breadcrumb"},"inLanguage":"ru-RU","potentialAction":[{"@type":"ReadAction","target":["https:\/\/gohike.lv\/ru\/produkts\/naturehike-mongar-kempinga-telts-20d-2p\/"]}]},{"@type":"ImageObject","inLanguage":"ru-RU","@id":"https:\/\/gohike.lv\/ru\/produkts\/naturehike-mongar-kempinga-telts-20d-2p\/#primaryimage","url":"https:\/\/gohike.lv\/wp-content\/uploads\/2024\/03\/Mongar_2people_Camp_grey.webp","contentUrl":"https:\/\/gohike.lv\/wp-content\/uploads\/2024\/03\/Mongar_2people_Camp_grey.webp","width":800,"height":800},{"@type":"BreadcrumbList","@id":"https:\/\/gohike.lv\/ru\/produkts\/naturehike-mongar-kempinga-telts-20d-2p\/#breadcrumb","itemListElement":[{"@type":"ListItem","position":1,"name":"\u0413\u043b\u0430\u0432\u043d\u0430\u044f","item":"https:\/\/gohike.lv\/ru\/"},{"@type":"ListItem","position":2,"name":"\u041a\u0430\u0442\u0435\u0433\u043e\u0440\u0438\u0438 \u0442\u043e\u0432\u0430\u0440\u043e\u0432","item":"https:\/\/gohike.lv\/%d0%ba%d0%b0%d1%82%d0%b5%d0%b3%d0%be%d1%80%d0%b8%d0%b8-%d1%82%d0%be%d0%b2%d0%b0%d1%80%d0%be%d0%b2\/"},{"@type":"ListItem","position":3,"name":"Naturehike &#8211; Mongar kempinga telts 20D &#8211; 2p"}]},{"@type":"WebSite","@id":"https:\/\/gohike.lv\/ru\/#website","url":"https:\/\/gohike.lv\/ru\/","name":"GoHike","description":"","publisher":{"@id":"https:\/\/gohike.lv\/ru\/#organization"},"potentialAction":[{"@type":"SearchAction","target":{"@type":"EntryPoint","urlTemplate":"https:\/\/gohike.lv\/ru\/?s={search_term_string}"},"query-input":{"@type":"PropertyValueSpecification","valueRequired":true,"valueName":"search_term_string"}}],"inLanguage":"ru-RU"},{"@type":"Organization","@id":"https:\/\/gohike.lv\/ru\/#organization","name":"GoHike","url":"https:\/\/gohike.lv\/ru\/","logo":{"@type":"ImageObject","inLanguage":"ru-RU","@id":"https:\/\/gohike.lv\/ru\/#\/schema\/logo\/image\/","url":"https:\/\/gohike.lv\/wp-content\/uploads\/2023\/08\/Logo_GoHike.webp","contentUrl":"https:\/\/gohike.lv\/wp-content\/uploads\/2023\/08\/Logo_GoHike.webp","width":512,"height":512,"caption":"GoHike"},"image":{"@id":"https:\/\/gohike.lv\/ru\/#\/schema\/logo\/image\/"},"sameAs":["https:\/\/www.facebook.com\/gohike.shop\/","https:\/\/www.instagram.com\/gohike.shop\/"]}]}},"jetpack_sharing_enabled":true,"_links":{"self":[{"href":"https:\/\/gohike.lv\/ru\/wp-json\/wp\/v2\/product\/45878","targetHints":{"allow":["GET"]}}],"collection":[{"href":"https:\/\/gohike.lv\/ru\/wp-json\/wp\/v2\/product"}],"about":[{"href":"https:\/\/gohike.lv\/ru\/wp-json\/wp\/v2\/types\/product"}],"version-history":[{"count":0,"href":"https:\/\/gohike.lv\/ru\/wp-json\/wp\/v2\/product\/45878\/revisions"}],"wp:featuredmedia":[{"embeddable":true,"href":"https:\/\/gohike.lv\/ru\/wp-json\/wp\/v2\/media\/26627"}],"wp:attachment":[{"href":"https:\/\/gohike.lv\/ru\/wp-json\/wp\/v2\/media?parent=45878"}],"wp:term":[{"taxonomy":"product_brand","embeddable":true,"href":"https:\/\/gohike.lv\/ru\/wp-json\/wp\/v2\/product_brand?post=45878"},{"taxonomy":"product_cat","embeddable":true,"href":"https:\/\/gohike.lv\/ru\/wp-json\/wp\/v2\/product_cat?post=45878"},{"taxonomy":"product_tag","embeddable":true,"href":"https:\/\/gohike.lv\/ru\/wp-json\/wp\/v2\/product_tag?post=45878"}],"curies":[{"name":"wp","href":"https:\/\/api.w.org\/{rel}","templated":true}]}}