{"id":45859,"date":"2024-04-29T14:17:04","date_gmt":"2024-04-29T11:17:04","guid":{"rendered":"https:\/\/gohike.lv\/produkts\/naturehike-cloud-up-kempinga-teltst-210t-1p\/"},"modified":"2025-12-30T17:25:06","modified_gmt":"2025-12-30T14:25:06","slug":"naturehike-cloud-up-kempinga-teltst-210t-1p","status":"publish","type":"product","link":"https:\/\/gohike.lv\/ru\/produkts\/naturehike-cloud-up-kempinga-teltst-210t-1p\/","title":{"rendered":"Naturehike &#8212; Cloud Up 1 telts 210T &#8212; 1p"},"content":{"rendered":"<p>Viegla telts, t\u0101 sver aptuveni 1.6 kg un ir optim\u0101la izv\u0113le kempingam br\u012bv\u0101 dab\u0101.<br \/>\nTelts priek\u0161telpa padara telti liel\u0101ku un tur ir iesp\u0113jams novietot p\u0101rg\u0101jienu somas un citas mantas.<br \/>\n7001 alum\u012bnija stabi padara telti vieglu, bet taj\u0101 pa\u0161\u0101 laik\u0101 iztur\u012bgu.<br \/>\nIzgatavota no viegla 210T poliestera r\u016btaina auduma materi\u0101la, kas kalpo k\u0101 \u016bdensnecaurlaid\u012bgs materi\u0101ls un nodro\u0161ina komfortablu uztur\u0113\u0161anos telt\u012b ar\u012b lietus laik\u0101.<br \/>\nT\u012bkla dizains: B3 sieta dizains &#8212; lab\u0101kai gaisa caurlaid\u012bbai un aizsardz\u012bbai pret odiem.<br \/>\nVienk\u0101r\u0161a uzst\u0101d\u012b\u0161ana: izmantojot instrukciju, kas pievienota \u0101r\u0113j\u0101s somas iek\u0161pus\u0113, telti var uzst\u0101d\u012bt \u0101tri un vienk\u0101r\u0161i pat viens cilv\u0113ks.<br \/>\nIek\u013cauts: sloksne, telts korpuss, stabi, zemes mieti\u0146i, auklas, foot print.<br \/>\nIek\u0161\u0113j\u0101 telt\u012b ir \u0101\u0137is, pie k\u0101 var piekarin\u0101t da\u017e\u0101dus piederumus.<br \/>\nStingri T-savienojumi un augstas iztur\u012bbas divgalvu piekaram\u0101 spr\u0101dze palielina telts iztur\u012bbu.<\/p>\n","protected":false},"excerpt":{"rendered":"<p>Ja mekl\u0113jat \u012bpa\u0161i vieglu telti, kas neaiz\u0146em daudz vietu un ir viegli p\u0101rvietojama, k\u0101 ar\u012b augstas kvalit\u0101tes produktu, tad Naturehike Cloud Up s\u0113rijas teltis ir J\u016bsu lab\u0101k\u0101 izv\u0113le.<\/p>\n","protected":false},"featured_media":26601,"template":"","meta":[],"product_brand":[167],"product_cat":[1817],"product_tag":[],"class_list":{"0":"post-45859","1":"product","2":"type-product","3":"status-publish","4":"has-post-thumbnail","6":"product_brand-naturehike-lv","7":"product_cat-teltis-un-tenti","8":"pa_aksesuari-ground-nail-x12-guy-linex3","9":"pa_ieksejais-materials-150d-oksfordas-audums","10":"pa_izmeriscm-10014","11":"pa_kapacitate-1-cilveks","12":"pa_produkta-tips-pargajienu-teltis","13":"pa_spalva-oranzs","14":"pa_spalva-zals","15":"pa_stabi-7001-aluminijs","16":"pa_telts-materials-210t-poliestera-rutains-audums","17":"pa_telts-materials-pu3000mm","18":"pa_tikla-materials-b3-elpojoss-siets","20":"first","21":"instock","22":"taxable","23":"shipping-taxable","24":"purchasable","25":"product-type-variable"},"raw_content":{"name":"Naturehike - Cloud Up 1 telts 210T - 1p","description":"Viegla telts, t\u0101 sver aptuveni 1.6 kg un ir optim\u0101la izv\u0113le kempingam br\u012bv\u0101 dab\u0101.\nTelts priek\u0161telpa padara telti liel\u0101ku un tur ir iesp\u0113jams novietot p\u0101rg\u0101jienu somas un citas mantas.\n7001 alum\u012bnija stabi padara telti vieglu, bet taj\u0101 pa\u0161\u0101 laik\u0101 iztur\u012bgu.\nIzgatavota no viegla 210T poliestera r\u016btaina auduma materi\u0101la, kas kalpo k\u0101 \u016bdensnecaurlaid\u012bgs materi\u0101ls un nodro\u0161ina komfortablu uztur\u0113\u0161anos telt\u012b ar\u012b lietus laik\u0101.\nT\u012bkla dizains: B3 sieta dizains - lab\u0101kai gaisa caurlaid\u012bbai un aizsardz\u012bbai pret odiem.\nVienk\u0101r\u0161a uzst\u0101d\u012b\u0161ana: izmantojot instrukciju, kas pievienota \u0101r\u0113j\u0101s somas iek\u0161pus\u0113, telti var uzst\u0101d\u012bt \u0101tri un vienk\u0101r\u0161i pat viens cilv\u0113ks.\nIek\u013cauts: sloksne, telts korpuss, stabi, zemes mieti\u0146i, auklas, foot print.\nIek\u0161\u0113j\u0101 telt\u012b ir \u0101\u0137is, pie k\u0101 var piekarin\u0101t da\u017e\u0101dus piederumus.\nStingri T-savienojumi un augstas iztur\u012bbas divgalvu piekaram\u0101 spr\u0101dze palielina telts iztur\u012bbu.","short_description":"Ja mekl\u0113jat \u012bpa\u0161i vieglu telti, kas neaiz\u0146em daudz vietu un ir viegli p\u0101rvietojama, k\u0101 ar\u012b augstas kvalit\u0101tes produktu, tad Naturehike Cloud Up s\u0113rijas teltis ir J\u016bsu lab\u0101k\u0101 izv\u0113le.","status":"publish","sku":"nat000046","original":45859},"wpml":{"translation_type":1,"has_translations":true,"original":45859,"duplicates":[],"translations":{"lv":45859,"en":68027,"ru":null}},"supplier_id":null,"supplier_sku":"","barcode":null,"atum_controlled":true,"out_stock_date":null,"out_stock_threshold":null,"inheritable":false,"inbound_stock":0,"stock_on_hold":0,"sold_today":0,"sales_last_days":0,"reserved_stock":0,"customer_returns":0,"warehouse_damage":0,"lost_in_post":0,"other_logs":0,"out_stock_days":0,"lost_sales":0,"has_location":false,"update_date":"2025-12-30T14:30:41","atum_locations":[],"atum_stock_status":"instock","restock_status":false,"low_stock_amount":"","sales_update_date":"2025-11-13T13:36:29","calc_backorders":null,"yoast_head":"<!-- This site is optimized with the Yoast SEO plugin v27.3 - https:\/\/yoast.com\/product\/yoast-seo-wordpress\/ -->\n<title>Naturehike - Cloud Up 1 telts 210T - 1p<\/title>\n<meta name=\"description\" content=\"Ja mekl\u0113jat \u012bpa\u0161i vieglu telti, kas neaiz\u0146em daudz vietu un ir viegli p\u0101rvietojama, k\u0101 ar\u012b augstas kvalit\u0101tes produktu, tad Naturehike Cloud Up s\u0113rijas teltis ir J\u016bsu lab\u0101k\u0101 izv\u0113le.\" \/>\n<meta name=\"robots\" content=\"index, follow, max-snippet:-1, max-image-preview:large, max-video-preview:-1\" \/>\n<link rel=\"canonical\" href=\"https:\/\/gohike.lv\/ru\/produkts\/naturehike-cloud-up-kempinga-teltst-210t-1p\/\" \/>\n<meta property=\"og:locale\" content=\"ru_RU\" \/>\n<meta property=\"og:type\" content=\"article\" \/>\n<meta property=\"og:title\" content=\"Naturehike -\" \/>\n<meta property=\"og:description\" content=\"Ja mekl\u0113jat \u012bpa\u0161i vieglu telti, kas neaiz\u0146em daudz vietu un ir viegli p\u0101rvietojama, k\u0101 ar\u012b augstas kvalit\u0101tes produktu, tad Naturehike Cloud Up s\u0113rijas teltis ir J\u016bsu lab\u0101k\u0101 izv\u0113le.\" \/>\n<meta property=\"og:url\" content=\"https:\/\/gohike.lv\/ru\/produkts\/naturehike-cloud-up-kempinga-teltst-210t-1p\/\" \/>\n<meta property=\"og:site_name\" content=\"GoHike\" \/>\n<meta property=\"article:publisher\" content=\"https:\/\/www.facebook.com\/gohike.shop\/\" \/>\n<meta property=\"article:modified_time\" content=\"2025-12-30T14:25:06+00:00\" \/>\n<meta property=\"og:image\" content=\"https:\/\/gohike.lv\/wp-content\/uploads\/2024\/03\/CloudUP_1person_camp_budgreen.webp\" \/>\n\t<meta property=\"og:image:width\" content=\"800\" \/>\n\t<meta property=\"og:image:height\" content=\"800\" \/>\n\t<meta property=\"og:image:type\" content=\"image\/webp\" \/>\n<meta name=\"twitter:card\" content=\"summary_large_image\" \/>\n<meta name=\"twitter:title\" content=\"Naturehike -\" \/>\n<meta name=\"twitter:label1\" content=\"\u041f\u0440\u0438\u043c\u0435\u0440\u043d\u043e\u0435 \u0432\u0440\u0435\u043c\u044f \u0434\u043b\u044f \u0447\u0442\u0435\u043d\u0438\u044f\" \/>\n\t<meta name=\"twitter:data1\" content=\"1 \u043c\u0438\u043d\u0443\u0442\u0430\" \/>\n<script type=\"application\/ld+json\" class=\"yoast-schema-graph\">{\"@context\":\"https:\\\/\\\/schema.org\",\"@graph\":[{\"@type\":[\"WebPage\",\"ItemPage\"],\"@id\":\"https:\\\/\\\/gohike.lv\\\/ru\\\/produkts\\\/naturehike-cloud-up-kempinga-teltst-210t-1p\\\/\",\"url\":\"https:\\\/\\\/gohike.lv\\\/ru\\\/produkts\\\/naturehike-cloud-up-kempinga-teltst-210t-1p\\\/\",\"name\":\"Naturehike - Cloud Up 1 telts 210T - 1p\",\"isPartOf\":{\"@id\":\"https:\\\/\\\/gohike.lv\\\/ru\\\/#website\"},\"primaryImageOfPage\":{\"@id\":\"https:\\\/\\\/gohike.lv\\\/ru\\\/produkts\\\/naturehike-cloud-up-kempinga-teltst-210t-1p\\\/#primaryimage\"},\"image\":{\"@id\":\"https:\\\/\\\/gohike.lv\\\/ru\\\/produkts\\\/naturehike-cloud-up-kempinga-teltst-210t-1p\\\/#primaryimage\"},\"thumbnailUrl\":\"https:\\\/\\\/gohike.lv\\\/wp-content\\\/uploads\\\/2024\\\/03\\\/CloudUP_1person_camp_budgreen.webp\",\"datePublished\":\"2024-04-29T11:17:04+00:00\",\"dateModified\":\"2025-12-30T14:25:06+00:00\",\"description\":\"Ja mekl\u0113jat \u012bpa\u0161i vieglu telti, kas neaiz\u0146em daudz vietu un ir viegli p\u0101rvietojama, k\u0101 ar\u012b augstas kvalit\u0101tes produktu, tad Naturehike Cloud Up s\u0113rijas teltis ir J\u016bsu lab\u0101k\u0101 izv\u0113le.\",\"breadcrumb\":{\"@id\":\"https:\\\/\\\/gohike.lv\\\/ru\\\/produkts\\\/naturehike-cloud-up-kempinga-teltst-210t-1p\\\/#breadcrumb\"},\"inLanguage\":\"ru-RU\",\"potentialAction\":[{\"@type\":\"ReadAction\",\"target\":[\"https:\\\/\\\/gohike.lv\\\/ru\\\/produkts\\\/naturehike-cloud-up-kempinga-teltst-210t-1p\\\/\"]}]},{\"@type\":\"ImageObject\",\"inLanguage\":\"ru-RU\",\"@id\":\"https:\\\/\\\/gohike.lv\\\/ru\\\/produkts\\\/naturehike-cloud-up-kempinga-teltst-210t-1p\\\/#primaryimage\",\"url\":\"https:\\\/\\\/gohike.lv\\\/wp-content\\\/uploads\\\/2024\\\/03\\\/CloudUP_1person_camp_budgreen.webp\",\"contentUrl\":\"https:\\\/\\\/gohike.lv\\\/wp-content\\\/uploads\\\/2024\\\/03\\\/CloudUP_1person_camp_budgreen.webp\",\"width\":800,\"height\":800},{\"@type\":\"BreadcrumbList\",\"@id\":\"https:\\\/\\\/gohike.lv\\\/ru\\\/produkts\\\/naturehike-cloud-up-kempinga-teltst-210t-1p\\\/#breadcrumb\",\"itemListElement\":[{\"@type\":\"ListItem\",\"position\":1,\"name\":\"\u0413\u043b\u0430\u0432\u043d\u0430\u044f\",\"item\":\"https:\\\/\\\/gohike.lv\\\/ru\\\/\"},{\"@type\":\"ListItem\",\"position\":2,\"name\":\"\u041a\u0430\u0442\u0435\u0433\u043e\u0440\u0438\u0438 \u0442\u043e\u0432\u0430\u0440\u043e\u0432\",\"item\":\"https:\\\/\\\/gohike.lv\\\/%d0%ba%d0%b0%d1%82%d0%b5%d0%b3%d0%be%d1%80%d0%b8%d0%b8-%d1%82%d0%be%d0%b2%d0%b0%d1%80%d0%be%d0%b2\\\/\"},{\"@type\":\"ListItem\",\"position\":3,\"name\":\"Naturehike &#8211; Cloud Up 1 telts 210T &#8211; 1p\"}]},{\"@type\":\"WebSite\",\"@id\":\"https:\\\/\\\/gohike.lv\\\/ru\\\/#website\",\"url\":\"https:\\\/\\\/gohike.lv\\\/ru\\\/\",\"name\":\"GoHike\",\"description\":\"\",\"publisher\":{\"@id\":\"https:\\\/\\\/gohike.lv\\\/ru\\\/#organization\"},\"potentialAction\":[{\"@type\":\"SearchAction\",\"target\":{\"@type\":\"EntryPoint\",\"urlTemplate\":\"https:\\\/\\\/gohike.lv\\\/ru\\\/?s={search_term_string}\"},\"query-input\":{\"@type\":\"PropertyValueSpecification\",\"valueRequired\":true,\"valueName\":\"search_term_string\"}}],\"inLanguage\":\"ru-RU\"},{\"@type\":\"Organization\",\"@id\":\"https:\\\/\\\/gohike.lv\\\/ru\\\/#organization\",\"name\":\"GoHike\",\"url\":\"https:\\\/\\\/gohike.lv\\\/ru\\\/\",\"logo\":{\"@type\":\"ImageObject\",\"inLanguage\":\"ru-RU\",\"@id\":\"https:\\\/\\\/gohike.lv\\\/ru\\\/#\\\/schema\\\/logo\\\/image\\\/\",\"url\":\"https:\\\/\\\/gohike.lv\\\/wp-content\\\/uploads\\\/2023\\\/08\\\/Logo_GoHike.webp\",\"contentUrl\":\"https:\\\/\\\/gohike.lv\\\/wp-content\\\/uploads\\\/2023\\\/08\\\/Logo_GoHike.webp\",\"width\":512,\"height\":512,\"caption\":\"GoHike\"},\"image\":{\"@id\":\"https:\\\/\\\/gohike.lv\\\/ru\\\/#\\\/schema\\\/logo\\\/image\\\/\"},\"sameAs\":[\"https:\\\/\\\/www.facebook.com\\\/gohike.shop\\\/\",\"https:\\\/\\\/www.instagram.com\\\/gohike.shop\\\/\"]}]}<\/script>\n<!-- \/ Yoast SEO plugin. -->","yoast_head_json":{"title":"Naturehike - Cloud Up 1 telts 210T - 1p","description":"Ja mekl\u0113jat \u012bpa\u0161i vieglu telti, kas neaiz\u0146em daudz vietu un ir viegli p\u0101rvietojama, k\u0101 ar\u012b augstas kvalit\u0101tes produktu, tad Naturehike Cloud Up s\u0113rijas teltis ir J\u016bsu lab\u0101k\u0101 izv\u0113le.","robots":{"index":"index","follow":"follow","max-snippet":"max-snippet:-1","max-image-preview":"max-image-preview:large","max-video-preview":"max-video-preview:-1"},"canonical":"https:\/\/gohike.lv\/ru\/produkts\/naturehike-cloud-up-kempinga-teltst-210t-1p\/","og_locale":"ru_RU","og_type":"article","og_title":"Naturehike -","og_description":"Ja mekl\u0113jat \u012bpa\u0161i vieglu telti, kas neaiz\u0146em daudz vietu un ir viegli p\u0101rvietojama, k\u0101 ar\u012b augstas kvalit\u0101tes produktu, tad Naturehike Cloud Up s\u0113rijas teltis ir J\u016bsu lab\u0101k\u0101 izv\u0113le.","og_url":"https:\/\/gohike.lv\/ru\/produkts\/naturehike-cloud-up-kempinga-teltst-210t-1p\/","og_site_name":"GoHike","article_publisher":"https:\/\/www.facebook.com\/gohike.shop\/","article_modified_time":"2025-12-30T14:25:06+00:00","og_image":[{"width":800,"height":800,"url":"https:\/\/gohike.lv\/wp-content\/uploads\/2024\/03\/CloudUP_1person_camp_budgreen.webp","type":"image\/webp"}],"twitter_card":"summary_large_image","twitter_title":"Naturehike -","twitter_misc":{"\u041f\u0440\u0438\u043c\u0435\u0440\u043d\u043e\u0435 \u0432\u0440\u0435\u043c\u044f \u0434\u043b\u044f \u0447\u0442\u0435\u043d\u0438\u044f":"1 \u043c\u0438\u043d\u0443\u0442\u0430"},"schema":{"@context":"https:\/\/schema.org","@graph":[{"@type":["WebPage","ItemPage"],"@id":"https:\/\/gohike.lv\/ru\/produkts\/naturehike-cloud-up-kempinga-teltst-210t-1p\/","url":"https:\/\/gohike.lv\/ru\/produkts\/naturehike-cloud-up-kempinga-teltst-210t-1p\/","name":"Naturehike - Cloud Up 1 telts 210T - 1p","isPartOf":{"@id":"https:\/\/gohike.lv\/ru\/#website"},"primaryImageOfPage":{"@id":"https:\/\/gohike.lv\/ru\/produkts\/naturehike-cloud-up-kempinga-teltst-210t-1p\/#primaryimage"},"image":{"@id":"https:\/\/gohike.lv\/ru\/produkts\/naturehike-cloud-up-kempinga-teltst-210t-1p\/#primaryimage"},"thumbnailUrl":"https:\/\/gohike.lv\/wp-content\/uploads\/2024\/03\/CloudUP_1person_camp_budgreen.webp","datePublished":"2024-04-29T11:17:04+00:00","dateModified":"2025-12-30T14:25:06+00:00","description":"Ja mekl\u0113jat \u012bpa\u0161i vieglu telti, kas neaiz\u0146em daudz vietu un ir viegli p\u0101rvietojama, k\u0101 ar\u012b augstas kvalit\u0101tes produktu, tad Naturehike Cloud Up s\u0113rijas teltis ir J\u016bsu lab\u0101k\u0101 izv\u0113le.","breadcrumb":{"@id":"https:\/\/gohike.lv\/ru\/produkts\/naturehike-cloud-up-kempinga-teltst-210t-1p\/#breadcrumb"},"inLanguage":"ru-RU","potentialAction":[{"@type":"ReadAction","target":["https:\/\/gohike.lv\/ru\/produkts\/naturehike-cloud-up-kempinga-teltst-210t-1p\/"]}]},{"@type":"ImageObject","inLanguage":"ru-RU","@id":"https:\/\/gohike.lv\/ru\/produkts\/naturehike-cloud-up-kempinga-teltst-210t-1p\/#primaryimage","url":"https:\/\/gohike.lv\/wp-content\/uploads\/2024\/03\/CloudUP_1person_camp_budgreen.webp","contentUrl":"https:\/\/gohike.lv\/wp-content\/uploads\/2024\/03\/CloudUP_1person_camp_budgreen.webp","width":800,"height":800},{"@type":"BreadcrumbList","@id":"https:\/\/gohike.lv\/ru\/produkts\/naturehike-cloud-up-kempinga-teltst-210t-1p\/#breadcrumb","itemListElement":[{"@type":"ListItem","position":1,"name":"\u0413\u043b\u0430\u0432\u043d\u0430\u044f","item":"https:\/\/gohike.lv\/ru\/"},{"@type":"ListItem","position":2,"name":"\u041a\u0430\u0442\u0435\u0433\u043e\u0440\u0438\u0438 \u0442\u043e\u0432\u0430\u0440\u043e\u0432","item":"https:\/\/gohike.lv\/%d0%ba%d0%b0%d1%82%d0%b5%d0%b3%d0%be%d1%80%d0%b8%d0%b8-%d1%82%d0%be%d0%b2%d0%b0%d1%80%d0%be%d0%b2\/"},{"@type":"ListItem","position":3,"name":"Naturehike &#8211; Cloud Up 1 telts 210T &#8211; 1p"}]},{"@type":"WebSite","@id":"https:\/\/gohike.lv\/ru\/#website","url":"https:\/\/gohike.lv\/ru\/","name":"GoHike","description":"","publisher":{"@id":"https:\/\/gohike.lv\/ru\/#organization"},"potentialAction":[{"@type":"SearchAction","target":{"@type":"EntryPoint","urlTemplate":"https:\/\/gohike.lv\/ru\/?s={search_term_string}"},"query-input":{"@type":"PropertyValueSpecification","valueRequired":true,"valueName":"search_term_string"}}],"inLanguage":"ru-RU"},{"@type":"Organization","@id":"https:\/\/gohike.lv\/ru\/#organization","name":"GoHike","url":"https:\/\/gohike.lv\/ru\/","logo":{"@type":"ImageObject","inLanguage":"ru-RU","@id":"https:\/\/gohike.lv\/ru\/#\/schema\/logo\/image\/","url":"https:\/\/gohike.lv\/wp-content\/uploads\/2023\/08\/Logo_GoHike.webp","contentUrl":"https:\/\/gohike.lv\/wp-content\/uploads\/2023\/08\/Logo_GoHike.webp","width":512,"height":512,"caption":"GoHike"},"image":{"@id":"https:\/\/gohike.lv\/ru\/#\/schema\/logo\/image\/"},"sameAs":["https:\/\/www.facebook.com\/gohike.shop\/","https:\/\/www.instagram.com\/gohike.shop\/"]}]}},"jetpack_sharing_enabled":true,"_links":{"self":[{"href":"https:\/\/gohike.lv\/ru\/wp-json\/wp\/v2\/product\/45859","targetHints":{"allow":["GET"]}}],"collection":[{"href":"https:\/\/gohike.lv\/ru\/wp-json\/wp\/v2\/product"}],"about":[{"href":"https:\/\/gohike.lv\/ru\/wp-json\/wp\/v2\/types\/product"}],"version-history":[{"count":0,"href":"https:\/\/gohike.lv\/ru\/wp-json\/wp\/v2\/product\/45859\/revisions"}],"wp:featuredmedia":[{"embeddable":true,"href":"https:\/\/gohike.lv\/ru\/wp-json\/wp\/v2\/media\/26601"}],"wp:attachment":[{"href":"https:\/\/gohike.lv\/ru\/wp-json\/wp\/v2\/media?parent=45859"}],"wp:term":[{"taxonomy":"product_brand","embeddable":true,"href":"https:\/\/gohike.lv\/ru\/wp-json\/wp\/v2\/product_brand?post=45859"},{"taxonomy":"product_cat","embeddable":true,"href":"https:\/\/gohike.lv\/ru\/wp-json\/wp\/v2\/product_cat?post=45859"},{"taxonomy":"product_tag","embeddable":true,"href":"https:\/\/gohike.lv\/ru\/wp-json\/wp\/v2\/product_tag?post=45859"}],"curies":[{"name":"wp","href":"https:\/\/api.w.org\/{rel}","templated":true}]}}