{"id":45833,"date":"2024-04-29T14:16:38","date_gmt":"2024-04-29T11:16:38","guid":{"rendered":"https:\/\/gohike.lv\/produkts\/naturehike-p-serijas-gimenes-kempinga-telts-2p\/"},"modified":"2025-12-30T17:25:06","modified_gmt":"2025-12-30T14:25:06","slug":"naturehike-p-serijas-gimenes-kempinga-telts-2p","status":"publish","type":"product","link":"https:\/\/gohike.lv\/ru\/produkts\/naturehike-p-serijas-gimenes-kempinga-telts-2p\/","title":{"rendered":"Naturehike &#8212; P\u00a0s\u0113rijas \u0123imenes telts &#8212; 2p"},"content":{"rendered":"<p>Teltij ir X krusta konstrukcijas ar 7001 alum\u012bnija sakaus\u0113juma telts stabiem.<br \/>\nTelti var viegli uzcelt 5 min\u016bt\u0113s.<br \/>\nAugstas kvalit\u0101tes alum\u012bnija sakaus\u0113juma stabi ir iztur\u012bg\u0101ki un viegl\u0101ki nek\u0101 parastie stikla \u0161\u0137iedras stabi.<br \/>\nDivas durvis un divi ventil\u0101cijas logi, k\u0101 ar\u012b iek\u0161\u0113jais insektu siets nodro\u0161ina labu ventil\u0101ciju un sniedz iesp\u0113ju baud\u012bt 360 skatu.<br \/>\nInsektu sietu un telti var lietot atsevi\u0161\u0137i.<br \/>\nDivsl\u0101\u0146u telts: \u0161\u012b telts ir veidota divos sl\u0101\u0146os, kas nodro\u0161ina labu gaisa pl\u016bsmu.<br \/>\nInsektu t\u012bkls ir izgatavots no 210T ripstop poliesteriem ar anti-UV p\u0101rkl\u0101jumu, kas sp\u0113j nov\u0113rst l\u012bdz 99% kait\u012bgo UV.<br \/>\nTai ir laba \u016bdensiztur\u012bba \u2013 l\u012bdz 3000mm.<br \/>\nIzgatavota no B3 sieta un 150D elpojo\u0161a poliestera.<\/p>\n","protected":false},"excerpt":{"rendered":"<p>Telts ir izgatavota no augstas kvalit\u0101tes alum\u012bnija sakaus\u0113juma materi\u0101la, kas ir iztur\u012bgs un nodro\u0161ina ilgu kalpo\u0161anas laiku.<\/p>\n","protected":false},"featured_media":26563,"template":"","meta":[],"product_brand":[13432],"product_cat":[1817],"product_tag":[],"class_list":{"0":"post-45833","1":"product","2":"type-product","3":"status-publish","4":"has-post-thumbnail","6":"product_brand-naturehike-ru","7":"product_cat-teltis-un-tenti","8":"pa_aksesuari-knagi-x-15","9":"pa_aksesuari-piederumu-soma-x-1","10":"pa_aksesuari-stabs-2","11":"pa_aksesuari-veja-virve-x-6","12":"pa_ieksejais-materials-210t-poliestera-audums","13":"pa_kapacitate-2-cilveki","14":"pa_materials-telts-apaksas-150d-oksfordas-audums","15":"pa_produkta-tips-kempinga-teltis","16":"pa_spalva-oranzs","17":"pa_spalva-tumsi-zals","18":"pa_spalva-zals","19":"pa_spalva-zils","20":"pa_stabi-7001-aluminijs","21":"pa_telts-materials-210t-poliestera-audums","22":"pa_tikla-materials-b3-elpojoss-siets","24":"first","25":"instock","26":"taxable","27":"shipping-taxable","28":"purchasable","29":"product-type-variable"},"raw_content":{"name":"Naturehike - P\u00a0s\u0113rijas \u0123imenes telts - 2p","description":"Teltij ir X krusta konstrukcijas ar 7001 alum\u012bnija sakaus\u0113juma telts stabiem.\nTelti var viegli uzcelt 5 min\u016bt\u0113s.\nAugstas kvalit\u0101tes alum\u012bnija sakaus\u0113juma stabi ir iztur\u012bg\u0101ki un viegl\u0101ki nek\u0101 parastie stikla \u0161\u0137iedras stabi.\nDivas durvis un divi ventil\u0101cijas logi, k\u0101 ar\u012b iek\u0161\u0113jais insektu siets nodro\u0161ina labu ventil\u0101ciju un sniedz iesp\u0113ju baud\u012bt 360 skatu.\nInsektu sietu un telti var lietot atsevi\u0161\u0137i.\nDivsl\u0101\u0146u telts: \u0161\u012b telts ir veidota divos sl\u0101\u0146os, kas nodro\u0161ina labu gaisa pl\u016bsmu.\nInsektu t\u012bkls ir izgatavots no 210T ripstop poliesteriem ar anti-UV p\u0101rkl\u0101jumu, kas sp\u0113j nov\u0113rst l\u012bdz 99% kait\u012bgo UV.\nTai ir laba \u016bdensiztur\u012bba \u2013 l\u012bdz 3000mm.\nIzgatavota no B3 sieta un 150D elpojo\u0161a poliestera.","short_description":"Telts ir izgatavota no augstas kvalit\u0101tes alum\u012bnija sakaus\u0113juma materi\u0101la, kas ir iztur\u012bgs un nodro\u0161ina ilgu kalpo\u0161anas laiku.","status":"publish","sku":"nat000041","original":45833},"wpml":{"translation_type":1,"has_translations":true,"original":45833,"duplicates":[],"translations":{"lv":45833,"en":67995,"ru":null}},"supplier_id":null,"supplier_sku":"","barcode":null,"atum_controlled":true,"out_stock_date":null,"out_stock_threshold":null,"inheritable":true,"inbound_stock":0,"stock_on_hold":0,"sold_today":0,"sales_last_days":1,"reserved_stock":0,"customer_returns":0,"warehouse_damage":0,"lost_in_post":0,"other_logs":0,"out_stock_days":0,"lost_sales":0,"has_location":false,"update_date":"2025-12-30T14:30:41","atum_locations":[],"atum_stock_status":"instock","restock_status":false,"low_stock_amount":"","sales_update_date":"2025-11-13T13:36:28","calc_backorders":null,"yoast_head":"<!-- This site is optimized with the Yoast SEO plugin v27.3 - https:\/\/yoast.com\/product\/yoast-seo-wordpress\/ -->\n<title>Naturehike - P\u00a0s\u0113rijas \u0123imenes telts - 2p<\/title>\n<meta name=\"description\" content=\"Telts ir izgatavota no augstas kvalit\u0101tes alum\u012bnija sakaus\u0113juma materi\u0101la, kas ir iztur\u012bgs un nodro\u0161ina ilgu kalpo\u0161anas laiku.\" \/>\n<meta name=\"robots\" content=\"index, follow, max-snippet:-1, max-image-preview:large, max-video-preview:-1\" \/>\n<link rel=\"canonical\" href=\"https:\/\/gohike.lv\/ru\/produkts\/naturehike-p-serijas-gimenes-kempinga-telts-2p\/\" \/>\n<meta property=\"og:locale\" content=\"ru_RU\" \/>\n<meta property=\"og:type\" content=\"article\" \/>\n<meta property=\"og:title\" content=\"Naturehike -\" \/>\n<meta property=\"og:description\" content=\"Telts ir izgatavota no augstas kvalit\u0101tes alum\u012bnija sakaus\u0113juma materi\u0101la, kas ir iztur\u012bgs un nodro\u0161ina ilgu kalpo\u0161anas laiku.\" \/>\n<meta property=\"og:url\" content=\"https:\/\/gohike.lv\/ru\/produkts\/naturehike-p-serijas-gimenes-kempinga-telts-2p\/\" \/>\n<meta property=\"og:site_name\" content=\"GoHike\" \/>\n<meta property=\"article:publisher\" content=\"https:\/\/www.facebook.com\/gohike.shop\/\" \/>\n<meta property=\"article:modified_time\" content=\"2025-12-30T14:25:06+00:00\" \/>\n<meta property=\"og:image\" content=\"https:\/\/gohike.lv\/wp-content\/uploads\/2024\/03\/Pseries_orange.webp\" \/>\n\t<meta property=\"og:image:width\" content=\"800\" \/>\n\t<meta property=\"og:image:height\" content=\"800\" \/>\n\t<meta property=\"og:image:type\" content=\"image\/webp\" \/>\n<meta name=\"twitter:card\" content=\"summary_large_image\" \/>\n<meta name=\"twitter:title\" content=\"Naturehike -\" \/>\n<meta name=\"twitter:label1\" content=\"\u041f\u0440\u0438\u043c\u0435\u0440\u043d\u043e\u0435 \u0432\u0440\u0435\u043c\u044f \u0434\u043b\u044f \u0447\u0442\u0435\u043d\u0438\u044f\" \/>\n\t<meta name=\"twitter:data1\" content=\"1 \u043c\u0438\u043d\u0443\u0442\u0430\" \/>\n<script type=\"application\/ld+json\" class=\"yoast-schema-graph\">{\"@context\":\"https:\\\/\\\/schema.org\",\"@graph\":[{\"@type\":[\"WebPage\",\"ItemPage\"],\"@id\":\"https:\\\/\\\/gohike.lv\\\/ru\\\/produkts\\\/naturehike-p-serijas-gimenes-kempinga-telts-2p\\\/\",\"url\":\"https:\\\/\\\/gohike.lv\\\/ru\\\/produkts\\\/naturehike-p-serijas-gimenes-kempinga-telts-2p\\\/\",\"name\":\"Naturehike - P\u00a0s\u0113rijas \u0123imenes telts - 2p\",\"isPartOf\":{\"@id\":\"https:\\\/\\\/gohike.lv\\\/ru\\\/#website\"},\"primaryImageOfPage\":{\"@id\":\"https:\\\/\\\/gohike.lv\\\/ru\\\/produkts\\\/naturehike-p-serijas-gimenes-kempinga-telts-2p\\\/#primaryimage\"},\"image\":{\"@id\":\"https:\\\/\\\/gohike.lv\\\/ru\\\/produkts\\\/naturehike-p-serijas-gimenes-kempinga-telts-2p\\\/#primaryimage\"},\"thumbnailUrl\":\"https:\\\/\\\/gohike.lv\\\/wp-content\\\/uploads\\\/2024\\\/03\\\/Pseries_orange.webp\",\"datePublished\":\"2024-04-29T11:16:38+00:00\",\"dateModified\":\"2025-12-30T14:25:06+00:00\",\"description\":\"Telts ir izgatavota no augstas kvalit\u0101tes alum\u012bnija sakaus\u0113juma materi\u0101la, kas ir iztur\u012bgs un nodro\u0161ina ilgu kalpo\u0161anas laiku.\",\"breadcrumb\":{\"@id\":\"https:\\\/\\\/gohike.lv\\\/ru\\\/produkts\\\/naturehike-p-serijas-gimenes-kempinga-telts-2p\\\/#breadcrumb\"},\"inLanguage\":\"ru-RU\",\"potentialAction\":[{\"@type\":\"ReadAction\",\"target\":[\"https:\\\/\\\/gohike.lv\\\/ru\\\/produkts\\\/naturehike-p-serijas-gimenes-kempinga-telts-2p\\\/\"]}]},{\"@type\":\"ImageObject\",\"inLanguage\":\"ru-RU\",\"@id\":\"https:\\\/\\\/gohike.lv\\\/ru\\\/produkts\\\/naturehike-p-serijas-gimenes-kempinga-telts-2p\\\/#primaryimage\",\"url\":\"https:\\\/\\\/gohike.lv\\\/wp-content\\\/uploads\\\/2024\\\/03\\\/Pseries_orange.webp\",\"contentUrl\":\"https:\\\/\\\/gohike.lv\\\/wp-content\\\/uploads\\\/2024\\\/03\\\/Pseries_orange.webp\",\"width\":800,\"height\":800},{\"@type\":\"BreadcrumbList\",\"@id\":\"https:\\\/\\\/gohike.lv\\\/ru\\\/produkts\\\/naturehike-p-serijas-gimenes-kempinga-telts-2p\\\/#breadcrumb\",\"itemListElement\":[{\"@type\":\"ListItem\",\"position\":1,\"name\":\"\u0413\u043b\u0430\u0432\u043d\u0430\u044f\",\"item\":\"https:\\\/\\\/gohike.lv\\\/ru\\\/\"},{\"@type\":\"ListItem\",\"position\":2,\"name\":\"\u041a\u0430\u0442\u0435\u0433\u043e\u0440\u0438\u0438 \u0442\u043e\u0432\u0430\u0440\u043e\u0432\",\"item\":\"https:\\\/\\\/gohike.lv\\\/%d0%ba%d0%b0%d1%82%d0%b5%d0%b3%d0%be%d1%80%d0%b8%d0%b8-%d1%82%d0%be%d0%b2%d0%b0%d1%80%d0%be%d0%b2\\\/\"},{\"@type\":\"ListItem\",\"position\":3,\"name\":\"Naturehike &#8211; P\u00a0s\u0113rijas \u0123imenes telts &#8211; 2p\"}]},{\"@type\":\"WebSite\",\"@id\":\"https:\\\/\\\/gohike.lv\\\/ru\\\/#website\",\"url\":\"https:\\\/\\\/gohike.lv\\\/ru\\\/\",\"name\":\"GoHike\",\"description\":\"\",\"publisher\":{\"@id\":\"https:\\\/\\\/gohike.lv\\\/ru\\\/#organization\"},\"potentialAction\":[{\"@type\":\"SearchAction\",\"target\":{\"@type\":\"EntryPoint\",\"urlTemplate\":\"https:\\\/\\\/gohike.lv\\\/ru\\\/?s={search_term_string}\"},\"query-input\":{\"@type\":\"PropertyValueSpecification\",\"valueRequired\":true,\"valueName\":\"search_term_string\"}}],\"inLanguage\":\"ru-RU\"},{\"@type\":\"Organization\",\"@id\":\"https:\\\/\\\/gohike.lv\\\/ru\\\/#organization\",\"name\":\"GoHike\",\"url\":\"https:\\\/\\\/gohike.lv\\\/ru\\\/\",\"logo\":{\"@type\":\"ImageObject\",\"inLanguage\":\"ru-RU\",\"@id\":\"https:\\\/\\\/gohike.lv\\\/ru\\\/#\\\/schema\\\/logo\\\/image\\\/\",\"url\":\"https:\\\/\\\/gohike.lv\\\/wp-content\\\/uploads\\\/2023\\\/08\\\/Logo_GoHike.webp\",\"contentUrl\":\"https:\\\/\\\/gohike.lv\\\/wp-content\\\/uploads\\\/2023\\\/08\\\/Logo_GoHike.webp\",\"width\":512,\"height\":512,\"caption\":\"GoHike\"},\"image\":{\"@id\":\"https:\\\/\\\/gohike.lv\\\/ru\\\/#\\\/schema\\\/logo\\\/image\\\/\"},\"sameAs\":[\"https:\\\/\\\/www.facebook.com\\\/gohike.shop\\\/\",\"https:\\\/\\\/www.instagram.com\\\/gohike.shop\\\/\"]}]}<\/script>\n<!-- \/ Yoast SEO plugin. -->","yoast_head_json":{"title":"Naturehike - P\u00a0s\u0113rijas \u0123imenes telts - 2p","description":"Telts ir izgatavota no augstas kvalit\u0101tes alum\u012bnija sakaus\u0113juma materi\u0101la, kas ir iztur\u012bgs un nodro\u0161ina ilgu kalpo\u0161anas laiku.","robots":{"index":"index","follow":"follow","max-snippet":"max-snippet:-1","max-image-preview":"max-image-preview:large","max-video-preview":"max-video-preview:-1"},"canonical":"https:\/\/gohike.lv\/ru\/produkts\/naturehike-p-serijas-gimenes-kempinga-telts-2p\/","og_locale":"ru_RU","og_type":"article","og_title":"Naturehike -","og_description":"Telts ir izgatavota no augstas kvalit\u0101tes alum\u012bnija sakaus\u0113juma materi\u0101la, kas ir iztur\u012bgs un nodro\u0161ina ilgu kalpo\u0161anas laiku.","og_url":"https:\/\/gohike.lv\/ru\/produkts\/naturehike-p-serijas-gimenes-kempinga-telts-2p\/","og_site_name":"GoHike","article_publisher":"https:\/\/www.facebook.com\/gohike.shop\/","article_modified_time":"2025-12-30T14:25:06+00:00","og_image":[{"width":800,"height":800,"url":"https:\/\/gohike.lv\/wp-content\/uploads\/2024\/03\/Pseries_orange.webp","type":"image\/webp"}],"twitter_card":"summary_large_image","twitter_title":"Naturehike -","twitter_misc":{"\u041f\u0440\u0438\u043c\u0435\u0440\u043d\u043e\u0435 \u0432\u0440\u0435\u043c\u044f \u0434\u043b\u044f \u0447\u0442\u0435\u043d\u0438\u044f":"1 \u043c\u0438\u043d\u0443\u0442\u0430"},"schema":{"@context":"https:\/\/schema.org","@graph":[{"@type":["WebPage","ItemPage"],"@id":"https:\/\/gohike.lv\/ru\/produkts\/naturehike-p-serijas-gimenes-kempinga-telts-2p\/","url":"https:\/\/gohike.lv\/ru\/produkts\/naturehike-p-serijas-gimenes-kempinga-telts-2p\/","name":"Naturehike - P\u00a0s\u0113rijas \u0123imenes telts - 2p","isPartOf":{"@id":"https:\/\/gohike.lv\/ru\/#website"},"primaryImageOfPage":{"@id":"https:\/\/gohike.lv\/ru\/produkts\/naturehike-p-serijas-gimenes-kempinga-telts-2p\/#primaryimage"},"image":{"@id":"https:\/\/gohike.lv\/ru\/produkts\/naturehike-p-serijas-gimenes-kempinga-telts-2p\/#primaryimage"},"thumbnailUrl":"https:\/\/gohike.lv\/wp-content\/uploads\/2024\/03\/Pseries_orange.webp","datePublished":"2024-04-29T11:16:38+00:00","dateModified":"2025-12-30T14:25:06+00:00","description":"Telts ir izgatavota no augstas kvalit\u0101tes alum\u012bnija sakaus\u0113juma materi\u0101la, kas ir iztur\u012bgs un nodro\u0161ina ilgu kalpo\u0161anas laiku.","breadcrumb":{"@id":"https:\/\/gohike.lv\/ru\/produkts\/naturehike-p-serijas-gimenes-kempinga-telts-2p\/#breadcrumb"},"inLanguage":"ru-RU","potentialAction":[{"@type":"ReadAction","target":["https:\/\/gohike.lv\/ru\/produkts\/naturehike-p-serijas-gimenes-kempinga-telts-2p\/"]}]},{"@type":"ImageObject","inLanguage":"ru-RU","@id":"https:\/\/gohike.lv\/ru\/produkts\/naturehike-p-serijas-gimenes-kempinga-telts-2p\/#primaryimage","url":"https:\/\/gohike.lv\/wp-content\/uploads\/2024\/03\/Pseries_orange.webp","contentUrl":"https:\/\/gohike.lv\/wp-content\/uploads\/2024\/03\/Pseries_orange.webp","width":800,"height":800},{"@type":"BreadcrumbList","@id":"https:\/\/gohike.lv\/ru\/produkts\/naturehike-p-serijas-gimenes-kempinga-telts-2p\/#breadcrumb","itemListElement":[{"@type":"ListItem","position":1,"name":"\u0413\u043b\u0430\u0432\u043d\u0430\u044f","item":"https:\/\/gohike.lv\/ru\/"},{"@type":"ListItem","position":2,"name":"\u041a\u0430\u0442\u0435\u0433\u043e\u0440\u0438\u0438 \u0442\u043e\u0432\u0430\u0440\u043e\u0432","item":"https:\/\/gohike.lv\/%d0%ba%d0%b0%d1%82%d0%b5%d0%b3%d0%be%d1%80%d0%b8%d0%b8-%d1%82%d0%be%d0%b2%d0%b0%d1%80%d0%be%d0%b2\/"},{"@type":"ListItem","position":3,"name":"Naturehike &#8211; P\u00a0s\u0113rijas \u0123imenes telts &#8211; 2p"}]},{"@type":"WebSite","@id":"https:\/\/gohike.lv\/ru\/#website","url":"https:\/\/gohike.lv\/ru\/","name":"GoHike","description":"","publisher":{"@id":"https:\/\/gohike.lv\/ru\/#organization"},"potentialAction":[{"@type":"SearchAction","target":{"@type":"EntryPoint","urlTemplate":"https:\/\/gohike.lv\/ru\/?s={search_term_string}"},"query-input":{"@type":"PropertyValueSpecification","valueRequired":true,"valueName":"search_term_string"}}],"inLanguage":"ru-RU"},{"@type":"Organization","@id":"https:\/\/gohike.lv\/ru\/#organization","name":"GoHike","url":"https:\/\/gohike.lv\/ru\/","logo":{"@type":"ImageObject","inLanguage":"ru-RU","@id":"https:\/\/gohike.lv\/ru\/#\/schema\/logo\/image\/","url":"https:\/\/gohike.lv\/wp-content\/uploads\/2023\/08\/Logo_GoHike.webp","contentUrl":"https:\/\/gohike.lv\/wp-content\/uploads\/2023\/08\/Logo_GoHike.webp","width":512,"height":512,"caption":"GoHike"},"image":{"@id":"https:\/\/gohike.lv\/ru\/#\/schema\/logo\/image\/"},"sameAs":["https:\/\/www.facebook.com\/gohike.shop\/","https:\/\/www.instagram.com\/gohike.shop\/"]}]}},"jetpack_sharing_enabled":true,"_links":{"self":[{"href":"https:\/\/gohike.lv\/ru\/wp-json\/wp\/v2\/product\/45833","targetHints":{"allow":["GET"]}}],"collection":[{"href":"https:\/\/gohike.lv\/ru\/wp-json\/wp\/v2\/product"}],"about":[{"href":"https:\/\/gohike.lv\/ru\/wp-json\/wp\/v2\/types\/product"}],"version-history":[{"count":2,"href":"https:\/\/gohike.lv\/ru\/wp-json\/wp\/v2\/product\/45833\/revisions"}],"predecessor-version":[{"id":119008,"href":"https:\/\/gohike.lv\/ru\/wp-json\/wp\/v2\/product\/45833\/revisions\/119008"}],"wp:featuredmedia":[{"embeddable":true,"href":"https:\/\/gohike.lv\/ru\/wp-json\/wp\/v2\/media\/26563"}],"wp:attachment":[{"href":"https:\/\/gohike.lv\/ru\/wp-json\/wp\/v2\/media?parent=45833"}],"wp:term":[{"taxonomy":"product_brand","embeddable":true,"href":"https:\/\/gohike.lv\/ru\/wp-json\/wp\/v2\/product_brand?post=45833"},{"taxonomy":"product_cat","embeddable":true,"href":"https:\/\/gohike.lv\/ru\/wp-json\/wp\/v2\/product_cat?post=45833"},{"taxonomy":"product_tag","embeddable":true,"href":"https:\/\/gohike.lv\/ru\/wp-json\/wp\/v2\/product_tag?post=45833"}],"curies":[{"name":"wp","href":"https:\/\/api.w.org\/{rel}","templated":true}]}}