{"id":45641,"date":"2024-04-29T14:00:08","date_gmt":"2024-04-29T11:00:08","guid":{"rendered":"https:\/\/gohike.lv\/produkts\/naturehike-tents-glacier-awning-q-9b-ti-vinyl-verison-haki\/"},"modified":"2025-12-30T17:24:53","modified_gmt":"2025-12-30T14:24:53","slug":"naturehike-tents-glacier-awning-q-9b-ti-vinyl-verison-haki","status":"publish","type":"product","link":"https:\/\/gohike.lv\/ru\/produkts\/naturehike-tents-glacier-awning-q-9b-ti-vinyl-verison-haki\/","title":{"rendered":"Naturehike &#8212; Glacier nojume ar 2 stabiem \u2013 XL"},"content":{"rendered":"<p>Nojume ir viegli uzst\u0101d\u0101ma un iztur\u012bga, nodro\u0161ina aizsardz\u012bbu no saules gaismas, nokri\u0161\u0146iem, v\u0113ja br\u0101zm\u0101m.<br \/>\nPamat\u0101 ir 150D Oxford audums ar sudraba p\u0101rkl\u0101jumu.<br \/>\nUzst\u0101d\u012b\u0161ana notiek, izmantojot stabus ar diametru 2,5cm un augstumu 240 cm.<br \/>\n\u016adensiztur\u012bbas pak\u0101pe sasniedz aptuveni 1500 milimetrus \u016bdens staba.<br \/>\nNojumes un t\u0101s piederumu uzglab\u0101\u0161anai paredz\u0113ta speci\u0101la soma.<br \/>\nRaksturlielumi:<br \/>\nKr\u0101sa \u2013 pel\u0113ka;<br \/>\nIzm\u0113ri: 6,8*5,76 m;<br \/>\nIzm\u0113ri saloc\u012bt\u0101 veid\u0101: 70*16*16 cm;<br \/>\nSvars 5,7 kg.<\/p>\n","protected":false},"excerpt":{"rendered":"<p>Tents t\u016brisma aktivit\u0101t\u0113m, nodro\u0161ina dro\u0161u aizsardz\u012bbu no mitruma, v\u0113ja br\u0101zm\u0101m un saules gaismas, tam ir iztur\u012bgs un \u0113rts dizains.<\/p>\n","protected":false},"featured_media":23593,"template":"","meta":[],"product_brand":[167],"product_cat":[1817],"product_tag":[],"class_list":{"0":"post-45641","1":"product","2":"type-product","3":"status-publish","4":"has-post-thumbnail","6":"product_brand-naturehike-lv","7":"product_cat-teltis-un-tenti","8":"pa_izmeriscm-10040","9":"pa_produkta-tips-tenti","10":"pa_spalva-haki","11":"pa_telts-materials-150d-oksfordas-audums-ar-sudraba-parklajumu","12":"pa_telts-materials-pu1500mm","14":"first","15":"outofstock","16":"taxable","17":"shipping-taxable","18":"purchasable","19":"product-type-simple"},"raw_content":{"name":"Naturehike - Glacier nojume ar 2 stabiem \u2013 XL","description":"Nojume ir viegli uzst\u0101d\u0101ma un iztur\u012bga, nodro\u0161ina aizsardz\u012bbu no saules gaismas, nokri\u0161\u0146iem, v\u0113ja br\u0101zm\u0101m.\nPamat\u0101 ir 150D Oxford audums ar sudraba p\u0101rkl\u0101jumu.\nUzst\u0101d\u012b\u0161ana notiek, izmantojot stabus ar diametru 2,5cm un augstumu 240 cm.\n\u016adensiztur\u012bbas pak\u0101pe sasniedz aptuveni 1500 milimetrus \u016bdens staba.\nNojumes un t\u0101s piederumu uzglab\u0101\u0161anai paredz\u0113ta speci\u0101la soma.\nRaksturlielumi:\nKr\u0101sa \u2013 pel\u0113ka;\nIzm\u0113ri: 6,8*5,76 m;\nIzm\u0113ri saloc\u012bt\u0101 veid\u0101: 70*16*16 cm;\nSvars 5,7 kg.","short_description":"Tents t\u016brisma aktivit\u0101t\u0113m, nodro\u0161ina dro\u0161u aizsardz\u012bbu no mitruma, v\u0113ja br\u0101zm\u0101m un saules gaismas, tam ir iztur\u012bgs un \u0113rts dizains.","status":"publish","sku":"6976023923470","original":45641},"wpml":{"translation_type":1,"has_translations":true,"original":45641,"duplicates":[],"translations":{"lv":45641,"en":67985,"ru":null}},"supplier_id":null,"supplier_sku":"","barcode":null,"atum_controlled":true,"out_stock_date":"2025-06-13 12:32:15","out_stock_threshold":null,"inheritable":false,"inbound_stock":0,"stock_on_hold":0,"sold_today":0,"sales_last_days":0,"reserved_stock":0,"customer_returns":0,"warehouse_damage":0,"lost_in_post":0,"other_logs":0,"out_stock_days":153,"lost_sales":0,"has_location":false,"update_date":"2025-12-30T14:30:42","atum_locations":[],"atum_stock_status":"outofstock","restock_status":false,"low_stock_amount":"","sales_update_date":"2025-11-13T14:09:05","calc_backorders":null,"yoast_head":"<!-- This site is optimized with the Yoast SEO plugin v27.3 - https:\/\/yoast.com\/product\/yoast-seo-wordpress\/ -->\n<title>Naturehike - Glacier nojume ar 2 stabiem \u2013 XL<\/title>\n<meta name=\"description\" content=\"Tents t\u016brisma aktivit\u0101t\u0113m, nodro\u0161ina dro\u0161u aizsardz\u012bbu no mitruma, v\u0113ja br\u0101zm\u0101m un saules gaismas, tam ir iztur\u012bgs un \u0113rts dizains.\" \/>\n<meta name=\"robots\" content=\"index, follow, max-snippet:-1, max-image-preview:large, max-video-preview:-1\" \/>\n<link rel=\"canonical\" href=\"https:\/\/gohike.lv\/ru\/produkts\/naturehike-tents-glacier-awning-q-9b-ti-vinyl-verison-haki\/\" \/>\n<meta property=\"og:locale\" content=\"ru_RU\" \/>\n<meta property=\"og:type\" content=\"article\" \/>\n<meta property=\"og:title\" content=\"Naturehike - Tents\" \/>\n<meta property=\"og:description\" content=\"Tents t\u016brisma aktivit\u0101t\u0113m, nodro\u0161ina dro\u0161u aizsardz\u012bbu no mitruma, v\u0113ja br\u0101zm\u0101m un saules gaismas, tam ir iztur\u012bgs un \u0113rts dizains.\" \/>\n<meta property=\"og:url\" content=\"https:\/\/gohike.lv\/ru\/produkts\/naturehike-tents-glacier-awning-q-9b-ti-vinyl-verison-haki\/\" \/>\n<meta property=\"og:site_name\" content=\"GoHike\" \/>\n<meta property=\"article:publisher\" content=\"https:\/\/www.facebook.com\/gohike.shop\/\" \/>\n<meta property=\"article:modified_time\" content=\"2025-12-30T14:24:53+00:00\" \/>\n<meta property=\"og:image\" content=\"https:\/\/gohike.lv\/wp-content\/uploads\/2024\/03\/glacier-awning-canopy.webp\" \/>\n\t<meta property=\"og:image:width\" content=\"800\" \/>\n\t<meta property=\"og:image:height\" content=\"800\" \/>\n\t<meta property=\"og:image:type\" content=\"image\/webp\" \/>\n<meta name=\"twitter:card\" content=\"summary_large_image\" \/>\n<meta name=\"twitter:title\" content=\"Naturehike - Tents\" \/>\n<meta name=\"twitter:label1\" content=\"\u041f\u0440\u0438\u043c\u0435\u0440\u043d\u043e\u0435 \u0432\u0440\u0435\u043c\u044f \u0434\u043b\u044f \u0447\u0442\u0435\u043d\u0438\u044f\" \/>\n\t<meta name=\"twitter:data1\" content=\"1 \u043c\u0438\u043d\u0443\u0442\u0430\" \/>\n<script type=\"application\/ld+json\" class=\"yoast-schema-graph\">{\"@context\":\"https:\\\/\\\/schema.org\",\"@graph\":[{\"@type\":[\"WebPage\",\"ItemPage\"],\"@id\":\"https:\\\/\\\/gohike.lv\\\/ru\\\/produkts\\\/naturehike-tents-glacier-awning-q-9b-ti-vinyl-verison-haki\\\/\",\"url\":\"https:\\\/\\\/gohike.lv\\\/ru\\\/produkts\\\/naturehike-tents-glacier-awning-q-9b-ti-vinyl-verison-haki\\\/\",\"name\":\"Naturehike - Glacier nojume ar 2 stabiem \u2013 XL\",\"isPartOf\":{\"@id\":\"https:\\\/\\\/gohike.lv\\\/ru\\\/#website\"},\"primaryImageOfPage\":{\"@id\":\"https:\\\/\\\/gohike.lv\\\/ru\\\/produkts\\\/naturehike-tents-glacier-awning-q-9b-ti-vinyl-verison-haki\\\/#primaryimage\"},\"image\":{\"@id\":\"https:\\\/\\\/gohike.lv\\\/ru\\\/produkts\\\/naturehike-tents-glacier-awning-q-9b-ti-vinyl-verison-haki\\\/#primaryimage\"},\"thumbnailUrl\":\"https:\\\/\\\/gohike.lv\\\/wp-content\\\/uploads\\\/2024\\\/03\\\/glacier-awning-canopy.webp\",\"datePublished\":\"2024-04-29T11:00:08+00:00\",\"dateModified\":\"2025-12-30T14:24:53+00:00\",\"description\":\"Tents t\u016brisma aktivit\u0101t\u0113m, nodro\u0161ina dro\u0161u aizsardz\u012bbu no mitruma, v\u0113ja br\u0101zm\u0101m un saules gaismas, tam ir iztur\u012bgs un \u0113rts dizains.\",\"breadcrumb\":{\"@id\":\"https:\\\/\\\/gohike.lv\\\/ru\\\/produkts\\\/naturehike-tents-glacier-awning-q-9b-ti-vinyl-verison-haki\\\/#breadcrumb\"},\"inLanguage\":\"ru-RU\",\"potentialAction\":[{\"@type\":\"ReadAction\",\"target\":[\"https:\\\/\\\/gohike.lv\\\/ru\\\/produkts\\\/naturehike-tents-glacier-awning-q-9b-ti-vinyl-verison-haki\\\/\"]}]},{\"@type\":\"ImageObject\",\"inLanguage\":\"ru-RU\",\"@id\":\"https:\\\/\\\/gohike.lv\\\/ru\\\/produkts\\\/naturehike-tents-glacier-awning-q-9b-ti-vinyl-verison-haki\\\/#primaryimage\",\"url\":\"https:\\\/\\\/gohike.lv\\\/wp-content\\\/uploads\\\/2024\\\/03\\\/glacier-awning-canopy.webp\",\"contentUrl\":\"https:\\\/\\\/gohike.lv\\\/wp-content\\\/uploads\\\/2024\\\/03\\\/glacier-awning-canopy.webp\",\"width\":800,\"height\":800},{\"@type\":\"BreadcrumbList\",\"@id\":\"https:\\\/\\\/gohike.lv\\\/ru\\\/produkts\\\/naturehike-tents-glacier-awning-q-9b-ti-vinyl-verison-haki\\\/#breadcrumb\",\"itemListElement\":[{\"@type\":\"ListItem\",\"position\":1,\"name\":\"\u0413\u043b\u0430\u0432\u043d\u0430\u044f\",\"item\":\"https:\\\/\\\/gohike.lv\\\/ru\\\/\"},{\"@type\":\"ListItem\",\"position\":2,\"name\":\"\u041a\u0430\u0442\u0435\u0433\u043e\u0440\u0438\u0438 \u0442\u043e\u0432\u0430\u0440\u043e\u0432\",\"item\":\"https:\\\/\\\/gohike.lv\\\/%d0%ba%d0%b0%d1%82%d0%b5%d0%b3%d0%be%d1%80%d0%b8%d0%b8-%d1%82%d0%be%d0%b2%d0%b0%d1%80%d0%be%d0%b2\\\/\"},{\"@type\":\"ListItem\",\"position\":3,\"name\":\"Naturehike &#8211; Glacier nojume ar 2 stabiem \u2013 XL\"}]},{\"@type\":\"WebSite\",\"@id\":\"https:\\\/\\\/gohike.lv\\\/ru\\\/#website\",\"url\":\"https:\\\/\\\/gohike.lv\\\/ru\\\/\",\"name\":\"GoHike\",\"description\":\"\",\"publisher\":{\"@id\":\"https:\\\/\\\/gohike.lv\\\/ru\\\/#organization\"},\"potentialAction\":[{\"@type\":\"SearchAction\",\"target\":{\"@type\":\"EntryPoint\",\"urlTemplate\":\"https:\\\/\\\/gohike.lv\\\/ru\\\/?s={search_term_string}\"},\"query-input\":{\"@type\":\"PropertyValueSpecification\",\"valueRequired\":true,\"valueName\":\"search_term_string\"}}],\"inLanguage\":\"ru-RU\"},{\"@type\":\"Organization\",\"@id\":\"https:\\\/\\\/gohike.lv\\\/ru\\\/#organization\",\"name\":\"GoHike\",\"url\":\"https:\\\/\\\/gohike.lv\\\/ru\\\/\",\"logo\":{\"@type\":\"ImageObject\",\"inLanguage\":\"ru-RU\",\"@id\":\"https:\\\/\\\/gohike.lv\\\/ru\\\/#\\\/schema\\\/logo\\\/image\\\/\",\"url\":\"https:\\\/\\\/gohike.lv\\\/wp-content\\\/uploads\\\/2023\\\/08\\\/Logo_GoHike.webp\",\"contentUrl\":\"https:\\\/\\\/gohike.lv\\\/wp-content\\\/uploads\\\/2023\\\/08\\\/Logo_GoHike.webp\",\"width\":512,\"height\":512,\"caption\":\"GoHike\"},\"image\":{\"@id\":\"https:\\\/\\\/gohike.lv\\\/ru\\\/#\\\/schema\\\/logo\\\/image\\\/\"},\"sameAs\":[\"https:\\\/\\\/www.facebook.com\\\/gohike.shop\\\/\",\"https:\\\/\\\/www.instagram.com\\\/gohike.shop\\\/\"]}]}<\/script>\n<!-- \/ Yoast SEO plugin. -->","yoast_head_json":{"title":"Naturehike - Glacier nojume ar 2 stabiem \u2013 XL","description":"Tents t\u016brisma aktivit\u0101t\u0113m, nodro\u0161ina dro\u0161u aizsardz\u012bbu no mitruma, v\u0113ja br\u0101zm\u0101m un saules gaismas, tam ir iztur\u012bgs un \u0113rts dizains.","robots":{"index":"index","follow":"follow","max-snippet":"max-snippet:-1","max-image-preview":"max-image-preview:large","max-video-preview":"max-video-preview:-1"},"canonical":"https:\/\/gohike.lv\/ru\/produkts\/naturehike-tents-glacier-awning-q-9b-ti-vinyl-verison-haki\/","og_locale":"ru_RU","og_type":"article","og_title":"Naturehike - Tents","og_description":"Tents t\u016brisma aktivit\u0101t\u0113m, nodro\u0161ina dro\u0161u aizsardz\u012bbu no mitruma, v\u0113ja br\u0101zm\u0101m un saules gaismas, tam ir iztur\u012bgs un \u0113rts dizains.","og_url":"https:\/\/gohike.lv\/ru\/produkts\/naturehike-tents-glacier-awning-q-9b-ti-vinyl-verison-haki\/","og_site_name":"GoHike","article_publisher":"https:\/\/www.facebook.com\/gohike.shop\/","article_modified_time":"2025-12-30T14:24:53+00:00","og_image":[{"width":800,"height":800,"url":"https:\/\/gohike.lv\/wp-content\/uploads\/2024\/03\/glacier-awning-canopy.webp","type":"image\/webp"}],"twitter_card":"summary_large_image","twitter_title":"Naturehike - Tents","twitter_misc":{"\u041f\u0440\u0438\u043c\u0435\u0440\u043d\u043e\u0435 \u0432\u0440\u0435\u043c\u044f \u0434\u043b\u044f \u0447\u0442\u0435\u043d\u0438\u044f":"1 \u043c\u0438\u043d\u0443\u0442\u0430"},"schema":{"@context":"https:\/\/schema.org","@graph":[{"@type":["WebPage","ItemPage"],"@id":"https:\/\/gohike.lv\/ru\/produkts\/naturehike-tents-glacier-awning-q-9b-ti-vinyl-verison-haki\/","url":"https:\/\/gohike.lv\/ru\/produkts\/naturehike-tents-glacier-awning-q-9b-ti-vinyl-verison-haki\/","name":"Naturehike - Glacier nojume ar 2 stabiem \u2013 XL","isPartOf":{"@id":"https:\/\/gohike.lv\/ru\/#website"},"primaryImageOfPage":{"@id":"https:\/\/gohike.lv\/ru\/produkts\/naturehike-tents-glacier-awning-q-9b-ti-vinyl-verison-haki\/#primaryimage"},"image":{"@id":"https:\/\/gohike.lv\/ru\/produkts\/naturehike-tents-glacier-awning-q-9b-ti-vinyl-verison-haki\/#primaryimage"},"thumbnailUrl":"https:\/\/gohike.lv\/wp-content\/uploads\/2024\/03\/glacier-awning-canopy.webp","datePublished":"2024-04-29T11:00:08+00:00","dateModified":"2025-12-30T14:24:53+00:00","description":"Tents t\u016brisma aktivit\u0101t\u0113m, nodro\u0161ina dro\u0161u aizsardz\u012bbu no mitruma, v\u0113ja br\u0101zm\u0101m un saules gaismas, tam ir iztur\u012bgs un \u0113rts dizains.","breadcrumb":{"@id":"https:\/\/gohike.lv\/ru\/produkts\/naturehike-tents-glacier-awning-q-9b-ti-vinyl-verison-haki\/#breadcrumb"},"inLanguage":"ru-RU","potentialAction":[{"@type":"ReadAction","target":["https:\/\/gohike.lv\/ru\/produkts\/naturehike-tents-glacier-awning-q-9b-ti-vinyl-verison-haki\/"]}]},{"@type":"ImageObject","inLanguage":"ru-RU","@id":"https:\/\/gohike.lv\/ru\/produkts\/naturehike-tents-glacier-awning-q-9b-ti-vinyl-verison-haki\/#primaryimage","url":"https:\/\/gohike.lv\/wp-content\/uploads\/2024\/03\/glacier-awning-canopy.webp","contentUrl":"https:\/\/gohike.lv\/wp-content\/uploads\/2024\/03\/glacier-awning-canopy.webp","width":800,"height":800},{"@type":"BreadcrumbList","@id":"https:\/\/gohike.lv\/ru\/produkts\/naturehike-tents-glacier-awning-q-9b-ti-vinyl-verison-haki\/#breadcrumb","itemListElement":[{"@type":"ListItem","position":1,"name":"\u0413\u043b\u0430\u0432\u043d\u0430\u044f","item":"https:\/\/gohike.lv\/ru\/"},{"@type":"ListItem","position":2,"name":"\u041a\u0430\u0442\u0435\u0433\u043e\u0440\u0438\u0438 \u0442\u043e\u0432\u0430\u0440\u043e\u0432","item":"https:\/\/gohike.lv\/%d0%ba%d0%b0%d1%82%d0%b5%d0%b3%d0%be%d1%80%d0%b8%d0%b8-%d1%82%d0%be%d0%b2%d0%b0%d1%80%d0%be%d0%b2\/"},{"@type":"ListItem","position":3,"name":"Naturehike &#8211; Glacier nojume ar 2 stabiem \u2013 XL"}]},{"@type":"WebSite","@id":"https:\/\/gohike.lv\/ru\/#website","url":"https:\/\/gohike.lv\/ru\/","name":"GoHike","description":"","publisher":{"@id":"https:\/\/gohike.lv\/ru\/#organization"},"potentialAction":[{"@type":"SearchAction","target":{"@type":"EntryPoint","urlTemplate":"https:\/\/gohike.lv\/ru\/?s={search_term_string}"},"query-input":{"@type":"PropertyValueSpecification","valueRequired":true,"valueName":"search_term_string"}}],"inLanguage":"ru-RU"},{"@type":"Organization","@id":"https:\/\/gohike.lv\/ru\/#organization","name":"GoHike","url":"https:\/\/gohike.lv\/ru\/","logo":{"@type":"ImageObject","inLanguage":"ru-RU","@id":"https:\/\/gohike.lv\/ru\/#\/schema\/logo\/image\/","url":"https:\/\/gohike.lv\/wp-content\/uploads\/2023\/08\/Logo_GoHike.webp","contentUrl":"https:\/\/gohike.lv\/wp-content\/uploads\/2023\/08\/Logo_GoHike.webp","width":512,"height":512,"caption":"GoHike"},"image":{"@id":"https:\/\/gohike.lv\/ru\/#\/schema\/logo\/image\/"},"sameAs":["https:\/\/www.facebook.com\/gohike.shop\/","https:\/\/www.instagram.com\/gohike.shop\/"]}]}},"jetpack_sharing_enabled":true,"_links":{"self":[{"href":"https:\/\/gohike.lv\/ru\/wp-json\/wp\/v2\/product\/45641","targetHints":{"allow":["GET"]}}],"collection":[{"href":"https:\/\/gohike.lv\/ru\/wp-json\/wp\/v2\/product"}],"about":[{"href":"https:\/\/gohike.lv\/ru\/wp-json\/wp\/v2\/types\/product"}],"version-history":[{"count":1,"href":"https:\/\/gohike.lv\/ru\/wp-json\/wp\/v2\/product\/45641\/revisions"}],"predecessor-version":[{"id":118769,"href":"https:\/\/gohike.lv\/ru\/wp-json\/wp\/v2\/product\/45641\/revisions\/118769"}],"wp:featuredmedia":[{"embeddable":true,"href":"https:\/\/gohike.lv\/ru\/wp-json\/wp\/v2\/media\/23593"}],"wp:attachment":[{"href":"https:\/\/gohike.lv\/ru\/wp-json\/wp\/v2\/media?parent=45641"}],"wp:term":[{"taxonomy":"product_brand","embeddable":true,"href":"https:\/\/gohike.lv\/ru\/wp-json\/wp\/v2\/product_brand?post=45641"},{"taxonomy":"product_cat","embeddable":true,"href":"https:\/\/gohike.lv\/ru\/wp-json\/wp\/v2\/product_cat?post=45641"},{"taxonomy":"product_tag","embeddable":true,"href":"https:\/\/gohike.lv\/ru\/wp-json\/wp\/v2\/product_tag?post=45641"}],"curies":[{"name":"wp","href":"https:\/\/api.w.org\/{rel}","templated":true}]}}