{"id":45637,"date":"2024-04-29T14:00:08","date_gmt":"2024-04-29T11:00:08","guid":{"rendered":"https:\/\/gohike.lv\/produkts\/naturehike-upf50-sesstura-brezents-ar-2stabiem-m\/"},"modified":"2025-12-30T17:24:53","modified_gmt":"2025-12-30T14:24:53","slug":"naturehike-upf50-sesstura-brezents-ar-2stabiem-m","status":"publish","type":"product","link":"https:\/\/gohike.lv\/ru\/produkts\/naturehike-upf50-sesstura-brezents-ar-2stabiem-m\/","title":{"rendered":"Naturehike &#8212; UPF50+ Se\u0161st\u016bra nojume ar 2 stabiem &#8212; M"},"content":{"rendered":"<p>150D Oxford ar sudraba nojumes materi\u0101lu, kas ir v\u0113ja un lietus necaurlaid\u012bgs l\u012bdz PU1500MM+ un UV iztur\u012bgs UPF50+.<br \/>\nNojumes n\u016bjas ir izgatavotas no dzelzs, t\u0101s ir iztur\u012bgas, viegli demont\u0113jamas un p\u0101rn\u0113s\u0101jamas, t\u0101s un atvieglo nojumes stabu sasie\u0161anu un atbalst\u012b\u0161anu.<br \/>\nSt\u016bros ir dubult\u0161\u016btas deta\u013cas, lai padar\u012btu to stipr\u0101ku un iztur\u012bg\u0101ku.<br \/>\nKomplekt\u0101 ietilpst atstarojo\u0161as siksnas, lai to var\u0113tu redz\u0113t nakt\u012b.<br \/>\nKompakta un \u0113rti p\u0101rn\u0113s\u0101jama ar komplekt\u0101 ie\u013cauto somu.<\/p>\n","protected":false},"excerpt":{"rendered":"<p>Liel\u0101, daudzfunkcion\u0101l\u0101 nojume no Naturehike ir piem\u0113rota k\u0101 nojume kempingiem un piknikiem. Ar uzst\u0101d\u012b\u0161anas metodi, izmantojot nojumes n\u016bjas vai piesienot ar virvi l\u012bdz pat 10 st\u016bra punktos, \u0161\u012b nojume ir \u013coti iztur\u012bga.<\/p>\n","protected":false},"featured_media":23059,"template":"","meta":[],"product_brand":[167],"product_cat":[1817],"product_tag":[],"class_list":{"0":"post-45637","1":"product","2":"type-product","3":"status-publish","4":"has-post-thumbnail","6":"product_brand-naturehike-lv","7":"product_cat-teltis-un-tenti","8":"pa_aksesuari-winds-express-x-10-awning-rod-x-2-pack-bag-bandage-x-1-awning-x-1-nails-x-10","9":"pa_izmeriscm-10042","10":"pa_kapacitate-m","11":"pa_produkta-tips-tenti","12":"pa_telts-materials-150d-oksfordas-audums-ar-sudraba-parklajumu","13":"pa_telts-materials-pu1500mm","15":"first","16":"instock","17":"taxable","18":"shipping-taxable","19":"purchasable","20":"product-type-simple"},"raw_content":{"name":"Naturehike - UPF50+ Se\u0161st\u016bra nojume ar 2 stabiem - M","description":"150D Oxford ar sudraba nojumes materi\u0101lu, kas ir v\u0113ja un lietus necaurlaid\u012bgs l\u012bdz PU1500MM+ un UV iztur\u012bgs UPF50+.\nNojumes n\u016bjas ir izgatavotas no dzelzs, t\u0101s ir iztur\u012bgas, viegli demont\u0113jamas un p\u0101rn\u0113s\u0101jamas, t\u0101s un atvieglo nojumes stabu sasie\u0161anu un atbalst\u012b\u0161anu.\nSt\u016bros ir dubult\u0161\u016btas deta\u013cas, lai padar\u012btu to stipr\u0101ku un iztur\u012bg\u0101ku.\nKomplekt\u0101 ietilpst atstarojo\u0161as siksnas, lai to var\u0113tu redz\u0113t nakt\u012b.\nKompakta un \u0113rti p\u0101rn\u0113s\u0101jama ar komplekt\u0101 ie\u013cauto somu.","short_description":"Liel\u0101, daudzfunkcion\u0101l\u0101 nojume no Naturehike ir piem\u0113rota k\u0101 nojume kempingiem un piknikiem. Ar uzst\u0101d\u012b\u0161anas metodi, izmantojot nojumes n\u016bjas vai piesienot ar virvi l\u012bdz pat 10 st\u016bra punktos, \u0161\u012b nojume ir \u013coti iztur\u012bga.","status":"publish","sku":"6927595777787","original":45637},"wpml":{"translation_type":1,"has_translations":true,"original":45637,"duplicates":[],"translations":{"lv":45637,"en":67980,"ru":null}},"supplier_id":null,"supplier_sku":"","barcode":null,"atum_controlled":true,"out_stock_date":null,"out_stock_threshold":null,"inheritable":false,"inbound_stock":0,"stock_on_hold":0,"sold_today":0,"sales_last_days":0,"reserved_stock":0,"customer_returns":0,"warehouse_damage":0,"lost_in_post":0,"other_logs":0,"out_stock_days":0,"lost_sales":0,"has_location":false,"update_date":"2025-12-30T14:30:42","atum_locations":[],"atum_stock_status":"instock","restock_status":false,"low_stock_amount":"","sales_update_date":"2025-11-13T13:36:28","calc_backorders":null,"yoast_head":"<!-- This site is optimized with the Yoast SEO plugin v27.3 - https:\/\/yoast.com\/product\/yoast-seo-wordpress\/ -->\n<title>Naturehike - UPF50+ Se\u0161st\u016bra nojume ar 2 stabiem - M<\/title>\n<meta name=\"description\" content=\"Liel\u0101, daudzfunkcion\u0101l\u0101 nojume no Naturehike ir piem\u0113rota k\u0101 nojume kempingiem un piknikiem. Ar uzst\u0101d\u012b\u0161anas metodi, izmantojot nojumes n\u016bjas vai piesienot ar virvi l\u012bdz pat 10 st\u016bra punktos, \u0161\u012b nojume ir \u013coti iztur\u012bga.\" \/>\n<meta name=\"robots\" content=\"index, follow, max-snippet:-1, max-image-preview:large, max-video-preview:-1\" \/>\n<link rel=\"canonical\" href=\"https:\/\/gohike.lv\/ru\/produkts\/naturehike-upf50-sesstura-brezents-ar-2stabiem-m\/\" \/>\n<meta property=\"og:locale\" content=\"ru_RU\" \/>\n<meta property=\"og:type\" content=\"article\" \/>\n<meta property=\"og:title\" content=\"Naturehike - Tents\" \/>\n<meta property=\"og:description\" content=\"Liel\u0101, daudzfunkcion\u0101l\u0101 nojume no Naturehike ir piem\u0113rota k\u0101 nojume kempingiem un piknikiem. Ar uzst\u0101d\u012b\u0161anas metodi, izmantojot nojumes n\u016bjas vai piesienot ar virvi l\u012bdz pat 10 st\u016bra punktos, \u0161\u012b nojume ir \u013coti iztur\u012bga.\" \/>\n<meta property=\"og:url\" content=\"https:\/\/gohike.lv\/ru\/produkts\/naturehike-upf50-sesstura-brezents-ar-2stabiem-m\/\" \/>\n<meta property=\"og:site_name\" content=\"GoHike\" \/>\n<meta property=\"article:publisher\" content=\"https:\/\/www.facebook.com\/gohike.shop\/\" \/>\n<meta property=\"article:modified_time\" content=\"2025-12-30T14:24:53+00:00\" \/>\n<meta property=\"og:image\" content=\"https:\/\/gohike.lv\/wp-content\/uploads\/2024\/03\/Hexagon_tarp_.webp\" \/>\n\t<meta property=\"og:image:width\" content=\"800\" \/>\n\t<meta property=\"og:image:height\" content=\"800\" \/>\n\t<meta property=\"og:image:type\" content=\"image\/webp\" \/>\n<meta name=\"twitter:card\" content=\"summary_large_image\" \/>\n<meta name=\"twitter:title\" content=\"Naturehike - Tents\" \/>\n<meta name=\"twitter:label1\" content=\"\u041f\u0440\u0438\u043c\u0435\u0440\u043d\u043e\u0435 \u0432\u0440\u0435\u043c\u044f \u0434\u043b\u044f \u0447\u0442\u0435\u043d\u0438\u044f\" \/>\n\t<meta name=\"twitter:data1\" content=\"1 \u043c\u0438\u043d\u0443\u0442\u0430\" \/>\n<script type=\"application\/ld+json\" class=\"yoast-schema-graph\">{\"@context\":\"https:\\\/\\\/schema.org\",\"@graph\":[{\"@type\":[\"WebPage\",\"ItemPage\"],\"@id\":\"https:\\\/\\\/gohike.lv\\\/ru\\\/produkts\\\/naturehike-upf50-sesstura-brezents-ar-2stabiem-m\\\/\",\"url\":\"https:\\\/\\\/gohike.lv\\\/ru\\\/produkts\\\/naturehike-upf50-sesstura-brezents-ar-2stabiem-m\\\/\",\"name\":\"Naturehike - UPF50+ Se\u0161st\u016bra nojume ar 2 stabiem - M\",\"isPartOf\":{\"@id\":\"https:\\\/\\\/gohike.lv\\\/ru\\\/#website\"},\"primaryImageOfPage\":{\"@id\":\"https:\\\/\\\/gohike.lv\\\/ru\\\/produkts\\\/naturehike-upf50-sesstura-brezents-ar-2stabiem-m\\\/#primaryimage\"},\"image\":{\"@id\":\"https:\\\/\\\/gohike.lv\\\/ru\\\/produkts\\\/naturehike-upf50-sesstura-brezents-ar-2stabiem-m\\\/#primaryimage\"},\"thumbnailUrl\":\"https:\\\/\\\/gohike.lv\\\/wp-content\\\/uploads\\\/2024\\\/03\\\/Hexagon_tarp_.webp\",\"datePublished\":\"2024-04-29T11:00:08+00:00\",\"dateModified\":\"2025-12-30T14:24:53+00:00\",\"description\":\"Liel\u0101, daudzfunkcion\u0101l\u0101 nojume no Naturehike ir piem\u0113rota k\u0101 nojume kempingiem un piknikiem. Ar uzst\u0101d\u012b\u0161anas metodi, izmantojot nojumes n\u016bjas vai piesienot ar virvi l\u012bdz pat 10 st\u016bra punktos, \u0161\u012b nojume ir \u013coti iztur\u012bga.\",\"breadcrumb\":{\"@id\":\"https:\\\/\\\/gohike.lv\\\/ru\\\/produkts\\\/naturehike-upf50-sesstura-brezents-ar-2stabiem-m\\\/#breadcrumb\"},\"inLanguage\":\"ru-RU\",\"potentialAction\":[{\"@type\":\"ReadAction\",\"target\":[\"https:\\\/\\\/gohike.lv\\\/ru\\\/produkts\\\/naturehike-upf50-sesstura-brezents-ar-2stabiem-m\\\/\"]}]},{\"@type\":\"ImageObject\",\"inLanguage\":\"ru-RU\",\"@id\":\"https:\\\/\\\/gohike.lv\\\/ru\\\/produkts\\\/naturehike-upf50-sesstura-brezents-ar-2stabiem-m\\\/#primaryimage\",\"url\":\"https:\\\/\\\/gohike.lv\\\/wp-content\\\/uploads\\\/2024\\\/03\\\/Hexagon_tarp_.webp\",\"contentUrl\":\"https:\\\/\\\/gohike.lv\\\/wp-content\\\/uploads\\\/2024\\\/03\\\/Hexagon_tarp_.webp\",\"width\":800,\"height\":800},{\"@type\":\"BreadcrumbList\",\"@id\":\"https:\\\/\\\/gohike.lv\\\/ru\\\/produkts\\\/naturehike-upf50-sesstura-brezents-ar-2stabiem-m\\\/#breadcrumb\",\"itemListElement\":[{\"@type\":\"ListItem\",\"position\":1,\"name\":\"\u0413\u043b\u0430\u0432\u043d\u0430\u044f\",\"item\":\"https:\\\/\\\/gohike.lv\\\/ru\\\/\"},{\"@type\":\"ListItem\",\"position\":2,\"name\":\"\u041a\u0430\u0442\u0435\u0433\u043e\u0440\u0438\u0438 \u0442\u043e\u0432\u0430\u0440\u043e\u0432\",\"item\":\"https:\\\/\\\/gohike.lv\\\/%d0%ba%d0%b0%d1%82%d0%b5%d0%b3%d0%be%d1%80%d0%b8%d0%b8-%d1%82%d0%be%d0%b2%d0%b0%d1%80%d0%be%d0%b2\\\/\"},{\"@type\":\"ListItem\",\"position\":3,\"name\":\"Naturehike &#8211; UPF50+ Se\u0161st\u016bra nojume ar 2 stabiem &#8211; M\"}]},{\"@type\":\"WebSite\",\"@id\":\"https:\\\/\\\/gohike.lv\\\/ru\\\/#website\",\"url\":\"https:\\\/\\\/gohike.lv\\\/ru\\\/\",\"name\":\"GoHike\",\"description\":\"\",\"publisher\":{\"@id\":\"https:\\\/\\\/gohike.lv\\\/ru\\\/#organization\"},\"potentialAction\":[{\"@type\":\"SearchAction\",\"target\":{\"@type\":\"EntryPoint\",\"urlTemplate\":\"https:\\\/\\\/gohike.lv\\\/ru\\\/?s={search_term_string}\"},\"query-input\":{\"@type\":\"PropertyValueSpecification\",\"valueRequired\":true,\"valueName\":\"search_term_string\"}}],\"inLanguage\":\"ru-RU\"},{\"@type\":\"Organization\",\"@id\":\"https:\\\/\\\/gohike.lv\\\/ru\\\/#organization\",\"name\":\"GoHike\",\"url\":\"https:\\\/\\\/gohike.lv\\\/ru\\\/\",\"logo\":{\"@type\":\"ImageObject\",\"inLanguage\":\"ru-RU\",\"@id\":\"https:\\\/\\\/gohike.lv\\\/ru\\\/#\\\/schema\\\/logo\\\/image\\\/\",\"url\":\"https:\\\/\\\/gohike.lv\\\/wp-content\\\/uploads\\\/2023\\\/08\\\/Logo_GoHike.webp\",\"contentUrl\":\"https:\\\/\\\/gohike.lv\\\/wp-content\\\/uploads\\\/2023\\\/08\\\/Logo_GoHike.webp\",\"width\":512,\"height\":512,\"caption\":\"GoHike\"},\"image\":{\"@id\":\"https:\\\/\\\/gohike.lv\\\/ru\\\/#\\\/schema\\\/logo\\\/image\\\/\"},\"sameAs\":[\"https:\\\/\\\/www.facebook.com\\\/gohike.shop\\\/\",\"https:\\\/\\\/www.instagram.com\\\/gohike.shop\\\/\"]}]}<\/script>\n<!-- \/ Yoast SEO plugin. -->","yoast_head_json":{"title":"Naturehike - UPF50+ Se\u0161st\u016bra nojume ar 2 stabiem - M","description":"Liel\u0101, daudzfunkcion\u0101l\u0101 nojume no Naturehike ir piem\u0113rota k\u0101 nojume kempingiem un piknikiem. Ar uzst\u0101d\u012b\u0161anas metodi, izmantojot nojumes n\u016bjas vai piesienot ar virvi l\u012bdz pat 10 st\u016bra punktos, \u0161\u012b nojume ir \u013coti iztur\u012bga.","robots":{"index":"index","follow":"follow","max-snippet":"max-snippet:-1","max-image-preview":"max-image-preview:large","max-video-preview":"max-video-preview:-1"},"canonical":"https:\/\/gohike.lv\/ru\/produkts\/naturehike-upf50-sesstura-brezents-ar-2stabiem-m\/","og_locale":"ru_RU","og_type":"article","og_title":"Naturehike - Tents","og_description":"Liel\u0101, daudzfunkcion\u0101l\u0101 nojume no Naturehike ir piem\u0113rota k\u0101 nojume kempingiem un piknikiem. Ar uzst\u0101d\u012b\u0161anas metodi, izmantojot nojumes n\u016bjas vai piesienot ar virvi l\u012bdz pat 10 st\u016bra punktos, \u0161\u012b nojume ir \u013coti iztur\u012bga.","og_url":"https:\/\/gohike.lv\/ru\/produkts\/naturehike-upf50-sesstura-brezents-ar-2stabiem-m\/","og_site_name":"GoHike","article_publisher":"https:\/\/www.facebook.com\/gohike.shop\/","article_modified_time":"2025-12-30T14:24:53+00:00","og_image":[{"width":800,"height":800,"url":"https:\/\/gohike.lv\/wp-content\/uploads\/2024\/03\/Hexagon_tarp_.webp","type":"image\/webp"}],"twitter_card":"summary_large_image","twitter_title":"Naturehike - Tents","twitter_misc":{"\u041f\u0440\u0438\u043c\u0435\u0440\u043d\u043e\u0435 \u0432\u0440\u0435\u043c\u044f \u0434\u043b\u044f \u0447\u0442\u0435\u043d\u0438\u044f":"1 \u043c\u0438\u043d\u0443\u0442\u0430"},"schema":{"@context":"https:\/\/schema.org","@graph":[{"@type":["WebPage","ItemPage"],"@id":"https:\/\/gohike.lv\/ru\/produkts\/naturehike-upf50-sesstura-brezents-ar-2stabiem-m\/","url":"https:\/\/gohike.lv\/ru\/produkts\/naturehike-upf50-sesstura-brezents-ar-2stabiem-m\/","name":"Naturehike - UPF50+ Se\u0161st\u016bra nojume ar 2 stabiem - M","isPartOf":{"@id":"https:\/\/gohike.lv\/ru\/#website"},"primaryImageOfPage":{"@id":"https:\/\/gohike.lv\/ru\/produkts\/naturehike-upf50-sesstura-brezents-ar-2stabiem-m\/#primaryimage"},"image":{"@id":"https:\/\/gohike.lv\/ru\/produkts\/naturehike-upf50-sesstura-brezents-ar-2stabiem-m\/#primaryimage"},"thumbnailUrl":"https:\/\/gohike.lv\/wp-content\/uploads\/2024\/03\/Hexagon_tarp_.webp","datePublished":"2024-04-29T11:00:08+00:00","dateModified":"2025-12-30T14:24:53+00:00","description":"Liel\u0101, daudzfunkcion\u0101l\u0101 nojume no Naturehike ir piem\u0113rota k\u0101 nojume kempingiem un piknikiem. Ar uzst\u0101d\u012b\u0161anas metodi, izmantojot nojumes n\u016bjas vai piesienot ar virvi l\u012bdz pat 10 st\u016bra punktos, \u0161\u012b nojume ir \u013coti iztur\u012bga.","breadcrumb":{"@id":"https:\/\/gohike.lv\/ru\/produkts\/naturehike-upf50-sesstura-brezents-ar-2stabiem-m\/#breadcrumb"},"inLanguage":"ru-RU","potentialAction":[{"@type":"ReadAction","target":["https:\/\/gohike.lv\/ru\/produkts\/naturehike-upf50-sesstura-brezents-ar-2stabiem-m\/"]}]},{"@type":"ImageObject","inLanguage":"ru-RU","@id":"https:\/\/gohike.lv\/ru\/produkts\/naturehike-upf50-sesstura-brezents-ar-2stabiem-m\/#primaryimage","url":"https:\/\/gohike.lv\/wp-content\/uploads\/2024\/03\/Hexagon_tarp_.webp","contentUrl":"https:\/\/gohike.lv\/wp-content\/uploads\/2024\/03\/Hexagon_tarp_.webp","width":800,"height":800},{"@type":"BreadcrumbList","@id":"https:\/\/gohike.lv\/ru\/produkts\/naturehike-upf50-sesstura-brezents-ar-2stabiem-m\/#breadcrumb","itemListElement":[{"@type":"ListItem","position":1,"name":"\u0413\u043b\u0430\u0432\u043d\u0430\u044f","item":"https:\/\/gohike.lv\/ru\/"},{"@type":"ListItem","position":2,"name":"\u041a\u0430\u0442\u0435\u0433\u043e\u0440\u0438\u0438 \u0442\u043e\u0432\u0430\u0440\u043e\u0432","item":"https:\/\/gohike.lv\/%d0%ba%d0%b0%d1%82%d0%b5%d0%b3%d0%be%d1%80%d0%b8%d0%b8-%d1%82%d0%be%d0%b2%d0%b0%d1%80%d0%be%d0%b2\/"},{"@type":"ListItem","position":3,"name":"Naturehike &#8211; UPF50+ Se\u0161st\u016bra nojume ar 2 stabiem &#8211; M"}]},{"@type":"WebSite","@id":"https:\/\/gohike.lv\/ru\/#website","url":"https:\/\/gohike.lv\/ru\/","name":"GoHike","description":"","publisher":{"@id":"https:\/\/gohike.lv\/ru\/#organization"},"potentialAction":[{"@type":"SearchAction","target":{"@type":"EntryPoint","urlTemplate":"https:\/\/gohike.lv\/ru\/?s={search_term_string}"},"query-input":{"@type":"PropertyValueSpecification","valueRequired":true,"valueName":"search_term_string"}}],"inLanguage":"ru-RU"},{"@type":"Organization","@id":"https:\/\/gohike.lv\/ru\/#organization","name":"GoHike","url":"https:\/\/gohike.lv\/ru\/","logo":{"@type":"ImageObject","inLanguage":"ru-RU","@id":"https:\/\/gohike.lv\/ru\/#\/schema\/logo\/image\/","url":"https:\/\/gohike.lv\/wp-content\/uploads\/2023\/08\/Logo_GoHike.webp","contentUrl":"https:\/\/gohike.lv\/wp-content\/uploads\/2023\/08\/Logo_GoHike.webp","width":512,"height":512,"caption":"GoHike"},"image":{"@id":"https:\/\/gohike.lv\/ru\/#\/schema\/logo\/image\/"},"sameAs":["https:\/\/www.facebook.com\/gohike.shop\/","https:\/\/www.instagram.com\/gohike.shop\/"]}]}},"jetpack_sharing_enabled":true,"_links":{"self":[{"href":"https:\/\/gohike.lv\/ru\/wp-json\/wp\/v2\/product\/45637","targetHints":{"allow":["GET"]}}],"collection":[{"href":"https:\/\/gohike.lv\/ru\/wp-json\/wp\/v2\/product"}],"about":[{"href":"https:\/\/gohike.lv\/ru\/wp-json\/wp\/v2\/types\/product"}],"version-history":[{"count":1,"href":"https:\/\/gohike.lv\/ru\/wp-json\/wp\/v2\/product\/45637\/revisions"}],"predecessor-version":[{"id":118834,"href":"https:\/\/gohike.lv\/ru\/wp-json\/wp\/v2\/product\/45637\/revisions\/118834"}],"wp:featuredmedia":[{"embeddable":true,"href":"https:\/\/gohike.lv\/ru\/wp-json\/wp\/v2\/media\/23059"}],"wp:attachment":[{"href":"https:\/\/gohike.lv\/ru\/wp-json\/wp\/v2\/media?parent=45637"}],"wp:term":[{"taxonomy":"product_brand","embeddable":true,"href":"https:\/\/gohike.lv\/ru\/wp-json\/wp\/v2\/product_brand?post=45637"},{"taxonomy":"product_cat","embeddable":true,"href":"https:\/\/gohike.lv\/ru\/wp-json\/wp\/v2\/product_cat?post=45637"},{"taxonomy":"product_tag","embeddable":true,"href":"https:\/\/gohike.lv\/ru\/wp-json\/wp\/v2\/product_tag?post=45637"}],"curies":[{"name":"wp","href":"https:\/\/api.w.org\/{rel}","templated":true}]}}