{"id":45635,"date":"2024-04-29T14:00:08","date_gmt":"2024-04-29T11:00:08","guid":{"rendered":"https:\/\/gohike.lv\/produkts\/naturehike-cloud-vessel-light-tunela-telts\/"},"modified":"2025-12-30T17:24:53","modified_gmt":"2025-12-30T14:24:53","slug":"naturehike-cloud-vessel-light-tunela-telts","status":"publish","type":"product","link":"https:\/\/gohike.lv\/ru\/produkts\/naturehike-cloud-vessel-light-tunela-telts\/","title":{"rendered":"Naturehike &#8212; Cloud Vessel Light tune\u013ca telts"},"content":{"rendered":"<p>Ar savu neparasto sadal\u012bjumu \u0161\u012b telts \u013cauj Jums izveidot gu\u013camistabu un dz\u012bvojamo istabu.<br \/>\nIde\u0101li piem\u0113rota daudzb\u0113rnu \u0123imen\u0113m, telts ir paredz\u0113ta 3-5 cilv\u0113kiem.<br \/>\n-Oksfordas audekls.UPF50 UV aizsardz\u012bba;<br \/>\n-Vair\u0101kas papla\u0161in\u0101\u0161anas metodes;<br \/>\n-Gu\u013camistaba un viesistaba;<br \/>\n-Pagarin\u0101ma priek\u0161\u0113j\u0101 un aizmugur\u0113j\u0101 halle, divas s\u0101nu durvis;<br \/>\n-\u016adensiztur\u012bga un v\u0113ja necaurlaid\u012bgs materi\u0101ls.<br \/>\nIzm\u0113ri:<br \/>\nTelts: 575 x 290 x 180 cm;<br \/>\nUzglab\u0101\u0161anas soma: 66 x 26 x 35 cm.<\/p>\n","protected":false},"excerpt":{"rendered":"<p>\u013boti liela \u0123imenes glamping telts no Naturehike.<\/p>\n","protected":false},"featured_media":23575,"template":"","meta":[],"product_brand":[167],"product_cat":[1817],"product_tag":[],"class_list":{"0":"post-45635","1":"product","2":"type-product","3":"status-publish","4":"has-post-thumbnail","6":"product_brand-naturehike-lv","7":"product_cat-teltis-un-tenti","8":"pa_ieksejais-materials-pongee","9":"pa_izmeriscm-10435","10":"pa_kapacitate-3-cilveki","11":"pa_kapacitate-4-cilveki","12":"pa_materials-telts-apaksas-150d-oksfordas-audums","13":"pa_produkta-tips-kempinga-teltis","14":"pa_saliktas-preces-izmerscm-10436","15":"pa_spalva-dzeltens","16":"pa_stabi-7001-aluminijs","17":"pa_telts-materials-50d-poliesters","18":"pa_telts-materials-pu20000","20":"first","21":"instock","22":"taxable","23":"shipping-taxable","24":"purchasable","25":"product-type-simple"},"raw_content":{"name":"Naturehike - Cloud Vessel Light tune\u013ca telts","description":"Ar savu neparasto sadal\u012bjumu \u0161\u012b telts \u013cauj Jums izveidot gu\u013camistabu un dz\u012bvojamo istabu.\nIde\u0101li piem\u0113rota daudzb\u0113rnu \u0123imen\u0113m, telts ir paredz\u0113ta 3-5 cilv\u0113kiem.\n-Oksfordas audekls.UPF50 UV aizsardz\u012bba;\n-Vair\u0101kas papla\u0161in\u0101\u0161anas metodes;\n-Gu\u013camistaba un viesistaba;\n-Pagarin\u0101ma priek\u0161\u0113j\u0101 un aizmugur\u0113j\u0101 halle, divas s\u0101nu durvis;\n-\u016adensiztur\u012bga un v\u0113ja necaurlaid\u012bgs materi\u0101ls.\nIzm\u0113ri:\nTelts: 575 x 290 x 180 cm;\nUzglab\u0101\u0161anas soma: 66 x 26 x 35 cm.","short_description":"\u013boti liela \u0123imenes glamping telts no Naturehike.","status":"publish","sku":"6975641888406","original":45635},"wpml":{"translation_type":1,"has_translations":true,"original":45635,"duplicates":[],"translations":{"lv":45635,"en":67981,"ru":null}},"supplier_id":null,"supplier_sku":"","barcode":null,"atum_controlled":true,"out_stock_date":null,"out_stock_threshold":null,"inheritable":false,"inbound_stock":0,"stock_on_hold":0,"sold_today":0,"sales_last_days":0,"reserved_stock":0,"customer_returns":0,"warehouse_damage":0,"lost_in_post":0,"other_logs":0,"out_stock_days":0,"lost_sales":0,"has_location":false,"update_date":"2025-12-30T14:30:42","atum_locations":[],"atum_stock_status":"instock","restock_status":false,"low_stock_amount":"","sales_update_date":"2025-11-13T13:36:28","calc_backorders":null,"yoast_head":"<!-- This site is optimized with the Yoast SEO plugin v27.3 - https:\/\/yoast.com\/product\/yoast-seo-wordpress\/ -->\n<title>Naturehike - Cloud Vessel Light tune\u013ca telts<\/title>\n<meta name=\"description\" content=\"\u013boti liela \u0123imenes glamping telts no Naturehike. Ide\u0101li piem\u0113rota daudzb\u0113rnu \u0123imen\u0113m, telts ir paredz\u0113ta 4-5 cilv\u0113kiem.\" \/>\n<meta name=\"robots\" content=\"index, follow, max-snippet:-1, max-image-preview:large, max-video-preview:-1\" \/>\n<link rel=\"canonical\" href=\"https:\/\/gohike.lv\/ru\/produkts\/naturehike-cloud-vessel-light-tunela-telts\/\" \/>\n<meta property=\"og:locale\" content=\"ru_RU\" \/>\n<meta property=\"og:type\" content=\"article\" \/>\n<meta property=\"og:title\" content=\"Naturehike - Kempinga telts\" \/>\n<meta property=\"og:description\" content=\"\u013boti liela \u0123imenes glamping telts no Naturehike. Ide\u0101li piem\u0113rota daudzb\u0113rnu \u0123imen\u0113m, telts ir paredz\u0113ta 4-5 cilv\u0113kiem.\" \/>\n<meta property=\"og:url\" content=\"https:\/\/gohike.lv\/ru\/produkts\/naturehike-cloud-vessel-light-tunela-telts\/\" \/>\n<meta property=\"og:site_name\" content=\"GoHike\" \/>\n<meta property=\"article:publisher\" content=\"https:\/\/www.facebook.com\/gohike.shop\/\" \/>\n<meta property=\"article:modified_time\" content=\"2025-12-30T14:24:53+00:00\" \/>\n<meta property=\"og:image\" content=\"https:\/\/gohike.lv\/wp-content\/uploads\/2024\/03\/Cloud_tunnel_light_.webp\" \/>\n\t<meta property=\"og:image:width\" content=\"800\" \/>\n\t<meta property=\"og:image:height\" content=\"800\" \/>\n\t<meta property=\"og:image:type\" content=\"image\/webp\" \/>\n<meta name=\"twitter:card\" content=\"summary_large_image\" \/>\n<meta name=\"twitter:title\" content=\"Naturehike - Kempinga telts\" \/>\n<meta name=\"twitter:label1\" content=\"\u041f\u0440\u0438\u043c\u0435\u0440\u043d\u043e\u0435 \u0432\u0440\u0435\u043c\u044f \u0434\u043b\u044f \u0447\u0442\u0435\u043d\u0438\u044f\" \/>\n\t<meta name=\"twitter:data1\" content=\"1 \u043c\u0438\u043d\u0443\u0442\u0430\" \/>\n<script type=\"application\/ld+json\" class=\"yoast-schema-graph\">{\"@context\":\"https:\\\/\\\/schema.org\",\"@graph\":[{\"@type\":[\"WebPage\",\"ItemPage\"],\"@id\":\"https:\\\/\\\/gohike.lv\\\/ru\\\/produkts\\\/naturehike-cloud-vessel-light-tunela-telts\\\/\",\"url\":\"https:\\\/\\\/gohike.lv\\\/ru\\\/produkts\\\/naturehike-cloud-vessel-light-tunela-telts\\\/\",\"name\":\"Naturehike - Cloud Vessel Light tune\u013ca telts\",\"isPartOf\":{\"@id\":\"https:\\\/\\\/gohike.lv\\\/ru\\\/#website\"},\"primaryImageOfPage\":{\"@id\":\"https:\\\/\\\/gohike.lv\\\/ru\\\/produkts\\\/naturehike-cloud-vessel-light-tunela-telts\\\/#primaryimage\"},\"image\":{\"@id\":\"https:\\\/\\\/gohike.lv\\\/ru\\\/produkts\\\/naturehike-cloud-vessel-light-tunela-telts\\\/#primaryimage\"},\"thumbnailUrl\":\"https:\\\/\\\/gohike.lv\\\/wp-content\\\/uploads\\\/2024\\\/03\\\/Cloud_tunnel_light_.webp\",\"datePublished\":\"2024-04-29T11:00:08+00:00\",\"dateModified\":\"2025-12-30T14:24:53+00:00\",\"description\":\"\u013boti liela \u0123imenes glamping telts no Naturehike. Ide\u0101li piem\u0113rota daudzb\u0113rnu \u0123imen\u0113m, telts ir paredz\u0113ta 4-5 cilv\u0113kiem.\",\"breadcrumb\":{\"@id\":\"https:\\\/\\\/gohike.lv\\\/ru\\\/produkts\\\/naturehike-cloud-vessel-light-tunela-telts\\\/#breadcrumb\"},\"inLanguage\":\"ru-RU\",\"potentialAction\":[{\"@type\":\"ReadAction\",\"target\":[\"https:\\\/\\\/gohike.lv\\\/ru\\\/produkts\\\/naturehike-cloud-vessel-light-tunela-telts\\\/\"]}]},{\"@type\":\"ImageObject\",\"inLanguage\":\"ru-RU\",\"@id\":\"https:\\\/\\\/gohike.lv\\\/ru\\\/produkts\\\/naturehike-cloud-vessel-light-tunela-telts\\\/#primaryimage\",\"url\":\"https:\\\/\\\/gohike.lv\\\/wp-content\\\/uploads\\\/2024\\\/03\\\/Cloud_tunnel_light_.webp\",\"contentUrl\":\"https:\\\/\\\/gohike.lv\\\/wp-content\\\/uploads\\\/2024\\\/03\\\/Cloud_tunnel_light_.webp\",\"width\":800,\"height\":800},{\"@type\":\"BreadcrumbList\",\"@id\":\"https:\\\/\\\/gohike.lv\\\/ru\\\/produkts\\\/naturehike-cloud-vessel-light-tunela-telts\\\/#breadcrumb\",\"itemListElement\":[{\"@type\":\"ListItem\",\"position\":1,\"name\":\"\u0413\u043b\u0430\u0432\u043d\u0430\u044f\",\"item\":\"https:\\\/\\\/gohike.lv\\\/ru\\\/\"},{\"@type\":\"ListItem\",\"position\":2,\"name\":\"\u041a\u0430\u0442\u0435\u0433\u043e\u0440\u0438\u0438 \u0442\u043e\u0432\u0430\u0440\u043e\u0432\",\"item\":\"https:\\\/\\\/gohike.lv\\\/%d0%ba%d0%b0%d1%82%d0%b5%d0%b3%d0%be%d1%80%d0%b8%d0%b8-%d1%82%d0%be%d0%b2%d0%b0%d1%80%d0%be%d0%b2\\\/\"},{\"@type\":\"ListItem\",\"position\":3,\"name\":\"Naturehike &#8211; Cloud Vessel Light tune\u013ca telts\"}]},{\"@type\":\"WebSite\",\"@id\":\"https:\\\/\\\/gohike.lv\\\/ru\\\/#website\",\"url\":\"https:\\\/\\\/gohike.lv\\\/ru\\\/\",\"name\":\"GoHike\",\"description\":\"\",\"publisher\":{\"@id\":\"https:\\\/\\\/gohike.lv\\\/ru\\\/#organization\"},\"potentialAction\":[{\"@type\":\"SearchAction\",\"target\":{\"@type\":\"EntryPoint\",\"urlTemplate\":\"https:\\\/\\\/gohike.lv\\\/ru\\\/?s={search_term_string}\"},\"query-input\":{\"@type\":\"PropertyValueSpecification\",\"valueRequired\":true,\"valueName\":\"search_term_string\"}}],\"inLanguage\":\"ru-RU\"},{\"@type\":\"Organization\",\"@id\":\"https:\\\/\\\/gohike.lv\\\/ru\\\/#organization\",\"name\":\"GoHike\",\"url\":\"https:\\\/\\\/gohike.lv\\\/ru\\\/\",\"logo\":{\"@type\":\"ImageObject\",\"inLanguage\":\"ru-RU\",\"@id\":\"https:\\\/\\\/gohike.lv\\\/ru\\\/#\\\/schema\\\/logo\\\/image\\\/\",\"url\":\"https:\\\/\\\/gohike.lv\\\/wp-content\\\/uploads\\\/2023\\\/08\\\/Logo_GoHike.webp\",\"contentUrl\":\"https:\\\/\\\/gohike.lv\\\/wp-content\\\/uploads\\\/2023\\\/08\\\/Logo_GoHike.webp\",\"width\":512,\"height\":512,\"caption\":\"GoHike\"},\"image\":{\"@id\":\"https:\\\/\\\/gohike.lv\\\/ru\\\/#\\\/schema\\\/logo\\\/image\\\/\"},\"sameAs\":[\"https:\\\/\\\/www.facebook.com\\\/gohike.shop\\\/\",\"https:\\\/\\\/www.instagram.com\\\/gohike.shop\\\/\"]}]}<\/script>\n<!-- \/ Yoast SEO plugin. -->","yoast_head_json":{"title":"Naturehike - Cloud Vessel Light tune\u013ca telts","description":"\u013boti liela \u0123imenes glamping telts no Naturehike. Ide\u0101li piem\u0113rota daudzb\u0113rnu \u0123imen\u0113m, telts ir paredz\u0113ta 4-5 cilv\u0113kiem.","robots":{"index":"index","follow":"follow","max-snippet":"max-snippet:-1","max-image-preview":"max-image-preview:large","max-video-preview":"max-video-preview:-1"},"canonical":"https:\/\/gohike.lv\/ru\/produkts\/naturehike-cloud-vessel-light-tunela-telts\/","og_locale":"ru_RU","og_type":"article","og_title":"Naturehike - Kempinga telts","og_description":"\u013boti liela \u0123imenes glamping telts no Naturehike. Ide\u0101li piem\u0113rota daudzb\u0113rnu \u0123imen\u0113m, telts ir paredz\u0113ta 4-5 cilv\u0113kiem.","og_url":"https:\/\/gohike.lv\/ru\/produkts\/naturehike-cloud-vessel-light-tunela-telts\/","og_site_name":"GoHike","article_publisher":"https:\/\/www.facebook.com\/gohike.shop\/","article_modified_time":"2025-12-30T14:24:53+00:00","og_image":[{"width":800,"height":800,"url":"https:\/\/gohike.lv\/wp-content\/uploads\/2024\/03\/Cloud_tunnel_light_.webp","type":"image\/webp"}],"twitter_card":"summary_large_image","twitter_title":"Naturehike - Kempinga telts","twitter_misc":{"\u041f\u0440\u0438\u043c\u0435\u0440\u043d\u043e\u0435 \u0432\u0440\u0435\u043c\u044f \u0434\u043b\u044f \u0447\u0442\u0435\u043d\u0438\u044f":"1 \u043c\u0438\u043d\u0443\u0442\u0430"},"schema":{"@context":"https:\/\/schema.org","@graph":[{"@type":["WebPage","ItemPage"],"@id":"https:\/\/gohike.lv\/ru\/produkts\/naturehike-cloud-vessel-light-tunela-telts\/","url":"https:\/\/gohike.lv\/ru\/produkts\/naturehike-cloud-vessel-light-tunela-telts\/","name":"Naturehike - Cloud Vessel Light tune\u013ca telts","isPartOf":{"@id":"https:\/\/gohike.lv\/ru\/#website"},"primaryImageOfPage":{"@id":"https:\/\/gohike.lv\/ru\/produkts\/naturehike-cloud-vessel-light-tunela-telts\/#primaryimage"},"image":{"@id":"https:\/\/gohike.lv\/ru\/produkts\/naturehike-cloud-vessel-light-tunela-telts\/#primaryimage"},"thumbnailUrl":"https:\/\/gohike.lv\/wp-content\/uploads\/2024\/03\/Cloud_tunnel_light_.webp","datePublished":"2024-04-29T11:00:08+00:00","dateModified":"2025-12-30T14:24:53+00:00","description":"\u013boti liela \u0123imenes glamping telts no Naturehike. Ide\u0101li piem\u0113rota daudzb\u0113rnu \u0123imen\u0113m, telts ir paredz\u0113ta 4-5 cilv\u0113kiem.","breadcrumb":{"@id":"https:\/\/gohike.lv\/ru\/produkts\/naturehike-cloud-vessel-light-tunela-telts\/#breadcrumb"},"inLanguage":"ru-RU","potentialAction":[{"@type":"ReadAction","target":["https:\/\/gohike.lv\/ru\/produkts\/naturehike-cloud-vessel-light-tunela-telts\/"]}]},{"@type":"ImageObject","inLanguage":"ru-RU","@id":"https:\/\/gohike.lv\/ru\/produkts\/naturehike-cloud-vessel-light-tunela-telts\/#primaryimage","url":"https:\/\/gohike.lv\/wp-content\/uploads\/2024\/03\/Cloud_tunnel_light_.webp","contentUrl":"https:\/\/gohike.lv\/wp-content\/uploads\/2024\/03\/Cloud_tunnel_light_.webp","width":800,"height":800},{"@type":"BreadcrumbList","@id":"https:\/\/gohike.lv\/ru\/produkts\/naturehike-cloud-vessel-light-tunela-telts\/#breadcrumb","itemListElement":[{"@type":"ListItem","position":1,"name":"\u0413\u043b\u0430\u0432\u043d\u0430\u044f","item":"https:\/\/gohike.lv\/ru\/"},{"@type":"ListItem","position":2,"name":"\u041a\u0430\u0442\u0435\u0433\u043e\u0440\u0438\u0438 \u0442\u043e\u0432\u0430\u0440\u043e\u0432","item":"https:\/\/gohike.lv\/%d0%ba%d0%b0%d1%82%d0%b5%d0%b3%d0%be%d1%80%d0%b8%d0%b8-%d1%82%d0%be%d0%b2%d0%b0%d1%80%d0%be%d0%b2\/"},{"@type":"ListItem","position":3,"name":"Naturehike &#8211; Cloud Vessel Light tune\u013ca telts"}]},{"@type":"WebSite","@id":"https:\/\/gohike.lv\/ru\/#website","url":"https:\/\/gohike.lv\/ru\/","name":"GoHike","description":"","publisher":{"@id":"https:\/\/gohike.lv\/ru\/#organization"},"potentialAction":[{"@type":"SearchAction","target":{"@type":"EntryPoint","urlTemplate":"https:\/\/gohike.lv\/ru\/?s={search_term_string}"},"query-input":{"@type":"PropertyValueSpecification","valueRequired":true,"valueName":"search_term_string"}}],"inLanguage":"ru-RU"},{"@type":"Organization","@id":"https:\/\/gohike.lv\/ru\/#organization","name":"GoHike","url":"https:\/\/gohike.lv\/ru\/","logo":{"@type":"ImageObject","inLanguage":"ru-RU","@id":"https:\/\/gohike.lv\/ru\/#\/schema\/logo\/image\/","url":"https:\/\/gohike.lv\/wp-content\/uploads\/2023\/08\/Logo_GoHike.webp","contentUrl":"https:\/\/gohike.lv\/wp-content\/uploads\/2023\/08\/Logo_GoHike.webp","width":512,"height":512,"caption":"GoHike"},"image":{"@id":"https:\/\/gohike.lv\/ru\/#\/schema\/logo\/image\/"},"sameAs":["https:\/\/www.facebook.com\/gohike.shop\/","https:\/\/www.instagram.com\/gohike.shop\/"]}]}},"jetpack_sharing_enabled":true,"_links":{"self":[{"href":"https:\/\/gohike.lv\/ru\/wp-json\/wp\/v2\/product\/45635","targetHints":{"allow":["GET"]}}],"collection":[{"href":"https:\/\/gohike.lv\/ru\/wp-json\/wp\/v2\/product"}],"about":[{"href":"https:\/\/gohike.lv\/ru\/wp-json\/wp\/v2\/types\/product"}],"version-history":[{"count":1,"href":"https:\/\/gohike.lv\/ru\/wp-json\/wp\/v2\/product\/45635\/revisions"}],"predecessor-version":[{"id":118743,"href":"https:\/\/gohike.lv\/ru\/wp-json\/wp\/v2\/product\/45635\/revisions\/118743"}],"wp:featuredmedia":[{"embeddable":true,"href":"https:\/\/gohike.lv\/ru\/wp-json\/wp\/v2\/media\/23575"}],"wp:attachment":[{"href":"https:\/\/gohike.lv\/ru\/wp-json\/wp\/v2\/media?parent=45635"}],"wp:term":[{"taxonomy":"product_brand","embeddable":true,"href":"https:\/\/gohike.lv\/ru\/wp-json\/wp\/v2\/product_brand?post=45635"},{"taxonomy":"product_cat","embeddable":true,"href":"https:\/\/gohike.lv\/ru\/wp-json\/wp\/v2\/product_cat?post=45635"},{"taxonomy":"product_tag","embeddable":true,"href":"https:\/\/gohike.lv\/ru\/wp-json\/wp\/v2\/product_tag?post=45635"}],"curies":[{"name":"wp","href":"https:\/\/api.w.org\/{rel}","templated":true}]}}