{"id":45627,"date":"2024-04-29T14:00:08","date_gmt":"2024-04-29T11:00:08","guid":{"rendered":"https:\/\/gohike.lv\/produkts\/naturehike-2023-ango-air-tent-glamping-piepusama-telts-3p\/"},"modified":"2025-12-30T17:24:53","modified_gmt":"2025-12-30T14:24:53","slug":"naturehike-2023-ango-air-tent-glamping-piepusama-telts-3p","status":"publish","type":"product","link":"https:\/\/gohike.lv\/ru\/produkts\/naturehike-2023-ango-air-tent-glamping-piepusama-telts-3p\/","title":{"rendered":"Naturehike &#8212; 2023 Ango Air 3 Glamping Piep\u016b\u0161am\u0101 telts &#8212; 3p"},"content":{"rendered":"<p>Tit\u0101na sakaus\u0113juma konstrukcija nodro\u0161ina dro\u0161u aizsardz\u012bbu no v\u0113ja.<br \/>\n\u0100r\u0113j\u0101 nojume ir izgatavota no 150D Oxford auduma, kas pasarg\u0101 no saules un lietus.<br \/>\n\u0160im modelim ir manu\u0101la piep\u016b\u0161am\u0101 sist\u0113ma, kas \u013cauj to \u0113rti uzst\u0101d\u012bt.<br \/>\nKomplekt\u0101 ietilpst s\u016bknis, telts uzst\u0101d\u012b\u0161ana pras\u012bs aptuveni 60min.<br \/>\nTelts ir paredz\u0113ta 3 cilv\u0113kiem.<br \/>\nIzm\u0113rs: 210 x 210 x 170 cm.<br \/>\nIzm\u0113rs saloc\u012bt\u0101 veid\u0101: 68 x 68 x 29 cm.<br \/>\nSvars ir 6,5 kg.<\/p>\n","protected":false},"excerpt":{"rendered":"<p>Telts ir ietilp\u012bga un \u0113rta lieliskai atp\u016btai pie dabas.<\/p>\n","protected":false},"featured_media":23531,"template":"","meta":[],"product_brand":[167],"product_cat":[1817],"product_tag":[],"class_list":{"0":"post-45627","1":"product","2":"type-product","3":"status-publish","4":"has-post-thumbnail","6":"product_brand-naturehike-lv","7":"product_cat-teltis-un-tenti","8":"pa_izmeriscm-10010","9":"pa_kapacitate-3-cilveki","10":"pa_produkta-tips-glempinga-teltis","11":"pa_spalva-haki","12":"pa_stabi-titana-metals","13":"pa_telts-materials-150d-oksfordas-audums","14":"pa_telts-materials-pu2000mm","16":"first","17":"outofstock","18":"taxable","19":"shipping-taxable","20":"purchasable","21":"product-type-simple"},"raw_content":{"name":"Naturehike - 2023 Ango Air 3 Glamping Piep\u016b\u0161am\u0101 telts - 3p","description":"Tit\u0101na sakaus\u0113juma konstrukcija nodro\u0161ina dro\u0161u aizsardz\u012bbu no v\u0113ja.\n\u0100r\u0113j\u0101 nojume ir izgatavota no 150D Oxford auduma, kas pasarg\u0101 no saules un lietus.\n\u0160im modelim ir manu\u0101la piep\u016b\u0161am\u0101 sist\u0113ma, kas \u013cauj to \u0113rti uzst\u0101d\u012bt.\nKomplekt\u0101 ietilpst s\u016bknis, telts uzst\u0101d\u012b\u0161ana pras\u012bs aptuveni 60min.\nTelts ir paredz\u0113ta 3 cilv\u0113kiem.\nIzm\u0113rs: 210 x 210 x 170 cm.\nIzm\u0113rs saloc\u012bt\u0101 veid\u0101: 68 x 68 x 29 cm.\nSvars ir 6,5 kg.","short_description":"Telts ir ietilp\u012bga un \u0113rta lieliskai atp\u016btai pie dabas.","status":"publish","sku":"6976023923401","original":45627},"wpml":{"translation_type":1,"has_translations":true,"original":45627,"duplicates":[],"translations":{"lv":45627,"en":67988,"ru":null}},"supplier_id":null,"supplier_sku":"","barcode":null,"atum_controlled":true,"out_stock_date":null,"out_stock_threshold":null,"inheritable":false,"inbound_stock":0,"stock_on_hold":0,"sold_today":0,"sales_last_days":0,"reserved_stock":0,"customer_returns":0,"warehouse_damage":0,"lost_in_post":0,"other_logs":0,"out_stock_days":0,"lost_sales":0,"has_location":false,"update_date":"2025-12-30T14:30:42","atum_locations":[],"atum_stock_status":"outofstock","restock_status":false,"low_stock_amount":"","sales_update_date":"2025-11-13T14:09:05","calc_backorders":null,"yoast_head":"<!-- This site is optimized with the Yoast SEO plugin v27.3 - https:\/\/yoast.com\/product\/yoast-seo-wordpress\/ -->\n<title>Naturehike - 2023 Ango Air 3 Glamping Piep\u016b\u0161am\u0101 telts - 3p<\/title>\n<meta name=\"description\" content=\"Telts ir ietilp\u012bga un \u0113rta lieliskai atp\u016btai pie dabas. \u0100r\u0113j\u0101 nojume ir izgatavota no 150D Oxford auduma, kas pasarg\u0101 no saules un lietus.\" \/>\n<meta name=\"robots\" content=\"index, follow, max-snippet:-1, max-image-preview:large, max-video-preview:-1\" \/>\n<link rel=\"canonical\" href=\"https:\/\/gohike.lv\/ru\/produkts\/naturehike-2023-ango-air-tent-glamping-piepusama-telts-3p\/\" \/>\n<meta property=\"og:locale\" content=\"ru_RU\" \/>\n<meta property=\"og:type\" content=\"article\" \/>\n<meta property=\"og:title\" content=\"Naturehike - Kempinga telts\" \/>\n<meta property=\"og:description\" content=\"Telts ir ietilp\u012bga un \u0113rta lieliskai atp\u016btai pie dabas. \u0100r\u0113j\u0101 nojume ir izgatavota no 150D Oxford auduma, kas pasarg\u0101 no saules un lietus.\" \/>\n<meta property=\"og:url\" content=\"https:\/\/gohike.lv\/ru\/produkts\/naturehike-2023-ango-air-tent-glamping-piepusama-telts-3p\/\" \/>\n<meta property=\"og:site_name\" content=\"GoHike\" \/>\n<meta property=\"article:publisher\" content=\"https:\/\/www.facebook.com\/gohike.shop\/\" \/>\n<meta property=\"article:modified_time\" content=\"2025-12-30T14:24:53+00:00\" \/>\n<meta property=\"og:image\" content=\"https:\/\/gohike.lv\/wp-content\/uploads\/2024\/03\/AngoAirTent_3people_.webp\" \/>\n\t<meta property=\"og:image:width\" content=\"800\" \/>\n\t<meta property=\"og:image:height\" content=\"800\" \/>\n\t<meta property=\"og:image:type\" content=\"image\/webp\" \/>\n<meta name=\"twitter:card\" content=\"summary_large_image\" \/>\n<meta name=\"twitter:title\" content=\"Naturehike - Kempinga telts\" \/>\n<meta name=\"twitter:label1\" content=\"\u041f\u0440\u0438\u043c\u0435\u0440\u043d\u043e\u0435 \u0432\u0440\u0435\u043c\u044f \u0434\u043b\u044f \u0447\u0442\u0435\u043d\u0438\u044f\" \/>\n\t<meta name=\"twitter:data1\" content=\"1 \u043c\u0438\u043d\u0443\u0442\u0430\" \/>\n<script type=\"application\/ld+json\" class=\"yoast-schema-graph\">{\"@context\":\"https:\\\/\\\/schema.org\",\"@graph\":[{\"@type\":[\"WebPage\",\"ItemPage\"],\"@id\":\"https:\\\/\\\/gohike.lv\\\/ru\\\/produkts\\\/naturehike-2023-ango-air-tent-glamping-piepusama-telts-3p\\\/\",\"url\":\"https:\\\/\\\/gohike.lv\\\/ru\\\/produkts\\\/naturehike-2023-ango-air-tent-glamping-piepusama-telts-3p\\\/\",\"name\":\"Naturehike - 2023 Ango Air 3 Glamping Piep\u016b\u0161am\u0101 telts - 3p\",\"isPartOf\":{\"@id\":\"https:\\\/\\\/gohike.lv\\\/ru\\\/#website\"},\"primaryImageOfPage\":{\"@id\":\"https:\\\/\\\/gohike.lv\\\/ru\\\/produkts\\\/naturehike-2023-ango-air-tent-glamping-piepusama-telts-3p\\\/#primaryimage\"},\"image\":{\"@id\":\"https:\\\/\\\/gohike.lv\\\/ru\\\/produkts\\\/naturehike-2023-ango-air-tent-glamping-piepusama-telts-3p\\\/#primaryimage\"},\"thumbnailUrl\":\"https:\\\/\\\/gohike.lv\\\/wp-content\\\/uploads\\\/2024\\\/03\\\/AngoAirTent_3people_.webp\",\"datePublished\":\"2024-04-29T11:00:08+00:00\",\"dateModified\":\"2025-12-30T14:24:53+00:00\",\"description\":\"Telts ir ietilp\u012bga un \u0113rta lieliskai atp\u016btai pie dabas. \u0100r\u0113j\u0101 nojume ir izgatavota no 150D Oxford auduma, kas pasarg\u0101 no saules un lietus.\",\"breadcrumb\":{\"@id\":\"https:\\\/\\\/gohike.lv\\\/ru\\\/produkts\\\/naturehike-2023-ango-air-tent-glamping-piepusama-telts-3p\\\/#breadcrumb\"},\"inLanguage\":\"ru-RU\",\"potentialAction\":[{\"@type\":\"ReadAction\",\"target\":[\"https:\\\/\\\/gohike.lv\\\/ru\\\/produkts\\\/naturehike-2023-ango-air-tent-glamping-piepusama-telts-3p\\\/\"]}]},{\"@type\":\"ImageObject\",\"inLanguage\":\"ru-RU\",\"@id\":\"https:\\\/\\\/gohike.lv\\\/ru\\\/produkts\\\/naturehike-2023-ango-air-tent-glamping-piepusama-telts-3p\\\/#primaryimage\",\"url\":\"https:\\\/\\\/gohike.lv\\\/wp-content\\\/uploads\\\/2024\\\/03\\\/AngoAirTent_3people_.webp\",\"contentUrl\":\"https:\\\/\\\/gohike.lv\\\/wp-content\\\/uploads\\\/2024\\\/03\\\/AngoAirTent_3people_.webp\",\"width\":800,\"height\":800},{\"@type\":\"BreadcrumbList\",\"@id\":\"https:\\\/\\\/gohike.lv\\\/ru\\\/produkts\\\/naturehike-2023-ango-air-tent-glamping-piepusama-telts-3p\\\/#breadcrumb\",\"itemListElement\":[{\"@type\":\"ListItem\",\"position\":1,\"name\":\"\u0413\u043b\u0430\u0432\u043d\u0430\u044f\",\"item\":\"https:\\\/\\\/gohike.lv\\\/ru\\\/\"},{\"@type\":\"ListItem\",\"position\":2,\"name\":\"\u041a\u0430\u0442\u0435\u0433\u043e\u0440\u0438\u0438 \u0442\u043e\u0432\u0430\u0440\u043e\u0432\",\"item\":\"https:\\\/\\\/gohike.lv\\\/%d0%ba%d0%b0%d1%82%d0%b5%d0%b3%d0%be%d1%80%d0%b8%d0%b8-%d1%82%d0%be%d0%b2%d0%b0%d1%80%d0%be%d0%b2\\\/\"},{\"@type\":\"ListItem\",\"position\":3,\"name\":\"Naturehike &#8211; 2023 Ango Air 3 Glamping Piep\u016b\u0161am\u0101 telts &#8211; 3p\"}]},{\"@type\":\"WebSite\",\"@id\":\"https:\\\/\\\/gohike.lv\\\/ru\\\/#website\",\"url\":\"https:\\\/\\\/gohike.lv\\\/ru\\\/\",\"name\":\"GoHike\",\"description\":\"\",\"publisher\":{\"@id\":\"https:\\\/\\\/gohike.lv\\\/ru\\\/#organization\"},\"potentialAction\":[{\"@type\":\"SearchAction\",\"target\":{\"@type\":\"EntryPoint\",\"urlTemplate\":\"https:\\\/\\\/gohike.lv\\\/ru\\\/?s={search_term_string}\"},\"query-input\":{\"@type\":\"PropertyValueSpecification\",\"valueRequired\":true,\"valueName\":\"search_term_string\"}}],\"inLanguage\":\"ru-RU\"},{\"@type\":\"Organization\",\"@id\":\"https:\\\/\\\/gohike.lv\\\/ru\\\/#organization\",\"name\":\"GoHike\",\"url\":\"https:\\\/\\\/gohike.lv\\\/ru\\\/\",\"logo\":{\"@type\":\"ImageObject\",\"inLanguage\":\"ru-RU\",\"@id\":\"https:\\\/\\\/gohike.lv\\\/ru\\\/#\\\/schema\\\/logo\\\/image\\\/\",\"url\":\"https:\\\/\\\/gohike.lv\\\/wp-content\\\/uploads\\\/2023\\\/08\\\/Logo_GoHike.webp\",\"contentUrl\":\"https:\\\/\\\/gohike.lv\\\/wp-content\\\/uploads\\\/2023\\\/08\\\/Logo_GoHike.webp\",\"width\":512,\"height\":512,\"caption\":\"GoHike\"},\"image\":{\"@id\":\"https:\\\/\\\/gohike.lv\\\/ru\\\/#\\\/schema\\\/logo\\\/image\\\/\"},\"sameAs\":[\"https:\\\/\\\/www.facebook.com\\\/gohike.shop\\\/\",\"https:\\\/\\\/www.instagram.com\\\/gohike.shop\\\/\"]}]}<\/script>\n<!-- \/ Yoast SEO plugin. -->","yoast_head_json":{"title":"Naturehike - 2023 Ango Air 3 Glamping Piep\u016b\u0161am\u0101 telts - 3p","description":"Telts ir ietilp\u012bga un \u0113rta lieliskai atp\u016btai pie dabas. \u0100r\u0113j\u0101 nojume ir izgatavota no 150D Oxford auduma, kas pasarg\u0101 no saules un lietus.","robots":{"index":"index","follow":"follow","max-snippet":"max-snippet:-1","max-image-preview":"max-image-preview:large","max-video-preview":"max-video-preview:-1"},"canonical":"https:\/\/gohike.lv\/ru\/produkts\/naturehike-2023-ango-air-tent-glamping-piepusama-telts-3p\/","og_locale":"ru_RU","og_type":"article","og_title":"Naturehike - Kempinga telts","og_description":"Telts ir ietilp\u012bga un \u0113rta lieliskai atp\u016btai pie dabas. \u0100r\u0113j\u0101 nojume ir izgatavota no 150D Oxford auduma, kas pasarg\u0101 no saules un lietus.","og_url":"https:\/\/gohike.lv\/ru\/produkts\/naturehike-2023-ango-air-tent-glamping-piepusama-telts-3p\/","og_site_name":"GoHike","article_publisher":"https:\/\/www.facebook.com\/gohike.shop\/","article_modified_time":"2025-12-30T14:24:53+00:00","og_image":[{"width":800,"height":800,"url":"https:\/\/gohike.lv\/wp-content\/uploads\/2024\/03\/AngoAirTent_3people_.webp","type":"image\/webp"}],"twitter_card":"summary_large_image","twitter_title":"Naturehike - Kempinga telts","twitter_misc":{"\u041f\u0440\u0438\u043c\u0435\u0440\u043d\u043e\u0435 \u0432\u0440\u0435\u043c\u044f \u0434\u043b\u044f \u0447\u0442\u0435\u043d\u0438\u044f":"1 \u043c\u0438\u043d\u0443\u0442\u0430"},"schema":{"@context":"https:\/\/schema.org","@graph":[{"@type":["WebPage","ItemPage"],"@id":"https:\/\/gohike.lv\/ru\/produkts\/naturehike-2023-ango-air-tent-glamping-piepusama-telts-3p\/","url":"https:\/\/gohike.lv\/ru\/produkts\/naturehike-2023-ango-air-tent-glamping-piepusama-telts-3p\/","name":"Naturehike - 2023 Ango Air 3 Glamping Piep\u016b\u0161am\u0101 telts - 3p","isPartOf":{"@id":"https:\/\/gohike.lv\/ru\/#website"},"primaryImageOfPage":{"@id":"https:\/\/gohike.lv\/ru\/produkts\/naturehike-2023-ango-air-tent-glamping-piepusama-telts-3p\/#primaryimage"},"image":{"@id":"https:\/\/gohike.lv\/ru\/produkts\/naturehike-2023-ango-air-tent-glamping-piepusama-telts-3p\/#primaryimage"},"thumbnailUrl":"https:\/\/gohike.lv\/wp-content\/uploads\/2024\/03\/AngoAirTent_3people_.webp","datePublished":"2024-04-29T11:00:08+00:00","dateModified":"2025-12-30T14:24:53+00:00","description":"Telts ir ietilp\u012bga un \u0113rta lieliskai atp\u016btai pie dabas. \u0100r\u0113j\u0101 nojume ir izgatavota no 150D Oxford auduma, kas pasarg\u0101 no saules un lietus.","breadcrumb":{"@id":"https:\/\/gohike.lv\/ru\/produkts\/naturehike-2023-ango-air-tent-glamping-piepusama-telts-3p\/#breadcrumb"},"inLanguage":"ru-RU","potentialAction":[{"@type":"ReadAction","target":["https:\/\/gohike.lv\/ru\/produkts\/naturehike-2023-ango-air-tent-glamping-piepusama-telts-3p\/"]}]},{"@type":"ImageObject","inLanguage":"ru-RU","@id":"https:\/\/gohike.lv\/ru\/produkts\/naturehike-2023-ango-air-tent-glamping-piepusama-telts-3p\/#primaryimage","url":"https:\/\/gohike.lv\/wp-content\/uploads\/2024\/03\/AngoAirTent_3people_.webp","contentUrl":"https:\/\/gohike.lv\/wp-content\/uploads\/2024\/03\/AngoAirTent_3people_.webp","width":800,"height":800},{"@type":"BreadcrumbList","@id":"https:\/\/gohike.lv\/ru\/produkts\/naturehike-2023-ango-air-tent-glamping-piepusama-telts-3p\/#breadcrumb","itemListElement":[{"@type":"ListItem","position":1,"name":"\u0413\u043b\u0430\u0432\u043d\u0430\u044f","item":"https:\/\/gohike.lv\/ru\/"},{"@type":"ListItem","position":2,"name":"\u041a\u0430\u0442\u0435\u0433\u043e\u0440\u0438\u0438 \u0442\u043e\u0432\u0430\u0440\u043e\u0432","item":"https:\/\/gohike.lv\/%d0%ba%d0%b0%d1%82%d0%b5%d0%b3%d0%be%d1%80%d0%b8%d0%b8-%d1%82%d0%be%d0%b2%d0%b0%d1%80%d0%be%d0%b2\/"},{"@type":"ListItem","position":3,"name":"Naturehike &#8211; 2023 Ango Air 3 Glamping Piep\u016b\u0161am\u0101 telts &#8211; 3p"}]},{"@type":"WebSite","@id":"https:\/\/gohike.lv\/ru\/#website","url":"https:\/\/gohike.lv\/ru\/","name":"GoHike","description":"","publisher":{"@id":"https:\/\/gohike.lv\/ru\/#organization"},"potentialAction":[{"@type":"SearchAction","target":{"@type":"EntryPoint","urlTemplate":"https:\/\/gohike.lv\/ru\/?s={search_term_string}"},"query-input":{"@type":"PropertyValueSpecification","valueRequired":true,"valueName":"search_term_string"}}],"inLanguage":"ru-RU"},{"@type":"Organization","@id":"https:\/\/gohike.lv\/ru\/#organization","name":"GoHike","url":"https:\/\/gohike.lv\/ru\/","logo":{"@type":"ImageObject","inLanguage":"ru-RU","@id":"https:\/\/gohike.lv\/ru\/#\/schema\/logo\/image\/","url":"https:\/\/gohike.lv\/wp-content\/uploads\/2023\/08\/Logo_GoHike.webp","contentUrl":"https:\/\/gohike.lv\/wp-content\/uploads\/2023\/08\/Logo_GoHike.webp","width":512,"height":512,"caption":"GoHike"},"image":{"@id":"https:\/\/gohike.lv\/ru\/#\/schema\/logo\/image\/"},"sameAs":["https:\/\/www.facebook.com\/gohike.shop\/","https:\/\/www.instagram.com\/gohike.shop\/"]}]}},"jetpack_sharing_enabled":true,"_links":{"self":[{"href":"https:\/\/gohike.lv\/ru\/wp-json\/wp\/v2\/product\/45627","targetHints":{"allow":["GET"]}}],"collection":[{"href":"https:\/\/gohike.lv\/ru\/wp-json\/wp\/v2\/product"}],"about":[{"href":"https:\/\/gohike.lv\/ru\/wp-json\/wp\/v2\/types\/product"}],"version-history":[{"count":1,"href":"https:\/\/gohike.lv\/ru\/wp-json\/wp\/v2\/product\/45627\/revisions"}],"predecessor-version":[{"id":118761,"href":"https:\/\/gohike.lv\/ru\/wp-json\/wp\/v2\/product\/45627\/revisions\/118761"}],"wp:featuredmedia":[{"embeddable":true,"href":"https:\/\/gohike.lv\/ru\/wp-json\/wp\/v2\/media\/23531"}],"wp:attachment":[{"href":"https:\/\/gohike.lv\/ru\/wp-json\/wp\/v2\/media?parent=45627"}],"wp:term":[{"taxonomy":"product_brand","embeddable":true,"href":"https:\/\/gohike.lv\/ru\/wp-json\/wp\/v2\/product_brand?post=45627"},{"taxonomy":"product_cat","embeddable":true,"href":"https:\/\/gohike.lv\/ru\/wp-json\/wp\/v2\/product_cat?post=45627"},{"taxonomy":"product_tag","embeddable":true,"href":"https:\/\/gohike.lv\/ru\/wp-json\/wp\/v2\/product_tag?post=45627"}],"curies":[{"name":"wp","href":"https:\/\/api.w.org\/{rel}","templated":true}]}}