{"id":45625,"date":"2024-04-29T14:00:08","date_gmt":"2024-04-29T11:00:08","guid":{"rendered":"https:\/\/gohike.lv\/produkts\/naturehike-opalus-20d-2p\/"},"modified":"2025-12-30T17:24:53","modified_gmt":"2025-12-30T14:24:53","slug":"naturehike-opalus-20d-3p","status":"publish","type":"product","link":"https:\/\/gohike.lv\/ru\/produkts\/naturehike-opalus-20d-3p\/","title":{"rendered":"Naturehike &#8212; Opalus III telts 20D &#8212; 3p"},"content":{"rendered":"<p>Tr\u012bsviet\u012bga telts, kas ir lieliska izv\u0113le t\u016bristiem un \u0123imenes br\u012bvdabas atp\u016btas cien\u012bt\u0101jiem.<br \/>\n\u201cPusmucas\u201d dizains uz trim ark\u0101m veido milz\u012bgu iek\u0161\u0113jo plat\u012bbu.<br \/>\n\u0100r\u0113j\u0101 nojume ir izgatavota no pl\u0101na un iztur\u012bga 20D poliestera ar RipStop au\u0161anu un PU impregn\u0113\u0161anu.<br \/>\n\u016adensiztur\u012bba 4000 mm \u013cauj iztur\u0113t sp\u0113c\u012bgu un ilgsto\u0161u lietus.<br \/>\nNo viena un t\u0101 pa\u0161a materi\u0101la ir izgatavoti p\u0101rvalki mieti\u0146iem, stabiem un pa\u0161ai teltij.<br \/>\nPla\u0161aj\u0101 priek\u0161telp\u0101\/nojum\u0113 var novietot ne tikai mantas vai velosip\u0113dus, bet ar\u012b pagatavot \u0113dienu un pusdienot.<br \/>\nIek\u0161\u0113j\u0101 telts ir piestiprin\u0101ta pie r\u0101mja ark\u0101m ar \u0101\u0137iem.<br \/>\n\u0100r\u0113j\u0101 nojume tiek piestiprin\u0101ta un nospriegota, izmantojot Duraflex stiprin\u0101jumus.<br \/>\nIek\u0161\u0101 pie griestiem ir \u0101\u0137is gaismek\u013ca piek\u0101r\u0161anai. Uz sien\u0101m ir \u0113rtas t\u012bkla kabatas da\u017e\u0101diem s\u012bkumiem.<br \/>\nVisas \u0161uves ir labi apl\u012bm\u0113tas ar speci\u0101lu lenti, kas ne\u013cauj mitrumam iek\u013c\u016bt caur diegiem.<br \/>\nGr\u012bda ir vannas form\u0101, kuras malas pasarg\u0101 dz\u012bvojamo telpu no \u0161\u013cakat\u0101m pat liet\u016b un v\u0113j\u0101.<br \/>\nR\u0101mis ir izgatavots no \u013coti iztur\u012bga, bet elast\u012bga 7001 sakaus\u0113juma alum\u012bnija.<br \/>\n\u0160\u012b sakaus\u0113juma galven\u0101 priek\u0161roc\u012bba ir t\u0101, ka tas praktiski nav pak\u013cauts palieko\u0161\u0101m deform\u0101cij\u0101m.<br \/>\nTas noz\u012bm\u0113, ka p\u0113c telts salik\u0161anas visi elementi atkal ieg\u016bst savu s\u0101kotn\u0113jo formu.<br \/>\nR\u0101mja elementi ir savienoti viens ar otru ar stiepes auklu.<br \/>\nTelts ir apr\u012bkota ar Y formas mieti\u0146iem, viens mieti\u0146\u0161 sver tikai 9 gramus.<br \/>\nKatram no tiem ir padzi\u013cin\u0101jumi v\u012btnes stieples nostiprin\u0101\u0161anai un auklas cilpa t\u0101 no\u0146em\u0161anai no zemes.<br \/>\nLoki un tapas ir p\u0101rkl\u0101tas ar elektro\u0137\u012bmisko anod\u0113\u0161anu, kas ne tikai pasarg\u0101 tos no korozijas, bet ar\u012b pie\u0161\u0137ir tiem elegantu izskatu.<br \/>\nArku galiem un atbilsto\u0161aj\u0101m cilp\u0101m ir vien\u0101das kr\u0101sas mar\u0137\u0113jums. Korpusam ir pievienotas detaliz\u0113tas uzst\u0101d\u012b\u0161anas instrukcijas.<br \/>\nLiels skaits Storm Guy auklu ar dubultiem stiprin\u0101juma punktiem nodro\u0161ina telts lielisku v\u0113ja pretest\u012bbu.<br \/>\nKomplekt\u0101 ietilpst papildu gr\u012bda (Footprint), kas pasarg\u0101 telts apak\u0161u no asu zaru vai akme\u0146u boj\u0101jumiem.<br \/>\n<iframe title=\"NATUREHIKE ULTRALIGHT OPALUS TUNNEL CAMPING TENT FOR 2~4 PERSONS\" width=\"1200\" height=\"675\" src=\"https:\/\/www.youtube.com\/embed\/Xkmqj3CqUOM?feature=oembed\" frameborder=\"0\" allow=\"accelerometer; autoplay; clipboard-write; encrypted-media; gyroscope; picture-in-picture; web-share\" referrerpolicy=\"strict-origin-when-cross-origin\" allowfullscreen><\/iframe><\/p>\n","protected":false},"excerpt":{"rendered":"<p>Naturehike Opalus 3 tr\u012bsviet\u012bga telts ar lielu priek\u0161telpu no 20D poliestera. Neticami viegls svars un milz\u012bga plat\u012bba iek\u0161pus\u0113 &#8212; lieliska izv\u0113le p\u0101rg\u0101jieniem un atp\u016btai br\u012bv\u0101 dab\u0101.<\/p>\n","protected":false},"featured_media":23525,"template":"","meta":[],"product_brand":[167],"product_cat":[1817],"product_tag":[],"class_list":{"0":"post-45625","1":"product","2":"type-product","3":"status-publish","4":"has-post-thumbnail","6":"product_brand-naturehike-lv","7":"product_cat-teltis-un-tenti","8":"pa_aksesuari-ground-nails-x19-wind-rope-x6","9":"pa_ieksejais-materials-20d-neilons-parklats-ar-silikonu","10":"pa_izmeriscm-10045","11":"pa_kapacitate-3-cilveki","12":"pa_produkta-tips-kempinga-teltis","13":"pa_spalva-zals","14":"pa_stabi-7001-aluminijs","15":"pa_telts-materials-20d-neilons-parklats-ar-silikonu","16":"pa_telts-materials-pu4000mm","17":"pa_tikla-materials-b3-elpojoss-siets","19":"first","20":"outofstock","21":"taxable","22":"shipping-taxable","23":"purchasable","24":"product-type-simple"},"raw_content":{"name":"Naturehike - Opalus III telts 20D - 3p","description":"Tr\u012bsviet\u012bga telts, kas ir lieliska izv\u0113le t\u016bristiem un \u0123imenes br\u012bvdabas atp\u016btas cien\u012bt\u0101jiem.\n\u201cPusmucas\u201d dizains uz trim ark\u0101m veido milz\u012bgu iek\u0161\u0113jo plat\u012bbu.\n\u0100r\u0113j\u0101 nojume ir izgatavota no pl\u0101na un iztur\u012bga 20D poliestera ar RipStop au\u0161anu un PU impregn\u0113\u0161anu.\n\u016adensiztur\u012bba 4000 mm \u013cauj iztur\u0113t sp\u0113c\u012bgu un ilgsto\u0161u lietus.\nNo viena un t\u0101 pa\u0161a materi\u0101la ir izgatavoti p\u0101rvalki mieti\u0146iem, stabiem un pa\u0161ai teltij.\nPla\u0161aj\u0101 priek\u0161telp\u0101\/nojum\u0113 var novietot ne tikai mantas vai velosip\u0113dus, bet ar\u012b pagatavot \u0113dienu un pusdienot.\nIek\u0161\u0113j\u0101 telts ir piestiprin\u0101ta pie r\u0101mja ark\u0101m ar \u0101\u0137iem.\n\u0100r\u0113j\u0101 nojume tiek piestiprin\u0101ta un nospriegota, izmantojot Duraflex stiprin\u0101jumus.\nIek\u0161\u0101 pie griestiem ir \u0101\u0137is gaismek\u013ca piek\u0101r\u0161anai. Uz sien\u0101m ir \u0113rtas t\u012bkla kabatas da\u017e\u0101diem s\u012bkumiem.\nVisas \u0161uves ir labi apl\u012bm\u0113tas ar speci\u0101lu lenti, kas ne\u013cauj mitrumam iek\u013c\u016bt caur diegiem.\nGr\u012bda ir vannas form\u0101, kuras malas pasarg\u0101 dz\u012bvojamo telpu no \u0161\u013cakat\u0101m pat liet\u016b un v\u0113j\u0101.\nR\u0101mis ir izgatavots no \u013coti iztur\u012bga, bet elast\u012bga 7001 sakaus\u0113juma alum\u012bnija.\n\u0160\u012b sakaus\u0113juma galven\u0101 priek\u0161roc\u012bba ir t\u0101, ka tas praktiski nav pak\u013cauts palieko\u0161\u0101m deform\u0101cij\u0101m.\nTas noz\u012bm\u0113, ka p\u0113c telts salik\u0161anas visi elementi atkal ieg\u016bst savu s\u0101kotn\u0113jo formu.\nR\u0101mja elementi ir savienoti viens ar otru ar stiepes auklu.\nTelts ir apr\u012bkota ar Y formas mieti\u0146iem, viens mieti\u0146\u0161 sver tikai 9 gramus.\nKatram no tiem ir padzi\u013cin\u0101jumi v\u012btnes stieples nostiprin\u0101\u0161anai un auklas cilpa t\u0101 no\u0146em\u0161anai no zemes.\nLoki un tapas ir p\u0101rkl\u0101tas ar elektro\u0137\u012bmisko anod\u0113\u0161anu, kas ne tikai pasarg\u0101 tos no korozijas, bet ar\u012b pie\u0161\u0137ir tiem elegantu izskatu.\nArku galiem un atbilsto\u0161aj\u0101m cilp\u0101m ir vien\u0101das kr\u0101sas mar\u0137\u0113jums. Korpusam ir pievienotas detaliz\u0113tas uzst\u0101d\u012b\u0161anas instrukcijas.\nLiels skaits Storm Guy auklu ar dubultiem stiprin\u0101juma punktiem nodro\u0161ina telts lielisku v\u0113ja pretest\u012bbu.\nKomplekt\u0101 ietilpst papildu gr\u012bda (Footprint), kas pasarg\u0101 telts apak\u0161u no asu zaru vai akme\u0146u boj\u0101jumiem.\nhttps:\/\/youtu.be\/Xkmqj3CqUOM","short_description":"Naturehike Opalus 3 tr\u012bsviet\u012bga telts ar lielu priek\u0161telpu no 20D poliestera. Neticami viegls svars un milz\u012bga plat\u012bba iek\u0161pus\u0113 - lieliska izv\u0113le p\u0101rg\u0101jieniem un atp\u016btai br\u012bv\u0101 dab\u0101.","status":"publish","sku":"6976023924781","original":45625},"wpml":{"translation_type":1,"has_translations":true,"original":45625,"duplicates":[],"translations":{"lv":45625,"en":67990,"ru":null}},"supplier_id":null,"supplier_sku":"","barcode":null,"atum_controlled":true,"out_stock_date":"2025-08-27 14:07:42","out_stock_threshold":null,"inheritable":false,"inbound_stock":0,"stock_on_hold":0,"sold_today":0,"sales_last_days":0,"reserved_stock":0,"customer_returns":0,"warehouse_damage":0,"lost_in_post":0,"other_logs":0,"out_stock_days":78,"lost_sales":0,"has_location":false,"update_date":"2025-12-30T14:30:42","atum_locations":[],"atum_stock_status":"outofstock","restock_status":false,"low_stock_amount":"","sales_update_date":"2025-11-13T14:09:06","calc_backorders":null,"yoast_head":"<!-- This site is optimized with the Yoast SEO plugin v27.3 - https:\/\/yoast.com\/product\/yoast-seo-wordpress\/ -->\n<title>Naturehike - Opalus III telts 20D - 3p<\/title>\n<meta name=\"description\" content=\"Naturehike Opalus 3 tr\u012bsviet\u012bga telts ar lielu priek\u0161telpu no 20D poliestera. Neticami viegls svars un milz\u012bga plat\u012bba iek\u0161pus\u0113 - lieliska izv\u0113le p\u0101rg\u0101jieniem un atp\u016btai br\u012bv\u0101 dab\u0101.\" \/>\n<meta name=\"robots\" content=\"index, follow, max-snippet:-1, max-image-preview:large, max-video-preview:-1\" \/>\n<link rel=\"canonical\" href=\"https:\/\/gohike.lv\/ru\/produkts\/naturehike-opalus-20d-3p\/\" \/>\n<meta property=\"og:locale\" content=\"ru_RU\" \/>\n<meta property=\"og:type\" content=\"article\" \/>\n<meta property=\"og:title\" content=\"Naturehike - Kempinga telts\" \/>\n<meta property=\"og:description\" content=\"Naturehike Opalus 3 tr\u012bsviet\u012bga telts ar lielu priek\u0161telpu no 20D poliestera. Neticami viegls svars un milz\u012bga plat\u012bba iek\u0161pus\u0113 - lieliska izv\u0113le p\u0101rg\u0101jieniem un atp\u016btai br\u012bv\u0101 dab\u0101.\" \/>\n<meta property=\"og:url\" content=\"https:\/\/gohike.lv\/ru\/produkts\/naturehike-opalus-20d-3p\/\" \/>\n<meta property=\"og:site_name\" content=\"GoHike\" \/>\n<meta property=\"article:publisher\" content=\"https:\/\/www.facebook.com\/gohike.shop\/\" \/>\n<meta property=\"article:modified_time\" content=\"2025-12-30T14:24:53+00:00\" \/>\n<meta property=\"og:image\" content=\"https:\/\/gohike.lv\/wp-content\/uploads\/2024\/03\/Opalus3person_20D_.jpg\" \/>\n\t<meta property=\"og:image:width\" content=\"800\" \/>\n\t<meta property=\"og:image:height\" content=\"800\" \/>\n\t<meta property=\"og:image:type\" content=\"image\/jpeg\" \/>\n<meta name=\"twitter:card\" content=\"summary_large_image\" \/>\n<meta name=\"twitter:title\" content=\"Naturehike - Kempinga telts\" \/>\n<meta name=\"twitter:label1\" content=\"\u041f\u0440\u0438\u043c\u0435\u0440\u043d\u043e\u0435 \u0432\u0440\u0435\u043c\u044f \u0434\u043b\u044f \u0447\u0442\u0435\u043d\u0438\u044f\" \/>\n\t<meta name=\"twitter:data1\" content=\"2 \u043c\u0438\u043d\u0443\u0442\u0430\" \/>\n<script type=\"application\/ld+json\" class=\"yoast-schema-graph\">{\"@context\":\"https:\\\/\\\/schema.org\",\"@graph\":[{\"@type\":[\"WebPage\",\"ItemPage\"],\"@id\":\"https:\\\/\\\/gohike.lv\\\/ru\\\/produkts\\\/naturehike-opalus-20d-3p\\\/\",\"url\":\"https:\\\/\\\/gohike.lv\\\/ru\\\/produkts\\\/naturehike-opalus-20d-3p\\\/\",\"name\":\"Naturehike - Opalus III telts 20D - 3p\",\"isPartOf\":{\"@id\":\"https:\\\/\\\/gohike.lv\\\/ru\\\/#website\"},\"primaryImageOfPage\":{\"@id\":\"https:\\\/\\\/gohike.lv\\\/ru\\\/produkts\\\/naturehike-opalus-20d-3p\\\/#primaryimage\"},\"image\":{\"@id\":\"https:\\\/\\\/gohike.lv\\\/ru\\\/produkts\\\/naturehike-opalus-20d-3p\\\/#primaryimage\"},\"thumbnailUrl\":\"https:\\\/\\\/gohike.lv\\\/wp-content\\\/uploads\\\/2024\\\/03\\\/Opalus3person_20D_.jpg\",\"datePublished\":\"2024-04-29T11:00:08+00:00\",\"dateModified\":\"2025-12-30T14:24:53+00:00\",\"description\":\"Naturehike Opalus 3 tr\u012bsviet\u012bga telts ar lielu priek\u0161telpu no 20D poliestera. Neticami viegls svars un milz\u012bga plat\u012bba iek\u0161pus\u0113 - lieliska izv\u0113le p\u0101rg\u0101jieniem un atp\u016btai br\u012bv\u0101 dab\u0101.\",\"breadcrumb\":{\"@id\":\"https:\\\/\\\/gohike.lv\\\/ru\\\/produkts\\\/naturehike-opalus-20d-3p\\\/#breadcrumb\"},\"inLanguage\":\"ru-RU\",\"potentialAction\":[{\"@type\":\"ReadAction\",\"target\":[\"https:\\\/\\\/gohike.lv\\\/ru\\\/produkts\\\/naturehike-opalus-20d-3p\\\/\"]}]},{\"@type\":\"ImageObject\",\"inLanguage\":\"ru-RU\",\"@id\":\"https:\\\/\\\/gohike.lv\\\/ru\\\/produkts\\\/naturehike-opalus-20d-3p\\\/#primaryimage\",\"url\":\"https:\\\/\\\/gohike.lv\\\/wp-content\\\/uploads\\\/2024\\\/03\\\/Opalus3person_20D_.jpg\",\"contentUrl\":\"https:\\\/\\\/gohike.lv\\\/wp-content\\\/uploads\\\/2024\\\/03\\\/Opalus3person_20D_.jpg\",\"width\":800,\"height\":800},{\"@type\":\"BreadcrumbList\",\"@id\":\"https:\\\/\\\/gohike.lv\\\/ru\\\/produkts\\\/naturehike-opalus-20d-3p\\\/#breadcrumb\",\"itemListElement\":[{\"@type\":\"ListItem\",\"position\":1,\"name\":\"\u0413\u043b\u0430\u0432\u043d\u0430\u044f\",\"item\":\"https:\\\/\\\/gohike.lv\\\/ru\\\/\"},{\"@type\":\"ListItem\",\"position\":2,\"name\":\"\u041a\u0430\u0442\u0435\u0433\u043e\u0440\u0438\u0438 \u0442\u043e\u0432\u0430\u0440\u043e\u0432\",\"item\":\"https:\\\/\\\/gohike.lv\\\/%d0%ba%d0%b0%d1%82%d0%b5%d0%b3%d0%be%d1%80%d0%b8%d0%b8-%d1%82%d0%be%d0%b2%d0%b0%d1%80%d0%be%d0%b2\\\/\"},{\"@type\":\"ListItem\",\"position\":3,\"name\":\"Naturehike &#8211; Opalus III telts 20D &#8211; 3p\"}]},{\"@type\":\"WebSite\",\"@id\":\"https:\\\/\\\/gohike.lv\\\/ru\\\/#website\",\"url\":\"https:\\\/\\\/gohike.lv\\\/ru\\\/\",\"name\":\"GoHike\",\"description\":\"\",\"publisher\":{\"@id\":\"https:\\\/\\\/gohike.lv\\\/ru\\\/#organization\"},\"potentialAction\":[{\"@type\":\"SearchAction\",\"target\":{\"@type\":\"EntryPoint\",\"urlTemplate\":\"https:\\\/\\\/gohike.lv\\\/ru\\\/?s={search_term_string}\"},\"query-input\":{\"@type\":\"PropertyValueSpecification\",\"valueRequired\":true,\"valueName\":\"search_term_string\"}}],\"inLanguage\":\"ru-RU\"},{\"@type\":\"Organization\",\"@id\":\"https:\\\/\\\/gohike.lv\\\/ru\\\/#organization\",\"name\":\"GoHike\",\"url\":\"https:\\\/\\\/gohike.lv\\\/ru\\\/\",\"logo\":{\"@type\":\"ImageObject\",\"inLanguage\":\"ru-RU\",\"@id\":\"https:\\\/\\\/gohike.lv\\\/ru\\\/#\\\/schema\\\/logo\\\/image\\\/\",\"url\":\"https:\\\/\\\/gohike.lv\\\/wp-content\\\/uploads\\\/2023\\\/08\\\/Logo_GoHike.webp\",\"contentUrl\":\"https:\\\/\\\/gohike.lv\\\/wp-content\\\/uploads\\\/2023\\\/08\\\/Logo_GoHike.webp\",\"width\":512,\"height\":512,\"caption\":\"GoHike\"},\"image\":{\"@id\":\"https:\\\/\\\/gohike.lv\\\/ru\\\/#\\\/schema\\\/logo\\\/image\\\/\"},\"sameAs\":[\"https:\\\/\\\/www.facebook.com\\\/gohike.shop\\\/\",\"https:\\\/\\\/www.instagram.com\\\/gohike.shop\\\/\"]}]}<\/script>\n<!-- \/ Yoast SEO plugin. -->","yoast_head_json":{"title":"Naturehike - Opalus III telts 20D - 3p","description":"Naturehike Opalus 3 tr\u012bsviet\u012bga telts ar lielu priek\u0161telpu no 20D poliestera. Neticami viegls svars un milz\u012bga plat\u012bba iek\u0161pus\u0113 - lieliska izv\u0113le p\u0101rg\u0101jieniem un atp\u016btai br\u012bv\u0101 dab\u0101.","robots":{"index":"index","follow":"follow","max-snippet":"max-snippet:-1","max-image-preview":"max-image-preview:large","max-video-preview":"max-video-preview:-1"},"canonical":"https:\/\/gohike.lv\/ru\/produkts\/naturehike-opalus-20d-3p\/","og_locale":"ru_RU","og_type":"article","og_title":"Naturehike - Kempinga telts","og_description":"Naturehike Opalus 3 tr\u012bsviet\u012bga telts ar lielu priek\u0161telpu no 20D poliestera. Neticami viegls svars un milz\u012bga plat\u012bba iek\u0161pus\u0113 - lieliska izv\u0113le p\u0101rg\u0101jieniem un atp\u016btai br\u012bv\u0101 dab\u0101.","og_url":"https:\/\/gohike.lv\/ru\/produkts\/naturehike-opalus-20d-3p\/","og_site_name":"GoHike","article_publisher":"https:\/\/www.facebook.com\/gohike.shop\/","article_modified_time":"2025-12-30T14:24:53+00:00","og_image":[{"width":800,"height":800,"url":"https:\/\/gohike.lv\/wp-content\/uploads\/2024\/03\/Opalus3person_20D_.jpg","type":"image\/jpeg"}],"twitter_card":"summary_large_image","twitter_title":"Naturehike - Kempinga telts","twitter_misc":{"\u041f\u0440\u0438\u043c\u0435\u0440\u043d\u043e\u0435 \u0432\u0440\u0435\u043c\u044f \u0434\u043b\u044f \u0447\u0442\u0435\u043d\u0438\u044f":"2 \u043c\u0438\u043d\u0443\u0442\u0430"},"schema":{"@context":"https:\/\/schema.org","@graph":[{"@type":["WebPage","ItemPage"],"@id":"https:\/\/gohike.lv\/ru\/produkts\/naturehike-opalus-20d-3p\/","url":"https:\/\/gohike.lv\/ru\/produkts\/naturehike-opalus-20d-3p\/","name":"Naturehike - Opalus III telts 20D - 3p","isPartOf":{"@id":"https:\/\/gohike.lv\/ru\/#website"},"primaryImageOfPage":{"@id":"https:\/\/gohike.lv\/ru\/produkts\/naturehike-opalus-20d-3p\/#primaryimage"},"image":{"@id":"https:\/\/gohike.lv\/ru\/produkts\/naturehike-opalus-20d-3p\/#primaryimage"},"thumbnailUrl":"https:\/\/gohike.lv\/wp-content\/uploads\/2024\/03\/Opalus3person_20D_.jpg","datePublished":"2024-04-29T11:00:08+00:00","dateModified":"2025-12-30T14:24:53+00:00","description":"Naturehike Opalus 3 tr\u012bsviet\u012bga telts ar lielu priek\u0161telpu no 20D poliestera. Neticami viegls svars un milz\u012bga plat\u012bba iek\u0161pus\u0113 - lieliska izv\u0113le p\u0101rg\u0101jieniem un atp\u016btai br\u012bv\u0101 dab\u0101.","breadcrumb":{"@id":"https:\/\/gohike.lv\/ru\/produkts\/naturehike-opalus-20d-3p\/#breadcrumb"},"inLanguage":"ru-RU","potentialAction":[{"@type":"ReadAction","target":["https:\/\/gohike.lv\/ru\/produkts\/naturehike-opalus-20d-3p\/"]}]},{"@type":"ImageObject","inLanguage":"ru-RU","@id":"https:\/\/gohike.lv\/ru\/produkts\/naturehike-opalus-20d-3p\/#primaryimage","url":"https:\/\/gohike.lv\/wp-content\/uploads\/2024\/03\/Opalus3person_20D_.jpg","contentUrl":"https:\/\/gohike.lv\/wp-content\/uploads\/2024\/03\/Opalus3person_20D_.jpg","width":800,"height":800},{"@type":"BreadcrumbList","@id":"https:\/\/gohike.lv\/ru\/produkts\/naturehike-opalus-20d-3p\/#breadcrumb","itemListElement":[{"@type":"ListItem","position":1,"name":"\u0413\u043b\u0430\u0432\u043d\u0430\u044f","item":"https:\/\/gohike.lv\/ru\/"},{"@type":"ListItem","position":2,"name":"\u041a\u0430\u0442\u0435\u0433\u043e\u0440\u0438\u0438 \u0442\u043e\u0432\u0430\u0440\u043e\u0432","item":"https:\/\/gohike.lv\/%d0%ba%d0%b0%d1%82%d0%b5%d0%b3%d0%be%d1%80%d0%b8%d0%b8-%d1%82%d0%be%d0%b2%d0%b0%d1%80%d0%be%d0%b2\/"},{"@type":"ListItem","position":3,"name":"Naturehike &#8211; Opalus III telts 20D &#8211; 3p"}]},{"@type":"WebSite","@id":"https:\/\/gohike.lv\/ru\/#website","url":"https:\/\/gohike.lv\/ru\/","name":"GoHike","description":"","publisher":{"@id":"https:\/\/gohike.lv\/ru\/#organization"},"potentialAction":[{"@type":"SearchAction","target":{"@type":"EntryPoint","urlTemplate":"https:\/\/gohike.lv\/ru\/?s={search_term_string}"},"query-input":{"@type":"PropertyValueSpecification","valueRequired":true,"valueName":"search_term_string"}}],"inLanguage":"ru-RU"},{"@type":"Organization","@id":"https:\/\/gohike.lv\/ru\/#organization","name":"GoHike","url":"https:\/\/gohike.lv\/ru\/","logo":{"@type":"ImageObject","inLanguage":"ru-RU","@id":"https:\/\/gohike.lv\/ru\/#\/schema\/logo\/image\/","url":"https:\/\/gohike.lv\/wp-content\/uploads\/2023\/08\/Logo_GoHike.webp","contentUrl":"https:\/\/gohike.lv\/wp-content\/uploads\/2023\/08\/Logo_GoHike.webp","width":512,"height":512,"caption":"GoHike"},"image":{"@id":"https:\/\/gohike.lv\/ru\/#\/schema\/logo\/image\/"},"sameAs":["https:\/\/www.facebook.com\/gohike.shop\/","https:\/\/www.instagram.com\/gohike.shop\/"]}]}},"jetpack_sharing_enabled":true,"_links":{"self":[{"href":"https:\/\/gohike.lv\/ru\/wp-json\/wp\/v2\/product\/45625","targetHints":{"allow":["GET"]}}],"collection":[{"href":"https:\/\/gohike.lv\/ru\/wp-json\/wp\/v2\/product"}],"about":[{"href":"https:\/\/gohike.lv\/ru\/wp-json\/wp\/v2\/types\/product"}],"version-history":[{"count":1,"href":"https:\/\/gohike.lv\/ru\/wp-json\/wp\/v2\/product\/45625\/revisions"}],"predecessor-version":[{"id":118749,"href":"https:\/\/gohike.lv\/ru\/wp-json\/wp\/v2\/product\/45625\/revisions\/118749"}],"wp:featuredmedia":[{"embeddable":true,"href":"https:\/\/gohike.lv\/ru\/wp-json\/wp\/v2\/media\/23525"}],"wp:attachment":[{"href":"https:\/\/gohike.lv\/ru\/wp-json\/wp\/v2\/media?parent=45625"}],"wp:term":[{"taxonomy":"product_brand","embeddable":true,"href":"https:\/\/gohike.lv\/ru\/wp-json\/wp\/v2\/product_brand?post=45625"},{"taxonomy":"product_cat","embeddable":true,"href":"https:\/\/gohike.lv\/ru\/wp-json\/wp\/v2\/product_cat?post=45625"},{"taxonomy":"product_tag","embeddable":true,"href":"https:\/\/gohike.lv\/ru\/wp-json\/wp\/v2\/product_tag?post=45625"}],"curies":[{"name":"wp","href":"https:\/\/api.w.org\/{rel}","templated":true}]}}