{"id":45621,"date":"2024-04-29T14:00:08","date_gmt":"2024-04-29T11:00:08","guid":{"rendered":"https:\/\/gohike.lv\/produkts\/naturehike-butterfly-2-personu-kempinga-telts\/"},"modified":"2025-12-30T17:24:53","modified_gmt":"2025-12-30T14:24:53","slug":"naturehike-butterfly-2-personu-kempinga-telts","status":"publish","type":"product","link":"https:\/\/gohike.lv\/ru\/produkts\/naturehike-butterfly-2-personu-kempinga-telts\/","title":{"rendered":"Naturehike &#8212; Butterfly 2-Hall telts &#8212; 2p"},"content":{"rendered":"<p>T\u0101 ir univers\u0101la, piem\u0113rota visiem gadalaikiem, t\u0101s iztilp\u012bba ir l\u012bdz diviem cilv\u0113kiem.<br \/>\nTelts ir efekt\u012bvi aizsarg\u0101ta no lietus, v\u0113ja un saules gaismas.<br \/>\nIr dubult\u0101s durvis un laba ventil\u0101cija.<br \/>\nUzglab\u0101\u0161anas un transport\u0113\u0161anas \u0113rt\u012bbai komplekt\u0101 ietilpst p\u0101rn\u0113s\u0101\u0161anas soma.<\/p>\n","protected":false},"excerpt":{"rendered":"<p>Telts Naturehike Butterfly ir paredz\u0113ta kempingam un da\u017e\u0101da veida aktivit\u0101t\u0113m dab\u0101.<\/p>\n","protected":false},"featured_media":23497,"template":"","meta":[],"product_brand":[167],"product_cat":[1817],"product_tag":[],"class_list":{"0":"post-45621","1":"product","2":"type-product","3":"status-publish","4":"has-post-thumbnail","6":"product_brand-naturehike-lv","7":"product_cat-teltis-un-tenti","8":"pa_izmeriscm-10047","9":"pa_kapacitate-2-cilveki","10":"pa_produkta-tips-kempinga-teltis","11":"pa_spalva-bruns","12":"pa_stabi-7001-aluminijs","13":"pa_telts-materials-210t-poliestera-rutains-audums","14":"pa_telts-materials-pu3000mm","16":"first","17":"instock","18":"taxable","19":"shipping-taxable","20":"purchasable","21":"product-type-simple"},"raw_content":{"name":"Naturehike - Butterfly 2-Hall telts - 2p","description":"T\u0101 ir univers\u0101la, piem\u0113rota visiem gadalaikiem, t\u0101s iztilp\u012bba ir l\u012bdz diviem cilv\u0113kiem.\nTelts ir efekt\u012bvi aizsarg\u0101ta no lietus, v\u0113ja un saules gaismas.\nIr dubult\u0101s durvis un laba ventil\u0101cija.\nUzglab\u0101\u0161anas un transport\u0113\u0161anas \u0113rt\u012bbai komplekt\u0101 ietilpst p\u0101rn\u0113s\u0101\u0161anas soma.","short_description":"Telts Naturehike Butterfly ir paredz\u0113ta kempingam un da\u017e\u0101da veida aktivit\u0101t\u0113m dab\u0101.","status":"publish","sku":"6927595782910","original":45621},"wpml":{"translation_type":1,"has_translations":true,"original":45621,"duplicates":[],"translations":{"lv":45621,"en":67999,"ru":null}},"supplier_id":null,"supplier_sku":"","barcode":null,"atum_controlled":true,"out_stock_date":null,"out_stock_threshold":null,"inheritable":false,"inbound_stock":0,"stock_on_hold":0,"sold_today":0,"sales_last_days":0,"reserved_stock":0,"customer_returns":0,"warehouse_damage":0,"lost_in_post":0,"other_logs":0,"out_stock_days":0,"lost_sales":0,"has_location":false,"update_date":"2025-12-30T14:30:42","atum_locations":[],"atum_stock_status":"instock","restock_status":false,"low_stock_amount":"","sales_update_date":"2025-11-13T13:36:28","calc_backorders":null,"yoast_head":"<!-- This site is optimized with the Yoast SEO plugin v27.3 - https:\/\/yoast.com\/product\/yoast-seo-wordpress\/ -->\n<title>Naturehike - Butterfly 2-Hall telts - 2p<\/title>\n<meta name=\"description\" content=\"Telts Naturehike Butterfly ir paredz\u0113ta kempingam un da\u017e\u0101da veida aktivit\u0101t\u0113m dab\u0101. Telts ir efekt\u012bvi aizsarg\u0101ta no lietus, v\u0113ja un saules gaismas.\" \/>\n<meta name=\"robots\" content=\"index, follow, max-snippet:-1, max-image-preview:large, max-video-preview:-1\" \/>\n<link rel=\"canonical\" href=\"https:\/\/gohike.lv\/ru\/produkts\/naturehike-butterfly-2-personu-kempinga-telts\/\" \/>\n<meta property=\"og:locale\" content=\"ru_RU\" \/>\n<meta property=\"og:type\" content=\"article\" \/>\n<meta property=\"og:title\" content=\"Naturehike - Kempinga telts\" \/>\n<meta property=\"og:description\" content=\"Telts Naturehike Butterfly ir paredz\u0113ta kempingam un da\u017e\u0101da veida aktivit\u0101t\u0113m dab\u0101. Telts ir efekt\u012bvi aizsarg\u0101ta no lietus, v\u0113ja un saules gaismas.\" \/>\n<meta property=\"og:url\" content=\"https:\/\/gohike.lv\/ru\/produkts\/naturehike-butterfly-2-personu-kempinga-telts\/\" \/>\n<meta property=\"og:site_name\" content=\"GoHike\" \/>\n<meta property=\"article:publisher\" content=\"https:\/\/www.facebook.com\/gohike.shop\/\" \/>\n<meta property=\"article:modified_time\" content=\"2025-12-30T14:24:53+00:00\" \/>\n<meta property=\"og:image\" content=\"https:\/\/gohike.lv\/wp-content\/uploads\/2024\/03\/Butterfly_2tent_.jpg\" \/>\n\t<meta property=\"og:image:width\" content=\"560\" \/>\n\t<meta property=\"og:image:height\" content=\"504\" \/>\n\t<meta property=\"og:image:type\" content=\"image\/jpeg\" \/>\n<meta name=\"twitter:card\" content=\"summary_large_image\" \/>\n<meta name=\"twitter:title\" content=\"Naturehike - Kempinga telts\" \/>\n<meta name=\"twitter:label1\" content=\"\u041f\u0440\u0438\u043c\u0435\u0440\u043d\u043e\u0435 \u0432\u0440\u0435\u043c\u044f \u0434\u043b\u044f \u0447\u0442\u0435\u043d\u0438\u044f\" \/>\n\t<meta name=\"twitter:data1\" content=\"1 \u043c\u0438\u043d\u0443\u0442\u0430\" \/>\n<script type=\"application\/ld+json\" class=\"yoast-schema-graph\">{\"@context\":\"https:\\\/\\\/schema.org\",\"@graph\":[{\"@type\":[\"WebPage\",\"ItemPage\"],\"@id\":\"https:\\\/\\\/gohike.lv\\\/ru\\\/produkts\\\/naturehike-butterfly-2-personu-kempinga-telts\\\/\",\"url\":\"https:\\\/\\\/gohike.lv\\\/ru\\\/produkts\\\/naturehike-butterfly-2-personu-kempinga-telts\\\/\",\"name\":\"Naturehike - Butterfly 2-Hall telts - 2p\",\"isPartOf\":{\"@id\":\"https:\\\/\\\/gohike.lv\\\/ru\\\/#website\"},\"primaryImageOfPage\":{\"@id\":\"https:\\\/\\\/gohike.lv\\\/ru\\\/produkts\\\/naturehike-butterfly-2-personu-kempinga-telts\\\/#primaryimage\"},\"image\":{\"@id\":\"https:\\\/\\\/gohike.lv\\\/ru\\\/produkts\\\/naturehike-butterfly-2-personu-kempinga-telts\\\/#primaryimage\"},\"thumbnailUrl\":\"https:\\\/\\\/gohike.lv\\\/wp-content\\\/uploads\\\/2024\\\/03\\\/Butterfly_2tent_.jpg\",\"datePublished\":\"2024-04-29T11:00:08+00:00\",\"dateModified\":\"2025-12-30T14:24:53+00:00\",\"description\":\"Telts Naturehike Butterfly ir paredz\u0113ta kempingam un da\u017e\u0101da veida aktivit\u0101t\u0113m dab\u0101. Telts ir efekt\u012bvi aizsarg\u0101ta no lietus, v\u0113ja un saules gaismas.\",\"breadcrumb\":{\"@id\":\"https:\\\/\\\/gohike.lv\\\/ru\\\/produkts\\\/naturehike-butterfly-2-personu-kempinga-telts\\\/#breadcrumb\"},\"inLanguage\":\"ru-RU\",\"potentialAction\":[{\"@type\":\"ReadAction\",\"target\":[\"https:\\\/\\\/gohike.lv\\\/ru\\\/produkts\\\/naturehike-butterfly-2-personu-kempinga-telts\\\/\"]}]},{\"@type\":\"ImageObject\",\"inLanguage\":\"ru-RU\",\"@id\":\"https:\\\/\\\/gohike.lv\\\/ru\\\/produkts\\\/naturehike-butterfly-2-personu-kempinga-telts\\\/#primaryimage\",\"url\":\"https:\\\/\\\/gohike.lv\\\/wp-content\\\/uploads\\\/2024\\\/03\\\/Butterfly_2tent_.jpg\",\"contentUrl\":\"https:\\\/\\\/gohike.lv\\\/wp-content\\\/uploads\\\/2024\\\/03\\\/Butterfly_2tent_.jpg\",\"width\":560,\"height\":504},{\"@type\":\"BreadcrumbList\",\"@id\":\"https:\\\/\\\/gohike.lv\\\/ru\\\/produkts\\\/naturehike-butterfly-2-personu-kempinga-telts\\\/#breadcrumb\",\"itemListElement\":[{\"@type\":\"ListItem\",\"position\":1,\"name\":\"\u0413\u043b\u0430\u0432\u043d\u0430\u044f\",\"item\":\"https:\\\/\\\/gohike.lv\\\/ru\\\/\"},{\"@type\":\"ListItem\",\"position\":2,\"name\":\"\u041a\u0430\u0442\u0435\u0433\u043e\u0440\u0438\u0438 \u0442\u043e\u0432\u0430\u0440\u043e\u0432\",\"item\":\"https:\\\/\\\/gohike.lv\\\/%d0%ba%d0%b0%d1%82%d0%b5%d0%b3%d0%be%d1%80%d0%b8%d0%b8-%d1%82%d0%be%d0%b2%d0%b0%d1%80%d0%be%d0%b2\\\/\"},{\"@type\":\"ListItem\",\"position\":3,\"name\":\"Naturehike &#8211; Butterfly 2-Hall telts &#8211; 2p\"}]},{\"@type\":\"WebSite\",\"@id\":\"https:\\\/\\\/gohike.lv\\\/ru\\\/#website\",\"url\":\"https:\\\/\\\/gohike.lv\\\/ru\\\/\",\"name\":\"GoHike\",\"description\":\"\",\"publisher\":{\"@id\":\"https:\\\/\\\/gohike.lv\\\/ru\\\/#organization\"},\"potentialAction\":[{\"@type\":\"SearchAction\",\"target\":{\"@type\":\"EntryPoint\",\"urlTemplate\":\"https:\\\/\\\/gohike.lv\\\/ru\\\/?s={search_term_string}\"},\"query-input\":{\"@type\":\"PropertyValueSpecification\",\"valueRequired\":true,\"valueName\":\"search_term_string\"}}],\"inLanguage\":\"ru-RU\"},{\"@type\":\"Organization\",\"@id\":\"https:\\\/\\\/gohike.lv\\\/ru\\\/#organization\",\"name\":\"GoHike\",\"url\":\"https:\\\/\\\/gohike.lv\\\/ru\\\/\",\"logo\":{\"@type\":\"ImageObject\",\"inLanguage\":\"ru-RU\",\"@id\":\"https:\\\/\\\/gohike.lv\\\/ru\\\/#\\\/schema\\\/logo\\\/image\\\/\",\"url\":\"https:\\\/\\\/gohike.lv\\\/wp-content\\\/uploads\\\/2023\\\/08\\\/Logo_GoHike.webp\",\"contentUrl\":\"https:\\\/\\\/gohike.lv\\\/wp-content\\\/uploads\\\/2023\\\/08\\\/Logo_GoHike.webp\",\"width\":512,\"height\":512,\"caption\":\"GoHike\"},\"image\":{\"@id\":\"https:\\\/\\\/gohike.lv\\\/ru\\\/#\\\/schema\\\/logo\\\/image\\\/\"},\"sameAs\":[\"https:\\\/\\\/www.facebook.com\\\/gohike.shop\\\/\",\"https:\\\/\\\/www.instagram.com\\\/gohike.shop\\\/\"]}]}<\/script>\n<!-- \/ Yoast SEO plugin. -->","yoast_head_json":{"title":"Naturehike - Butterfly 2-Hall telts - 2p","description":"Telts Naturehike Butterfly ir paredz\u0113ta kempingam un da\u017e\u0101da veida aktivit\u0101t\u0113m dab\u0101. Telts ir efekt\u012bvi aizsarg\u0101ta no lietus, v\u0113ja un saules gaismas.","robots":{"index":"index","follow":"follow","max-snippet":"max-snippet:-1","max-image-preview":"max-image-preview:large","max-video-preview":"max-video-preview:-1"},"canonical":"https:\/\/gohike.lv\/ru\/produkts\/naturehike-butterfly-2-personu-kempinga-telts\/","og_locale":"ru_RU","og_type":"article","og_title":"Naturehike - Kempinga telts","og_description":"Telts Naturehike Butterfly ir paredz\u0113ta kempingam un da\u017e\u0101da veida aktivit\u0101t\u0113m dab\u0101. Telts ir efekt\u012bvi aizsarg\u0101ta no lietus, v\u0113ja un saules gaismas.","og_url":"https:\/\/gohike.lv\/ru\/produkts\/naturehike-butterfly-2-personu-kempinga-telts\/","og_site_name":"GoHike","article_publisher":"https:\/\/www.facebook.com\/gohike.shop\/","article_modified_time":"2025-12-30T14:24:53+00:00","og_image":[{"width":560,"height":504,"url":"https:\/\/gohike.lv\/wp-content\/uploads\/2024\/03\/Butterfly_2tent_.jpg","type":"image\/jpeg"}],"twitter_card":"summary_large_image","twitter_title":"Naturehike - Kempinga telts","twitter_misc":{"\u041f\u0440\u0438\u043c\u0435\u0440\u043d\u043e\u0435 \u0432\u0440\u0435\u043c\u044f \u0434\u043b\u044f \u0447\u0442\u0435\u043d\u0438\u044f":"1 \u043c\u0438\u043d\u0443\u0442\u0430"},"schema":{"@context":"https:\/\/schema.org","@graph":[{"@type":["WebPage","ItemPage"],"@id":"https:\/\/gohike.lv\/ru\/produkts\/naturehike-butterfly-2-personu-kempinga-telts\/","url":"https:\/\/gohike.lv\/ru\/produkts\/naturehike-butterfly-2-personu-kempinga-telts\/","name":"Naturehike - Butterfly 2-Hall telts - 2p","isPartOf":{"@id":"https:\/\/gohike.lv\/ru\/#website"},"primaryImageOfPage":{"@id":"https:\/\/gohike.lv\/ru\/produkts\/naturehike-butterfly-2-personu-kempinga-telts\/#primaryimage"},"image":{"@id":"https:\/\/gohike.lv\/ru\/produkts\/naturehike-butterfly-2-personu-kempinga-telts\/#primaryimage"},"thumbnailUrl":"https:\/\/gohike.lv\/wp-content\/uploads\/2024\/03\/Butterfly_2tent_.jpg","datePublished":"2024-04-29T11:00:08+00:00","dateModified":"2025-12-30T14:24:53+00:00","description":"Telts Naturehike Butterfly ir paredz\u0113ta kempingam un da\u017e\u0101da veida aktivit\u0101t\u0113m dab\u0101. Telts ir efekt\u012bvi aizsarg\u0101ta no lietus, v\u0113ja un saules gaismas.","breadcrumb":{"@id":"https:\/\/gohike.lv\/ru\/produkts\/naturehike-butterfly-2-personu-kempinga-telts\/#breadcrumb"},"inLanguage":"ru-RU","potentialAction":[{"@type":"ReadAction","target":["https:\/\/gohike.lv\/ru\/produkts\/naturehike-butterfly-2-personu-kempinga-telts\/"]}]},{"@type":"ImageObject","inLanguage":"ru-RU","@id":"https:\/\/gohike.lv\/ru\/produkts\/naturehike-butterfly-2-personu-kempinga-telts\/#primaryimage","url":"https:\/\/gohike.lv\/wp-content\/uploads\/2024\/03\/Butterfly_2tent_.jpg","contentUrl":"https:\/\/gohike.lv\/wp-content\/uploads\/2024\/03\/Butterfly_2tent_.jpg","width":560,"height":504},{"@type":"BreadcrumbList","@id":"https:\/\/gohike.lv\/ru\/produkts\/naturehike-butterfly-2-personu-kempinga-telts\/#breadcrumb","itemListElement":[{"@type":"ListItem","position":1,"name":"\u0413\u043b\u0430\u0432\u043d\u0430\u044f","item":"https:\/\/gohike.lv\/ru\/"},{"@type":"ListItem","position":2,"name":"\u041a\u0430\u0442\u0435\u0433\u043e\u0440\u0438\u0438 \u0442\u043e\u0432\u0430\u0440\u043e\u0432","item":"https:\/\/gohike.lv\/%d0%ba%d0%b0%d1%82%d0%b5%d0%b3%d0%be%d1%80%d0%b8%d0%b8-%d1%82%d0%be%d0%b2%d0%b0%d1%80%d0%be%d0%b2\/"},{"@type":"ListItem","position":3,"name":"Naturehike &#8211; Butterfly 2-Hall telts &#8211; 2p"}]},{"@type":"WebSite","@id":"https:\/\/gohike.lv\/ru\/#website","url":"https:\/\/gohike.lv\/ru\/","name":"GoHike","description":"","publisher":{"@id":"https:\/\/gohike.lv\/ru\/#organization"},"potentialAction":[{"@type":"SearchAction","target":{"@type":"EntryPoint","urlTemplate":"https:\/\/gohike.lv\/ru\/?s={search_term_string}"},"query-input":{"@type":"PropertyValueSpecification","valueRequired":true,"valueName":"search_term_string"}}],"inLanguage":"ru-RU"},{"@type":"Organization","@id":"https:\/\/gohike.lv\/ru\/#organization","name":"GoHike","url":"https:\/\/gohike.lv\/ru\/","logo":{"@type":"ImageObject","inLanguage":"ru-RU","@id":"https:\/\/gohike.lv\/ru\/#\/schema\/logo\/image\/","url":"https:\/\/gohike.lv\/wp-content\/uploads\/2023\/08\/Logo_GoHike.webp","contentUrl":"https:\/\/gohike.lv\/wp-content\/uploads\/2023\/08\/Logo_GoHike.webp","width":512,"height":512,"caption":"GoHike"},"image":{"@id":"https:\/\/gohike.lv\/ru\/#\/schema\/logo\/image\/"},"sameAs":["https:\/\/www.facebook.com\/gohike.shop\/","https:\/\/www.instagram.com\/gohike.shop\/"]}]}},"jetpack_sharing_enabled":true,"_links":{"self":[{"href":"https:\/\/gohike.lv\/ru\/wp-json\/wp\/v2\/product\/45621","targetHints":{"allow":["GET"]}}],"collection":[{"href":"https:\/\/gohike.lv\/ru\/wp-json\/wp\/v2\/product"}],"about":[{"href":"https:\/\/gohike.lv\/ru\/wp-json\/wp\/v2\/types\/product"}],"version-history":[{"count":1,"href":"https:\/\/gohike.lv\/ru\/wp-json\/wp\/v2\/product\/45621\/revisions"}],"predecessor-version":[{"id":118781,"href":"https:\/\/gohike.lv\/ru\/wp-json\/wp\/v2\/product\/45621\/revisions\/118781"}],"wp:featuredmedia":[{"embeddable":true,"href":"https:\/\/gohike.lv\/ru\/wp-json\/wp\/v2\/media\/23497"}],"wp:attachment":[{"href":"https:\/\/gohike.lv\/ru\/wp-json\/wp\/v2\/media?parent=45621"}],"wp:term":[{"taxonomy":"product_brand","embeddable":true,"href":"https:\/\/gohike.lv\/ru\/wp-json\/wp\/v2\/product_brand?post=45621"},{"taxonomy":"product_cat","embeddable":true,"href":"https:\/\/gohike.lv\/ru\/wp-json\/wp\/v2\/product_cat?post=45621"},{"taxonomy":"product_tag","embeddable":true,"href":"https:\/\/gohike.lv\/ru\/wp-json\/wp\/v2\/product_tag?post=45621"}],"curies":[{"name":"wp","href":"https:\/\/api.w.org\/{rel}","templated":true}]}}